{"id":10820,"date":"2018-08-30T20:45:52","date_gmt":"2018-08-30T18:45:52","guid":{"rendered":"http:\/\/www.banneux-nd.be\/uns-hilfen\/"},"modified":"2021-03-09T10:38:49","modified_gmt":"2021-03-09T09:38:49","slug":"uns-hilfen","status":"publish","type":"page","link":"https:\/\/banneux-nd.be\/de\/uns-hilfen\/","title":{"rendered":"Uns helfen"},"content":{"rendered":"<p><strong>Heiligtum<\/strong><\/p>\n<p style=\"text-align: justify;\">Das Heiligtum von Banneux lebt ausschlie\u00dflich von Spenden. Personalkosten, Unterhalt, Logistik und Heizungskosten sind hoch. Helfen Sie uns, damit das Heiligtum weiterhin ein lebendiger, einladender Ort bleibt, indem Sie uns Ihre Spende -mit dem genauen Vermerk des Verwendungszweckes-\u00a0 zukommen lassen auf das Konto der ASBL &#8220;La Vierge des Pauvres&#8221; (GoE Die Jungfrau der Armen). F\u00fcr diese Spenden gibt es keine Steuererm\u00e4\u00dfigung.<\/p>\n<p>&#8220;Asbl Banneux la Vierge des Pauvres&#8221;:\u00a0IBAN: BE15 0000 0462 0230 &#8211;\u00a0BIC: BPOTBEB1<\/p>\n<p>Wenn Sie uns helfen m\u00f6chten:<\/p>\n<ul>\n<li><strong>aus Belgien<\/strong>:\u00a0KBC: BE36 7326 5320 1081\u00a0(BIC: CREGBEBB) oder\u00a0ING: BE 29 3480 6305 0064\u00a0(BIC: BBRUBEBB)<\/li>\n<\/ul>\n<p>Jeweils: Asbl Banneux, la Vierge des Pauvres<\/p>\n<ul>\n<li><strong>aus Deutschland:\u00a0<\/strong>IBAN: DE56 370 601 931 008385021 (BIC: GENODED1 PAX)<\/li>\n<\/ul>\n<p>Jeweils: Banneux, Jungfrau der Armen<\/p>\n<p style=\"text-align: justify;\">Sie k\u00f6nnen dem Heiligtum von Banneux auch helfen durch\u00a0einen Dauerauftrag oder\u00a0eine testamentarische Schenkung.\u00a0F\u00fcr alle weiteren Informationen wenden Sie sich bitte an Ihren Notar oder an das Heiligtum.<\/p>\n<hr \/>\n<p><strong>Das Krankenhospiz<\/strong><\/p>\n<p style=\"text-align: justify;\">Das Krankenhospiz von Banneux Notre-Dame empf\u00e4ngt jedes Jahr eine gro\u00dfe Anzahl von Personen, die das Leben hart gepr\u00fcft hat, sei es durch Krankheit, psychische Probleme oder ihre famili\u00e4re oder soziale Lage. Die Tage, die sie in Banneux verbringen, erm\u00f6glichen es ihnen &#8211; durch die F\u00fcrsprache der Jungfrau der Armen und der tatkr\u00e4ftigen Hilfe der Mitarbeiter von Banneux-\u00a0 neuen Lebensmut zu fassen oder doch zumindest einige Augenblicke der Entspannung zu genie\u00dfen.<\/p>\n<p>Wir tragen alle gemeinsam die Verantwortung f\u00fcr das Weiterbestehen des Krankenhospizes, zu Gunsten der \u00c4rmsten der Armen.<\/p>\n<p>Krankenhospiz von Banneux N.D. &#8211;\u00a0BE-4141 Banneux &#8211;\u00a0IBAN: BE35 3480 6303 7637 (BIC: BBRUBEBB)<\/p>\n<p style=\"text-align: center;\"><strong>Spender aus Belgien k\u00f6nnen f\u00fcr jede Spende ab 40\u20ac in den Genuss einer Steuererm\u00e4\u00dfigung kommen.<\/strong><\/p>\n<p><a href=\"https:\/\/banneux-nd.be\/de\/online-spenden-und-opfergaben\/\" target=\"_blank\" rel=\"noopener noreferrer\"><img fetchpriority=\"high\" decoding=\"async\" class=\"aligncenter wp-image-13770 size-full\" src=\"https:\/\/banneux-nd.be\/wp-content\/uploads\/2021\/03\/Je-paie-en-ligne-De.gif\" alt=\"\" width=\"454\" height=\"170\" \/><\/a><\/p>\n","protected":false},"excerpt":{"rendered":"<p>Heiligtum Das Heiligtum von Banneux lebt ausschlie\u00dflich von Spenden. Personalkosten, Unterhalt, Logistik und Heizungskosten sind hoch. Helfen Sie uns, damit das Heiligtum weiterhin ein lebendiger, einladender Ort bleibt, indem Sie uns Ihre Spende -mit dem genauen Vermerk des Verwendungszweckes-\u00a0 zukommen lassen auf das Konto der ASBL &#8220;La Vierge des Pauvres&#8221; (GoE Die Jungfrau der Armen). F\u00fcr diese Spenden gibt es keine Steuererm\u00e4\u00dfigung. &#8220;Asbl Banneux la Vierge des Pauvres&#8221;:\u00a0IBAN: BE15 0000 0462 0230 &#8211;\u00a0BIC: BPOTBEB1 Wenn Sie uns helfen m\u00f6chten: aus Belgien:\u00a0KBC: BE36 7326 5320 1081\u00a0(BIC: CREGBEBB) oder\u00a0ING: BE 29 3480 6305 0064\u00a0(BIC: BBRUBEBB) Jeweils: Asbl Banneux, la Vierge des Pauvres aus Deutschland:\u00a0IBAN: DE56 370 601 931 008385021 (BIC: GENODED1 PAX) Jeweils: Banneux, Jungfrau der Armen Sie k\u00f6nnen dem Heiligtum von [&hellip;]<\/p>\n","protected":false},"author":2,"featured_media":0,"parent":0,"menu_order":0,"comment_status":"closed","ping_status":"closed","template":"","meta":{"advgb_blocks_editor_width":"","advgb_blocks_columns_visual_guide":"","jetpack_post_was_ever_published":false,"footnotes":""},"class_list":["post-10820","page","type-page","status-publish","hentry"],"yoast_head":"<!-- This site is optimized with the Yoast SEO plugin v27.3 - https:\/\/yoast.com\/product\/yoast-seo-wordpress\/ -->\n<title>Uns helfen - Banneux Notre-Dame<\/title>\n<meta name=\"robots\" content=\"index, follow, max-snippet:-1, max-image-preview:large, max-video-preview:-1\" \/>\n<link rel=\"canonical\" href=\"https:\/\/banneux-nd.be\/de\/uns-hilfen\/\" \/>\n<meta property=\"og:locale\" content=\"de_DE\" \/>\n<meta property=\"og:type\" content=\"article\" \/>\n<meta property=\"og:title\" content=\"Uns helfen - Banneux Notre-Dame\" \/>\n<meta property=\"og:description\" content=\"Heiligtum Das Heiligtum von Banneux lebt ausschlie\u00dflich von Spenden. Personalkosten, Unterhalt, Logistik und Heizungskosten sind hoch. Helfen Sie uns, damit das Heiligtum weiterhin ein lebendiger, einladender Ort bleibt, indem Sie uns Ihre Spende -mit dem genauen Vermerk des Verwendungszweckes-\u00a0 zukommen lassen auf das Konto der ASBL &#8220;La Vierge des Pauvres&#8221; (GoE Die Jungfrau der Armen). F\u00fcr diese Spenden gibt es keine Steuererm\u00e4\u00dfigung. &#8220;Asbl Banneux la Vierge des Pauvres&#8221;:\u00a0IBAN: BE15 0000 0462 0230 &#8211;\u00a0BIC: BPOTBEB1 Wenn Sie uns helfen m\u00f6chten: aus Belgien:\u00a0KBC: BE36 7326 5320 1081\u00a0(BIC: CREGBEBB) oder\u00a0ING: BE 29 3480 6305 0064\u00a0(BIC: BBRUBEBB) Jeweils: Asbl Banneux, la Vierge des Pauvres aus Deutschland:\u00a0IBAN: DE56 370 601 931 008385021 (BIC: GENODED1 PAX) Jeweils: Banneux, Jungfrau der Armen Sie k\u00f6nnen dem Heiligtum von [&hellip;]\" \/>\n<meta property=\"og:url\" content=\"https:\/\/banneux-nd.be\/de\/uns-hilfen\/\" \/>\n<meta property=\"og:site_name\" content=\"Banneux Notre-Dame\" \/>\n<meta property=\"article:publisher\" content=\"https:\/\/www.facebook.com\/NDBanneux\/\" \/>\n<meta property=\"article:modified_time\" content=\"2021-03-09T09:38:49+00:00\" \/>\n<meta property=\"og:image\" content=\"https:\/\/banneux-nd.be\/wp-content\/uploads\/2021\/03\/Je-paie-en-ligne-De.gif\" \/>\n<meta name=\"twitter:card\" content=\"summary_large_image\" \/>\n<meta name=\"twitter:label1\" content=\"Gesch\u00e4tzte Lesezeit\" \/>\n\t<meta name=\"twitter:data1\" content=\"1\u00a0Minute\" \/>\n<script type=\"application\/ld+json\" class=\"yoast-schema-graph\">{\"@context\":\"https:\\\/\\\/schema.org\",\"@graph\":[{\"@type\":\"WebPage\",\"@id\":\"https:\\\/\\\/banneux-nd.be\\\/de\\\/uns-hilfen\\\/\",\"url\":\"https:\\\/\\\/banneux-nd.be\\\/de\\\/uns-hilfen\\\/\",\"name\":\"Uns helfen - Banneux Notre-Dame\",\"isPartOf\":{\"@id\":\"https:\\\/\\\/banneux-nd.be\\\/de\\\/#website\"},\"primaryImageOfPage\":{\"@id\":\"https:\\\/\\\/banneux-nd.be\\\/de\\\/uns-hilfen\\\/#primaryimage\"},\"image\":{\"@id\":\"https:\\\/\\\/banneux-nd.be\\\/de\\\/uns-hilfen\\\/#primaryimage\"},\"thumbnailUrl\":\"https:\\\/\\\/banneux-nd.be\\\/wp-content\\\/uploads\\\/2021\\\/03\\\/Je-paie-en-ligne-De.gif\",\"datePublished\":\"2018-08-30T18:45:52+00:00\",\"dateModified\":\"2021-03-09T09:38:49+00:00\",\"breadcrumb\":{\"@id\":\"https:\\\/\\\/banneux-nd.be\\\/de\\\/uns-hilfen\\\/#breadcrumb\"},\"inLanguage\":\"de\",\"potentialAction\":[{\"@type\":\"ReadAction\",\"target\":[\"https:\\\/\\\/banneux-nd.be\\\/de\\\/uns-hilfen\\\/\"]}]},{\"@type\":\"ImageObject\",\"inLanguage\":\"de\",\"@id\":\"https:\\\/\\\/banneux-nd.be\\\/de\\\/uns-hilfen\\\/#primaryimage\",\"url\":\"https:\\\/\\\/banneux-nd.be\\\/wp-content\\\/uploads\\\/2021\\\/03\\\/Je-paie-en-ligne-De.gif\",\"contentUrl\":\"https:\\\/\\\/banneux-nd.be\\\/wp-content\\\/uploads\\\/2021\\\/03\\\/Je-paie-en-ligne-De.gif\"},{\"@type\":\"BreadcrumbList\",\"@id\":\"https:\\\/\\\/banneux-nd.be\\\/de\\\/uns-hilfen\\\/#breadcrumb\",\"itemListElement\":[{\"@type\":\"ListItem\",\"position\":1,\"name\":\"Accueil\",\"item\":\"https:\\\/\\\/banneux-nd.be\\\/de\\\/\"},{\"@type\":\"ListItem\",\"position\":2,\"name\":\"Uns helfen\"}]},{\"@type\":\"WebSite\",\"@id\":\"https:\\\/\\\/banneux-nd.be\\\/de\\\/#website\",\"url\":\"https:\\\/\\\/banneux-nd.be\\\/de\\\/\",\"name\":\"Banneux Notre-Dame\",\"description\":\"Sanctuaire de la Vierge des Pauvres (Belgique)\",\"potentialAction\":[{\"@type\":\"SearchAction\",\"target\":{\"@type\":\"EntryPoint\",\"urlTemplate\":\"https:\\\/\\\/banneux-nd.be\\\/de\\\/?s={search_term_string}\"},\"query-input\":{\"@type\":\"PropertyValueSpecification\",\"valueRequired\":true,\"valueName\":\"search_term_string\"}}],\"inLanguage\":\"de\"}]}<\/script>\n<!-- \/ Yoast SEO plugin. -->","yoast_head_json":{"title":"Uns helfen - Banneux Notre-Dame","robots":{"index":"index","follow":"follow","max-snippet":"max-snippet:-1","max-image-preview":"max-image-preview:large","max-video-preview":"max-video-preview:-1"},"canonical":"https:\/\/banneux-nd.be\/de\/uns-hilfen\/","og_locale":"de_DE","og_type":"article","og_title":"Uns helfen - Banneux Notre-Dame","og_description":"Heiligtum Das Heiligtum von Banneux lebt ausschlie\u00dflich von Spenden. Personalkosten, Unterhalt, Logistik und Heizungskosten sind hoch. Helfen Sie uns, damit das Heiligtum weiterhin ein lebendiger, einladender Ort bleibt, indem Sie uns Ihre Spende -mit dem genauen Vermerk des Verwendungszweckes-\u00a0 zukommen lassen auf das Konto der ASBL &#8220;La Vierge des Pauvres&#8221; (GoE Die Jungfrau der Armen). F\u00fcr diese Spenden gibt es keine Steuererm\u00e4\u00dfigung. &#8220;Asbl Banneux la Vierge des Pauvres&#8221;:\u00a0IBAN: BE15 0000 0462 0230 &#8211;\u00a0BIC: BPOTBEB1 Wenn Sie uns helfen m\u00f6chten: aus Belgien:\u00a0KBC: BE36 7326 5320 1081\u00a0(BIC: CREGBEBB) oder\u00a0ING: BE 29 3480 6305 0064\u00a0(BIC: BBRUBEBB) Jeweils: Asbl Banneux, la Vierge des Pauvres aus Deutschland:\u00a0IBAN: DE56 370 601 931 008385021 (BIC: GENODED1 PAX) Jeweils: Banneux, Jungfrau der Armen Sie k\u00f6nnen dem Heiligtum von [&hellip;]","og_url":"https:\/\/banneux-nd.be\/de\/uns-hilfen\/","og_site_name":"Banneux Notre-Dame","article_publisher":"https:\/\/www.facebook.com\/NDBanneux\/","article_modified_time":"2021-03-09T09:38:49+00:00","og_image":[{"url":"https:\/\/banneux-nd.be\/wp-content\/uploads\/2021\/03\/Je-paie-en-ligne-De.gif","type":"","width":"","height":""}],"twitter_card":"summary_large_image","twitter_misc":{"Gesch\u00e4tzte Lesezeit":"1\u00a0Minute"},"schema":{"@context":"https:\/\/schema.org","@graph":[{"@type":"WebPage","@id":"https:\/\/banneux-nd.be\/de\/uns-hilfen\/","url":"https:\/\/banneux-nd.be\/de\/uns-hilfen\/","name":"Uns helfen - Banneux Notre-Dame","isPartOf":{"@id":"https:\/\/banneux-nd.be\/de\/#website"},"primaryImageOfPage":{"@id":"https:\/\/banneux-nd.be\/de\/uns-hilfen\/#primaryimage"},"image":{"@id":"https:\/\/banneux-nd.be\/de\/uns-hilfen\/#primaryimage"},"thumbnailUrl":"https:\/\/banneux-nd.be\/wp-content\/uploads\/2021\/03\/Je-paie-en-ligne-De.gif","datePublished":"2018-08-30T18:45:52+00:00","dateModified":"2021-03-09T09:38:49+00:00","breadcrumb":{"@id":"https:\/\/banneux-nd.be\/de\/uns-hilfen\/#breadcrumb"},"inLanguage":"de","potentialAction":[{"@type":"ReadAction","target":["https:\/\/banneux-nd.be\/de\/uns-hilfen\/"]}]},{"@type":"ImageObject","inLanguage":"de","@id":"https:\/\/banneux-nd.be\/de\/uns-hilfen\/#primaryimage","url":"https:\/\/banneux-nd.be\/wp-content\/uploads\/2021\/03\/Je-paie-en-ligne-De.gif","contentUrl":"https:\/\/banneux-nd.be\/wp-content\/uploads\/2021\/03\/Je-paie-en-ligne-De.gif"},{"@type":"BreadcrumbList","@id":"https:\/\/banneux-nd.be\/de\/uns-hilfen\/#breadcrumb","itemListElement":[{"@type":"ListItem","position":1,"name":"Accueil","item":"https:\/\/banneux-nd.be\/de\/"},{"@type":"ListItem","position":2,"name":"Uns helfen"}]},{"@type":"WebSite","@id":"https:\/\/banneux-nd.be\/de\/#website","url":"https:\/\/banneux-nd.be\/de\/","name":"Banneux Notre-Dame","description":"Sanctuaire de la Vierge des Pauvres (Belgique)","potentialAction":[{"@type":"SearchAction","target":{"@type":"EntryPoint","urlTemplate":"https:\/\/banneux-nd.be\/de\/?s={search_term_string}"},"query-input":{"@type":"PropertyValueSpecification","valueRequired":true,"valueName":"search_term_string"}}],"inLanguage":"de"}]}},"coauthors":[],"author_meta":{"author_link":"https:\/\/banneux-nd.be\/de\/author\/adminfr\/","display_name":"adminFR"},"relative_dates":{"created":"Posted 8\u00a0Jahren ago","modified":"Updated 5\u00a0Jahren ago"},"absolute_dates":{"created":"Posted on 30. August 2018","modified":"Updated on 9. M\u00e4rz 2021"},"absolute_dates_time":{"created":"Posted on 30. August 2018 20:45","modified":"Updated on 9. M\u00e4rz 2021 10:38"},"featured_img_caption":"","featured_img":false,"series_order":"","jetpack_sharing_enabled":true,"_links":{"self":[{"href":"https:\/\/banneux-nd.be\/de\/wp-json\/wp\/v2\/pages\/10820","targetHints":{"allow":["GET"]}}],"collection":[{"href":"https:\/\/banneux-nd.be\/de\/wp-json\/wp\/v2\/pages"}],"about":[{"href":"https:\/\/banneux-nd.be\/de\/wp-json\/wp\/v2\/types\/page"}],"author":[{"embeddable":true,"href":"https:\/\/banneux-nd.be\/de\/wp-json\/wp\/v2\/users\/2"}],"replies":[{"embeddable":true,"href":"https:\/\/banneux-nd.be\/de\/wp-json\/wp\/v2\/comments?post=10820"}],"version-history":[{"count":6,"href":"https:\/\/banneux-nd.be\/de\/wp-json\/wp\/v2\/pages\/10820\/revisions"}],"predecessor-version":[{"id":14630,"href":"https:\/\/banneux-nd.be\/de\/wp-json\/wp\/v2\/pages\/10820\/revisions\/14630"}],"wp:attachment":[{"href":"https:\/\/banneux-nd.be\/de\/wp-json\/wp\/v2\/media?parent=10820"}],"curies":[{"name":"wp","href":"https:\/\/api.w.org\/{rel}","templated":true}]}}