{"id":10876,"date":"2018-09-06T11:21:24","date_gmt":"2018-09-06T09:21:24","guid":{"rendered":"http:\/\/www.banneux-nd.be\/im-land-der-quellen\/"},"modified":"2026-03-30T19:01:04","modified_gmt":"2026-03-30T17:01:04","slug":"jahr-thema","status":"publish","type":"page","link":"https:\/\/banneux-nd.be\/de\/jahr-thema\/","title":{"rendered":"Jahrthema 2026"},"content":{"rendered":"<p><img fetchpriority=\"high\" decoding=\"async\" class=\"aligncenter wp-image-20443\" src=\"https:\/\/banneux-nd.be\/wp-content\/uploads\/2026\/01\/Logo-Theme-Annee-2026-1024x1024.png\" alt=\"\" width=\"435\" height=\"435\" srcset=\"https:\/\/banneux-nd.be\/wp-content\/uploads\/2026\/01\/Logo-Theme-Annee-2026-1024x1024.png 1024w, https:\/\/banneux-nd.be\/wp-content\/uploads\/2026\/01\/Logo-Theme-Annee-2026-300x300.png 300w, https:\/\/banneux-nd.be\/wp-content\/uploads\/2026\/01\/Logo-Theme-Annee-2026-150x150.png 150w, https:\/\/banneux-nd.be\/wp-content\/uploads\/2026\/01\/Logo-Theme-Annee-2026-768x768.png 768w, https:\/\/banneux-nd.be\/wp-content\/uploads\/2026\/01\/Logo-Theme-Annee-2026-1536x1536.png 1536w, https:\/\/banneux-nd.be\/wp-content\/uploads\/2026\/01\/Logo-Theme-Annee-2026.png 1600w\" sizes=\"(max-width: 435px) 100vw, 435px\" \/><\/p>\n<h3 style=\"text-align: center;\"><span style=\"font-size: 24pt; color: #0000ff;\"><b>F\u00fchre unsere Schritte\u00a0<\/b><b>auf den Weg\u00a0<\/b><b>des Friedens<\/b><\/span><\/h3>\n<p><b>Pilgern f\u00fcr den Frieden! <\/b><\/p>\n<p>&nbsp;<\/p>\n<p>Jedes Heilige Jahr spornt die Gl\u00e4ubigen zu Pilgerfahrten an. Auch letztes Jahr hat sich dies wieder einmal bewahrheitet. Rom wurde geradezu von Pilgern \u00fcberrannt, und vor den bekannten Basiliken bildeten sich lange Schlangen von Besuchern, die die Heiligen Pforten durchschreiten wollten. Pilgerfahrten sind im Aufwind!<\/p>\n<p>Auch wir im Wallfahrtsort Banneux blicken voller Dankbarkeit auf dieses heilige Jahr zur\u00fcck. Das Thema \u201eHoffnung\u201c, das uns der verstorbene Papst Franziskus mit auf den Weg gegeben hatte, hat die Wallfahrer bewegt. Wahrscheinlich, weil wir uns zurzeit mit der Zuversicht und mit dem Vertrauen in die Zukunft recht schwertun. Es ist insbesondere die Angst vor einem m\u00f6glichen Krieg, die viele Menschen zutiefst beunruhigt.<\/p>\n<p>Der neue Papst Leo XIV. hat noch am Abend seiner Wahl uns allen den Frieden zugesprochen. Seitdem wird er nicht m\u00fcde, dieses Anliegen immer wieder in den Mittelpunkt zu stellen. Er spornt alle Menschen guten Willens an, sich mit aller Kraft f\u00fcr den Frieden einzusetzen.<\/p>\n<p>F\u00fcr den Wallfahrtsort der Jungfrau der Armen ist der Friede seit jeher ein zentrales Anliegen. Von Anfang an, aber insbesonder seit dem Ende des zweiten Weltkriegs, ist Banneux ein Ort, wo unerm\u00fcdlich f\u00fcr Vers\u00f6hnung und friedliches Miteinander gebetet wird.<\/p>\n<p>Seit 1958 brennt die Friedenskerze Tag und Nacht. Seit September 1960 mahnt die Michaelskapelle zum Friedensgebet. Kreuze und Mahnmale erinnern an das schreckliche Leid, das Krieg oder B\u00fcrgerkrieg \u00fcber so viele V\u00f6lker gebracht haben. Hunderttausende leidgepr\u00fcfte Pilger haben bei der Muttergottes Zuflucht und Trost gefunden und sch\u00f6pfen an ihrer Quelle neuen Lebensmut.<\/p>\n<p>In diesem Pilgerjahr wenden wir uns deshalb inst\u00e4ndig an Maria und bitten: <b><i>\u201eLenke unsere Schritte auf den Weg des Friedens\u201c. <\/i><\/b><\/p>\n<p>&nbsp;<\/p>\n<p>Ihnen, liebe Organisatoren, gilt unsere Anerkennung und unser zutiefst empfundener Dank. Sie scheuen weder Einsatz noch M\u00fche, um Pilgerreisen auf die Beine zu stellen. Der Friede, f\u00fcr den wir ganz besonders gemeinsam beten wollen, sollte auch f\u00fcr alle Teilnehmer Motivation und Ansporn sein, sich auf den Weg nach Banneux zu machen.<\/p>\n<p>Herzlichen Dank! Auf gute Zusammenarbeit!<\/p>\n<p>&nbsp;<\/p>\n<p><b>\u00a0\u00a0\u00a0\u00a0\u00a0\u00a0\u00a0\u00a0\u00a0\u00a0\u00a0\u00a0\u00a0\u00a0\u00a0\u00a0\u00a0\u00a0\u00a0\u00a0\u00a0\u00a0\u00a0\u00a0\u00a0\u00a0\u00a0\u00a0\u00a0\u00a0\u00a0 Rektor Leo Palm<\/b><\/p>\n<p>&nbsp;<\/p>\n<p>&nbsp;<\/p>\n<p>&nbsp;<\/p>\n<hr \/>\n<p>&nbsp;<\/p>\n","protected":false},"excerpt":{"rendered":"<p>F\u00fchre unsere Schritte\u00a0auf den Weg\u00a0des Friedens Pilgern f\u00fcr den Frieden! &nbsp; Jedes Heilige Jahr spornt die Gl\u00e4ubigen zu Pilgerfahrten an. Auch letztes Jahr hat sich dies wieder einmal bewahrheitet. Rom wurde geradezu von Pilgern \u00fcberrannt, und vor den bekannten Basiliken bildeten sich lange Schlangen von Besuchern, die die Heiligen Pforten durchschreiten wollten. Pilgerfahrten sind im Aufwind! Auch wir im Wallfahrtsort Banneux blicken voller Dankbarkeit auf dieses heilige Jahr zur\u00fcck. Das Thema \u201eHoffnung\u201c, das uns der verstorbene Papst Franziskus mit auf den Weg gegeben hatte, hat die Wallfahrer bewegt. Wahrscheinlich, weil wir uns zurzeit mit der Zuversicht und mit dem Vertrauen in die Zukunft recht schwertun. Es ist insbesondere die Angst vor einem m\u00f6glichen Krieg, die viele Menschen zutiefst beunruhigt. Der [&hellip;]<\/p>\n","protected":false},"author":4,"featured_media":0,"parent":0,"menu_order":0,"comment_status":"closed","ping_status":"closed","template":"","meta":{"advgb_blocks_editor_width":"","advgb_blocks_columns_visual_guide":"","jetpack_post_was_ever_published":false,"footnotes":""},"class_list":["post-10876","page","type-page","status-publish","hentry"],"yoast_head":"<!-- This site is optimized with the Yoast SEO plugin v27.3 - https:\/\/yoast.com\/product\/yoast-seo-wordpress\/ -->\n<title>Jahrthema 2026 - Banneux Notre-Dame<\/title>\n<meta name=\"robots\" content=\"index, follow, max-snippet:-1, max-image-preview:large, max-video-preview:-1\" \/>\n<link rel=\"canonical\" href=\"https:\/\/banneux-nd.be\/de\/jahr-thema\/\" \/>\n<meta property=\"og:locale\" content=\"de_DE\" \/>\n<meta property=\"og:type\" content=\"article\" \/>\n<meta property=\"og:title\" content=\"Jahrthema 2026 - Banneux Notre-Dame\" \/>\n<meta property=\"og:description\" content=\"F\u00fchre unsere Schritte\u00a0auf den Weg\u00a0des Friedens Pilgern f\u00fcr den Frieden! &nbsp; Jedes Heilige Jahr spornt die Gl\u00e4ubigen zu Pilgerfahrten an. Auch letztes Jahr hat sich dies wieder einmal bewahrheitet. Rom wurde geradezu von Pilgern \u00fcberrannt, und vor den bekannten Basiliken bildeten sich lange Schlangen von Besuchern, die die Heiligen Pforten durchschreiten wollten. Pilgerfahrten sind im Aufwind! Auch wir im Wallfahrtsort Banneux blicken voller Dankbarkeit auf dieses heilige Jahr zur\u00fcck. Das Thema \u201eHoffnung\u201c, das uns der verstorbene Papst Franziskus mit auf den Weg gegeben hatte, hat die Wallfahrer bewegt. Wahrscheinlich, weil wir uns zurzeit mit der Zuversicht und mit dem Vertrauen in die Zukunft recht schwertun. Es ist insbesondere die Angst vor einem m\u00f6glichen Krieg, die viele Menschen zutiefst beunruhigt. Der [&hellip;]\" \/>\n<meta property=\"og:url\" content=\"https:\/\/banneux-nd.be\/de\/jahr-thema\/\" \/>\n<meta property=\"og:site_name\" content=\"Banneux Notre-Dame\" \/>\n<meta property=\"article:publisher\" content=\"https:\/\/www.facebook.com\/NDBanneux\/\" \/>\n<meta property=\"article:modified_time\" content=\"2026-03-30T17:01:04+00:00\" \/>\n<meta property=\"og:image\" content=\"https:\/\/banneux-nd.be\/wp-content\/uploads\/2026\/01\/Logo-Theme-Annee-2026.png\" \/>\n\t<meta property=\"og:image:width\" content=\"1600\" \/>\n\t<meta property=\"og:image:height\" content=\"1600\" \/>\n\t<meta property=\"og:image:type\" content=\"image\/png\" \/>\n<meta name=\"twitter:card\" content=\"summary_large_image\" \/>\n<meta name=\"twitter:label1\" content=\"Gesch\u00e4tzte Lesezeit\" \/>\n\t<meta name=\"twitter:data1\" content=\"2\u00a0Minuten\" \/>\n<script type=\"application\/ld+json\" class=\"yoast-schema-graph\">{\"@context\":\"https:\\\/\\\/schema.org\",\"@graph\":[{\"@type\":\"WebPage\",\"@id\":\"https:\\\/\\\/banneux-nd.be\\\/de\\\/jahr-thema\\\/\",\"url\":\"https:\\\/\\\/banneux-nd.be\\\/de\\\/jahr-thema\\\/\",\"name\":\"Jahrthema 2026 - Banneux Notre-Dame\",\"isPartOf\":{\"@id\":\"https:\\\/\\\/banneux-nd.be\\\/de\\\/#website\"},\"primaryImageOfPage\":{\"@id\":\"https:\\\/\\\/banneux-nd.be\\\/de\\\/jahr-thema\\\/#primaryimage\"},\"image\":{\"@id\":\"https:\\\/\\\/banneux-nd.be\\\/de\\\/jahr-thema\\\/#primaryimage\"},\"thumbnailUrl\":\"https:\\\/\\\/banneux-nd.be\\\/wp-content\\\/uploads\\\/2026\\\/01\\\/Logo-Theme-Annee-2026-1024x1024.png\",\"datePublished\":\"2018-09-06T09:21:24+00:00\",\"dateModified\":\"2026-03-30T17:01:04+00:00\",\"breadcrumb\":{\"@id\":\"https:\\\/\\\/banneux-nd.be\\\/de\\\/jahr-thema\\\/#breadcrumb\"},\"inLanguage\":\"de\",\"potentialAction\":[{\"@type\":\"ReadAction\",\"target\":[\"https:\\\/\\\/banneux-nd.be\\\/de\\\/jahr-thema\\\/\"]}]},{\"@type\":\"ImageObject\",\"inLanguage\":\"de\",\"@id\":\"https:\\\/\\\/banneux-nd.be\\\/de\\\/jahr-thema\\\/#primaryimage\",\"url\":\"https:\\\/\\\/banneux-nd.be\\\/wp-content\\\/uploads\\\/2026\\\/01\\\/Logo-Theme-Annee-2026-1024x1024.png\",\"contentUrl\":\"https:\\\/\\\/banneux-nd.be\\\/wp-content\\\/uploads\\\/2026\\\/01\\\/Logo-Theme-Annee-2026-1024x1024.png\"},{\"@type\":\"BreadcrumbList\",\"@id\":\"https:\\\/\\\/banneux-nd.be\\\/de\\\/jahr-thema\\\/#breadcrumb\",\"itemListElement\":[{\"@type\":\"ListItem\",\"position\":1,\"name\":\"Accueil\",\"item\":\"https:\\\/\\\/banneux-nd.be\\\/de\\\/\"},{\"@type\":\"ListItem\",\"position\":2,\"name\":\"Jahrthema 2026\"}]},{\"@type\":\"WebSite\",\"@id\":\"https:\\\/\\\/banneux-nd.be\\\/de\\\/#website\",\"url\":\"https:\\\/\\\/banneux-nd.be\\\/de\\\/\",\"name\":\"Banneux Notre-Dame\",\"description\":\"Sanctuaire de la Vierge des Pauvres (Belgique)\",\"potentialAction\":[{\"@type\":\"SearchAction\",\"target\":{\"@type\":\"EntryPoint\",\"urlTemplate\":\"https:\\\/\\\/banneux-nd.be\\\/de\\\/?s={search_term_string}\"},\"query-input\":{\"@type\":\"PropertyValueSpecification\",\"valueRequired\":true,\"valueName\":\"search_term_string\"}}],\"inLanguage\":\"de\"}]}<\/script>\n<!-- \/ Yoast SEO plugin. -->","yoast_head_json":{"title":"Jahrthema 2026 - Banneux Notre-Dame","robots":{"index":"index","follow":"follow","max-snippet":"max-snippet:-1","max-image-preview":"max-image-preview:large","max-video-preview":"max-video-preview:-1"},"canonical":"https:\/\/banneux-nd.be\/de\/jahr-thema\/","og_locale":"de_DE","og_type":"article","og_title":"Jahrthema 2026 - Banneux Notre-Dame","og_description":"F\u00fchre unsere Schritte\u00a0auf den Weg\u00a0des Friedens Pilgern f\u00fcr den Frieden! &nbsp; Jedes Heilige Jahr spornt die Gl\u00e4ubigen zu Pilgerfahrten an. Auch letztes Jahr hat sich dies wieder einmal bewahrheitet. Rom wurde geradezu von Pilgern \u00fcberrannt, und vor den bekannten Basiliken bildeten sich lange Schlangen von Besuchern, die die Heiligen Pforten durchschreiten wollten. Pilgerfahrten sind im Aufwind! Auch wir im Wallfahrtsort Banneux blicken voller Dankbarkeit auf dieses heilige Jahr zur\u00fcck. Das Thema \u201eHoffnung\u201c, das uns der verstorbene Papst Franziskus mit auf den Weg gegeben hatte, hat die Wallfahrer bewegt. Wahrscheinlich, weil wir uns zurzeit mit der Zuversicht und mit dem Vertrauen in die Zukunft recht schwertun. Es ist insbesondere die Angst vor einem m\u00f6glichen Krieg, die viele Menschen zutiefst beunruhigt. Der [&hellip;]","og_url":"https:\/\/banneux-nd.be\/de\/jahr-thema\/","og_site_name":"Banneux Notre-Dame","article_publisher":"https:\/\/www.facebook.com\/NDBanneux\/","article_modified_time":"2026-03-30T17:01:04+00:00","og_image":[{"width":1600,"height":1600,"url":"https:\/\/banneux-nd.be\/wp-content\/uploads\/2026\/01\/Logo-Theme-Annee-2026.png","type":"image\/png"}],"twitter_card":"summary_large_image","twitter_misc":{"Gesch\u00e4tzte Lesezeit":"2\u00a0Minuten"},"schema":{"@context":"https:\/\/schema.org","@graph":[{"@type":"WebPage","@id":"https:\/\/banneux-nd.be\/de\/jahr-thema\/","url":"https:\/\/banneux-nd.be\/de\/jahr-thema\/","name":"Jahrthema 2026 - Banneux Notre-Dame","isPartOf":{"@id":"https:\/\/banneux-nd.be\/de\/#website"},"primaryImageOfPage":{"@id":"https:\/\/banneux-nd.be\/de\/jahr-thema\/#primaryimage"},"image":{"@id":"https:\/\/banneux-nd.be\/de\/jahr-thema\/#primaryimage"},"thumbnailUrl":"https:\/\/banneux-nd.be\/wp-content\/uploads\/2026\/01\/Logo-Theme-Annee-2026-1024x1024.png","datePublished":"2018-09-06T09:21:24+00:00","dateModified":"2026-03-30T17:01:04+00:00","breadcrumb":{"@id":"https:\/\/banneux-nd.be\/de\/jahr-thema\/#breadcrumb"},"inLanguage":"de","potentialAction":[{"@type":"ReadAction","target":["https:\/\/banneux-nd.be\/de\/jahr-thema\/"]}]},{"@type":"ImageObject","inLanguage":"de","@id":"https:\/\/banneux-nd.be\/de\/jahr-thema\/#primaryimage","url":"https:\/\/banneux-nd.be\/wp-content\/uploads\/2026\/01\/Logo-Theme-Annee-2026-1024x1024.png","contentUrl":"https:\/\/banneux-nd.be\/wp-content\/uploads\/2026\/01\/Logo-Theme-Annee-2026-1024x1024.png"},{"@type":"BreadcrumbList","@id":"https:\/\/banneux-nd.be\/de\/jahr-thema\/#breadcrumb","itemListElement":[{"@type":"ListItem","position":1,"name":"Accueil","item":"https:\/\/banneux-nd.be\/de\/"},{"@type":"ListItem","position":2,"name":"Jahrthema 2026"}]},{"@type":"WebSite","@id":"https:\/\/banneux-nd.be\/de\/#website","url":"https:\/\/banneux-nd.be\/de\/","name":"Banneux Notre-Dame","description":"Sanctuaire de la Vierge des Pauvres (Belgique)","potentialAction":[{"@type":"SearchAction","target":{"@type":"EntryPoint","urlTemplate":"https:\/\/banneux-nd.be\/de\/?s={search_term_string}"},"query-input":{"@type":"PropertyValueSpecification","valueRequired":true,"valueName":"search_term_string"}}],"inLanguage":"de"}]}},"coauthors":[],"author_meta":{"author_link":"https:\/\/banneux-nd.be\/de\/author\/dreusdeille\/","display_name":"Anne-Elisabeth N\u00e8ve"},"relative_dates":{"created":"Ver\u00f6ffentlicht 8\u00a0Jahren vor","modified":"Aktualisiert 2\u00a0Wochen vor"},"absolute_dates":{"created":"Ver\u00f6ffentlicht am 6. September 2018","modified":"Aktualisiert am 30. M\u00e4rz 2026"},"absolute_dates_time":{"created":"Ver\u00f6ffentlicht am 6. September 2018 11:21","modified":"Aktualisiert am 30. M\u00e4rz 2026 19:01"},"featured_img_caption":"","featured_img":false,"series_order":"","jetpack_sharing_enabled":true,"_links":{"self":[{"href":"https:\/\/banneux-nd.be\/de\/wp-json\/wp\/v2\/pages\/10876","targetHints":{"allow":["GET"]}}],"collection":[{"href":"https:\/\/banneux-nd.be\/de\/wp-json\/wp\/v2\/pages"}],"about":[{"href":"https:\/\/banneux-nd.be\/de\/wp-json\/wp\/v2\/types\/page"}],"author":[{"embeddable":true,"href":"https:\/\/banneux-nd.be\/de\/wp-json\/wp\/v2\/users\/4"}],"replies":[{"embeddable":true,"href":"https:\/\/banneux-nd.be\/de\/wp-json\/wp\/v2\/comments?post=10876"}],"version-history":[{"count":20,"href":"https:\/\/banneux-nd.be\/de\/wp-json\/wp\/v2\/pages\/10876\/revisions"}],"predecessor-version":[{"id":20616,"href":"https:\/\/banneux-nd.be\/de\/wp-json\/wp\/v2\/pages\/10876\/revisions\/20616"}],"wp:attachment":[{"href":"https:\/\/banneux-nd.be\/de\/wp-json\/wp\/v2\/media?parent=10876"}],"curies":[{"name":"wp","href":"https:\/\/api.w.org\/{rel}","templated":true}]}}