{"id":1413,"date":"2015-07-20T08:58:06","date_gmt":"2015-07-20T06:58:06","guid":{"rendered":"http:\/\/wwwwp.banneux-nd.be\/anddp\/"},"modified":"2018-03-09T18:39:08","modified_gmt":"2018-03-09T17:39:08","slug":"anddp","status":"publish","type":"page","link":"https:\/\/banneux-nd.be\/de\/anddp\/","title":{"rendered":"ANDDP"},"content":{"rendered":"<p class=\"rtejustify\" style=\"text-align: justify;\"><img fetchpriority=\"high\" decoding=\"async\" style=\"padding: 5px; margin-right: 5px;\" src=\"https:\/\/banneux-nd.be\/wp-content\/uploads\/2017\/08\/Marche P\u00e8lerinage vers Banneux.jpg\" alt=\"\" width=\"276\" height=\"218\" align=\"left\" \/>Le Sanctuaire de Banneux fait partie de l&#8217;<strong><em>Association nationale des Directeurs dioc\u00e9sains de P\u00e8lerinage<\/em><\/strong> (ANDDP), en tant que membre ext\u00e9rieur. En 2008, le congr\u00e8s de l\u2019association a eu lieu \u00e0 Banneux, \u00e0 l\u2019occasion du Jubil\u00e9 (75<sup>\u00e8me<\/sup> anniversaire des Apparitions).<\/p>\n<p class=\"rtejustify\" style=\"text-align: justify;\">Les liens avec cette association permettent des contacts personnels et favorisent la connaissance du sanctuaire de la Vierge des Pauvres dans toute la France. De nombreux groupes dioc\u00e9sains fran\u00e7ais ont ainsi d\u00e9j\u00e0 pu d\u00e9couvrir le message de la Vierge des Pauvres.<\/p>\n<p class=\"rtejustify\" style=\"text-align: justify;\">L&#8217;ANDDP, fond\u00e9e en 1938 et approuv\u00e9e par la Conf\u00e9rence des \u00e9v\u00eaques de France, prend en compte le p\u00e8lerinage comme acte pastoral et culturel et veut r\u00e9pondre aux besoins de notre \u00e9poque dans la fid\u00e9lit\u00e9 aux orientations de l&#8217;\u00c9glise.<\/p>\n<p class=\"rtejustify\" style=\"text-align: justify;\">Le p\u00e8lerinage chr\u00e9tien symbolise la marche du peuple de Dieu sous la conduite de ses pasteurs l\u00e9gitimes \u00e0 la rencontre de Celui qui est, qui \u00e9tait et qui vient : des chr\u00e9tiens se rendent vers des lieux o\u00f9 Dieu a visit\u00e9 son peuple, dans une d\u00e9marche fraternelle de conversion et de pri\u00e8re, en communion avec leurs \u00e9v\u00eaques, et guid\u00e9s par les pr\u00eatres qui tiennent leur place aupr\u00e8s d&#8217;eux.<\/p>\n<p class=\"rtejustify\" style=\"text-align: justify;\">Dans la tradition chr\u00e9tienne, le p\u00e8lerinage a toujours eu le sens d&#8217;un ressourcement dans la foi et la conscience eccl\u00e9siale, d&#8217;une d\u00e9marche de conversion personnelle et collective, d&#8217;un temps de pri\u00e8re et de p\u00e9nitence, ainsi que l&#8217;expression d&#8217;une vie fraternelle. Tout p\u00e8lerinage met en \u0153uvre la m\u00e9moire de l&#8217;\u00c9glise, l&#8217;annonce du retour du Christ \u00e0 la rencontre de qui elle va, la communion entre les \u00c9glises et le t\u00e9moignage donn\u00e9 \u00e0 &#8220;ceux du dehors&#8221;.<\/p>\n","protected":false},"excerpt":{"rendered":"<p>Le Sanctuaire de Banneux fait partie de l&#8217;Association nationale des Directeurs dioc\u00e9sains de P\u00e8lerinage (ANDDP), en tant que membre ext\u00e9rieur. En 2008, le congr\u00e8s de l\u2019association a eu lieu \u00e0 Banneux, \u00e0 l\u2019occasion du Jubil\u00e9 (75\u00e8me anniversaire des Apparitions). Les liens avec cette association permettent des contacts personnels et favorisent la connaissance du sanctuaire de la Vierge des Pauvres dans toute la France. De nombreux groupes dioc\u00e9sains fran\u00e7ais ont ainsi d\u00e9j\u00e0 pu d\u00e9couvrir le message de la Vierge des Pauvres. L&#8217;ANDDP, fond\u00e9e en 1938 et approuv\u00e9e par la Conf\u00e9rence des \u00e9v\u00eaques de France, prend en compte le p\u00e8lerinage comme acte pastoral et culturel et veut r\u00e9pondre aux besoins de notre \u00e9poque dans la fid\u00e9lit\u00e9 aux orientations de l&#8217;\u00c9glise. Le p\u00e8lerinage [&hellip;]<\/p>\n","protected":false},"author":2,"featured_media":0,"parent":0,"menu_order":0,"comment_status":"closed","ping_status":"closed","template":"","meta":{"advgb_blocks_editor_width":"","advgb_blocks_columns_visual_guide":"","jetpack_post_was_ever_published":false,"footnotes":""},"class_list":["post-1413","page","type-page","status-publish","hentry"],"yoast_head":"<!-- This site is optimized with the Yoast SEO plugin v27.3 - https:\/\/yoast.com\/product\/yoast-seo-wordpress\/ -->\n<title>ANDDP - Banneux Notre-Dame<\/title>\n<meta name=\"robots\" content=\"index, follow, max-snippet:-1, max-image-preview:large, max-video-preview:-1\" \/>\n<link rel=\"canonical\" href=\"https:\/\/banneux-nd.be\/de\/anddp\/\" \/>\n<meta property=\"og:locale\" content=\"de_DE\" \/>\n<meta property=\"og:type\" content=\"article\" \/>\n<meta property=\"og:title\" content=\"ANDDP - Banneux Notre-Dame\" \/>\n<meta property=\"og:description\" content=\"Le Sanctuaire de Banneux fait partie de l&#8217;Association nationale des Directeurs dioc\u00e9sains de P\u00e8lerinage (ANDDP), en tant que membre ext\u00e9rieur. En 2008, le congr\u00e8s de l\u2019association a eu lieu \u00e0 Banneux, \u00e0 l\u2019occasion du Jubil\u00e9 (75\u00e8me anniversaire des Apparitions). Les liens avec cette association permettent des contacts personnels et favorisent la connaissance du sanctuaire de la Vierge des Pauvres dans toute la France. De nombreux groupes dioc\u00e9sains fran\u00e7ais ont ainsi d\u00e9j\u00e0 pu d\u00e9couvrir le message de la Vierge des Pauvres. L&#8217;ANDDP, fond\u00e9e en 1938 et approuv\u00e9e par la Conf\u00e9rence des \u00e9v\u00eaques de France, prend en compte le p\u00e8lerinage comme acte pastoral et culturel et veut r\u00e9pondre aux besoins de notre \u00e9poque dans la fid\u00e9lit\u00e9 aux orientations de l&#8217;\u00c9glise. Le p\u00e8lerinage [&hellip;]\" \/>\n<meta property=\"og:url\" content=\"https:\/\/banneux-nd.be\/de\/anddp\/\" \/>\n<meta property=\"og:site_name\" content=\"Banneux Notre-Dame\" \/>\n<meta property=\"article:publisher\" content=\"https:\/\/www.facebook.com\/NDBanneux\/\" \/>\n<meta property=\"article:modified_time\" content=\"2018-03-09T17:39:08+00:00\" \/>\n<meta property=\"og:image\" content=\"https:\/\/banneux-nd.be\/wp-content\/uploads\/2017\/08\/Marche%20P\u00e8lerinage%20vers%20Banneux.jpg\" \/>\n<meta name=\"twitter:card\" content=\"summary_large_image\" \/>\n<meta name=\"twitter:label1\" content=\"Gesch\u00e4tzte Lesezeit\" \/>\n\t<meta name=\"twitter:data1\" content=\"1\u00a0Minute\" \/>\n<script type=\"application\/ld+json\" class=\"yoast-schema-graph\">{\"@context\":\"https:\\\/\\\/schema.org\",\"@graph\":[{\"@type\":\"WebPage\",\"@id\":\"https:\\\/\\\/banneux-nd.be\\\/de\\\/anddp\\\/\",\"url\":\"https:\\\/\\\/banneux-nd.be\\\/de\\\/anddp\\\/\",\"name\":\"ANDDP - Banneux Notre-Dame\",\"isPartOf\":{\"@id\":\"https:\\\/\\\/banneux-nd.be\\\/de\\\/#website\"},\"datePublished\":\"2015-07-20T06:58:06+00:00\",\"dateModified\":\"2018-03-09T17:39:08+00:00\",\"breadcrumb\":{\"@id\":\"https:\\\/\\\/banneux-nd.be\\\/de\\\/anddp\\\/#breadcrumb\"},\"inLanguage\":\"de\",\"potentialAction\":[{\"@type\":\"ReadAction\",\"target\":[\"https:\\\/\\\/banneux-nd.be\\\/de\\\/anddp\\\/\"]}]},{\"@type\":\"BreadcrumbList\",\"@id\":\"https:\\\/\\\/banneux-nd.be\\\/de\\\/anddp\\\/#breadcrumb\",\"itemListElement\":[{\"@type\":\"ListItem\",\"position\":1,\"name\":\"Accueil\",\"item\":\"https:\\\/\\\/banneux-nd.be\\\/de\\\/\"},{\"@type\":\"ListItem\",\"position\":2,\"name\":\"ANDDP\"}]},{\"@type\":\"WebSite\",\"@id\":\"https:\\\/\\\/banneux-nd.be\\\/de\\\/#website\",\"url\":\"https:\\\/\\\/banneux-nd.be\\\/de\\\/\",\"name\":\"Banneux Notre-Dame\",\"description\":\"Sanctuaire de la Vierge des Pauvres (Belgique)\",\"potentialAction\":[{\"@type\":\"SearchAction\",\"target\":{\"@type\":\"EntryPoint\",\"urlTemplate\":\"https:\\\/\\\/banneux-nd.be\\\/de\\\/?s={search_term_string}\"},\"query-input\":{\"@type\":\"PropertyValueSpecification\",\"valueRequired\":true,\"valueName\":\"search_term_string\"}}],\"inLanguage\":\"de\"}]}<\/script>\n<!-- \/ Yoast SEO plugin. -->","yoast_head_json":{"title":"ANDDP - Banneux Notre-Dame","robots":{"index":"index","follow":"follow","max-snippet":"max-snippet:-1","max-image-preview":"max-image-preview:large","max-video-preview":"max-video-preview:-1"},"canonical":"https:\/\/banneux-nd.be\/de\/anddp\/","og_locale":"de_DE","og_type":"article","og_title":"ANDDP - Banneux Notre-Dame","og_description":"Le Sanctuaire de Banneux fait partie de l&#8217;Association nationale des Directeurs dioc\u00e9sains de P\u00e8lerinage (ANDDP), en tant que membre ext\u00e9rieur. En 2008, le congr\u00e8s de l\u2019association a eu lieu \u00e0 Banneux, \u00e0 l\u2019occasion du Jubil\u00e9 (75\u00e8me anniversaire des Apparitions). Les liens avec cette association permettent des contacts personnels et favorisent la connaissance du sanctuaire de la Vierge des Pauvres dans toute la France. De nombreux groupes dioc\u00e9sains fran\u00e7ais ont ainsi d\u00e9j\u00e0 pu d\u00e9couvrir le message de la Vierge des Pauvres. L&#8217;ANDDP, fond\u00e9e en 1938 et approuv\u00e9e par la Conf\u00e9rence des \u00e9v\u00eaques de France, prend en compte le p\u00e8lerinage comme acte pastoral et culturel et veut r\u00e9pondre aux besoins de notre \u00e9poque dans la fid\u00e9lit\u00e9 aux orientations de l&#8217;\u00c9glise. Le p\u00e8lerinage [&hellip;]","og_url":"https:\/\/banneux-nd.be\/de\/anddp\/","og_site_name":"Banneux Notre-Dame","article_publisher":"https:\/\/www.facebook.com\/NDBanneux\/","article_modified_time":"2018-03-09T17:39:08+00:00","og_image":[{"url":"https:\/\/banneux-nd.be\/wp-content\/uploads\/2017\/08\/Marche P\u00e8lerinage vers Banneux.jpg","type":"","width":"","height":""}],"twitter_card":"summary_large_image","twitter_misc":{"Gesch\u00e4tzte Lesezeit":"1\u00a0Minute"},"schema":{"@context":"https:\/\/schema.org","@graph":[{"@type":"WebPage","@id":"https:\/\/banneux-nd.be\/de\/anddp\/","url":"https:\/\/banneux-nd.be\/de\/anddp\/","name":"ANDDP - Banneux Notre-Dame","isPartOf":{"@id":"https:\/\/banneux-nd.be\/de\/#website"},"datePublished":"2015-07-20T06:58:06+00:00","dateModified":"2018-03-09T17:39:08+00:00","breadcrumb":{"@id":"https:\/\/banneux-nd.be\/de\/anddp\/#breadcrumb"},"inLanguage":"de","potentialAction":[{"@type":"ReadAction","target":["https:\/\/banneux-nd.be\/de\/anddp\/"]}]},{"@type":"BreadcrumbList","@id":"https:\/\/banneux-nd.be\/de\/anddp\/#breadcrumb","itemListElement":[{"@type":"ListItem","position":1,"name":"Accueil","item":"https:\/\/banneux-nd.be\/de\/"},{"@type":"ListItem","position":2,"name":"ANDDP"}]},{"@type":"WebSite","@id":"https:\/\/banneux-nd.be\/de\/#website","url":"https:\/\/banneux-nd.be\/de\/","name":"Banneux Notre-Dame","description":"Sanctuaire de la Vierge des Pauvres (Belgique)","potentialAction":[{"@type":"SearchAction","target":{"@type":"EntryPoint","urlTemplate":"https:\/\/banneux-nd.be\/de\/?s={search_term_string}"},"query-input":{"@type":"PropertyValueSpecification","valueRequired":true,"valueName":"search_term_string"}}],"inLanguage":"de"}]}},"coauthors":[],"author_meta":{"author_link":"https:\/\/banneux-nd.be\/de\/author\/adminfr\/","display_name":"adminFR"},"relative_dates":{"created":"Ver\u00f6ffentlicht 11\u00a0Jahren vor","modified":"Aktualisiert 8\u00a0Jahren vor"},"absolute_dates":{"created":"Ver\u00f6ffentlicht am 20. Juli 2015","modified":"Aktualisiert am 9. M\u00e4rz 2018"},"absolute_dates_time":{"created":"Ver\u00f6ffentlicht am 20. Juli 2015 8:58","modified":"Aktualisiert am 9. M\u00e4rz 2018 18:39"},"featured_img_caption":"","featured_img":false,"series_order":"","jetpack_sharing_enabled":true,"_links":{"self":[{"href":"https:\/\/banneux-nd.be\/de\/wp-json\/wp\/v2\/pages\/1413","targetHints":{"allow":["GET"]}}],"collection":[{"href":"https:\/\/banneux-nd.be\/de\/wp-json\/wp\/v2\/pages"}],"about":[{"href":"https:\/\/banneux-nd.be\/de\/wp-json\/wp\/v2\/types\/page"}],"author":[{"embeddable":true,"href":"https:\/\/banneux-nd.be\/de\/wp-json\/wp\/v2\/users\/2"}],"replies":[{"embeddable":true,"href":"https:\/\/banneux-nd.be\/de\/wp-json\/wp\/v2\/comments?post=1413"}],"version-history":[{"count":0,"href":"https:\/\/banneux-nd.be\/de\/wp-json\/wp\/v2\/pages\/1413\/revisions"}],"wp:attachment":[{"href":"https:\/\/banneux-nd.be\/de\/wp-json\/wp\/v2\/media?parent=1413"}],"curies":[{"name":"wp","href":"https:\/\/api.w.org\/{rel}","templated":true}]}}