{"id":14537,"date":"2021-03-05T10:05:33","date_gmt":"2021-03-05T09:05:33","guid":{"rendered":"https:\/\/banneux-nd.be\/online-spenden-und-opfergaben\/"},"modified":"2021-06-17T00:49:52","modified_gmt":"2021-06-16T22:49:52","slug":"online-spenden-und-opfergaben","status":"publish","type":"page","link":"https:\/\/banneux-nd.be\/de\/online-spenden-und-opfergaben\/","title":{"rendered":"Online-Spenden und Opfergaben"},"content":{"rendered":"\n<div class=\"wpcf7 no-js\" id=\"wpcf7-f14535-o1\" lang=\"fr-FR\" dir=\"ltr\" data-wpcf7-id=\"14535\">\n<div class=\"screen-reader-response\"><p role=\"status\" aria-live=\"polite\" aria-atomic=\"true\"><\/p> <ul><\/ul><\/div>\n<form action=\"\/de\/wp-json\/wp\/v2\/pages\/14537#wpcf7-f14535-o1\" method=\"post\" class=\"wpcf7-form init\" aria-label=\"Formulaire de contact\" novalidate=\"novalidate\" data-status=\"init\">\n<div style=\"display: none;\">\n<input type=\"hidden\" name=\"_wpcf7\" value=\"14535\" \/>\n<input type=\"hidden\" name=\"_wpcf7_version\" value=\"6.0.6\" \/>\n<input type=\"hidden\" name=\"_wpcf7_locale\" value=\"fr_FR\" \/>\n<input type=\"hidden\" name=\"_wpcf7_unit_tag\" value=\"wpcf7-f14535-o1\" \/>\n<input type=\"hidden\" name=\"_wpcf7_container_post\" value=\"0\" \/>\n<input type=\"hidden\" name=\"_wpcf7_posted_data_hash\" value=\"\" \/>\n<\/div>\n<p><b>Pers\u00f6nliche Angaben<\/b> (Erforderlich f\u00fcr die Auswahlm\u00f6glichkeiten 1-2-3 und 5)\n<\/p>\n<p><label> Name <span style=\"color:red;\">(verpflichtend)<\/span><br \/>\n<span class=\"wpcf7-form-control-wrap\" data-name=\"nom-donateur\"><input size=\"40\" maxlength=\"400\" class=\"wpcf7-form-control wpcf7-text wpcf7-validates-as-required\" id=\"m_nom\" aria-required=\"true\" aria-invalid=\"false\" value=\"\" type=\"text\" name=\"nom-donateur\" \/><\/span> <\/label>\n<\/p>\n<p><label> Vorname <span style=\"color:red;\">(verpflichtend)<br \/>\n<span class=\"wpcf7-form-control-wrap\" data-name=\"prenom-donateur\"><input size=\"40\" maxlength=\"400\" class=\"wpcf7-form-control wpcf7-text wpcf7-validates-as-required\" aria-required=\"true\" aria-invalid=\"false\" value=\"\" type=\"text\" name=\"prenom-donateur\" \/><\/span> <\/span><\/label>\n<\/p>\n<p><label> Adresse<br \/>\n<span class=\"wpcf7-form-control-wrap\" data-name=\"adresse-donateur\"><input size=\"40\" maxlength=\"400\" class=\"wpcf7-form-control wpcf7-text\" aria-invalid=\"false\" value=\"\" type=\"text\" name=\"adresse-donateur\" \/><\/span> <\/label>\n<\/p>\n<p><label> E-Mail <span style=\"color:red;\">(verpflichtend)<br \/>\n<span class=\"wpcf7-form-control-wrap\" data-name=\"email-donateur\"><input size=\"40\" maxlength=\"400\" class=\"wpcf7-form-control wpcf7-email wpcf7-validates-as-required wpcf7-text wpcf7-validates-as-email\" aria-required=\"true\" aria-invalid=\"false\" value=\"\" type=\"email\" name=\"email-donateur\" \/><\/span> <\/span><\/label>\n<\/p>\n<p><label> Telefonnummer<br \/>\n<span class=\"wpcf7-form-control-wrap\" data-name=\"telephone-donateur\"><input size=\"40\" maxlength=\"400\" class=\"wpcf7-form-control wpcf7-text\" aria-invalid=\"false\" value=\"\" type=\"text\" name=\"telephone-donateur\" \/><\/span> <\/label>\n<\/p>\n<p><label> Nationalregisternummer oder Unternehmensnummer<br \/>\n<span style=\"color:orange;\">(verpflichtend f\u00fcr die Steuerbescheinigung):<\/span><br \/>\n<span class=\"wpcf7-form-control-wrap\" data-name=\"NN-donateur\"><input size=\"40\" maxlength=\"400\" class=\"wpcf7-form-control wpcf7-text\" aria-invalid=\"false\" value=\"\" type=\"text\" name=\"NN-donateur\" \/><\/span> <\/label>\n<\/p>\n<p>F\u00fcr\n<\/p>\n<table>\n\t<tr>\n\t\t<th>\n\t\t\t<p><label>Art der Spende<\/label>\n\t\t\t<\/p>\n\t\t<\/th>\n\t\t<th>\n\t\t\t<p><label>Intention<\/label>\n\t\t\t<\/p>\n\t\t<\/th>\n\t\t<th>\n\t\t\t<p><label>Betrag<\/label>\n\t\t\t<\/p>\n\t\t<\/th>\n\t<\/tr>\n\t<tr>\n\t\t<td>\n\t\t\t<p>&#x25CF; 1) Spende Hospitalit\u00e9<br \/>\n<label><span style=\"margin-left:25px\">(Steuererm\u00e4\u00dfigung f\u00fcr Belgien ab 40\u20ac)<\/span><\/label>\n\t\t\t<\/p>\n\t\t<\/td>\n\t\t<td>\n\t\t<\/td>\n\t\t<td>\n\t\t\t<p><label><span class=\"wpcf7-form-control-wrap mt-hospit\"><input class=\"wpcf7-form-control wpcf7-numberstepfloat wpcf7-validates-as-number-decimal\" id=\"m_mt_hospit\" min=\"0\" max=\"100000\" aria-invalid=\"false\" value=\"\" type=\"text\" name=\"mt-hospit\" \/><\/span><\/label>\n\t\t\t<\/p>\n\t\t<\/td>\n\t<\/tr>\n\t<tr>\n\t\t<td>\n\t\t\t<p>&#x25CF; 2) Spende Heiligtum\n\t\t\t<\/p>\n\t\t<\/td>\n\t\t<td>\n\t\t<\/td>\n\t\t<td>\n\t\t\t<p><label><span class=\"wpcf7-form-control-wrap mt-sanctuaire\"><input class=\"wpcf7-form-control wpcf7-numberstepfloat wpcf7-validates-as-number-decimal\" id=\"m_mt_sanctuaire\" min=\"0\" max=\"100000\" aria-invalid=\"false\" value=\"\" type=\"text\" name=\"mt-sanctuaire\" \/><\/span><\/label>\n\t\t\t<\/p>\n\t\t<\/td>\n\t<\/tr>\n\t<tr>\n\t\t<td>\n\t\t\t<p>&#x25CF; 3) Spende f\u00fcr die Statuen\n\t\t\t<\/p>\n\t\t<\/td>\n\t\t<td>\n\t\t<\/td>\n\t\t<td>\n\t\t\t<p><label><span class=\"wpcf7-form-control-wrap mt-statue\"><input class=\"wpcf7-form-control wpcf7-numberstepfloat wpcf7-validates-as-number-decimal\" id=\"m_mt_statue\" min=\"0\" max=\"100000\" aria-invalid=\"false\" value=\"\" type=\"text\" name=\"mt-statue\" \/><\/span><\/label>\n\t\t\t<\/p>\n\t\t<\/td>\n\t<\/tr>\n\t<tr>\n\t\t<td>\n\t\t\t<p>&#x25CF; 4) Eine Kerze anz\u00fcnden (1\u20ac\/St\u00fcck)\n\t\t\t<\/p>\n\t\t<\/td>\n\t\t<td>\n\t\t<\/td>\n\t\t<td>\n\t\t\t<p><label><span class=\"wpcf7-form-control-wrap mt-bougie\"><input class=\"wpcf7-form-control wpcf7-numberstepfloat wpcf7-validates-as-number-decimal\" id=\"m_mt_bougie\" min=\"0\" max=\"100000\" aria-invalid=\"false\" value=\"\" type=\"text\" name=\"mt-bougie\" \/><\/span><\/label>\n\t\t\t<\/p>\n\t\t<\/td>\n\t<\/tr>\n\t<tr>\n\t\t<td>\n\t\t\t<p>&#x25CF; 5) Jahreskalender + Porto (7,50\u20ac; 10\u20ac f\u00fcr Ausland)\n\t\t\t<\/p>\n\t\t<\/td>\n\t\t<td>\n\t\t<\/td>\n\t\t<td>\n\t\t\t<p><label><span class=\"wpcf7-form-control-wrap mt-calendrier\"><input class=\"wpcf7-form-control wpcf7-numberstepfloat wpcf7-validates-as-number-decimal\" id=\"m_mt_calendrier\" min=\"0\" max=\"100000\" aria-invalid=\"false\" value=\"\" type=\"text\" name=\"mt-calendrier\" \/><\/span><\/label>\n\t\t\t<\/p>\n\t\t<\/td>\n\t<\/tr>\n\t<tr>\n\t\t<td>\n\t\t\t<p>&#x25CF; 6) Messintention ohne Datum (7\u20ac)\n\t\t\t<\/p>\n\t\t<\/td>\n\t\t<td>\n\t\t\t<p><label>intention<\/label><label><span class=\"wpcf7-form-control-wrap\" data-name=\"intention-messe-sans-date\"><input size=\"40\" maxlength=\"400\" class=\"wpcf7-form-control wpcf7-text\" aria-invalid=\"false\" value=\"\" type=\"text\" name=\"intention-messe-sans-date\" \/><\/span><\/label>\n\t\t\t<\/p>\n\t\t<\/td>\n\t\t<td>\n\t\t\t<p><label>&nbsp; <\/label><label><span class=\"wpcf7-form-control-wrap mt-messe-sans-date\"><input class=\"wpcf7-form-control wpcf7-numberstepfloat wpcf7-validates-as-number-decimal\" id=\"m_mt_messe_sans_date\" min=\"0\" max=\"100000\" aria-invalid=\"false\" value=\"\" type=\"text\" name=\"mt-messe-sans-date\" \/><\/span><\/label>\n\t\t\t<\/p>\n\t\t<\/td>\n\t<\/tr>\n\t<tr>\n\t\t<td>\n\t\t\t<p>&#x25CF; 7) Messintention mit Datum (10\u20ac)\n\t\t\t<\/p>\n\t\t<\/td>\n\t\t<td>\n\t\t\t<p><label>intention + Datum<\/label><label><span class=\"wpcf7-form-control-wrap\" data-name=\"intention-messe-avec-date\"><input size=\"40\" maxlength=\"400\" class=\"wpcf7-form-control wpcf7-text\" aria-invalid=\"false\" value=\"\" type=\"text\" name=\"intention-messe-avec-date\" \/><\/span><\/label>\n\t\t\t<\/p>\n\t\t<\/td>\n\t\t<td>\n\t\t\t<p><label>&nbsp; <\/label><label><span class=\"wpcf7-form-control-wrap mt-messe-avec-date\"><input class=\"wpcf7-form-control wpcf7-numberstepfloat wpcf7-validates-as-number-decimal\" id=\"m_mt_messe_avec_date\" min=\"0\" max=\"100000\" aria-invalid=\"false\" value=\"\" type=\"text\" name=\"mt-messe-avec-date\" \/><\/span><\/label>\n\t\t\t<\/p>\n\t\t<\/td>\n\t<\/tr>\n\t<tr>\n\t\t<td>\n\t\t\t<p>&#x25CF; 8) Novene von Messintentionen (75\u20ac)\n\t\t\t<\/p>\n\t\t<\/td>\n\t\t<td>\n\t\t\t<p><label>intention<\/label><label><span class=\"wpcf7-form-control-wrap\" data-name=\"intention-neuvaine\"><input size=\"40\" maxlength=\"400\" class=\"wpcf7-form-control wpcf7-text\" aria-invalid=\"false\" value=\"\" type=\"text\" name=\"intention-neuvaine\" \/><\/span><\/label>\n\t\t\t<\/p>\n\t\t<\/td>\n\t\t<td>\n\t\t\t<p><label>&nbsp; <\/label><label><span class=\"wpcf7-form-control-wrap mt-neuvaine\"><input class=\"wpcf7-form-control wpcf7-numberstepfloat wpcf7-validates-as-number-decimal\" id=\"m_mt_neuvaine\" min=\"0\" max=\"100000\" aria-invalid=\"false\" value=\"\" type=\"text\" name=\"mt-neuvaine\" \/><\/span><\/label>\n\t\t\t<\/p>\n\t\t<\/td>\n\t<\/tr>\n\t<tr>\n\t\t<td>\n\t\t\t<p>&#x25CF; 9) Messreihe von 30 Intentionen (250\u20ac)\n\t\t\t<\/p>\n\t\t<\/td>\n\t\t<td>\n\t\t\t<p><label>intention<\/label><label><span class=\"wpcf7-form-control-wrap\" data-name=\"intention-trentain\"><input size=\"40\" maxlength=\"400\" class=\"wpcf7-form-control wpcf7-text\" aria-invalid=\"false\" value=\"\" type=\"text\" name=\"intention-trentain\" \/><\/span><\/label>\n\t\t\t<\/p>\n\t\t<\/td>\n\t\t<td>\n\t\t\t<p><label>&nbsp; <\/label><label><span class=\"wpcf7-form-control-wrap mt-trentain\"><input class=\"wpcf7-form-control wpcf7-numberstepfloat wpcf7-validates-as-number-decimal\" id=\"m_mt_trentain\" min=\"0\" max=\"100000\" aria-invalid=\"false\" value=\"\" type=\"text\" name=\"mt-trentain\" \/><\/span><\/label>\n\t\t\t<\/p>\n\t\t<\/td>\n\t<\/tr>\n\t<tr>\n\t\t<td>\n\t\t\t<p><label>&#x25CF; 10) Abonnement Zeitschrift:<\/label>\n\t\t\t<\/p>\n\t\t<\/td>\n\t\t<td>\n\t\t<\/td>\n\t\t<td>\n\t\t<\/td>\n\t<\/tr>\n\t<tr>\n\t\t<td>\n\t\t\t<p><span style=\"margin-left:35px\">Deutsch: 20\u20ac<\/span>\n\t\t\t<\/p>\n\t\t<\/td>\n\t\t<td>\n\t\t<\/td>\n\t\t<td>\n\t\t\t<p><label><span class=\"wpcf7-form-control-wrap mt-revue-fr\"><input class=\"wpcf7-form-control wpcf7-numberstepfloat wpcf7-validates-as-number-decimal\" id=\"m_mt_revue_fr\" min=\"0\" max=\"100000\" aria-invalid=\"false\" value=\"\" type=\"text\" name=\"mt-revue-fr\" \/><\/span><\/label>\n\t\t\t<\/p>\n\t\t<\/td>\n\t<\/tr>\n\t<td>\n\t<\/td>\n\t<tr>\n\t<\/tr>\n\t<tr>\n\t\t<td>\n\t\t\t<p>&#x25CF; 11) Keramiktafel (ex-voto) 40\u20ac<br \/>\n<span style=\"margin-left:25px\">Text (max. 5 W\u00f6rter + Datum oder Jahr + Name oder Initiale)<\/span>\n\t\t\t<\/p>\n\t\t<\/td>\n\t\t<td>\n\t\t\t<p><label><span class=\"wpcf7-form-control-wrap\" data-name=\"infos-exvoto\"><input size=\"40\" maxlength=\"400\" class=\"wpcf7-form-control wpcf7-text\" aria-invalid=\"false\" value=\"\" type=\"text\" name=\"infos-exvoto\" \/><\/span><\/label>\n\t\t\t<\/p>\n\t\t<\/td>\n\t\t<td>\n\t\t\t<p><label><span class=\"wpcf7-form-control-wrap mt-exvoto\"><input class=\"wpcf7-form-control wpcf7-numberstepfloat wpcf7-validates-as-number-decimal\" id=\"m_mt_exvoto\" min=\"0\" max=\"100000\" aria-invalid=\"false\" value=\"\" type=\"text\" name=\"mt-exvoto\" \/><\/span><\/label>\n\t\t\t<\/p>\n\t\t<\/td>\n\t<\/tr>\n\t<tr>\n\t\t<td>\n\t\t\t<p>&#x25CF; 12) Sontiges\n\t\t\t<\/p>\n\t\t<\/td>\n\t\t<td>\n\t\t\t<p><label><span class=\"wpcf7-form-control-wrap\" data-name=\"info-don-autres\"><input size=\"40\" maxlength=\"400\" class=\"wpcf7-form-control wpcf7-text\" aria-invalid=\"false\" value=\"\" type=\"text\" name=\"info-don-autres\" \/><\/span><\/label>\n\t\t\t<\/p>\n\t\t<\/td>\n\t\t<td>\n\t\t\t<p><label><span class=\"wpcf7-form-control-wrap mt-don-autre\"><input class=\"wpcf7-form-control wpcf7-numberstepfloat wpcf7-validates-as-number-decimal\" id=\"m_mt_don_autre\" min=\"0\" max=\"100000\" aria-invalid=\"false\" value=\"\" type=\"text\" name=\"mt-don-autre\" \/><\/span><\/label>\n\t\t\t<\/p>\n\t\t<\/td>\n\t<\/tr>\n<\/table>\n<p><label> Bemerkungen<br \/>\n<span class=\"wpcf7-form-control-wrap\" data-name=\"remarque-donateur\"><textarea cols=\"40\" rows=\"10\" maxlength=\"2000\" class=\"wpcf7-form-control wpcf7-textarea\" aria-invalid=\"false\" name=\"remarque-donateur\"><\/textarea><\/span> <\/label>\n<\/p>\n<p><label> Ihre Referenz<br \/>\n<span class=\"wpcf7-form-control-wrap\" data-name=\"ORDERID\"><input size=\"40\" maxlength=\"400\" class=\"wpcf7-form-control wpcf7-text\" id=\"m_orderid\" aria-invalid=\"false\" value=\"\" type=\"text\" name=\"ORDERID\" \/><\/span> <\/label>\n<\/p>\n<p><label> Betrag<br \/>\n<span class=\"wpcf7-form-control-wrap montant\"><input class=\"wpcf7-form-control wpcf7-numberstepfloat wpcf7-validates-as-number-decimal\" id=\"m_montant_tot\" min=\"0\" max=\"100000\" readonly=\"readonly\" aria-invalid=\"false\" value=\"\" type=\"text\" name=\"montant\" \/><\/span> <\/label>\n<\/p>\n<p><span class=\"wpcf7-form-control-wrap\" data-name=\"verifok\"><span class=\"wpcf7-form-control wpcf7-acceptance\"><span class=\"wpcf7-list-item\"><label><input type=\"checkbox\" name=\"verifok\" value=\"1\" aria-invalid=\"false\" \/><span class=\"wpcf7-list-item-label\">Ich habe \u00fcberpr\u00fcft, dass die Pflichtangaben korrekt ausgef\u00fcllt sind; ich bin mit der Verarbeitung dieser Daten einverstanden.<\/span><\/label><\/span><\/span><\/span>\n<\/p>\n<input class=\"wpcf7-form-control wpcf7-hidden\" value=\"SanctuaireBNDR\" type=\"hidden\" name=\"PSPID\" \/>\n<input class=\"wpcf7-form-control wpcf7-hidden\" value=\"\" type=\"hidden\" name=\"AMOUNT\" \/>\n<input class=\"wpcf7-form-control wpcf7-hidden\" value=\"EUR\" type=\"hidden\" name=\"CURRENCY\" \/>\n<input class=\"wpcf7-form-control wpcf7-hidden\" value=\"de\" type=\"hidden\" name=\"LANGUAGE\" \/>\n<input class=\"wpcf7-form-control wpcf7-hidden\" value=\"\" type=\"hidden\" name=\"SHASIGN\" \/>\n<p><input class=\"wpcf7-form-control wpcf7-submit has-spinner\" type=\"submit\" value=\"Senden\" \/>\n<\/p>\n<p>Senden = \u00dcbertragen von Informationen an die Zahlungsseite<br \/>\nIm Falle eines Problems wenden Sie sich bitte an economat@banneux-nd.be oder Tel. +32 (4) 360 02 22\n<\/p><p style=\"display: none !important;\" class=\"akismet-fields-container\" data-prefix=\"_wpcf7_ak_\"><label>&#916;<textarea name=\"_wpcf7_ak_hp_textarea\" cols=\"45\" rows=\"8\" maxlength=\"100\"><\/textarea><\/label><input type=\"hidden\" id=\"ak_js_1\" name=\"_wpcf7_ak_js\" value=\"178\"\/><script>document.getElementById( \"ak_js_1\" ).setAttribute( \"value\", ( new Date() ).getTime() );<\/script><\/p><div class=\"wpcf7-response-output\" aria-hidden=\"true\"><\/div>\n<\/form>\n<\/div>\n\n\n\n\n<script>\ndocument.addEventListener( 'wpcf7mailsent', function( event ) {\n    location = 'https:\/\/banneux-nd.be\/paypage.html';\n}, false );\nvar d = new Date();\n\/\/d = Date().now;\n  var order = (d.getFullYear()).toString().concat((\"0\"+(d.getMonth()).toString()).slice(-2),(\"0\"+(d.getDate()).toString()).slice(-2),(d.getHours()).toString(),(\"0\"+(d.getMinutes()).toString()).slice(-2),(d.getMilliseconds().toString()));\njQuery(document).ready(function(){\n\/* !!!!! attention !!!!!!!\nIl ne faut surtout pas initialiser les variables de mani\u00e8re num\u00e9rique pour des variables destin\u00e9es \u00e0 \u00eatre remplies par un formulaire \u00e0 l'\u00e9cran sinon la variable est du type number apr\u00e8s initialisation mais devient string apr\u00e8s avoir tap\u00e9 quelque chose dans la zone \u00e0 l'\u00e9cran et il est difficile de totaliser des variables de types diff\u00e9rents.\nEn les gardant toutes en string, il suffit de totaliser les valeurs de Number(nom-variables)\n---> SURTOUT PAS : var m_mt_hospit = 0.0 ...  ;  var m_montant_tot = 0.0; *\/\nvar m_mt_hospit = \"0.0\"; var m_mt_sanctuaire = \"0.0\"; var m_mt_statue = \"0.0\";\nvar m_mt_bougie = \"0.0\"; var m_mt_calendrier = \"0.0\"; m_mt_messe_sans_date = \"0.0\";\nvar m_mt_messe_avec_date = \"0.0\"; var m_mt_neuvaine = \"0.0\"; var m_mt_trentain = \"0.0\";\nvar m_mt_revue_fr = \"0.0\"; var m_mt_revue_nl = \"0.0\"; var m_mt_revue_de = \"0.0\";\nvar m_mt_exvoto = \"0.0\"; var m_mt_don_autre = \"0.0\";\nvar m_montant_tot = \"0.0\";\nfunction myTotal() {\n  return (Number(m_mt_hospit.replace(',', '.')) + Number(m_mt_sanctuaire.replace(',', '.')) + Number(m_mt_statue.replace(',', '.')) + Number(m_mt_bougie.replace(',', '.')) + Number(m_mt_calendrier.replace(',', '.')) + Number(m_mt_messe_sans_date.replace(',', '.')) + Number(m_mt_messe_avec_date.replace(',', '.')) + Number(m_mt_neuvaine.replace(',', '.')) + Number(m_mt_trentain.replace(',', '.')) + Number(m_mt_revue_fr.replace(',', '.')) + Number(m_mt_revue_nl.replace(',', '.')) + Number(m_mt_revue_de.replace(',', '.')) + Number(m_mt_exvoto.replace(',', '.')) + Number(m_mt_don_autre.replace(',', '.')))\n}\n\njQuery(\"#m_nom\").focus(function() {\n  jQuery(\"#m_orderid\").val(order);\n});\n\njQuery(\"#m_mt_hospit\").on(\"change\", function() {\n m_mt_hospit= this.value ;\n\/\/ alert(\"mt_hospit \".concat(m_mt_hospit));\nm_montant_tot= myTotal();\njQuery(\"#m_montant_tot\").val(m_montant_tot.toFixed(2));\n}); \njQuery(\"#m_mt_sanctuaire\").on(\"change\", function() {\n m_mt_sanctuaire= this.value ;\n m_montant_tot= myTotal();\njQuery(\"#m_montant_tot\").val(m_montant_tot.toFixed(2));\n}); \njQuery(\"#m_mt_statue\").on(\"change\", function() {\n m_mt_statue= this.value ;\n m_montant_tot= myTotal();\njQuery(\"#m_montant_tot\").val(m_montant_tot.toFixed(2));\n}); \njQuery(\"#m_mt_bougie\").on(\"change\", function() {\n m_mt_bougie= this.value ;\n m_montant_tot= myTotal();\njQuery(\"#m_montant_tot\").val(m_montant_tot.toFixed(2));\n}); \njQuery(\"#m_mt_calendrier\").on(\"change\", function() {\n m_mt_calendrier= this.value ;\n m_montant_tot= myTotal();\njQuery(\"#m_montant_tot\").val(m_montant_tot.toFixed(2));\n}); \njQuery(\"#m_mt_messe_sans_date\").on(\"change\", function() {\n m_mt_messe_sans_date= this.value ;\n m_montant_tot= myTotal();\njQuery(\"#m_montant_tot\").val(m_montant_tot.toFixed(2));\n}); \njQuery(\"#m_mt_messe_avec_date\").on(\"change\", function() {\n m_mt_messe_avec_date= this.value ;\n m_montant_tot= myTotal();\njQuery(\"#m_montant_tot\").val(m_montant_tot.toFixed(2));\n});  \njQuery(\"#m_mt_neuvaine\").on(\"change\", function() {\n m_mt_neuvaine= this.value ;\n m_montant_tot= myTotal();\njQuery(\"#m_montant_tot\").val(m_montant_tot.toFixed(2));\n});  \njQuery(\"#m_mt_trentain\").on(\"change\", function() {\n m_mt_trentain= this.value ;\n m_montant_tot= myTotal();\njQuery(\"#m_montant_tot\").val(m_montant_tot.toFixed(2));\n});  \njQuery(\"#m_mt_revue_fr\").on(\"change\", function() {\n m_mt_revue_fr= this.value ;\n m_montant_tot= myTotal();\njQuery(\"#m_montant_tot\").val(m_montant_tot.toFixed(2));\n});  \njQuery(\"#m_mt_revue_nl\").on(\"change\", function() {\n m_mt_revue_nl = this.value ;\n m_montant_tot= myTotal();\njQuery(\"#m_montant_tot\").val(m_montant_tot.toFixed(2));\n});  \njQuery(\"#m_mt_revue_de\").on(\"change\", function() {\n m_mt_revue_de= this.value ;\n m_montant_tot= myTotal();\njQuery(\"#m_montant_tot\").val(m_montant_tot.toFixed(2));\n});  \njQuery(\"#m_mt_exvoto\").on(\"change\", function() {\n m_mt_exvoto= this.value ;\n m_montant_tot= myTotal();\njQuery(\"#m_montant_tot\").val(m_montant_tot.toFixed(2));\n});  \njQuery(\"#m_mt_don_autre\").on(\"change\", function() {\n m_mt_don_autre= this.value ;\n m_montant_tot= myTotal();\njQuery(\"#m_montant_tot\").val(m_montant_tot.toFixed(2));\n});  \n});\n<\/script>\n","protected":false},"excerpt":{"rendered":"","protected":false},"author":2,"featured_media":0,"parent":0,"menu_order":0,"comment_status":"closed","ping_status":"closed","template":"page_10.php","meta":{"advgb_blocks_editor_width":"","advgb_blocks_columns_visual_guide":"","jetpack_post_was_ever_published":false,"footnotes":""},"class_list":["post-14537","page","type-page","status-publish","hentry"],"yoast_head":"<!-- This site is optimized with the Yoast SEO plugin v27.4 - https:\/\/yoast.com\/product\/yoast-seo-wordpress\/ -->\n<title>Online-Spenden und Opfergaben - Banneux Notre-Dame<\/title>\n<meta name=\"robots\" content=\"noindex, nofollow\" \/>\n<meta property=\"og:locale\" content=\"de_DE\" \/>\n<meta property=\"og:type\" content=\"article\" \/>\n<meta property=\"og:title\" content=\"Online-Spenden und Opfergaben - Banneux Notre-Dame\" \/>\n<meta property=\"og:url\" content=\"https:\/\/banneux-nd.be\/de\/online-spenden-und-opfergaben\/\" \/>\n<meta property=\"og:site_name\" content=\"Banneux Notre-Dame\" \/>\n<meta property=\"article:publisher\" content=\"https:\/\/www.facebook.com\/NDBanneux\/\" \/>\n<meta property=\"article:modified_time\" content=\"2021-06-16T22:49:52+00:00\" \/>\n<meta name=\"twitter:card\" content=\"summary_large_image\" \/>\n<meta name=\"twitter:label1\" content=\"Gesch\u00e4tzte Lesezeit\" \/>\n\t<meta name=\"twitter:data1\" content=\"2\u00a0Minuten\" \/>\n<script type=\"application\/ld+json\" class=\"yoast-schema-graph\">{\"@context\":\"https:\\\/\\\/schema.org\",\"@graph\":[{\"@type\":\"WebPage\",\"@id\":\"https:\\\/\\\/banneux-nd.be\\\/de\\\/online-spenden-und-opfergaben\\\/\",\"url\":\"https:\\\/\\\/banneux-nd.be\\\/de\\\/online-spenden-und-opfergaben\\\/\",\"name\":\"Online-Spenden und Opfergaben - Banneux Notre-Dame\",\"isPartOf\":{\"@id\":\"https:\\\/\\\/banneux-nd.be\\\/de\\\/#website\"},\"datePublished\":\"2021-03-05T09:05:33+00:00\",\"dateModified\":\"2021-06-16T22:49:52+00:00\",\"breadcrumb\":{\"@id\":\"https:\\\/\\\/banneux-nd.be\\\/de\\\/online-spenden-und-opfergaben\\\/#breadcrumb\"},\"inLanguage\":\"de\",\"potentialAction\":[{\"@type\":\"ReadAction\",\"target\":[\"https:\\\/\\\/banneux-nd.be\\\/de\\\/online-spenden-und-opfergaben\\\/\"]}]},{\"@type\":\"BreadcrumbList\",\"@id\":\"https:\\\/\\\/banneux-nd.be\\\/de\\\/online-spenden-und-opfergaben\\\/#breadcrumb\",\"itemListElement\":[{\"@type\":\"ListItem\",\"position\":1,\"name\":\"Accueil\",\"item\":\"https:\\\/\\\/banneux-nd.be\\\/de\\\/\"},{\"@type\":\"ListItem\",\"position\":2,\"name\":\"Online-Spenden und Opfergaben\"}]},{\"@type\":\"WebSite\",\"@id\":\"https:\\\/\\\/banneux-nd.be\\\/de\\\/#website\",\"url\":\"https:\\\/\\\/banneux-nd.be\\\/de\\\/\",\"name\":\"Banneux Notre-Dame\",\"description\":\"Sanctuaire de la Vierge des Pauvres (Belgique)\",\"potentialAction\":[{\"@type\":\"SearchAction\",\"target\":{\"@type\":\"EntryPoint\",\"urlTemplate\":\"https:\\\/\\\/banneux-nd.be\\\/de\\\/?s={search_term_string}\"},\"query-input\":{\"@type\":\"PropertyValueSpecification\",\"valueRequired\":true,\"valueName\":\"search_term_string\"}}],\"inLanguage\":\"de\"}]}<\/script>\n<!-- \/ Yoast SEO plugin. -->","yoast_head_json":{"title":"Online-Spenden und Opfergaben - Banneux Notre-Dame","robots":{"index":"noindex","follow":"nofollow"},"og_locale":"de_DE","og_type":"article","og_title":"Online-Spenden und Opfergaben - Banneux Notre-Dame","og_url":"https:\/\/banneux-nd.be\/de\/online-spenden-und-opfergaben\/","og_site_name":"Banneux Notre-Dame","article_publisher":"https:\/\/www.facebook.com\/NDBanneux\/","article_modified_time":"2021-06-16T22:49:52+00:00","twitter_card":"summary_large_image","twitter_misc":{"Gesch\u00e4tzte Lesezeit":"2\u00a0Minuten"},"schema":{"@context":"https:\/\/schema.org","@graph":[{"@type":"WebPage","@id":"https:\/\/banneux-nd.be\/de\/online-spenden-und-opfergaben\/","url":"https:\/\/banneux-nd.be\/de\/online-spenden-und-opfergaben\/","name":"Online-Spenden und Opfergaben - Banneux Notre-Dame","isPartOf":{"@id":"https:\/\/banneux-nd.be\/de\/#website"},"datePublished":"2021-03-05T09:05:33+00:00","dateModified":"2021-06-16T22:49:52+00:00","breadcrumb":{"@id":"https:\/\/banneux-nd.be\/de\/online-spenden-und-opfergaben\/#breadcrumb"},"inLanguage":"de","potentialAction":[{"@type":"ReadAction","target":["https:\/\/banneux-nd.be\/de\/online-spenden-und-opfergaben\/"]}]},{"@type":"BreadcrumbList","@id":"https:\/\/banneux-nd.be\/de\/online-spenden-und-opfergaben\/#breadcrumb","itemListElement":[{"@type":"ListItem","position":1,"name":"Accueil","item":"https:\/\/banneux-nd.be\/de\/"},{"@type":"ListItem","position":2,"name":"Online-Spenden und Opfergaben"}]},{"@type":"WebSite","@id":"https:\/\/banneux-nd.be\/de\/#website","url":"https:\/\/banneux-nd.be\/de\/","name":"Banneux Notre-Dame","description":"Sanctuaire de la Vierge des Pauvres (Belgique)","potentialAction":[{"@type":"SearchAction","target":{"@type":"EntryPoint","urlTemplate":"https:\/\/banneux-nd.be\/de\/?s={search_term_string}"},"query-input":{"@type":"PropertyValueSpecification","valueRequired":true,"valueName":"search_term_string"}}],"inLanguage":"de"}]}},"coauthors":[],"author_meta":{"author_link":"https:\/\/banneux-nd.be\/de\/author\/adminfr\/","display_name":"adminFR"},"relative_dates":{"created":"Ver\u00f6ffentlicht 5\u00a0Jahren vor","modified":"Aktualisiert 5\u00a0Jahren vor"},"absolute_dates":{"created":"Ver\u00f6ffentlicht am 5. M\u00e4rz 2021","modified":"Aktualisiert am 17. Juni 2021"},"absolute_dates_time":{"created":"Ver\u00f6ffentlicht am 5. M\u00e4rz 2021 10:05","modified":"Aktualisiert am 17. Juni 2021 0:49"},"featured_img_caption":"","featured_img":false,"series_order":"","jetpack_sharing_enabled":true,"_links":{"self":[{"href":"https:\/\/banneux-nd.be\/de\/wp-json\/wp\/v2\/pages\/14537","targetHints":{"allow":["GET"]}}],"collection":[{"href":"https:\/\/banneux-nd.be\/de\/wp-json\/wp\/v2\/pages"}],"about":[{"href":"https:\/\/banneux-nd.be\/de\/wp-json\/wp\/v2\/types\/page"}],"author":[{"embeddable":true,"href":"https:\/\/banneux-nd.be\/de\/wp-json\/wp\/v2\/users\/2"}],"replies":[{"embeddable":true,"href":"https:\/\/banneux-nd.be\/de\/wp-json\/wp\/v2\/comments?post=14537"}],"version-history":[{"count":5,"href":"https:\/\/banneux-nd.be\/de\/wp-json\/wp\/v2\/pages\/14537\/revisions"}],"predecessor-version":[{"id":15566,"href":"https:\/\/banneux-nd.be\/de\/wp-json\/wp\/v2\/pages\/14537\/revisions\/15566"}],"wp:attachment":[{"href":"https:\/\/banneux-nd.be\/de\/wp-json\/wp\/v2\/media?parent=14537"}],"curies":[{"name":"wp","href":"https:\/\/api.w.org\/{rel}","templated":true}]}}