{"id":1564,"date":"2015-07-20T08:56:23","date_gmt":"2015-07-20T06:56:23","guid":{"rendered":"http:\/\/wwwwp2.banneux-nd.be\/wp\/organisation-2\/"},"modified":"2025-06-12T16:06:03","modified_gmt":"2025-06-12T14:06:03","slug":"organisation","status":"publish","type":"page","link":"https:\/\/banneux-nd.be\/de\/organisation\/","title":{"rendered":"Organisation"},"content":{"rendered":"<p style=\"text-align: justify;\"><strong>Eine Wallfahrt organisieren\u2026 Was muss ich tun?<\/strong><\/p>\n<p><strong>1. Bitte f\u00fcllen Sie das<\/strong> <a href=\"https:\/\/banneux-nd.be\/de\/einschreibformular\/\" target=\"_blank\" rel=\"noopener noreferrer\">Einschreibformular<\/a> aus.\u00a0Diese Angaben helfen uns, Sie bestm\u00f6glich zu empfangen. Bitte f\u00fcllen Sie das Dokument leserlich und vollst\u00e4ndig aus!<\/p>\n<p><strong>2. <\/strong>Senden Sie uns Ihre Anmeldung <strong>mindestens vier Wochen VOR<\/strong> dem Tag der Wallfahrt zu, auch wenn Sie die genaue Zahl der Teilnehmer noch nicht kennen.<\/p>\n<p><strong>3. Warten Sie auf unsere Antwort<\/strong>. Sie werden eine schriftliche Best\u00e4tigung erhalten. Ein Informationsblatt liegt bei, das f\u00fcr die Vorbereitung der Pilgerfahrt hilfreich sein kann.<\/p>\n<p style=\"text-align: justify;\">Diese Info beinhaltet: die Gebete, Lesungen und Vorschl\u00e4ge f\u00fcr die F\u00fcrbitten einer Votivmesse zur Jungfrau der Armen oder einer Messe zum Jahresthema.<\/p>\n<p style=\"text-align: justify;\">Begleitet ein Priester Ihre Gruppe, so leiten Sie diese Informationen bitte an ihn weiter, oder an die Person, die f\u00fcr die seelsorgerische Betreuung zust\u00e4ndig ist.<\/p>\n<p>4. Bitten Sie die Reisebusgesellschaft, daf\u00fcr zu sorgen, dass die Gruppe <strong>eine halbe Stunde vor ihrer ersten Aktivit\u00e4t<\/strong> in Banneux ankommt, damit die Pilger in Ruhe aussteigen und sich an den entsprechenden Ort begeben k\u00f6nnen.<\/p>\n<h4 style=\"text-align: center;\"><a href=\"https:\/\/banneux-nd.be\/wp-content\/uploads\/2023\/06\/Brochure-2023-DE.pdf\" target=\"_blank\" rel=\"noopener noreferrer\">DE-2023 &#8211; Informationen f\u00fcr Pfarren,<br \/>\nReiseunternehmen und Pilgerleiter\/innen<\/a><\/h4>\n<p>&nbsp;<\/p>\n<p><img fetchpriority=\"high\" decoding=\"async\" class=\"aligncenter wp-image-3525 size-full\" src=\"https:\/\/banneux-nd.be\/wp-content\/uploads\/2017\/08\/Source Foule.jpg\" alt=\"\" width=\"592\" height=\"395\" srcset=\"https:\/\/banneux-nd.be\/wp-content\/uploads\/2017\/08\/Source%20Foule.jpg 592w, https:\/\/banneux-nd.be\/wp-content\/uploads\/2017\/08\/Source%20Foule-300x200.jpg 300w, https:\/\/banneux-nd.be\/wp-content\/uploads\/2017\/08\/Source%20Foule-342x228.jpg 342w\" sizes=\"(max-width: 592px) 100vw, 592px\" \/><\/p>\n<h4 style=\"text-align: center;\"><\/h4>\n","protected":false},"excerpt":{"rendered":"<p>Eine Wallfahrt organisieren\u2026 Was muss ich tun? 1. Bitte f\u00fcllen Sie das Einschreibformular aus.\u00a0Diese Angaben helfen uns, Sie bestm\u00f6glich zu empfangen. Bitte f\u00fcllen Sie das Dokument leserlich und vollst\u00e4ndig aus! 2. Senden Sie uns Ihre Anmeldung mindestens vier Wochen VOR dem Tag der Wallfahrt zu, auch wenn Sie die genaue Zahl der Teilnehmer noch nicht kennen. 3. Warten Sie auf unsere Antwort. Sie werden eine schriftliche Best\u00e4tigung erhalten. Ein Informationsblatt liegt bei, das f\u00fcr die Vorbereitung der Pilgerfahrt hilfreich sein kann. Diese Info beinhaltet: die Gebete, Lesungen und Vorschl\u00e4ge f\u00fcr die F\u00fcrbitten einer Votivmesse zur Jungfrau der Armen oder einer Messe zum Jahresthema. Begleitet ein Priester Ihre Gruppe, so leiten Sie diese Informationen bitte an ihn weiter, oder an die [&hellip;]<\/p>\n","protected":false},"author":2,"featured_media":0,"parent":0,"menu_order":0,"comment_status":"closed","ping_status":"closed","template":"","meta":{"advgb_blocks_editor_width":"","advgb_blocks_columns_visual_guide":"","jetpack_post_was_ever_published":false,"footnotes":""},"class_list":["post-1564","page","type-page","status-publish","hentry"],"yoast_head":"<!-- This site is optimized with the Yoast SEO plugin v27.3 - https:\/\/yoast.com\/product\/yoast-seo-wordpress\/ -->\n<title>Organisation - Banneux Notre-Dame<\/title>\n<meta name=\"robots\" content=\"index, follow, max-snippet:-1, max-image-preview:large, max-video-preview:-1\" \/>\n<link rel=\"canonical\" href=\"https:\/\/banneux-nd.be\/de\/organisation\/\" \/>\n<meta property=\"og:locale\" content=\"de_DE\" \/>\n<meta property=\"og:type\" content=\"article\" \/>\n<meta property=\"og:title\" content=\"Organisation - Banneux Notre-Dame\" \/>\n<meta property=\"og:description\" content=\"Eine Wallfahrt organisieren\u2026 Was muss ich tun? 1. Bitte f\u00fcllen Sie das Einschreibformular aus.\u00a0Diese Angaben helfen uns, Sie bestm\u00f6glich zu empfangen. Bitte f\u00fcllen Sie das Dokument leserlich und vollst\u00e4ndig aus! 2. Senden Sie uns Ihre Anmeldung mindestens vier Wochen VOR dem Tag der Wallfahrt zu, auch wenn Sie die genaue Zahl der Teilnehmer noch nicht kennen. 3. Warten Sie auf unsere Antwort. Sie werden eine schriftliche Best\u00e4tigung erhalten. Ein Informationsblatt liegt bei, das f\u00fcr die Vorbereitung der Pilgerfahrt hilfreich sein kann. Diese Info beinhaltet: die Gebete, Lesungen und Vorschl\u00e4ge f\u00fcr die F\u00fcrbitten einer Votivmesse zur Jungfrau der Armen oder einer Messe zum Jahresthema. Begleitet ein Priester Ihre Gruppe, so leiten Sie diese Informationen bitte an ihn weiter, oder an die [&hellip;]\" \/>\n<meta property=\"og:url\" content=\"https:\/\/banneux-nd.be\/de\/organisation\/\" \/>\n<meta property=\"og:site_name\" content=\"Banneux Notre-Dame\" \/>\n<meta property=\"article:publisher\" content=\"https:\/\/www.facebook.com\/NDBanneux\/\" \/>\n<meta property=\"article:modified_time\" content=\"2025-06-12T14:06:03+00:00\" \/>\n<meta name=\"twitter:card\" content=\"summary_large_image\" \/>\n<meta name=\"twitter:label1\" content=\"Gesch\u00e4tzte Lesezeit\" \/>\n\t<meta name=\"twitter:data1\" content=\"2\u00a0Minuten\" \/>\n<script type=\"application\/ld+json\" class=\"yoast-schema-graph\">{\"@context\":\"https:\\\/\\\/schema.org\",\"@graph\":[{\"@type\":\"WebPage\",\"@id\":\"https:\\\/\\\/banneux-nd.be\\\/de\\\/organisation\\\/\",\"url\":\"https:\\\/\\\/banneux-nd.be\\\/de\\\/organisation\\\/\",\"name\":\"Organisation - Banneux Notre-Dame\",\"isPartOf\":{\"@id\":\"https:\\\/\\\/banneux-nd.be\\\/de\\\/#website\"},\"datePublished\":\"2015-07-20T06:56:23+00:00\",\"dateModified\":\"2025-06-12T14:06:03+00:00\",\"breadcrumb\":{\"@id\":\"https:\\\/\\\/banneux-nd.be\\\/de\\\/organisation\\\/#breadcrumb\"},\"inLanguage\":\"de\",\"potentialAction\":[{\"@type\":\"ReadAction\",\"target\":[\"https:\\\/\\\/banneux-nd.be\\\/de\\\/organisation\\\/\"]}]},{\"@type\":\"BreadcrumbList\",\"@id\":\"https:\\\/\\\/banneux-nd.be\\\/de\\\/organisation\\\/#breadcrumb\",\"itemListElement\":[{\"@type\":\"ListItem\",\"position\":1,\"name\":\"Accueil\",\"item\":\"https:\\\/\\\/banneux-nd.be\\\/de\\\/\"},{\"@type\":\"ListItem\",\"position\":2,\"name\":\"Organisation\"}]},{\"@type\":\"WebSite\",\"@id\":\"https:\\\/\\\/banneux-nd.be\\\/de\\\/#website\",\"url\":\"https:\\\/\\\/banneux-nd.be\\\/de\\\/\",\"name\":\"Banneux Notre-Dame\",\"description\":\"Sanctuaire de la Vierge des Pauvres (Belgique)\",\"potentialAction\":[{\"@type\":\"SearchAction\",\"target\":{\"@type\":\"EntryPoint\",\"urlTemplate\":\"https:\\\/\\\/banneux-nd.be\\\/de\\\/?s={search_term_string}\"},\"query-input\":{\"@type\":\"PropertyValueSpecification\",\"valueRequired\":true,\"valueName\":\"search_term_string\"}}],\"inLanguage\":\"de\"}]}<\/script>\n<!-- \/ Yoast SEO plugin. -->","yoast_head_json":{"title":"Organisation - Banneux Notre-Dame","robots":{"index":"index","follow":"follow","max-snippet":"max-snippet:-1","max-image-preview":"max-image-preview:large","max-video-preview":"max-video-preview:-1"},"canonical":"https:\/\/banneux-nd.be\/de\/organisation\/","og_locale":"de_DE","og_type":"article","og_title":"Organisation - Banneux Notre-Dame","og_description":"Eine Wallfahrt organisieren\u2026 Was muss ich tun? 1. Bitte f\u00fcllen Sie das Einschreibformular aus.\u00a0Diese Angaben helfen uns, Sie bestm\u00f6glich zu empfangen. Bitte f\u00fcllen Sie das Dokument leserlich und vollst\u00e4ndig aus! 2. Senden Sie uns Ihre Anmeldung mindestens vier Wochen VOR dem Tag der Wallfahrt zu, auch wenn Sie die genaue Zahl der Teilnehmer noch nicht kennen. 3. Warten Sie auf unsere Antwort. Sie werden eine schriftliche Best\u00e4tigung erhalten. Ein Informationsblatt liegt bei, das f\u00fcr die Vorbereitung der Pilgerfahrt hilfreich sein kann. Diese Info beinhaltet: die Gebete, Lesungen und Vorschl\u00e4ge f\u00fcr die F\u00fcrbitten einer Votivmesse zur Jungfrau der Armen oder einer Messe zum Jahresthema. Begleitet ein Priester Ihre Gruppe, so leiten Sie diese Informationen bitte an ihn weiter, oder an die [&hellip;]","og_url":"https:\/\/banneux-nd.be\/de\/organisation\/","og_site_name":"Banneux Notre-Dame","article_publisher":"https:\/\/www.facebook.com\/NDBanneux\/","article_modified_time":"2025-06-12T14:06:03+00:00","twitter_card":"summary_large_image","twitter_misc":{"Gesch\u00e4tzte Lesezeit":"2\u00a0Minuten"},"schema":{"@context":"https:\/\/schema.org","@graph":[{"@type":"WebPage","@id":"https:\/\/banneux-nd.be\/de\/organisation\/","url":"https:\/\/banneux-nd.be\/de\/organisation\/","name":"Organisation - Banneux Notre-Dame","isPartOf":{"@id":"https:\/\/banneux-nd.be\/de\/#website"},"datePublished":"2015-07-20T06:56:23+00:00","dateModified":"2025-06-12T14:06:03+00:00","breadcrumb":{"@id":"https:\/\/banneux-nd.be\/de\/organisation\/#breadcrumb"},"inLanguage":"de","potentialAction":[{"@type":"ReadAction","target":["https:\/\/banneux-nd.be\/de\/organisation\/"]}]},{"@type":"BreadcrumbList","@id":"https:\/\/banneux-nd.be\/de\/organisation\/#breadcrumb","itemListElement":[{"@type":"ListItem","position":1,"name":"Accueil","item":"https:\/\/banneux-nd.be\/de\/"},{"@type":"ListItem","position":2,"name":"Organisation"}]},{"@type":"WebSite","@id":"https:\/\/banneux-nd.be\/de\/#website","url":"https:\/\/banneux-nd.be\/de\/","name":"Banneux Notre-Dame","description":"Sanctuaire de la Vierge des Pauvres (Belgique)","potentialAction":[{"@type":"SearchAction","target":{"@type":"EntryPoint","urlTemplate":"https:\/\/banneux-nd.be\/de\/?s={search_term_string}"},"query-input":{"@type":"PropertyValueSpecification","valueRequired":true,"valueName":"search_term_string"}}],"inLanguage":"de"}]}},"coauthors":[],"author_meta":{"author_link":"https:\/\/banneux-nd.be\/de\/author\/adminfr\/","display_name":"adminFR"},"relative_dates":{"created":"Ver\u00f6ffentlicht 11\u00a0Jahren vor","modified":"Aktualisiert 10\u00a0Monaten vor"},"absolute_dates":{"created":"Ver\u00f6ffentlicht am 20. Juli 2015","modified":"Aktualisiert am 12. Juni 2025"},"absolute_dates_time":{"created":"Ver\u00f6ffentlicht am 20. Juli 2015 8:56","modified":"Aktualisiert am 12. Juni 2025 16:06"},"featured_img_caption":"","featured_img":false,"series_order":"","jetpack_sharing_enabled":true,"_links":{"self":[{"href":"https:\/\/banneux-nd.be\/de\/wp-json\/wp\/v2\/pages\/1564","targetHints":{"allow":["GET"]}}],"collection":[{"href":"https:\/\/banneux-nd.be\/de\/wp-json\/wp\/v2\/pages"}],"about":[{"href":"https:\/\/banneux-nd.be\/de\/wp-json\/wp\/v2\/types\/page"}],"author":[{"embeddable":true,"href":"https:\/\/banneux-nd.be\/de\/wp-json\/wp\/v2\/users\/2"}],"replies":[{"embeddable":true,"href":"https:\/\/banneux-nd.be\/de\/wp-json\/wp\/v2\/comments?post=1564"}],"version-history":[{"count":7,"href":"https:\/\/banneux-nd.be\/de\/wp-json\/wp\/v2\/pages\/1564\/revisions"}],"predecessor-version":[{"id":20060,"href":"https:\/\/banneux-nd.be\/de\/wp-json\/wp\/v2\/pages\/1564\/revisions\/20060"}],"wp:attachment":[{"href":"https:\/\/banneux-nd.be\/de\/wp-json\/wp\/v2\/media?parent=1564"}],"curies":[{"name":"wp","href":"https:\/\/api.w.org\/{rel}","templated":true}]}}