{"id":1570,"date":"2015-07-20T08:56:23","date_gmt":"2015-07-20T06:56:23","guid":{"rendered":"http:\/\/wwwwp2.banneux-nd.be\/wp\/krankensegen\/"},"modified":"2018-04-21T19:53:03","modified_gmt":"2018-04-21T17:53:03","slug":"krankensegen","status":"publish","type":"page","link":"https:\/\/banneux-nd.be\/de\/krankensegen\/","title":{"rendered":"Krankensegen"},"content":{"rendered":"<p class=\"rtejustify\" style=\"text-align: justify;\"><img fetchpriority=\"high\" decoding=\"async\" style=\"padding: 5px; margin-right: 5px;\" src=\"https:\/\/banneux-nd.be\/wp-content\/uploads\/2017\/08\/Cardinal Danneels au Salut et \u00e0 la B\u00e9n\u00e9diction des malades2.jpg\" alt=\"\" width=\"279\" height=\"333\" align=\"left\" \/>Der Krankensegen ist ohne Zweifel die sch\u00f6nste Begegnung, die die Jungfrau der Armen den Pilgern anbietet! <strong>In der Wallfahrtssaison<\/strong> findet er t\u00e4glich (au\u00dfer freitags) um 15:00 Uhr statt.<\/p>\n<p class=\"rtejustify\" style=\"text-align: justify;\">In ihrer gro\u00dfen Demut bringt Maria hier klar zum Ausdruck, dass kein anderer als Ihr Sohn Jesus die Quelle ist, die Sie allen Nationen und deren Kranken vorbehalten hat. Denn Maria ruft uns nur deshalb zu sich, um uns zu Ihm zu f\u00fchren.<\/p>\n<p class=\"rtejustify\" style=\"text-align: justify;\">Dieser sehr andachtsvolle Gottesdienst ist ganz auf\u00a0 Jesus ausgerichtet. Er ist das Brot des Lebens, dem die versammelte Gemeinde ihre Kranken, Verletzten und am Leben Gescheiterten bringt, und dies durch die H\u00e4nde der Jungfrau der Armen, die gesagt hat: \u201e<em>Ich komme, das Leid zu lindern\u201c.<\/em><\/p>\n<p class=\"rtejustify\" style=\"text-align: justify;\">Die Priester, die das Allerheiligste tragen, sind oft tief bewegt: Sie sind ja die ersten Zeugen des Glaubens und der Ergriffenheit, welche der Vor\u00fcbergang Jesu in der Eucharistie bei den Menschen hervorruft.<\/p>\n<p class=\"rtejustify\" style=\"text-align: justify;\"><img decoding=\"async\" style=\"padding: 5px; margin-left: 5px;\" src=\"https:\/\/banneux-nd.be\/wp-content\/uploads\/2017\/08\/B\u00e9n\u00e9diction des Malades3.jpg\" alt=\"\" width=\"360\" height=\"242\" align=\"right\" \/>Nicht selten erkennen die Priester erst wenn sie selbst als Pilger kommen, tief bewegt ihr unendlich gro\u00dfes Privileg: Jesus durch die Menge tragen zu d\u00fcrfen, damit er die Menschen segnen kann\u2026<\/p>\n<p class=\"rtejustify\" style=\"text-align: justify;\">Welche Freude und welche Ermutigung f\u00fcr unseren Glauben! Gott gibt noch immer Zeichen der lebendigen Gegenwart Jesu mitten unter uns!<\/p>\n<p style=\"text-align: justify;\">\n","protected":false},"excerpt":{"rendered":"<p>Der Krankensegen ist ohne Zweifel die sch\u00f6nste Begegnung, die die Jungfrau der Armen den Pilgern anbietet! In der Wallfahrtssaison findet er t\u00e4glich (au\u00dfer freitags) um 15:00 Uhr statt. In ihrer gro\u00dfen Demut bringt Maria hier klar zum Ausdruck, dass kein anderer als Ihr Sohn Jesus die Quelle ist, die Sie allen Nationen und deren Kranken vorbehalten hat. Denn Maria ruft uns nur deshalb zu sich, um uns zu Ihm zu f\u00fchren. Dieser sehr andachtsvolle Gottesdienst ist ganz auf\u00a0 Jesus ausgerichtet. Er ist das Brot des Lebens, dem die versammelte Gemeinde ihre Kranken, Verletzten und am Leben Gescheiterten bringt, und dies durch die H\u00e4nde der Jungfrau der Armen, die gesagt hat: \u201eIch komme, das Leid zu lindern\u201c. Die Priester, die das [&hellip;]<\/p>\n","protected":false},"author":2,"featured_media":0,"parent":0,"menu_order":0,"comment_status":"closed","ping_status":"closed","template":"","meta":{"advgb_blocks_editor_width":"","advgb_blocks_columns_visual_guide":"","jetpack_post_was_ever_published":false,"footnotes":""},"class_list":["post-1570","page","type-page","status-publish","hentry"],"yoast_head":"<!-- This site is optimized with the Yoast SEO plugin v27.4 - https:\/\/yoast.com\/product\/yoast-seo-wordpress\/ -->\n<title>Krankensegen - Banneux Notre-Dame<\/title>\n<meta name=\"robots\" content=\"index, follow, max-snippet:-1, max-image-preview:large, max-video-preview:-1\" \/>\n<link rel=\"canonical\" href=\"https:\/\/banneux-nd.be\/de\/krankensegen\/\" \/>\n<meta property=\"og:locale\" content=\"de_DE\" \/>\n<meta property=\"og:type\" content=\"article\" \/>\n<meta property=\"og:title\" content=\"Krankensegen - Banneux Notre-Dame\" \/>\n<meta property=\"og:description\" content=\"Der Krankensegen ist ohne Zweifel die sch\u00f6nste Begegnung, die die Jungfrau der Armen den Pilgern anbietet! In der Wallfahrtssaison findet er t\u00e4glich (au\u00dfer freitags) um 15:00 Uhr statt. In ihrer gro\u00dfen Demut bringt Maria hier klar zum Ausdruck, dass kein anderer als Ihr Sohn Jesus die Quelle ist, die Sie allen Nationen und deren Kranken vorbehalten hat. Denn Maria ruft uns nur deshalb zu sich, um uns zu Ihm zu f\u00fchren. Dieser sehr andachtsvolle Gottesdienst ist ganz auf\u00a0 Jesus ausgerichtet. Er ist das Brot des Lebens, dem die versammelte Gemeinde ihre Kranken, Verletzten und am Leben Gescheiterten bringt, und dies durch die H\u00e4nde der Jungfrau der Armen, die gesagt hat: \u201eIch komme, das Leid zu lindern\u201c. Die Priester, die das [&hellip;]\" \/>\n<meta property=\"og:url\" content=\"https:\/\/banneux-nd.be\/de\/krankensegen\/\" \/>\n<meta property=\"og:site_name\" content=\"Banneux Notre-Dame\" \/>\n<meta property=\"article:publisher\" content=\"https:\/\/www.facebook.com\/NDBanneux\/\" \/>\n<meta property=\"article:modified_time\" content=\"2018-04-21T17:53:03+00:00\" \/>\n<meta property=\"og:image\" content=\"https:\/\/banneux-nd.be\/wp-content\/uploads\/2017\/08\/Cardinal%20Danneels%20au%20Salut%20et%20\u00e0%20la%20B\u00e9n\u00e9diction%20des%20malades2.jpg\" \/>\n<meta name=\"twitter:card\" content=\"summary_large_image\" \/>\n<meta name=\"twitter:label1\" content=\"Gesch\u00e4tzte Lesezeit\" \/>\n\t<meta name=\"twitter:data1\" content=\"1\u00a0Minute\" \/>\n<script type=\"application\/ld+json\" class=\"yoast-schema-graph\">{\"@context\":\"https:\\\/\\\/schema.org\",\"@graph\":[{\"@type\":\"WebPage\",\"@id\":\"https:\\\/\\\/banneux-nd.be\\\/de\\\/krankensegen\\\/\",\"url\":\"https:\\\/\\\/banneux-nd.be\\\/de\\\/krankensegen\\\/\",\"name\":\"Krankensegen - Banneux Notre-Dame\",\"isPartOf\":{\"@id\":\"https:\\\/\\\/banneux-nd.be\\\/de\\\/#website\"},\"datePublished\":\"2015-07-20T06:56:23+00:00\",\"dateModified\":\"2018-04-21T17:53:03+00:00\",\"breadcrumb\":{\"@id\":\"https:\\\/\\\/banneux-nd.be\\\/de\\\/krankensegen\\\/#breadcrumb\"},\"inLanguage\":\"de\",\"potentialAction\":[{\"@type\":\"ReadAction\",\"target\":[\"https:\\\/\\\/banneux-nd.be\\\/de\\\/krankensegen\\\/\"]}]},{\"@type\":\"BreadcrumbList\",\"@id\":\"https:\\\/\\\/banneux-nd.be\\\/de\\\/krankensegen\\\/#breadcrumb\",\"itemListElement\":[{\"@type\":\"ListItem\",\"position\":1,\"name\":\"Accueil\",\"item\":\"https:\\\/\\\/banneux-nd.be\\\/de\\\/\"},{\"@type\":\"ListItem\",\"position\":2,\"name\":\"Krankensegen\"}]},{\"@type\":\"WebSite\",\"@id\":\"https:\\\/\\\/banneux-nd.be\\\/de\\\/#website\",\"url\":\"https:\\\/\\\/banneux-nd.be\\\/de\\\/\",\"name\":\"Banneux Notre-Dame\",\"description\":\"Sanctuaire de la Vierge des Pauvres (Belgique)\",\"potentialAction\":[{\"@type\":\"SearchAction\",\"target\":{\"@type\":\"EntryPoint\",\"urlTemplate\":\"https:\\\/\\\/banneux-nd.be\\\/de\\\/?s={search_term_string}\"},\"query-input\":{\"@type\":\"PropertyValueSpecification\",\"valueRequired\":true,\"valueName\":\"search_term_string\"}}],\"inLanguage\":\"de\"}]}<\/script>\n<!-- \/ Yoast SEO plugin. -->","yoast_head_json":{"title":"Krankensegen - Banneux Notre-Dame","robots":{"index":"index","follow":"follow","max-snippet":"max-snippet:-1","max-image-preview":"max-image-preview:large","max-video-preview":"max-video-preview:-1"},"canonical":"https:\/\/banneux-nd.be\/de\/krankensegen\/","og_locale":"de_DE","og_type":"article","og_title":"Krankensegen - Banneux Notre-Dame","og_description":"Der Krankensegen ist ohne Zweifel die sch\u00f6nste Begegnung, die die Jungfrau der Armen den Pilgern anbietet! In der Wallfahrtssaison findet er t\u00e4glich (au\u00dfer freitags) um 15:00 Uhr statt. In ihrer gro\u00dfen Demut bringt Maria hier klar zum Ausdruck, dass kein anderer als Ihr Sohn Jesus die Quelle ist, die Sie allen Nationen und deren Kranken vorbehalten hat. Denn Maria ruft uns nur deshalb zu sich, um uns zu Ihm zu f\u00fchren. Dieser sehr andachtsvolle Gottesdienst ist ganz auf\u00a0 Jesus ausgerichtet. Er ist das Brot des Lebens, dem die versammelte Gemeinde ihre Kranken, Verletzten und am Leben Gescheiterten bringt, und dies durch die H\u00e4nde der Jungfrau der Armen, die gesagt hat: \u201eIch komme, das Leid zu lindern\u201c. Die Priester, die das [&hellip;]","og_url":"https:\/\/banneux-nd.be\/de\/krankensegen\/","og_site_name":"Banneux Notre-Dame","article_publisher":"https:\/\/www.facebook.com\/NDBanneux\/","article_modified_time":"2018-04-21T17:53:03+00:00","og_image":[{"url":"https:\/\/banneux-nd.be\/wp-content\/uploads\/2017\/08\/Cardinal Danneels au Salut et \u00e0 la B\u00e9n\u00e9diction des malades2.jpg","type":"","width":"","height":""}],"twitter_card":"summary_large_image","twitter_misc":{"Gesch\u00e4tzte Lesezeit":"1\u00a0Minute"},"schema":{"@context":"https:\/\/schema.org","@graph":[{"@type":"WebPage","@id":"https:\/\/banneux-nd.be\/de\/krankensegen\/","url":"https:\/\/banneux-nd.be\/de\/krankensegen\/","name":"Krankensegen - Banneux Notre-Dame","isPartOf":{"@id":"https:\/\/banneux-nd.be\/de\/#website"},"datePublished":"2015-07-20T06:56:23+00:00","dateModified":"2018-04-21T17:53:03+00:00","breadcrumb":{"@id":"https:\/\/banneux-nd.be\/de\/krankensegen\/#breadcrumb"},"inLanguage":"de","potentialAction":[{"@type":"ReadAction","target":["https:\/\/banneux-nd.be\/de\/krankensegen\/"]}]},{"@type":"BreadcrumbList","@id":"https:\/\/banneux-nd.be\/de\/krankensegen\/#breadcrumb","itemListElement":[{"@type":"ListItem","position":1,"name":"Accueil","item":"https:\/\/banneux-nd.be\/de\/"},{"@type":"ListItem","position":2,"name":"Krankensegen"}]},{"@type":"WebSite","@id":"https:\/\/banneux-nd.be\/de\/#website","url":"https:\/\/banneux-nd.be\/de\/","name":"Banneux Notre-Dame","description":"Sanctuaire de la Vierge des Pauvres (Belgique)","potentialAction":[{"@type":"SearchAction","target":{"@type":"EntryPoint","urlTemplate":"https:\/\/banneux-nd.be\/de\/?s={search_term_string}"},"query-input":{"@type":"PropertyValueSpecification","valueRequired":true,"valueName":"search_term_string"}}],"inLanguage":"de"}]}},"coauthors":[],"author_meta":{"author_link":"https:\/\/banneux-nd.be\/de\/author\/adminfr\/","display_name":"adminFR"},"relative_dates":{"created":"Ver\u00f6ffentlicht 11\u00a0Jahren vor","modified":"Aktualisiert 8\u00a0Jahren vor"},"absolute_dates":{"created":"Ver\u00f6ffentlicht am 20. Juli 2015","modified":"Aktualisiert am 21. April 2018"},"absolute_dates_time":{"created":"Ver\u00f6ffentlicht am 20. Juli 2015 8:56","modified":"Aktualisiert am 21. April 2018 19:53"},"featured_img_caption":"","featured_img":false,"series_order":"","jetpack_sharing_enabled":true,"_links":{"self":[{"href":"https:\/\/banneux-nd.be\/de\/wp-json\/wp\/v2\/pages\/1570","targetHints":{"allow":["GET"]}}],"collection":[{"href":"https:\/\/banneux-nd.be\/de\/wp-json\/wp\/v2\/pages"}],"about":[{"href":"https:\/\/banneux-nd.be\/de\/wp-json\/wp\/v2\/types\/page"}],"author":[{"embeddable":true,"href":"https:\/\/banneux-nd.be\/de\/wp-json\/wp\/v2\/users\/2"}],"replies":[{"embeddable":true,"href":"https:\/\/banneux-nd.be\/de\/wp-json\/wp\/v2\/comments?post=1570"}],"version-history":[{"count":0,"href":"https:\/\/banneux-nd.be\/de\/wp-json\/wp\/v2\/pages\/1570\/revisions"}],"wp:attachment":[{"href":"https:\/\/banneux-nd.be\/de\/wp-json\/wp\/v2\/media?parent=1570"}],"curies":[{"name":"wp","href":"https:\/\/api.w.org\/{rel}","templated":true}]}}