{"id":1577,"date":"2015-07-20T08:56:23","date_gmt":"2015-07-20T06:56:23","guid":{"rendered":"http:\/\/wwwwp2.banneux-nd.be\/wp\/botschaft\/"},"modified":"2018-06-01T01:28:19","modified_gmt":"2018-05-31T23:28:19","slug":"botschaft","status":"publish","type":"page","link":"https:\/\/banneux-nd.be\/de\/botschaft\/","title":{"rendered":"Botschaft"},"content":{"rendered":"<p style=\"text-align: justify;\"><strong>Sonntag, der 15. Januar 1933<\/strong><br \/>\nAls Mariette auf die R\u00fcckkehr ihres j\u00fcngeren Bruders wartet, sieht sie eine sch\u00f6ne Dame im Vorgarten des Hauses.\u00a0 Ihre Mutter sieht dies ebenfalls. Die Jungfrau Maria l\u00e4dt das Kind durch eine Handbewegung nach drau\u00dfen ein, doch die Mutter f\u00fcrchtet sich und verriegelt die Haust\u00fcr.<\/p>\n<p style=\"text-align: justify;\"><strong><img fetchpriority=\"high\" decoding=\"async\" style=\"padding: 5px; margin-right: 5px;\" src=\"https:\/\/banneux-nd.be\/wp-content\/uploads\/2017\/08\/Source Vue Z\u00e9nith.jpg\" alt=\"\" width=\"338\" height=\"315\" align=\"left\" \/>Mittwoch, der 18. Januar 1933<\/strong><br \/>\nStilles gemeinsames Gebet w\u00e4hrend zwanzig Minuten. Dann geht Maria -r\u00fcckw\u00e4rts gleitend- voraus und f\u00fchrt Mariette zur Quelle, ohne den Blick von ihr abzuwenden. Drei Mal f\u00e4llt Mariette auf die Knie nieder um mit Maria zu beten. Bei der Quelle sagt diese zu ihr: <em>Taucht eure H\u00e4nde in das Wasser. Diese Quelle ist mir vorbehalten. Guten Abend. Auf Wiedersehen<\/em>.<\/p>\n<p style=\"text-align: justify;\"><strong>Donnerstag, der 19. Januar 1933<\/strong><br \/>\nDie Sch\u00f6ne Dame offenbart ihren\u00a0 neuen Namen: <em>Ich bin die Jungfrau der Armen<\/em>. Das Kind glaubt, dass die Quelle f\u00fcr es selbst\u00a0 bestimmt ist m\u00f6chte das verstehen. Voller G\u00fcte l\u00e4chelt Maria noch liebevoller und antwortet: <em>Diese Quelle ist f\u00fcr alle Nationen\u2026 f\u00fcr die Kranken. Ich werde f\u00fcr dich beten. Auf Wiedersehen<\/em>.<\/p>\n<p style=\"text-align: justify;\"><strong>Freitag, der 20. Januar 1933<\/strong><img decoding=\"async\" style=\"padding: 5px; margin-left: 5px;\" src=\"https:\/\/banneux-nd.be\/wp-content\/uploads\/2017\/08\/Eau de la source.jpg\" alt=\"\" width=\"242\" height=\"309\" align=\"right\" \/><br \/>\n<em>Was w\u00fcnschen Sie, sch\u00f6ne Dame?<\/em> fragt das Kind. Maria antwortet: <em>Ich w\u00fcnsche eine kleine Kapelle<\/em>. Sie segnet das Kind, das daraufhin ohnm\u00e4chtig wird. Der besorgte Vater bringt Mariette ins Haus, wo sie schnell wieder zu sich kommt. Wenig sp\u00e4ter schl\u00e4ft Mariette ruhig ein.<br \/>\nDrei lange Wochen vergehen; das Kind geht jeden Abend hinaus um zu beten, doch die Jungfrau Maria erscheint nicht. Mariette, die kaum betete und selten zur Kirche ging, betet nun an manchen Abenden bis zu sieben Rosenkr\u00e4nze\u2026<\/p>\n<p style=\"text-align: justify;\"><strong>Samstag, der 11. Februar 1933<\/strong><br \/>\nWelche Freude! Die Jungfrau der Armen vertraut Mariette das Herz der Botschaft an: <em>Ich komme, das Leiden zu lindern<\/em>. Dieser 11. Februar war der 75. Jahrestag der ersten Erscheinung in Lourdes. Papst Johannes Paul II. hat diesen Tag zum internationalen Gebetstag f\u00fcr die Kranken bestimmt.<\/p>\n<p style=\"text-align: justify;\"><strong><img decoding=\"async\" style=\"padding: 5px; margin-right: 5px;\" src=\"https:\/\/banneux-nd.be\/wp-content\/uploads\/2017\/08\/Source Foule.jpg\" alt=\"\" width=\"357\" height=\"245\" align=\"left\" \/>Mittwoch, der 15. Februar 1933<\/strong><br \/>\nDem Wunsch von Kaplan Jamin entsprechend, bittet Mariette um ein Zeichen. Maria antwortet: <em>Glaubt an mich\u2026 ich werde an euch glauben\u2026 betet viel. Auf Wiedersehen<\/em>.<\/p>\n<p style=\"text-align: justify;\">Kaplan Jamin f\u00fchlt sich in seinen Zweifeln verstanden. Er bekehrt sich und wird zu einem der eifrigsten Verfechter Mariettes und der Botschaft der Jungfrau der Armen.<\/p>\n<p style=\"text-align: justify;\"><strong>Montag, der 20. Februar 1933<\/strong><br \/>\nBei einer kurzen Erscheinung dr\u00e4ngt Maria: <em>Mein liebes Kind, betet viel. Auf Wiedersehen.<\/em><\/p>\n<p style=\"text-align: justify;\"><strong>Donnerstag, der 2. M\u00e4rz 1933<\/strong><br \/>\nDie \u201esch\u00f6ne Dame\u201c zeigt sich ein letztes Mal: <em>Ich bin die Mutter des Erl\u00f6sers &#8211; Mutter Gottes\u2026 Betet viel. Adieu<\/em>. Sie legt Mariette die H\u00e4nde auf und segnet sie.<\/p>\n","protected":false},"excerpt":{"rendered":"<p>Sonntag, der 15. Januar 1933 Als Mariette auf die R\u00fcckkehr ihres j\u00fcngeren Bruders wartet, sieht sie eine sch\u00f6ne Dame im Vorgarten des Hauses.\u00a0 Ihre Mutter sieht dies ebenfalls. Die Jungfrau Maria l\u00e4dt das Kind durch eine Handbewegung nach drau\u00dfen ein, doch die Mutter f\u00fcrchtet sich und verriegelt die Haust\u00fcr. Mittwoch, der 18. Januar 1933 Stilles gemeinsames Gebet w\u00e4hrend zwanzig Minuten. Dann geht Maria -r\u00fcckw\u00e4rts gleitend- voraus und f\u00fchrt Mariette zur Quelle, ohne den Blick von ihr abzuwenden. Drei Mal f\u00e4llt Mariette auf die Knie nieder um mit Maria zu beten. Bei der Quelle sagt diese zu ihr: Taucht eure H\u00e4nde in das Wasser. Diese Quelle ist mir vorbehalten. Guten Abend. Auf Wiedersehen. Donnerstag, der 19. Januar 1933 Die Sch\u00f6ne Dame [&hellip;]<\/p>\n","protected":false},"author":2,"featured_media":0,"parent":0,"menu_order":0,"comment_status":"closed","ping_status":"closed","template":"","meta":{"advgb_blocks_editor_width":"","advgb_blocks_columns_visual_guide":"","jetpack_post_was_ever_published":false,"footnotes":""},"class_list":["post-1577","page","type-page","status-publish","hentry"],"yoast_head":"<!-- This site is optimized with the Yoast SEO plugin v27.4 - https:\/\/yoast.com\/product\/yoast-seo-wordpress\/ -->\n<title>Botschaft - Banneux Notre-Dame<\/title>\n<meta name=\"robots\" content=\"index, follow, max-snippet:-1, max-image-preview:large, max-video-preview:-1\" \/>\n<link rel=\"canonical\" href=\"https:\/\/banneux-nd.be\/de\/botschaft\/\" \/>\n<meta property=\"og:locale\" content=\"de_DE\" \/>\n<meta property=\"og:type\" content=\"article\" \/>\n<meta property=\"og:title\" content=\"Botschaft - Banneux Notre-Dame\" \/>\n<meta property=\"og:description\" content=\"Sonntag, der 15. Januar 1933 Als Mariette auf die R\u00fcckkehr ihres j\u00fcngeren Bruders wartet, sieht sie eine sch\u00f6ne Dame im Vorgarten des Hauses.\u00a0 Ihre Mutter sieht dies ebenfalls. Die Jungfrau Maria l\u00e4dt das Kind durch eine Handbewegung nach drau\u00dfen ein, doch die Mutter f\u00fcrchtet sich und verriegelt die Haust\u00fcr. Mittwoch, der 18. Januar 1933 Stilles gemeinsames Gebet w\u00e4hrend zwanzig Minuten. Dann geht Maria -r\u00fcckw\u00e4rts gleitend- voraus und f\u00fchrt Mariette zur Quelle, ohne den Blick von ihr abzuwenden. Drei Mal f\u00e4llt Mariette auf die Knie nieder um mit Maria zu beten. Bei der Quelle sagt diese zu ihr: Taucht eure H\u00e4nde in das Wasser. Diese Quelle ist mir vorbehalten. Guten Abend. Auf Wiedersehen. Donnerstag, der 19. Januar 1933 Die Sch\u00f6ne Dame [&hellip;]\" \/>\n<meta property=\"og:url\" content=\"https:\/\/banneux-nd.be\/de\/botschaft\/\" \/>\n<meta property=\"og:site_name\" content=\"Banneux Notre-Dame\" \/>\n<meta property=\"article:publisher\" content=\"https:\/\/www.facebook.com\/NDBanneux\/\" \/>\n<meta property=\"article:modified_time\" content=\"2018-05-31T23:28:19+00:00\" \/>\n<meta property=\"og:image\" content=\"https:\/\/banneux-nd.be\/wp-content\/uploads\/2017\/08\/Source%20Vue%20Z\u00e9nith.jpg\" \/>\n<meta name=\"twitter:card\" content=\"summary_large_image\" \/>\n<meta name=\"twitter:label1\" content=\"Gesch\u00e4tzte Lesezeit\" \/>\n\t<meta name=\"twitter:data1\" content=\"2\u00a0Minuten\" \/>\n<script type=\"application\/ld+json\" class=\"yoast-schema-graph\">{\"@context\":\"https:\\\/\\\/schema.org\",\"@graph\":[{\"@type\":\"WebPage\",\"@id\":\"https:\\\/\\\/banneux-nd.be\\\/de\\\/botschaft\\\/\",\"url\":\"https:\\\/\\\/banneux-nd.be\\\/de\\\/botschaft\\\/\",\"name\":\"Botschaft - Banneux Notre-Dame\",\"isPartOf\":{\"@id\":\"https:\\\/\\\/banneux-nd.be\\\/de\\\/#website\"},\"datePublished\":\"2015-07-20T06:56:23+00:00\",\"dateModified\":\"2018-05-31T23:28:19+00:00\",\"breadcrumb\":{\"@id\":\"https:\\\/\\\/banneux-nd.be\\\/de\\\/botschaft\\\/#breadcrumb\"},\"inLanguage\":\"de\",\"potentialAction\":[{\"@type\":\"ReadAction\",\"target\":[\"https:\\\/\\\/banneux-nd.be\\\/de\\\/botschaft\\\/\"]}]},{\"@type\":\"BreadcrumbList\",\"@id\":\"https:\\\/\\\/banneux-nd.be\\\/de\\\/botschaft\\\/#breadcrumb\",\"itemListElement\":[{\"@type\":\"ListItem\",\"position\":1,\"name\":\"Accueil\",\"item\":\"https:\\\/\\\/banneux-nd.be\\\/de\\\/\"},{\"@type\":\"ListItem\",\"position\":2,\"name\":\"Botschaft\"}]},{\"@type\":\"WebSite\",\"@id\":\"https:\\\/\\\/banneux-nd.be\\\/de\\\/#website\",\"url\":\"https:\\\/\\\/banneux-nd.be\\\/de\\\/\",\"name\":\"Banneux Notre-Dame\",\"description\":\"Sanctuaire de la Vierge des Pauvres (Belgique)\",\"potentialAction\":[{\"@type\":\"SearchAction\",\"target\":{\"@type\":\"EntryPoint\",\"urlTemplate\":\"https:\\\/\\\/banneux-nd.be\\\/de\\\/?s={search_term_string}\"},\"query-input\":{\"@type\":\"PropertyValueSpecification\",\"valueRequired\":true,\"valueName\":\"search_term_string\"}}],\"inLanguage\":\"de\"}]}<\/script>\n<!-- \/ Yoast SEO plugin. -->","yoast_head_json":{"title":"Botschaft - Banneux Notre-Dame","robots":{"index":"index","follow":"follow","max-snippet":"max-snippet:-1","max-image-preview":"max-image-preview:large","max-video-preview":"max-video-preview:-1"},"canonical":"https:\/\/banneux-nd.be\/de\/botschaft\/","og_locale":"de_DE","og_type":"article","og_title":"Botschaft - Banneux Notre-Dame","og_description":"Sonntag, der 15. Januar 1933 Als Mariette auf die R\u00fcckkehr ihres j\u00fcngeren Bruders wartet, sieht sie eine sch\u00f6ne Dame im Vorgarten des Hauses.\u00a0 Ihre Mutter sieht dies ebenfalls. Die Jungfrau Maria l\u00e4dt das Kind durch eine Handbewegung nach drau\u00dfen ein, doch die Mutter f\u00fcrchtet sich und verriegelt die Haust\u00fcr. Mittwoch, der 18. Januar 1933 Stilles gemeinsames Gebet w\u00e4hrend zwanzig Minuten. Dann geht Maria -r\u00fcckw\u00e4rts gleitend- voraus und f\u00fchrt Mariette zur Quelle, ohne den Blick von ihr abzuwenden. Drei Mal f\u00e4llt Mariette auf die Knie nieder um mit Maria zu beten. Bei der Quelle sagt diese zu ihr: Taucht eure H\u00e4nde in das Wasser. Diese Quelle ist mir vorbehalten. Guten Abend. Auf Wiedersehen. Donnerstag, der 19. Januar 1933 Die Sch\u00f6ne Dame [&hellip;]","og_url":"https:\/\/banneux-nd.be\/de\/botschaft\/","og_site_name":"Banneux Notre-Dame","article_publisher":"https:\/\/www.facebook.com\/NDBanneux\/","article_modified_time":"2018-05-31T23:28:19+00:00","og_image":[{"url":"https:\/\/banneux-nd.be\/wp-content\/uploads\/2017\/08\/Source Vue Z\u00e9nith.jpg","type":"","width":"","height":""}],"twitter_card":"summary_large_image","twitter_misc":{"Gesch\u00e4tzte Lesezeit":"2\u00a0Minuten"},"schema":{"@context":"https:\/\/schema.org","@graph":[{"@type":"WebPage","@id":"https:\/\/banneux-nd.be\/de\/botschaft\/","url":"https:\/\/banneux-nd.be\/de\/botschaft\/","name":"Botschaft - Banneux Notre-Dame","isPartOf":{"@id":"https:\/\/banneux-nd.be\/de\/#website"},"datePublished":"2015-07-20T06:56:23+00:00","dateModified":"2018-05-31T23:28:19+00:00","breadcrumb":{"@id":"https:\/\/banneux-nd.be\/de\/botschaft\/#breadcrumb"},"inLanguage":"de","potentialAction":[{"@type":"ReadAction","target":["https:\/\/banneux-nd.be\/de\/botschaft\/"]}]},{"@type":"BreadcrumbList","@id":"https:\/\/banneux-nd.be\/de\/botschaft\/#breadcrumb","itemListElement":[{"@type":"ListItem","position":1,"name":"Accueil","item":"https:\/\/banneux-nd.be\/de\/"},{"@type":"ListItem","position":2,"name":"Botschaft"}]},{"@type":"WebSite","@id":"https:\/\/banneux-nd.be\/de\/#website","url":"https:\/\/banneux-nd.be\/de\/","name":"Banneux Notre-Dame","description":"Sanctuaire de la Vierge des Pauvres (Belgique)","potentialAction":[{"@type":"SearchAction","target":{"@type":"EntryPoint","urlTemplate":"https:\/\/banneux-nd.be\/de\/?s={search_term_string}"},"query-input":{"@type":"PropertyValueSpecification","valueRequired":true,"valueName":"search_term_string"}}],"inLanguage":"de"}]}},"coauthors":[],"author_meta":{"author_link":"https:\/\/banneux-nd.be\/de\/author\/adminfr\/","display_name":"adminFR"},"relative_dates":{"created":"Ver\u00f6ffentlicht 11\u00a0Jahren vor","modified":"Aktualisiert 8\u00a0Jahren vor"},"absolute_dates":{"created":"Ver\u00f6ffentlicht am 20. Juli 2015","modified":"Aktualisiert am 1. Juni 2018"},"absolute_dates_time":{"created":"Ver\u00f6ffentlicht am 20. Juli 2015 8:56","modified":"Aktualisiert am 1. Juni 2018 1:28"},"featured_img_caption":"","featured_img":false,"series_order":"","jetpack_sharing_enabled":true,"_links":{"self":[{"href":"https:\/\/banneux-nd.be\/de\/wp-json\/wp\/v2\/pages\/1577","targetHints":{"allow":["GET"]}}],"collection":[{"href":"https:\/\/banneux-nd.be\/de\/wp-json\/wp\/v2\/pages"}],"about":[{"href":"https:\/\/banneux-nd.be\/de\/wp-json\/wp\/v2\/types\/page"}],"author":[{"embeddable":true,"href":"https:\/\/banneux-nd.be\/de\/wp-json\/wp\/v2\/users\/2"}],"replies":[{"embeddable":true,"href":"https:\/\/banneux-nd.be\/de\/wp-json\/wp\/v2\/comments?post=1577"}],"version-history":[{"count":1,"href":"https:\/\/banneux-nd.be\/de\/wp-json\/wp\/v2\/pages\/1577\/revisions"}],"predecessor-version":[{"id":8780,"href":"https:\/\/banneux-nd.be\/de\/wp-json\/wp\/v2\/pages\/1577\/revisions\/8780"}],"wp:attachment":[{"href":"https:\/\/banneux-nd.be\/de\/wp-json\/wp\/v2\/media?parent=1577"}],"curies":[{"name":"wp","href":"https:\/\/api.w.org\/{rel}","templated":true}]}}