{"id":1583,"date":"2015-07-20T08:58:06","date_gmt":"2015-07-20T06:58:06","guid":{"rendered":"http:\/\/wwwwp2.banneux-nd.be\/wp\/untersuchung\/"},"modified":"2018-04-21T18:24:27","modified_gmt":"2018-04-21T16:24:27","slug":"untersuchung","status":"publish","type":"page","link":"https:\/\/banneux-nd.be\/de\/untersuchung\/","title":{"rendered":"Untersuchung"},"content":{"rendered":"<p><strong>Der kirchliche Anerkennungsprozess verlief in mehreren Etappen.<\/strong><\/p>\n<p style=\"text-align: justify;\">Bei der Nachricht der ersten Erscheinungen zeigte sich Msgr. Kerkhofs zun\u00e4chst noch skeptisch und zur\u00fcckhaltend. Er erkannte aber sehr bald den tiefen Wert der Botschaft selbst, sowie die Echtheit der Marienverehrung, die in Banneux ohne jede Extravaganz gelebt wurde.<\/p>\n<p class=\"rtecenter\"><img decoding=\"async\" style=\"width: 100%;\" src=\"https:\/\/banneux-nd.be\/wp-content\/uploads\/2017\/08\/Panoramique Source.jpg\" alt=\"\" \/><\/p>\n<p style=\"text-align: justify;\">Sein pers\u00f6nliches Vertrauen zu Maria f\u00fchrte ihn dazu, mit Umsicht die Fakten zu begutachten, deren Zeugin Mariette geworden war. Mit gro\u00dfer Diskretion \u00fcbernahm er seine Verantwortung als Bischof dem ihm anvertrauten Volk Gottes gegen\u00fcber und dies im Einklang mit der Lehre der um das Seelenheil der Gl\u00e4ubigen besorgten Kirche.<\/p>\n<p style=\"text-align: justify;\">Er berief eine erste Untersuchungskommission ein und es begann eine langwierige Prozedur, mit vielen unerwarteten Wendungen. Es galt nicht nur, die \u00f6ffentliche Verehrung der Jungfrau der Armen zu erlauben, sondern auch die Echtheit der Ereignisse anzuerkennen, die sich zwischen dem 15. Januar und dem 2. M\u00e4rz 1933 in Banneux ereignet hatten. Msgr Kerkhofs wachte selbst \u00fcber die strenge Beobachtung der theologischen und historischen Kriterien. 73 Zeugen wurden von der ersten Di\u00f6zesankommission angeh\u00f6rt und zahlreiche Experten (\u00c4rzte, Historiker, Theologen und Kirchenrechtler) wurden befragt. Aber Msgr. Kerkhofs konnte sein eigenes Z\u00f6gern erst durch die kritische Untersuchung aller Zeugnisse durch den Jesuitenpater Ren\u00e9 Rutten \u00fcberwinden. Dieser hat eine ausgezeichnete Arbeit geleistet.<\/p>\n<p style=\"text-align: justify;\">So konnte der Bischof ab 1942 zur Verehrung und zu den Ereignissen von Banneux Stellung nehmen. Die Erkl\u00e4rungen der Hirtenbriefe von 1942 und 1947 wurden durch jene vom 22. August 1949 best\u00e4tigt und sogar noch bekr\u00e4ftigt. Als Oberhirte der Kirche Gottes in L\u00fcttich gab Msgr. Kerkhofs den Gl\u00e4ubigen die Zusicherung der evangelischen Reinheit der Botschaft und der Echtheit der Ereignisse. Die Aufrichtigkeit der Zeugin, ihre Schlichtheit und ihre Uneigenn\u00fctzigkeit erlaubten folgendes klare und berechtigte Urteil: Maria ist diesem Kind mitten im Winter 1933 erschienen\u00a0 und hat an uns die Worte gerichtet, die Mariette Beco treu \u00fcberliefert hat.<\/p>\n","protected":false},"excerpt":{"rendered":"<p>Der kirchliche Anerkennungsprozess verlief in mehreren Etappen. Bei der Nachricht der ersten Erscheinungen zeigte sich Msgr. Kerkhofs zun\u00e4chst noch skeptisch und zur\u00fcckhaltend. Er erkannte aber sehr bald den tiefen Wert der Botschaft selbst, sowie die Echtheit der Marienverehrung, die in Banneux ohne jede Extravaganz gelebt wurde. Sein pers\u00f6nliches Vertrauen zu Maria f\u00fchrte ihn dazu, mit Umsicht die Fakten zu begutachten, deren Zeugin Mariette geworden war. Mit gro\u00dfer Diskretion \u00fcbernahm er seine Verantwortung als Bischof dem ihm anvertrauten Volk Gottes gegen\u00fcber und dies im Einklang mit der Lehre der um das Seelenheil der Gl\u00e4ubigen besorgten Kirche. Er berief eine erste Untersuchungskommission ein und es begann eine langwierige Prozedur, mit vielen unerwarteten Wendungen. Es galt nicht nur, die \u00f6ffentliche Verehrung der Jungfrau [&hellip;]<\/p>\n","protected":false},"author":2,"featured_media":0,"parent":0,"menu_order":0,"comment_status":"closed","ping_status":"closed","template":"","meta":{"advgb_blocks_editor_width":"","advgb_blocks_columns_visual_guide":"","jetpack_post_was_ever_published":false,"footnotes":""},"class_list":["post-1583","page","type-page","status-publish","hentry"],"yoast_head":"<!-- This site is optimized with the Yoast SEO plugin v27.4 - https:\/\/yoast.com\/product\/yoast-seo-wordpress\/ -->\n<title>Untersuchung - Banneux Notre-Dame<\/title>\n<meta name=\"robots\" content=\"index, follow, max-snippet:-1, max-image-preview:large, max-video-preview:-1\" \/>\n<link rel=\"canonical\" href=\"https:\/\/banneux-nd.be\/de\/untersuchung\/\" \/>\n<meta property=\"og:locale\" content=\"de_DE\" \/>\n<meta property=\"og:type\" content=\"article\" \/>\n<meta property=\"og:title\" content=\"Untersuchung - Banneux Notre-Dame\" \/>\n<meta property=\"og:description\" content=\"Der kirchliche Anerkennungsprozess verlief in mehreren Etappen. Bei der Nachricht der ersten Erscheinungen zeigte sich Msgr. Kerkhofs zun\u00e4chst noch skeptisch und zur\u00fcckhaltend. Er erkannte aber sehr bald den tiefen Wert der Botschaft selbst, sowie die Echtheit der Marienverehrung, die in Banneux ohne jede Extravaganz gelebt wurde. Sein pers\u00f6nliches Vertrauen zu Maria f\u00fchrte ihn dazu, mit Umsicht die Fakten zu begutachten, deren Zeugin Mariette geworden war. Mit gro\u00dfer Diskretion \u00fcbernahm er seine Verantwortung als Bischof dem ihm anvertrauten Volk Gottes gegen\u00fcber und dies im Einklang mit der Lehre der um das Seelenheil der Gl\u00e4ubigen besorgten Kirche. Er berief eine erste Untersuchungskommission ein und es begann eine langwierige Prozedur, mit vielen unerwarteten Wendungen. Es galt nicht nur, die \u00f6ffentliche Verehrung der Jungfrau [&hellip;]\" \/>\n<meta property=\"og:url\" content=\"https:\/\/banneux-nd.be\/de\/untersuchung\/\" \/>\n<meta property=\"og:site_name\" content=\"Banneux Notre-Dame\" \/>\n<meta property=\"article:publisher\" content=\"https:\/\/www.facebook.com\/NDBanneux\/\" \/>\n<meta property=\"article:modified_time\" content=\"2018-04-21T16:24:27+00:00\" \/>\n<meta property=\"og:image\" content=\"https:\/\/banneux-nd.be\/wp-content\/uploads\/2017\/08\/Panoramique%20Source.jpg\" \/>\n<meta name=\"twitter:card\" content=\"summary_large_image\" \/>\n<meta name=\"twitter:label1\" content=\"Gesch\u00e4tzte Lesezeit\" \/>\n\t<meta name=\"twitter:data1\" content=\"2\u00a0Minuten\" \/>\n<script type=\"application\/ld+json\" class=\"yoast-schema-graph\">{\"@context\":\"https:\\\/\\\/schema.org\",\"@graph\":[{\"@type\":\"WebPage\",\"@id\":\"https:\\\/\\\/banneux-nd.be\\\/de\\\/untersuchung\\\/\",\"url\":\"https:\\\/\\\/banneux-nd.be\\\/de\\\/untersuchung\\\/\",\"name\":\"Untersuchung - Banneux Notre-Dame\",\"isPartOf\":{\"@id\":\"https:\\\/\\\/banneux-nd.be\\\/de\\\/#website\"},\"datePublished\":\"2015-07-20T06:58:06+00:00\",\"dateModified\":\"2018-04-21T16:24:27+00:00\",\"breadcrumb\":{\"@id\":\"https:\\\/\\\/banneux-nd.be\\\/de\\\/untersuchung\\\/#breadcrumb\"},\"inLanguage\":\"de\",\"potentialAction\":[{\"@type\":\"ReadAction\",\"target\":[\"https:\\\/\\\/banneux-nd.be\\\/de\\\/untersuchung\\\/\"]}]},{\"@type\":\"BreadcrumbList\",\"@id\":\"https:\\\/\\\/banneux-nd.be\\\/de\\\/untersuchung\\\/#breadcrumb\",\"itemListElement\":[{\"@type\":\"ListItem\",\"position\":1,\"name\":\"Accueil\",\"item\":\"https:\\\/\\\/banneux-nd.be\\\/de\\\/\"},{\"@type\":\"ListItem\",\"position\":2,\"name\":\"Untersuchung\"}]},{\"@type\":\"WebSite\",\"@id\":\"https:\\\/\\\/banneux-nd.be\\\/de\\\/#website\",\"url\":\"https:\\\/\\\/banneux-nd.be\\\/de\\\/\",\"name\":\"Banneux Notre-Dame\",\"description\":\"Sanctuaire de la Vierge des Pauvres (Belgique)\",\"potentialAction\":[{\"@type\":\"SearchAction\",\"target\":{\"@type\":\"EntryPoint\",\"urlTemplate\":\"https:\\\/\\\/banneux-nd.be\\\/de\\\/?s={search_term_string}\"},\"query-input\":{\"@type\":\"PropertyValueSpecification\",\"valueRequired\":true,\"valueName\":\"search_term_string\"}}],\"inLanguage\":\"de\"}]}<\/script>\n<!-- \/ Yoast SEO plugin. -->","yoast_head_json":{"title":"Untersuchung - Banneux Notre-Dame","robots":{"index":"index","follow":"follow","max-snippet":"max-snippet:-1","max-image-preview":"max-image-preview:large","max-video-preview":"max-video-preview:-1"},"canonical":"https:\/\/banneux-nd.be\/de\/untersuchung\/","og_locale":"de_DE","og_type":"article","og_title":"Untersuchung - Banneux Notre-Dame","og_description":"Der kirchliche Anerkennungsprozess verlief in mehreren Etappen. Bei der Nachricht der ersten Erscheinungen zeigte sich Msgr. Kerkhofs zun\u00e4chst noch skeptisch und zur\u00fcckhaltend. Er erkannte aber sehr bald den tiefen Wert der Botschaft selbst, sowie die Echtheit der Marienverehrung, die in Banneux ohne jede Extravaganz gelebt wurde. Sein pers\u00f6nliches Vertrauen zu Maria f\u00fchrte ihn dazu, mit Umsicht die Fakten zu begutachten, deren Zeugin Mariette geworden war. Mit gro\u00dfer Diskretion \u00fcbernahm er seine Verantwortung als Bischof dem ihm anvertrauten Volk Gottes gegen\u00fcber und dies im Einklang mit der Lehre der um das Seelenheil der Gl\u00e4ubigen besorgten Kirche. Er berief eine erste Untersuchungskommission ein und es begann eine langwierige Prozedur, mit vielen unerwarteten Wendungen. Es galt nicht nur, die \u00f6ffentliche Verehrung der Jungfrau [&hellip;]","og_url":"https:\/\/banneux-nd.be\/de\/untersuchung\/","og_site_name":"Banneux Notre-Dame","article_publisher":"https:\/\/www.facebook.com\/NDBanneux\/","article_modified_time":"2018-04-21T16:24:27+00:00","og_image":[{"url":"https:\/\/banneux-nd.be\/wp-content\/uploads\/2017\/08\/Panoramique Source.jpg","type":"","width":"","height":""}],"twitter_card":"summary_large_image","twitter_misc":{"Gesch\u00e4tzte Lesezeit":"2\u00a0Minuten"},"schema":{"@context":"https:\/\/schema.org","@graph":[{"@type":"WebPage","@id":"https:\/\/banneux-nd.be\/de\/untersuchung\/","url":"https:\/\/banneux-nd.be\/de\/untersuchung\/","name":"Untersuchung - Banneux Notre-Dame","isPartOf":{"@id":"https:\/\/banneux-nd.be\/de\/#website"},"datePublished":"2015-07-20T06:58:06+00:00","dateModified":"2018-04-21T16:24:27+00:00","breadcrumb":{"@id":"https:\/\/banneux-nd.be\/de\/untersuchung\/#breadcrumb"},"inLanguage":"de","potentialAction":[{"@type":"ReadAction","target":["https:\/\/banneux-nd.be\/de\/untersuchung\/"]}]},{"@type":"BreadcrumbList","@id":"https:\/\/banneux-nd.be\/de\/untersuchung\/#breadcrumb","itemListElement":[{"@type":"ListItem","position":1,"name":"Accueil","item":"https:\/\/banneux-nd.be\/de\/"},{"@type":"ListItem","position":2,"name":"Untersuchung"}]},{"@type":"WebSite","@id":"https:\/\/banneux-nd.be\/de\/#website","url":"https:\/\/banneux-nd.be\/de\/","name":"Banneux Notre-Dame","description":"Sanctuaire de la Vierge des Pauvres (Belgique)","potentialAction":[{"@type":"SearchAction","target":{"@type":"EntryPoint","urlTemplate":"https:\/\/banneux-nd.be\/de\/?s={search_term_string}"},"query-input":{"@type":"PropertyValueSpecification","valueRequired":true,"valueName":"search_term_string"}}],"inLanguage":"de"}]}},"coauthors":[],"author_meta":{"author_link":"https:\/\/banneux-nd.be\/de\/author\/adminfr\/","display_name":"adminFR"},"relative_dates":{"created":"Ver\u00f6ffentlicht 11\u00a0Jahren vor","modified":"Aktualisiert 8\u00a0Jahren vor"},"absolute_dates":{"created":"Ver\u00f6ffentlicht am 20. Juli 2015","modified":"Aktualisiert am 21. April 2018"},"absolute_dates_time":{"created":"Ver\u00f6ffentlicht am 20. Juli 2015 8:58","modified":"Aktualisiert am 21. April 2018 18:24"},"featured_img_caption":"","featured_img":false,"series_order":"","jetpack_sharing_enabled":true,"_links":{"self":[{"href":"https:\/\/banneux-nd.be\/de\/wp-json\/wp\/v2\/pages\/1583","targetHints":{"allow":["GET"]}}],"collection":[{"href":"https:\/\/banneux-nd.be\/de\/wp-json\/wp\/v2\/pages"}],"about":[{"href":"https:\/\/banneux-nd.be\/de\/wp-json\/wp\/v2\/types\/page"}],"author":[{"embeddable":true,"href":"https:\/\/banneux-nd.be\/de\/wp-json\/wp\/v2\/users\/2"}],"replies":[{"embeddable":true,"href":"https:\/\/banneux-nd.be\/de\/wp-json\/wp\/v2\/comments?post=1583"}],"version-history":[{"count":0,"href":"https:\/\/banneux-nd.be\/de\/wp-json\/wp\/v2\/pages\/1583\/revisions"}],"wp:attachment":[{"href":"https:\/\/banneux-nd.be\/de\/wp-json\/wp\/v2\/media?parent=1583"}],"curies":[{"name":"wp","href":"https:\/\/api.w.org\/{rel}","templated":true}]}}