{"id":1584,"date":"2015-07-20T08:58:06","date_gmt":"2015-07-20T06:58:06","guid":{"rendered":"http:\/\/wwwwp2.banneux-nd.be\/wp\/anerkennung\/"},"modified":"2018-05-17T15:56:21","modified_gmt":"2018-05-17T13:56:21","slug":"anerkennung","status":"publish","type":"page","link":"https:\/\/banneux-nd.be\/de\/anerkennung\/","title":{"rendered":"Anerkennung der Erscheinungen"},"content":{"rendered":"<p style=\"text-align: justify;\"><strong>Ms<\/strong><img decoding=\"async\" style=\"padding: 5px; margin-right: 5px;\" src=\"https:\/\/banneux-nd.be\/wp-content\/uploads\/2017\/08\/Mgr Kerkhofs.jpg\" alt=\"\" align=\"left\" \/><strong>gr. Louis-Joseph Kerkhofs<\/strong><br \/>\nAm 13. Juli 1934 sagte Msgr. Kerkhofs folgendes: <em>Bitten wir die Jungfrau Maria gemeinsam damit sie uns helfe und uns erleuchte, und damit sie di<\/em><em>e L\u00f6sung herbeif\u00fchre, die ihren W\u00fcnschen entspricht, und \u2013 weshalb es verschweigen \u2013 unseren W\u00fcnschen!<\/em><\/p>\n<p style=\"text-align: justify;\">Einige Jahre sp\u00e4ter erkl\u00e4rt er in seinem Hirtenbrief vom 22. August 1949: <em>Wir wollen aufzeigen, dass ich wahrhaft glaube, dass die selige Jungfrau Maria in Banneux erschienen ist und gesprochen hat. Diese \u00dcberzeugung bringt Verpflichtungen mit sich. Zweimal, erstmals 1942, dann 1947, habe ich mit einigem Vorbehalt die Wirklichkeit der Erscheinungen von Banneux offiziell anerkannt. Heute, nach zwei weiteren Jahren des Gebets und der Beobachtung, glaube ich, dass mein Gewissen es mir erlaubt und gebietet, diese Realit\u00e4t ohne irgendeine Einschr\u00e4nkung anzuerkennen. Ich spreche von der Realit\u00e4t der acht Erscheinungen der Mutter Gottes vor Mariette Beco, die am 15., 18., 19. und 20. Januar, am 11., 15. und 20. Februar und am 2. M\u00e4rz 1933 stattgefunden haben.<\/em><\/p>\n<hr \/>\n<p style=\"text-align: justify;\"><strong><em><img fetchpriority=\"high\" decoding=\"async\" style=\"padding: 5px; margin-left: 5px;\" src=\"https:\/\/banneux-nd.be\/wp-content\/uploads\/2017\/08\/Mgr Vanzuylen.gif\" alt=\"\" width=\"191\" height=\"277\" align=\"right\" \/><\/em><\/strong><\/p>\n<p style=\"text-align: justify;\"><strong><em>Msgr. Guillaume-Marie Van Zuylen<\/em><\/strong><br \/>\nMsgr Van Zuylen folgt in der Spur seines Vorg\u00e4ngers:<em> Die Botschaft von Banneux, die 1933 in vorsichtigem, einfachem und dem\u00fctigem\u00a0 Glauben in gro\u00dfer Freude durch meinen verehrten Vorg\u00e4nger, Msgr. Kerkhofs, aufgenommen wurde, hat nichts von ihrer Aktualit\u00e4t verloren. Ganz im Gegenteil&#8230;<\/em><\/p>\n<p style=\"text-align: justify;\"><em>Als Nachfolger von Msgr. Kerkhofs, als Bischof von L\u00fcttich, m\u00f6chte ich sagen, dass ich die Stellungnahmen meines Vorg\u00e4ngers v\u00f6llig teile.<\/em><\/p>\n<p style=\"text-align: justify;\">1973 bekr\u00e4ftigte er in der Banneux-Zeitschrift : <em>Es ist gut, uns heute an die Botschaft von Banneux zu erinnern. Sie enth\u00e4lt nur wenige Worte, die Ihnen vertraut sind, aber sie ist von solcher evangelischer Tiefe, dass man ohne zu \u00fcbertreiben sagen kann, dass sie Teil hat am unersch\u00f6pflichen Reichtum der Frohen Botschaft, die Jesus verk\u00fcndete. Wir werden diese Botschaft nie zu Ende meditieren und aussch\u00f6pfen k\u00f6nnen. Wir m\u00fcssen es tun, um ihre Substanz in uns aufzunehmen, um daraus zu leben.<\/em><\/p>\n<hr \/>\n<p style=\"text-align: justify;\"><strong>Msgr. Albert Houssiau<\/strong><br \/>\n<img decoding=\"async\" class=\"alignleft size-medium wp-image-8019 lazyload\" data-src=\"https:\/\/banneux-nd.be\/wp-content\/uploads\/2018\/05\/Mgr-Albert-Houssiau.jpg\" alt=\"\" width=\"234\" height=\"300\" data-srcset=\"https:\/\/banneux-nd.be\/wp-content\/uploads\/2018\/05\/Mgr-Albert-Houssiau.jpg 480w, https:\/\/banneux-nd.be\/wp-content\/uploads\/2018\/05\/Mgr-Albert-Houssiau-234x300.jpg 234w\" data-sizes=\"(max-width: 234px) 100vw, 234px\" src=\"data:image\/svg+xml;base64,PHN2ZyB3aWR0aD0iMSIgaGVpZ2h0PSIxIiB4bWxucz0iaHR0cDovL3d3dy53My5vcmcvMjAwMC9zdmciPjwvc3ZnPg==\" style=\"--smush-placeholder-width: 234px; --smush-placeholder-aspect-ratio: 234\/300;\" \/>Msgr. Houssiau z\u00f6gerte nicht, die Worte seiner Vorg\u00e4nger zu bekr\u00e4ftigen: <em>Diese Botschaft beh\u00e4lt ihre Eindringlichkeit. Wie meine Vorg\u00e4nger, so erkenne ich die Echtheit der Erscheinungen an, die evangelische Reinheit der Botschaft und die geistige Gesundheit der Seelsorge in Banneux. Ich stelle die ganze apostolische und karitative Arbeit des Bistums unter den m\u00fctterlichen Schutz der Jungfrau der Armen. <\/em><\/p>\n<p style=\"text-align: justify;\">Im August 1999 f\u00fcgte er hinzu: <em>Die Gnade erkennen die uns an diesem Ort geschenkt wurde, das hei\u00dft auch, mitarbeiten an der Aktualisierung f\u00fcr uns selbst und f\u00fcr die M\u00e4nner und Frauen unserer Zeit, besonders f\u00fcr die n\u00e4chsten Generationen. Die Jungfrau der Armen vertraut uns. Sie macht uns zu Mitarbeitern. Wir engagieren uns mit Gro\u00dfmut und Treue und antworten auf ihre Einladung: <\/em>Glaubt an mich, ich werde an euch glauben<em>, wie es bereits Msgr. Kerkhofs (8. Dezember 1948), Msgr Van Zuylen und deren Mitarbeiter getan haben.<\/em><\/p>\n<hr \/>\n<p style=\"text-align: justify;\"><strong>Msgr. Aloys Jousten<\/strong><br \/>\n<img decoding=\"async\" class=\"size-medium wp-image-8024 alignright lazyload\" data-src=\"https:\/\/banneux-nd.be\/wp-content\/uploads\/2018\/05\/Mgr-Aloys-Jousten.jpg\" alt=\"\" width=\"275\" height=\"300\" data-srcset=\"https:\/\/banneux-nd.be\/wp-content\/uploads\/2018\/05\/Mgr-Aloys-Jousten.jpg 490w, https:\/\/banneux-nd.be\/wp-content\/uploads\/2018\/05\/Mgr-Aloys-Jousten-275x300.jpg 275w\" data-sizes=\"(max-width: 275px) 100vw, 275px\" src=\"data:image\/svg+xml;base64,PHN2ZyB3aWR0aD0iMSIgaGVpZ2h0PSIxIiB4bWxucz0iaHR0cDovL3d3dy53My5vcmcvMjAwMC9zdmciPjwvc3ZnPg==\" style=\"--smush-placeholder-width: 275px; --smush-placeholder-aspect-ratio: 275\/300;\" \/>\u201eIm Jahr 1949 hat der damalige Bischof von L\u00fcttich, Ludwig-Joseph Kerkhofs, die Echtheit der Erscheinungen und der Botschaft endg\u00fcltig anerkannt. Wie meine Vorg\u00e4nger best\u00e4tige ich diese Anerkennung: Die Erscheinungen und die Botschaft der Jungfrau der Armen sind glaubw\u00fcrdig.<\/p>\n<p style=\"text-align: justify;\">Mich beeindruckt vor allem die Melodie des Evangeliums in den Zeichen und in den Worten der Gottesmutter. Sie verweist stets auf ihren Sohn. Er ist die Quelle des wahren Lebens, des Lebens in F\u00fclle. Er hat das Evangelium, die Frohbotschaft f\u00fcr die Armen verk\u00fcndet. Er ist der Retter der Menschen, aller Menschen, aller V\u00f6lker. Die ganze Botschaft des Evangeliums klingt in unseren Herzen an und wird best\u00e4tigt, wenn wir Maria sagen h\u00f6ren<em>: Ich bin die Jungfrau der Armen<\/em>.<\/p>\n<p style=\"text-align: justify;\">M\u00f6ge die Jungfrau der Armen f\u00fcr uns beten, wie sie es versprochen hat. Und wir wollen mit ihr insbesondere f\u00fcr die Kranken sowie f\u00fcr Frieden und Gerechtigkeit in der Welt beten, wie sie es von uns erwartet.\u201c<\/p>\n<hr \/>\n<p>&nbsp;<\/p>\n","protected":false},"excerpt":{"rendered":"<p>Msgr. Louis-Joseph Kerkhofs Am 13. Juli 1934 sagte Msgr. Kerkhofs folgendes: Bitten wir die Jungfrau Maria gemeinsam damit sie uns helfe und uns erleuchte, und damit sie die L\u00f6sung herbeif\u00fchre, die ihren W\u00fcnschen entspricht, und \u2013 weshalb es verschweigen \u2013 unseren W\u00fcnschen! Einige Jahre sp\u00e4ter erkl\u00e4rt er in seinem Hirtenbrief vom 22. August 1949: Wir wollen aufzeigen, dass ich wahrhaft glaube, dass die selige Jungfrau Maria in Banneux erschienen ist und gesprochen hat. Diese \u00dcberzeugung bringt Verpflichtungen mit sich. Zweimal, erstmals 1942, dann 1947, habe ich mit einigem Vorbehalt die Wirklichkeit der Erscheinungen von Banneux offiziell anerkannt. Heute, nach zwei weiteren Jahren des Gebets und der Beobachtung, glaube ich, dass mein Gewissen es mir erlaubt und gebietet, diese Realit\u00e4t ohne [&hellip;]<\/p>\n","protected":false},"author":2,"featured_media":0,"parent":0,"menu_order":0,"comment_status":"closed","ping_status":"closed","template":"","meta":{"advgb_blocks_editor_width":"","advgb_blocks_columns_visual_guide":"","jetpack_post_was_ever_published":false,"footnotes":""},"class_list":["post-1584","page","type-page","status-publish","hentry"],"yoast_head":"<!-- This site is optimized with the Yoast SEO plugin v27.3 - https:\/\/yoast.com\/product\/yoast-seo-wordpress\/ -->\n<title>Anerkennung der Erscheinungen - Banneux Notre-Dame<\/title>\n<meta name=\"robots\" content=\"index, follow, max-snippet:-1, max-image-preview:large, max-video-preview:-1\" \/>\n<link rel=\"canonical\" href=\"https:\/\/banneux-nd.be\/de\/anerkennung\/\" \/>\n<meta property=\"og:locale\" content=\"de_DE\" \/>\n<meta property=\"og:type\" content=\"article\" \/>\n<meta property=\"og:title\" content=\"Anerkennung der Erscheinungen - Banneux Notre-Dame\" \/>\n<meta property=\"og:description\" content=\"Msgr. Louis-Joseph Kerkhofs Am 13. Juli 1934 sagte Msgr. Kerkhofs folgendes: Bitten wir die Jungfrau Maria gemeinsam damit sie uns helfe und uns erleuchte, und damit sie die L\u00f6sung herbeif\u00fchre, die ihren W\u00fcnschen entspricht, und \u2013 weshalb es verschweigen \u2013 unseren W\u00fcnschen! Einige Jahre sp\u00e4ter erkl\u00e4rt er in seinem Hirtenbrief vom 22. August 1949: Wir wollen aufzeigen, dass ich wahrhaft glaube, dass die selige Jungfrau Maria in Banneux erschienen ist und gesprochen hat. Diese \u00dcberzeugung bringt Verpflichtungen mit sich. Zweimal, erstmals 1942, dann 1947, habe ich mit einigem Vorbehalt die Wirklichkeit der Erscheinungen von Banneux offiziell anerkannt. Heute, nach zwei weiteren Jahren des Gebets und der Beobachtung, glaube ich, dass mein Gewissen es mir erlaubt und gebietet, diese Realit\u00e4t ohne [&hellip;]\" \/>\n<meta property=\"og:url\" content=\"https:\/\/banneux-nd.be\/de\/anerkennung\/\" \/>\n<meta property=\"og:site_name\" content=\"Banneux Notre-Dame\" \/>\n<meta property=\"article:publisher\" content=\"https:\/\/www.facebook.com\/NDBanneux\/\" \/>\n<meta property=\"article:modified_time\" content=\"2018-05-17T13:56:21+00:00\" \/>\n<meta property=\"og:image\" content=\"https:\/\/banneux-nd.be\/wp-content\/uploads\/2017\/08\/Mgr%20Kerkhofs.jpg\" \/>\n<meta name=\"twitter:card\" content=\"summary_large_image\" \/>\n<meta name=\"twitter:label1\" content=\"Gesch\u00e4tzte Lesezeit\" \/>\n\t<meta name=\"twitter:data1\" content=\"3\u00a0Minuten\" \/>\n<script type=\"application\/ld+json\" class=\"yoast-schema-graph\">{\"@context\":\"https:\\\/\\\/schema.org\",\"@graph\":[{\"@type\":\"WebPage\",\"@id\":\"https:\\\/\\\/banneux-nd.be\\\/de\\\/anerkennung\\\/\",\"url\":\"https:\\\/\\\/banneux-nd.be\\\/de\\\/anerkennung\\\/\",\"name\":\"Anerkennung der Erscheinungen - Banneux Notre-Dame\",\"isPartOf\":{\"@id\":\"https:\\\/\\\/banneux-nd.be\\\/de\\\/#website\"},\"primaryImageOfPage\":{\"@id\":\"https:\\\/\\\/banneux-nd.be\\\/de\\\/anerkennung\\\/#primaryimage\"},\"image\":{\"@id\":\"https:\\\/\\\/banneux-nd.be\\\/de\\\/anerkennung\\\/#primaryimage\"},\"thumbnailUrl\":\"https:\\\/\\\/banneux-nd.be\\\/wp-content\\\/uploads\\\/2018\\\/05\\\/Mgr-Albert-Houssiau.jpg\",\"datePublished\":\"2015-07-20T06:58:06+00:00\",\"dateModified\":\"2018-05-17T13:56:21+00:00\",\"breadcrumb\":{\"@id\":\"https:\\\/\\\/banneux-nd.be\\\/de\\\/anerkennung\\\/#breadcrumb\"},\"inLanguage\":\"de\",\"potentialAction\":[{\"@type\":\"ReadAction\",\"target\":[\"https:\\\/\\\/banneux-nd.be\\\/de\\\/anerkennung\\\/\"]}]},{\"@type\":\"ImageObject\",\"inLanguage\":\"de\",\"@id\":\"https:\\\/\\\/banneux-nd.be\\\/de\\\/anerkennung\\\/#primaryimage\",\"url\":\"https:\\\/\\\/banneux-nd.be\\\/wp-content\\\/uploads\\\/2018\\\/05\\\/Mgr-Albert-Houssiau.jpg\",\"contentUrl\":\"https:\\\/\\\/banneux-nd.be\\\/wp-content\\\/uploads\\\/2018\\\/05\\\/Mgr-Albert-Houssiau.jpg\"},{\"@type\":\"BreadcrumbList\",\"@id\":\"https:\\\/\\\/banneux-nd.be\\\/de\\\/anerkennung\\\/#breadcrumb\",\"itemListElement\":[{\"@type\":\"ListItem\",\"position\":1,\"name\":\"Accueil\",\"item\":\"https:\\\/\\\/banneux-nd.be\\\/de\\\/\"},{\"@type\":\"ListItem\",\"position\":2,\"name\":\"Anerkennung der Erscheinungen\"}]},{\"@type\":\"WebSite\",\"@id\":\"https:\\\/\\\/banneux-nd.be\\\/de\\\/#website\",\"url\":\"https:\\\/\\\/banneux-nd.be\\\/de\\\/\",\"name\":\"Banneux Notre-Dame\",\"description\":\"Sanctuaire de la Vierge des Pauvres (Belgique)\",\"potentialAction\":[{\"@type\":\"SearchAction\",\"target\":{\"@type\":\"EntryPoint\",\"urlTemplate\":\"https:\\\/\\\/banneux-nd.be\\\/de\\\/?s={search_term_string}\"},\"query-input\":{\"@type\":\"PropertyValueSpecification\",\"valueRequired\":true,\"valueName\":\"search_term_string\"}}],\"inLanguage\":\"de\"}]}<\/script>\n<!-- \/ Yoast SEO plugin. -->","yoast_head_json":{"title":"Anerkennung der Erscheinungen - Banneux Notre-Dame","robots":{"index":"index","follow":"follow","max-snippet":"max-snippet:-1","max-image-preview":"max-image-preview:large","max-video-preview":"max-video-preview:-1"},"canonical":"https:\/\/banneux-nd.be\/de\/anerkennung\/","og_locale":"de_DE","og_type":"article","og_title":"Anerkennung der Erscheinungen - Banneux Notre-Dame","og_description":"Msgr. Louis-Joseph Kerkhofs Am 13. Juli 1934 sagte Msgr. Kerkhofs folgendes: Bitten wir die Jungfrau Maria gemeinsam damit sie uns helfe und uns erleuchte, und damit sie die L\u00f6sung herbeif\u00fchre, die ihren W\u00fcnschen entspricht, und \u2013 weshalb es verschweigen \u2013 unseren W\u00fcnschen! Einige Jahre sp\u00e4ter erkl\u00e4rt er in seinem Hirtenbrief vom 22. August 1949: Wir wollen aufzeigen, dass ich wahrhaft glaube, dass die selige Jungfrau Maria in Banneux erschienen ist und gesprochen hat. Diese \u00dcberzeugung bringt Verpflichtungen mit sich. Zweimal, erstmals 1942, dann 1947, habe ich mit einigem Vorbehalt die Wirklichkeit der Erscheinungen von Banneux offiziell anerkannt. Heute, nach zwei weiteren Jahren des Gebets und der Beobachtung, glaube ich, dass mein Gewissen es mir erlaubt und gebietet, diese Realit\u00e4t ohne [&hellip;]","og_url":"https:\/\/banneux-nd.be\/de\/anerkennung\/","og_site_name":"Banneux Notre-Dame","article_publisher":"https:\/\/www.facebook.com\/NDBanneux\/","article_modified_time":"2018-05-17T13:56:21+00:00","og_image":[{"url":"https:\/\/banneux-nd.be\/wp-content\/uploads\/2017\/08\/Mgr Kerkhofs.jpg","type":"","width":"","height":""}],"twitter_card":"summary_large_image","twitter_misc":{"Gesch\u00e4tzte Lesezeit":"3\u00a0Minuten"},"schema":{"@context":"https:\/\/schema.org","@graph":[{"@type":"WebPage","@id":"https:\/\/banneux-nd.be\/de\/anerkennung\/","url":"https:\/\/banneux-nd.be\/de\/anerkennung\/","name":"Anerkennung der Erscheinungen - Banneux Notre-Dame","isPartOf":{"@id":"https:\/\/banneux-nd.be\/de\/#website"},"primaryImageOfPage":{"@id":"https:\/\/banneux-nd.be\/de\/anerkennung\/#primaryimage"},"image":{"@id":"https:\/\/banneux-nd.be\/de\/anerkennung\/#primaryimage"},"thumbnailUrl":"https:\/\/banneux-nd.be\/wp-content\/uploads\/2018\/05\/Mgr-Albert-Houssiau.jpg","datePublished":"2015-07-20T06:58:06+00:00","dateModified":"2018-05-17T13:56:21+00:00","breadcrumb":{"@id":"https:\/\/banneux-nd.be\/de\/anerkennung\/#breadcrumb"},"inLanguage":"de","potentialAction":[{"@type":"ReadAction","target":["https:\/\/banneux-nd.be\/de\/anerkennung\/"]}]},{"@type":"ImageObject","inLanguage":"de","@id":"https:\/\/banneux-nd.be\/de\/anerkennung\/#primaryimage","url":"https:\/\/banneux-nd.be\/wp-content\/uploads\/2018\/05\/Mgr-Albert-Houssiau.jpg","contentUrl":"https:\/\/banneux-nd.be\/wp-content\/uploads\/2018\/05\/Mgr-Albert-Houssiau.jpg"},{"@type":"BreadcrumbList","@id":"https:\/\/banneux-nd.be\/de\/anerkennung\/#breadcrumb","itemListElement":[{"@type":"ListItem","position":1,"name":"Accueil","item":"https:\/\/banneux-nd.be\/de\/"},{"@type":"ListItem","position":2,"name":"Anerkennung der Erscheinungen"}]},{"@type":"WebSite","@id":"https:\/\/banneux-nd.be\/de\/#website","url":"https:\/\/banneux-nd.be\/de\/","name":"Banneux Notre-Dame","description":"Sanctuaire de la Vierge des Pauvres (Belgique)","potentialAction":[{"@type":"SearchAction","target":{"@type":"EntryPoint","urlTemplate":"https:\/\/banneux-nd.be\/de\/?s={search_term_string}"},"query-input":{"@type":"PropertyValueSpecification","valueRequired":true,"valueName":"search_term_string"}}],"inLanguage":"de"}]}},"coauthors":[],"author_meta":{"author_link":"https:\/\/banneux-nd.be\/de\/author\/adminfr\/","display_name":"adminFR"},"relative_dates":{"created":"Ver\u00f6ffentlicht 11\u00a0Jahren vor","modified":"Aktualisiert 8\u00a0Jahren vor"},"absolute_dates":{"created":"Ver\u00f6ffentlicht am 20. Juli 2015","modified":"Aktualisiert am 17. Mai 2018"},"absolute_dates_time":{"created":"Ver\u00f6ffentlicht am 20. Juli 2015 8:58","modified":"Aktualisiert am 17. Mai 2018 15:56"},"featured_img_caption":"","featured_img":false,"series_order":"","jetpack_sharing_enabled":true,"_links":{"self":[{"href":"https:\/\/banneux-nd.be\/de\/wp-json\/wp\/v2\/pages\/1584","targetHints":{"allow":["GET"]}}],"collection":[{"href":"https:\/\/banneux-nd.be\/de\/wp-json\/wp\/v2\/pages"}],"about":[{"href":"https:\/\/banneux-nd.be\/de\/wp-json\/wp\/v2\/types\/page"}],"author":[{"embeddable":true,"href":"https:\/\/banneux-nd.be\/de\/wp-json\/wp\/v2\/users\/2"}],"replies":[{"embeddable":true,"href":"https:\/\/banneux-nd.be\/de\/wp-json\/wp\/v2\/comments?post=1584"}],"version-history":[{"count":0,"href":"https:\/\/banneux-nd.be\/de\/wp-json\/wp\/v2\/pages\/1584\/revisions"}],"wp:attachment":[{"href":"https:\/\/banneux-nd.be\/de\/wp-json\/wp\/v2\/media?parent=1584"}],"curies":[{"name":"wp","href":"https:\/\/api.w.org\/{rel}","templated":true}]}}