{"id":19531,"date":"2024-12-07T13:20:58","date_gmt":"2024-12-07T12:20:58","guid":{"rendered":"https:\/\/banneux-nd.be\/?page_id=19531"},"modified":"2024-12-07T16:50:24","modified_gmt":"2024-12-07T15:50:24","slug":"was-ist-das-jubilaeum","status":"publish","type":"page","link":"https:\/\/banneux-nd.be\/de\/was-ist-das-jubilaeum\/","title":{"rendered":"Was ist das Jubil\u00e4um?"},"content":{"rendered":"<div class=\"spc-textimage\">\n<div class=\"body-text columns-count-1\">\n<p style=\"text-align: justify;\"><img fetchpriority=\"high\" decoding=\"async\" class=\"alignleft wp-image-19510\" src=\"https:\/\/banneux-nd.be\/wp-content\/uploads\/2024\/12\/Jubile-2025-DE-724x1024.png\" alt=\"\" width=\"479\" height=\"678\" \/>\u201eJubil\u00e4um&#8221; ist der Name eines besonderen Jahres. Der Begriff scheint sich von dem Instrument abzuleiten, das verwendet wird, um den Beginn des Jahres anzuk\u00fcndigen. Damit ist das\u00a0<i>Yobel<\/i>\u00a0gemeint, das Widderhorn, das erklingt, um den Vers\u00f6hnungstag (Jom Kippur) zu er\u00f6ffnen. Dieser Feiertag findet jedes Jahr statt, erh\u00e4lt aber eine besondere Bedeutung, wenn er mit dem Beginn des Jubil\u00e4umsjahres zusammenf\u00e4llt. Eine fr\u00fche Vorstellung davon findet sich in der Bibel. Demzufolge sollte alle 50 Jahre ein Jubeljahr ausgerufen werden als ein &#8220;zus\u00e4tzliches&#8221; Jahr, das alle sieben Wochenjahre begangen werden sollte (vgl. Lev 25,8-13). Obwohl nur wenige Menschen so ein Jubeljahr erreichten, wurde es als Gelegenheit gesehen, die rechte Beziehung zu Gott, zu den Mitmenschen und zur Sch\u00f6pfung wiederherzustellen. Es beinhaltete den Erlass von Schulden, die R\u00fcckgabe von enteignetem Land und die Stilllegung der Felder.<\/p>\n<p style=\"text-align: justify;\">Das Lukasevangelium beschreibt die Sendung Jesu unter Berufung auf den Propheten Jesaja so: \u201eDer Geist des Herrn ruht auf mir. Denn er hat mich gesalbt, damit ich den Armen eine frohe Botschaft bringe, damit ich den Gefangenen die Entlassung verk\u00fcnde und den Blinden das Augenlicht, damit ich die Bedr\u00e4ngten in Freiheit setze und ein Gnadenjahr des Herrn verk\u00fcnde&#8221; (Lk 4,18-19; vgl. Jes 61,1-2). Diese Worte Jesu wurden auch zu Handlungen der Befreiung und Umkehr im Alltag seiner Begegnungen und Beziehungen.<\/p>\n<p style=\"text-align: justify;\">Bonifatius VIII. rief im Jahr 1300 das erste Jubil\u00e4um aus, das auch \u201eHeiliges Jahr&#8221; genannt wird. Denn es ist eine Zeit, in der man erf\u00e4hrt, dass die Heiligkeit Gottes einen verwandelt. Der Rhythmus hat sich im Laufe der Zeit ge\u00e4ndert. Waren es anfangs alle 100 Jahre, wurde er 1343 von Clemens VI. auf 50 Jahre und 1470 von Paul II. auf 25 Jahre reduziert. Es gibt auch \u201eau\u00dferordentliche\u201c Jubeljahre. So wollte 1933 Pius XI. den 1900. Jahrestag der Erl\u00f6sung begehen und Papst Franziskus rief f\u00fcr 2015 ein \u201eJahr der Barmherzigkeit\u201c aus. Auch die Art und Weise, wie dieses Jahr gefeiert wurde, war anders. Urspr\u00fcnglich fiel das Heilige Jahr mit dem Besuch der r\u00f6mischen Basiliken St. Peter und St. Paul zusammen, dann mit der Pilgerfahrt, sp\u00e4ter kamen weitere Zeichen hinzu, wie die Heilige Pforte. Durch die Teilnahme am Heiligen Jahr erh\u00e4lt man einen vollkommenen Ablass.<\/p>\n<\/div>\n<\/div>\n<div class=\"clean\">Dieser Text wurde auf der <a href=\"https:\/\/www.iubilaeum2025.va\/de\/giubileo-2025\/segni-del-giubileo.html\" target=\"_blank\" rel=\"noopener\">offiziellen Website des Jubil\u00e4ums 2025<\/a> ver\u00f6ffentlicht.<\/div>\n<div class=\"spc-title center\"><\/div>\n","protected":false},"excerpt":{"rendered":"<p>\u201eJubil\u00e4um&#8221; ist der Name eines besonderen Jahres. Der Begriff scheint sich von dem Instrument abzuleiten, das verwendet wird, um den Beginn des Jahres anzuk\u00fcndigen. Damit ist das\u00a0Yobel\u00a0gemeint, das Widderhorn, das erklingt, um den Vers\u00f6hnungstag (Jom Kippur) zu er\u00f6ffnen. Dieser Feiertag findet jedes Jahr statt, erh\u00e4lt aber eine besondere Bedeutung, wenn er mit dem Beginn des Jubil\u00e4umsjahres zusammenf\u00e4llt. Eine fr\u00fche Vorstellung davon findet sich in der Bibel. Demzufolge sollte alle 50 Jahre ein Jubeljahr ausgerufen werden als ein &#8220;zus\u00e4tzliches&#8221; Jahr, das alle sieben Wochenjahre begangen werden sollte (vgl. Lev 25,8-13). Obwohl nur wenige Menschen so ein Jubeljahr erreichten, wurde es als Gelegenheit gesehen, die rechte Beziehung zu Gott, zu den Mitmenschen und zur Sch\u00f6pfung wiederherzustellen. Es beinhaltete den Erlass von Schulden, [&hellip;]<\/p>\n","protected":false},"author":10,"featured_media":0,"parent":0,"menu_order":0,"comment_status":"closed","ping_status":"closed","template":"","meta":{"advgb_blocks_editor_width":"","advgb_blocks_columns_visual_guide":"","jetpack_post_was_ever_published":false,"footnotes":""},"class_list":["post-19531","page","type-page","status-publish","hentry"],"yoast_head":"<!-- This site is optimized with the Yoast SEO plugin v27.4 - https:\/\/yoast.com\/product\/yoast-seo-wordpress\/ -->\n<title>Was ist das Jubil\u00e4um? - Banneux Notre-Dame<\/title>\n<meta name=\"description\" content=\"\u201eJubil\u00e4um&quot; ist der Name eines besonderen Jahres. Durch die Teilnahme am Heiligen Jahr erh\u00e4lt man einen vollkommenen Ablass.\" \/>\n<meta name=\"robots\" content=\"index, follow, max-snippet:-1, max-image-preview:large, max-video-preview:-1\" \/>\n<link rel=\"canonical\" href=\"https:\/\/banneux-nd.be\/de\/was-ist-das-jubilaeum\/\" \/>\n<meta property=\"og:locale\" content=\"de_DE\" \/>\n<meta property=\"og:type\" content=\"article\" \/>\n<meta property=\"og:title\" content=\"Was ist das Jubil\u00e4um? - Banneux Notre-Dame\" \/>\n<meta property=\"og:description\" content=\"\u201eJubil\u00e4um&quot; ist der Name eines besonderen Jahres. Durch die Teilnahme am Heiligen Jahr erh\u00e4lt man einen vollkommenen Ablass.\" \/>\n<meta property=\"og:url\" content=\"https:\/\/banneux-nd.be\/de\/was-ist-das-jubilaeum\/\" \/>\n<meta property=\"og:site_name\" content=\"Banneux Notre-Dame\" \/>\n<meta property=\"article:publisher\" content=\"https:\/\/www.facebook.com\/NDBanneux\/\" \/>\n<meta property=\"article:modified_time\" content=\"2024-12-07T15:50:24+00:00\" \/>\n<meta property=\"og:image\" content=\"https:\/\/banneux-nd.be\/wp-content\/uploads\/2024\/12\/Jubile-2025-DE-e1733568966821.png\" \/>\n\t<meta property=\"og:image:width\" content=\"591\" \/>\n\t<meta property=\"og:image:height\" content=\"587\" \/>\n\t<meta property=\"og:image:type\" content=\"image\/png\" \/>\n<meta name=\"twitter:card\" content=\"summary_large_image\" \/>\n<meta name=\"twitter:label1\" content=\"Gesch\u00e4tzte Lesezeit\" \/>\n\t<meta name=\"twitter:data1\" content=\"3\u00a0Minuten\" \/>\n<script type=\"application\/ld+json\" class=\"yoast-schema-graph\">{\"@context\":\"https:\\\/\\\/schema.org\",\"@graph\":[{\"@type\":\"WebPage\",\"@id\":\"https:\\\/\\\/banneux-nd.be\\\/de\\\/was-ist-das-jubilaeum\\\/\",\"url\":\"https:\\\/\\\/banneux-nd.be\\\/de\\\/was-ist-das-jubilaeum\\\/\",\"name\":\"Was ist das Jubil\u00e4um? - Banneux Notre-Dame\",\"isPartOf\":{\"@id\":\"https:\\\/\\\/banneux-nd.be\\\/de\\\/#website\"},\"primaryImageOfPage\":{\"@id\":\"https:\\\/\\\/banneux-nd.be\\\/de\\\/was-ist-das-jubilaeum\\\/#primaryimage\"},\"image\":{\"@id\":\"https:\\\/\\\/banneux-nd.be\\\/de\\\/was-ist-das-jubilaeum\\\/#primaryimage\"},\"thumbnailUrl\":\"https:\\\/\\\/banneux-nd.be\\\/wp-content\\\/uploads\\\/2024\\\/12\\\/Jubile-2025-DE-724x1024.png\",\"datePublished\":\"2024-12-07T12:20:58+00:00\",\"dateModified\":\"2024-12-07T15:50:24+00:00\",\"description\":\"\u201eJubil\u00e4um\\\" ist der Name eines besonderen Jahres. Durch die Teilnahme am Heiligen Jahr erh\u00e4lt man einen vollkommenen Ablass.\",\"breadcrumb\":{\"@id\":\"https:\\\/\\\/banneux-nd.be\\\/de\\\/was-ist-das-jubilaeum\\\/#breadcrumb\"},\"inLanguage\":\"de\",\"potentialAction\":[{\"@type\":\"ReadAction\",\"target\":[\"https:\\\/\\\/banneux-nd.be\\\/de\\\/was-ist-das-jubilaeum\\\/\"]}]},{\"@type\":\"ImageObject\",\"inLanguage\":\"de\",\"@id\":\"https:\\\/\\\/banneux-nd.be\\\/de\\\/was-ist-das-jubilaeum\\\/#primaryimage\",\"url\":\"https:\\\/\\\/banneux-nd.be\\\/wp-content\\\/uploads\\\/2024\\\/12\\\/Jubile-2025-DE-724x1024.png\",\"contentUrl\":\"https:\\\/\\\/banneux-nd.be\\\/wp-content\\\/uploads\\\/2024\\\/12\\\/Jubile-2025-DE-724x1024.png\"},{\"@type\":\"BreadcrumbList\",\"@id\":\"https:\\\/\\\/banneux-nd.be\\\/de\\\/was-ist-das-jubilaeum\\\/#breadcrumb\",\"itemListElement\":[{\"@type\":\"ListItem\",\"position\":1,\"name\":\"Accueil\",\"item\":\"https:\\\/\\\/banneux-nd.be\\\/de\\\/\"},{\"@type\":\"ListItem\",\"position\":2,\"name\":\"Was ist das Jubil\u00e4um?\"}]},{\"@type\":\"WebSite\",\"@id\":\"https:\\\/\\\/banneux-nd.be\\\/de\\\/#website\",\"url\":\"https:\\\/\\\/banneux-nd.be\\\/de\\\/\",\"name\":\"Banneux Notre-Dame\",\"description\":\"Sanctuaire de la Vierge des Pauvres (Belgique)\",\"potentialAction\":[{\"@type\":\"SearchAction\",\"target\":{\"@type\":\"EntryPoint\",\"urlTemplate\":\"https:\\\/\\\/banneux-nd.be\\\/de\\\/?s={search_term_string}\"},\"query-input\":{\"@type\":\"PropertyValueSpecification\",\"valueRequired\":true,\"valueName\":\"search_term_string\"}}],\"inLanguage\":\"de\"}]}<\/script>\n<!-- \/ Yoast SEO plugin. -->","yoast_head_json":{"title":"Was ist das Jubil\u00e4um? - Banneux Notre-Dame","description":"\u201eJubil\u00e4um\" ist der Name eines besonderen Jahres. Durch die Teilnahme am Heiligen Jahr erh\u00e4lt man einen vollkommenen Ablass.","robots":{"index":"index","follow":"follow","max-snippet":"max-snippet:-1","max-image-preview":"max-image-preview:large","max-video-preview":"max-video-preview:-1"},"canonical":"https:\/\/banneux-nd.be\/de\/was-ist-das-jubilaeum\/","og_locale":"de_DE","og_type":"article","og_title":"Was ist das Jubil\u00e4um? - Banneux Notre-Dame","og_description":"\u201eJubil\u00e4um\" ist der Name eines besonderen Jahres. Durch die Teilnahme am Heiligen Jahr erh\u00e4lt man einen vollkommenen Ablass.","og_url":"https:\/\/banneux-nd.be\/de\/was-ist-das-jubilaeum\/","og_site_name":"Banneux Notre-Dame","article_publisher":"https:\/\/www.facebook.com\/NDBanneux\/","article_modified_time":"2024-12-07T15:50:24+00:00","og_image":[{"width":591,"height":587,"url":"https:\/\/banneux-nd.be\/wp-content\/uploads\/2024\/12\/Jubile-2025-DE-e1733568966821.png","type":"image\/png"}],"twitter_card":"summary_large_image","twitter_misc":{"Gesch\u00e4tzte Lesezeit":"3\u00a0Minuten"},"schema":{"@context":"https:\/\/schema.org","@graph":[{"@type":"WebPage","@id":"https:\/\/banneux-nd.be\/de\/was-ist-das-jubilaeum\/","url":"https:\/\/banneux-nd.be\/de\/was-ist-das-jubilaeum\/","name":"Was ist das Jubil\u00e4um? - Banneux Notre-Dame","isPartOf":{"@id":"https:\/\/banneux-nd.be\/de\/#website"},"primaryImageOfPage":{"@id":"https:\/\/banneux-nd.be\/de\/was-ist-das-jubilaeum\/#primaryimage"},"image":{"@id":"https:\/\/banneux-nd.be\/de\/was-ist-das-jubilaeum\/#primaryimage"},"thumbnailUrl":"https:\/\/banneux-nd.be\/wp-content\/uploads\/2024\/12\/Jubile-2025-DE-724x1024.png","datePublished":"2024-12-07T12:20:58+00:00","dateModified":"2024-12-07T15:50:24+00:00","description":"\u201eJubil\u00e4um\" ist der Name eines besonderen Jahres. Durch die Teilnahme am Heiligen Jahr erh\u00e4lt man einen vollkommenen Ablass.","breadcrumb":{"@id":"https:\/\/banneux-nd.be\/de\/was-ist-das-jubilaeum\/#breadcrumb"},"inLanguage":"de","potentialAction":[{"@type":"ReadAction","target":["https:\/\/banneux-nd.be\/de\/was-ist-das-jubilaeum\/"]}]},{"@type":"ImageObject","inLanguage":"de","@id":"https:\/\/banneux-nd.be\/de\/was-ist-das-jubilaeum\/#primaryimage","url":"https:\/\/banneux-nd.be\/wp-content\/uploads\/2024\/12\/Jubile-2025-DE-724x1024.png","contentUrl":"https:\/\/banneux-nd.be\/wp-content\/uploads\/2024\/12\/Jubile-2025-DE-724x1024.png"},{"@type":"BreadcrumbList","@id":"https:\/\/banneux-nd.be\/de\/was-ist-das-jubilaeum\/#breadcrumb","itemListElement":[{"@type":"ListItem","position":1,"name":"Accueil","item":"https:\/\/banneux-nd.be\/de\/"},{"@type":"ListItem","position":2,"name":"Was ist das Jubil\u00e4um?"}]},{"@type":"WebSite","@id":"https:\/\/banneux-nd.be\/de\/#website","url":"https:\/\/banneux-nd.be\/de\/","name":"Banneux Notre-Dame","description":"Sanctuaire de la Vierge des Pauvres (Belgique)","potentialAction":[{"@type":"SearchAction","target":{"@type":"EntryPoint","urlTemplate":"https:\/\/banneux-nd.be\/de\/?s={search_term_string}"},"query-input":{"@type":"PropertyValueSpecification","valueRequired":true,"valueName":"search_term_string"}}],"inLanguage":"de"}]}},"coauthors":[],"author_meta":{"author_link":"https:\/\/banneux-nd.be\/de\/author\/sanctuaire\/","display_name":"Fabian Delarbre"},"relative_dates":{"created":"Ver\u00f6ffentlicht 1\u00a0Jahr vor","modified":"Aktualisiert 1\u00a0Jahr vor"},"absolute_dates":{"created":"Ver\u00f6ffentlicht am 7. Dezember 2024","modified":"Aktualisiert am 7. Dezember 2024"},"absolute_dates_time":{"created":"Ver\u00f6ffentlicht am 7. Dezember 2024 13:20","modified":"Aktualisiert am 7. Dezember 2024 16:50"},"featured_img_caption":"","featured_img":false,"series_order":"","jetpack_sharing_enabled":true,"_links":{"self":[{"href":"https:\/\/banneux-nd.be\/de\/wp-json\/wp\/v2\/pages\/19531","targetHints":{"allow":["GET"]}}],"collection":[{"href":"https:\/\/banneux-nd.be\/de\/wp-json\/wp\/v2\/pages"}],"about":[{"href":"https:\/\/banneux-nd.be\/de\/wp-json\/wp\/v2\/types\/page"}],"author":[{"embeddable":true,"href":"https:\/\/banneux-nd.be\/de\/wp-json\/wp\/v2\/users\/10"}],"replies":[{"embeddable":true,"href":"https:\/\/banneux-nd.be\/de\/wp-json\/wp\/v2\/comments?post=19531"}],"version-history":[{"count":4,"href":"https:\/\/banneux-nd.be\/de\/wp-json\/wp\/v2\/pages\/19531\/revisions"}],"predecessor-version":[{"id":19556,"href":"https:\/\/banneux-nd.be\/de\/wp-json\/wp\/v2\/pages\/19531\/revisions\/19556"}],"wp:attachment":[{"href":"https:\/\/banneux-nd.be\/de\/wp-json\/wp\/v2\/media?parent=19531"}],"curies":[{"name":"wp","href":"https:\/\/api.w.org\/{rel}","templated":true}]}}