{"id":2249,"date":"2018-01-15T12:57:07","date_gmt":"2018-01-15T11:57:07","guid":{"rendered":"http:\/\/wwwwp2.banneux-nd.be\/?page_id=2249"},"modified":"2023-08-09T14:40:40","modified_gmt":"2023-08-09T12:40:40","slug":"gottesdienstordnung","status":"publish","type":"page","link":"https:\/\/banneux-nd.be\/de\/gottesdienstordnung\/","title":{"rendered":"Zeitplan der Feierlichkeiten"},"content":{"rendered":"\r\n<h3 style=\"text-align: center;\"><strong>Gottesdienste (Mai bis Mitte Oktober)<\/strong><\/h3>\r\n<p style=\"text-align: justify;\"><span style=\"font-size: revert; color: initial;\">\r\n\r\n<\/span><\/p>\r\n<ul style=\"list-style-type: disc;\">\r\n<li><strong>Gottesdienste in mehreren Sprachen<\/strong><\/li>\r\n<\/ul>\r\n<p>* Internationale Messe Sonntags 10.30 Uhr<\/p>\r\n<p>* Krankensegen jeden Tag (freitags ist Ruhetag) 15.00 Uhr\u00a0<\/p>\r\n<p>&nbsp;<\/p>\r\n<ul style=\"list-style-type: disc;\">\r\n<li><strong>Gottesdienste in deutscher Sprache<\/strong><\/li>\r\n<\/ul>\r\n<p>* Wochentags, 10.30 Uhr (freitags ist Ruhetag)<\/p>\r\n<p>* Sonntagsmesse 9.30 Uhr<\/p>\r\n<p>* Andacht \u2013 Gebetsweg 14.00 Uhr\u00a0<\/p>\r\n<p>* Rosenkranz (au\u00dfer donnerstags und freitags falls Gruppe angemeldet) 19.00 Uhr<\/p>\r\n<ul style=\"list-style-type: disc;\">\r\n<li><strong>Beicht-, Gespr\u00e4chsm\u00f6glichkeit <\/strong><\/li>\r\n<\/ul>\r\n<p>* von 10.00 bis 12.00 Uhr. und von 14.00 bis 16.30 Uhr.<\/p>\r\n<p style=\"text-align: justify;\"><span style=\"font-size: revert; color: initial;\">\r\n\r\n<\/span><\/p>\r\n<ul>\r\n<li><strong>Krankensegnung<\/strong><\/li>\r\n<\/ul>\r\n<p><strong>* <\/strong>Krankensegen am Samstag und Sonntag 15.00 Uhr &#8211; Wochentags wenn Gruppe angemeldet ist<\/p>\r\n<p>&nbsp;<\/p>\r\n<p style=\"text-align: justify;\"><span style=\"font-size: revert; color: initial;\">\r\n\r\n<\/span><\/p>\r\n<ul style=\"list-style-type: disc;\">\r\n<li><strong>Anbetung<\/strong><\/li>\r\n<\/ul>\r\n<p style=\"text-align: justify;\"><span style=\"font-size: revert; color: initial;\">\r\n\r\n<\/span><\/p>\r\n<p><strong>* <\/strong>Den ganzen Tag in der Michaelskapelle.<\/p>\r\n<p style=\"text-align: justify;\"><span style=\"font-size: revert; color: initial;\">\r\n\r\n<\/span><\/p>\r\n<p class=\"has-text-align-center\">\u00a0<\/p>\r\n<p style=\"text-align: justify;\"><span style=\"font-size: revert; color: initial;\">\r\n\r\n<\/span><\/p>\r\n<p class=\"has-text-align-center\"><strong>Andere Feiern k\u00f6nnen ebenfalls organisiert werden.<br \/>Auf Anfrage f\u00fcr Ihre Gruppe<\/strong><\/p>\r\n<p>&nbsp;<\/p>\r\n<hr \/>\r\n<h3 style=\"text-align: center;\"><strong>Gottesdienstzeiten im Winterhalbjahr<br \/>(von Mitte Oktober\u00a0bis Ende April)<\/strong><\/h3>\r\n<p><strong>(Messen in franz\u00f6sischer Sprache)<\/strong><\/p>\r\n<p><strong>Sonntags: <\/strong><\/p>\r\n<p>8:30 Uhr; 11:15 Uhr; 16:00 Uhr<\/p>\r\n<p>Marienandacht in drei Sprachen: von Advent bis Ostern, um 15.00 Uhr<\/p>\r\n<p><strong>Wochentags, von Montag bis Samstag:<\/strong><\/p>\r\n<p>8:00 Uhr; 11:30 Uhr; 16:00 Uhr<\/p>\r\n<p><strong>\u00a0<\/strong><\/p>\r\n<p><strong>Anbetung: in der Kreuzkapelle (\u201eChapelle de la Croix\u201c) <\/strong><\/p>\r\n<p>von 9:00 Uhr bis 16:00 Uhr.<\/p>\r\n<p><strong>Beichte:<\/strong><\/p>\r\n<p>T\u00e4glich von 10:00 Uhr bis 12:00 Uhr und von 14:00 Uhr bis 16:00 Uhr in der Beicht-, Gespr\u00e4chsm\u00f6glichkeit<\/p>\r\n<p><strong>Rosenkranz:<\/strong><\/p>\r\n<p>t\u00e4glich um 19:00 Uhr (in Franz\u00f6sischer Sprache)<\/p>\r\n<p>Kalender 2022 : <a title=\"kalender\" href=\"https:\/\/banneux-nd.be\/de\/jahr-thema\/de\/?page_id=6980\" target=\"_blank\" rel=\"noopener\">kalender<\/a><\/p>\r\n<p>&nbsp;<\/p>\r\n\r\n\r\n\r\n<p>&nbsp;<\/p>\r\n\r\n\r\n<hr class=\"wp-block-separator has-css-opacity advgb-dyn-fd52a7b6\" \/>\r\n\r\n\r\n<p class=\"has-text-align-center\">\u00a0<\/p>\r\n\r\n\r\n","protected":false},"excerpt":{"rendered":"<p>Gottesdienste (Mai bis Mitte Oktober) Gottesdienste in mehreren Sprachen * Internationale Messe Sonntags 10.30 Uhr * Krankensegen jeden Tag (freitags ist Ruhetag) 15.00 Uhr\u00a0 &nbsp; Gottesdienste in deutscher Sprache * Wochentags, 10.30 Uhr (freitags ist Ruhetag) * Sonntagsmesse 9.30 Uhr * Andacht \u2013 Gebetsweg 14.00 Uhr\u00a0 * Rosenkranz (au\u00dfer donnerstags und freitags falls Gruppe angemeldet) 19.00 Uhr Beicht-, Gespr\u00e4chsm\u00f6glichkeit * von 10.00 bis 12.00 Uhr. und von 14.00 bis 16.30 Uhr. Krankensegnung * Krankensegen am Samstag und Sonntag 15.00 Uhr &#8211; Wochentags wenn Gruppe angemeldet ist &nbsp; Anbetung * Den ganzen Tag in der Michaelskapelle. \u00a0 Andere Feiern k\u00f6nnen ebenfalls organisiert werden.Auf Anfrage f\u00fcr Ihre Gruppe &nbsp; Gottesdienstzeiten im Winterhalbjahr(von Mitte Oktober\u00a0bis Ende April) (Messen in franz\u00f6sischer Sprache) Sonntags: 8:30 [&hellip;]<\/p>\n","protected":false},"author":10,"featured_media":0,"parent":0,"menu_order":0,"comment_status":"closed","ping_status":"closed","template":"","meta":{"advgb_blocks_editor_width":"","advgb_blocks_columns_visual_guide":"","jetpack_post_was_ever_published":false,"footnotes":""},"class_list":["post-2249","page","type-page","status-publish","hentry"],"yoast_head":"<!-- This site is optimized with the Yoast SEO plugin v27.4 - https:\/\/yoast.com\/product\/yoast-seo-wordpress\/ -->\n<title>Zeitplan der Feierlichkeiten - Banneux Notre-Dame<\/title>\n<meta name=\"description\" content=\"Zeitplan der religi\u00f6sen Feiern im Heiligtum von Banneux Notre Dame\" \/>\n<meta name=\"robots\" content=\"index, follow, max-snippet:-1, max-image-preview:large, max-video-preview:-1\" \/>\n<link rel=\"canonical\" href=\"https:\/\/banneux-nd.be\/de\/gottesdienstordnung\/\" \/>\n<meta property=\"og:locale\" content=\"de_DE\" \/>\n<meta property=\"og:type\" content=\"article\" \/>\n<meta property=\"og:title\" content=\"Zeitplan der Feierlichkeiten - Banneux Notre-Dame\" \/>\n<meta property=\"og:description\" content=\"Zeitplan der religi\u00f6sen Feiern im Heiligtum von Banneux Notre Dame\" \/>\n<meta property=\"og:url\" content=\"https:\/\/banneux-nd.be\/de\/gottesdienstordnung\/\" \/>\n<meta property=\"og:site_name\" content=\"Banneux Notre-Dame\" \/>\n<meta property=\"article:publisher\" content=\"https:\/\/www.facebook.com\/NDBanneux\/\" \/>\n<meta property=\"article:modified_time\" content=\"2023-08-09T12:40:40+00:00\" \/>\n<meta name=\"twitter:card\" content=\"summary_large_image\" \/>\n<meta name=\"twitter:label1\" content=\"Gesch\u00e4tzte Lesezeit\" \/>\n\t<meta name=\"twitter:data1\" content=\"2\u00a0Minuten\" \/>\n<script type=\"application\/ld+json\" class=\"yoast-schema-graph\">{\"@context\":\"https:\\\/\\\/schema.org\",\"@graph\":[{\"@type\":\"WebPage\",\"@id\":\"https:\\\/\\\/banneux-nd.be\\\/de\\\/gottesdienstordnung\\\/\",\"url\":\"https:\\\/\\\/banneux-nd.be\\\/de\\\/gottesdienstordnung\\\/\",\"name\":\"Zeitplan der Feierlichkeiten - Banneux Notre-Dame\",\"isPartOf\":{\"@id\":\"https:\\\/\\\/banneux-nd.be\\\/de\\\/#website\"},\"datePublished\":\"2018-01-15T11:57:07+00:00\",\"dateModified\":\"2023-08-09T12:40:40+00:00\",\"description\":\"Zeitplan der religi\u00f6sen Feiern im Heiligtum von Banneux Notre Dame\",\"breadcrumb\":{\"@id\":\"https:\\\/\\\/banneux-nd.be\\\/de\\\/gottesdienstordnung\\\/#breadcrumb\"},\"inLanguage\":\"de\",\"potentialAction\":[{\"@type\":\"ReadAction\",\"target\":[\"https:\\\/\\\/banneux-nd.be\\\/de\\\/gottesdienstordnung\\\/\"]}]},{\"@type\":\"BreadcrumbList\",\"@id\":\"https:\\\/\\\/banneux-nd.be\\\/de\\\/gottesdienstordnung\\\/#breadcrumb\",\"itemListElement\":[{\"@type\":\"ListItem\",\"position\":1,\"name\":\"Accueil\",\"item\":\"https:\\\/\\\/banneux-nd.be\\\/de\\\/\"},{\"@type\":\"ListItem\",\"position\":2,\"name\":\"Zeitplan der Feierlichkeiten\"}]},{\"@type\":\"WebSite\",\"@id\":\"https:\\\/\\\/banneux-nd.be\\\/de\\\/#website\",\"url\":\"https:\\\/\\\/banneux-nd.be\\\/de\\\/\",\"name\":\"Banneux Notre-Dame\",\"description\":\"Sanctuaire de la Vierge des Pauvres (Belgique)\",\"potentialAction\":[{\"@type\":\"SearchAction\",\"target\":{\"@type\":\"EntryPoint\",\"urlTemplate\":\"https:\\\/\\\/banneux-nd.be\\\/de\\\/?s={search_term_string}\"},\"query-input\":{\"@type\":\"PropertyValueSpecification\",\"valueRequired\":true,\"valueName\":\"search_term_string\"}}],\"inLanguage\":\"de\"}]}<\/script>\n<!-- \/ Yoast SEO plugin. -->","yoast_head_json":{"title":"Zeitplan der Feierlichkeiten - Banneux Notre-Dame","description":"Zeitplan der religi\u00f6sen Feiern im Heiligtum von Banneux Notre Dame","robots":{"index":"index","follow":"follow","max-snippet":"max-snippet:-1","max-image-preview":"max-image-preview:large","max-video-preview":"max-video-preview:-1"},"canonical":"https:\/\/banneux-nd.be\/de\/gottesdienstordnung\/","og_locale":"de_DE","og_type":"article","og_title":"Zeitplan der Feierlichkeiten - Banneux Notre-Dame","og_description":"Zeitplan der religi\u00f6sen Feiern im Heiligtum von Banneux Notre Dame","og_url":"https:\/\/banneux-nd.be\/de\/gottesdienstordnung\/","og_site_name":"Banneux Notre-Dame","article_publisher":"https:\/\/www.facebook.com\/NDBanneux\/","article_modified_time":"2023-08-09T12:40:40+00:00","twitter_card":"summary_large_image","twitter_misc":{"Gesch\u00e4tzte Lesezeit":"2\u00a0Minuten"},"schema":{"@context":"https:\/\/schema.org","@graph":[{"@type":"WebPage","@id":"https:\/\/banneux-nd.be\/de\/gottesdienstordnung\/","url":"https:\/\/banneux-nd.be\/de\/gottesdienstordnung\/","name":"Zeitplan der Feierlichkeiten - Banneux Notre-Dame","isPartOf":{"@id":"https:\/\/banneux-nd.be\/de\/#website"},"datePublished":"2018-01-15T11:57:07+00:00","dateModified":"2023-08-09T12:40:40+00:00","description":"Zeitplan der religi\u00f6sen Feiern im Heiligtum von Banneux Notre Dame","breadcrumb":{"@id":"https:\/\/banneux-nd.be\/de\/gottesdienstordnung\/#breadcrumb"},"inLanguage":"de","potentialAction":[{"@type":"ReadAction","target":["https:\/\/banneux-nd.be\/de\/gottesdienstordnung\/"]}]},{"@type":"BreadcrumbList","@id":"https:\/\/banneux-nd.be\/de\/gottesdienstordnung\/#breadcrumb","itemListElement":[{"@type":"ListItem","position":1,"name":"Accueil","item":"https:\/\/banneux-nd.be\/de\/"},{"@type":"ListItem","position":2,"name":"Zeitplan der Feierlichkeiten"}]},{"@type":"WebSite","@id":"https:\/\/banneux-nd.be\/de\/#website","url":"https:\/\/banneux-nd.be\/de\/","name":"Banneux Notre-Dame","description":"Sanctuaire de la Vierge des Pauvres (Belgique)","potentialAction":[{"@type":"SearchAction","target":{"@type":"EntryPoint","urlTemplate":"https:\/\/banneux-nd.be\/de\/?s={search_term_string}"},"query-input":{"@type":"PropertyValueSpecification","valueRequired":true,"valueName":"search_term_string"}}],"inLanguage":"de"}]}},"coauthors":[],"author_meta":{"author_link":"https:\/\/banneux-nd.be\/de\/author\/sanctuaire\/","display_name":"Fabian Delarbre"},"relative_dates":{"created":"Ver\u00f6ffentlicht 8\u00a0Jahren vor","modified":"Aktualisiert 3\u00a0Jahren vor"},"absolute_dates":{"created":"Ver\u00f6ffentlicht am 15. Januar 2018","modified":"Aktualisiert am 9. August 2023"},"absolute_dates_time":{"created":"Ver\u00f6ffentlicht am 15. Januar 2018 12:57","modified":"Aktualisiert am 9. August 2023 14:40"},"featured_img_caption":"","featured_img":false,"series_order":"","jetpack_sharing_enabled":true,"_links":{"self":[{"href":"https:\/\/banneux-nd.be\/de\/wp-json\/wp\/v2\/pages\/2249","targetHints":{"allow":["GET"]}}],"collection":[{"href":"https:\/\/banneux-nd.be\/de\/wp-json\/wp\/v2\/pages"}],"about":[{"href":"https:\/\/banneux-nd.be\/de\/wp-json\/wp\/v2\/types\/page"}],"author":[{"embeddable":true,"href":"https:\/\/banneux-nd.be\/de\/wp-json\/wp\/v2\/users\/10"}],"replies":[{"embeddable":true,"href":"https:\/\/banneux-nd.be\/de\/wp-json\/wp\/v2\/comments?post=2249"}],"version-history":[{"count":77,"href":"https:\/\/banneux-nd.be\/de\/wp-json\/wp\/v2\/pages\/2249\/revisions"}],"predecessor-version":[{"id":17966,"href":"https:\/\/banneux-nd.be\/de\/wp-json\/wp\/v2\/pages\/2249\/revisions\/17966"}],"wp:attachment":[{"href":"https:\/\/banneux-nd.be\/de\/wp-json\/wp\/v2\/media?parent=2249"}],"curies":[{"name":"wp","href":"https:\/\/api.w.org\/{rel}","templated":true}]}}