{"id":2849,"date":"2018-01-16T20:51:15","date_gmt":"2018-01-16T19:51:15","guid":{"rendered":"http:\/\/wwwwp2.banneux-nd.be\/?page_id=2849"},"modified":"2018-04-28T23:37:41","modified_gmt":"2018-04-28T21:37:41","slug":"die-oertlichkeiten","status":"publish","type":"page","link":"https:\/\/banneux-nd.be\/de\/die-oertlichkeiten\/","title":{"rendered":"Die \u00d6rtlichkeiten"},"content":{"rendered":"<p style=\"text-align: center;\"><div id=\"image-map-pro-4333\"><\/div><\/p>\n<table border=\"0\" width=\"90%\">\n<tbody>\n<tr>\n<td width=\"17%\">\n<ol>\n<li>Erscheinungskapelle<\/li>\n<li>Haus Beco<\/li>\n<li>Sakristei<\/li>\n<li>Beicht-, Gespr\u00e4chsm\u00f6glichkeit<\/li>\n<li>Sakramentskapelle &#8211; Beichtst\u00fchle<\/li>\n<li>Kreuzkapelle<\/li>\n<li>Vorf\u00fchrraum Film<\/li>\n<li>&#8220;Pfarrer von Ars&#8221; &#8211; Generalsekretariat<\/li>\n<li>Informations- und Tourismusb\u00fcro<\/li>\n<li>Kapelle der Mutter Gottes, Hilfe der Christen<\/li>\n<li>Gedenkstein Bischof Kerkhofs<\/li>\n<li>Hl. Anna<\/li>\n<li>Maria Heimsuchung<\/li>\n<li>Bildst\u00f6cke &#8220;Sieben Schmerzen&#8221;<\/li>\n<li>Gedenkstein der Internationalen Gebetsvereiningung<\/li>\n<li>Die Quelle<\/li>\n<li>Hl. L.M.Grignion von Montfort<\/li>\n<li>Gedenkstein mit Stern<\/li>\n<li>Statue der Jungfrau der Armen<\/li>\n<li>Altar der Esplanade<\/li>\n<li>Franziskuskapelle<\/li>\n<li>Botschaftskapelle<\/li>\n<li>Kapelle &#8220;Maria Mittlerin&#8221;<\/li>\n<li>Beichtst\u00fchle<\/li>\n<li>Sakristei<\/li>\n<li>Krankenhospiz &#8220;Hospitalit\u00e9&#8221;<\/li>\n<li>G\u00e4stehaus &#8220;St. Bernadette&#8221;<\/li>\n<\/ol>\n<\/td>\n<td width=\"16%\">\n<ol start=\"28\">\n<li>Toiletten<\/li>\n<li>G\u00e4stehaus &#8220;St. Camillus&#8221;<\/li>\n<li>Hl. Padre Pio<\/li>\n<li>Bildstock &#8220;U.L.F. von La Vang&#8221; Vietnam<\/li>\n<li>Bildstock &#8220;U.L.F von Walsingham&#8221;<\/li>\n<li>Gedenkstein China<\/li>\n<li>Missio-Pavillon<\/li>\n<li>Hl. Petrus Julian Eymard<\/li>\n<li>Bildstock &#8220;Verk\u00fcndigung&#8221;<\/li>\n<li>Hl. Alfons von Liguori<\/li>\n<li>Kapelle des Hl. Ignatius<\/li>\n<li>Kapelle der Hl. Serviten<\/li>\n<li>Michaelskapelle<\/li>\n<li>Glockenturm<\/li>\n<li>Kreuzweg<\/li>\n<li>&#8220;Shabann&#8221;-Blockhaus der Jugend<\/li>\n<li>Hl. Bernadette<\/li>\n<li>Hl. Theresia von Lisieux<\/li>\n<li>Statue der Jungfrau der Armen<\/li>\n<li>Kirche &#8220;Jungfrau der Armen&#8221;<\/li>\n<li>Armenisches Kreuz<\/li>\n<li>Hl. Damian<\/li>\n<li>G\u00e4stehaus &#8220;Chaityfontaine&#8221;<\/li>\n<li>Saal &#8220;Charmille&#8221;<\/li>\n<\/ol>\n<\/td>\n<\/tr>\n<\/tbody>\n<\/table>\n<p>&nbsp;<\/p>\n","protected":false},"excerpt":{"rendered":"<p>Erscheinungskapelle Haus Beco Sakristei Beicht-, Gespr\u00e4chsm\u00f6glichkeit Sakramentskapelle &#8211; Beichtst\u00fchle Kreuzkapelle Vorf\u00fchrraum Film &#8220;Pfarrer von Ars&#8221; &#8211; Generalsekretariat Informations- und Tourismusb\u00fcro Kapelle der Mutter Gottes, Hilfe der Christen Gedenkstein Bischof Kerkhofs Hl. Anna Maria Heimsuchung Bildst\u00f6cke &#8220;Sieben Schmerzen&#8221; Gedenkstein der Internationalen Gebetsvereiningung Die Quelle Hl. L.M.Grignion von Montfort Gedenkstein mit Stern Statue der Jungfrau der Armen Altar der Esplanade Franziskuskapelle Botschaftskapelle Kapelle &#8220;Maria Mittlerin&#8221; Beichtst\u00fchle Sakristei Krankenhospiz &#8220;Hospitalit\u00e9&#8221; G\u00e4stehaus &#8220;St. Bernadette&#8221; Toiletten G\u00e4stehaus &#8220;St. Camillus&#8221; Hl. Padre Pio Bildstock &#8220;U.L.F. von La Vang&#8221; Vietnam Bildstock &#8220;U.L.F von Walsingham&#8221; Gedenkstein China Missio-Pavillon Hl. Petrus Julian Eymard Bildstock &#8220;Verk\u00fcndigung&#8221; Hl. Alfons von Liguori Kapelle des Hl. Ignatius Kapelle der Hl. Serviten Michaelskapelle Glockenturm Kreuzweg &#8220;Shabann&#8221;-Blockhaus der Jugend Hl. Bernadette Hl. Theresia von Lisieux [&hellip;]<\/p>\n","protected":false},"author":4,"featured_media":0,"parent":0,"menu_order":0,"comment_status":"closed","ping_status":"closed","template":"","meta":{"advgb_blocks_editor_width":"","advgb_blocks_columns_visual_guide":"","jetpack_post_was_ever_published":false,"footnotes":""},"class_list":["post-2849","page","type-page","status-publish","hentry"],"yoast_head":"<!-- This site is optimized with the Yoast SEO plugin v27.3 - https:\/\/yoast.com\/product\/yoast-seo-wordpress\/ -->\n<title>Die \u00d6rtlichkeiten - Banneux Notre-Dame<\/title>\n<meta name=\"robots\" content=\"index, follow, max-snippet:-1, max-image-preview:large, max-video-preview:-1\" \/>\n<link rel=\"canonical\" href=\"https:\/\/banneux-nd.be\/de\/die-oertlichkeiten\/\" \/>\n<meta property=\"og:locale\" content=\"de_DE\" \/>\n<meta property=\"og:type\" content=\"article\" \/>\n<meta property=\"og:title\" content=\"Die \u00d6rtlichkeiten - Banneux Notre-Dame\" \/>\n<meta property=\"og:description\" content=\"Erscheinungskapelle Haus Beco Sakristei Beicht-, Gespr\u00e4chsm\u00f6glichkeit Sakramentskapelle &#8211; Beichtst\u00fchle Kreuzkapelle Vorf\u00fchrraum Film &#8220;Pfarrer von Ars&#8221; &#8211; Generalsekretariat Informations- und Tourismusb\u00fcro Kapelle der Mutter Gottes, Hilfe der Christen Gedenkstein Bischof Kerkhofs Hl. Anna Maria Heimsuchung Bildst\u00f6cke &#8220;Sieben Schmerzen&#8221; Gedenkstein der Internationalen Gebetsvereiningung Die Quelle Hl. L.M.Grignion von Montfort Gedenkstein mit Stern Statue der Jungfrau der Armen Altar der Esplanade Franziskuskapelle Botschaftskapelle Kapelle &#8220;Maria Mittlerin&#8221; Beichtst\u00fchle Sakristei Krankenhospiz &#8220;Hospitalit\u00e9&#8221; G\u00e4stehaus &#8220;St. Bernadette&#8221; Toiletten G\u00e4stehaus &#8220;St. Camillus&#8221; Hl. Padre Pio Bildstock &#8220;U.L.F. von La Vang&#8221; Vietnam Bildstock &#8220;U.L.F von Walsingham&#8221; Gedenkstein China Missio-Pavillon Hl. Petrus Julian Eymard Bildstock &#8220;Verk\u00fcndigung&#8221; Hl. Alfons von Liguori Kapelle des Hl. Ignatius Kapelle der Hl. Serviten Michaelskapelle Glockenturm Kreuzweg &#8220;Shabann&#8221;-Blockhaus der Jugend Hl. Bernadette Hl. Theresia von Lisieux [&hellip;]\" \/>\n<meta property=\"og:url\" content=\"https:\/\/banneux-nd.be\/de\/die-oertlichkeiten\/\" \/>\n<meta property=\"og:site_name\" content=\"Banneux Notre-Dame\" \/>\n<meta property=\"article:publisher\" content=\"https:\/\/www.facebook.com\/NDBanneux\/\" \/>\n<meta property=\"article:modified_time\" content=\"2018-04-28T21:37:41+00:00\" \/>\n<meta name=\"twitter:card\" content=\"summary_large_image\" \/>\n<meta name=\"twitter:label1\" content=\"Gesch\u00e4tzte Lesezeit\" \/>\n\t<meta name=\"twitter:data1\" content=\"1\u00a0Minute\" \/>\n<script type=\"application\/ld+json\" class=\"yoast-schema-graph\">{\"@context\":\"https:\\\/\\\/schema.org\",\"@graph\":[{\"@type\":\"WebPage\",\"@id\":\"https:\\\/\\\/banneux-nd.be\\\/de\\\/die-oertlichkeiten\\\/\",\"url\":\"https:\\\/\\\/banneux-nd.be\\\/de\\\/die-oertlichkeiten\\\/\",\"name\":\"Die \u00d6rtlichkeiten - Banneux Notre-Dame\",\"isPartOf\":{\"@id\":\"https:\\\/\\\/banneux-nd.be\\\/de\\\/#website\"},\"datePublished\":\"2018-01-16T19:51:15+00:00\",\"dateModified\":\"2018-04-28T21:37:41+00:00\",\"breadcrumb\":{\"@id\":\"https:\\\/\\\/banneux-nd.be\\\/de\\\/die-oertlichkeiten\\\/#breadcrumb\"},\"inLanguage\":\"de\",\"potentialAction\":[{\"@type\":\"ReadAction\",\"target\":[\"https:\\\/\\\/banneux-nd.be\\\/de\\\/die-oertlichkeiten\\\/\"]}]},{\"@type\":\"BreadcrumbList\",\"@id\":\"https:\\\/\\\/banneux-nd.be\\\/de\\\/die-oertlichkeiten\\\/#breadcrumb\",\"itemListElement\":[{\"@type\":\"ListItem\",\"position\":1,\"name\":\"Accueil\",\"item\":\"https:\\\/\\\/banneux-nd.be\\\/de\\\/\"},{\"@type\":\"ListItem\",\"position\":2,\"name\":\"Die \u00d6rtlichkeiten\"}]},{\"@type\":\"WebSite\",\"@id\":\"https:\\\/\\\/banneux-nd.be\\\/de\\\/#website\",\"url\":\"https:\\\/\\\/banneux-nd.be\\\/de\\\/\",\"name\":\"Banneux Notre-Dame\",\"description\":\"Sanctuaire de la Vierge des Pauvres (Belgique)\",\"potentialAction\":[{\"@type\":\"SearchAction\",\"target\":{\"@type\":\"EntryPoint\",\"urlTemplate\":\"https:\\\/\\\/banneux-nd.be\\\/de\\\/?s={search_term_string}\"},\"query-input\":{\"@type\":\"PropertyValueSpecification\",\"valueRequired\":true,\"valueName\":\"search_term_string\"}}],\"inLanguage\":\"de\"}]}<\/script>\n<!-- \/ Yoast SEO plugin. -->","yoast_head_json":{"title":"Die \u00d6rtlichkeiten - Banneux Notre-Dame","robots":{"index":"index","follow":"follow","max-snippet":"max-snippet:-1","max-image-preview":"max-image-preview:large","max-video-preview":"max-video-preview:-1"},"canonical":"https:\/\/banneux-nd.be\/de\/die-oertlichkeiten\/","og_locale":"de_DE","og_type":"article","og_title":"Die \u00d6rtlichkeiten - Banneux Notre-Dame","og_description":"Erscheinungskapelle Haus Beco Sakristei Beicht-, Gespr\u00e4chsm\u00f6glichkeit Sakramentskapelle &#8211; Beichtst\u00fchle Kreuzkapelle Vorf\u00fchrraum Film &#8220;Pfarrer von Ars&#8221; &#8211; Generalsekretariat Informations- und Tourismusb\u00fcro Kapelle der Mutter Gottes, Hilfe der Christen Gedenkstein Bischof Kerkhofs Hl. Anna Maria Heimsuchung Bildst\u00f6cke &#8220;Sieben Schmerzen&#8221; Gedenkstein der Internationalen Gebetsvereiningung Die Quelle Hl. L.M.Grignion von Montfort Gedenkstein mit Stern Statue der Jungfrau der Armen Altar der Esplanade Franziskuskapelle Botschaftskapelle Kapelle &#8220;Maria Mittlerin&#8221; Beichtst\u00fchle Sakristei Krankenhospiz &#8220;Hospitalit\u00e9&#8221; G\u00e4stehaus &#8220;St. Bernadette&#8221; Toiletten G\u00e4stehaus &#8220;St. Camillus&#8221; Hl. Padre Pio Bildstock &#8220;U.L.F. von La Vang&#8221; Vietnam Bildstock &#8220;U.L.F von Walsingham&#8221; Gedenkstein China Missio-Pavillon Hl. Petrus Julian Eymard Bildstock &#8220;Verk\u00fcndigung&#8221; Hl. Alfons von Liguori Kapelle des Hl. Ignatius Kapelle der Hl. Serviten Michaelskapelle Glockenturm Kreuzweg &#8220;Shabann&#8221;-Blockhaus der Jugend Hl. Bernadette Hl. Theresia von Lisieux [&hellip;]","og_url":"https:\/\/banneux-nd.be\/de\/die-oertlichkeiten\/","og_site_name":"Banneux Notre-Dame","article_publisher":"https:\/\/www.facebook.com\/NDBanneux\/","article_modified_time":"2018-04-28T21:37:41+00:00","twitter_card":"summary_large_image","twitter_misc":{"Gesch\u00e4tzte Lesezeit":"1\u00a0Minute"},"schema":{"@context":"https:\/\/schema.org","@graph":[{"@type":"WebPage","@id":"https:\/\/banneux-nd.be\/de\/die-oertlichkeiten\/","url":"https:\/\/banneux-nd.be\/de\/die-oertlichkeiten\/","name":"Die \u00d6rtlichkeiten - Banneux Notre-Dame","isPartOf":{"@id":"https:\/\/banneux-nd.be\/de\/#website"},"datePublished":"2018-01-16T19:51:15+00:00","dateModified":"2018-04-28T21:37:41+00:00","breadcrumb":{"@id":"https:\/\/banneux-nd.be\/de\/die-oertlichkeiten\/#breadcrumb"},"inLanguage":"de","potentialAction":[{"@type":"ReadAction","target":["https:\/\/banneux-nd.be\/de\/die-oertlichkeiten\/"]}]},{"@type":"BreadcrumbList","@id":"https:\/\/banneux-nd.be\/de\/die-oertlichkeiten\/#breadcrumb","itemListElement":[{"@type":"ListItem","position":1,"name":"Accueil","item":"https:\/\/banneux-nd.be\/de\/"},{"@type":"ListItem","position":2,"name":"Die \u00d6rtlichkeiten"}]},{"@type":"WebSite","@id":"https:\/\/banneux-nd.be\/de\/#website","url":"https:\/\/banneux-nd.be\/de\/","name":"Banneux Notre-Dame","description":"Sanctuaire de la Vierge des Pauvres (Belgique)","potentialAction":[{"@type":"SearchAction","target":{"@type":"EntryPoint","urlTemplate":"https:\/\/banneux-nd.be\/de\/?s={search_term_string}"},"query-input":{"@type":"PropertyValueSpecification","valueRequired":true,"valueName":"search_term_string"}}],"inLanguage":"de"}]}},"coauthors":[],"author_meta":{"author_link":"https:\/\/banneux-nd.be\/de\/author\/dreusdeille\/","display_name":"Anne-Elisabeth N\u00e8ve"},"relative_dates":{"created":"Posted 8\u00a0Jahren ago","modified":"Updated 8\u00a0Jahren ago"},"absolute_dates":{"created":"Posted on 16. Januar 2018","modified":"Updated on 28. April 2018"},"absolute_dates_time":{"created":"Posted on 16. Januar 2018 20:51","modified":"Updated on 28. April 2018 23:37"},"featured_img_caption":"","featured_img":false,"series_order":"","jetpack_sharing_enabled":true,"_links":{"self":[{"href":"https:\/\/banneux-nd.be\/de\/wp-json\/wp\/v2\/pages\/2849","targetHints":{"allow":["GET"]}}],"collection":[{"href":"https:\/\/banneux-nd.be\/de\/wp-json\/wp\/v2\/pages"}],"about":[{"href":"https:\/\/banneux-nd.be\/de\/wp-json\/wp\/v2\/types\/page"}],"author":[{"embeddable":true,"href":"https:\/\/banneux-nd.be\/de\/wp-json\/wp\/v2\/users\/4"}],"replies":[{"embeddable":true,"href":"https:\/\/banneux-nd.be\/de\/wp-json\/wp\/v2\/comments?post=2849"}],"version-history":[{"count":0,"href":"https:\/\/banneux-nd.be\/de\/wp-json\/wp\/v2\/pages\/2849\/revisions"}],"wp:attachment":[{"href":"https:\/\/banneux-nd.be\/de\/wp-json\/wp\/v2\/media?parent=2849"}],"curies":[{"name":"wp","href":"https:\/\/api.w.org\/{rel}","templated":true}]}}