{"id":4258,"date":"2015-07-20T08:56:23","date_gmt":"2015-07-20T06:56:23","guid":{"rendered":"http:\/\/wwwwp2.banneux-nd.be\/banneux-notre-dame\/les-lieux\/historique-des-lieux\/"},"modified":"2018-05-20T20:56:03","modified_gmt":"2018-05-20T18:56:03","slug":"esplanade","status":"publish","type":"page","link":"https:\/\/banneux-nd.be\/de\/esplanade\/","title":{"rendered":"Die Esplanade"},"content":{"rendered":"<p><img fetchpriority=\"high\" decoding=\"async\" class=\"alignleft size-full wp-image-6224\" src=\"https:\/\/banneux-nd.be\/wp-content\/uploads\/Page_Accueil\/Foule-Esplanade-entete.jpg\" alt=\"\" width=\"1169\" height=\"344\" \/><\/p>\n<p style=\"text-align: justify;\"><span style=\"color: #000000;\">Seit dem 25. Jahrestag der Erscheinungen (1958) verf\u00fcgt der Wallfahrtsort der Jungfrau der Armen \u00fcber eine grosse Esplanade. Zwei Kapellen, zur Linken, die Botschaftkapelle, zur Rechten, die Franziskuskapelle, umrahmen gemeinsam mit dem Hauptaltar diesen Platz. Ganz zurecht wird die Esplanade von vielen <em>die gr\u00fcne Kathedrale unter<\/em> <em>freiem Himmel<\/em> genannt.<br \/>\n<\/span><\/p>\n<p style=\"text-align: justify;\">Solange die Heilige Messe in Latein gehalten wurde, fanden sich alle Pilger welcher Sprache auch immer zum gemeinsamen Gottesdienst auf der Esplanade ein. Alle Teilnehmer verharrten bei sch\u00f6nem Wetter draussen aus, fanden bei Regen oder K\u00e4lte Zuflucht in den Kapellen; der Zelebrant befand sich am Hauptaltar.<\/p>\n<p style=\"text-align: justify;\">Heute findet bei sch\u00f6nem Wetter der Krankensegen im Freien statt, eine Feier, die sich bei den Kranken und den Pilgern aus aller Herren L\u00e4nder grosser Beliebtheit erfreut.<\/p>\n","protected":false},"excerpt":{"rendered":"<p>Seit dem 25. Jahrestag der Erscheinungen (1958) verf\u00fcgt der Wallfahrtsort der Jungfrau der Armen \u00fcber eine grosse Esplanade. Zwei Kapellen, zur Linken, die Botschaftkapelle, zur Rechten, die Franziskuskapelle, umrahmen gemeinsam mit dem Hauptaltar diesen Platz. Ganz zurecht wird die Esplanade von vielen die gr\u00fcne Kathedrale unter freiem Himmel genannt. Solange die Heilige Messe in Latein gehalten wurde, fanden sich alle Pilger welcher Sprache auch immer zum gemeinsamen Gottesdienst auf der Esplanade ein. Alle Teilnehmer verharrten bei sch\u00f6nem Wetter draussen aus, fanden bei Regen oder K\u00e4lte Zuflucht in den Kapellen; der Zelebrant befand sich am Hauptaltar. Heute findet bei sch\u00f6nem Wetter der Krankensegen im Freien statt, eine Feier, die sich bei den Kranken und den Pilgern aus aller Herren L\u00e4nder grosser [&hellip;]<\/p>\n","protected":false},"author":2,"featured_media":0,"parent":0,"menu_order":0,"comment_status":"closed","ping_status":"closed","template":"","meta":{"advgb_blocks_editor_width":"","advgb_blocks_columns_visual_guide":"","jetpack_post_was_ever_published":false,"footnotes":""},"class_list":["post-4258","page","type-page","status-publish","hentry"],"yoast_head":"<!-- This site is optimized with the Yoast SEO plugin v27.4 - https:\/\/yoast.com\/product\/yoast-seo-wordpress\/ -->\n<title>Die Esplanade - Banneux Notre-Dame<\/title>\n<meta name=\"robots\" content=\"index, follow, max-snippet:-1, max-image-preview:large, max-video-preview:-1\" \/>\n<link rel=\"canonical\" href=\"https:\/\/banneux-nd.be\/de\/esplanade\/\" \/>\n<meta property=\"og:locale\" content=\"de_DE\" \/>\n<meta property=\"og:type\" content=\"article\" \/>\n<meta property=\"og:title\" content=\"Die Esplanade - Banneux Notre-Dame\" \/>\n<meta property=\"og:description\" content=\"Seit dem 25. Jahrestag der Erscheinungen (1958) verf\u00fcgt der Wallfahrtsort der Jungfrau der Armen \u00fcber eine grosse Esplanade. Zwei Kapellen, zur Linken, die Botschaftkapelle, zur Rechten, die Franziskuskapelle, umrahmen gemeinsam mit dem Hauptaltar diesen Platz. Ganz zurecht wird die Esplanade von vielen die gr\u00fcne Kathedrale unter freiem Himmel genannt. Solange die Heilige Messe in Latein gehalten wurde, fanden sich alle Pilger welcher Sprache auch immer zum gemeinsamen Gottesdienst auf der Esplanade ein. Alle Teilnehmer verharrten bei sch\u00f6nem Wetter draussen aus, fanden bei Regen oder K\u00e4lte Zuflucht in den Kapellen; der Zelebrant befand sich am Hauptaltar. Heute findet bei sch\u00f6nem Wetter der Krankensegen im Freien statt, eine Feier, die sich bei den Kranken und den Pilgern aus aller Herren L\u00e4nder grosser [&hellip;]\" \/>\n<meta property=\"og:url\" content=\"https:\/\/banneux-nd.be\/de\/esplanade\/\" \/>\n<meta property=\"og:site_name\" content=\"Banneux Notre-Dame\" \/>\n<meta property=\"article:publisher\" content=\"https:\/\/www.facebook.com\/NDBanneux\/\" \/>\n<meta property=\"article:modified_time\" content=\"2018-05-20T18:56:03+00:00\" \/>\n<meta property=\"og:image\" content=\"https:\/\/banneux-nd.be\/wp-content\/uploads\/Page_Accueil\/Foule-Esplanade-entete.jpg\" \/>\n<meta name=\"twitter:card\" content=\"summary_large_image\" \/>\n<meta name=\"twitter:label1\" content=\"Gesch\u00e4tzte Lesezeit\" \/>\n\t<meta name=\"twitter:data1\" content=\"1\u00a0Minute\" \/>\n<script type=\"application\/ld+json\" class=\"yoast-schema-graph\">{\"@context\":\"https:\\\/\\\/schema.org\",\"@graph\":[{\"@type\":\"WebPage\",\"@id\":\"https:\\\/\\\/banneux-nd.be\\\/de\\\/esplanade\\\/\",\"url\":\"https:\\\/\\\/banneux-nd.be\\\/de\\\/esplanade\\\/\",\"name\":\"Die Esplanade - Banneux Notre-Dame\",\"isPartOf\":{\"@id\":\"https:\\\/\\\/banneux-nd.be\\\/de\\\/#website\"},\"primaryImageOfPage\":{\"@id\":\"https:\\\/\\\/banneux-nd.be\\\/de\\\/esplanade\\\/#primaryimage\"},\"image\":{\"@id\":\"https:\\\/\\\/banneux-nd.be\\\/de\\\/esplanade\\\/#primaryimage\"},\"thumbnailUrl\":\"https:\\\/\\\/banneux-nd.be\\\/wp-content\\\/uploads\\\/Page_Accueil\\\/Foule-Esplanade-entete.jpg\",\"datePublished\":\"2015-07-20T06:56:23+00:00\",\"dateModified\":\"2018-05-20T18:56:03+00:00\",\"breadcrumb\":{\"@id\":\"https:\\\/\\\/banneux-nd.be\\\/de\\\/esplanade\\\/#breadcrumb\"},\"inLanguage\":\"de\",\"potentialAction\":[{\"@type\":\"ReadAction\",\"target\":[\"https:\\\/\\\/banneux-nd.be\\\/de\\\/esplanade\\\/\"]}]},{\"@type\":\"ImageObject\",\"inLanguage\":\"de\",\"@id\":\"https:\\\/\\\/banneux-nd.be\\\/de\\\/esplanade\\\/#primaryimage\",\"url\":\"https:\\\/\\\/banneux-nd.be\\\/wp-content\\\/uploads\\\/Page_Accueil\\\/Foule-Esplanade-entete.jpg\",\"contentUrl\":\"https:\\\/\\\/banneux-nd.be\\\/wp-content\\\/uploads\\\/Page_Accueil\\\/Foule-Esplanade-entete.jpg\"},{\"@type\":\"BreadcrumbList\",\"@id\":\"https:\\\/\\\/banneux-nd.be\\\/de\\\/esplanade\\\/#breadcrumb\",\"itemListElement\":[{\"@type\":\"ListItem\",\"position\":1,\"name\":\"Accueil\",\"item\":\"https:\\\/\\\/banneux-nd.be\\\/de\\\/\"},{\"@type\":\"ListItem\",\"position\":2,\"name\":\"Die Esplanade\"}]},{\"@type\":\"WebSite\",\"@id\":\"https:\\\/\\\/banneux-nd.be\\\/de\\\/#website\",\"url\":\"https:\\\/\\\/banneux-nd.be\\\/de\\\/\",\"name\":\"Banneux Notre-Dame\",\"description\":\"Sanctuaire de la Vierge des Pauvres (Belgique)\",\"potentialAction\":[{\"@type\":\"SearchAction\",\"target\":{\"@type\":\"EntryPoint\",\"urlTemplate\":\"https:\\\/\\\/banneux-nd.be\\\/de\\\/?s={search_term_string}\"},\"query-input\":{\"@type\":\"PropertyValueSpecification\",\"valueRequired\":true,\"valueName\":\"search_term_string\"}}],\"inLanguage\":\"de\"}]}<\/script>\n<!-- \/ Yoast SEO plugin. -->","yoast_head_json":{"title":"Die Esplanade - Banneux Notre-Dame","robots":{"index":"index","follow":"follow","max-snippet":"max-snippet:-1","max-image-preview":"max-image-preview:large","max-video-preview":"max-video-preview:-1"},"canonical":"https:\/\/banneux-nd.be\/de\/esplanade\/","og_locale":"de_DE","og_type":"article","og_title":"Die Esplanade - Banneux Notre-Dame","og_description":"Seit dem 25. Jahrestag der Erscheinungen (1958) verf\u00fcgt der Wallfahrtsort der Jungfrau der Armen \u00fcber eine grosse Esplanade. Zwei Kapellen, zur Linken, die Botschaftkapelle, zur Rechten, die Franziskuskapelle, umrahmen gemeinsam mit dem Hauptaltar diesen Platz. Ganz zurecht wird die Esplanade von vielen die gr\u00fcne Kathedrale unter freiem Himmel genannt. Solange die Heilige Messe in Latein gehalten wurde, fanden sich alle Pilger welcher Sprache auch immer zum gemeinsamen Gottesdienst auf der Esplanade ein. Alle Teilnehmer verharrten bei sch\u00f6nem Wetter draussen aus, fanden bei Regen oder K\u00e4lte Zuflucht in den Kapellen; der Zelebrant befand sich am Hauptaltar. Heute findet bei sch\u00f6nem Wetter der Krankensegen im Freien statt, eine Feier, die sich bei den Kranken und den Pilgern aus aller Herren L\u00e4nder grosser [&hellip;]","og_url":"https:\/\/banneux-nd.be\/de\/esplanade\/","og_site_name":"Banneux Notre-Dame","article_publisher":"https:\/\/www.facebook.com\/NDBanneux\/","article_modified_time":"2018-05-20T18:56:03+00:00","og_image":[{"url":"https:\/\/banneux-nd.be\/wp-content\/uploads\/Page_Accueil\/Foule-Esplanade-entete.jpg","type":"","width":"","height":""}],"twitter_card":"summary_large_image","twitter_misc":{"Gesch\u00e4tzte Lesezeit":"1\u00a0Minute"},"schema":{"@context":"https:\/\/schema.org","@graph":[{"@type":"WebPage","@id":"https:\/\/banneux-nd.be\/de\/esplanade\/","url":"https:\/\/banneux-nd.be\/de\/esplanade\/","name":"Die Esplanade - Banneux Notre-Dame","isPartOf":{"@id":"https:\/\/banneux-nd.be\/de\/#website"},"primaryImageOfPage":{"@id":"https:\/\/banneux-nd.be\/de\/esplanade\/#primaryimage"},"image":{"@id":"https:\/\/banneux-nd.be\/de\/esplanade\/#primaryimage"},"thumbnailUrl":"https:\/\/banneux-nd.be\/wp-content\/uploads\/Page_Accueil\/Foule-Esplanade-entete.jpg","datePublished":"2015-07-20T06:56:23+00:00","dateModified":"2018-05-20T18:56:03+00:00","breadcrumb":{"@id":"https:\/\/banneux-nd.be\/de\/esplanade\/#breadcrumb"},"inLanguage":"de","potentialAction":[{"@type":"ReadAction","target":["https:\/\/banneux-nd.be\/de\/esplanade\/"]}]},{"@type":"ImageObject","inLanguage":"de","@id":"https:\/\/banneux-nd.be\/de\/esplanade\/#primaryimage","url":"https:\/\/banneux-nd.be\/wp-content\/uploads\/Page_Accueil\/Foule-Esplanade-entete.jpg","contentUrl":"https:\/\/banneux-nd.be\/wp-content\/uploads\/Page_Accueil\/Foule-Esplanade-entete.jpg"},{"@type":"BreadcrumbList","@id":"https:\/\/banneux-nd.be\/de\/esplanade\/#breadcrumb","itemListElement":[{"@type":"ListItem","position":1,"name":"Accueil","item":"https:\/\/banneux-nd.be\/de\/"},{"@type":"ListItem","position":2,"name":"Die Esplanade"}]},{"@type":"WebSite","@id":"https:\/\/banneux-nd.be\/de\/#website","url":"https:\/\/banneux-nd.be\/de\/","name":"Banneux Notre-Dame","description":"Sanctuaire de la Vierge des Pauvres (Belgique)","potentialAction":[{"@type":"SearchAction","target":{"@type":"EntryPoint","urlTemplate":"https:\/\/banneux-nd.be\/de\/?s={search_term_string}"},"query-input":{"@type":"PropertyValueSpecification","valueRequired":true,"valueName":"search_term_string"}}],"inLanguage":"de"}]}},"coauthors":[],"author_meta":{"author_link":"https:\/\/banneux-nd.be\/de\/author\/adminfr\/","display_name":"adminFR"},"relative_dates":{"created":"Ver\u00f6ffentlicht 11\u00a0Jahren vor","modified":"Aktualisiert 8\u00a0Jahren vor"},"absolute_dates":{"created":"Ver\u00f6ffentlicht am 20. Juli 2015","modified":"Aktualisiert am 20. Mai 2018"},"absolute_dates_time":{"created":"Ver\u00f6ffentlicht am 20. Juli 2015 8:56","modified":"Aktualisiert am 20. Mai 2018 20:56"},"featured_img_caption":"","featured_img":false,"series_order":"","jetpack_sharing_enabled":true,"_links":{"self":[{"href":"https:\/\/banneux-nd.be\/de\/wp-json\/wp\/v2\/pages\/4258","targetHints":{"allow":["GET"]}}],"collection":[{"href":"https:\/\/banneux-nd.be\/de\/wp-json\/wp\/v2\/pages"}],"about":[{"href":"https:\/\/banneux-nd.be\/de\/wp-json\/wp\/v2\/types\/page"}],"author":[{"embeddable":true,"href":"https:\/\/banneux-nd.be\/de\/wp-json\/wp\/v2\/users\/2"}],"replies":[{"embeddable":true,"href":"https:\/\/banneux-nd.be\/de\/wp-json\/wp\/v2\/comments?post=4258"}],"version-history":[{"count":0,"href":"https:\/\/banneux-nd.be\/de\/wp-json\/wp\/v2\/pages\/4258\/revisions"}],"wp:attachment":[{"href":"https:\/\/banneux-nd.be\/de\/wp-json\/wp\/v2\/media?parent=4258"}],"curies":[{"name":"wp","href":"https:\/\/api.w.org\/{rel}","templated":true}]}}