{"id":6743,"date":"2018-04-12T11:43:24","date_gmt":"2018-04-12T09:43:24","guid":{"rendered":"http:\/\/wwwwp2.banneux-nd.be\/der-kreuzweg\/"},"modified":"2018-05-24T09:50:59","modified_gmt":"2018-05-24T07:50:59","slug":"der-kreuzweg","status":"publish","type":"page","link":"https:\/\/banneux-nd.be\/de\/der-kreuzweg\/","title":{"rendered":"Der Kreuzweg"},"content":{"rendered":"<p style=\"text-align: justify;\">Im park\u00e4hnlichen Areal des Wallfahrtsortes von Banneux l\u00e4dt ein sch\u00f6ner Kreuzweg zum meditativen Gebet ein.<\/p>\n<p style=\"text-align: justify;\">Den 14 traditionellen Stationen wurden zwei weitere zugef\u00fcgt:<\/p>\n<ul style=\"text-align: justify;\">\n<li>beim Letzten Abendmahl bricht Jesus seinen J\u00fcngern das eucharistische Brot,<\/li>\n<li>seine Auferstehung am Ostermorgen weitet den Blick und fordert zum Glauben an ein Leben st\u00e4rker als der Tod.<\/li>\n<\/ul>\n<p style=\"text-align: justify;\"><em>Ich komme, das Leid zu lindern<\/em>, verspricht die Jungfrau der Armen. Ein Verprechen, das sie beim Leiden und Sterben Jesu schon eingel\u00f6st hat. Sie war bei ihrem Sohn, als er sein Kreuz auf den Kalvarienberg geschleppt und am\u00a0Kreuz sein Leben f\u00fcr uns hingegeben hat.<\/p>\n<p style=\"text-align: justify;\">Nach der Kreuzabnahme ruht er auf ihrem m\u00fctterlichen Schoss.<\/p>\n<div class=\"tiled-gallery type-rectangular tiled-gallery-unresized\" data-original-width=\"758\" data-carousel-extra='null' itemscope itemtype=\"http:\/\/schema.org\/ImageGallery\" > <div class=\"gallery-row\" style=\"width: 758px; height: 650px;\" data-original-width=\"758\" data-original-height=\"650\" > <div class=\"gallery-group images-1\" style=\"width: 435px; height: 650px;\" data-original-width=\"435\" data-original-height=\"650\" > <div class=\"tiled-gallery-item tiled-gallery-item-large\" itemprop=\"associatedMedia\" itemscope itemtype=\"http:\/\/schema.org\/ImageObject\"> <a href=\"https:\/\/banneux-nd.be\/de\/autres-lieux\/banneux-chemin-de-croix-dans-la-foret-1-2\/\" border=\"0\" itemprop=\"url\"> <meta itemprop=\"width\" content=\"431\"> <meta itemprop=\"height\" content=\"646\"> <img decoding=\"async\" data-attachment-id=\"8485\" data-orig-file=\"https:\/\/banneux-nd.be\/wp-content\/uploads\/2018\/05\/Banneux-Chemin-de-Croix-dans-la-for\u00eat-1.jpg\" data-orig-size=\"800,1200\" data-comments-opened=\"1\" data-image-meta=\"{&quot;aperture&quot;:&quot;5&quot;,&quot;credit&quot;:&quot;&quot;,&quot;camera&quot;:&quot;Canon EOS 500D&quot;,&quot;caption&quot;:&quot;&quot;,&quot;created_timestamp&quot;:&quot;1525352484&quot;,&quot;copyright&quot;:&quot;&quot;,&quot;focal_length&quot;:&quot;50&quot;,&quot;iso&quot;:&quot;125&quot;,&quot;shutter_speed&quot;:&quot;0.02&quot;,&quot;title&quot;:&quot;&quot;,&quot;orientation&quot;:&quot;1&quot;}\" data-image-title=\"Banneux &#8211; Chemin de Croix dans la for\u00eat (1)\" data-image-description=\"\" data-medium-file=\"https:\/\/banneux-nd.be\/wp-content\/uploads\/2018\/05\/Banneux-Chemin-de-Croix-dans-la-for\u00eat-1-200x300.jpg\" data-large-file=\"https:\/\/banneux-nd.be\/wp-content\/uploads\/2018\/05\/Banneux-Chemin-de-Croix-dans-la-for\u00eat-1-683x1024.jpg\" data-src=\"https:\/\/i0.wp.com\/banneux-nd.be\/wp-content\/uploads\/2018\/05\/Banneux-Chemin-de-Croix-dans-la-for%C3%AAt-1.jpg?w=431&#038;h=646&#038;ssl=1\" width=\"431\" height=\"646\" data-original-width=\"431\" data-original-height=\"646\" itemprop=\"http:\/\/schema.org\/image\" title=\"Banneux - Chemin de Croix dans la for\u00eat (1)\" alt=\"Banneux - Chemin de Croix dans la for\u00eat\" style=\"--smush-placeholder-width: 431px; --smush-placeholder-aspect-ratio: 431\/646;width: 431px; height: 646px;\" src=\"data:image\/svg+xml;base64,PHN2ZyB3aWR0aD0iMSIgaGVpZ2h0PSIxIiB4bWxucz0iaHR0cDovL3d3dy53My5vcmcvMjAwMC9zdmciPjwvc3ZnPg==\" class=\"lazyload\" \/> <\/a> <div class=\"tiled-gallery-caption\" itemprop=\"caption description\"> Banneux &#8211; Chemin de Croix dans la for\u00eat <\/div> <\/div> <\/div> <!-- close group --> <div class=\"gallery-group images-3\" style=\"width: 323px; height: 650px;\" data-original-width=\"323\" data-original-height=\"650\" > <div class=\"tiled-gallery-item tiled-gallery-item-large\" itemprop=\"associatedMedia\" itemscope itemtype=\"http:\/\/schema.org\/ImageObject\"> <a href=\"https:\/\/banneux-nd.be\/de\/autres-lieux\/banneux-chemin-de-croix-dans-la-foret-2-2\/\" border=\"0\" itemprop=\"url\"> <meta itemprop=\"width\" content=\"319\"> <meta itemprop=\"height\" content=\"213\"> <img decoding=\"async\" data-attachment-id=\"8490\" data-orig-file=\"https:\/\/banneux-nd.be\/wp-content\/uploads\/2018\/05\/Banneux-Chemin-de-Croix-dans-la-for\u00eat-2.jpg\" data-orig-size=\"1200,800\" data-comments-opened=\"1\" data-image-meta=\"{&quot;aperture&quot;:&quot;5&quot;,&quot;credit&quot;:&quot;&quot;,&quot;camera&quot;:&quot;Canon EOS 500D&quot;,&quot;caption&quot;:&quot;&quot;,&quot;created_timestamp&quot;:&quot;1525352493&quot;,&quot;copyright&quot;:&quot;&quot;,&quot;focal_length&quot;:&quot;28&quot;,&quot;iso&quot;:&quot;100&quot;,&quot;shutter_speed&quot;:&quot;0.02&quot;,&quot;title&quot;:&quot;&quot;,&quot;orientation&quot;:&quot;1&quot;}\" data-image-title=\"Banneux &#8211; Chemin de Croix dans la for\u00eat (2)\" data-image-description=\"\" data-medium-file=\"https:\/\/banneux-nd.be\/wp-content\/uploads\/2018\/05\/Banneux-Chemin-de-Croix-dans-la-for\u00eat-2-300x200.jpg\" data-large-file=\"https:\/\/banneux-nd.be\/wp-content\/uploads\/2018\/05\/Banneux-Chemin-de-Croix-dans-la-for\u00eat-2-1024x683.jpg\" data-src=\"https:\/\/i0.wp.com\/banneux-nd.be\/wp-content\/uploads\/2018\/05\/Banneux-Chemin-de-Croix-dans-la-for%C3%AAt-2.jpg?w=319&#038;h=213&#038;ssl=1\" width=\"319\" height=\"213\" data-original-width=\"319\" data-original-height=\"213\" itemprop=\"http:\/\/schema.org\/image\" title=\"Banneux - Chemin de Croix dans la for\u00eat (2)\" alt=\"Banneux - Chemin de Croix dans la for\u00eat\" style=\"--smush-placeholder-width: 319px; --smush-placeholder-aspect-ratio: 319\/213;width: 319px; height: 213px;\" src=\"data:image\/svg+xml;base64,PHN2ZyB3aWR0aD0iMSIgaGVpZ2h0PSIxIiB4bWxucz0iaHR0cDovL3d3dy53My5vcmcvMjAwMC9zdmciPjwvc3ZnPg==\" class=\"lazyload\" \/> <\/a> <div class=\"tiled-gallery-caption\" itemprop=\"caption description\"> Banneux &#8211; Chemin de Croix dans la for\u00eat <\/div> <\/div> <div class=\"tiled-gallery-item tiled-gallery-item-large\" itemprop=\"associatedMedia\" itemscope itemtype=\"http:\/\/schema.org\/ImageObject\"> <a href=\"https:\/\/banneux-nd.be\/de\/autres-lieux\/banneux-chemin-de-croix-dans-la-foret-3-2\/\" border=\"0\" itemprop=\"url\"> <meta itemprop=\"width\" content=\"319\"> <meta itemprop=\"height\" content=\"213\"> <img decoding=\"async\" data-attachment-id=\"8495\" data-orig-file=\"https:\/\/banneux-nd.be\/wp-content\/uploads\/2018\/05\/Banneux-Chemin-de-Croix-dans-la-for\u00eat-3.jpg\" data-orig-size=\"1200,800\" data-comments-opened=\"1\" data-image-meta=\"{&quot;aperture&quot;:&quot;5&quot;,&quot;credit&quot;:&quot;&quot;,&quot;camera&quot;:&quot;Canon EOS 500D&quot;,&quot;caption&quot;:&quot;&quot;,&quot;created_timestamp&quot;:&quot;1525352533&quot;,&quot;copyright&quot;:&quot;&quot;,&quot;focal_length&quot;:&quot;50&quot;,&quot;iso&quot;:&quot;100&quot;,&quot;shutter_speed&quot;:&quot;0.016666666666667&quot;,&quot;title&quot;:&quot;&quot;,&quot;orientation&quot;:&quot;1&quot;}\" data-image-title=\"Banneux &#8211; Chemin de Croix dans la for\u00eat (3)\" data-image-description=\"\" data-medium-file=\"https:\/\/banneux-nd.be\/wp-content\/uploads\/2018\/05\/Banneux-Chemin-de-Croix-dans-la-for\u00eat-3-300x200.jpg\" data-large-file=\"https:\/\/banneux-nd.be\/wp-content\/uploads\/2018\/05\/Banneux-Chemin-de-Croix-dans-la-for\u00eat-3-1024x683.jpg\" data-src=\"https:\/\/i0.wp.com\/banneux-nd.be\/wp-content\/uploads\/2018\/05\/Banneux-Chemin-de-Croix-dans-la-for%C3%AAt-3.jpg?w=319&#038;h=213&#038;ssl=1\" width=\"319\" height=\"213\" data-original-width=\"319\" data-original-height=\"213\" itemprop=\"http:\/\/schema.org\/image\" title=\"Banneux - Chemin de Croix dans la for\u00eat (3)\" alt=\"Banneux - Chemin de Croix dans la for\u00eat\" style=\"--smush-placeholder-width: 319px; --smush-placeholder-aspect-ratio: 319\/213;width: 319px; height: 213px;\" src=\"data:image\/svg+xml;base64,PHN2ZyB3aWR0aD0iMSIgaGVpZ2h0PSIxIiB4bWxucz0iaHR0cDovL3d3dy53My5vcmcvMjAwMC9zdmciPjwvc3ZnPg==\" class=\"lazyload\" \/> <\/a> <div class=\"tiled-gallery-caption\" itemprop=\"caption description\"> Banneux &#8211; Chemin de Croix dans la for\u00eat <\/div> <\/div> <div class=\"tiled-gallery-item tiled-gallery-item-large\" itemprop=\"associatedMedia\" itemscope itemtype=\"http:\/\/schema.org\/ImageObject\"> <a href=\"https:\/\/banneux-nd.be\/de\/autres-lieux\/banneux-chemin-de-croix-dans-la-foret-4-2\/\" border=\"0\" itemprop=\"url\"> <meta itemprop=\"width\" content=\"319\"> <meta itemprop=\"height\" content=\"212\"> <img decoding=\"async\" data-attachment-id=\"8500\" data-orig-file=\"https:\/\/banneux-nd.be\/wp-content\/uploads\/2018\/05\/Banneux-Chemin-de-Croix-dans-la-for\u00eat-4.jpg\" data-orig-size=\"1200,800\" data-comments-opened=\"1\" data-image-meta=\"{&quot;aperture&quot;:&quot;5&quot;,&quot;credit&quot;:&quot;&quot;,&quot;camera&quot;:&quot;Canon EOS 500D&quot;,&quot;caption&quot;:&quot;&quot;,&quot;created_timestamp&quot;:&quot;1525352550&quot;,&quot;copyright&quot;:&quot;&quot;,&quot;focal_length&quot;:&quot;50&quot;,&quot;iso&quot;:&quot;100&quot;,&quot;shutter_speed&quot;:&quot;0.016666666666667&quot;,&quot;title&quot;:&quot;&quot;,&quot;orientation&quot;:&quot;1&quot;}\" data-image-title=\"Banneux &#8211; Chemin de Croix dans la for\u00eat (4)\" data-image-description=\"\" data-medium-file=\"https:\/\/banneux-nd.be\/wp-content\/uploads\/2018\/05\/Banneux-Chemin-de-Croix-dans-la-for\u00eat-4-300x200.jpg\" data-large-file=\"https:\/\/banneux-nd.be\/wp-content\/uploads\/2018\/05\/Banneux-Chemin-de-Croix-dans-la-for\u00eat-4-1024x683.jpg\" data-src=\"https:\/\/i0.wp.com\/banneux-nd.be\/wp-content\/uploads\/2018\/05\/Banneux-Chemin-de-Croix-dans-la-for%C3%AAt-4.jpg?w=319&#038;h=212&#038;ssl=1\" width=\"319\" height=\"212\" data-original-width=\"319\" data-original-height=\"212\" itemprop=\"http:\/\/schema.org\/image\" title=\"Banneux - Chemin de Croix dans la for\u00eat (4)\" alt=\"Banneux - Chemin de Croix dans la for\u00eat\" style=\"--smush-placeholder-width: 319px; --smush-placeholder-aspect-ratio: 319\/212;width: 319px; height: 212px;\" src=\"data:image\/svg+xml;base64,PHN2ZyB3aWR0aD0iMSIgaGVpZ2h0PSIxIiB4bWxucz0iaHR0cDovL3d3dy53My5vcmcvMjAwMC9zdmciPjwvc3ZnPg==\" class=\"lazyload\" \/> <\/a> <div class=\"tiled-gallery-caption\" itemprop=\"caption description\"> Banneux &#8211; Chemin de Croix dans la for\u00eat <\/div> <\/div> <\/div> <!-- close group --> <\/div> <!-- close row --> <div class=\"gallery-row\" style=\"width: 758px; height: 339px;\" data-original-width=\"758\" data-original-height=\"339\" > <div class=\"gallery-group images-1\" style=\"width: 506px; height: 339px;\" data-original-width=\"506\" data-original-height=\"339\" > <div class=\"tiled-gallery-item tiled-gallery-item-large\" itemprop=\"associatedMedia\" itemscope itemtype=\"http:\/\/schema.org\/ImageObject\"> <a href=\"https:\/\/banneux-nd.be\/de\/autres-lieux\/banneux-chemin-de-croix-dans-la-foret-5-2\/\" border=\"0\" itemprop=\"url\"> <meta itemprop=\"width\" content=\"502\"> <meta itemprop=\"height\" content=\"335\"> <img decoding=\"async\" data-attachment-id=\"8505\" data-orig-file=\"https:\/\/banneux-nd.be\/wp-content\/uploads\/2018\/05\/Banneux-Chemin-de-Croix-dans-la-for\u00eat-5.jpg\" data-orig-size=\"1200,800\" data-comments-opened=\"1\" data-image-meta=\"{&quot;aperture&quot;:&quot;5&quot;,&quot;credit&quot;:&quot;&quot;,&quot;camera&quot;:&quot;Canon EOS 500D&quot;,&quot;caption&quot;:&quot;&quot;,&quot;created_timestamp&quot;:&quot;1525352592&quot;,&quot;copyright&quot;:&quot;&quot;,&quot;focal_length&quot;:&quot;50&quot;,&quot;iso&quot;:&quot;100&quot;,&quot;shutter_speed&quot;:&quot;0.0125&quot;,&quot;title&quot;:&quot;&quot;,&quot;orientation&quot;:&quot;1&quot;}\" data-image-title=\"Banneux &#8211; Chemin de Croix dans la for\u00eat (5)\" data-image-description=\"\" data-medium-file=\"https:\/\/banneux-nd.be\/wp-content\/uploads\/2018\/05\/Banneux-Chemin-de-Croix-dans-la-for\u00eat-5-300x200.jpg\" data-large-file=\"https:\/\/banneux-nd.be\/wp-content\/uploads\/2018\/05\/Banneux-Chemin-de-Croix-dans-la-for\u00eat-5-1024x683.jpg\" data-src=\"https:\/\/i0.wp.com\/banneux-nd.be\/wp-content\/uploads\/2018\/05\/Banneux-Chemin-de-Croix-dans-la-for%C3%AAt-5.jpg?w=502&#038;h=335&#038;ssl=1\" width=\"502\" height=\"335\" data-original-width=\"502\" data-original-height=\"335\" itemprop=\"http:\/\/schema.org\/image\" title=\"Banneux - Chemin de Croix dans la for\u00eat (5)\" alt=\"Banneux - Chemin de Croix dans la for\u00eat\" style=\"--smush-placeholder-width: 502px; --smush-placeholder-aspect-ratio: 502\/335;width: 502px; height: 335px;\" src=\"data:image\/svg+xml;base64,PHN2ZyB3aWR0aD0iMSIgaGVpZ2h0PSIxIiB4bWxucz0iaHR0cDovL3d3dy53My5vcmcvMjAwMC9zdmciPjwvc3ZnPg==\" class=\"lazyload\" \/> <\/a> <div class=\"tiled-gallery-caption\" itemprop=\"caption description\"> Banneux &#8211; Chemin de Croix dans la for\u00eat <\/div> <\/div> <\/div> <!-- close group --> <div class=\"gallery-group images-2\" style=\"width: 252px; height: 339px;\" data-original-width=\"252\" data-original-height=\"339\" > <div class=\"tiled-gallery-item tiled-gallery-item-small\" itemprop=\"associatedMedia\" itemscope itemtype=\"http:\/\/schema.org\/ImageObject\"> <a href=\"https:\/\/banneux-nd.be\/de\/autres-lieux\/banneux-chemin-de-croix-dans-la-foret-6-2\/\" border=\"0\" itemprop=\"url\"> <meta itemprop=\"width\" content=\"248\"> <meta itemprop=\"height\" content=\"166\"> <img decoding=\"async\" data-attachment-id=\"8510\" data-orig-file=\"https:\/\/banneux-nd.be\/wp-content\/uploads\/2018\/05\/Banneux-Chemin-de-Croix-dans-la-for\u00eat-6.jpg\" data-orig-size=\"1200,800\" data-comments-opened=\"1\" data-image-meta=\"{&quot;aperture&quot;:&quot;5&quot;,&quot;credit&quot;:&quot;&quot;,&quot;camera&quot;:&quot;Canon EOS 500D&quot;,&quot;caption&quot;:&quot;&quot;,&quot;created_timestamp&quot;:&quot;1525352689&quot;,&quot;copyright&quot;:&quot;&quot;,&quot;focal_length&quot;:&quot;18&quot;,&quot;iso&quot;:&quot;100&quot;,&quot;shutter_speed&quot;:&quot;0.016666666666667&quot;,&quot;title&quot;:&quot;&quot;,&quot;orientation&quot;:&quot;1&quot;}\" data-image-title=\"Banneux &#8211; Chemin de Croix dans la for\u00eat (6)\" data-image-description=\"\" data-medium-file=\"https:\/\/banneux-nd.be\/wp-content\/uploads\/2018\/05\/Banneux-Chemin-de-Croix-dans-la-for\u00eat-6-300x200.jpg\" data-large-file=\"https:\/\/banneux-nd.be\/wp-content\/uploads\/2018\/05\/Banneux-Chemin-de-Croix-dans-la-for\u00eat-6-1024x683.jpg\" data-src=\"https:\/\/i0.wp.com\/banneux-nd.be\/wp-content\/uploads\/2018\/05\/Banneux-Chemin-de-Croix-dans-la-for%C3%AAt-6.jpg?w=248&#038;h=166&#038;ssl=1\" width=\"248\" height=\"166\" data-original-width=\"248\" data-original-height=\"166\" itemprop=\"http:\/\/schema.org\/image\" title=\"Banneux - Chemin de Croix dans la for\u00eat (6)\" alt=\"Banneux - Chemin de Croix dans la for\u00eat\" style=\"--smush-placeholder-width: 248px; --smush-placeholder-aspect-ratio: 248\/166;width: 248px; height: 166px;\" src=\"data:image\/svg+xml;base64,PHN2ZyB3aWR0aD0iMSIgaGVpZ2h0PSIxIiB4bWxucz0iaHR0cDovL3d3dy53My5vcmcvMjAwMC9zdmciPjwvc3ZnPg==\" class=\"lazyload\" \/> <\/a> <div class=\"tiled-gallery-caption\" itemprop=\"caption description\"> Banneux &#8211; Chemin de Croix dans la for\u00eat <\/div> <\/div> <div class=\"tiled-gallery-item tiled-gallery-item-small\" itemprop=\"associatedMedia\" itemscope itemtype=\"http:\/\/schema.org\/ImageObject\"> <a href=\"https:\/\/banneux-nd.be\/de\/autres-lieux\/banneux-chemin-de-croix-dans-la-foret-7-2\/\" border=\"0\" itemprop=\"url\"> <meta itemprop=\"width\" content=\"248\"> <meta itemprop=\"height\" content=\"165\"> <img decoding=\"async\" data-attachment-id=\"8515\" data-orig-file=\"https:\/\/banneux-nd.be\/wp-content\/uploads\/2018\/05\/Banneux-Chemin-de-Croix-dans-la-for\u00eat-7.jpg\" data-orig-size=\"1200,800\" data-comments-opened=\"1\" data-image-meta=\"{&quot;aperture&quot;:&quot;5&quot;,&quot;credit&quot;:&quot;&quot;,&quot;camera&quot;:&quot;Canon EOS 500D&quot;,&quot;caption&quot;:&quot;&quot;,&quot;created_timestamp&quot;:&quot;1525352737&quot;,&quot;copyright&quot;:&quot;&quot;,&quot;focal_length&quot;:&quot;60&quot;,&quot;iso&quot;:&quot;160&quot;,&quot;shutter_speed&quot;:&quot;0.016666666666667&quot;,&quot;title&quot;:&quot;&quot;,&quot;orientation&quot;:&quot;1&quot;}\" data-image-title=\"Banneux &#8211; Chemin de Croix dans la for\u00eat (7)\" data-image-description=\"\" data-medium-file=\"https:\/\/banneux-nd.be\/wp-content\/uploads\/2018\/05\/Banneux-Chemin-de-Croix-dans-la-for\u00eat-7-300x200.jpg\" data-large-file=\"https:\/\/banneux-nd.be\/wp-content\/uploads\/2018\/05\/Banneux-Chemin-de-Croix-dans-la-for\u00eat-7-1024x683.jpg\" data-src=\"https:\/\/i0.wp.com\/banneux-nd.be\/wp-content\/uploads\/2018\/05\/Banneux-Chemin-de-Croix-dans-la-for%C3%AAt-7.jpg?w=248&#038;h=165&#038;ssl=1\" width=\"248\" height=\"165\" data-original-width=\"248\" data-original-height=\"165\" itemprop=\"http:\/\/schema.org\/image\" title=\"Banneux - Chemin de Croix dans la for\u00eat (7)\" alt=\"Banneux - Chemin de Croix dans la for\u00eat\" style=\"--smush-placeholder-width: 248px; --smush-placeholder-aspect-ratio: 248\/165;width: 248px; height: 165px;\" src=\"data:image\/svg+xml;base64,PHN2ZyB3aWR0aD0iMSIgaGVpZ2h0PSIxIiB4bWxucz0iaHR0cDovL3d3dy53My5vcmcvMjAwMC9zdmciPjwvc3ZnPg==\" class=\"lazyload\" \/> <\/a> <div class=\"tiled-gallery-caption\" itemprop=\"caption description\"> Banneux &#8211; Chemin de Croix dans la for\u00eat <\/div> <\/div> <\/div> <!-- close group --> <\/div> <!-- close row --> <\/div>\n<p style=\"text-align: justify;\">\n","protected":false},"excerpt":{"rendered":"<p>Im park\u00e4hnlichen Areal des Wallfahrtsortes von Banneux l\u00e4dt ein sch\u00f6ner Kreuzweg zum meditativen Gebet ein. Den 14 traditionellen Stationen wurden zwei weitere zugef\u00fcgt: beim Letzten Abendmahl bricht Jesus seinen J\u00fcngern das eucharistische Brot, seine Auferstehung am Ostermorgen weitet den Blick und fordert zum Glauben an ein Leben st\u00e4rker als der Tod. Ich komme, das Leid zu lindern, verspricht die Jungfrau der Armen. Ein Verprechen, das sie beim Leiden und Sterben Jesu schon eingel\u00f6st hat. Sie war bei ihrem Sohn, als er sein Kreuz auf den Kalvarienberg geschleppt und am\u00a0Kreuz sein Leben f\u00fcr uns hingegeben hat. Nach der Kreuzabnahme ruht er auf ihrem m\u00fctterlichen Schoss.<\/p>\n","protected":false},"author":2,"featured_media":0,"parent":0,"menu_order":0,"comment_status":"closed","ping_status":"closed","template":"","meta":{"advgb_blocks_editor_width":"","advgb_blocks_columns_visual_guide":"","jetpack_post_was_ever_published":false,"footnotes":""},"class_list":["post-6743","page","type-page","status-publish","hentry"],"yoast_head":"<!-- This site is optimized with the Yoast SEO plugin v27.4 - https:\/\/yoast.com\/product\/yoast-seo-wordpress\/ -->\n<title>Der Kreuzweg - Banneux Notre-Dame<\/title>\n<meta name=\"robots\" content=\"index, follow, max-snippet:-1, max-image-preview:large, max-video-preview:-1\" \/>\n<link rel=\"canonical\" href=\"https:\/\/banneux-nd.be\/de\/der-kreuzweg\/\" \/>\n<meta property=\"og:locale\" content=\"de_DE\" \/>\n<meta property=\"og:type\" content=\"article\" \/>\n<meta property=\"og:title\" content=\"Der Kreuzweg - Banneux Notre-Dame\" \/>\n<meta property=\"og:description\" content=\"Im park\u00e4hnlichen Areal des Wallfahrtsortes von Banneux l\u00e4dt ein sch\u00f6ner Kreuzweg zum meditativen Gebet ein. Den 14 traditionellen Stationen wurden zwei weitere zugef\u00fcgt: beim Letzten Abendmahl bricht Jesus seinen J\u00fcngern das eucharistische Brot, seine Auferstehung am Ostermorgen weitet den Blick und fordert zum Glauben an ein Leben st\u00e4rker als der Tod. Ich komme, das Leid zu lindern, verspricht die Jungfrau der Armen. Ein Verprechen, das sie beim Leiden und Sterben Jesu schon eingel\u00f6st hat. Sie war bei ihrem Sohn, als er sein Kreuz auf den Kalvarienberg geschleppt und am\u00a0Kreuz sein Leben f\u00fcr uns hingegeben hat. Nach der Kreuzabnahme ruht er auf ihrem m\u00fctterlichen Schoss.\" \/>\n<meta property=\"og:url\" content=\"https:\/\/banneux-nd.be\/de\/der-kreuzweg\/\" \/>\n<meta property=\"og:site_name\" content=\"Banneux Notre-Dame\" \/>\n<meta property=\"article:publisher\" content=\"https:\/\/www.facebook.com\/NDBanneux\/\" \/>\n<meta property=\"article:modified_time\" content=\"2018-05-24T07:50:59+00:00\" \/>\n<meta property=\"og:image\" content=\"https:\/\/i1.wp.com\/banneux-nd.be\/wp-content\/uploads\/2018\/05\/Banneux-Chemin-de-Croix-dans-la-for\u00eat-1.jpg?w=431&#038;h=646&#038;ssl=1\" \/>\n<meta name=\"twitter:card\" content=\"summary_large_image\" \/>\n<meta name=\"twitter:label1\" content=\"Gesch\u00e4tzte Lesezeit\" \/>\n\t<meta name=\"twitter:data1\" content=\"1\u00a0Minute\" \/>\n<script type=\"application\/ld+json\" class=\"yoast-schema-graph\">{\"@context\":\"https:\\\/\\\/schema.org\",\"@graph\":[{\"@type\":\"WebPage\",\"@id\":\"https:\\\/\\\/banneux-nd.be\\\/de\\\/der-kreuzweg\\\/\",\"url\":\"https:\\\/\\\/banneux-nd.be\\\/de\\\/der-kreuzweg\\\/\",\"name\":\"Der Kreuzweg - Banneux Notre-Dame\",\"isPartOf\":{\"@id\":\"https:\\\/\\\/banneux-nd.be\\\/de\\\/#website\"},\"datePublished\":\"2018-04-12T09:43:24+00:00\",\"dateModified\":\"2018-05-24T07:50:59+00:00\",\"breadcrumb\":{\"@id\":\"https:\\\/\\\/banneux-nd.be\\\/de\\\/der-kreuzweg\\\/#breadcrumb\"},\"inLanguage\":\"de\",\"potentialAction\":[{\"@type\":\"ReadAction\",\"target\":[\"https:\\\/\\\/banneux-nd.be\\\/de\\\/der-kreuzweg\\\/\"]}]},{\"@type\":\"BreadcrumbList\",\"@id\":\"https:\\\/\\\/banneux-nd.be\\\/de\\\/der-kreuzweg\\\/#breadcrumb\",\"itemListElement\":[{\"@type\":\"ListItem\",\"position\":1,\"name\":\"Accueil\",\"item\":\"https:\\\/\\\/banneux-nd.be\\\/de\\\/\"},{\"@type\":\"ListItem\",\"position\":2,\"name\":\"Der Kreuzweg\"}]},{\"@type\":\"WebSite\",\"@id\":\"https:\\\/\\\/banneux-nd.be\\\/de\\\/#website\",\"url\":\"https:\\\/\\\/banneux-nd.be\\\/de\\\/\",\"name\":\"Banneux Notre-Dame\",\"description\":\"Sanctuaire de la Vierge des Pauvres (Belgique)\",\"potentialAction\":[{\"@type\":\"SearchAction\",\"target\":{\"@type\":\"EntryPoint\",\"urlTemplate\":\"https:\\\/\\\/banneux-nd.be\\\/de\\\/?s={search_term_string}\"},\"query-input\":{\"@type\":\"PropertyValueSpecification\",\"valueRequired\":true,\"valueName\":\"search_term_string\"}}],\"inLanguage\":\"de\"}]}<\/script>\n<!-- \/ Yoast SEO plugin. -->","yoast_head_json":{"title":"Der Kreuzweg - Banneux Notre-Dame","robots":{"index":"index","follow":"follow","max-snippet":"max-snippet:-1","max-image-preview":"max-image-preview:large","max-video-preview":"max-video-preview:-1"},"canonical":"https:\/\/banneux-nd.be\/de\/der-kreuzweg\/","og_locale":"de_DE","og_type":"article","og_title":"Der Kreuzweg - Banneux Notre-Dame","og_description":"Im park\u00e4hnlichen Areal des Wallfahrtsortes von Banneux l\u00e4dt ein sch\u00f6ner Kreuzweg zum meditativen Gebet ein. Den 14 traditionellen Stationen wurden zwei weitere zugef\u00fcgt: beim Letzten Abendmahl bricht Jesus seinen J\u00fcngern das eucharistische Brot, seine Auferstehung am Ostermorgen weitet den Blick und fordert zum Glauben an ein Leben st\u00e4rker als der Tod. Ich komme, das Leid zu lindern, verspricht die Jungfrau der Armen. Ein Verprechen, das sie beim Leiden und Sterben Jesu schon eingel\u00f6st hat. Sie war bei ihrem Sohn, als er sein Kreuz auf den Kalvarienberg geschleppt und am\u00a0Kreuz sein Leben f\u00fcr uns hingegeben hat. Nach der Kreuzabnahme ruht er auf ihrem m\u00fctterlichen Schoss.","og_url":"https:\/\/banneux-nd.be\/de\/der-kreuzweg\/","og_site_name":"Banneux Notre-Dame","article_publisher":"https:\/\/www.facebook.com\/NDBanneux\/","article_modified_time":"2018-05-24T07:50:59+00:00","og_image":[{"url":"https:\/\/i1.wp.com\/banneux-nd.be\/wp-content\/uploads\/2018\/05\/Banneux-Chemin-de-Croix-dans-la-for\u00eat-1.jpg?w=431&#038;h=646&#038;ssl=1","type":"","width":"","height":""}],"twitter_card":"summary_large_image","twitter_misc":{"Gesch\u00e4tzte Lesezeit":"1\u00a0Minute"},"schema":{"@context":"https:\/\/schema.org","@graph":[{"@type":"WebPage","@id":"https:\/\/banneux-nd.be\/de\/der-kreuzweg\/","url":"https:\/\/banneux-nd.be\/de\/der-kreuzweg\/","name":"Der Kreuzweg - Banneux Notre-Dame","isPartOf":{"@id":"https:\/\/banneux-nd.be\/de\/#website"},"datePublished":"2018-04-12T09:43:24+00:00","dateModified":"2018-05-24T07:50:59+00:00","breadcrumb":{"@id":"https:\/\/banneux-nd.be\/de\/der-kreuzweg\/#breadcrumb"},"inLanguage":"de","potentialAction":[{"@type":"ReadAction","target":["https:\/\/banneux-nd.be\/de\/der-kreuzweg\/"]}]},{"@type":"BreadcrumbList","@id":"https:\/\/banneux-nd.be\/de\/der-kreuzweg\/#breadcrumb","itemListElement":[{"@type":"ListItem","position":1,"name":"Accueil","item":"https:\/\/banneux-nd.be\/de\/"},{"@type":"ListItem","position":2,"name":"Der Kreuzweg"}]},{"@type":"WebSite","@id":"https:\/\/banneux-nd.be\/de\/#website","url":"https:\/\/banneux-nd.be\/de\/","name":"Banneux Notre-Dame","description":"Sanctuaire de la Vierge des Pauvres (Belgique)","potentialAction":[{"@type":"SearchAction","target":{"@type":"EntryPoint","urlTemplate":"https:\/\/banneux-nd.be\/de\/?s={search_term_string}"},"query-input":{"@type":"PropertyValueSpecification","valueRequired":true,"valueName":"search_term_string"}}],"inLanguage":"de"}]}},"coauthors":[],"author_meta":{"author_link":"https:\/\/banneux-nd.be\/de\/author\/adminfr\/","display_name":"adminFR"},"relative_dates":{"created":"Ver\u00f6ffentlicht 8\u00a0Jahren vor","modified":"Aktualisiert 8\u00a0Jahren vor"},"absolute_dates":{"created":"Ver\u00f6ffentlicht am 12. April 2018","modified":"Aktualisiert am 24. Mai 2018"},"absolute_dates_time":{"created":"Ver\u00f6ffentlicht am 12. April 2018 11:43","modified":"Aktualisiert am 24. Mai 2018 9:50"},"featured_img_caption":"","featured_img":false,"series_order":"","jetpack_sharing_enabled":true,"_links":{"self":[{"href":"https:\/\/banneux-nd.be\/de\/wp-json\/wp\/v2\/pages\/6743","targetHints":{"allow":["GET"]}}],"collection":[{"href":"https:\/\/banneux-nd.be\/de\/wp-json\/wp\/v2\/pages"}],"about":[{"href":"https:\/\/banneux-nd.be\/de\/wp-json\/wp\/v2\/types\/page"}],"author":[{"embeddable":true,"href":"https:\/\/banneux-nd.be\/de\/wp-json\/wp\/v2\/users\/2"}],"replies":[{"embeddable":true,"href":"https:\/\/banneux-nd.be\/de\/wp-json\/wp\/v2\/comments?post=6743"}],"version-history":[{"count":0,"href":"https:\/\/banneux-nd.be\/de\/wp-json\/wp\/v2\/pages\/6743\/revisions"}],"wp:attachment":[{"href":"https:\/\/banneux-nd.be\/de\/wp-json\/wp\/v2\/media?parent=6743"}],"curies":[{"name":"wp","href":"https:\/\/api.w.org\/{rel}","templated":true}]}}