{"id":6746,"date":"2018-04-12T12:18:25","date_gmt":"2018-04-12T10:18:25","guid":{"rendered":"http:\/\/wwwwp2.banneux-nd.be\/stille-anbetung\/"},"modified":"2018-04-21T19:50:02","modified_gmt":"2018-04-21T17:50:02","slug":"stille-anbetung","status":"publish","type":"page","link":"https:\/\/banneux-nd.be\/de\/stille-anbetung\/","title":{"rendered":"Stille Anbetung"},"content":{"rendered":"<p style=\"text-align: justify;\"><em>Diese Quelle ist f\u00fcr alle Nationen<\/em>, sagt Maria am 19. Januar 1933 zur kleinen Seherin. Die Anspielung auf die christliche Taufe ist eindeutig. Alle Nationen und alle V\u00f6lker sollen durch die Verk\u00fcndigung des Evangeliums und durch die eine Taufe zum einen Gottesvolk zusammenwachsen.<\/p>\n<p style=\"text-align: justify;\">Am 30. Januar des gleichen Jahres kommt Hitler mit seiner national-sozialistischen Partei an die Macht: eine unheilvolle Ideologie wird mehrere L\u00e4nder vergiften und die Welt in die schreckliche Katastrophe des zweiten Weltkriegs st\u00fcrzen. Die Gleichwertigkeit aller Rassen und V\u00f6lker wird geleugnet.<\/p>\n<p style=\"text-align: justify;\">Nach dem Krieg will Kaplan Georg Jacob den internationalen Charakter von Banneux f\u00f6rdern. Die Botschaft der Jungfrau der Armen ermutigt ja zu ausdauerndem Gebet um Frieden unter den V\u00f6lkern und um die Vereinigung Europas. In Bundeskanzler Konrad Adenauer findet er einen Verb\u00fcndeten.<\/p>\n<p style=\"text-align: justify;\">Die <strong>Kapelle Sankt Michael und Sankt Johanna von Orleans<\/strong> ist seit 1960 ein Ort des Gebetes um Frieden und Gerechtigkeit in der Welt.<\/p>\n<p style=\"text-align: justify;\">W\u00e4hrend der ganzen Pilgersaison findet hier die stille Anbetung statt. Die Augen auf Jesus, den Friedensf\u00fcrsten, gerichtet, erflehen die Beter Frieden f\u00fcr alle, die unter Krieg zu leiden haben, und Gerechtigkeit f\u00fcr jene, die Opfer himmelschreiender Ungerechtigkeit sind. V\u00f6lkerverst\u00e4ndigung und Geschwisterlichkeit m\u00fcssen uns ein Herzensanliegen sein.<\/p>\n<p style=\"text-align: justify;\"><strong>T\u00e4glich stille Anbetung von 9 bis 17.30 Uhr:<\/strong><\/p>\n<ul style=\"text-align: justify;\">\n<li>w\u00e4hrend der Pilgersaison in der Michaelskapelle;<\/li>\n<li>im Winter in der geheizten Kreuzkapelle.<\/li>\n<\/ul>\n<p>&nbsp;<\/p>\n<p style=\"text-align: justify;\"><strong><em>Jungfrau der Armen, rette die Nationen!<\/em><\/strong><\/p>\n<p style=\"text-align: justify;\"><em>Ich sah eine grosse Schar aus allen Nationen und St\u00e4mmen, V\u00f6lkern und Sprachen&#8230; Sie warfen sich vor dem Thron nieder und beteten Gott an (Offenbarung 7, 9&#8230;11).<\/em><\/p>\n","protected":false},"excerpt":{"rendered":"<p>Diese Quelle ist f\u00fcr alle Nationen, sagt Maria am 19. Januar 1933 zur kleinen Seherin. Die Anspielung auf die christliche Taufe ist eindeutig. Alle Nationen und alle V\u00f6lker sollen durch die Verk\u00fcndigung des Evangeliums und durch die eine Taufe zum einen Gottesvolk zusammenwachsen. Am 30. Januar des gleichen Jahres kommt Hitler mit seiner national-sozialistischen Partei an die Macht: eine unheilvolle Ideologie wird mehrere L\u00e4nder vergiften und die Welt in die schreckliche Katastrophe des zweiten Weltkriegs st\u00fcrzen. Die Gleichwertigkeit aller Rassen und V\u00f6lker wird geleugnet. Nach dem Krieg will Kaplan Georg Jacob den internationalen Charakter von Banneux f\u00f6rdern. Die Botschaft der Jungfrau der Armen ermutigt ja zu ausdauerndem Gebet um Frieden unter den V\u00f6lkern und um die Vereinigung Europas. In Bundeskanzler [&hellip;]<\/p>\n","protected":false},"author":2,"featured_media":0,"parent":0,"menu_order":0,"comment_status":"closed","ping_status":"closed","template":"","meta":{"advgb_blocks_editor_width":"","advgb_blocks_columns_visual_guide":"","jetpack_post_was_ever_published":false,"footnotes":""},"class_list":["post-6746","page","type-page","status-publish","hentry"],"yoast_head":"<!-- This site is optimized with the Yoast SEO plugin v27.4 - https:\/\/yoast.com\/product\/yoast-seo-wordpress\/ -->\n<title>Stille Anbetung - Banneux Notre-Dame<\/title>\n<meta name=\"robots\" content=\"index, follow, max-snippet:-1, max-image-preview:large, max-video-preview:-1\" \/>\n<link rel=\"canonical\" href=\"https:\/\/banneux-nd.be\/de\/stille-anbetung\/\" \/>\n<meta property=\"og:locale\" content=\"de_DE\" \/>\n<meta property=\"og:type\" content=\"article\" \/>\n<meta property=\"og:title\" content=\"Stille Anbetung - Banneux Notre-Dame\" \/>\n<meta property=\"og:description\" content=\"Diese Quelle ist f\u00fcr alle Nationen, sagt Maria am 19. Januar 1933 zur kleinen Seherin. Die Anspielung auf die christliche Taufe ist eindeutig. Alle Nationen und alle V\u00f6lker sollen durch die Verk\u00fcndigung des Evangeliums und durch die eine Taufe zum einen Gottesvolk zusammenwachsen. Am 30. Januar des gleichen Jahres kommt Hitler mit seiner national-sozialistischen Partei an die Macht: eine unheilvolle Ideologie wird mehrere L\u00e4nder vergiften und die Welt in die schreckliche Katastrophe des zweiten Weltkriegs st\u00fcrzen. Die Gleichwertigkeit aller Rassen und V\u00f6lker wird geleugnet. Nach dem Krieg will Kaplan Georg Jacob den internationalen Charakter von Banneux f\u00f6rdern. Die Botschaft der Jungfrau der Armen ermutigt ja zu ausdauerndem Gebet um Frieden unter den V\u00f6lkern und um die Vereinigung Europas. In Bundeskanzler [&hellip;]\" \/>\n<meta property=\"og:url\" content=\"https:\/\/banneux-nd.be\/de\/stille-anbetung\/\" \/>\n<meta property=\"og:site_name\" content=\"Banneux Notre-Dame\" \/>\n<meta property=\"article:publisher\" content=\"https:\/\/www.facebook.com\/NDBanneux\/\" \/>\n<meta property=\"article:modified_time\" content=\"2018-04-21T17:50:02+00:00\" \/>\n<meta name=\"twitter:card\" content=\"summary_large_image\" \/>\n<meta name=\"twitter:label1\" content=\"Gesch\u00e4tzte Lesezeit\" \/>\n\t<meta name=\"twitter:data1\" content=\"1\u00a0Minute\" \/>\n<script type=\"application\/ld+json\" class=\"yoast-schema-graph\">{\"@context\":\"https:\\\/\\\/schema.org\",\"@graph\":[{\"@type\":\"WebPage\",\"@id\":\"https:\\\/\\\/banneux-nd.be\\\/de\\\/stille-anbetung\\\/\",\"url\":\"https:\\\/\\\/banneux-nd.be\\\/de\\\/stille-anbetung\\\/\",\"name\":\"Stille Anbetung - Banneux Notre-Dame\",\"isPartOf\":{\"@id\":\"https:\\\/\\\/banneux-nd.be\\\/de\\\/#website\"},\"datePublished\":\"2018-04-12T10:18:25+00:00\",\"dateModified\":\"2018-04-21T17:50:02+00:00\",\"breadcrumb\":{\"@id\":\"https:\\\/\\\/banneux-nd.be\\\/de\\\/stille-anbetung\\\/#breadcrumb\"},\"inLanguage\":\"de\",\"potentialAction\":[{\"@type\":\"ReadAction\",\"target\":[\"https:\\\/\\\/banneux-nd.be\\\/de\\\/stille-anbetung\\\/\"]}]},{\"@type\":\"BreadcrumbList\",\"@id\":\"https:\\\/\\\/banneux-nd.be\\\/de\\\/stille-anbetung\\\/#breadcrumb\",\"itemListElement\":[{\"@type\":\"ListItem\",\"position\":1,\"name\":\"Accueil\",\"item\":\"https:\\\/\\\/banneux-nd.be\\\/de\\\/\"},{\"@type\":\"ListItem\",\"position\":2,\"name\":\"Stille Anbetung\"}]},{\"@type\":\"WebSite\",\"@id\":\"https:\\\/\\\/banneux-nd.be\\\/de\\\/#website\",\"url\":\"https:\\\/\\\/banneux-nd.be\\\/de\\\/\",\"name\":\"Banneux Notre-Dame\",\"description\":\"Sanctuaire de la Vierge des Pauvres (Belgique)\",\"potentialAction\":[{\"@type\":\"SearchAction\",\"target\":{\"@type\":\"EntryPoint\",\"urlTemplate\":\"https:\\\/\\\/banneux-nd.be\\\/de\\\/?s={search_term_string}\"},\"query-input\":{\"@type\":\"PropertyValueSpecification\",\"valueRequired\":true,\"valueName\":\"search_term_string\"}}],\"inLanguage\":\"de\"}]}<\/script>\n<!-- \/ Yoast SEO plugin. -->","yoast_head_json":{"title":"Stille Anbetung - Banneux Notre-Dame","robots":{"index":"index","follow":"follow","max-snippet":"max-snippet:-1","max-image-preview":"max-image-preview:large","max-video-preview":"max-video-preview:-1"},"canonical":"https:\/\/banneux-nd.be\/de\/stille-anbetung\/","og_locale":"de_DE","og_type":"article","og_title":"Stille Anbetung - Banneux Notre-Dame","og_description":"Diese Quelle ist f\u00fcr alle Nationen, sagt Maria am 19. Januar 1933 zur kleinen Seherin. Die Anspielung auf die christliche Taufe ist eindeutig. Alle Nationen und alle V\u00f6lker sollen durch die Verk\u00fcndigung des Evangeliums und durch die eine Taufe zum einen Gottesvolk zusammenwachsen. Am 30. Januar des gleichen Jahres kommt Hitler mit seiner national-sozialistischen Partei an die Macht: eine unheilvolle Ideologie wird mehrere L\u00e4nder vergiften und die Welt in die schreckliche Katastrophe des zweiten Weltkriegs st\u00fcrzen. Die Gleichwertigkeit aller Rassen und V\u00f6lker wird geleugnet. Nach dem Krieg will Kaplan Georg Jacob den internationalen Charakter von Banneux f\u00f6rdern. Die Botschaft der Jungfrau der Armen ermutigt ja zu ausdauerndem Gebet um Frieden unter den V\u00f6lkern und um die Vereinigung Europas. In Bundeskanzler [&hellip;]","og_url":"https:\/\/banneux-nd.be\/de\/stille-anbetung\/","og_site_name":"Banneux Notre-Dame","article_publisher":"https:\/\/www.facebook.com\/NDBanneux\/","article_modified_time":"2018-04-21T17:50:02+00:00","twitter_card":"summary_large_image","twitter_misc":{"Gesch\u00e4tzte Lesezeit":"1\u00a0Minute"},"schema":{"@context":"https:\/\/schema.org","@graph":[{"@type":"WebPage","@id":"https:\/\/banneux-nd.be\/de\/stille-anbetung\/","url":"https:\/\/banneux-nd.be\/de\/stille-anbetung\/","name":"Stille Anbetung - Banneux Notre-Dame","isPartOf":{"@id":"https:\/\/banneux-nd.be\/de\/#website"},"datePublished":"2018-04-12T10:18:25+00:00","dateModified":"2018-04-21T17:50:02+00:00","breadcrumb":{"@id":"https:\/\/banneux-nd.be\/de\/stille-anbetung\/#breadcrumb"},"inLanguage":"de","potentialAction":[{"@type":"ReadAction","target":["https:\/\/banneux-nd.be\/de\/stille-anbetung\/"]}]},{"@type":"BreadcrumbList","@id":"https:\/\/banneux-nd.be\/de\/stille-anbetung\/#breadcrumb","itemListElement":[{"@type":"ListItem","position":1,"name":"Accueil","item":"https:\/\/banneux-nd.be\/de\/"},{"@type":"ListItem","position":2,"name":"Stille Anbetung"}]},{"@type":"WebSite","@id":"https:\/\/banneux-nd.be\/de\/#website","url":"https:\/\/banneux-nd.be\/de\/","name":"Banneux Notre-Dame","description":"Sanctuaire de la Vierge des Pauvres (Belgique)","potentialAction":[{"@type":"SearchAction","target":{"@type":"EntryPoint","urlTemplate":"https:\/\/banneux-nd.be\/de\/?s={search_term_string}"},"query-input":{"@type":"PropertyValueSpecification","valueRequired":true,"valueName":"search_term_string"}}],"inLanguage":"de"}]}},"coauthors":[],"author_meta":{"author_link":"https:\/\/banneux-nd.be\/de\/author\/adminfr\/","display_name":"adminFR"},"relative_dates":{"created":"Ver\u00f6ffentlicht 8\u00a0Jahren vor","modified":"Aktualisiert 8\u00a0Jahren vor"},"absolute_dates":{"created":"Ver\u00f6ffentlicht am 12. April 2018","modified":"Aktualisiert am 21. April 2018"},"absolute_dates_time":{"created":"Ver\u00f6ffentlicht am 12. April 2018 12:18","modified":"Aktualisiert am 21. April 2018 19:50"},"featured_img_caption":"","featured_img":false,"series_order":"","jetpack_sharing_enabled":true,"_links":{"self":[{"href":"https:\/\/banneux-nd.be\/de\/wp-json\/wp\/v2\/pages\/6746","targetHints":{"allow":["GET"]}}],"collection":[{"href":"https:\/\/banneux-nd.be\/de\/wp-json\/wp\/v2\/pages"}],"about":[{"href":"https:\/\/banneux-nd.be\/de\/wp-json\/wp\/v2\/types\/page"}],"author":[{"embeddable":true,"href":"https:\/\/banneux-nd.be\/de\/wp-json\/wp\/v2\/users\/2"}],"replies":[{"embeddable":true,"href":"https:\/\/banneux-nd.be\/de\/wp-json\/wp\/v2\/comments?post=6746"}],"version-history":[{"count":0,"href":"https:\/\/banneux-nd.be\/de\/wp-json\/wp\/v2\/pages\/6746\/revisions"}],"wp:attachment":[{"href":"https:\/\/banneux-nd.be\/de\/wp-json\/wp\/v2\/media?parent=6746"}],"curies":[{"name":"wp","href":"https:\/\/api.w.org\/{rel}","templated":true}]}}