{"id":6748,"date":"2018-04-12T12:47:24","date_gmt":"2018-04-12T10:47:24","guid":{"rendered":"http:\/\/wwwwp2.banneux-nd.be\/beichten\/"},"modified":"2018-05-19T00:22:32","modified_gmt":"2018-05-18T22:22:32","slug":"beichten","status":"publish","type":"page","link":"https:\/\/banneux-nd.be\/de\/beichten\/","title":{"rendered":"Beichten"},"content":{"rendered":"<p><img fetchpriority=\"high\" decoding=\"async\" class=\"alignleft wp-image-7925 size-medium\" src=\"https:\/\/banneux-nd.be\/wp-content\/uploads\/2018\/05\/Confession.jpg\" alt=\"\" width=\"300\" height=\"255\" srcset=\"https:\/\/banneux-nd.be\/wp-content\/uploads\/2018\/05\/Confession.jpg 1777w, https:\/\/banneux-nd.be\/wp-content\/uploads\/2018\/05\/Confession-300x255.jpg 300w, https:\/\/banneux-nd.be\/wp-content\/uploads\/2018\/05\/Confession-768x654.jpg 768w, https:\/\/banneux-nd.be\/wp-content\/uploads\/2018\/05\/Confession-1024x872.jpg 1024w\" sizes=\"(max-width: 300px) 100vw, 300px\" \/><\/p>\n<p style=\"text-align: justify;\">Gottes Vergebung im Sakrament der Beichte zu empfangen, kann zu einem der H\u00f6hepunkte einer Pilgerfahrt gez\u00e4hlt werden.<\/p>\n<p style=\"text-align: justify;\">Jesus hat seine Zuh\u00f6rer \u00fcberrascht, wom\u00f6glich sogar schockiert, als er anf\u00e4ngt, S\u00fcnden zu vergeben. Im Markusevangelium bringen vier Tr\u00e4ger einen Gel\u00e4hmten zu Jesus. Ihre unausgesprochene Bitte ist \u00fcberdeutlich: Sieh zu, dass dieser Mann wieder auf die Beine kommt und laufen kann! Jesus aber sagt ihm: <em>Mein Sohn,<\/em> <em>deine S\u00fcnden sind vergeben!<\/em> (Mk 2, 1-12) Will Jesus damit etwa sagen, dass es eine L\u00e4hmung des Herzens gibt, die viel schlimmer als ein k\u00f6rperliches Gebrechen ist?<\/p>\n<p style=\"text-align: justify;\"><strong>Meine F\u00e4higkeit zu lieben, kann erlahmt sein: ich kann nicht so stark lieben, wie ich es eigentlich m\u00f6chte.<\/strong><\/p>\n<p style=\"text-align: justify;\">Wie halte ich es mit dem wichtigsten Gebot? <em>Du sollst den Herrn, deinen Gott, lieben mit ganzem<\/em> <em>Herzen und ganzer Seele, mit all deinen Gedanken und all deiner Kraft. Und deinen N\u00e4chsten sollst du lieben wie dich selbst.<\/em><\/p>\n<p style=\"text-align: justify;\">Wer kann schon behaupten, dass ihm dies immer gelingt? Unser Versagen und unsere Lieblosigkeit zu erkennen und um Vergebung und Heilung zu bitten, ist ein Weg menschlichen und geistlichen Wachstums.<\/p>\n<p style=\"text-align: justify;\">Falls sie nicht anderweitig besch\u00e4ftigt sind, stehen Ihnen unsere Priester gerne zur Verf\u00fcgung, um im Sakrament die Begegnung mit Gottes\u00a0 Barmherzigkeit zu erm\u00f6glichen. Siehe die Seite <a href=\"https:\/\/banneux-nd.be\/de\/gottesdienstordnung\/\" target=\"_blank\" rel=\"noopener\">Gottesdienstordnung <\/a>.<\/p>\n<p><img decoding=\"async\" class=\"alignleft size-full wp-image-7932 lazyload\" data-src=\"https:\/\/banneux-nd.be\/wp-content\/uploads\/2018\/05\/Accueil-confessions-PF.jpg\" alt=\"\" width=\"1200\" height=\"803\" data-srcset=\"https:\/\/banneux-nd.be\/wp-content\/uploads\/2018\/05\/Accueil-confessions-PF.jpg 1200w, https:\/\/banneux-nd.be\/wp-content\/uploads\/2018\/05\/Accueil-confessions-PF-300x201.jpg 300w, https:\/\/banneux-nd.be\/wp-content\/uploads\/2018\/05\/Accueil-confessions-PF-768x514.jpg 768w, https:\/\/banneux-nd.be\/wp-content\/uploads\/2018\/05\/Accueil-confessions-PF-1024x685.jpg 1024w\" data-sizes=\"(max-width: 1200px) 100vw, 1200px\" src=\"data:image\/svg+xml;base64,PHN2ZyB3aWR0aD0iMSIgaGVpZ2h0PSIxIiB4bWxucz0iaHR0cDovL3d3dy53My5vcmcvMjAwMC9zdmciPjwvc3ZnPg==\" style=\"--smush-placeholder-width: 1200px; --smush-placeholder-aspect-ratio: 1200\/803;\" \/><\/p>\n","protected":false},"excerpt":{"rendered":"<p>Gottes Vergebung im Sakrament der Beichte zu empfangen, kann zu einem der H\u00f6hepunkte einer Pilgerfahrt gez\u00e4hlt werden. Jesus hat seine Zuh\u00f6rer \u00fcberrascht, wom\u00f6glich sogar schockiert, als er anf\u00e4ngt, S\u00fcnden zu vergeben. Im Markusevangelium bringen vier Tr\u00e4ger einen Gel\u00e4hmten zu Jesus. Ihre unausgesprochene Bitte ist \u00fcberdeutlich: Sieh zu, dass dieser Mann wieder auf die Beine kommt und laufen kann! Jesus aber sagt ihm: Mein Sohn, deine S\u00fcnden sind vergeben! (Mk 2, 1-12) Will Jesus damit etwa sagen, dass es eine L\u00e4hmung des Herzens gibt, die viel schlimmer als ein k\u00f6rperliches Gebrechen ist? Meine F\u00e4higkeit zu lieben, kann erlahmt sein: ich kann nicht so stark lieben, wie ich es eigentlich m\u00f6chte. Wie halte ich es mit dem wichtigsten Gebot? Du sollst den [&hellip;]<\/p>\n","protected":false},"author":2,"featured_media":0,"parent":0,"menu_order":0,"comment_status":"closed","ping_status":"closed","template":"","meta":{"advgb_blocks_editor_width":"","advgb_blocks_columns_visual_guide":"","jetpack_post_was_ever_published":false,"footnotes":""},"class_list":["post-6748","page","type-page","status-publish","hentry"],"yoast_head":"<!-- This site is optimized with the Yoast SEO plugin v27.4 - https:\/\/yoast.com\/product\/yoast-seo-wordpress\/ -->\n<title>Beichten - Banneux Notre-Dame<\/title>\n<meta name=\"robots\" content=\"index, follow, max-snippet:-1, max-image-preview:large, max-video-preview:-1\" \/>\n<link rel=\"canonical\" href=\"https:\/\/banneux-nd.be\/de\/beichten\/\" \/>\n<meta property=\"og:locale\" content=\"de_DE\" \/>\n<meta property=\"og:type\" content=\"article\" \/>\n<meta property=\"og:title\" content=\"Beichten - Banneux Notre-Dame\" \/>\n<meta property=\"og:description\" content=\"Gottes Vergebung im Sakrament der Beichte zu empfangen, kann zu einem der H\u00f6hepunkte einer Pilgerfahrt gez\u00e4hlt werden. Jesus hat seine Zuh\u00f6rer \u00fcberrascht, wom\u00f6glich sogar schockiert, als er anf\u00e4ngt, S\u00fcnden zu vergeben. Im Markusevangelium bringen vier Tr\u00e4ger einen Gel\u00e4hmten zu Jesus. Ihre unausgesprochene Bitte ist \u00fcberdeutlich: Sieh zu, dass dieser Mann wieder auf die Beine kommt und laufen kann! Jesus aber sagt ihm: Mein Sohn, deine S\u00fcnden sind vergeben! (Mk 2, 1-12) Will Jesus damit etwa sagen, dass es eine L\u00e4hmung des Herzens gibt, die viel schlimmer als ein k\u00f6rperliches Gebrechen ist? Meine F\u00e4higkeit zu lieben, kann erlahmt sein: ich kann nicht so stark lieben, wie ich es eigentlich m\u00f6chte. Wie halte ich es mit dem wichtigsten Gebot? Du sollst den [&hellip;]\" \/>\n<meta property=\"og:url\" content=\"https:\/\/banneux-nd.be\/de\/beichten\/\" \/>\n<meta property=\"og:site_name\" content=\"Banneux Notre-Dame\" \/>\n<meta property=\"article:publisher\" content=\"https:\/\/www.facebook.com\/NDBanneux\/\" \/>\n<meta property=\"article:modified_time\" content=\"2018-05-18T22:22:32+00:00\" \/>\n<meta property=\"og:image\" content=\"https:\/\/banneux-nd.be\/wp-content\/uploads\/2018\/05\/Confession.jpg\" \/>\n<meta name=\"twitter:card\" content=\"summary_large_image\" \/>\n<meta name=\"twitter:label1\" content=\"Gesch\u00e4tzte Lesezeit\" \/>\n\t<meta name=\"twitter:data1\" content=\"1\u00a0Minute\" \/>\n<script type=\"application\/ld+json\" class=\"yoast-schema-graph\">{\"@context\":\"https:\\\/\\\/schema.org\",\"@graph\":[{\"@type\":\"WebPage\",\"@id\":\"https:\\\/\\\/banneux-nd.be\\\/de\\\/beichten\\\/\",\"url\":\"https:\\\/\\\/banneux-nd.be\\\/de\\\/beichten\\\/\",\"name\":\"Beichten - Banneux Notre-Dame\",\"isPartOf\":{\"@id\":\"https:\\\/\\\/banneux-nd.be\\\/de\\\/#website\"},\"primaryImageOfPage\":{\"@id\":\"https:\\\/\\\/banneux-nd.be\\\/de\\\/beichten\\\/#primaryimage\"},\"image\":{\"@id\":\"https:\\\/\\\/banneux-nd.be\\\/de\\\/beichten\\\/#primaryimage\"},\"thumbnailUrl\":\"https:\\\/\\\/banneux-nd.be\\\/wp-content\\\/uploads\\\/2018\\\/05\\\/Confession.jpg\",\"datePublished\":\"2018-04-12T10:47:24+00:00\",\"dateModified\":\"2018-05-18T22:22:32+00:00\",\"breadcrumb\":{\"@id\":\"https:\\\/\\\/banneux-nd.be\\\/de\\\/beichten\\\/#breadcrumb\"},\"inLanguage\":\"de\",\"potentialAction\":[{\"@type\":\"ReadAction\",\"target\":[\"https:\\\/\\\/banneux-nd.be\\\/de\\\/beichten\\\/\"]}]},{\"@type\":\"ImageObject\",\"inLanguage\":\"de\",\"@id\":\"https:\\\/\\\/banneux-nd.be\\\/de\\\/beichten\\\/#primaryimage\",\"url\":\"https:\\\/\\\/banneux-nd.be\\\/wp-content\\\/uploads\\\/2018\\\/05\\\/Confession.jpg\",\"contentUrl\":\"https:\\\/\\\/banneux-nd.be\\\/wp-content\\\/uploads\\\/2018\\\/05\\\/Confession.jpg\"},{\"@type\":\"BreadcrumbList\",\"@id\":\"https:\\\/\\\/banneux-nd.be\\\/de\\\/beichten\\\/#breadcrumb\",\"itemListElement\":[{\"@type\":\"ListItem\",\"position\":1,\"name\":\"Accueil\",\"item\":\"https:\\\/\\\/banneux-nd.be\\\/de\\\/\"},{\"@type\":\"ListItem\",\"position\":2,\"name\":\"Beichten\"}]},{\"@type\":\"WebSite\",\"@id\":\"https:\\\/\\\/banneux-nd.be\\\/de\\\/#website\",\"url\":\"https:\\\/\\\/banneux-nd.be\\\/de\\\/\",\"name\":\"Banneux Notre-Dame\",\"description\":\"Sanctuaire de la Vierge des Pauvres (Belgique)\",\"potentialAction\":[{\"@type\":\"SearchAction\",\"target\":{\"@type\":\"EntryPoint\",\"urlTemplate\":\"https:\\\/\\\/banneux-nd.be\\\/de\\\/?s={search_term_string}\"},\"query-input\":{\"@type\":\"PropertyValueSpecification\",\"valueRequired\":true,\"valueName\":\"search_term_string\"}}],\"inLanguage\":\"de\"}]}<\/script>\n<!-- \/ Yoast SEO plugin. -->","yoast_head_json":{"title":"Beichten - Banneux Notre-Dame","robots":{"index":"index","follow":"follow","max-snippet":"max-snippet:-1","max-image-preview":"max-image-preview:large","max-video-preview":"max-video-preview:-1"},"canonical":"https:\/\/banneux-nd.be\/de\/beichten\/","og_locale":"de_DE","og_type":"article","og_title":"Beichten - Banneux Notre-Dame","og_description":"Gottes Vergebung im Sakrament der Beichte zu empfangen, kann zu einem der H\u00f6hepunkte einer Pilgerfahrt gez\u00e4hlt werden. Jesus hat seine Zuh\u00f6rer \u00fcberrascht, wom\u00f6glich sogar schockiert, als er anf\u00e4ngt, S\u00fcnden zu vergeben. Im Markusevangelium bringen vier Tr\u00e4ger einen Gel\u00e4hmten zu Jesus. Ihre unausgesprochene Bitte ist \u00fcberdeutlich: Sieh zu, dass dieser Mann wieder auf die Beine kommt und laufen kann! Jesus aber sagt ihm: Mein Sohn, deine S\u00fcnden sind vergeben! (Mk 2, 1-12) Will Jesus damit etwa sagen, dass es eine L\u00e4hmung des Herzens gibt, die viel schlimmer als ein k\u00f6rperliches Gebrechen ist? Meine F\u00e4higkeit zu lieben, kann erlahmt sein: ich kann nicht so stark lieben, wie ich es eigentlich m\u00f6chte. Wie halte ich es mit dem wichtigsten Gebot? Du sollst den [&hellip;]","og_url":"https:\/\/banneux-nd.be\/de\/beichten\/","og_site_name":"Banneux Notre-Dame","article_publisher":"https:\/\/www.facebook.com\/NDBanneux\/","article_modified_time":"2018-05-18T22:22:32+00:00","og_image":[{"url":"https:\/\/banneux-nd.be\/wp-content\/uploads\/2018\/05\/Confession.jpg","type":"","width":"","height":""}],"twitter_card":"summary_large_image","twitter_misc":{"Gesch\u00e4tzte Lesezeit":"1\u00a0Minute"},"schema":{"@context":"https:\/\/schema.org","@graph":[{"@type":"WebPage","@id":"https:\/\/banneux-nd.be\/de\/beichten\/","url":"https:\/\/banneux-nd.be\/de\/beichten\/","name":"Beichten - Banneux Notre-Dame","isPartOf":{"@id":"https:\/\/banneux-nd.be\/de\/#website"},"primaryImageOfPage":{"@id":"https:\/\/banneux-nd.be\/de\/beichten\/#primaryimage"},"image":{"@id":"https:\/\/banneux-nd.be\/de\/beichten\/#primaryimage"},"thumbnailUrl":"https:\/\/banneux-nd.be\/wp-content\/uploads\/2018\/05\/Confession.jpg","datePublished":"2018-04-12T10:47:24+00:00","dateModified":"2018-05-18T22:22:32+00:00","breadcrumb":{"@id":"https:\/\/banneux-nd.be\/de\/beichten\/#breadcrumb"},"inLanguage":"de","potentialAction":[{"@type":"ReadAction","target":["https:\/\/banneux-nd.be\/de\/beichten\/"]}]},{"@type":"ImageObject","inLanguage":"de","@id":"https:\/\/banneux-nd.be\/de\/beichten\/#primaryimage","url":"https:\/\/banneux-nd.be\/wp-content\/uploads\/2018\/05\/Confession.jpg","contentUrl":"https:\/\/banneux-nd.be\/wp-content\/uploads\/2018\/05\/Confession.jpg"},{"@type":"BreadcrumbList","@id":"https:\/\/banneux-nd.be\/de\/beichten\/#breadcrumb","itemListElement":[{"@type":"ListItem","position":1,"name":"Accueil","item":"https:\/\/banneux-nd.be\/de\/"},{"@type":"ListItem","position":2,"name":"Beichten"}]},{"@type":"WebSite","@id":"https:\/\/banneux-nd.be\/de\/#website","url":"https:\/\/banneux-nd.be\/de\/","name":"Banneux Notre-Dame","description":"Sanctuaire de la Vierge des Pauvres (Belgique)","potentialAction":[{"@type":"SearchAction","target":{"@type":"EntryPoint","urlTemplate":"https:\/\/banneux-nd.be\/de\/?s={search_term_string}"},"query-input":{"@type":"PropertyValueSpecification","valueRequired":true,"valueName":"search_term_string"}}],"inLanguage":"de"}]}},"coauthors":[],"author_meta":{"author_link":"https:\/\/banneux-nd.be\/de\/author\/adminfr\/","display_name":"adminFR"},"relative_dates":{"created":"Ver\u00f6ffentlicht 8\u00a0Jahren vor","modified":"Aktualisiert 8\u00a0Jahren vor"},"absolute_dates":{"created":"Ver\u00f6ffentlicht am 12. April 2018","modified":"Aktualisiert am 19. Mai 2018"},"absolute_dates_time":{"created":"Ver\u00f6ffentlicht am 12. April 2018 12:47","modified":"Aktualisiert am 19. Mai 2018 0:22"},"featured_img_caption":"","featured_img":false,"series_order":"","jetpack_sharing_enabled":true,"_links":{"self":[{"href":"https:\/\/banneux-nd.be\/de\/wp-json\/wp\/v2\/pages\/6748","targetHints":{"allow":["GET"]}}],"collection":[{"href":"https:\/\/banneux-nd.be\/de\/wp-json\/wp\/v2\/pages"}],"about":[{"href":"https:\/\/banneux-nd.be\/de\/wp-json\/wp\/v2\/types\/page"}],"author":[{"embeddable":true,"href":"https:\/\/banneux-nd.be\/de\/wp-json\/wp\/v2\/users\/2"}],"replies":[{"embeddable":true,"href":"https:\/\/banneux-nd.be\/de\/wp-json\/wp\/v2\/comments?post=6748"}],"version-history":[{"count":0,"href":"https:\/\/banneux-nd.be\/de\/wp-json\/wp\/v2\/pages\/6748\/revisions"}],"wp:attachment":[{"href":"https:\/\/banneux-nd.be\/de\/wp-json\/wp\/v2\/media?parent=6748"}],"curies":[{"name":"wp","href":"https:\/\/api.w.org\/{rel}","templated":true}]}}