{"id":6927,"date":"2018-04-14T15:38:11","date_gmt":"2018-04-14T13:38:11","guid":{"rendered":"http:\/\/wwwwp2.banneux-nd.be\/gastehaus-hospitalite\/"},"modified":"2021-08-30T16:59:21","modified_gmt":"2021-08-30T14:59:21","slug":"gastehaus-hospitalite","status":"publish","type":"page","link":"https:\/\/banneux-nd.be\/de\/gastehaus-hospitalite\/","title":{"rendered":"Die &#8220;Hospitalit\u00e9&#8221;"},"content":{"rendered":"<p><img fetchpriority=\"high\" decoding=\"async\" class=\"aligncenter wp-image-2618 size-full\" src=\"https:\/\/banneux-nd.be\/wp-content\/uploads\/2017\/08\/Hospitalit%C3%A9%20Panoramique.jpg\" alt=\"\" width=\"800\" height=\"220\"><\/p>\n<p style=\"text-align: justify;\">Das<em> Gastfreundschaft Notre-Dame<\/em> ist ein Komplex aus drei Geb\u00e4uden f\u00fcr die Aufnahme von Patienten und ihren Begleitern. Derzeit hat sie ein<strong> 360 Bettenkapazit\u00e4t<\/strong> und erm\u00f6glicht den Kranken einen l\u00e4ngeren Aufenthalt bei der Jungfrau der Armen.<\/p>\n<p style=\"text-align: justify;\">Die Botschaft der Sch\u00f6nen Dame hat die Kranken seit der letzten Erscheinung gleich angezogen. <em>Diese Quelle ist f\u00fcr die Kranken.<\/em> <em>Ich komme, das Leiden zu lindern.<\/em> Viele Kranke, die nach Banneux kamen, reisten von aus der Ferne an und hofften, vorort eine Unterkunft zu finden. Gl\u00fccklicherweise stand das Schloss &#8220;Chateau des Fawes&#8221;, zwei Kilometer vom Erscheinungsort entfernt, zum Verkauf und konnte schnell umgebaut werden. Es entstand sogar die Idee, in der N\u00e4he des Schlosses eine Basilika zu errichten, jedoch scheitere das Projekt. Ein kleiner Fingerzeig des Himmels, um anzudeuten, dass das Heiligtum sich am Ort der Erscheinungen ansiedeln sollte?<\/p>\n<p style=\"text-align: justify;\">Der Grundstein der heutigen &#8220;Hospitalit\u00e9&#8221; wurde im Dezember 1938 gelegt; der Empfang der ersten Pilger war f\u00fcr Mai 1940 geplant, aber der Krieg entschied anders. Das Geb\u00e4ude wurde erst von deutschen Soldaten besetzt, dann von Sommerlagern f\u00fcr Kinder. Im Juni 1946 wurde das Geb\u00e4ude seiner eigentlichen Bestimmung \u00fcbergeben.<\/p>\n<p style=\"text-align: justify;\">Von<em><strong> 1934 (!)<\/strong><\/em> , stellen sich die Schwestern des Heiligen Vinzenz von Paul de Gijzegem * in den Dienst der Pilger: Seither empfangen sie im Haus alle, die dort wohnen oder gehen, br\u00fcderlich und setzen in Banneux das Charisma ihres Gr\u00fcnders ein.<\/p>\n<p style=\"text-align: justify;\">Im Laufe der Jahrzehnte wurde die Gastlichkeit erweitert und modernisiert. <strong>Neben den Schlafzimmern verf\u00fcgt es \u00fcber gro\u00dfe Esszimmer, eine Kapelle, Tagungsr\u00e4ume und eine moderne K\u00fcche. Es ist selbstverst\u00e4ndlich f\u00fcr Personen mit eingeschr\u00e4nkter Mobilit\u00e4t geeignet.<\/strong><\/p>\n<p style=\"text-align: justify;\">Viert\u00e4gige Pilgerreisen (&#8220;<a href=\"https:\/\/banneux-nd.be\/de\/triduums\/\" target=\"_blank\" rel=\"noopener\"><em> Triduum<\/em><\/a> \u00bb) Sind dort w\u00e4hrend der gesamten Saison von Ostern bis Mitte Oktober erh\u00e4ltlich. Die Pilger werden von Freiwilligen betreut und profitieren von den Dienstleistungen des Personals der Hospitality. Au\u00dferhalb der Behindertenzeiten sind auch andere Pilgergruppen willkommen.<\/p>\n<p><strong>Gastfreundschaft, ein universeller Wert<\/strong><\/p>\n<p style=\"text-align: center;\"><em>Wenn der Gastgeber ins Haus kommt, ist Gott zu Hause<\/em><br \/>\n(russisches Sprichwort)<\/p>\n<p style=\"text-align: center;\"><em>Es gibt kein gr\u00f6\u00dferes Gl\u00fcck als das Kommen eines Gastes in Frieden und Freundschaft<\/em><br \/>\n(afrikanisches Sprichwort)<\/p>\n<p style=\"text-align: center;\"><em>M\u00f6ge die br\u00fcderliche Liebe bleiben!<br \/>\nVergessen Sie nicht die Gastfreundschaft, denn dank ihr haben einige, ohne es zu wissen, Engel willkommen gehei\u00dfen<\/em><br \/>\n(Brief an die Hebr\u00e4er, 13, 1-2)<\/p>\n<div class=\"tiled-gallery type-rectangular tiled-gallery-unresized\" data-original-width=\"758\" data-carousel-extra='null' itemscope itemtype=\"http:\/\/schema.org\/ImageGallery\" > <div class=\"gallery-row\" style=\"width: 758px; height: 254px;\" data-original-width=\"758\" data-original-height=\"254\" > <div class=\"gallery-group images-1\" style=\"width: 379px; height: 254px;\" data-original-width=\"379\" data-original-height=\"254\" > <div class=\"tiled-gallery-item tiled-gallery-item-large\" itemprop=\"associatedMedia\" itemscope itemtype=\"http:\/\/schema.org\/ImageObject\"> <a href=\"https:\/\/banneux-nd.be\/de\/hospitalite2-2\/\" border=\"0\" itemprop=\"url\"> <meta itemprop=\"width\" content=\"375\"> <meta itemprop=\"height\" content=\"250\"> <img decoding=\"async\" data-attachment-id=\"3251\" data-orig-file=\"https:\/\/banneux-nd.be\/wp-content\/uploads\/2017\/08\/Hospitalit\u00e92.jpg\" data-orig-size=\"800,533\" data-comments-opened=\"1\" data-image-meta=\"{&quot;aperture&quot;:&quot;0&quot;,&quot;credit&quot;:&quot;&quot;,&quot;camera&quot;:&quot;&quot;,&quot;caption&quot;:&quot;&quot;,&quot;created_timestamp&quot;:&quot;0&quot;,&quot;copyright&quot;:&quot;&quot;,&quot;focal_length&quot;:&quot;0&quot;,&quot;iso&quot;:&quot;0&quot;,&quot;shutter_speed&quot;:&quot;0&quot;,&quot;title&quot;:&quot;&quot;,&quot;orientation&quot;:&quot;0&quot;}\" data-image-title=\"Hospitalit\u00e92\" data-image-description=\"\" data-medium-file=\"https:\/\/banneux-nd.be\/wp-content\/uploads\/2017\/08\/Hospitalit\u00e92-300x200.jpg\" data-large-file=\"https:\/\/banneux-nd.be\/wp-content\/uploads\/2017\/08\/Hospitalit\u00e92.jpg\" data-src=\"https:\/\/i0.wp.com\/banneux-nd.be\/wp-content\/uploads\/2017\/08\/Hospitalit%C3%A92.jpg?w=375&#038;h=250&#038;ssl=1\" width=\"375\" height=\"250\" data-original-width=\"375\" data-original-height=\"250\" itemprop=\"http:\/\/schema.org\/image\" title=\"Hospitalit\u00e92\" alt=\"Hospitalit\u00e9 - Notre-Dame de Banneux\" style=\"--smush-placeholder-width: 375px; --smush-placeholder-aspect-ratio: 375\/250;width: 375px; height: 250px;\" src=\"data:image\/svg+xml;base64,PHN2ZyB3aWR0aD0iMSIgaGVpZ2h0PSIxIiB4bWxucz0iaHR0cDovL3d3dy53My5vcmcvMjAwMC9zdmciPjwvc3ZnPg==\" class=\"lazyload\" \/> <\/a> <div class=\"tiled-gallery-caption\" itemprop=\"caption description\"> Hospitalit\u00e9 &#8211; Notre-Dame de Banneux <\/div> <\/div> <\/div> <!-- close group --> <div class=\"gallery-group images-1\" style=\"width: 379px; height: 254px;\" data-original-width=\"379\" data-original-height=\"254\" > <div class=\"tiled-gallery-item tiled-gallery-item-large\" itemprop=\"associatedMedia\" itemscope itemtype=\"http:\/\/schema.org\/ImageObject\"> <a href=\"https:\/\/banneux-nd.be\/de\/hospitalite-salle-a-manger-2\/\" border=\"0\" itemprop=\"url\"> <meta itemprop=\"width\" content=\"375\"> <meta itemprop=\"height\" content=\"250\"> <img decoding=\"async\" data-attachment-id=\"3248\" data-orig-file=\"https:\/\/banneux-nd.be\/wp-content\/uploads\/2017\/08\/Hospitalit\u00e9%20Salle%20\u00e0%20Manger.jpg\" data-orig-size=\"800,533\" data-comments-opened=\"1\" data-image-meta=\"{&quot;aperture&quot;:&quot;0&quot;,&quot;credit&quot;:&quot;&quot;,&quot;camera&quot;:&quot;&quot;,&quot;caption&quot;:&quot;&quot;,&quot;created_timestamp&quot;:&quot;0&quot;,&quot;copyright&quot;:&quot;&quot;,&quot;focal_length&quot;:&quot;0&quot;,&quot;iso&quot;:&quot;0&quot;,&quot;shutter_speed&quot;:&quot;0&quot;,&quot;title&quot;:&quot;&quot;,&quot;orientation&quot;:&quot;0&quot;}\" data-image-title=\"Hospitalit\u00e9 Salle \u00e0 Manger\" data-image-description=\"\" data-medium-file=\"https:\/\/banneux-nd.be\/wp-content\/uploads\/2017\/08\/Hospitalit\u00e9%20Salle%20\u00e0%20Manger-300x200.jpg\" data-large-file=\"https:\/\/banneux-nd.be\/wp-content\/uploads\/2017\/08\/Hospitalit\u00e9%20Salle%20\u00e0%20Manger.jpg\" data-src=\"https:\/\/i0.wp.com\/banneux-nd.be\/wp-content\/uploads\/2017\/08\/Hospitalit%C3%A9%20Salle%20%C3%A0%20Manger.jpg?w=375&#038;h=250&#038;ssl=1\" width=\"375\" height=\"250\" data-original-width=\"375\" data-original-height=\"250\" itemprop=\"http:\/\/schema.org\/image\" title=\"Hospitalit\u00e9 Salle \u00e0 Manger\" alt=\"Hospitalit\u00e9 - Notre-Dame de Banneux\" style=\"--smush-placeholder-width: 375px; --smush-placeholder-aspect-ratio: 375\/250;width: 375px; height: 250px;\" src=\"data:image\/svg+xml;base64,PHN2ZyB3aWR0aD0iMSIgaGVpZ2h0PSIxIiB4bWxucz0iaHR0cDovL3d3dy53My5vcmcvMjAwMC9zdmciPjwvc3ZnPg==\" class=\"lazyload\" \/> <\/a> <div class=\"tiled-gallery-caption\" itemprop=\"caption description\"> Hospitalit\u00e9 &#8211; Notre-Dame de Banneux <\/div> <\/div> <\/div> <!-- close group --> <\/div> <!-- close row --> <\/div>\n<p style=\"text-align: justify;\">* Ein Artikel ver\u00f6ffentlicht auf<a href=\"https:\/\/www.kerknet.be\/parochie-aalst-linkeroever\/artikel\/zusters-van-gijzegem-bestaan-200-jaar\" target=\"_blank\" rel=\"noopener\"> Kerknet<\/a> erz\u00e4hlt auf Niederl\u00e4ndisch die Feier des 200. Jahrestages der Gr\u00fcndung dieser Gemeinde.<\/p>\n","protected":false},"excerpt":{"rendered":"<p>Das Gastfreundschaft Notre-Dame ist ein Komplex aus drei Geb\u00e4uden f\u00fcr die Aufnahme von Patienten und ihren Begleitern. Derzeit hat sie ein 360 Bettenkapazit\u00e4t und erm\u00f6glicht den Kranken einen l\u00e4ngeren Aufenthalt bei der Jungfrau der Armen. Die Botschaft der Sch\u00f6nen Dame hat die Kranken seit der letzten Erscheinung gleich angezogen. Diese Quelle ist f\u00fcr die Kranken. Ich komme, das Leiden zu lindern. Viele Kranke, die nach Banneux kamen, reisten von aus der Ferne an und hofften, vorort eine Unterkunft zu finden. Gl\u00fccklicherweise stand das Schloss &#8220;Chateau des Fawes&#8221;, zwei Kilometer vom Erscheinungsort entfernt, zum Verkauf und konnte schnell umgebaut werden. Es entstand sogar die Idee, in der N\u00e4he des Schlosses eine Basilika zu errichten, jedoch scheitere das Projekt. Ein kleiner Fingerzeig [&hellip;]<\/p>\n","protected":false},"author":2,"featured_media":0,"parent":0,"menu_order":0,"comment_status":"closed","ping_status":"closed","template":"","meta":{"advgb_blocks_editor_width":"","advgb_blocks_columns_visual_guide":"","jetpack_post_was_ever_published":false,"footnotes":""},"class_list":["post-6927","page","type-page","status-publish","hentry"],"yoast_head":"<!-- This site is optimized with the Yoast SEO plugin v27.4 - https:\/\/yoast.com\/product\/yoast-seo-wordpress\/ -->\n<title>Die &quot;Hospitalit\u00e9&quot; - Banneux Notre-Dame<\/title>\n<meta name=\"robots\" content=\"index, follow, max-snippet:-1, max-image-preview:large, max-video-preview:-1\" \/>\n<link rel=\"canonical\" href=\"https:\/\/banneux-nd.be\/de\/gastehaus-hospitalite\/\" \/>\n<meta property=\"og:locale\" content=\"de_DE\" \/>\n<meta property=\"og:type\" content=\"article\" \/>\n<meta property=\"og:title\" content=\"Die &quot;Hospitalit\u00e9&quot; - Banneux Notre-Dame\" \/>\n<meta property=\"og:description\" content=\"Das Gastfreundschaft Notre-Dame ist ein Komplex aus drei Geb\u00e4uden f\u00fcr die Aufnahme von Patienten und ihren Begleitern. Derzeit hat sie ein 360 Bettenkapazit\u00e4t und erm\u00f6glicht den Kranken einen l\u00e4ngeren Aufenthalt bei der Jungfrau der Armen. Die Botschaft der Sch\u00f6nen Dame hat die Kranken seit der letzten Erscheinung gleich angezogen. Diese Quelle ist f\u00fcr die Kranken. Ich komme, das Leiden zu lindern. Viele Kranke, die nach Banneux kamen, reisten von aus der Ferne an und hofften, vorort eine Unterkunft zu finden. Gl\u00fccklicherweise stand das Schloss &#8220;Chateau des Fawes&#8221;, zwei Kilometer vom Erscheinungsort entfernt, zum Verkauf und konnte schnell umgebaut werden. Es entstand sogar die Idee, in der N\u00e4he des Schlosses eine Basilika zu errichten, jedoch scheitere das Projekt. Ein kleiner Fingerzeig [&hellip;]\" \/>\n<meta property=\"og:url\" content=\"https:\/\/banneux-nd.be\/de\/gastehaus-hospitalite\/\" \/>\n<meta property=\"og:site_name\" content=\"Banneux Notre-Dame\" \/>\n<meta property=\"article:publisher\" content=\"https:\/\/www.facebook.com\/NDBanneux\/\" \/>\n<meta property=\"article:modified_time\" content=\"2021-08-30T14:59:21+00:00\" \/>\n<meta property=\"og:image\" content=\"https:\/\/i0.wp.com\/banneux-nd.be\/wp-content\/uploads\/2017\/08\/Hospitalit\u00e92.jpg?w=375&#038;h=250&#038;ssl=1\" \/>\n<meta name=\"twitter:card\" content=\"summary_large_image\" \/>\n<meta name=\"twitter:label1\" content=\"Gesch\u00e4tzte Lesezeit\" \/>\n\t<meta name=\"twitter:data1\" content=\"2\u00a0Minuten\" \/>\n<script type=\"application\/ld+json\" class=\"yoast-schema-graph\">{\"@context\":\"https:\\\/\\\/schema.org\",\"@graph\":[{\"@type\":\"WebPage\",\"@id\":\"https:\\\/\\\/banneux-nd.be\\\/de\\\/gastehaus-hospitalite\\\/\",\"url\":\"https:\\\/\\\/banneux-nd.be\\\/de\\\/gastehaus-hospitalite\\\/\",\"name\":\"Die \\\"Hospitalit\u00e9\\\" - Banneux Notre-Dame\",\"isPartOf\":{\"@id\":\"https:\\\/\\\/banneux-nd.be\\\/de\\\/#website\"},\"primaryImageOfPage\":{\"@id\":\"https:\\\/\\\/banneux-nd.be\\\/de\\\/gastehaus-hospitalite\\\/#primaryimage\"},\"image\":{\"@id\":\"https:\\\/\\\/banneux-nd.be\\\/de\\\/gastehaus-hospitalite\\\/#primaryimage\"},\"thumbnailUrl\":\"https:\\\/\\\/banneux-nd.be\\\/wp-content\\\/uploads\\\/2017\\\/08\\\/Hospitalit%C3%A9%20Panoramique.jpg\",\"datePublished\":\"2018-04-14T13:38:11+00:00\",\"dateModified\":\"2021-08-30T14:59:21+00:00\",\"breadcrumb\":{\"@id\":\"https:\\\/\\\/banneux-nd.be\\\/de\\\/gastehaus-hospitalite\\\/#breadcrumb\"},\"inLanguage\":\"de\",\"potentialAction\":[{\"@type\":\"ReadAction\",\"target\":[\"https:\\\/\\\/banneux-nd.be\\\/de\\\/gastehaus-hospitalite\\\/\"]}]},{\"@type\":\"ImageObject\",\"inLanguage\":\"de\",\"@id\":\"https:\\\/\\\/banneux-nd.be\\\/de\\\/gastehaus-hospitalite\\\/#primaryimage\",\"url\":\"https:\\\/\\\/banneux-nd.be\\\/wp-content\\\/uploads\\\/2017\\\/08\\\/Hospitalit%C3%A9%20Panoramique.jpg\",\"contentUrl\":\"https:\\\/\\\/banneux-nd.be\\\/wp-content\\\/uploads\\\/2017\\\/08\\\/Hospitalit%C3%A9%20Panoramique.jpg\"},{\"@type\":\"BreadcrumbList\",\"@id\":\"https:\\\/\\\/banneux-nd.be\\\/de\\\/gastehaus-hospitalite\\\/#breadcrumb\",\"itemListElement\":[{\"@type\":\"ListItem\",\"position\":1,\"name\":\"Accueil\",\"item\":\"https:\\\/\\\/banneux-nd.be\\\/de\\\/\"},{\"@type\":\"ListItem\",\"position\":2,\"name\":\"Die &#8222;Hospitalit\u00e9&#8220;\"}]},{\"@type\":\"WebSite\",\"@id\":\"https:\\\/\\\/banneux-nd.be\\\/de\\\/#website\",\"url\":\"https:\\\/\\\/banneux-nd.be\\\/de\\\/\",\"name\":\"Banneux Notre-Dame\",\"description\":\"Sanctuaire de la Vierge des Pauvres (Belgique)\",\"potentialAction\":[{\"@type\":\"SearchAction\",\"target\":{\"@type\":\"EntryPoint\",\"urlTemplate\":\"https:\\\/\\\/banneux-nd.be\\\/de\\\/?s={search_term_string}\"},\"query-input\":{\"@type\":\"PropertyValueSpecification\",\"valueRequired\":true,\"valueName\":\"search_term_string\"}}],\"inLanguage\":\"de\"}]}<\/script>\n<!-- \/ Yoast SEO plugin. -->","yoast_head_json":{"title":"Die \"Hospitalit\u00e9\" - Banneux Notre-Dame","robots":{"index":"index","follow":"follow","max-snippet":"max-snippet:-1","max-image-preview":"max-image-preview:large","max-video-preview":"max-video-preview:-1"},"canonical":"https:\/\/banneux-nd.be\/de\/gastehaus-hospitalite\/","og_locale":"de_DE","og_type":"article","og_title":"Die \"Hospitalit\u00e9\" - Banneux Notre-Dame","og_description":"Das Gastfreundschaft Notre-Dame ist ein Komplex aus drei Geb\u00e4uden f\u00fcr die Aufnahme von Patienten und ihren Begleitern. Derzeit hat sie ein 360 Bettenkapazit\u00e4t und erm\u00f6glicht den Kranken einen l\u00e4ngeren Aufenthalt bei der Jungfrau der Armen. Die Botschaft der Sch\u00f6nen Dame hat die Kranken seit der letzten Erscheinung gleich angezogen. Diese Quelle ist f\u00fcr die Kranken. Ich komme, das Leiden zu lindern. Viele Kranke, die nach Banneux kamen, reisten von aus der Ferne an und hofften, vorort eine Unterkunft zu finden. Gl\u00fccklicherweise stand das Schloss &#8220;Chateau des Fawes&#8221;, zwei Kilometer vom Erscheinungsort entfernt, zum Verkauf und konnte schnell umgebaut werden. Es entstand sogar die Idee, in der N\u00e4he des Schlosses eine Basilika zu errichten, jedoch scheitere das Projekt. Ein kleiner Fingerzeig [&hellip;]","og_url":"https:\/\/banneux-nd.be\/de\/gastehaus-hospitalite\/","og_site_name":"Banneux Notre-Dame","article_publisher":"https:\/\/www.facebook.com\/NDBanneux\/","article_modified_time":"2021-08-30T14:59:21+00:00","og_image":[{"url":"https:\/\/i0.wp.com\/banneux-nd.be\/wp-content\/uploads\/2017\/08\/Hospitalit\u00e92.jpg?w=375&#038;h=250&#038;ssl=1","type":"","width":"","height":""}],"twitter_card":"summary_large_image","twitter_misc":{"Gesch\u00e4tzte Lesezeit":"2\u00a0Minuten"},"schema":{"@context":"https:\/\/schema.org","@graph":[{"@type":"WebPage","@id":"https:\/\/banneux-nd.be\/de\/gastehaus-hospitalite\/","url":"https:\/\/banneux-nd.be\/de\/gastehaus-hospitalite\/","name":"Die \"Hospitalit\u00e9\" - Banneux Notre-Dame","isPartOf":{"@id":"https:\/\/banneux-nd.be\/de\/#website"},"primaryImageOfPage":{"@id":"https:\/\/banneux-nd.be\/de\/gastehaus-hospitalite\/#primaryimage"},"image":{"@id":"https:\/\/banneux-nd.be\/de\/gastehaus-hospitalite\/#primaryimage"},"thumbnailUrl":"https:\/\/banneux-nd.be\/wp-content\/uploads\/2017\/08\/Hospitalit%C3%A9%20Panoramique.jpg","datePublished":"2018-04-14T13:38:11+00:00","dateModified":"2021-08-30T14:59:21+00:00","breadcrumb":{"@id":"https:\/\/banneux-nd.be\/de\/gastehaus-hospitalite\/#breadcrumb"},"inLanguage":"de","potentialAction":[{"@type":"ReadAction","target":["https:\/\/banneux-nd.be\/de\/gastehaus-hospitalite\/"]}]},{"@type":"ImageObject","inLanguage":"de","@id":"https:\/\/banneux-nd.be\/de\/gastehaus-hospitalite\/#primaryimage","url":"https:\/\/banneux-nd.be\/wp-content\/uploads\/2017\/08\/Hospitalit%C3%A9%20Panoramique.jpg","contentUrl":"https:\/\/banneux-nd.be\/wp-content\/uploads\/2017\/08\/Hospitalit%C3%A9%20Panoramique.jpg"},{"@type":"BreadcrumbList","@id":"https:\/\/banneux-nd.be\/de\/gastehaus-hospitalite\/#breadcrumb","itemListElement":[{"@type":"ListItem","position":1,"name":"Accueil","item":"https:\/\/banneux-nd.be\/de\/"},{"@type":"ListItem","position":2,"name":"Die &#8222;Hospitalit\u00e9&#8220;"}]},{"@type":"WebSite","@id":"https:\/\/banneux-nd.be\/de\/#website","url":"https:\/\/banneux-nd.be\/de\/","name":"Banneux Notre-Dame","description":"Sanctuaire de la Vierge des Pauvres (Belgique)","potentialAction":[{"@type":"SearchAction","target":{"@type":"EntryPoint","urlTemplate":"https:\/\/banneux-nd.be\/de\/?s={search_term_string}"},"query-input":{"@type":"PropertyValueSpecification","valueRequired":true,"valueName":"search_term_string"}}],"inLanguage":"de"}]}},"coauthors":[],"author_meta":{"author_link":"https:\/\/banneux-nd.be\/de\/author\/adminfr\/","display_name":"adminFR"},"relative_dates":{"created":"Ver\u00f6ffentlicht 8\u00a0Jahren vor","modified":"Aktualisiert 5\u00a0Jahren vor"},"absolute_dates":{"created":"Ver\u00f6ffentlicht am 14. April 2018","modified":"Aktualisiert am 30. August 2021"},"absolute_dates_time":{"created":"Ver\u00f6ffentlicht am 14. April 2018 15:38","modified":"Aktualisiert am 30. August 2021 16:59"},"featured_img_caption":"","featured_img":false,"series_order":"","jetpack_sharing_enabled":true,"_links":{"self":[{"href":"https:\/\/banneux-nd.be\/de\/wp-json\/wp\/v2\/pages\/6927","targetHints":{"allow":["GET"]}}],"collection":[{"href":"https:\/\/banneux-nd.be\/de\/wp-json\/wp\/v2\/pages"}],"about":[{"href":"https:\/\/banneux-nd.be\/de\/wp-json\/wp\/v2\/types\/page"}],"author":[{"embeddable":true,"href":"https:\/\/banneux-nd.be\/de\/wp-json\/wp\/v2\/users\/2"}],"replies":[{"embeddable":true,"href":"https:\/\/banneux-nd.be\/de\/wp-json\/wp\/v2\/comments?post=6927"}],"version-history":[{"count":2,"href":"https:\/\/banneux-nd.be\/de\/wp-json\/wp\/v2\/pages\/6927\/revisions"}],"predecessor-version":[{"id":15734,"href":"https:\/\/banneux-nd.be\/de\/wp-json\/wp\/v2\/pages\/6927\/revisions\/15734"}],"wp:attachment":[{"href":"https:\/\/banneux-nd.be\/de\/wp-json\/wp\/v2\/media?parent=6927"}],"curies":[{"name":"wp","href":"https:\/\/api.w.org\/{rel}","templated":true}]}}