{"id":6990,"date":"2015-07-20T08:58:06","date_gmt":"2015-07-20T06:58:06","guid":{"rendered":"http:\/\/wwwwp2.banneux-nd.be\/accueil-et-centres-spirituels\/"},"modified":"2024-01-11T11:04:59","modified_gmt":"2024-01-11T10:04:59","slug":"gaestehause","status":"publish","type":"page","link":"https:\/\/banneux-nd.be\/de\/gaestehause\/","title":{"rendered":"G\u00e4steh\u00e4user"},"content":{"rendered":"<p><strong>G\u00e4stehaus Chaityfontaine (60 Betten)<\/strong><\/p>\n<table style=\"width: 100%; border-collapse: collapse;\" border=\"0\">\n<tbody>\n<tr>\n<td style=\"width: 50%;\">\n<p style=\"text-align: center;\"><strong>Gruppen &#8211; Einzelpersonen<\/strong><\/p>\n<p style=\"text-align: center;\"><strong>Chaityfontaine 8 &#8211;<br \/>\nBE &#8211; 4860 PEPINSTER<\/strong><br \/>\n<strong><br \/>\n+32 4 360 91 71<\/strong><\/p>\n<p style=\"text-align: center;\"><a href=\"mailto:chaityfontaine@banneux-nd.be\">chaityfontaine@banneux-nd.be<\/a><\/p>\n<\/td>\n<td style=\"width: 50%;\"><img fetchpriority=\"high\" decoding=\"async\" class=\"aligncenter\" src=\"https:\/\/banneux-nd.be\/wp-content\/uploads\/2018\/08\/Chaityfontaine-PF.jpg\" alt=\"\" width=\"406\" height=\"305\" \/><\/td>\n<\/tr>\n<\/tbody>\n<\/table>\n<p style=\"text-align: center;\"><a href=\"http:\/\/www.chaityfontaine.eu\/\" target=\"_blank\" rel=\"noopener\"><strong>www.chaityfontaine.eu<\/strong><\/a><\/p>\n<hr \/>\n<p><strong>G\u00e4stehaus <em>Hospitalit\u00e9 Notre-Dame <\/em>(360 Betten)<\/strong><\/p>\n<p>In der Saison in erster Linie f\u00fcr <a href=\"https:\/\/banneux-nd.be\/de\/triduums\/\" target=\"_blank\" rel=\"noopener\">Pilgerfahrten<\/a>\u00a0(<em>Triduum<\/em>) mit Kranken &#8211; parallel dazu sind andere Gruppen willkommen.<br \/>\nAusserhalb der Saison: andere Gruppen (Exerzitien, Seminare, Versammlungen&#8230;)<\/p>\n<p>rue de l\u2019Esplanade 57 &#8211; BE &#8211; 4141 BANNEUX N.D.<br \/>\n+32 4 360 02 22 &#8211; Fax : +32 4 360 82 39 &#8211; <span style=\"text-decoration: underline;\">economat@banneux-nd.be<\/span><\/p>\n<p>&nbsp;<\/p>\n<hr \/>\n<p><strong>Johannesbr\u00fcder &#8211; Prieur\u00e9 <em>Regina Pacis<\/em><\/strong><\/p>\n<p>rue de la Sapini\u00e8re 50 &#8211; BE &#8211; 4141 BANNEUX N.D.<br \/>\n+32 4 360 01 20 &#8211;\u00a0<a href=\"mailto:freres@stjean-banneux.com\">freres@stjean-banneux.com<\/a><\/p>\n<p style=\"text-align: center;\"><a href=\"https:\/\/sites.google.com\/site\/stjeanbanneux\/\" target=\"_blank\" rel=\"noopener\"><strong><a href=\"https:\/\/stjean-banneux.com\/\" target=\"_blank\" rel=\"noopener\">www.stjean-banneux.com<\/a><\/strong><\/a><\/p>\n<hr \/>\n<p><strong>Poverello<\/strong><\/p>\n<p>Unterk\u00fcnfte f\u00fcr Jugendgruppen<\/p>\n<p>route de Theux 85 &#8211; BE &#8211; 4141 BANNEUX N.D.<br \/>\n+32 4 360 93 63<\/p>\n<p style=\"text-align: center;\"><strong><a href=\"http:\/\/www.poverello.be\" target=\"_blank\" rel=\"noopener\">www.poverello.be<\/a><\/strong><\/p>\n","protected":false},"excerpt":{"rendered":"<p>G\u00e4stehaus Chaityfontaine (60 Betten) Gruppen &#8211; Einzelpersonen Chaityfontaine 8 &#8211; BE &#8211; 4860 PEPINSTER +32 4 360 91 71 chaityfontaine@banneux-nd.be www.chaityfontaine.eu G\u00e4stehaus Hospitalit\u00e9 Notre-Dame (360 Betten) In der Saison in erster Linie f\u00fcr Pilgerfahrten\u00a0(Triduum) mit Kranken &#8211; parallel dazu sind andere Gruppen willkommen. Ausserhalb der Saison: andere Gruppen (Exerzitien, Seminare, Versammlungen&#8230;) rue de l\u2019Esplanade 57 &#8211; BE &#8211; 4141 BANNEUX N.D. +32 4 360 02 22 &#8211; Fax : +32 4 360 82 39 &#8211; economat@banneux-nd.be &nbsp; Johannesbr\u00fcder &#8211; Prieur\u00e9 Regina Pacis rue de la Sapini\u00e8re 50 &#8211; BE &#8211; 4141 BANNEUX N.D. +32 4 360 01 20 &#8211;\u00a0freres@stjean-banneux.com www.stjean-banneux.com Poverello Unterk\u00fcnfte f\u00fcr Jugendgruppen route de Theux 85 &#8211; BE &#8211; 4141 BANNEUX N.D. +32 4 360 93 63 www.poverello.be<\/p>\n","protected":false},"author":2,"featured_media":0,"parent":0,"menu_order":0,"comment_status":"closed","ping_status":"closed","template":"","meta":{"advgb_blocks_editor_width":"","advgb_blocks_columns_visual_guide":"","jetpack_post_was_ever_published":false,"footnotes":""},"class_list":["post-6990","page","type-page","status-publish","hentry"],"yoast_head":"<!-- This site is optimized with the Yoast SEO plugin v27.5 - https:\/\/yoast.com\/product\/yoast-seo-wordpress\/ -->\n<title>G\u00e4steh\u00e4user - Banneux Notre-Dame<\/title>\n<meta name=\"robots\" content=\"index, follow, max-snippet:-1, max-image-preview:large, max-video-preview:-1\" \/>\n<link rel=\"canonical\" href=\"https:\/\/banneux-nd.be\/de\/gaestehause\/\" \/>\n<meta property=\"og:locale\" content=\"de_DE\" \/>\n<meta property=\"og:type\" content=\"article\" \/>\n<meta property=\"og:title\" content=\"G\u00e4steh\u00e4user - Banneux Notre-Dame\" \/>\n<meta property=\"og:description\" content=\"G\u00e4stehaus Chaityfontaine (60 Betten) Gruppen &#8211; Einzelpersonen Chaityfontaine 8 &#8211; BE &#8211; 4860 PEPINSTER +32 4 360 91 71 chaityfontaine@banneux-nd.be www.chaityfontaine.eu G\u00e4stehaus Hospitalit\u00e9 Notre-Dame (360 Betten) In der Saison in erster Linie f\u00fcr Pilgerfahrten\u00a0(Triduum) mit Kranken &#8211; parallel dazu sind andere Gruppen willkommen. Ausserhalb der Saison: andere Gruppen (Exerzitien, Seminare, Versammlungen&#8230;) rue de l\u2019Esplanade 57 &#8211; BE &#8211; 4141 BANNEUX N.D. +32 4 360 02 22 &#8211; Fax : +32 4 360 82 39 &#8211; economat@banneux-nd.be &nbsp; Johannesbr\u00fcder &#8211; Prieur\u00e9 Regina Pacis rue de la Sapini\u00e8re 50 &#8211; BE &#8211; 4141 BANNEUX N.D. +32 4 360 01 20 &#8211;\u00a0freres@stjean-banneux.com www.stjean-banneux.com Poverello Unterk\u00fcnfte f\u00fcr Jugendgruppen route de Theux 85 &#8211; BE &#8211; 4141 BANNEUX N.D. +32 4 360 93 63 www.poverello.be\" \/>\n<meta property=\"og:url\" content=\"https:\/\/banneux-nd.be\/de\/gaestehause\/\" \/>\n<meta property=\"og:site_name\" content=\"Banneux Notre-Dame\" \/>\n<meta property=\"article:publisher\" content=\"https:\/\/www.facebook.com\/NDBanneux\/\" \/>\n<meta property=\"article:modified_time\" content=\"2024-01-11T10:04:59+00:00\" \/>\n<meta property=\"og:image\" content=\"https:\/\/banneux-nd.be\/wp-content\/uploads\/2018\/08\/Chaityfontaine-PF.jpg\" \/>\n<meta name=\"twitter:card\" content=\"summary_large_image\" \/>\n<meta name=\"twitter:label1\" content=\"Gesch\u00e4tzte Lesezeit\" \/>\n\t<meta name=\"twitter:data1\" content=\"1\u00a0Minute\" \/>\n<script type=\"application\/ld+json\" class=\"yoast-schema-graph\">{\"@context\":\"https:\\\/\\\/schema.org\",\"@graph\":[{\"@type\":\"WebPage\",\"@id\":\"https:\\\/\\\/banneux-nd.be\\\/de\\\/gaestehause\\\/\",\"url\":\"https:\\\/\\\/banneux-nd.be\\\/de\\\/gaestehause\\\/\",\"name\":\"G\u00e4steh\u00e4user - Banneux Notre-Dame\",\"isPartOf\":{\"@id\":\"https:\\\/\\\/banneux-nd.be\\\/de\\\/#website\"},\"primaryImageOfPage\":{\"@id\":\"https:\\\/\\\/banneux-nd.be\\\/de\\\/gaestehause\\\/#primaryimage\"},\"image\":{\"@id\":\"https:\\\/\\\/banneux-nd.be\\\/de\\\/gaestehause\\\/#primaryimage\"},\"thumbnailUrl\":\"https:\\\/\\\/banneux-nd.be\\\/wp-content\\\/uploads\\\/2018\\\/08\\\/Chaityfontaine-PF.jpg\",\"datePublished\":\"2015-07-20T06:58:06+00:00\",\"dateModified\":\"2024-01-11T10:04:59+00:00\",\"breadcrumb\":{\"@id\":\"https:\\\/\\\/banneux-nd.be\\\/de\\\/gaestehause\\\/#breadcrumb\"},\"inLanguage\":\"de\",\"potentialAction\":[{\"@type\":\"ReadAction\",\"target\":[\"https:\\\/\\\/banneux-nd.be\\\/de\\\/gaestehause\\\/\"]}]},{\"@type\":\"ImageObject\",\"inLanguage\":\"de\",\"@id\":\"https:\\\/\\\/banneux-nd.be\\\/de\\\/gaestehause\\\/#primaryimage\",\"url\":\"https:\\\/\\\/banneux-nd.be\\\/wp-content\\\/uploads\\\/2018\\\/08\\\/Chaityfontaine-PF.jpg\",\"contentUrl\":\"https:\\\/\\\/banneux-nd.be\\\/wp-content\\\/uploads\\\/2018\\\/08\\\/Chaityfontaine-PF.jpg\"},{\"@type\":\"BreadcrumbList\",\"@id\":\"https:\\\/\\\/banneux-nd.be\\\/de\\\/gaestehause\\\/#breadcrumb\",\"itemListElement\":[{\"@type\":\"ListItem\",\"position\":1,\"name\":\"Accueil\",\"item\":\"https:\\\/\\\/banneux-nd.be\\\/de\\\/\"},{\"@type\":\"ListItem\",\"position\":2,\"name\":\"G\u00e4steh\u00e4user\"}]},{\"@type\":\"WebSite\",\"@id\":\"https:\\\/\\\/banneux-nd.be\\\/de\\\/#website\",\"url\":\"https:\\\/\\\/banneux-nd.be\\\/de\\\/\",\"name\":\"Banneux Notre-Dame\",\"description\":\"Sanctuaire de la Vierge des Pauvres (Belgique)\",\"potentialAction\":[{\"@type\":\"SearchAction\",\"target\":{\"@type\":\"EntryPoint\",\"urlTemplate\":\"https:\\\/\\\/banneux-nd.be\\\/de\\\/?s={search_term_string}\"},\"query-input\":{\"@type\":\"PropertyValueSpecification\",\"valueRequired\":true,\"valueName\":\"search_term_string\"}}],\"inLanguage\":\"de\"}]}<\/script>\n<!-- \/ Yoast SEO plugin. -->","yoast_head_json":{"title":"G\u00e4steh\u00e4user - Banneux Notre-Dame","robots":{"index":"index","follow":"follow","max-snippet":"max-snippet:-1","max-image-preview":"max-image-preview:large","max-video-preview":"max-video-preview:-1"},"canonical":"https:\/\/banneux-nd.be\/de\/gaestehause\/","og_locale":"de_DE","og_type":"article","og_title":"G\u00e4steh\u00e4user - Banneux Notre-Dame","og_description":"G\u00e4stehaus Chaityfontaine (60 Betten) Gruppen &#8211; Einzelpersonen Chaityfontaine 8 &#8211; BE &#8211; 4860 PEPINSTER +32 4 360 91 71 chaityfontaine@banneux-nd.be www.chaityfontaine.eu G\u00e4stehaus Hospitalit\u00e9 Notre-Dame (360 Betten) In der Saison in erster Linie f\u00fcr Pilgerfahrten\u00a0(Triduum) mit Kranken &#8211; parallel dazu sind andere Gruppen willkommen. Ausserhalb der Saison: andere Gruppen (Exerzitien, Seminare, Versammlungen&#8230;) rue de l\u2019Esplanade 57 &#8211; BE &#8211; 4141 BANNEUX N.D. +32 4 360 02 22 &#8211; Fax : +32 4 360 82 39 &#8211; economat@banneux-nd.be &nbsp; Johannesbr\u00fcder &#8211; Prieur\u00e9 Regina Pacis rue de la Sapini\u00e8re 50 &#8211; BE &#8211; 4141 BANNEUX N.D. +32 4 360 01 20 &#8211;\u00a0freres@stjean-banneux.com www.stjean-banneux.com Poverello Unterk\u00fcnfte f\u00fcr Jugendgruppen route de Theux 85 &#8211; BE &#8211; 4141 BANNEUX N.D. +32 4 360 93 63 www.poverello.be","og_url":"https:\/\/banneux-nd.be\/de\/gaestehause\/","og_site_name":"Banneux Notre-Dame","article_publisher":"https:\/\/www.facebook.com\/NDBanneux\/","article_modified_time":"2024-01-11T10:04:59+00:00","og_image":[{"url":"https:\/\/banneux-nd.be\/wp-content\/uploads\/2018\/08\/Chaityfontaine-PF.jpg","type":"","width":"","height":""}],"twitter_card":"summary_large_image","twitter_misc":{"Gesch\u00e4tzte Lesezeit":"1\u00a0Minute"},"schema":{"@context":"https:\/\/schema.org","@graph":[{"@type":"WebPage","@id":"https:\/\/banneux-nd.be\/de\/gaestehause\/","url":"https:\/\/banneux-nd.be\/de\/gaestehause\/","name":"G\u00e4steh\u00e4user - Banneux Notre-Dame","isPartOf":{"@id":"https:\/\/banneux-nd.be\/de\/#website"},"primaryImageOfPage":{"@id":"https:\/\/banneux-nd.be\/de\/gaestehause\/#primaryimage"},"image":{"@id":"https:\/\/banneux-nd.be\/de\/gaestehause\/#primaryimage"},"thumbnailUrl":"https:\/\/banneux-nd.be\/wp-content\/uploads\/2018\/08\/Chaityfontaine-PF.jpg","datePublished":"2015-07-20T06:58:06+00:00","dateModified":"2024-01-11T10:04:59+00:00","breadcrumb":{"@id":"https:\/\/banneux-nd.be\/de\/gaestehause\/#breadcrumb"},"inLanguage":"de","potentialAction":[{"@type":"ReadAction","target":["https:\/\/banneux-nd.be\/de\/gaestehause\/"]}]},{"@type":"ImageObject","inLanguage":"de","@id":"https:\/\/banneux-nd.be\/de\/gaestehause\/#primaryimage","url":"https:\/\/banneux-nd.be\/wp-content\/uploads\/2018\/08\/Chaityfontaine-PF.jpg","contentUrl":"https:\/\/banneux-nd.be\/wp-content\/uploads\/2018\/08\/Chaityfontaine-PF.jpg"},{"@type":"BreadcrumbList","@id":"https:\/\/banneux-nd.be\/de\/gaestehause\/#breadcrumb","itemListElement":[{"@type":"ListItem","position":1,"name":"Accueil","item":"https:\/\/banneux-nd.be\/de\/"},{"@type":"ListItem","position":2,"name":"G\u00e4steh\u00e4user"}]},{"@type":"WebSite","@id":"https:\/\/banneux-nd.be\/de\/#website","url":"https:\/\/banneux-nd.be\/de\/","name":"Banneux Notre-Dame","description":"Sanctuaire de la Vierge des Pauvres (Belgique)","potentialAction":[{"@type":"SearchAction","target":{"@type":"EntryPoint","urlTemplate":"https:\/\/banneux-nd.be\/de\/?s={search_term_string}"},"query-input":{"@type":"PropertyValueSpecification","valueRequired":true,"valueName":"search_term_string"}}],"inLanguage":"de"}]}},"coauthors":[],"author_meta":{"author_link":"https:\/\/banneux-nd.be\/de\/author\/adminfr\/","display_name":"adminFR"},"relative_dates":{"created":"Ver\u00f6ffentlicht 11\u00a0Jahren vor","modified":"Aktualisiert 2\u00a0Jahren vor"},"absolute_dates":{"created":"Ver\u00f6ffentlicht am 20. Juli 2015","modified":"Aktualisiert am 11. Januar 2024"},"absolute_dates_time":{"created":"Ver\u00f6ffentlicht am 20. Juli 2015 8:58","modified":"Aktualisiert am 11. Januar 2024 11:04"},"featured_img_caption":"","featured_img":false,"series_order":"","jetpack_sharing_enabled":true,"_links":{"self":[{"href":"https:\/\/banneux-nd.be\/de\/wp-json\/wp\/v2\/pages\/6990","targetHints":{"allow":["GET"]}}],"collection":[{"href":"https:\/\/banneux-nd.be\/de\/wp-json\/wp\/v2\/pages"}],"about":[{"href":"https:\/\/banneux-nd.be\/de\/wp-json\/wp\/v2\/types\/page"}],"author":[{"embeddable":true,"href":"https:\/\/banneux-nd.be\/de\/wp-json\/wp\/v2\/users\/2"}],"replies":[{"embeddable":true,"href":"https:\/\/banneux-nd.be\/de\/wp-json\/wp\/v2\/comments?post=6990"}],"version-history":[{"count":7,"href":"https:\/\/banneux-nd.be\/de\/wp-json\/wp\/v2\/pages\/6990\/revisions"}],"predecessor-version":[{"id":18207,"href":"https:\/\/banneux-nd.be\/de\/wp-json\/wp\/v2\/pages\/6990\/revisions\/18207"}],"wp:attachment":[{"href":"https:\/\/banneux-nd.be\/de\/wp-json\/wp\/v2\/media?parent=6990"}],"curies":[{"name":"wp","href":"https:\/\/api.w.org\/{rel}","templated":true}]}}