{"id":7258,"date":"2018-04-29T14:17:23","date_gmt":"2018-04-29T12:17:23","guid":{"rendered":"http:\/\/wwwwp2.banneux-nd.be\/ein-ex-voto-tafelchen-anbringen-lassen\/"},"modified":"2023-05-25T19:04:15","modified_gmt":"2023-05-25T17:04:15","slug":"ein-ex-voto-tafelchen-anbringen-lassen","status":"publish","type":"page","link":"https:\/\/banneux-nd.be\/de\/ein-ex-voto-tafelchen-anbringen-lassen\/","title":{"rendered":"Ein Ex-voto-T\u00e4felchen anbringen lassen"},"content":{"rendered":"<p class=\"rtejustify\" style=\"text-align: justify;\"><img fetchpriority=\"high\" decoding=\"async\" style=\"padding: 5px; margin-right: 5px;\" src=\"https:\/\/banneux-nd.be\/wp-content\/uploads\/2017\/08\/Ex Voto2.jpg\" alt=\"\" width=\"300\" height=\"219\" align=\"left\" \/><strong>Ein Ex-voto-T\u00e4felchen<\/strong> ist ein bleibendes Zeichen der Dankbarkeit an die Adresse der Jungfrau der Armen f\u00fcr eine Gebetserh\u00f6rung. Diese kleinen in blauer Schrift gehaltenen Kacheln spornen auch andere zu Vertrauen und unersch\u00fctterlicher Hoffnung an.<\/p>\n<p class=\"rtejustify\" style=\"text-align: justify;\">Die Dankt\u00e4felchen werden an verschiedenen daf\u00fcr vorgesehenen Stellen im Heiligtum angebracht. In der Erscheinungskapelle sind die allerersten aus den dreissiger Jahre zu bewundern. Auch am Haus Beco, in der N\u00e4he der Quelle, unter den Arkaden wurden welche angebracht.<\/p>\n<p class=\"rtejustify\" style=\"text-align: justify;\"><strong>Ein Ex-voto bestellen<\/strong><\/p>\n<p class=\"rtejustify\" style=\"text-align: justify;\"><img decoding=\"async\" style=\"padding: 5px; margin-left: 5px;\" src=\"https:\/\/banneux-nd.be\/wp-content\/uploads\/2017\/08\/Source Personnes diverses.jpg\" alt=\"\" width=\"381\" height=\"267\" align=\"right\" \/>1. Senden Sie per Post oder Mail Ihren Text (bitte beschr\u00e4nken Sie sich auf 5 Worte. Hinzu kommt das Datum oder das Jahr, sowie Ihr Name oder Ihre Initialen).<\/p>\n<p class=\"rtejustify\" style=\"text-align: justify;\">2. \u00fcberweisen Sie 40 \u20ac pro Ex-Voto auf das Konto<\/p>\n<p class=\"rtejustify\" style=\"text-align: justify;\">IBAN: BE15 0000 0462 0230<\/p>\n<p class=\"rtejustify\" style=\"text-align: justify;\">BIC: BPOTBEB1<\/p>\n<p class=\"rtejustify\" style=\"text-align: justify;\">Asbl Banneux-La Vierge des Pauvres mit der <strong>Mitteilung &#8220;<\/strong>Ex-Voto&#8221;<\/p>\n<p><a href=\"https:\/\/banneux-nd.be\/de\/jahr-thema\/de\/?page_id=14537\" target=\"_blank\" rel=\"noopener\"><img decoding=\"async\" class=\"aligncenter lazyload\" data-src=\"https:\/\/banneux-nd.be\/wp-content\/uploads\/2021\/Je-paie-en-ligne-De.gif\" alt=\"\" width=\"468\" height=\"176\" src=\"data:image\/svg+xml;base64,PHN2ZyB3aWR0aD0iMSIgaGVpZ2h0PSIxIiB4bWxucz0iaHR0cDovL3d3dy53My5vcmcvMjAwMC9zdmciPjwvc3ZnPg==\" style=\"--smush-placeholder-width: 468px; --smush-placeholder-aspect-ratio: 468\/176;\" \/><\/a><\/p>\n<p class=\"rtejustify\" style=\"text-align: justify;\">\n","protected":false},"excerpt":{"rendered":"<p>Ein Ex-voto-T\u00e4felchen ist ein bleibendes Zeichen der Dankbarkeit an die Adresse der Jungfrau der Armen f\u00fcr eine Gebetserh\u00f6rung. Diese kleinen in blauer Schrift gehaltenen Kacheln spornen auch andere zu Vertrauen und unersch\u00fctterlicher Hoffnung an. Die Dankt\u00e4felchen werden an verschiedenen daf\u00fcr vorgesehenen Stellen im Heiligtum angebracht. In der Erscheinungskapelle sind die allerersten aus den dreissiger Jahre zu bewundern. Auch am Haus Beco, in der N\u00e4he der Quelle, unter den Arkaden wurden welche angebracht. Ein Ex-voto bestellen 1. Senden Sie per Post oder Mail Ihren Text (bitte beschr\u00e4nken Sie sich auf 5 Worte. Hinzu kommt das Datum oder das Jahr, sowie Ihr Name oder Ihre Initialen). 2. \u00fcberweisen Sie 40 \u20ac pro Ex-Voto auf das Konto IBAN: BE15 0000 0462 0230 BIC: [&hellip;]<\/p>\n","protected":false},"author":2,"featured_media":0,"parent":0,"menu_order":0,"comment_status":"closed","ping_status":"closed","template":"","meta":{"advgb_blocks_editor_width":"","advgb_blocks_columns_visual_guide":"","jetpack_post_was_ever_published":false,"footnotes":""},"class_list":["post-7258","page","type-page","status-publish","hentry"],"yoast_head":"<!-- This site is optimized with the Yoast SEO plugin v27.4 - https:\/\/yoast.com\/product\/yoast-seo-wordpress\/ -->\n<title>Ein Ex-voto-T\u00e4felchen anbringen lassen - Banneux Notre-Dame<\/title>\n<meta name=\"robots\" content=\"index, follow, max-snippet:-1, max-image-preview:large, max-video-preview:-1\" \/>\n<link rel=\"canonical\" href=\"https:\/\/banneux-nd.be\/de\/ein-ex-voto-tafelchen-anbringen-lassen\/\" \/>\n<meta property=\"og:locale\" content=\"de_DE\" \/>\n<meta property=\"og:type\" content=\"article\" \/>\n<meta property=\"og:title\" content=\"Ein Ex-voto-T\u00e4felchen anbringen lassen - Banneux Notre-Dame\" \/>\n<meta property=\"og:description\" content=\"Ein Ex-voto-T\u00e4felchen ist ein bleibendes Zeichen der Dankbarkeit an die Adresse der Jungfrau der Armen f\u00fcr eine Gebetserh\u00f6rung. Diese kleinen in blauer Schrift gehaltenen Kacheln spornen auch andere zu Vertrauen und unersch\u00fctterlicher Hoffnung an. Die Dankt\u00e4felchen werden an verschiedenen daf\u00fcr vorgesehenen Stellen im Heiligtum angebracht. In der Erscheinungskapelle sind die allerersten aus den dreissiger Jahre zu bewundern. Auch am Haus Beco, in der N\u00e4he der Quelle, unter den Arkaden wurden welche angebracht. Ein Ex-voto bestellen 1. Senden Sie per Post oder Mail Ihren Text (bitte beschr\u00e4nken Sie sich auf 5 Worte. Hinzu kommt das Datum oder das Jahr, sowie Ihr Name oder Ihre Initialen). 2. \u00fcberweisen Sie 40 \u20ac pro Ex-Voto auf das Konto IBAN: BE15 0000 0462 0230 BIC: [&hellip;]\" \/>\n<meta property=\"og:url\" content=\"https:\/\/banneux-nd.be\/de\/ein-ex-voto-tafelchen-anbringen-lassen\/\" \/>\n<meta property=\"og:site_name\" content=\"Banneux Notre-Dame\" \/>\n<meta property=\"article:publisher\" content=\"https:\/\/www.facebook.com\/NDBanneux\/\" \/>\n<meta property=\"article:modified_time\" content=\"2023-05-25T17:04:15+00:00\" \/>\n<meta property=\"og:image\" content=\"https:\/\/banneux-nd.be\/wp-content\/uploads\/2021\/Je-paie-en-ligne-De.gif\" \/>\n<meta name=\"twitter:card\" content=\"summary_large_image\" \/>\n<meta name=\"twitter:label1\" content=\"Gesch\u00e4tzte Lesezeit\" \/>\n\t<meta name=\"twitter:data1\" content=\"2\u00a0Minuten\" \/>\n<script type=\"application\/ld+json\" class=\"yoast-schema-graph\">{\"@context\":\"https:\\\/\\\/schema.org\",\"@graph\":[{\"@type\":\"WebPage\",\"@id\":\"https:\\\/\\\/banneux-nd.be\\\/de\\\/ein-ex-voto-tafelchen-anbringen-lassen\\\/\",\"url\":\"https:\\\/\\\/banneux-nd.be\\\/de\\\/ein-ex-voto-tafelchen-anbringen-lassen\\\/\",\"name\":\"Ein Ex-voto-T\u00e4felchen anbringen lassen - Banneux Notre-Dame\",\"isPartOf\":{\"@id\":\"https:\\\/\\\/banneux-nd.be\\\/de\\\/#website\"},\"primaryImageOfPage\":{\"@id\":\"https:\\\/\\\/banneux-nd.be\\\/de\\\/ein-ex-voto-tafelchen-anbringen-lassen\\\/#primaryimage\"},\"image\":{\"@id\":\"https:\\\/\\\/banneux-nd.be\\\/de\\\/ein-ex-voto-tafelchen-anbringen-lassen\\\/#primaryimage\"},\"thumbnailUrl\":\"https:\\\/\\\/banneux-nd.be\\\/wp-content\\\/uploads\\\/2021\\\/Je-paie-en-ligne-De.gif\",\"datePublished\":\"2018-04-29T12:17:23+00:00\",\"dateModified\":\"2023-05-25T17:04:15+00:00\",\"breadcrumb\":{\"@id\":\"https:\\\/\\\/banneux-nd.be\\\/de\\\/ein-ex-voto-tafelchen-anbringen-lassen\\\/#breadcrumb\"},\"inLanguage\":\"de\",\"potentialAction\":[{\"@type\":\"ReadAction\",\"target\":[\"https:\\\/\\\/banneux-nd.be\\\/de\\\/ein-ex-voto-tafelchen-anbringen-lassen\\\/\"]}]},{\"@type\":\"ImageObject\",\"inLanguage\":\"de\",\"@id\":\"https:\\\/\\\/banneux-nd.be\\\/de\\\/ein-ex-voto-tafelchen-anbringen-lassen\\\/#primaryimage\",\"url\":\"https:\\\/\\\/banneux-nd.be\\\/wp-content\\\/uploads\\\/2021\\\/Je-paie-en-ligne-De.gif\",\"contentUrl\":\"https:\\\/\\\/banneux-nd.be\\\/wp-content\\\/uploads\\\/2021\\\/Je-paie-en-ligne-De.gif\"},{\"@type\":\"BreadcrumbList\",\"@id\":\"https:\\\/\\\/banneux-nd.be\\\/de\\\/ein-ex-voto-tafelchen-anbringen-lassen\\\/#breadcrumb\",\"itemListElement\":[{\"@type\":\"ListItem\",\"position\":1,\"name\":\"Accueil\",\"item\":\"https:\\\/\\\/banneux-nd.be\\\/de\\\/\"},{\"@type\":\"ListItem\",\"position\":2,\"name\":\"Ein Ex-voto-T\u00e4felchen anbringen lassen\"}]},{\"@type\":\"WebSite\",\"@id\":\"https:\\\/\\\/banneux-nd.be\\\/de\\\/#website\",\"url\":\"https:\\\/\\\/banneux-nd.be\\\/de\\\/\",\"name\":\"Banneux Notre-Dame\",\"description\":\"Sanctuaire de la Vierge des Pauvres (Belgique)\",\"potentialAction\":[{\"@type\":\"SearchAction\",\"target\":{\"@type\":\"EntryPoint\",\"urlTemplate\":\"https:\\\/\\\/banneux-nd.be\\\/de\\\/?s={search_term_string}\"},\"query-input\":{\"@type\":\"PropertyValueSpecification\",\"valueRequired\":true,\"valueName\":\"search_term_string\"}}],\"inLanguage\":\"de\"}]}<\/script>\n<!-- \/ Yoast SEO plugin. -->","yoast_head_json":{"title":"Ein Ex-voto-T\u00e4felchen anbringen lassen - Banneux Notre-Dame","robots":{"index":"index","follow":"follow","max-snippet":"max-snippet:-1","max-image-preview":"max-image-preview:large","max-video-preview":"max-video-preview:-1"},"canonical":"https:\/\/banneux-nd.be\/de\/ein-ex-voto-tafelchen-anbringen-lassen\/","og_locale":"de_DE","og_type":"article","og_title":"Ein Ex-voto-T\u00e4felchen anbringen lassen - Banneux Notre-Dame","og_description":"Ein Ex-voto-T\u00e4felchen ist ein bleibendes Zeichen der Dankbarkeit an die Adresse der Jungfrau der Armen f\u00fcr eine Gebetserh\u00f6rung. Diese kleinen in blauer Schrift gehaltenen Kacheln spornen auch andere zu Vertrauen und unersch\u00fctterlicher Hoffnung an. Die Dankt\u00e4felchen werden an verschiedenen daf\u00fcr vorgesehenen Stellen im Heiligtum angebracht. In der Erscheinungskapelle sind die allerersten aus den dreissiger Jahre zu bewundern. Auch am Haus Beco, in der N\u00e4he der Quelle, unter den Arkaden wurden welche angebracht. Ein Ex-voto bestellen 1. Senden Sie per Post oder Mail Ihren Text (bitte beschr\u00e4nken Sie sich auf 5 Worte. Hinzu kommt das Datum oder das Jahr, sowie Ihr Name oder Ihre Initialen). 2. \u00fcberweisen Sie 40 \u20ac pro Ex-Voto auf das Konto IBAN: BE15 0000 0462 0230 BIC: [&hellip;]","og_url":"https:\/\/banneux-nd.be\/de\/ein-ex-voto-tafelchen-anbringen-lassen\/","og_site_name":"Banneux Notre-Dame","article_publisher":"https:\/\/www.facebook.com\/NDBanneux\/","article_modified_time":"2023-05-25T17:04:15+00:00","og_image":[{"url":"https:\/\/banneux-nd.be\/wp-content\/uploads\/2021\/Je-paie-en-ligne-De.gif","type":"","width":"","height":""}],"twitter_card":"summary_large_image","twitter_misc":{"Gesch\u00e4tzte Lesezeit":"2\u00a0Minuten"},"schema":{"@context":"https:\/\/schema.org","@graph":[{"@type":"WebPage","@id":"https:\/\/banneux-nd.be\/de\/ein-ex-voto-tafelchen-anbringen-lassen\/","url":"https:\/\/banneux-nd.be\/de\/ein-ex-voto-tafelchen-anbringen-lassen\/","name":"Ein Ex-voto-T\u00e4felchen anbringen lassen - Banneux Notre-Dame","isPartOf":{"@id":"https:\/\/banneux-nd.be\/de\/#website"},"primaryImageOfPage":{"@id":"https:\/\/banneux-nd.be\/de\/ein-ex-voto-tafelchen-anbringen-lassen\/#primaryimage"},"image":{"@id":"https:\/\/banneux-nd.be\/de\/ein-ex-voto-tafelchen-anbringen-lassen\/#primaryimage"},"thumbnailUrl":"https:\/\/banneux-nd.be\/wp-content\/uploads\/2021\/Je-paie-en-ligne-De.gif","datePublished":"2018-04-29T12:17:23+00:00","dateModified":"2023-05-25T17:04:15+00:00","breadcrumb":{"@id":"https:\/\/banneux-nd.be\/de\/ein-ex-voto-tafelchen-anbringen-lassen\/#breadcrumb"},"inLanguage":"de","potentialAction":[{"@type":"ReadAction","target":["https:\/\/banneux-nd.be\/de\/ein-ex-voto-tafelchen-anbringen-lassen\/"]}]},{"@type":"ImageObject","inLanguage":"de","@id":"https:\/\/banneux-nd.be\/de\/ein-ex-voto-tafelchen-anbringen-lassen\/#primaryimage","url":"https:\/\/banneux-nd.be\/wp-content\/uploads\/2021\/Je-paie-en-ligne-De.gif","contentUrl":"https:\/\/banneux-nd.be\/wp-content\/uploads\/2021\/Je-paie-en-ligne-De.gif"},{"@type":"BreadcrumbList","@id":"https:\/\/banneux-nd.be\/de\/ein-ex-voto-tafelchen-anbringen-lassen\/#breadcrumb","itemListElement":[{"@type":"ListItem","position":1,"name":"Accueil","item":"https:\/\/banneux-nd.be\/de\/"},{"@type":"ListItem","position":2,"name":"Ein Ex-voto-T\u00e4felchen anbringen lassen"}]},{"@type":"WebSite","@id":"https:\/\/banneux-nd.be\/de\/#website","url":"https:\/\/banneux-nd.be\/de\/","name":"Banneux Notre-Dame","description":"Sanctuaire de la Vierge des Pauvres (Belgique)","potentialAction":[{"@type":"SearchAction","target":{"@type":"EntryPoint","urlTemplate":"https:\/\/banneux-nd.be\/de\/?s={search_term_string}"},"query-input":{"@type":"PropertyValueSpecification","valueRequired":true,"valueName":"search_term_string"}}],"inLanguage":"de"}]}},"coauthors":[],"author_meta":{"author_link":"https:\/\/banneux-nd.be\/de\/author\/adminfr\/","display_name":"adminFR"},"relative_dates":{"created":"Ver\u00f6ffentlicht 8\u00a0Jahren vor","modified":"Aktualisiert 3\u00a0Jahren vor"},"absolute_dates":{"created":"Ver\u00f6ffentlicht am 29. April 2018","modified":"Aktualisiert am 25. Mai 2023"},"absolute_dates_time":{"created":"Ver\u00f6ffentlicht am 29. April 2018 14:17","modified":"Aktualisiert am 25. Mai 2023 19:04"},"featured_img_caption":"","featured_img":false,"series_order":"","jetpack_sharing_enabled":true,"_links":{"self":[{"href":"https:\/\/banneux-nd.be\/de\/wp-json\/wp\/v2\/pages\/7258","targetHints":{"allow":["GET"]}}],"collection":[{"href":"https:\/\/banneux-nd.be\/de\/wp-json\/wp\/v2\/pages"}],"about":[{"href":"https:\/\/banneux-nd.be\/de\/wp-json\/wp\/v2\/types\/page"}],"author":[{"embeddable":true,"href":"https:\/\/banneux-nd.be\/de\/wp-json\/wp\/v2\/users\/2"}],"replies":[{"embeddable":true,"href":"https:\/\/banneux-nd.be\/de\/wp-json\/wp\/v2\/comments?post=7258"}],"version-history":[{"count":4,"href":"https:\/\/banneux-nd.be\/de\/wp-json\/wp\/v2\/pages\/7258\/revisions"}],"predecessor-version":[{"id":17565,"href":"https:\/\/banneux-nd.be\/de\/wp-json\/wp\/v2\/pages\/7258\/revisions\/17565"}],"wp:attachment":[{"href":"https:\/\/banneux-nd.be\/de\/wp-json\/wp\/v2\/media?parent=7258"}],"curies":[{"name":"wp","href":"https:\/\/api.w.org\/{rel}","templated":true}]}}