{"id":7811,"date":"2018-05-11T18:11:46","date_gmt":"2018-05-11T16:11:46","guid":{"rendered":"http:\/\/wwwwp2.banneux-nd.be\/banneux-und-seine-netze\/"},"modified":"2018-07-05T13:03:46","modified_gmt":"2018-07-05T11:03:46","slug":"banneux-und-seine-netze","status":"publish","type":"page","link":"https:\/\/banneux-nd.be\/de\/banneux-und-seine-netze\/","title":{"rendered":"Banneux und seine Netzwerke"},"content":{"rendered":"<p style=\"text-align: justify;\"><strong>Seit den Erscheinungen ist das Heiligtum Banneux in verschiedenen belgischen und europ\u00e4ischen marianischen Vereinigungen vertreten. So sind wir unter anderem aktives Mitglied des europ\u00e4ischen marianischen Netzwerks, der <em>Arbeitsgemeinschaft der Wallfahrtsrektoren im deutschsprachigen Raum<\/em>\u00a0(WRK), dessen belgischem Pendant ARS und der <em>Arbeitsgemeinschaft der Pilgerstellen im deutschsprachigen Raum<\/em>\u00a0(AGDP).<\/strong><\/p>\n<hr \/>\n<ol>\n<li style=\"text-align: justify;\"><strong>Die Internationale Gebetsvereinigung\u00a0 <\/strong><\/li>\n<\/ol>\n<p>Fast bei allen Marienerscheinungen fordert die Gottesmutter zu eifrigem Gebet auf. Dies tut sie gleich dreimal in Banneux.<\/p>\n<p style=\"text-align: justify;\">Die Gr\u00fcndung der Internationalen Gebetsvereinigung (IGV) durch Kaplan Louis Jamin und eine Laiengruppe wurde von Msgr. Kerkhofs am 24. September 1934 gutgehei\u00dfen. Einige bemerkten dazu: <em>Ist es nicht ein wenig \u00fcbertrieben, diese Vereinigung kaum ein Jahr nach den Erscheinungen schon als \u201einternational\u201c zu bezeichnen?<\/em> Darauf antwortete Kaplan Jamin: <em>Kommen Sie und sehen Sie sich all die Briefe an, die ich von \u00fcberall her erhalte! <\/em>Diese Antwort lie\u00df keinen Zweifel mehr zu.<\/p>\n<p style=\"text-align: justify;\">Die IGV besteht noch heute. Ihre Mitglieder verpflichten sich, jeden Tag das Gebet der Jungfrau der Armen, die Anrufungen und ein Ges\u00e4tz des Rosenkranzes zu beten. In erster Linie bitten sie f\u00fcr die Weltkirche, die eigene Di\u00f6zese, die Berufungen und die Heiligkeit der Priester.<\/p>\n<p style=\"text-align: justify;\">Sie sind mit den anderen Mitgliedern der IGV verbunden, mit allen Pilgern in Banneux und mit unz\u00e4hligen marianischen Gebetsgruppen.<\/p>\n<hr \/>\n<h4>2. Europ\u00e4isches marianisches Netzwerk<\/h4>\n<ol>\n<li><strong>Alt\u00f6tting (Germany) \u2013 Our Lady of Grace\u00a0<\/strong><a href=\"http:\/\/www.altoetting-wallfahrt.de\/\" target=\"_blank\" rel=\"noopener\">www.altoetting-wallfahrt.de<\/a><\/li>\n<li><strong>Banneux (Belgium) \u2013 The Virgin of the poor\u00a0<\/strong><a href=\"http:\/\/www.banneux-nd.be\/\" target=\"_blank\" rel=\"noopener\">www.banneux-nd.be<\/a><\/li>\n<li><strong>Brezje (Slovenia) \u2013 Mary Help of Christians<\/strong>\u00a0<a href=\"http:\/\/www.marija.si\/\" target=\"_blank\" rel=\"noopener\">www.marija.si<\/a><\/li>\n<li><strong>Cs\u00edksomly\u00f3 (Romania) \u2013 Our Lady of Cs\u00edksomly\u00f3\u00a0<\/strong><a href=\"http:\/\/www.csiksomlyo.ro\/\" target=\"_blank\" rel=\"noopener\">www.csiksomlyo.ro<\/a><\/li>\n<li><strong>Czestochowa (Poland) \u2013 Our Lady, Queen of Poland<\/strong>\u00a0<a href=\"http:\/\/www.jasnagora.pl\/\" target=\"_blank\" rel=\"noopener\">www.jasnagora.pl<\/a><\/li>\n<li><strong>Einsiedeln (Swiss) \u2013 Our Lady of the hermits\u00a0<\/strong><a href=\"http:\/\/www.kloster-einsiedeln.ch\/\" target=\"_blank\" rel=\"noopener\">www.kloster-einsiedeln.ch\u00a0<\/a><\/li>\n<li><strong>Fatima (Portugal) \u2013 Queen of the peace in the world<\/strong>\u00a0<a href=\"http:\/\/www.fatima.pt\/\" target=\"_blank\" rel=\"noopener\">www.fatima.pt<\/a><\/li>\n<li><strong>Gibraltar \u2013 Our Lady of Europa<\/strong>\u00a0<a href=\"http:\/\/www.ourladyofeurope.net\/\" target=\"_blank\" rel=\"noopener\">www.ourladyofeurope.net<\/a><\/li>\n<li><strong>\u00a0Knock (Ireland) \u2013 Our Lady, Queen of Ireland\u00a0<\/strong><a href=\"http:\/\/www.knock-shrine.ie\/\" target=\"_blank\" rel=\"noopener\">www.knock-shrine.ie<\/a><\/li>\n<li><strong>Levoca (Slovakia) \u2013 Our Lady of the Visitation\u00a0<\/strong><a href=\"http:\/\/www.levoca.sk\/\" target=\"_blank\" rel=\"noopener\">www.levoca.sk<\/a><\/li>\n<li><strong>Loreto (Italia) \u2013 The \u00ab Santa Casa \u00bb\u00a0<\/strong><a href=\"http:\/\/www.santuarioloreto.it\/\" target=\"_blank\" rel=\"noopener\">www.santuarioloreto.it<\/a><\/li>\n<li><strong>Lourdes (France) \u2013 The Immaculate Conception\u00a0<\/strong><a href=\"http:\/\/fr.lourdes-france.org\/\">www.lourdes-france.org<\/a><\/li>\n<li><strong>M\u00e1riap\u00f3cs (Hungary) \u2013 Our Lady of M\u00e1riap\u00f3cs\u00a0<\/strong><a href=\"http:\/\/www.bucsujaras.hu\/mariapocs\" target=\"_blank\" rel=\"noopener\">www.bucsujaras.hu\/mariapocs<\/a><\/li>\n<li><strong>Mariazell (Austria) \u2013 The Big Mother of Austria<\/strong>\u00a0<a href=\"http:\/\/www.basilika-mariazell.at\/\" target=\"_blank\" rel=\"noopener\">www.basilika-mariazell.at<\/a><\/li>\n<li><strong>Marija Bistrica (Croatia) \u2013 Mary of snow\u00a0<\/strong><a href=\"http:\/\/www.info-marija-bistrica.hr\/\" target=\"_blank\" rel=\"noopener\">www.marija-bistrica.hr<\/a><\/li>\n<li><strong>Malta \u2013 Our Lady of Mellieha\u00a0<\/strong><a href=\"http:\/\/www.mellieha.com\/\" target=\"_blank\" rel=\"noopener\">www.mellieha.com<\/a><\/li>\n<li><strong>Vilnius (Lithuania) \u2013 Our Lady of the Gate of Dawn\u00a0<\/strong><a href=\"http:\/\/www.ausrosvartai.lt\/\" target=\"_blank\" rel=\"noopener\">www.ausrosvartai.lt<\/a><\/li>\n<li><strong>Walsingham (England) \u2013 The Holy House of Annunciation\u00a0<\/strong><a href=\"http:\/\/www.walsingham.org.uk\/\" target=\"_blank\" rel=\"noopener\">www.walsingham.org.uk<\/a><\/li>\n<li><strong>Zaragoza (Spain) \u2013 Our Lady of Pilar\u00a0<\/strong><a href=\"http:\/\/www.arzobispadodezaragoza.org\/\" target=\"_blank\" rel=\"noopener\">www.basilicadelpilar.es<\/a><\/li>\n<li><strong>Zarvanyzia (Ukraine) \u2013 The Mother of God in Zarvanyzia<\/strong><\/li>\n<li><strong>M\u00e1travereb\u00e9ly (Hungary) \u2013 Our Lady of M\u00e1travereb\u00e9ly\u00a0<\/strong><a href=\"http:\/\/www.matraverebely-szentkut.lap.hu\/\" target=\"_blank\" rel=\"noopener\">www.matraverebely-szentkut.lap.hu<\/a><\/li>\n<\/ol>\n<hr \/>\n<p style=\"text-align: justify;\"><strong>3. Marianische Vereinigungen<\/strong><\/p>\n<p style=\"text-align: justify;\">Wallfahrten und Pilgerst\u00e4tten sind heutzutage von gro\u00dfer Bedeutung: Sie bieten Ruhepausen an, Oasen in der geistigen W\u00fcste einer konsumverhafteten Welt. Eine Wallfahrt f\u00fchrt die Gruppe an Orte, die auf die eine oder andere Weise an den christlichen Glauben oder an die Geschichte der Kirche erinnern.<\/p>\n<p style=\"text-align: justify;\">Jeder Wallfahrtsort hat seine jeweils eigene Gnade. Durch seine Kontakte zu verschiedenen marianischen Vereinigungen hat das Heiligtum von Banneux seit vielen Jahren an dieser Gnade der geistigen Verbundenheit teil. Die Vereinigungen bieten mit ihren Tagungen und Kongressen die M\u00f6glichkeit zum Gespr\u00e4ch, zum Erfahrungsaustausch und zum gemeinsamen Gebet.<\/p>\n<p style=\"text-align: justify;\">Alle Marienwallfahrtsorte haben eines gemein: Maria f\u00fchrt uns zu Christus. Maria l\u00e4dt jeden und jede ein, auf Wallfahrt zu gehen. Sie leitet die Schritte aller, die sich auf den Weg machen. In den Wallfahrtsorten wartet der Herr auf Menschen aller Nationen.<\/p>\n<p style=\"text-align: justify;\">Wenn auch von Menschenhand erschaffen, so sind doch alle Wallfahrtsorte Zeichen der g\u00f6ttlichen Gegenwart, die jeweils einen wesentlichen Aspekt des Evangeliums unterstreichen und ein bestimmtes Wort Gottes n\u00e4her beleuchten.<\/p>\n<p style=\"text-align: justify;\"><em>Du bist der Weg, die Wahrheit und das Leben. Niemand kommt zum Vater au\u00dfer durch dich<\/em>.<\/p>\n","protected":false},"excerpt":{"rendered":"<p>Seit den Erscheinungen ist das Heiligtum Banneux in verschiedenen belgischen und europ\u00e4ischen marianischen Vereinigungen vertreten. So sind wir unter anderem aktives Mitglied des europ\u00e4ischen marianischen Netzwerks, der Arbeitsgemeinschaft der Wallfahrtsrektoren im deutschsprachigen Raum\u00a0(WRK), dessen belgischem Pendant ARS und der Arbeitsgemeinschaft der Pilgerstellen im deutschsprachigen Raum\u00a0(AGDP). Die Internationale Gebetsvereinigung\u00a0 Fast bei allen Marienerscheinungen fordert die Gottesmutter zu eifrigem Gebet auf. Dies tut sie gleich dreimal in Banneux. Die Gr\u00fcndung der Internationalen Gebetsvereinigung (IGV) durch Kaplan Louis Jamin und eine Laiengruppe wurde von Msgr. Kerkhofs am 24. September 1934 gutgehei\u00dfen. Einige bemerkten dazu: Ist es nicht ein wenig \u00fcbertrieben, diese Vereinigung kaum ein Jahr nach den Erscheinungen schon als \u201einternational\u201c zu bezeichnen? Darauf antwortete Kaplan Jamin: Kommen Sie und sehen Sie sich [&hellip;]<\/p>\n","protected":false},"author":4,"featured_media":0,"parent":0,"menu_order":0,"comment_status":"closed","ping_status":"closed","template":"","meta":{"advgb_blocks_editor_width":"","advgb_blocks_columns_visual_guide":"","jetpack_post_was_ever_published":false,"footnotes":""},"class_list":["post-7811","page","type-page","status-publish","hentry"],"yoast_head":"<!-- This site is optimized with the Yoast SEO plugin v27.4 - https:\/\/yoast.com\/product\/yoast-seo-wordpress\/ -->\n<title>Banneux und seine Netzwerke - Banneux Notre-Dame<\/title>\n<meta name=\"robots\" content=\"index, follow, max-snippet:-1, max-image-preview:large, max-video-preview:-1\" \/>\n<link rel=\"canonical\" href=\"https:\/\/banneux-nd.be\/de\/banneux-und-seine-netze\/\" \/>\n<meta property=\"og:locale\" content=\"de_DE\" \/>\n<meta property=\"og:type\" content=\"article\" \/>\n<meta property=\"og:title\" content=\"Banneux und seine Netzwerke - Banneux Notre-Dame\" \/>\n<meta property=\"og:description\" content=\"Seit den Erscheinungen ist das Heiligtum Banneux in verschiedenen belgischen und europ\u00e4ischen marianischen Vereinigungen vertreten. So sind wir unter anderem aktives Mitglied des europ\u00e4ischen marianischen Netzwerks, der Arbeitsgemeinschaft der Wallfahrtsrektoren im deutschsprachigen Raum\u00a0(WRK), dessen belgischem Pendant ARS und der Arbeitsgemeinschaft der Pilgerstellen im deutschsprachigen Raum\u00a0(AGDP). Die Internationale Gebetsvereinigung\u00a0 Fast bei allen Marienerscheinungen fordert die Gottesmutter zu eifrigem Gebet auf. Dies tut sie gleich dreimal in Banneux. Die Gr\u00fcndung der Internationalen Gebetsvereinigung (IGV) durch Kaplan Louis Jamin und eine Laiengruppe wurde von Msgr. Kerkhofs am 24. September 1934 gutgehei\u00dfen. Einige bemerkten dazu: Ist es nicht ein wenig \u00fcbertrieben, diese Vereinigung kaum ein Jahr nach den Erscheinungen schon als \u201einternational\u201c zu bezeichnen? Darauf antwortete Kaplan Jamin: Kommen Sie und sehen Sie sich [&hellip;]\" \/>\n<meta property=\"og:url\" content=\"https:\/\/banneux-nd.be\/de\/banneux-und-seine-netze\/\" \/>\n<meta property=\"og:site_name\" content=\"Banneux Notre-Dame\" \/>\n<meta property=\"article:publisher\" content=\"https:\/\/www.facebook.com\/NDBanneux\/\" \/>\n<meta property=\"article:modified_time\" content=\"2018-07-05T11:03:46+00:00\" \/>\n<meta name=\"twitter:card\" content=\"summary_large_image\" \/>\n<meta name=\"twitter:label1\" content=\"Gesch\u00e4tzte Lesezeit\" \/>\n\t<meta name=\"twitter:data1\" content=\"3\u00a0Minuten\" \/>\n<script type=\"application\/ld+json\" class=\"yoast-schema-graph\">{\"@context\":\"https:\\\/\\\/schema.org\",\"@graph\":[{\"@type\":\"WebPage\",\"@id\":\"https:\\\/\\\/banneux-nd.be\\\/de\\\/banneux-und-seine-netze\\\/\",\"url\":\"https:\\\/\\\/banneux-nd.be\\\/de\\\/banneux-und-seine-netze\\\/\",\"name\":\"Banneux und seine Netzwerke - Banneux Notre-Dame\",\"isPartOf\":{\"@id\":\"https:\\\/\\\/banneux-nd.be\\\/de\\\/#website\"},\"datePublished\":\"2018-05-11T16:11:46+00:00\",\"dateModified\":\"2018-07-05T11:03:46+00:00\",\"breadcrumb\":{\"@id\":\"https:\\\/\\\/banneux-nd.be\\\/de\\\/banneux-und-seine-netze\\\/#breadcrumb\"},\"inLanguage\":\"de\",\"potentialAction\":[{\"@type\":\"ReadAction\",\"target\":[\"https:\\\/\\\/banneux-nd.be\\\/de\\\/banneux-und-seine-netze\\\/\"]}]},{\"@type\":\"BreadcrumbList\",\"@id\":\"https:\\\/\\\/banneux-nd.be\\\/de\\\/banneux-und-seine-netze\\\/#breadcrumb\",\"itemListElement\":[{\"@type\":\"ListItem\",\"position\":1,\"name\":\"Accueil\",\"item\":\"https:\\\/\\\/banneux-nd.be\\\/de\\\/\"},{\"@type\":\"ListItem\",\"position\":2,\"name\":\"Banneux und seine Netzwerke\"}]},{\"@type\":\"WebSite\",\"@id\":\"https:\\\/\\\/banneux-nd.be\\\/de\\\/#website\",\"url\":\"https:\\\/\\\/banneux-nd.be\\\/de\\\/\",\"name\":\"Banneux Notre-Dame\",\"description\":\"Sanctuaire de la Vierge des Pauvres (Belgique)\",\"potentialAction\":[{\"@type\":\"SearchAction\",\"target\":{\"@type\":\"EntryPoint\",\"urlTemplate\":\"https:\\\/\\\/banneux-nd.be\\\/de\\\/?s={search_term_string}\"},\"query-input\":{\"@type\":\"PropertyValueSpecification\",\"valueRequired\":true,\"valueName\":\"search_term_string\"}}],\"inLanguage\":\"de\"}]}<\/script>\n<!-- \/ Yoast SEO plugin. -->","yoast_head_json":{"title":"Banneux und seine Netzwerke - Banneux Notre-Dame","robots":{"index":"index","follow":"follow","max-snippet":"max-snippet:-1","max-image-preview":"max-image-preview:large","max-video-preview":"max-video-preview:-1"},"canonical":"https:\/\/banneux-nd.be\/de\/banneux-und-seine-netze\/","og_locale":"de_DE","og_type":"article","og_title":"Banneux und seine Netzwerke - Banneux Notre-Dame","og_description":"Seit den Erscheinungen ist das Heiligtum Banneux in verschiedenen belgischen und europ\u00e4ischen marianischen Vereinigungen vertreten. So sind wir unter anderem aktives Mitglied des europ\u00e4ischen marianischen Netzwerks, der Arbeitsgemeinschaft der Wallfahrtsrektoren im deutschsprachigen Raum\u00a0(WRK), dessen belgischem Pendant ARS und der Arbeitsgemeinschaft der Pilgerstellen im deutschsprachigen Raum\u00a0(AGDP). Die Internationale Gebetsvereinigung\u00a0 Fast bei allen Marienerscheinungen fordert die Gottesmutter zu eifrigem Gebet auf. Dies tut sie gleich dreimal in Banneux. Die Gr\u00fcndung der Internationalen Gebetsvereinigung (IGV) durch Kaplan Louis Jamin und eine Laiengruppe wurde von Msgr. Kerkhofs am 24. September 1934 gutgehei\u00dfen. Einige bemerkten dazu: Ist es nicht ein wenig \u00fcbertrieben, diese Vereinigung kaum ein Jahr nach den Erscheinungen schon als \u201einternational\u201c zu bezeichnen? Darauf antwortete Kaplan Jamin: Kommen Sie und sehen Sie sich [&hellip;]","og_url":"https:\/\/banneux-nd.be\/de\/banneux-und-seine-netze\/","og_site_name":"Banneux Notre-Dame","article_publisher":"https:\/\/www.facebook.com\/NDBanneux\/","article_modified_time":"2018-07-05T11:03:46+00:00","twitter_card":"summary_large_image","twitter_misc":{"Gesch\u00e4tzte Lesezeit":"3\u00a0Minuten"},"schema":{"@context":"https:\/\/schema.org","@graph":[{"@type":"WebPage","@id":"https:\/\/banneux-nd.be\/de\/banneux-und-seine-netze\/","url":"https:\/\/banneux-nd.be\/de\/banneux-und-seine-netze\/","name":"Banneux und seine Netzwerke - Banneux Notre-Dame","isPartOf":{"@id":"https:\/\/banneux-nd.be\/de\/#website"},"datePublished":"2018-05-11T16:11:46+00:00","dateModified":"2018-07-05T11:03:46+00:00","breadcrumb":{"@id":"https:\/\/banneux-nd.be\/de\/banneux-und-seine-netze\/#breadcrumb"},"inLanguage":"de","potentialAction":[{"@type":"ReadAction","target":["https:\/\/banneux-nd.be\/de\/banneux-und-seine-netze\/"]}]},{"@type":"BreadcrumbList","@id":"https:\/\/banneux-nd.be\/de\/banneux-und-seine-netze\/#breadcrumb","itemListElement":[{"@type":"ListItem","position":1,"name":"Accueil","item":"https:\/\/banneux-nd.be\/de\/"},{"@type":"ListItem","position":2,"name":"Banneux und seine Netzwerke"}]},{"@type":"WebSite","@id":"https:\/\/banneux-nd.be\/de\/#website","url":"https:\/\/banneux-nd.be\/de\/","name":"Banneux Notre-Dame","description":"Sanctuaire de la Vierge des Pauvres (Belgique)","potentialAction":[{"@type":"SearchAction","target":{"@type":"EntryPoint","urlTemplate":"https:\/\/banneux-nd.be\/de\/?s={search_term_string}"},"query-input":{"@type":"PropertyValueSpecification","valueRequired":true,"valueName":"search_term_string"}}],"inLanguage":"de"}]}},"coauthors":[],"author_meta":{"author_link":"https:\/\/banneux-nd.be\/de\/author\/dreusdeille\/","display_name":"Anne-Elisabeth N\u00e8ve"},"relative_dates":{"created":"Ver\u00f6ffentlicht 8\u00a0Jahren vor","modified":"Aktualisiert 8\u00a0Jahren vor"},"absolute_dates":{"created":"Ver\u00f6ffentlicht am 11. Mai 2018","modified":"Aktualisiert am 5. Juli 2018"},"absolute_dates_time":{"created":"Ver\u00f6ffentlicht am 11. Mai 2018 18:11","modified":"Aktualisiert am 5. Juli 2018 13:03"},"featured_img_caption":"","featured_img":false,"series_order":"","jetpack_sharing_enabled":true,"_links":{"self":[{"href":"https:\/\/banneux-nd.be\/de\/wp-json\/wp\/v2\/pages\/7811","targetHints":{"allow":["GET"]}}],"collection":[{"href":"https:\/\/banneux-nd.be\/de\/wp-json\/wp\/v2\/pages"}],"about":[{"href":"https:\/\/banneux-nd.be\/de\/wp-json\/wp\/v2\/types\/page"}],"author":[{"embeddable":true,"href":"https:\/\/banneux-nd.be\/de\/wp-json\/wp\/v2\/users\/4"}],"replies":[{"embeddable":true,"href":"https:\/\/banneux-nd.be\/de\/wp-json\/wp\/v2\/comments?post=7811"}],"version-history":[{"count":2,"href":"https:\/\/banneux-nd.be\/de\/wp-json\/wp\/v2\/pages\/7811\/revisions"}],"predecessor-version":[{"id":8978,"href":"https:\/\/banneux-nd.be\/de\/wp-json\/wp\/v2\/pages\/7811\/revisions\/8978"}],"wp:attachment":[{"href":"https:\/\/banneux-nd.be\/de\/wp-json\/wp\/v2\/media?parent=7811"}],"curies":[{"name":"wp","href":"https:\/\/api.w.org\/{rel}","templated":true}]}}