{"id":9012,"date":"2018-07-19T12:28:09","date_gmt":"2018-07-19T10:28:09","guid":{"rendered":"http:\/\/www.banneux-nd.be\/?page_id=9012"},"modified":"2018-07-19T12:33:03","modified_gmt":"2018-07-19T10:33:03","slug":"qui-etes-vous-belle-dame","status":"publish","type":"page","link":"https:\/\/banneux-nd.be\/de\/qui-etes-vous-belle-dame\/","title":{"rendered":"\u00ab Qui \u00eates-vous, belle Dame ? \u00bb"},"content":{"rendered":"<p><img fetchpriority=\"high\" decoding=\"async\" class=\"aligncenter wp-image-9014 size-full\" src=\"https:\/\/banneux-nd.be\/wp-content\/uploads\/2018\/07\/mariette-beco.jpg\" alt=\"\" width=\"567\" height=\"378\" srcset=\"https:\/\/banneux-nd.be\/wp-content\/uploads\/2018\/07\/mariette-beco.jpg 567w, https:\/\/banneux-nd.be\/wp-content\/uploads\/2018\/07\/mariette-beco-300x200.jpg 300w\" sizes=\"(max-width: 567px) 100vw, 567px\" \/><\/p>\n<h3 style=\"text-align: center;\">Entretien avec Fabian Delarbre,\u00a0c\u00e9r\u00e9moniaire du sanctuaire<br \/>\nde Notre-Dame-des-Pauvres,\u00a0paru sur le site <em><a href=\"http:\/\/fr.aleteia.org\/2016\/10\/29\/qui-etes-vous-belle-dame-je-suis-la-vierge-des-pauvres\/\" target=\"_blank\" rel=\"noopener\">Aleteia<\/a><\/em><\/h3>\n<p style=\"text-align: justify;\">En 1933, la Vierge Marie est apparue \u00e0 plusieurs reprises \u00e0 une petite fille du village belge de Banneux. <strong>Fabian Delarbre<\/strong>, c\u00e9r\u00e9moniaire du sanctuaire de Notre-Dame-des-Pauvres, qui accueille pr\u00e8s de 400 000 personnes par an, r\u00e9pond aux questions d\u2019<em>Aleteia<\/em>.<\/p>\n<p style=\"text-align: justify;\"><strong><em>Aleteia<\/em> : Pouvez-vous nous rappeler le d\u00e9roulement des apparitions de la Sainte-Vierge \u00e0 Banneux ?<\/strong><\/p>\n<p style=\"text-align: justify;\">Fabian Delarbre : Le soir du\u00a0dimanche 15 janvier 1933, Notre-Dame appara\u00eet pour la premi\u00e8re fois dans le jardin de la famille Beco. Elle appelle Mariette par un signe de la main, mais la maman de Mariette l\u2019emp\u00eache de sortir.\u00a0Le\u00a0mercredi 18 janvier\u00a0\u00e0 19 heures, Mariette est dans le jardin et prie \u00e0 genoux. Tout \u00e0 coup, elle quitte le jardin et s\u2019engage sur la route o\u00f9 l\u2019appelle la Dame. \u00c0 deux reprises sur le chemin, elle tombe \u00e0 genoux. La troisi\u00e8me fois, elle se met \u00e0 genoux pr\u00e8s du foss\u00e9, devant une \u00ab\u00a0flaque\u00a0\u00bb d\u2019eau provenant d\u2019une source. La Dame lui dit : <em>Poussez vos mains dans l\u2019eau<\/em>. Mariette le fait et r\u00e9p\u00e8te ce que la Dame lui dit : <em>Cette source est r\u00e9serv\u00e9e pour moi. Bonsoir, au revoir<\/em>.<\/p>\n<h4 style=\"text-align: justify;\"><a href=\"http:\/\/fr.aleteia.org\/2016\/10\/29\/qui-etes-vous-belle-dame-je-suis-la-vierge-des-pauvres\/\" target=\"_blank\" rel=\"noopener\">Lire la suite de l&#8217;article sur <em>Aleteia<\/em><\/a><\/h4>\n<p style=\"text-align: justify;\">Merci \u00e0 <em>Aleteia<\/em> pour sa diffusion du message de la Vierge des Pauvres !<\/p>\n<p>Article paru le 29 octobre 2016<\/p>\n","protected":false},"excerpt":{"rendered":"<p>Entretien avec Fabian Delarbre,\u00a0c\u00e9r\u00e9moniaire du sanctuaire de Notre-Dame-des-Pauvres,\u00a0paru sur le site Aleteia En 1933, la Vierge Marie est apparue \u00e0 plusieurs reprises \u00e0 une petite fille du village belge de Banneux. Fabian Delarbre, c\u00e9r\u00e9moniaire du sanctuaire de Notre-Dame-des-Pauvres, qui accueille pr\u00e8s de 400 000 personnes par an, r\u00e9pond aux questions d\u2019Aleteia. Aleteia : Pouvez-vous nous rappeler le d\u00e9roulement des apparitions de la Sainte-Vierge \u00e0 Banneux ? Fabian Delarbre : Le soir du\u00a0dimanche 15 janvier 1933, Notre-Dame appara\u00eet pour la premi\u00e8re fois dans le jardin de la famille Beco. Elle appelle Mariette par un signe de la main, mais la maman de Mariette l\u2019emp\u00eache de sortir.\u00a0Le\u00a0mercredi 18 janvier\u00a0\u00e0 19 heures, Mariette est dans le jardin et prie \u00e0 genoux. Tout \u00e0 [&hellip;]<\/p>\n","protected":false},"author":4,"featured_media":0,"parent":0,"menu_order":0,"comment_status":"closed","ping_status":"closed","template":"","meta":{"advgb_blocks_editor_width":"","advgb_blocks_columns_visual_guide":"","jetpack_post_was_ever_published":false,"footnotes":""},"class_list":["post-9012","page","type-page","status-publish","hentry"],"yoast_head":"<!-- This site is optimized with the Yoast SEO plugin v27.3 - https:\/\/yoast.com\/product\/yoast-seo-wordpress\/ -->\n<title>\u00ab Qui \u00eates-vous, belle Dame ? \u00bb - Banneux Notre-Dame<\/title>\n<meta name=\"robots\" content=\"index, follow, max-snippet:-1, max-image-preview:large, max-video-preview:-1\" \/>\n<link rel=\"canonical\" href=\"https:\/\/banneux-nd.be\/de\/qui-etes-vous-belle-dame\/\" \/>\n<meta property=\"og:locale\" content=\"de_DE\" \/>\n<meta property=\"og:type\" content=\"article\" \/>\n<meta property=\"og:title\" content=\"\u00ab Qui \u00eates-vous, belle Dame ? \u00bb - Banneux Notre-Dame\" \/>\n<meta property=\"og:description\" content=\"Entretien avec Fabian Delarbre,\u00a0c\u00e9r\u00e9moniaire du sanctuaire de Notre-Dame-des-Pauvres,\u00a0paru sur le site Aleteia En 1933, la Vierge Marie est apparue \u00e0 plusieurs reprises \u00e0 une petite fille du village belge de Banneux. Fabian Delarbre, c\u00e9r\u00e9moniaire du sanctuaire de Notre-Dame-des-Pauvres, qui accueille pr\u00e8s de 400 000 personnes par an, r\u00e9pond aux questions d\u2019Aleteia. Aleteia : Pouvez-vous nous rappeler le d\u00e9roulement des apparitions de la Sainte-Vierge \u00e0 Banneux ? Fabian Delarbre : Le soir du\u00a0dimanche 15 janvier 1933, Notre-Dame appara\u00eet pour la premi\u00e8re fois dans le jardin de la famille Beco. Elle appelle Mariette par un signe de la main, mais la maman de Mariette l\u2019emp\u00eache de sortir.\u00a0Le\u00a0mercredi 18 janvier\u00a0\u00e0 19 heures, Mariette est dans le jardin et prie \u00e0 genoux. Tout \u00e0 [&hellip;]\" \/>\n<meta property=\"og:url\" content=\"https:\/\/banneux-nd.be\/de\/qui-etes-vous-belle-dame\/\" \/>\n<meta property=\"og:site_name\" content=\"Banneux Notre-Dame\" \/>\n<meta property=\"article:publisher\" content=\"https:\/\/www.facebook.com\/NDBanneux\/\" \/>\n<meta property=\"article:modified_time\" content=\"2018-07-19T10:33:03+00:00\" \/>\n<meta property=\"og:image\" content=\"https:\/\/banneux-nd.be\/wp-content\/uploads\/2018\/07\/mariette-beco.jpg\" \/>\n<meta name=\"twitter:card\" content=\"summary_large_image\" \/>\n<meta name=\"twitter:label1\" content=\"Gesch\u00e4tzte Lesezeit\" \/>\n\t<meta name=\"twitter:data1\" content=\"1\u00a0Minute\" \/>\n<script type=\"application\/ld+json\" class=\"yoast-schema-graph\">{\"@context\":\"https:\\\/\\\/schema.org\",\"@graph\":[{\"@type\":\"WebPage\",\"@id\":\"https:\\\/\\\/banneux-nd.be\\\/de\\\/qui-etes-vous-belle-dame\\\/\",\"url\":\"https:\\\/\\\/banneux-nd.be\\\/de\\\/qui-etes-vous-belle-dame\\\/\",\"name\":\"\u00ab Qui \u00eates-vous, belle Dame ? \u00bb - Banneux Notre-Dame\",\"isPartOf\":{\"@id\":\"https:\\\/\\\/banneux-nd.be\\\/de\\\/#website\"},\"primaryImageOfPage\":{\"@id\":\"https:\\\/\\\/banneux-nd.be\\\/de\\\/qui-etes-vous-belle-dame\\\/#primaryimage\"},\"image\":{\"@id\":\"https:\\\/\\\/banneux-nd.be\\\/de\\\/qui-etes-vous-belle-dame\\\/#primaryimage\"},\"thumbnailUrl\":\"https:\\\/\\\/banneux-nd.be\\\/wp-content\\\/uploads\\\/2018\\\/07\\\/mariette-beco.jpg\",\"datePublished\":\"2018-07-19T10:28:09+00:00\",\"dateModified\":\"2018-07-19T10:33:03+00:00\",\"breadcrumb\":{\"@id\":\"https:\\\/\\\/banneux-nd.be\\\/de\\\/qui-etes-vous-belle-dame\\\/#breadcrumb\"},\"inLanguage\":\"de\",\"potentialAction\":[{\"@type\":\"ReadAction\",\"target\":[\"https:\\\/\\\/banneux-nd.be\\\/de\\\/qui-etes-vous-belle-dame\\\/\"]}]},{\"@type\":\"ImageObject\",\"inLanguage\":\"de\",\"@id\":\"https:\\\/\\\/banneux-nd.be\\\/de\\\/qui-etes-vous-belle-dame\\\/#primaryimage\",\"url\":\"https:\\\/\\\/banneux-nd.be\\\/wp-content\\\/uploads\\\/2018\\\/07\\\/mariette-beco.jpg\",\"contentUrl\":\"https:\\\/\\\/banneux-nd.be\\\/wp-content\\\/uploads\\\/2018\\\/07\\\/mariette-beco.jpg\"},{\"@type\":\"BreadcrumbList\",\"@id\":\"https:\\\/\\\/banneux-nd.be\\\/de\\\/qui-etes-vous-belle-dame\\\/#breadcrumb\",\"itemListElement\":[{\"@type\":\"ListItem\",\"position\":1,\"name\":\"Accueil\",\"item\":\"https:\\\/\\\/banneux-nd.be\\\/de\\\/\"},{\"@type\":\"ListItem\",\"position\":2,\"name\":\"\u00ab Qui \u00eates-vous, belle Dame ? \u00bb\"}]},{\"@type\":\"WebSite\",\"@id\":\"https:\\\/\\\/banneux-nd.be\\\/de\\\/#website\",\"url\":\"https:\\\/\\\/banneux-nd.be\\\/de\\\/\",\"name\":\"Banneux Notre-Dame\",\"description\":\"Sanctuaire de la Vierge des Pauvres (Belgique)\",\"potentialAction\":[{\"@type\":\"SearchAction\",\"target\":{\"@type\":\"EntryPoint\",\"urlTemplate\":\"https:\\\/\\\/banneux-nd.be\\\/de\\\/?s={search_term_string}\"},\"query-input\":{\"@type\":\"PropertyValueSpecification\",\"valueRequired\":true,\"valueName\":\"search_term_string\"}}],\"inLanguage\":\"de\"}]}<\/script>\n<!-- \/ Yoast SEO plugin. -->","yoast_head_json":{"title":"\u00ab Qui \u00eates-vous, belle Dame ? \u00bb - Banneux Notre-Dame","robots":{"index":"index","follow":"follow","max-snippet":"max-snippet:-1","max-image-preview":"max-image-preview:large","max-video-preview":"max-video-preview:-1"},"canonical":"https:\/\/banneux-nd.be\/de\/qui-etes-vous-belle-dame\/","og_locale":"de_DE","og_type":"article","og_title":"\u00ab Qui \u00eates-vous, belle Dame ? \u00bb - Banneux Notre-Dame","og_description":"Entretien avec Fabian Delarbre,\u00a0c\u00e9r\u00e9moniaire du sanctuaire de Notre-Dame-des-Pauvres,\u00a0paru sur le site Aleteia En 1933, la Vierge Marie est apparue \u00e0 plusieurs reprises \u00e0 une petite fille du village belge de Banneux. Fabian Delarbre, c\u00e9r\u00e9moniaire du sanctuaire de Notre-Dame-des-Pauvres, qui accueille pr\u00e8s de 400 000 personnes par an, r\u00e9pond aux questions d\u2019Aleteia. Aleteia : Pouvez-vous nous rappeler le d\u00e9roulement des apparitions de la Sainte-Vierge \u00e0 Banneux ? Fabian Delarbre : Le soir du\u00a0dimanche 15 janvier 1933, Notre-Dame appara\u00eet pour la premi\u00e8re fois dans le jardin de la famille Beco. Elle appelle Mariette par un signe de la main, mais la maman de Mariette l\u2019emp\u00eache de sortir.\u00a0Le\u00a0mercredi 18 janvier\u00a0\u00e0 19 heures, Mariette est dans le jardin et prie \u00e0 genoux. Tout \u00e0 [&hellip;]","og_url":"https:\/\/banneux-nd.be\/de\/qui-etes-vous-belle-dame\/","og_site_name":"Banneux Notre-Dame","article_publisher":"https:\/\/www.facebook.com\/NDBanneux\/","article_modified_time":"2018-07-19T10:33:03+00:00","og_image":[{"url":"https:\/\/banneux-nd.be\/wp-content\/uploads\/2018\/07\/mariette-beco.jpg","type":"","width":"","height":""}],"twitter_card":"summary_large_image","twitter_misc":{"Gesch\u00e4tzte Lesezeit":"1\u00a0Minute"},"schema":{"@context":"https:\/\/schema.org","@graph":[{"@type":"WebPage","@id":"https:\/\/banneux-nd.be\/de\/qui-etes-vous-belle-dame\/","url":"https:\/\/banneux-nd.be\/de\/qui-etes-vous-belle-dame\/","name":"\u00ab Qui \u00eates-vous, belle Dame ? \u00bb - Banneux Notre-Dame","isPartOf":{"@id":"https:\/\/banneux-nd.be\/de\/#website"},"primaryImageOfPage":{"@id":"https:\/\/banneux-nd.be\/de\/qui-etes-vous-belle-dame\/#primaryimage"},"image":{"@id":"https:\/\/banneux-nd.be\/de\/qui-etes-vous-belle-dame\/#primaryimage"},"thumbnailUrl":"https:\/\/banneux-nd.be\/wp-content\/uploads\/2018\/07\/mariette-beco.jpg","datePublished":"2018-07-19T10:28:09+00:00","dateModified":"2018-07-19T10:33:03+00:00","breadcrumb":{"@id":"https:\/\/banneux-nd.be\/de\/qui-etes-vous-belle-dame\/#breadcrumb"},"inLanguage":"de","potentialAction":[{"@type":"ReadAction","target":["https:\/\/banneux-nd.be\/de\/qui-etes-vous-belle-dame\/"]}]},{"@type":"ImageObject","inLanguage":"de","@id":"https:\/\/banneux-nd.be\/de\/qui-etes-vous-belle-dame\/#primaryimage","url":"https:\/\/banneux-nd.be\/wp-content\/uploads\/2018\/07\/mariette-beco.jpg","contentUrl":"https:\/\/banneux-nd.be\/wp-content\/uploads\/2018\/07\/mariette-beco.jpg"},{"@type":"BreadcrumbList","@id":"https:\/\/banneux-nd.be\/de\/qui-etes-vous-belle-dame\/#breadcrumb","itemListElement":[{"@type":"ListItem","position":1,"name":"Accueil","item":"https:\/\/banneux-nd.be\/de\/"},{"@type":"ListItem","position":2,"name":"\u00ab Qui \u00eates-vous, belle Dame ? \u00bb"}]},{"@type":"WebSite","@id":"https:\/\/banneux-nd.be\/de\/#website","url":"https:\/\/banneux-nd.be\/de\/","name":"Banneux Notre-Dame","description":"Sanctuaire de la Vierge des Pauvres (Belgique)","potentialAction":[{"@type":"SearchAction","target":{"@type":"EntryPoint","urlTemplate":"https:\/\/banneux-nd.be\/de\/?s={search_term_string}"},"query-input":{"@type":"PropertyValueSpecification","valueRequired":true,"valueName":"search_term_string"}}],"inLanguage":"de"}]}},"coauthors":[],"author_meta":{"author_link":"https:\/\/banneux-nd.be\/de\/author\/dreusdeille\/","display_name":"Anne-Elisabeth N\u00e8ve"},"relative_dates":{"created":"Ver\u00f6ffentlicht 8\u00a0Jahren vor","modified":"Aktualisiert 8\u00a0Jahren vor"},"absolute_dates":{"created":"Ver\u00f6ffentlicht am 19. Juli 2018","modified":"Aktualisiert am 19. Juli 2018"},"absolute_dates_time":{"created":"Ver\u00f6ffentlicht am 19. Juli 2018 12:28","modified":"Aktualisiert am 19. Juli 2018 12:33"},"featured_img_caption":"","featured_img":false,"series_order":"","jetpack_sharing_enabled":true,"_links":{"self":[{"href":"https:\/\/banneux-nd.be\/de\/wp-json\/wp\/v2\/pages\/9012","targetHints":{"allow":["GET"]}}],"collection":[{"href":"https:\/\/banneux-nd.be\/de\/wp-json\/wp\/v2\/pages"}],"about":[{"href":"https:\/\/banneux-nd.be\/de\/wp-json\/wp\/v2\/types\/page"}],"author":[{"embeddable":true,"href":"https:\/\/banneux-nd.be\/de\/wp-json\/wp\/v2\/users\/4"}],"replies":[{"embeddable":true,"href":"https:\/\/banneux-nd.be\/de\/wp-json\/wp\/v2\/comments?post=9012"}],"version-history":[{"count":5,"href":"https:\/\/banneux-nd.be\/de\/wp-json\/wp\/v2\/pages\/9012\/revisions"}],"predecessor-version":[{"id":9025,"href":"https:\/\/banneux-nd.be\/de\/wp-json\/wp\/v2\/pages\/9012\/revisions\/9025"}],"wp:attachment":[{"href":"https:\/\/banneux-nd.be\/de\/wp-json\/wp\/v2\/media?parent=9012"}],"curies":[{"name":"wp","href":"https:\/\/api.w.org\/{rel}","templated":true}]}}