{"id":10823,"date":"2018-08-30T20:56:08","date_gmt":"2018-08-30T18:56:08","guid":{"rendered":"http:\/\/www.banneux-nd.be\/help-the-shrine\/"},"modified":"2023-05-25T19:07:53","modified_gmt":"2023-05-25T17:07:53","slug":"help-the-shrine","status":"publish","type":"page","link":"https:\/\/banneux-nd.be\/en\/help-the-shrine\/","title":{"rendered":"Help the Shrine"},"content":{"rendered":"<p style=\"text-align: justify;\">The Shrine of Banneux Notre-Dame survives only on gifts and on various <em>formules notari\u00e9es pr\u00e9vues par le l\u00e9gislateur<\/em> (an official Belgian category of donation).\u00a0The financial income is immediately used to cover maintenance costs, to welcome the sick, and to continuously improve accommodation conditions.<\/p>\n<ul>\n<li>If you would like to help us:\n<ul>\n<li>CBC IBAN: BE36 7326 5320 1081 (BIC: CREGBEBB) or<\/li>\n<li>ING IBAN: BE29 3480 6305 0064 (BIC: BBRUBEBB).<\/li>\n<\/ul>\n<\/li>\n<\/ul>\n<p>Both bank accounts are under the name \u201casbl Banneux, la Vierge des Pauvres\u201d.<\/p>\n<p><a href=\"https:\/\/banneux-nd.be\/en\/theme-2018\/en\/?p=12566&#038;p=12620&#038;page_id=14425\" target=\"_blank\" rel=\"noopener noreferrer\"><img fetchpriority=\"high\" decoding=\"async\" class=\"aligncenter\" src=\"https:\/\/banneux-nd.be\/wp-content\/uploads\/pictures\/Je-paie-en-ligne-En.gif\" alt=\"I pay online\" width=\"468\" height=\"176\" \/><\/a><\/p>\n<hr \/>\n<p><strong>To make a donation, the following methods are also possible: standing bank order, will bequest, or dual legacy.<\/strong><\/p>\n<ul>\n<li><strong>Donations<\/strong><\/li>\n<\/ul>\n<p style=\"text-align: justify;\">An <em>inter vivos<\/em> donation is a direct and informal transfer of any form of movable property.\u00a0A donation by \u2018notarized deed\u2019 must be drafted by a civil law notary, as indicated by its name. The taxes will be paid by the Banneux Notre-Dame, who is the beneficiary of the donation.<\/p>\n<ul style=\"text-align: justify;\">\n<li><strong>Wills and Bequests<\/strong><\/li>\n<\/ul>\n<p style=\"text-align: justify;\">Everyone can, within the limits indicated by law, decide how his property is to be distributed after his death. In the absence of a Will, your goods will go to your legal heirs. If you have no legal heirs, your goods will go to the State. By drawing up a Will, you can decide yourself what will happen to your legacy.\u00a0You can also make a particular bequest, a donation that is only valid after your death and can only be executed by a Will.<\/p>\n<ul>\n<li style=\"text-align: justify;\"><strong>Dual Legacy (<em>Legs en duo<\/em>)<\/strong><\/li>\n<\/ul>\n<p style=\"text-align: justify;\">What if you would like to donate a sum of money or goods to Banneux, but not your whole inheritance? Thanks to the technique of the Dual Legacy, you can leave an equal (or larger) share to your family and still participate in caring for the sick.\u00a0The legal foundations of the Dual legacy originated in Article 64 Paragraph 2 of the Belgian Code of Inheritance Law. It is stipulated there that person X (for example your niece Mathilde) will receive a legacy totally free of taxes, as long as person Y (for example Banneux) pays the inheritance taxes of person X.<\/p>\n<p style=\"text-align: center;\"><strong>For additional information, please contact your notary or the Shrine.<\/strong><\/p>\n","protected":false},"excerpt":{"rendered":"<p>The Shrine of Banneux Notre-Dame survives only on gifts and on various formules notari\u00e9es pr\u00e9vues par le l\u00e9gislateur (an official Belgian category of donation).\u00a0The financial income is immediately used to cover maintenance costs, to welcome the sick, and to continuously improve accommodation conditions. If you would like to help us: CBC IBAN: BE36 7326 5320 1081 (BIC: CREGBEBB) or ING IBAN: BE29 3480 6305 0064 (BIC: BBRUBEBB). Both bank accounts are under the name \u201casbl Banneux, la Vierge des Pauvres\u201d. To make a donation, the following methods are also possible: standing bank order, will bequest, or dual legacy. Donations An inter vivos donation is a direct and informal transfer of any form of movable property.\u00a0A donation by \u2018notarized deed\u2019 must [&hellip;]<\/p>\n","protected":false},"author":2,"featured_media":0,"parent":0,"menu_order":0,"comment_status":"closed","ping_status":"closed","template":"","meta":{"advgb_blocks_editor_width":"","advgb_blocks_columns_visual_guide":"","jetpack_post_was_ever_published":false,"footnotes":""},"class_list":["post-10823","page","type-page","status-publish","hentry"],"yoast_head":"<!-- This site is optimized with the Yoast SEO plugin v27.4 - https:\/\/yoast.com\/product\/yoast-seo-wordpress\/ -->\n<title>Help the Shrine - Banneux Notre-Dame<\/title>\n<meta name=\"robots\" content=\"index, follow, max-snippet:-1, max-image-preview:large, max-video-preview:-1\" \/>\n<link rel=\"canonical\" href=\"https:\/\/banneux-nd.be\/en\/help-the-shrine\/\" \/>\n<meta property=\"og:locale\" content=\"en_US\" \/>\n<meta property=\"og:type\" content=\"article\" \/>\n<meta property=\"og:title\" content=\"Help the Shrine - Banneux Notre-Dame\" \/>\n<meta property=\"og:description\" content=\"The Shrine of Banneux Notre-Dame survives only on gifts and on various formules notari\u00e9es pr\u00e9vues par le l\u00e9gislateur (an official Belgian category of donation).\u00a0The financial income is immediately used to cover maintenance costs, to welcome the sick, and to continuously improve accommodation conditions. If you would like to help us: CBC IBAN: BE36 7326 5320 1081 (BIC: CREGBEBB) or ING IBAN: BE29 3480 6305 0064 (BIC: BBRUBEBB). Both bank accounts are under the name \u201casbl Banneux, la Vierge des Pauvres\u201d. To make a donation, the following methods are also possible: standing bank order, will bequest, or dual legacy. Donations An inter vivos donation is a direct and informal transfer of any form of movable property.\u00a0A donation by \u2018notarized deed\u2019 must [&hellip;]\" \/>\n<meta property=\"og:url\" content=\"https:\/\/banneux-nd.be\/en\/help-the-shrine\/\" \/>\n<meta property=\"og:site_name\" content=\"Banneux Notre-Dame\" \/>\n<meta property=\"article:publisher\" content=\"https:\/\/www.facebook.com\/NDBanneux\/\" \/>\n<meta property=\"article:modified_time\" content=\"2023-05-25T17:07:53+00:00\" \/>\n<meta property=\"og:image\" content=\"https:\/\/banneux-nd.be\/wp-content\/uploads\/pictures\/Je-paie-en-ligne-En.gif\" \/>\n<meta name=\"twitter:card\" content=\"summary_large_image\" \/>\n<meta name=\"twitter:label1\" content=\"Est. reading time\" \/>\n\t<meta name=\"twitter:data1\" content=\"3 minutes\" \/>\n<script type=\"application\/ld+json\" class=\"yoast-schema-graph\">{\"@context\":\"https:\\\/\\\/schema.org\",\"@graph\":[{\"@type\":\"WebPage\",\"@id\":\"https:\\\/\\\/banneux-nd.be\\\/en\\\/help-the-shrine\\\/\",\"url\":\"https:\\\/\\\/banneux-nd.be\\\/en\\\/help-the-shrine\\\/\",\"name\":\"Help the Shrine - Banneux Notre-Dame\",\"isPartOf\":{\"@id\":\"https:\\\/\\\/banneux-nd.be\\\/en\\\/#website\"},\"primaryImageOfPage\":{\"@id\":\"https:\\\/\\\/banneux-nd.be\\\/en\\\/help-the-shrine\\\/#primaryimage\"},\"image\":{\"@id\":\"https:\\\/\\\/banneux-nd.be\\\/en\\\/help-the-shrine\\\/#primaryimage\"},\"thumbnailUrl\":\"https:\\\/\\\/banneux-nd.be\\\/wp-content\\\/uploads\\\/pictures\\\/Je-paie-en-ligne-En.gif\",\"datePublished\":\"2018-08-30T18:56:08+00:00\",\"dateModified\":\"2023-05-25T17:07:53+00:00\",\"breadcrumb\":{\"@id\":\"https:\\\/\\\/banneux-nd.be\\\/en\\\/help-the-shrine\\\/#breadcrumb\"},\"inLanguage\":\"en-US\",\"potentialAction\":[{\"@type\":\"ReadAction\",\"target\":[\"https:\\\/\\\/banneux-nd.be\\\/en\\\/help-the-shrine\\\/\"]}]},{\"@type\":\"ImageObject\",\"inLanguage\":\"en-US\",\"@id\":\"https:\\\/\\\/banneux-nd.be\\\/en\\\/help-the-shrine\\\/#primaryimage\",\"url\":\"https:\\\/\\\/banneux-nd.be\\\/wp-content\\\/uploads\\\/pictures\\\/Je-paie-en-ligne-En.gif\",\"contentUrl\":\"https:\\\/\\\/banneux-nd.be\\\/wp-content\\\/uploads\\\/pictures\\\/Je-paie-en-ligne-En.gif\"},{\"@type\":\"BreadcrumbList\",\"@id\":\"https:\\\/\\\/banneux-nd.be\\\/en\\\/help-the-shrine\\\/#breadcrumb\",\"itemListElement\":[{\"@type\":\"ListItem\",\"position\":1,\"name\":\"Accueil\",\"item\":\"https:\\\/\\\/banneux-nd.be\\\/en\\\/welcome-in-banneux\\\/\"},{\"@type\":\"ListItem\",\"position\":2,\"name\":\"Help the Shrine\"}]},{\"@type\":\"WebSite\",\"@id\":\"https:\\\/\\\/banneux-nd.be\\\/en\\\/#website\",\"url\":\"https:\\\/\\\/banneux-nd.be\\\/en\\\/\",\"name\":\"Banneux Notre-Dame\",\"description\":\"Sanctuaire de la Vierge des Pauvres (Belgique)\",\"potentialAction\":[{\"@type\":\"SearchAction\",\"target\":{\"@type\":\"EntryPoint\",\"urlTemplate\":\"https:\\\/\\\/banneux-nd.be\\\/en\\\/?s={search_term_string}\"},\"query-input\":{\"@type\":\"PropertyValueSpecification\",\"valueRequired\":true,\"valueName\":\"search_term_string\"}}],\"inLanguage\":\"en-US\"}]}<\/script>\n<!-- \/ Yoast SEO plugin. -->","yoast_head_json":{"title":"Help the Shrine - Banneux Notre-Dame","robots":{"index":"index","follow":"follow","max-snippet":"max-snippet:-1","max-image-preview":"max-image-preview:large","max-video-preview":"max-video-preview:-1"},"canonical":"https:\/\/banneux-nd.be\/en\/help-the-shrine\/","og_locale":"en_US","og_type":"article","og_title":"Help the Shrine - Banneux Notre-Dame","og_description":"The Shrine of Banneux Notre-Dame survives only on gifts and on various formules notari\u00e9es pr\u00e9vues par le l\u00e9gislateur (an official Belgian category of donation).\u00a0The financial income is immediately used to cover maintenance costs, to welcome the sick, and to continuously improve accommodation conditions. If you would like to help us: CBC IBAN: BE36 7326 5320 1081 (BIC: CREGBEBB) or ING IBAN: BE29 3480 6305 0064 (BIC: BBRUBEBB). Both bank accounts are under the name \u201casbl Banneux, la Vierge des Pauvres\u201d. To make a donation, the following methods are also possible: standing bank order, will bequest, or dual legacy. Donations An inter vivos donation is a direct and informal transfer of any form of movable property.\u00a0A donation by \u2018notarized deed\u2019 must [&hellip;]","og_url":"https:\/\/banneux-nd.be\/en\/help-the-shrine\/","og_site_name":"Banneux Notre-Dame","article_publisher":"https:\/\/www.facebook.com\/NDBanneux\/","article_modified_time":"2023-05-25T17:07:53+00:00","og_image":[{"url":"https:\/\/banneux-nd.be\/wp-content\/uploads\/pictures\/Je-paie-en-ligne-En.gif","type":"","width":"","height":""}],"twitter_card":"summary_large_image","twitter_misc":{"Est. reading time":"3 minutes"},"schema":{"@context":"https:\/\/schema.org","@graph":[{"@type":"WebPage","@id":"https:\/\/banneux-nd.be\/en\/help-the-shrine\/","url":"https:\/\/banneux-nd.be\/en\/help-the-shrine\/","name":"Help the Shrine - Banneux Notre-Dame","isPartOf":{"@id":"https:\/\/banneux-nd.be\/en\/#website"},"primaryImageOfPage":{"@id":"https:\/\/banneux-nd.be\/en\/help-the-shrine\/#primaryimage"},"image":{"@id":"https:\/\/banneux-nd.be\/en\/help-the-shrine\/#primaryimage"},"thumbnailUrl":"https:\/\/banneux-nd.be\/wp-content\/uploads\/pictures\/Je-paie-en-ligne-En.gif","datePublished":"2018-08-30T18:56:08+00:00","dateModified":"2023-05-25T17:07:53+00:00","breadcrumb":{"@id":"https:\/\/banneux-nd.be\/en\/help-the-shrine\/#breadcrumb"},"inLanguage":"en-US","potentialAction":[{"@type":"ReadAction","target":["https:\/\/banneux-nd.be\/en\/help-the-shrine\/"]}]},{"@type":"ImageObject","inLanguage":"en-US","@id":"https:\/\/banneux-nd.be\/en\/help-the-shrine\/#primaryimage","url":"https:\/\/banneux-nd.be\/wp-content\/uploads\/pictures\/Je-paie-en-ligne-En.gif","contentUrl":"https:\/\/banneux-nd.be\/wp-content\/uploads\/pictures\/Je-paie-en-ligne-En.gif"},{"@type":"BreadcrumbList","@id":"https:\/\/banneux-nd.be\/en\/help-the-shrine\/#breadcrumb","itemListElement":[{"@type":"ListItem","position":1,"name":"Accueil","item":"https:\/\/banneux-nd.be\/en\/welcome-in-banneux\/"},{"@type":"ListItem","position":2,"name":"Help the Shrine"}]},{"@type":"WebSite","@id":"https:\/\/banneux-nd.be\/en\/#website","url":"https:\/\/banneux-nd.be\/en\/","name":"Banneux Notre-Dame","description":"Sanctuaire de la Vierge des Pauvres (Belgique)","potentialAction":[{"@type":"SearchAction","target":{"@type":"EntryPoint","urlTemplate":"https:\/\/banneux-nd.be\/en\/?s={search_term_string}"},"query-input":{"@type":"PropertyValueSpecification","valueRequired":true,"valueName":"search_term_string"}}],"inLanguage":"en-US"}]}},"coauthors":[],"author_meta":{"author_link":"https:\/\/banneux-nd.be\/en\/author\/adminfr\/","display_name":"adminFR"},"relative_dates":{"created":"Posted 8 years ago","modified":"Updated 3 years ago"},"absolute_dates":{"created":"Posted on 08\/30\/2018","modified":"Updated on 05\/25\/2023"},"absolute_dates_time":{"created":"Posted on 08\/30\/2018 20 h 56 min","modified":"Updated on 05\/25\/2023 19 h 07 min"},"featured_img_caption":"","featured_img":false,"series_order":"","jetpack_sharing_enabled":true,"_links":{"self":[{"href":"https:\/\/banneux-nd.be\/en\/wp-json\/wp\/v2\/pages\/10823","targetHints":{"allow":["GET"]}}],"collection":[{"href":"https:\/\/banneux-nd.be\/en\/wp-json\/wp\/v2\/pages"}],"about":[{"href":"https:\/\/banneux-nd.be\/en\/wp-json\/wp\/v2\/types\/page"}],"author":[{"embeddable":true,"href":"https:\/\/banneux-nd.be\/en\/wp-json\/wp\/v2\/users\/2"}],"replies":[{"embeddable":true,"href":"https:\/\/banneux-nd.be\/en\/wp-json\/wp\/v2\/comments?post=10823"}],"version-history":[{"count":8,"href":"https:\/\/banneux-nd.be\/en\/wp-json\/wp\/v2\/pages\/10823\/revisions"}],"predecessor-version":[{"id":17570,"href":"https:\/\/banneux-nd.be\/en\/wp-json\/wp\/v2\/pages\/10823\/revisions\/17570"}],"wp:attachment":[{"href":"https:\/\/banneux-nd.be\/en\/wp-json\/wp\/v2\/media?parent=10823"}],"curies":[{"name":"wp","href":"https:\/\/api.w.org\/{rel}","templated":true}]}}