{"id":1408,"date":"2015-07-20T08:58:06","date_gmt":"2015-07-20T06:58:06","guid":{"rendered":"http:\/\/wwwwp.banneux-nd.be\/enquete\/"},"modified":"2018-03-09T18:13:49","modified_gmt":"2018-03-09T17:13:49","slug":"enquete","status":"publish","type":"page","link":"https:\/\/banneux-nd.be\/en\/enquete\/","title":{"rendered":"Enqu\u00eate sur les apparitions"},"content":{"rendered":"<p style=\"text-align: justify;\">Le processus de reconnaissance des apparitions par l&#8217;\u00c9glise s&#8217;est d\u00e9roul\u00e9 en plusieurs \u00e9tapes.<\/p>\n<p class=\"rtejustify\" style=\"text-align: justify;\">\u00c0 l\u2019annonce des premi\u00e8res apparitions, Mgr Louis-Joseph Kerkhofs se montra d\u2019abord sceptique, voire hostile. Il eut bient\u00f4t la conviction profonde de la <em>valeur intrins\u00e8que<\/em>, comme il disait, du message lui-m\u00eame ainsi que de la qualit\u00e9 de la d\u00e9votion qui se manifestait \u00e0 Banneux, loin de toute extravagance.<\/p>\n<p class=\"rtecenter\" style=\"text-align: justify;\"><img decoding=\"async\" style=\"width: 100%;\" src=\"https:\/\/banneux-nd.be\/wp-content\/uploads\/2017\/08\/Panoramique Source.jpg\" alt=\"\" \/><\/p>\n<p class=\"rtejustify\" style=\"text-align: justify;\">Sa confiance personnelle envers Marie l\u2019engagea \u00e9galement \u00e0 consid\u00e9rer avec prudence les faits dont Mariette avait \u00e9t\u00e9 le t\u00e9moin. Gardant une grande discr\u00e9tion, il assuma sa responsabilit\u00e9 \u00e9piscopale \u00e0 l\u2019\u00e9gard du Peuple de Dieu qui lui avait \u00e9t\u00e9 confi\u00e9, et cela, dans le respect de la discipline de l\u2019\u00c9glise, soucieuse du bien spirituel des fid\u00e8les.<\/p>\n<p class=\"rtejustify\" style=\"text-align: justify;\">Il instaura une premi\u00e8re commission d\u2019enqu\u00eate et s\u2019engagea ainsi dans une longue proc\u00e9dure, pleine de p\u00e9rip\u00e9ties. Il ne s\u2019agissait pas seulement d\u2019autoriser le culte public envers la Vierge des Pauvres, mais de reconna\u00eetre la v\u00e9racit\u00e9 des faits qui se sont d\u00e9roul\u00e9s \u00e0 Banneux, du 15 janvier au 2 mars 1933. Monseigneur Kerkhofs a veill\u00e9 \u00e0 la rigueur th\u00e9ologique et historique des faits eux-m\u00eames. Septante trois t\u00e9moins ont \u00e9t\u00e9 entendus par la premi\u00e8re commission dioc\u00e9saine et de nombreux experts (m\u00e9decins, historiens, th\u00e9ologiens et canonistes) ont donn\u00e9 leur avis. Mais Monseigneur n\u2019a pu vaincre ses propres h\u00e9sitations et surmonter les objections que gr\u00e2ce \u00e0 l\u2019examen critique de tous les t\u00e9moignages par le p\u00e8re j\u00e9suite Ren\u00e9 Rutten. Celui-ci a effectu\u00e9 un travail digne d\u2019un bollandiste.<\/p>\n<p class=\"rtejustify\" style=\"text-align: justify;\">C\u2019est ainsi que l\u2019\u00e9v\u00eaque put se prononcer d\u00e8s 1942, sur le culte et les faits de Banneux. La d\u00e9claration des lettres \u00e9piscopales de 1942 et de 1947 sera confirm\u00e9e et m\u00eame renforc\u00e9e par celle du 22 ao\u00fbt 1949. Comme pasteur de l\u2019\u00c9glise de Dieu qui vit \u00e0 Li\u00e8ge, Mgr Kerkhofs donna aux fid\u00e8les l\u2019assurance de la puret\u00e9 \u00e9vang\u00e9lique du message et de la r\u00e9alit\u00e9 des faits. La droiture du t\u00e9moin, son humble disponibilit\u00e9 et son d\u00e9sint\u00e9ressement permettaient ce jugement autoris\u00e9 et clair : Marie \u00e9tait venue visiter cette enfant au creux de l\u2019hiver 1933 et nous avait adress\u00e9 les paroles que Mariette Beco nous a transmises telles quelles.<\/p>\n","protected":false},"excerpt":{"rendered":"<p>Le processus de reconnaissance des apparitions par l&#8217;\u00c9glise s&#8217;est d\u00e9roul\u00e9 en plusieurs \u00e9tapes. \u00c0 l\u2019annonce des premi\u00e8res apparitions, Mgr Louis-Joseph Kerkhofs se montra d\u2019abord sceptique, voire hostile. Il eut bient\u00f4t la conviction profonde de la valeur intrins\u00e8que, comme il disait, du message lui-m\u00eame ainsi que de la qualit\u00e9 de la d\u00e9votion qui se manifestait \u00e0 Banneux, loin de toute extravagance. Sa confiance personnelle envers Marie l\u2019engagea \u00e9galement \u00e0 consid\u00e9rer avec prudence les faits dont Mariette avait \u00e9t\u00e9 le t\u00e9moin. Gardant une grande discr\u00e9tion, il assuma sa responsabilit\u00e9 \u00e9piscopale \u00e0 l\u2019\u00e9gard du Peuple de Dieu qui lui avait \u00e9t\u00e9 confi\u00e9, et cela, dans le respect de la discipline de l\u2019\u00c9glise, soucieuse du bien spirituel des fid\u00e8les. Il instaura une premi\u00e8re commission [&hellip;]<\/p>\n","protected":false},"author":2,"featured_media":0,"parent":0,"menu_order":0,"comment_status":"closed","ping_status":"closed","template":"","meta":{"advgb_blocks_editor_width":"","advgb_blocks_columns_visual_guide":"","jetpack_post_was_ever_published":false,"footnotes":""},"class_list":["post-1408","page","type-page","status-publish","hentry"],"yoast_head":"<!-- This site is optimized with the Yoast SEO plugin v27.4 - https:\/\/yoast.com\/product\/yoast-seo-wordpress\/ -->\n<title>Enqu\u00eate sur les apparitions - Banneux Notre-Dame<\/title>\n<meta name=\"robots\" content=\"index, follow, max-snippet:-1, max-image-preview:large, max-video-preview:-1\" \/>\n<link rel=\"canonical\" href=\"https:\/\/banneux-nd.be\/en\/enquete\/\" \/>\n<meta property=\"og:locale\" content=\"en_US\" \/>\n<meta property=\"og:type\" content=\"article\" \/>\n<meta property=\"og:title\" content=\"Enqu\u00eate sur les apparitions - Banneux Notre-Dame\" \/>\n<meta property=\"og:description\" content=\"Le processus de reconnaissance des apparitions par l&#8217;\u00c9glise s&#8217;est d\u00e9roul\u00e9 en plusieurs \u00e9tapes. \u00c0 l\u2019annonce des premi\u00e8res apparitions, Mgr Louis-Joseph Kerkhofs se montra d\u2019abord sceptique, voire hostile. Il eut bient\u00f4t la conviction profonde de la valeur intrins\u00e8que, comme il disait, du message lui-m\u00eame ainsi que de la qualit\u00e9 de la d\u00e9votion qui se manifestait \u00e0 Banneux, loin de toute extravagance. Sa confiance personnelle envers Marie l\u2019engagea \u00e9galement \u00e0 consid\u00e9rer avec prudence les faits dont Mariette avait \u00e9t\u00e9 le t\u00e9moin. Gardant une grande discr\u00e9tion, il assuma sa responsabilit\u00e9 \u00e9piscopale \u00e0 l\u2019\u00e9gard du Peuple de Dieu qui lui avait \u00e9t\u00e9 confi\u00e9, et cela, dans le respect de la discipline de l\u2019\u00c9glise, soucieuse du bien spirituel des fid\u00e8les. Il instaura une premi\u00e8re commission [&hellip;]\" \/>\n<meta property=\"og:url\" content=\"https:\/\/banneux-nd.be\/en\/enquete\/\" \/>\n<meta property=\"og:site_name\" content=\"Banneux Notre-Dame\" \/>\n<meta property=\"article:publisher\" content=\"https:\/\/www.facebook.com\/NDBanneux\/\" \/>\n<meta property=\"article:modified_time\" content=\"2018-03-09T17:13:49+00:00\" \/>\n<meta property=\"og:image\" content=\"https:\/\/banneux-nd.be\/wp-content\/uploads\/2017\/08\/Panoramique%20Source.jpg\" \/>\n<meta name=\"twitter:card\" content=\"summary_large_image\" \/>\n<meta name=\"twitter:label1\" content=\"Est. reading time\" \/>\n\t<meta name=\"twitter:data1\" content=\"2 minutes\" \/>\n<script type=\"application\/ld+json\" class=\"yoast-schema-graph\">{\"@context\":\"https:\\\/\\\/schema.org\",\"@graph\":[{\"@type\":\"WebPage\",\"@id\":\"https:\\\/\\\/banneux-nd.be\\\/en\\\/enquete\\\/\",\"url\":\"https:\\\/\\\/banneux-nd.be\\\/en\\\/enquete\\\/\",\"name\":\"Enqu\u00eate sur les apparitions - Banneux Notre-Dame\",\"isPartOf\":{\"@id\":\"https:\\\/\\\/banneux-nd.be\\\/en\\\/#website\"},\"datePublished\":\"2015-07-20T06:58:06+00:00\",\"dateModified\":\"2018-03-09T17:13:49+00:00\",\"breadcrumb\":{\"@id\":\"https:\\\/\\\/banneux-nd.be\\\/en\\\/enquete\\\/#breadcrumb\"},\"inLanguage\":\"en-US\",\"potentialAction\":[{\"@type\":\"ReadAction\",\"target\":[\"https:\\\/\\\/banneux-nd.be\\\/en\\\/enquete\\\/\"]}]},{\"@type\":\"BreadcrumbList\",\"@id\":\"https:\\\/\\\/banneux-nd.be\\\/en\\\/enquete\\\/#breadcrumb\",\"itemListElement\":[{\"@type\":\"ListItem\",\"position\":1,\"name\":\"Accueil\",\"item\":\"https:\\\/\\\/banneux-nd.be\\\/en\\\/welcome-in-banneux\\\/\"},{\"@type\":\"ListItem\",\"position\":2,\"name\":\"Enqu\u00eate sur les apparitions\"}]},{\"@type\":\"WebSite\",\"@id\":\"https:\\\/\\\/banneux-nd.be\\\/en\\\/#website\",\"url\":\"https:\\\/\\\/banneux-nd.be\\\/en\\\/\",\"name\":\"Banneux Notre-Dame\",\"description\":\"Sanctuaire de la Vierge des Pauvres (Belgique)\",\"potentialAction\":[{\"@type\":\"SearchAction\",\"target\":{\"@type\":\"EntryPoint\",\"urlTemplate\":\"https:\\\/\\\/banneux-nd.be\\\/en\\\/?s={search_term_string}\"},\"query-input\":{\"@type\":\"PropertyValueSpecification\",\"valueRequired\":true,\"valueName\":\"search_term_string\"}}],\"inLanguage\":\"en-US\"}]}<\/script>\n<!-- \/ Yoast SEO plugin. -->","yoast_head_json":{"title":"Enqu\u00eate sur les apparitions - Banneux Notre-Dame","robots":{"index":"index","follow":"follow","max-snippet":"max-snippet:-1","max-image-preview":"max-image-preview:large","max-video-preview":"max-video-preview:-1"},"canonical":"https:\/\/banneux-nd.be\/en\/enquete\/","og_locale":"en_US","og_type":"article","og_title":"Enqu\u00eate sur les apparitions - Banneux Notre-Dame","og_description":"Le processus de reconnaissance des apparitions par l&#8217;\u00c9glise s&#8217;est d\u00e9roul\u00e9 en plusieurs \u00e9tapes. \u00c0 l\u2019annonce des premi\u00e8res apparitions, Mgr Louis-Joseph Kerkhofs se montra d\u2019abord sceptique, voire hostile. Il eut bient\u00f4t la conviction profonde de la valeur intrins\u00e8que, comme il disait, du message lui-m\u00eame ainsi que de la qualit\u00e9 de la d\u00e9votion qui se manifestait \u00e0 Banneux, loin de toute extravagance. Sa confiance personnelle envers Marie l\u2019engagea \u00e9galement \u00e0 consid\u00e9rer avec prudence les faits dont Mariette avait \u00e9t\u00e9 le t\u00e9moin. Gardant une grande discr\u00e9tion, il assuma sa responsabilit\u00e9 \u00e9piscopale \u00e0 l\u2019\u00e9gard du Peuple de Dieu qui lui avait \u00e9t\u00e9 confi\u00e9, et cela, dans le respect de la discipline de l\u2019\u00c9glise, soucieuse du bien spirituel des fid\u00e8les. Il instaura une premi\u00e8re commission [&hellip;]","og_url":"https:\/\/banneux-nd.be\/en\/enquete\/","og_site_name":"Banneux Notre-Dame","article_publisher":"https:\/\/www.facebook.com\/NDBanneux\/","article_modified_time":"2018-03-09T17:13:49+00:00","og_image":[{"url":"https:\/\/banneux-nd.be\/wp-content\/uploads\/2017\/08\/Panoramique Source.jpg","type":"","width":"","height":""}],"twitter_card":"summary_large_image","twitter_misc":{"Est. reading time":"2 minutes"},"schema":{"@context":"https:\/\/schema.org","@graph":[{"@type":"WebPage","@id":"https:\/\/banneux-nd.be\/en\/enquete\/","url":"https:\/\/banneux-nd.be\/en\/enquete\/","name":"Enqu\u00eate sur les apparitions - Banneux Notre-Dame","isPartOf":{"@id":"https:\/\/banneux-nd.be\/en\/#website"},"datePublished":"2015-07-20T06:58:06+00:00","dateModified":"2018-03-09T17:13:49+00:00","breadcrumb":{"@id":"https:\/\/banneux-nd.be\/en\/enquete\/#breadcrumb"},"inLanguage":"en-US","potentialAction":[{"@type":"ReadAction","target":["https:\/\/banneux-nd.be\/en\/enquete\/"]}]},{"@type":"BreadcrumbList","@id":"https:\/\/banneux-nd.be\/en\/enquete\/#breadcrumb","itemListElement":[{"@type":"ListItem","position":1,"name":"Accueil","item":"https:\/\/banneux-nd.be\/en\/welcome-in-banneux\/"},{"@type":"ListItem","position":2,"name":"Enqu\u00eate sur les apparitions"}]},{"@type":"WebSite","@id":"https:\/\/banneux-nd.be\/en\/#website","url":"https:\/\/banneux-nd.be\/en\/","name":"Banneux Notre-Dame","description":"Sanctuaire de la Vierge des Pauvres (Belgique)","potentialAction":[{"@type":"SearchAction","target":{"@type":"EntryPoint","urlTemplate":"https:\/\/banneux-nd.be\/en\/?s={search_term_string}"},"query-input":{"@type":"PropertyValueSpecification","valueRequired":true,"valueName":"search_term_string"}}],"inLanguage":"en-US"}]}},"coauthors":[],"author_meta":{"author_link":"https:\/\/banneux-nd.be\/en\/author\/adminfr\/","display_name":"adminFR"},"relative_dates":{"created":"Posted 11 years ago","modified":"Updated 8 years ago"},"absolute_dates":{"created":"Posted on 07\/20\/2015","modified":"Updated on 03\/09\/2018"},"absolute_dates_time":{"created":"Posted on 07\/20\/2015 8 h 58 min","modified":"Updated on 03\/09\/2018 18 h 13 min"},"featured_img_caption":"","featured_img":false,"series_order":"","jetpack_sharing_enabled":true,"_links":{"self":[{"href":"https:\/\/banneux-nd.be\/en\/wp-json\/wp\/v2\/pages\/1408","targetHints":{"allow":["GET"]}}],"collection":[{"href":"https:\/\/banneux-nd.be\/en\/wp-json\/wp\/v2\/pages"}],"about":[{"href":"https:\/\/banneux-nd.be\/en\/wp-json\/wp\/v2\/types\/page"}],"author":[{"embeddable":true,"href":"https:\/\/banneux-nd.be\/en\/wp-json\/wp\/v2\/users\/2"}],"replies":[{"embeddable":true,"href":"https:\/\/banneux-nd.be\/en\/wp-json\/wp\/v2\/comments?post=1408"}],"version-history":[{"count":0,"href":"https:\/\/banneux-nd.be\/en\/wp-json\/wp\/v2\/pages\/1408\/revisions"}],"wp:attachment":[{"href":"https:\/\/banneux-nd.be\/en\/wp-json\/wp\/v2\/media?parent=1408"}],"curies":[{"name":"wp","href":"https:\/\/api.w.org\/{rel}","templated":true}]}}