{"id":1710,"date":"2017-12-27T13:31:23","date_gmt":"2017-12-27T12:31:23","guid":{"rendered":"http:\/\/wwwwp2.banneux-nd.be\/wp\/?page_id=1710"},"modified":"2017-12-27T13:31:40","modified_gmt":"2017-12-27T12:31:40","slug":"sanctuaire","status":"publish","type":"page","link":"https:\/\/banneux-nd.be\/en\/sanctuaire\/","title":{"rendered":"Sanctuaire"},"content":{"rendered":"<p class=\"rtejustify\"><img fetchpriority=\"high\" decoding=\"async\" style=\"padding: 5px; margin-right: 5px;\" src=\"https:\/\/banneux-nd.be\/wp-content\/uploads\/2017\/08\/Infobureau2.jpg\" alt=\"\" width=\"417\" height=\"264\" align=\"left\" \/>EN Le Sanctuaire de Banneux Notre-Dame vous accueille.<\/p>\n<p class=\"rtejustify\">Le Bureau-info du Sanctuaire (Place des Nations) est ouvert tous les jours de la saison de p\u00e8lerinages (sauf le vendredi) de 9h00 \u00e0 12h00. et de 13h00 \u00e0 17h00. Le vendredi, une permanence est assur\u00e9e \u00e0 l\u2019Abri du Cur\u00e9 d\u2019Ars.<\/p>\n<p class=\"rtejustify\">Vous y trouverez les \u00e9ditions du Sanctuaire, ainsi que des cartes postales et des images. Vous pouvez y confier vos intentions de messe et vous abonner \u00e0 notre revue.<\/p>\n<p class=\"rtejustify\">Les b\u00e9n\u00e9voles du Bureau-info vous donneront les renseignements n\u00e9cessaires pour votre journ\u00e9e de p\u00e8lerinage, ainsi que l\u2019horaire des messes, la permanence pour les confessions, etc.<\/p>\n<p class=\"rtejustify\"><img decoding=\"async\" style=\"padding: 5px; margin-left: 5px; float: right; width: 270px; height: 215px;\" src=\"https:\/\/banneux-nd.be\/wp-content\/uploads\/2017\/08\/Office du Tourisme.jpg\" alt=\"\" \/>Vous trouverez aussi un bureau de l&#8217;Office du Tourisme de Sprimont. Vous pourrez vous procurer des d\u00e9pliants touristiques, des cartes-promenades et autres documents sur la r\u00e9gion.<\/p>\n<p class=\"rtejustify\">En-dehors la saison des p\u00e8lerinages, une permanence est assur\u00e9e \u00e0 l\u2019Abri du Cur\u00e9 d\u2019Ars, tous les jours de 9h00 \u00e0 12h00. et de 14h00 \u00e0 17h00.<\/p>\n","protected":false},"excerpt":{"rendered":"<p>EN Le Sanctuaire de Banneux Notre-Dame vous accueille. Le Bureau-info du Sanctuaire (Place des Nations) est ouvert tous les jours de la saison de p\u00e8lerinages (sauf le vendredi) de 9h00 \u00e0 12h00. et de 13h00 \u00e0 17h00. Le vendredi, une permanence est assur\u00e9e \u00e0 l\u2019Abri du Cur\u00e9 d\u2019Ars. Vous y trouverez les \u00e9ditions du Sanctuaire, ainsi que des cartes postales et des images. Vous pouvez y confier vos intentions de messe et vous abonner \u00e0 notre revue. Les b\u00e9n\u00e9voles du Bureau-info vous donneront les renseignements n\u00e9cessaires pour votre journ\u00e9e de p\u00e8lerinage, ainsi que l\u2019horaire des messes, la permanence pour les confessions, etc. Vous trouverez aussi un bureau de l&#8217;Office du Tourisme de Sprimont. Vous pourrez vous procurer des d\u00e9pliants touristiques, [&hellip;]<\/p>\n","protected":false},"author":2,"featured_media":0,"parent":0,"menu_order":0,"comment_status":"closed","ping_status":"closed","template":"","meta":{"advgb_blocks_editor_width":"","advgb_blocks_columns_visual_guide":"","jetpack_post_was_ever_published":false,"footnotes":""},"class_list":["post-1710","page","type-page","status-publish","hentry"],"yoast_head":"<!-- This site is optimized with the Yoast SEO plugin v27.4 - https:\/\/yoast.com\/product\/yoast-seo-wordpress\/ -->\n<title>Sanctuaire - Banneux Notre-Dame<\/title>\n<meta name=\"robots\" content=\"index, follow, max-snippet:-1, max-image-preview:large, max-video-preview:-1\" \/>\n<link rel=\"canonical\" href=\"https:\/\/banneux-nd.be\/en\/sanctuaire\/\" \/>\n<meta property=\"og:locale\" content=\"en_US\" \/>\n<meta property=\"og:type\" content=\"article\" \/>\n<meta property=\"og:title\" content=\"Sanctuaire - Banneux Notre-Dame\" \/>\n<meta property=\"og:description\" content=\"EN Le Sanctuaire de Banneux Notre-Dame vous accueille. Le Bureau-info du Sanctuaire (Place des Nations) est ouvert tous les jours de la saison de p\u00e8lerinages (sauf le vendredi) de 9h00 \u00e0 12h00. et de 13h00 \u00e0 17h00. Le vendredi, une permanence est assur\u00e9e \u00e0 l\u2019Abri du Cur\u00e9 d\u2019Ars. Vous y trouverez les \u00e9ditions du Sanctuaire, ainsi que des cartes postales et des images. Vous pouvez y confier vos intentions de messe et vous abonner \u00e0 notre revue. Les b\u00e9n\u00e9voles du Bureau-info vous donneront les renseignements n\u00e9cessaires pour votre journ\u00e9e de p\u00e8lerinage, ainsi que l\u2019horaire des messes, la permanence pour les confessions, etc. Vous trouverez aussi un bureau de l&#8217;Office du Tourisme de Sprimont. Vous pourrez vous procurer des d\u00e9pliants touristiques, [&hellip;]\" \/>\n<meta property=\"og:url\" content=\"https:\/\/banneux-nd.be\/en\/sanctuaire\/\" \/>\n<meta property=\"og:site_name\" content=\"Banneux Notre-Dame\" \/>\n<meta property=\"article:publisher\" content=\"https:\/\/www.facebook.com\/NDBanneux\/\" \/>\n<meta property=\"article:modified_time\" content=\"2017-12-27T12:31:40+00:00\" \/>\n<meta property=\"og:image\" content=\"https:\/\/banneux-nd.be\/wp-content\/uploads\/2017\/08\/Infobureau2.jpg\" \/>\n<meta name=\"twitter:card\" content=\"summary_large_image\" \/>\n<meta name=\"twitter:label1\" content=\"Est. reading time\" \/>\n\t<meta name=\"twitter:data1\" content=\"1 minute\" \/>\n<script type=\"application\/ld+json\" class=\"yoast-schema-graph\">{\"@context\":\"https:\\\/\\\/schema.org\",\"@graph\":[{\"@type\":\"WebPage\",\"@id\":\"https:\\\/\\\/banneux-nd.be\\\/en\\\/sanctuaire\\\/\",\"url\":\"https:\\\/\\\/banneux-nd.be\\\/en\\\/sanctuaire\\\/\",\"name\":\"Sanctuaire - Banneux Notre-Dame\",\"isPartOf\":{\"@id\":\"https:\\\/\\\/banneux-nd.be\\\/en\\\/#website\"},\"primaryImageOfPage\":{\"@id\":\"https:\\\/\\\/banneux-nd.be\\\/en\\\/sanctuaire\\\/#primaryimage\"},\"image\":{\"@id\":\"https:\\\/\\\/banneux-nd.be\\\/en\\\/sanctuaire\\\/#primaryimage\"},\"thumbnailUrl\":\"https:\\\/\\\/banneux-nd.be\\\/wp-content\\\/uploads\\\/2017\\\/08\\\/Infobureau2.jpg\",\"datePublished\":\"2017-12-27T12:31:23+00:00\",\"dateModified\":\"2017-12-27T12:31:40+00:00\",\"breadcrumb\":{\"@id\":\"https:\\\/\\\/banneux-nd.be\\\/en\\\/sanctuaire\\\/#breadcrumb\"},\"inLanguage\":\"en-US\",\"potentialAction\":[{\"@type\":\"ReadAction\",\"target\":[\"https:\\\/\\\/banneux-nd.be\\\/en\\\/sanctuaire\\\/\"]}]},{\"@type\":\"ImageObject\",\"inLanguage\":\"en-US\",\"@id\":\"https:\\\/\\\/banneux-nd.be\\\/en\\\/sanctuaire\\\/#primaryimage\",\"url\":\"https:\\\/\\\/banneux-nd.be\\\/wp-content\\\/uploads\\\/2017\\\/08\\\/Infobureau2.jpg\",\"contentUrl\":\"https:\\\/\\\/banneux-nd.be\\\/wp-content\\\/uploads\\\/2017\\\/08\\\/Infobureau2.jpg\"},{\"@type\":\"BreadcrumbList\",\"@id\":\"https:\\\/\\\/banneux-nd.be\\\/en\\\/sanctuaire\\\/#breadcrumb\",\"itemListElement\":[{\"@type\":\"ListItem\",\"position\":1,\"name\":\"Accueil\",\"item\":\"https:\\\/\\\/banneux-nd.be\\\/en\\\/welcome-in-banneux\\\/\"},{\"@type\":\"ListItem\",\"position\":2,\"name\":\"Sanctuaire\"}]},{\"@type\":\"WebSite\",\"@id\":\"https:\\\/\\\/banneux-nd.be\\\/en\\\/#website\",\"url\":\"https:\\\/\\\/banneux-nd.be\\\/en\\\/\",\"name\":\"Banneux Notre-Dame\",\"description\":\"Sanctuaire de la Vierge des Pauvres (Belgique)\",\"potentialAction\":[{\"@type\":\"SearchAction\",\"target\":{\"@type\":\"EntryPoint\",\"urlTemplate\":\"https:\\\/\\\/banneux-nd.be\\\/en\\\/?s={search_term_string}\"},\"query-input\":{\"@type\":\"PropertyValueSpecification\",\"valueRequired\":true,\"valueName\":\"search_term_string\"}}],\"inLanguage\":\"en-US\"}]}<\/script>\n<!-- \/ Yoast SEO plugin. -->","yoast_head_json":{"title":"Sanctuaire - Banneux Notre-Dame","robots":{"index":"index","follow":"follow","max-snippet":"max-snippet:-1","max-image-preview":"max-image-preview:large","max-video-preview":"max-video-preview:-1"},"canonical":"https:\/\/banneux-nd.be\/en\/sanctuaire\/","og_locale":"en_US","og_type":"article","og_title":"Sanctuaire - Banneux Notre-Dame","og_description":"EN Le Sanctuaire de Banneux Notre-Dame vous accueille. Le Bureau-info du Sanctuaire (Place des Nations) est ouvert tous les jours de la saison de p\u00e8lerinages (sauf le vendredi) de 9h00 \u00e0 12h00. et de 13h00 \u00e0 17h00. Le vendredi, une permanence est assur\u00e9e \u00e0 l\u2019Abri du Cur\u00e9 d\u2019Ars. Vous y trouverez les \u00e9ditions du Sanctuaire, ainsi que des cartes postales et des images. Vous pouvez y confier vos intentions de messe et vous abonner \u00e0 notre revue. Les b\u00e9n\u00e9voles du Bureau-info vous donneront les renseignements n\u00e9cessaires pour votre journ\u00e9e de p\u00e8lerinage, ainsi que l\u2019horaire des messes, la permanence pour les confessions, etc. Vous trouverez aussi un bureau de l&#8217;Office du Tourisme de Sprimont. Vous pourrez vous procurer des d\u00e9pliants touristiques, [&hellip;]","og_url":"https:\/\/banneux-nd.be\/en\/sanctuaire\/","og_site_name":"Banneux Notre-Dame","article_publisher":"https:\/\/www.facebook.com\/NDBanneux\/","article_modified_time":"2017-12-27T12:31:40+00:00","og_image":[{"url":"https:\/\/banneux-nd.be\/wp-content\/uploads\/2017\/08\/Infobureau2.jpg","type":"","width":"","height":""}],"twitter_card":"summary_large_image","twitter_misc":{"Est. reading time":"1 minute"},"schema":{"@context":"https:\/\/schema.org","@graph":[{"@type":"WebPage","@id":"https:\/\/banneux-nd.be\/en\/sanctuaire\/","url":"https:\/\/banneux-nd.be\/en\/sanctuaire\/","name":"Sanctuaire - Banneux Notre-Dame","isPartOf":{"@id":"https:\/\/banneux-nd.be\/en\/#website"},"primaryImageOfPage":{"@id":"https:\/\/banneux-nd.be\/en\/sanctuaire\/#primaryimage"},"image":{"@id":"https:\/\/banneux-nd.be\/en\/sanctuaire\/#primaryimage"},"thumbnailUrl":"https:\/\/banneux-nd.be\/wp-content\/uploads\/2017\/08\/Infobureau2.jpg","datePublished":"2017-12-27T12:31:23+00:00","dateModified":"2017-12-27T12:31:40+00:00","breadcrumb":{"@id":"https:\/\/banneux-nd.be\/en\/sanctuaire\/#breadcrumb"},"inLanguage":"en-US","potentialAction":[{"@type":"ReadAction","target":["https:\/\/banneux-nd.be\/en\/sanctuaire\/"]}]},{"@type":"ImageObject","inLanguage":"en-US","@id":"https:\/\/banneux-nd.be\/en\/sanctuaire\/#primaryimage","url":"https:\/\/banneux-nd.be\/wp-content\/uploads\/2017\/08\/Infobureau2.jpg","contentUrl":"https:\/\/banneux-nd.be\/wp-content\/uploads\/2017\/08\/Infobureau2.jpg"},{"@type":"BreadcrumbList","@id":"https:\/\/banneux-nd.be\/en\/sanctuaire\/#breadcrumb","itemListElement":[{"@type":"ListItem","position":1,"name":"Accueil","item":"https:\/\/banneux-nd.be\/en\/welcome-in-banneux\/"},{"@type":"ListItem","position":2,"name":"Sanctuaire"}]},{"@type":"WebSite","@id":"https:\/\/banneux-nd.be\/en\/#website","url":"https:\/\/banneux-nd.be\/en\/","name":"Banneux Notre-Dame","description":"Sanctuaire de la Vierge des Pauvres (Belgique)","potentialAction":[{"@type":"SearchAction","target":{"@type":"EntryPoint","urlTemplate":"https:\/\/banneux-nd.be\/en\/?s={search_term_string}"},"query-input":{"@type":"PropertyValueSpecification","valueRequired":true,"valueName":"search_term_string"}}],"inLanguage":"en-US"}]}},"coauthors":[],"author_meta":{"author_link":"https:\/\/banneux-nd.be\/en\/author\/adminfr\/","display_name":"adminFR"},"relative_dates":{"created":"Posted 8 years ago","modified":"Updated 8 years ago"},"absolute_dates":{"created":"Posted on 12\/27\/2017","modified":"Updated on 12\/27\/2017"},"absolute_dates_time":{"created":"Posted on 12\/27\/2017 13 h 31 min","modified":"Updated on 12\/27\/2017 13 h 31 min"},"featured_img_caption":"","featured_img":false,"series_order":"","jetpack_sharing_enabled":true,"_links":{"self":[{"href":"https:\/\/banneux-nd.be\/en\/wp-json\/wp\/v2\/pages\/1710","targetHints":{"allow":["GET"]}}],"collection":[{"href":"https:\/\/banneux-nd.be\/en\/wp-json\/wp\/v2\/pages"}],"about":[{"href":"https:\/\/banneux-nd.be\/en\/wp-json\/wp\/v2\/types\/page"}],"author":[{"embeddable":true,"href":"https:\/\/banneux-nd.be\/en\/wp-json\/wp\/v2\/users\/2"}],"replies":[{"embeddable":true,"href":"https:\/\/banneux-nd.be\/en\/wp-json\/wp\/v2\/comments?post=1710"}],"version-history":[{"count":0,"href":"https:\/\/banneux-nd.be\/en\/wp-json\/wp\/v2\/pages\/1710\/revisions"}],"wp:attachment":[{"href":"https:\/\/banneux-nd.be\/en\/wp-json\/wp\/v2\/media?parent=1710"}],"curies":[{"name":"wp","href":"https:\/\/api.w.org\/{rel}","templated":true}]}}