{"id":18395,"date":"2024-04-18T18:22:08","date_gmt":"2024-04-18T16:22:08","guid":{"rendered":"https:\/\/banneux-nd.be\/?page_id=18395"},"modified":"2024-08-13T10:33:42","modified_gmt":"2024-08-13T08:33:42","slug":"75eme-anniversaire-de-la-reconnaissance-des-apparitions","status":"publish","type":"page","link":"https:\/\/banneux-nd.be\/en\/75eme-anniversaire-de-la-reconnaissance-des-apparitions\/","title":{"rendered":"75<sup>\u00e8me<\/sup> anniversaire de la reconnaissance des Apparitions"},"content":{"rendered":"<p><strong>F\u00eatons les 75 ans de la reconnaissance des Apparitions ! <\/strong><\/p>\n<p style=\"text-align: justify;\">En cette ann\u00e9e 2024, nous f\u00eaterons les 75 ans de la reconnaissance officielle des apparitions de Banneux par l\u2019\u00c9glise. La reconnaissance eccl\u00e9siale est le sceau qui atteste la v\u00e9rit\u00e9 des \u00e9v\u00e9nements survenus entre le 15 janvier et le 2 mars 1933. Elle garantit que les p\u00e8lerins ne sont pas victimes d\u2019une pieuse supercherie.<\/p>\n<p style=\"text-align: justify;\">16 ann\u00e9es apr\u00e8s les apparitions, Monseigneur Kerkhofs, \u00e9v\u00eaque de Li\u00e8ge, appose donc enfin le label de garantie, le 22 ao\u00fbt 1949.<\/p>\n<p style=\"text-align: justify;\">Les p\u00e8lerins, eux, n\u2019avaient pas attendu ce feu vert de l\u2019\u00c9glise pour venir en nombre pour v\u00e9n\u00e9rer la Vierge des Pauvres. D\u00e9j\u00e0 en 1933, la chapelle que la Belle Dame d\u00e9sirait a \u00e9t\u00e9 construite et b\u00e9nie. En novembre 1939, une nouvelle hospitalit\u00e9 se pr\u00e9parait \u00e0 accueillir les triduums des malades. Puis vient la deuxi\u00e8me guerre mondiale qui perturbe la vie de tous pendant de longues ann\u00e9es. On comprend ais\u00e9ment que la reconnaissance des apparitions n\u2019ait plus \u00e9t\u00e9 le premier souci de l\u2019\u00e9v\u00eaque et des chr\u00e9tiens.<\/p>\n<p style=\"text-align: justify;\"><img fetchpriority=\"high\" decoding=\"async\" class=\"alignleft wp-image-18402\" src=\"https:\/\/banneux-nd.be\/wp-content\/uploads\/2024\/04\/cover-1024x685.jpg\" alt=\"\" width=\"537\" height=\"359\" \/><\/p>\n<p style=\"text-align: justify;\">3 commissions d\u2019enqu\u00eate se sont pench\u00e9es sur les \u00e9v\u00e9nements de l\u2019hiver 1933. Tout en \u00e9tant tr\u00e8s bienveillant, l\u2019\u00e9v\u00eaque a voulu faire preuve de la plus grande prudence. Il connaissait le scepticisme de nombreux contemporains, un scepticisme tout \u00e0 fait compr\u00e9hensible. Est-ce que la Vierge Marie ne venait pas d\u2019appara\u00eetre trente-trois fois \u00e0 cinq enfants \u00e0 Beauraing, petite ville \u00e0 la fronti\u00e8re fran\u00e7aise ? Les journaux en avaient parl\u00e9 abondamment, et la nouvelle \u00e9tait m\u00eame arriv\u00e9e dans le petit village perdu de Banneux. Est-ce que la petite Mariette Beco n\u2019a pas simplement surf\u00e9e sur la vague provoqu\u00e9e par Beauraing ? Quand le pr\u00eatre du village a eu vent des \u00e9v\u00e9nements, il dit simplement : \u00ab <em>Nous ne sommes pas \u00e0 Beauraing, ici\u00a0!<\/em>\u00a0\u00bb Est-ce que la proximit\u00e9 chronologique ne devait pas jeter un doute certain sur Mariette et Banneux\u00a0? Pourquoi deux s\u00e9ries d\u2019apparitions de la Vierge dans la petite Wallonie\u00a0?<\/p>\n<p style=\"text-align: justify;\">Des soup\u00e7ons pesaient \u00e9galement sur les \u00e9v\u00e9nements qui avaient eu lieu entre le 29 novembre 1932 et le 3 janvier 1933 \u00e0 Beauraing. Ici, les p\u00e8lerins ont \u00e9galement d\u00fb attendre l\u2019\u00e9t\u00e9 1949 pour la reconnaissance officielle\u00a0!<\/p>\n<p style=\"text-align: justify;\">L\u2019\u00e9v\u00eaque de Li\u00e8ge en personne s\u2019est rendu \u00e0 Rome pour d\u00e9fendre les deux dossiers aupr\u00e8s du pape. Comme il \u00e9tait convaincu que le ciel avait voulu faire un \u00e9norme cadeau \u00e0 l\u2019Eglise de Belgique, il a plaid\u00e9 la cause des deux lieux d\u2019apparition.<\/p>\n<div id=\"attachment_18409\" style=\"width: 548px\" class=\"wp-caption alignright\"><img decoding=\"async\" aria-describedby=\"caption-attachment-18409\" class=\"wp-image-18409 lazyload\" data-src=\"https:\/\/banneux-nd.be\/wp-content\/uploads\/2024\/04\/01-janvier-1024x782.jpg\" alt=\"Mgr Kerkhofs et l'Abb\u00e9 Jamin\" width=\"538\" height=\"411\" data-srcset=\"https:\/\/banneux-nd.be\/wp-content\/uploads\/2024\/04\/01-janvier-1024x782.jpg 1024w, https:\/\/banneux-nd.be\/wp-content\/uploads\/2024\/04\/01-janvier-300x229.jpg 300w, https:\/\/banneux-nd.be\/wp-content\/uploads\/2024\/04\/01-janvier-768x586.jpg 768w, https:\/\/banneux-nd.be\/wp-content\/uploads\/2024\/04\/01-janvier-1536x1173.jpg 1536w, https:\/\/banneux-nd.be\/wp-content\/uploads\/2024\/04\/01-janvier.jpg 2048w\" data-sizes=\"(max-width: 538px) 100vw, 538px\" src=\"data:image\/svg+xml;base64,PHN2ZyB3aWR0aD0iMSIgaGVpZ2h0PSIxIiB4bWxucz0iaHR0cDovL3d3dy53My5vcmcvMjAwMC9zdmciPjwvc3ZnPg==\" style=\"--smush-placeholder-width: 538px; --smush-placeholder-aspect-ratio: 538\/411;\" \/><p id=\"caption-attachment-18409\" class=\"wp-caption-text\">Mgr Kerkhofs et l&#8217;Abb\u00e9 Jamin<\/p><\/div>\n<p style=\"text-align: justify;\">Une premi\u00e8re commission s\u2019est donc mise au travail \u00e0 Li\u00e8ge et, en 1935, elle a donn\u00e9 un avis prudemment positif. Par respect pour les voix sceptiques qui s\u2019\u00e9levaient toujours, l\u2019\u00e9v\u00eaque a institu\u00e9 une deuxi\u00e8me commission. En 1942, elle pr\u00e9sente un rapport franchement n\u00e9gatif. Il pense alors aux paroles de J\u00e9sus \u00e0 propos des vrais et des faux proph\u00e8tes\u00a0: \u00ab\u00a0<em>C\u2019est \u00e0 leurs fruits que vous les reconna\u00eetrez<\/em>\u00a0\u00bb. Or, les nombreux bons fruits sont ind\u00e9niables. Une troisi\u00e8me tentative se fera en deux \u00e9tapes. Dans un premier temps, l\u2019\u00e9v\u00eaque demande au P\u00e8re j\u00e9suite Ren\u00e9 Rutten de faire une \u00e9tude critique de tous les t\u00e9moignages qui ont \u00e9t\u00e9 recueillis. Cette \u00e9tude de critique historique fait 600 pages et a servi de base au travail de la troisi\u00e8me commission, qui donne enfin un avis franchement positif. Avec la b\u00e9n\u00e9diction de Rome, l\u2019\u00e9v\u00eaque a pu solennellement proclamer la reconnaissance officielle des huit apparitions de la Vierge Marie \u00e0 Mariette Beco. Le 22 ao\u00fbt 1949, on a donc c\u00e9l\u00e9br\u00e9 le couronnement de Marie au ciel, mais \u00e9galement le couronnement d\u2019un long et fastidieux travail d\u2019investigation.<\/p>\n<p style=\"text-align: justify;\">\u00c0 Beauraing, o\u00f9 Marie est apparue un peu plus t\u00f4t, la reconnaissance a eu lieu \u00e9galement un peu plus : le 2 juillet 1949. Avant le concile Vatican II, le 2 juillet \u00e9tait la f\u00eate de la Visitation ! L\u2019\u00e9v\u00eaque de Namur a reconnu officiellement les 33 visitations de Notre-Dame au C\u0153ur d\u2019Or pendant l\u2019hiver 32-33.<\/p>\n<p style=\"text-align: justify;\">75 ans de reconnaissance, \u00e7a se f\u00eate ! Aussi bien \u00e0 Beauraing qu\u2019\u00e0 Banneux. Les deux derni\u00e8res semaines du mois d\u2019ao\u00fbt s\u2019y pr\u00eatent \u00e0 merveille. <strong>Le 15 ao\u00fbt,<\/strong> chaque sanctuaire c\u00e9l\u00e8brera dignement l\u2019Assomption de Marie avec les nombreux p\u00e8lerins habituels. <strong>Le 22 ao\u00fbt,<\/strong> les p\u00e8lerins de Banneux se mettront en route vers la Famenne pour y c\u00e9l\u00e9brer avec ceux de Beauraing le couronnement de Marie au ciel. Le <strong>samedi 31 ao\u00fbt,<\/strong> f\u00eate de Marie, M\u00e9diatrice de toutes gr\u00e2ces, les responsables et des p\u00e8lerins de Beauraing viendront aupr\u00e8s de la Vierge des Pauvres. Ensemble, pendant quinze jours, nous rendrons gr\u00e2ce au Seigneur pour ces deux cadeaux du ciel o\u00f9 tant de personnes ont \u00e9t\u00e9 gratifi\u00e9s de la tendresse et de l\u2019aide maternelle de la Vierge Marie.<\/p>\n<p style=\"text-align: right;\"><strong>Abb\u00e9 Leo Palm,<br \/>\nRecteur du sanctuaire de Banneux<\/strong><\/p>\n<p>Livret pour la quinzaine de pri\u00e8re &#8211; <a href=\"https:\/\/banneux-nd.be\/wp-content\/uploads\/2024\/08\/livret-15-jours-de-priere-avec-la-Vierge-des-Pauvres.pdf\" target=\"_blank\" rel=\"noopener\">livret 15 jours de pri\u00e8re avec la Vierge des Pauvres<\/a><\/p>\n<p>Affiche en PDF &#8211; <a href=\"https:\/\/banneux-nd.be\/wp-content\/uploads\/2024\/04\/affiche-75eme-Banneux-Beauraing.pdf\">affiche 75\u00e8me Banneux-Beauraing<\/a><\/p>\n<p><img decoding=\"async\" class=\"aligncenter size-large wp-image-18438 lazyload\" data-src=\"https:\/\/banneux-nd.be\/wp-content\/uploads\/2024\/04\/affiche-75eme-Banneux-Beauraing-724x1024.jpg\" alt=\"\" width=\"724\" height=\"1024\" data-srcset=\"https:\/\/banneux-nd.be\/wp-content\/uploads\/2024\/04\/affiche-75eme-Banneux-Beauraing-724x1024.jpg 724w, https:\/\/banneux-nd.be\/wp-content\/uploads\/2024\/04\/affiche-75eme-Banneux-Beauraing-212x300.jpg 212w, https:\/\/banneux-nd.be\/wp-content\/uploads\/2024\/04\/affiche-75eme-Banneux-Beauraing-768x1086.jpg 768w, https:\/\/banneux-nd.be\/wp-content\/uploads\/2024\/04\/affiche-75eme-Banneux-Beauraing-1086x1536.jpg 1086w, https:\/\/banneux-nd.be\/wp-content\/uploads\/2024\/04\/affiche-75eme-Banneux-Beauraing.jpg 1448w\" data-sizes=\"(max-width: 724px) 100vw, 724px\" src=\"data:image\/svg+xml;base64,PHN2ZyB3aWR0aD0iMSIgaGVpZ2h0PSIxIiB4bWxucz0iaHR0cDovL3d3dy53My5vcmcvMjAwMC9zdmciPjwvc3ZnPg==\" style=\"--smush-placeholder-width: 724px; --smush-placeholder-aspect-ratio: 724\/1024;\" \/><\/p>\n","protected":false},"excerpt":{"rendered":"<p>F\u00eatons les 75 ans de la reconnaissance des Apparitions ! En cette ann\u00e9e 2024, nous f\u00eaterons les 75 ans de la reconnaissance officielle des apparitions de Banneux par l\u2019\u00c9glise. La reconnaissance eccl\u00e9siale est le sceau qui atteste la v\u00e9rit\u00e9 des \u00e9v\u00e9nements survenus entre le 15 janvier et le 2 mars 1933. Elle garantit que les p\u00e8lerins ne sont pas victimes d\u2019une pieuse supercherie. 16 ann\u00e9es apr\u00e8s les apparitions, Monseigneur Kerkhofs, \u00e9v\u00eaque de Li\u00e8ge, appose donc enfin le label de garantie, le 22 ao\u00fbt 1949. Les p\u00e8lerins, eux, n\u2019avaient pas attendu ce feu vert de l\u2019\u00c9glise pour venir en nombre pour v\u00e9n\u00e9rer la Vierge des Pauvres. D\u00e9j\u00e0 en 1933, la chapelle que la Belle Dame d\u00e9sirait a \u00e9t\u00e9 construite et b\u00e9nie. [&hellip;]<\/p>\n","protected":false},"author":10,"featured_media":0,"parent":0,"menu_order":0,"comment_status":"closed","ping_status":"closed","template":"","meta":{"advgb_blocks_editor_width":"","advgb_blocks_columns_visual_guide":"","jetpack_post_was_ever_published":false,"footnotes":""},"class_list":["post-18395","page","type-page","status-publish","hentry"],"yoast_head":"<!-- This site is optimized with the Yoast SEO plugin v27.4 - https:\/\/yoast.com\/product\/yoast-seo-wordpress\/ -->\n<title>75\u00e8me anniversaire de la reconnaissance des Apparitions - Banneux Notre-Dame<\/title>\n<meta name=\"description\" content=\"2024 : 75 ans de la reconnaissance officielle des apparitions par l\u2019\u00c9glise, garantie que les p\u00e8lerins ne sont pas victimes d\u2019une pieuse supercherie.\" \/>\n<meta name=\"robots\" content=\"index, follow, max-snippet:-1, max-image-preview:large, max-video-preview:-1\" \/>\n<link rel=\"canonical\" href=\"https:\/\/banneux-nd.be\/en\/75eme-anniversaire-de-la-reconnaissance-des-apparitions\/\" \/>\n<meta property=\"og:locale\" content=\"en_US\" \/>\n<meta property=\"og:type\" content=\"article\" \/>\n<meta property=\"og:title\" content=\"75\u00e8me anniversaire de la reconnaissance des Apparitions - Banneux Notre-Dame\" \/>\n<meta property=\"og:description\" content=\"2024 : 75 ans de la reconnaissance officielle des apparitions par l\u2019\u00c9glise, garantie que les p\u00e8lerins ne sont pas victimes d\u2019une pieuse supercherie.\" \/>\n<meta property=\"og:url\" content=\"https:\/\/banneux-nd.be\/en\/75eme-anniversaire-de-la-reconnaissance-des-apparitions\/\" \/>\n<meta property=\"og:site_name\" content=\"Banneux Notre-Dame\" \/>\n<meta property=\"article:publisher\" content=\"https:\/\/www.facebook.com\/NDBanneux\/\" \/>\n<meta property=\"article:modified_time\" content=\"2024-08-13T08:33:42+00:00\" \/>\n<meta property=\"og:image\" content=\"https:\/\/banneux-nd.be\/wp-content\/uploads\/2024\/04\/cover-1024x685.jpg\" \/>\n<meta name=\"twitter:card\" content=\"summary_large_image\" \/>\n<meta name=\"twitter:label1\" content=\"Est. reading time\" \/>\n\t<meta name=\"twitter:data1\" content=\"5 minutes\" \/>\n<script type=\"application\/ld+json\" class=\"yoast-schema-graph\">{\"@context\":\"https:\\\/\\\/schema.org\",\"@graph\":[{\"@type\":\"WebPage\",\"@id\":\"https:\\\/\\\/banneux-nd.be\\\/en\\\/75eme-anniversaire-de-la-reconnaissance-des-apparitions\\\/\",\"url\":\"https:\\\/\\\/banneux-nd.be\\\/en\\\/75eme-anniversaire-de-la-reconnaissance-des-apparitions\\\/\",\"name\":\"75\u00e8me anniversaire de la reconnaissance des Apparitions - Banneux Notre-Dame\",\"isPartOf\":{\"@id\":\"https:\\\/\\\/banneux-nd.be\\\/en\\\/#website\"},\"primaryImageOfPage\":{\"@id\":\"https:\\\/\\\/banneux-nd.be\\\/en\\\/75eme-anniversaire-de-la-reconnaissance-des-apparitions\\\/#primaryimage\"},\"image\":{\"@id\":\"https:\\\/\\\/banneux-nd.be\\\/en\\\/75eme-anniversaire-de-la-reconnaissance-des-apparitions\\\/#primaryimage\"},\"thumbnailUrl\":\"https:\\\/\\\/banneux-nd.be\\\/wp-content\\\/uploads\\\/2024\\\/04\\\/cover-1024x685.jpg\",\"datePublished\":\"2024-04-18T16:22:08+00:00\",\"dateModified\":\"2024-08-13T08:33:42+00:00\",\"description\":\"2024 : 75 ans de la reconnaissance officielle des apparitions par l\u2019\u00c9glise, garantie que les p\u00e8lerins ne sont pas victimes d\u2019une pieuse supercherie.\",\"breadcrumb\":{\"@id\":\"https:\\\/\\\/banneux-nd.be\\\/en\\\/75eme-anniversaire-de-la-reconnaissance-des-apparitions\\\/#breadcrumb\"},\"inLanguage\":\"en-US\",\"potentialAction\":[{\"@type\":\"ReadAction\",\"target\":[\"https:\\\/\\\/banneux-nd.be\\\/en\\\/75eme-anniversaire-de-la-reconnaissance-des-apparitions\\\/\"]}]},{\"@type\":\"ImageObject\",\"inLanguage\":\"en-US\",\"@id\":\"https:\\\/\\\/banneux-nd.be\\\/en\\\/75eme-anniversaire-de-la-reconnaissance-des-apparitions\\\/#primaryimage\",\"url\":\"https:\\\/\\\/banneux-nd.be\\\/wp-content\\\/uploads\\\/2024\\\/04\\\/cover-1024x685.jpg\",\"contentUrl\":\"https:\\\/\\\/banneux-nd.be\\\/wp-content\\\/uploads\\\/2024\\\/04\\\/cover-1024x685.jpg\"},{\"@type\":\"BreadcrumbList\",\"@id\":\"https:\\\/\\\/banneux-nd.be\\\/en\\\/75eme-anniversaire-de-la-reconnaissance-des-apparitions\\\/#breadcrumb\",\"itemListElement\":[{\"@type\":\"ListItem\",\"position\":1,\"name\":\"Accueil\",\"item\":\"https:\\\/\\\/banneux-nd.be\\\/en\\\/welcome-in-banneux\\\/\"},{\"@type\":\"ListItem\",\"position\":2,\"name\":\"75\u00e8me anniversaire de la reconnaissance des Apparitions\"}]},{\"@type\":\"WebSite\",\"@id\":\"https:\\\/\\\/banneux-nd.be\\\/en\\\/#website\",\"url\":\"https:\\\/\\\/banneux-nd.be\\\/en\\\/\",\"name\":\"Banneux Notre-Dame\",\"description\":\"Sanctuaire de la Vierge des Pauvres (Belgique)\",\"potentialAction\":[{\"@type\":\"SearchAction\",\"target\":{\"@type\":\"EntryPoint\",\"urlTemplate\":\"https:\\\/\\\/banneux-nd.be\\\/en\\\/?s={search_term_string}\"},\"query-input\":{\"@type\":\"PropertyValueSpecification\",\"valueRequired\":true,\"valueName\":\"search_term_string\"}}],\"inLanguage\":\"en-US\"}]}<\/script>\n<!-- \/ Yoast SEO plugin. -->","yoast_head_json":{"title":"75\u00e8me anniversaire de la reconnaissance des Apparitions - Banneux Notre-Dame","description":"2024 : 75 ans de la reconnaissance officielle des apparitions par l\u2019\u00c9glise, garantie que les p\u00e8lerins ne sont pas victimes d\u2019une pieuse supercherie.","robots":{"index":"index","follow":"follow","max-snippet":"max-snippet:-1","max-image-preview":"max-image-preview:large","max-video-preview":"max-video-preview:-1"},"canonical":"https:\/\/banneux-nd.be\/en\/75eme-anniversaire-de-la-reconnaissance-des-apparitions\/","og_locale":"en_US","og_type":"article","og_title":"75\u00e8me anniversaire de la reconnaissance des Apparitions - Banneux Notre-Dame","og_description":"2024 : 75 ans de la reconnaissance officielle des apparitions par l\u2019\u00c9glise, garantie que les p\u00e8lerins ne sont pas victimes d\u2019une pieuse supercherie.","og_url":"https:\/\/banneux-nd.be\/en\/75eme-anniversaire-de-la-reconnaissance-des-apparitions\/","og_site_name":"Banneux Notre-Dame","article_publisher":"https:\/\/www.facebook.com\/NDBanneux\/","article_modified_time":"2024-08-13T08:33:42+00:00","og_image":[{"url":"https:\/\/banneux-nd.be\/wp-content\/uploads\/2024\/04\/cover-1024x685.jpg","type":"","width":"","height":""}],"twitter_card":"summary_large_image","twitter_misc":{"Est. reading time":"5 minutes"},"schema":{"@context":"https:\/\/schema.org","@graph":[{"@type":"WebPage","@id":"https:\/\/banneux-nd.be\/en\/75eme-anniversaire-de-la-reconnaissance-des-apparitions\/","url":"https:\/\/banneux-nd.be\/en\/75eme-anniversaire-de-la-reconnaissance-des-apparitions\/","name":"75\u00e8me anniversaire de la reconnaissance des Apparitions - Banneux Notre-Dame","isPartOf":{"@id":"https:\/\/banneux-nd.be\/en\/#website"},"primaryImageOfPage":{"@id":"https:\/\/banneux-nd.be\/en\/75eme-anniversaire-de-la-reconnaissance-des-apparitions\/#primaryimage"},"image":{"@id":"https:\/\/banneux-nd.be\/en\/75eme-anniversaire-de-la-reconnaissance-des-apparitions\/#primaryimage"},"thumbnailUrl":"https:\/\/banneux-nd.be\/wp-content\/uploads\/2024\/04\/cover-1024x685.jpg","datePublished":"2024-04-18T16:22:08+00:00","dateModified":"2024-08-13T08:33:42+00:00","description":"2024 : 75 ans de la reconnaissance officielle des apparitions par l\u2019\u00c9glise, garantie que les p\u00e8lerins ne sont pas victimes d\u2019une pieuse supercherie.","breadcrumb":{"@id":"https:\/\/banneux-nd.be\/en\/75eme-anniversaire-de-la-reconnaissance-des-apparitions\/#breadcrumb"},"inLanguage":"en-US","potentialAction":[{"@type":"ReadAction","target":["https:\/\/banneux-nd.be\/en\/75eme-anniversaire-de-la-reconnaissance-des-apparitions\/"]}]},{"@type":"ImageObject","inLanguage":"en-US","@id":"https:\/\/banneux-nd.be\/en\/75eme-anniversaire-de-la-reconnaissance-des-apparitions\/#primaryimage","url":"https:\/\/banneux-nd.be\/wp-content\/uploads\/2024\/04\/cover-1024x685.jpg","contentUrl":"https:\/\/banneux-nd.be\/wp-content\/uploads\/2024\/04\/cover-1024x685.jpg"},{"@type":"BreadcrumbList","@id":"https:\/\/banneux-nd.be\/en\/75eme-anniversaire-de-la-reconnaissance-des-apparitions\/#breadcrumb","itemListElement":[{"@type":"ListItem","position":1,"name":"Accueil","item":"https:\/\/banneux-nd.be\/en\/welcome-in-banneux\/"},{"@type":"ListItem","position":2,"name":"75\u00e8me anniversaire de la reconnaissance des Apparitions"}]},{"@type":"WebSite","@id":"https:\/\/banneux-nd.be\/en\/#website","url":"https:\/\/banneux-nd.be\/en\/","name":"Banneux Notre-Dame","description":"Sanctuaire de la Vierge des Pauvres (Belgique)","potentialAction":[{"@type":"SearchAction","target":{"@type":"EntryPoint","urlTemplate":"https:\/\/banneux-nd.be\/en\/?s={search_term_string}"},"query-input":{"@type":"PropertyValueSpecification","valueRequired":true,"valueName":"search_term_string"}}],"inLanguage":"en-US"}]}},"coauthors":[],"author_meta":{"author_link":"https:\/\/banneux-nd.be\/en\/author\/sanctuaire\/","display_name":"Fabian Delarbre"},"relative_dates":{"created":"Posted 2 years ago","modified":"Updated 2 years ago"},"absolute_dates":{"created":"Posted on 04\/18\/2024","modified":"Updated on 08\/13\/2024"},"absolute_dates_time":{"created":"Posted on 04\/18\/2024 18 h 22 min","modified":"Updated on 08\/13\/2024 10 h 33 min"},"featured_img_caption":"","featured_img":false,"series_order":"","jetpack_sharing_enabled":true,"_links":{"self":[{"href":"https:\/\/banneux-nd.be\/en\/wp-json\/wp\/v2\/pages\/18395","targetHints":{"allow":["GET"]}}],"collection":[{"href":"https:\/\/banneux-nd.be\/en\/wp-json\/wp\/v2\/pages"}],"about":[{"href":"https:\/\/banneux-nd.be\/en\/wp-json\/wp\/v2\/types\/page"}],"author":[{"embeddable":true,"href":"https:\/\/banneux-nd.be\/en\/wp-json\/wp\/v2\/users\/10"}],"replies":[{"embeddable":true,"href":"https:\/\/banneux-nd.be\/en\/wp-json\/wp\/v2\/comments?post=18395"}],"version-history":[{"count":13,"href":"https:\/\/banneux-nd.be\/en\/wp-json\/wp\/v2\/pages\/18395\/revisions"}],"predecessor-version":[{"id":19102,"href":"https:\/\/banneux-nd.be\/en\/wp-json\/wp\/v2\/pages\/18395\/revisions\/19102"}],"wp:attachment":[{"href":"https:\/\/banneux-nd.be\/en\/wp-json\/wp\/v2\/media?parent=18395"}],"curies":[{"name":"wp","href":"https:\/\/api.w.org\/{rel}","templated":true}]}}