{"id":19674,"date":"2025-01-22T12:00:02","date_gmt":"2025-01-22T11:00:02","guid":{"rendered":"https:\/\/banneux-nd.be\/?page_id=19674"},"modified":"2025-01-22T12:00:02","modified_gmt":"2025-01-22T11:00:02","slug":"logo-du-jubile","status":"publish","type":"page","link":"https:\/\/banneux-nd.be\/en\/logo-du-jubile\/","title":{"rendered":"Logo du Jubil\u00e9"},"content":{"rendered":"<div class=\"title left\">\n<h2 style=\"text-align: center;\"><span style=\"color: #008000;\">Logo du Jubil\u00e9<\/span><\/h2>\n<\/div>\n<div class=\"body-text columns-count-1\">\n<p style=\"text-align: justify;\">Le logo repr\u00e9sente quatre figures stylis\u00e9es pour indiquer l\u2019humanit\u00e9 venant des quatre angles de la terre. Elles sont rattach\u00e9es l\u2019une \u00e0 l\u2019autre, pour indiquer la solidarit\u00e9 et la fraternit\u00e9 que les peuples ont en commun.<\/p>\n<p style=\"text-align: justify;\">La premi\u00e8re en t\u00eate est agripp\u00e9e \u00e0 la croix. C\u2019est le signe non seulement de la foi qu\u2019elle embrasse, mais aussi de l\u2019esp\u00e9rance qui ne peut jamais \u00eatre abandonn\u00e9e parce que nous en avons toujours besoin et surtout dans les moments de grande n\u00e9cessit\u00e9. Il est important d\u2019observer les ondes qui sont en dessous et qui sont en mouvement pour indiquer que le p\u00e8lerinage de la vie ne se r\u00e9alise pas toujours dans des eaux tranquilles. Tr\u00e8s souvent les vicissitudes personnelles et les \u00e9v\u00e8nements du monde imposent avec intensit\u00e9 le recours \u00e0 l\u2019esp\u00e9rance. C\u2019est pour cela qu\u2019il faut observer la partie inf\u00e9rieure de la croix qui s\u2019allonge en se transformant en une ancre, qui s\u2019impose sur la devise en forme semi-circulaire. Comme on le sait, l\u2019ancre a \u00e9t\u00e9 g\u00e9n\u00e9ralement utilis\u00e9e comme m\u00e9taphore de l\u2019esp\u00e9rance. L\u2019ancre de salut (Ma\u00eetresse-ancre, ou ancre de mis\u00e9ricorde)\u2019esp\u00e9rance en fait, dans l\u2019argot des marins, est le nom donn\u00e9 \u00e0 l\u2019ancre de r\u00e9serve, utilis\u00e9e dans les embarcations pour accomplir une man\u0153uvre d\u2019urgence en vue de stabiliser le navire durant les temp\u00eates.<\/p>\n<p style=\"text-align: justify;\">Il ne faut pas n\u00e9gliger le fait que l\u2019image montre combien le chemin du p\u00e8lerin n\u2019est pas un fait individuel, mais communautaire, marqu\u00e9 d\u2019un dynamisme croissant qui tend toujours plus vers la croix. La croix n\u2019est pas du tout statique, mais elle est aussi dynamique, elle se courbe vers l\u2019humanit\u00e9 comme pour aller \u00e0 sa rencontre et ne pas la laisser seule, mais en offrant plut\u00f4t la certitude de la pr\u00e9sence et l\u2019assurance de l\u2019esp\u00e9rance. C\u2019est bien visible, enfin, avec la couleur verte, la devise du jubil\u00e9 2025:\u00a0<i>Peregrinantes in Spem<\/i>.<\/p>\n<\/div>\n<p><img fetchpriority=\"high\" decoding=\"async\" class=\"aligncenter wp-image-19485\" src=\"https:\/\/banneux-nd.be\/wp-content\/uploads\/2024\/12\/Jubile2025-FR.png\" alt=\"\" width=\"387\" height=\"390\" srcset=\"https:\/\/banneux-nd.be\/wp-content\/uploads\/2024\/12\/Jubile2025-FR.png 556w, https:\/\/banneux-nd.be\/wp-content\/uploads\/2024\/12\/Jubile2025-FR-297x300.png 297w, https:\/\/banneux-nd.be\/wp-content\/uploads\/2024\/12\/Jubile2025-FR-150x150.png 150w\" sizes=\"(max-width: 387px) 100vw, 387px\" \/><\/p>\n<p>Ce texte est publi\u00e9 sur\u00a0 <a href=\"https:\/\/www.iubilaeum2025.va\/fr\/giubileo-2025\/logo.html\" target=\"_blank\" rel=\"noopener\">le site officiel du Jubil\u00e9 2025<\/a><\/p>\n","protected":false},"excerpt":{"rendered":"<p>Logo du Jubil\u00e9 Le logo repr\u00e9sente quatre figures stylis\u00e9es pour indiquer l\u2019humanit\u00e9 venant des quatre angles de la terre. Elles sont rattach\u00e9es l\u2019une \u00e0 l\u2019autre, pour indiquer la solidarit\u00e9 et la fraternit\u00e9 que les peuples ont en commun. La premi\u00e8re en t\u00eate est agripp\u00e9e \u00e0 la croix. C\u2019est le signe non seulement de la foi qu\u2019elle embrasse, mais aussi de l\u2019esp\u00e9rance qui ne peut jamais \u00eatre abandonn\u00e9e parce que nous en avons toujours besoin et surtout dans les moments de grande n\u00e9cessit\u00e9. Il est important d\u2019observer les ondes qui sont en dessous et qui sont en mouvement pour indiquer que le p\u00e8lerinage de la vie ne se r\u00e9alise pas toujours dans des eaux tranquilles. Tr\u00e8s souvent les vicissitudes personnelles et [&hellip;]<\/p>\n","protected":false},"author":10,"featured_media":19485,"parent":0,"menu_order":0,"comment_status":"closed","ping_status":"closed","template":"","meta":{"advgb_blocks_editor_width":"","advgb_blocks_columns_visual_guide":"","jetpack_post_was_ever_published":false,"footnotes":""},"class_list":["post-19674","page","type-page","status-publish","has-post-thumbnail","hentry"],"yoast_head":"<!-- This site is optimized with the Yoast SEO plugin v27.4 - https:\/\/yoast.com\/product\/yoast-seo-wordpress\/ -->\n<title>Logo du Jubil\u00e9 - Banneux Notre-Dame<\/title>\n<meta name=\"robots\" content=\"index, follow, max-snippet:-1, max-image-preview:large, max-video-preview:-1\" \/>\n<link rel=\"canonical\" href=\"https:\/\/banneux-nd.be\/en\/logo-du-jubile\/\" \/>\n<meta property=\"og:locale\" content=\"en_US\" \/>\n<meta property=\"og:type\" content=\"article\" \/>\n<meta property=\"og:title\" content=\"Logo du Jubil\u00e9 - Banneux Notre-Dame\" \/>\n<meta property=\"og:description\" content=\"Logo du Jubil\u00e9 Le logo repr\u00e9sente quatre figures stylis\u00e9es pour indiquer l\u2019humanit\u00e9 venant des quatre angles de la terre. Elles sont rattach\u00e9es l\u2019une \u00e0 l\u2019autre, pour indiquer la solidarit\u00e9 et la fraternit\u00e9 que les peuples ont en commun. La premi\u00e8re en t\u00eate est agripp\u00e9e \u00e0 la croix. C\u2019est le signe non seulement de la foi qu\u2019elle embrasse, mais aussi de l\u2019esp\u00e9rance qui ne peut jamais \u00eatre abandonn\u00e9e parce que nous en avons toujours besoin et surtout dans les moments de grande n\u00e9cessit\u00e9. Il est important d\u2019observer les ondes qui sont en dessous et qui sont en mouvement pour indiquer que le p\u00e8lerinage de la vie ne se r\u00e9alise pas toujours dans des eaux tranquilles. Tr\u00e8s souvent les vicissitudes personnelles et [&hellip;]\" \/>\n<meta property=\"og:url\" content=\"https:\/\/banneux-nd.be\/en\/logo-du-jubile\/\" \/>\n<meta property=\"og:site_name\" content=\"Banneux Notre-Dame\" \/>\n<meta property=\"article:publisher\" content=\"https:\/\/www.facebook.com\/NDBanneux\/\" \/>\n<meta property=\"og:image\" content=\"https:\/\/banneux-nd.be\/wp-content\/uploads\/2024\/12\/Jubile2025-FR.png\" \/>\n\t<meta property=\"og:image:width\" content=\"556\" \/>\n\t<meta property=\"og:image:height\" content=\"561\" \/>\n\t<meta property=\"og:image:type\" content=\"image\/png\" \/>\n<meta name=\"twitter:card\" content=\"summary_large_image\" \/>\n<meta name=\"twitter:label1\" content=\"Est. reading time\" \/>\n\t<meta name=\"twitter:data1\" content=\"3 minutes\" \/>\n<script type=\"application\/ld+json\" class=\"yoast-schema-graph\">{\"@context\":\"https:\\\/\\\/schema.org\",\"@graph\":[{\"@type\":\"WebPage\",\"@id\":\"https:\\\/\\\/banneux-nd.be\\\/en\\\/logo-du-jubile\\\/\",\"url\":\"https:\\\/\\\/banneux-nd.be\\\/en\\\/logo-du-jubile\\\/\",\"name\":\"Logo du Jubil\u00e9 - Banneux Notre-Dame\",\"isPartOf\":{\"@id\":\"https:\\\/\\\/banneux-nd.be\\\/en\\\/#website\"},\"primaryImageOfPage\":{\"@id\":\"https:\\\/\\\/banneux-nd.be\\\/en\\\/logo-du-jubile\\\/#primaryimage\"},\"image\":{\"@id\":\"https:\\\/\\\/banneux-nd.be\\\/en\\\/logo-du-jubile\\\/#primaryimage\"},\"thumbnailUrl\":\"https:\\\/\\\/banneux-nd.be\\\/wp-content\\\/uploads\\\/2024\\\/12\\\/Jubile2025-FR.png\",\"datePublished\":\"2025-01-22T11:00:02+00:00\",\"breadcrumb\":{\"@id\":\"https:\\\/\\\/banneux-nd.be\\\/en\\\/logo-du-jubile\\\/#breadcrumb\"},\"inLanguage\":\"en-US\",\"potentialAction\":[{\"@type\":\"ReadAction\",\"target\":[\"https:\\\/\\\/banneux-nd.be\\\/en\\\/logo-du-jubile\\\/\"]}]},{\"@type\":\"ImageObject\",\"inLanguage\":\"en-US\",\"@id\":\"https:\\\/\\\/banneux-nd.be\\\/en\\\/logo-du-jubile\\\/#primaryimage\",\"url\":\"https:\\\/\\\/banneux-nd.be\\\/wp-content\\\/uploads\\\/2024\\\/12\\\/Jubile2025-FR.png\",\"contentUrl\":\"https:\\\/\\\/banneux-nd.be\\\/wp-content\\\/uploads\\\/2024\\\/12\\\/Jubile2025-FR.png\",\"width\":556,\"height\":561},{\"@type\":\"BreadcrumbList\",\"@id\":\"https:\\\/\\\/banneux-nd.be\\\/en\\\/logo-du-jubile\\\/#breadcrumb\",\"itemListElement\":[{\"@type\":\"ListItem\",\"position\":1,\"name\":\"Accueil\",\"item\":\"https:\\\/\\\/banneux-nd.be\\\/en\\\/welcome-in-banneux\\\/\"},{\"@type\":\"ListItem\",\"position\":2,\"name\":\"Logo du Jubil\u00e9\"}]},{\"@type\":\"WebSite\",\"@id\":\"https:\\\/\\\/banneux-nd.be\\\/en\\\/#website\",\"url\":\"https:\\\/\\\/banneux-nd.be\\\/en\\\/\",\"name\":\"Banneux Notre-Dame\",\"description\":\"Sanctuaire de la Vierge des Pauvres (Belgique)\",\"potentialAction\":[{\"@type\":\"SearchAction\",\"target\":{\"@type\":\"EntryPoint\",\"urlTemplate\":\"https:\\\/\\\/banneux-nd.be\\\/en\\\/?s={search_term_string}\"},\"query-input\":{\"@type\":\"PropertyValueSpecification\",\"valueRequired\":true,\"valueName\":\"search_term_string\"}}],\"inLanguage\":\"en-US\"}]}<\/script>\n<!-- \/ Yoast SEO plugin. -->","yoast_head_json":{"title":"Logo du Jubil\u00e9 - Banneux Notre-Dame","robots":{"index":"index","follow":"follow","max-snippet":"max-snippet:-1","max-image-preview":"max-image-preview:large","max-video-preview":"max-video-preview:-1"},"canonical":"https:\/\/banneux-nd.be\/en\/logo-du-jubile\/","og_locale":"en_US","og_type":"article","og_title":"Logo du Jubil\u00e9 - Banneux Notre-Dame","og_description":"Logo du Jubil\u00e9 Le logo repr\u00e9sente quatre figures stylis\u00e9es pour indiquer l\u2019humanit\u00e9 venant des quatre angles de la terre. Elles sont rattach\u00e9es l\u2019une \u00e0 l\u2019autre, pour indiquer la solidarit\u00e9 et la fraternit\u00e9 que les peuples ont en commun. La premi\u00e8re en t\u00eate est agripp\u00e9e \u00e0 la croix. C\u2019est le signe non seulement de la foi qu\u2019elle embrasse, mais aussi de l\u2019esp\u00e9rance qui ne peut jamais \u00eatre abandonn\u00e9e parce que nous en avons toujours besoin et surtout dans les moments de grande n\u00e9cessit\u00e9. Il est important d\u2019observer les ondes qui sont en dessous et qui sont en mouvement pour indiquer que le p\u00e8lerinage de la vie ne se r\u00e9alise pas toujours dans des eaux tranquilles. Tr\u00e8s souvent les vicissitudes personnelles et [&hellip;]","og_url":"https:\/\/banneux-nd.be\/en\/logo-du-jubile\/","og_site_name":"Banneux Notre-Dame","article_publisher":"https:\/\/www.facebook.com\/NDBanneux\/","og_image":[{"width":556,"height":561,"url":"https:\/\/banneux-nd.be\/wp-content\/uploads\/2024\/12\/Jubile2025-FR.png","type":"image\/png"}],"twitter_card":"summary_large_image","twitter_misc":{"Est. reading time":"3 minutes"},"schema":{"@context":"https:\/\/schema.org","@graph":[{"@type":"WebPage","@id":"https:\/\/banneux-nd.be\/en\/logo-du-jubile\/","url":"https:\/\/banneux-nd.be\/en\/logo-du-jubile\/","name":"Logo du Jubil\u00e9 - Banneux Notre-Dame","isPartOf":{"@id":"https:\/\/banneux-nd.be\/en\/#website"},"primaryImageOfPage":{"@id":"https:\/\/banneux-nd.be\/en\/logo-du-jubile\/#primaryimage"},"image":{"@id":"https:\/\/banneux-nd.be\/en\/logo-du-jubile\/#primaryimage"},"thumbnailUrl":"https:\/\/banneux-nd.be\/wp-content\/uploads\/2024\/12\/Jubile2025-FR.png","datePublished":"2025-01-22T11:00:02+00:00","breadcrumb":{"@id":"https:\/\/banneux-nd.be\/en\/logo-du-jubile\/#breadcrumb"},"inLanguage":"en-US","potentialAction":[{"@type":"ReadAction","target":["https:\/\/banneux-nd.be\/en\/logo-du-jubile\/"]}]},{"@type":"ImageObject","inLanguage":"en-US","@id":"https:\/\/banneux-nd.be\/en\/logo-du-jubile\/#primaryimage","url":"https:\/\/banneux-nd.be\/wp-content\/uploads\/2024\/12\/Jubile2025-FR.png","contentUrl":"https:\/\/banneux-nd.be\/wp-content\/uploads\/2024\/12\/Jubile2025-FR.png","width":556,"height":561},{"@type":"BreadcrumbList","@id":"https:\/\/banneux-nd.be\/en\/logo-du-jubile\/#breadcrumb","itemListElement":[{"@type":"ListItem","position":1,"name":"Accueil","item":"https:\/\/banneux-nd.be\/en\/welcome-in-banneux\/"},{"@type":"ListItem","position":2,"name":"Logo du Jubil\u00e9"}]},{"@type":"WebSite","@id":"https:\/\/banneux-nd.be\/en\/#website","url":"https:\/\/banneux-nd.be\/en\/","name":"Banneux Notre-Dame","description":"Sanctuaire de la Vierge des Pauvres (Belgique)","potentialAction":[{"@type":"SearchAction","target":{"@type":"EntryPoint","urlTemplate":"https:\/\/banneux-nd.be\/en\/?s={search_term_string}"},"query-input":{"@type":"PropertyValueSpecification","valueRequired":true,"valueName":"search_term_string"}}],"inLanguage":"en-US"}]}},"coauthors":[],"author_meta":{"author_link":"https:\/\/banneux-nd.be\/en\/author\/sanctuaire\/","display_name":"Fabian Delarbre"},"relative_dates":{"created":"Posted 1 year ago","modified":"Updated 1 year ago"},"absolute_dates":{"created":"Posted on 01\/22\/2025","modified":"Updated on 01\/22\/2025"},"absolute_dates_time":{"created":"Posted on 01\/22\/2025 12 h 00 min","modified":"Updated on 01\/22\/2025 12 h 00 min"},"featured_img_caption":"","featured_img":"https:\/\/banneux-nd.be\/wp-content\/uploads\/2024\/12\/Jubile2025-FR.png","series_order":"","jetpack_sharing_enabled":true,"_links":{"self":[{"href":"https:\/\/banneux-nd.be\/en\/wp-json\/wp\/v2\/pages\/19674","targetHints":{"allow":["GET"]}}],"collection":[{"href":"https:\/\/banneux-nd.be\/en\/wp-json\/wp\/v2\/pages"}],"about":[{"href":"https:\/\/banneux-nd.be\/en\/wp-json\/wp\/v2\/types\/page"}],"author":[{"embeddable":true,"href":"https:\/\/banneux-nd.be\/en\/wp-json\/wp\/v2\/users\/10"}],"replies":[{"embeddable":true,"href":"https:\/\/banneux-nd.be\/en\/wp-json\/wp\/v2\/comments?post=19674"}],"version-history":[{"count":2,"href":"https:\/\/banneux-nd.be\/en\/wp-json\/wp\/v2\/pages\/19674\/revisions"}],"predecessor-version":[{"id":19676,"href":"https:\/\/banneux-nd.be\/en\/wp-json\/wp\/v2\/pages\/19674\/revisions\/19676"}],"wp:featuredmedia":[{"embeddable":true,"href":"https:\/\/banneux-nd.be\/en\/wp-json\/wp\/v2\/media\/19485"}],"wp:attachment":[{"href":"https:\/\/banneux-nd.be\/en\/wp-json\/wp\/v2\/media?parent=19674"}],"curies":[{"name":"wp","href":"https:\/\/api.w.org\/{rel}","templated":true}]}}