{"id":8996,"date":"2018-07-19T12:15:41","date_gmt":"2018-07-19T10:15:41","guid":{"rendered":"http:\/\/www.banneux-nd.be\/?page_id=8996"},"modified":"2018-08-08T20:28:02","modified_gmt":"2018-08-08T18:28:02","slug":"annee-de-la-misericorde","status":"publish","type":"page","link":"https:\/\/banneux-nd.be\/en\/annee-de-la-misericorde\/","title":{"rendered":"Ann\u00e9e de la Mis\u00e9ricorde (2015-2016)"},"content":{"rendered":"<h3 style=\"text-align: center;\"><strong>Ouverture de la Porte Sainte,<br \/>\nle dimanche 20 d\u00e9cembre 2015<\/strong><\/h3>\n<ul>\n<li><a href=\"https:\/\/banneux-nd.be\/en\/recit-dune-pelerine\/\" target=\"_blank\" rel=\"noopener\">R\u00e9cit d&#8217;une p\u00e8lerine<\/a><\/li>\n<li><a href=\"https:\/\/banneux-nd.be\/en\/ouverture-de-la-porte-sainte-1\/\" target=\"_blank\" rel=\"noopener\">Ouverture de la Porte Sainte : r\u00e9cit d&#8217;un temps de gr\u00e2ce (1)<\/a><\/li>\n<li><a href=\"https:\/\/banneux-nd.be\/en\/ouverture-de-la-porte-sainte-2\/\" target=\"_blank\" rel=\"noopener\">Ouverture de la Porte Sainte : r\u00e9cit d&#8217;un temps de gr\u00e2ce (2)<\/a><\/li>\n<li><a href=\"https:\/\/banneux-nd.be\/en\/ouverture-de-la-porte-sainte-3\/\" target=\"_blank\" rel=\"noopener\">Ouverture de la Porte Sainte : r\u00e9cit d&#8217;un temps de gr\u00e2ce (3)<\/a><\/li>\n<\/ul>\n<h3>Souvenir en vid\u00e9o<\/h3>\n<p><span class=\"embed-youtube\" style=\"text-align:center; display: block;\"><iframe class=\"youtube-player lazyload\" width=\"630\" height=\"473\" data-src=\"https:\/\/www.youtube.com\/embed\/aJICn4JtEbs?version=3&#038;rel=1&#038;showsearch=0&#038;showinfo=1&#038;iv_load_policy=1&#038;fs=1&#038;hl=en-US&#038;autohide=2&#038;wmode=transparent\" allowfullscreen=\"true\" style=\"border:0;\" sandbox=\"allow-scripts allow-same-origin allow-popups allow-presentation allow-popups-to-escape-sandbox\" src=\"data:image\/svg+xml;base64,PHN2ZyB3aWR0aD0iMSIgaGVpZ2h0PSIxIiB4bWxucz0iaHR0cDovL3d3dy53My5vcmcvMjAwMC9zdmciPjwvc3ZnPg==\" data-load-mode=\"1\"><\/iframe><\/span><\/p>\n<p>&nbsp;<\/p>\n<h3 style=\"text-align: center;\"><strong>Cl\u00f4ture de l&#8217;Ann\u00e9e Sainte et<br \/>\nfermeture de la Porte Sainte, le 6 novembre 2016<\/strong><\/h3>\n<p><a href=\"https:\/\/banneux-nd.be\/en\/cloture-annee-sainte-1\/\" target=\"_blank\" rel=\"noopener\">Cl\u00f4ture de l&#8217;Ann\u00e9e Sainte (1)<\/a><\/p>\n<p><a href=\"https:\/\/banneux-nd.be\/en\/cloture-annee-sainte-2\/\" target=\"_blank\" rel=\"noopener\">Cl\u00f4ture de l&#8217;Ann\u00e9e Sainte (2)<\/a><\/p>\n<p><a href=\"https:\/\/banneux-nd.be\/en\/cloture-de-la-porte-sainte\/\" target=\"_blank\" rel=\"noopener\">Cl\u00f4ture de la Porte Sainte<\/a><\/p>\n<p><img fetchpriority=\"high\" decoding=\"async\" class=\"aligncenter wp-image-10022 size-large\" src=\"https:\/\/banneux-nd.be\/wp-content\/uploads\/2018\/08\/2016-11-11-Fin-Ann\u00e9e-Sainte-Photos-de-Banneux-182-1024x686.jpg\" alt=\"\" width=\"758\" height=\"508\" srcset=\"https:\/\/banneux-nd.be\/wp-content\/uploads\/2018\/08\/2016-11-11-Fin-Ann\u00e9e-Sainte-Photos-de-Banneux-182-1024x686.jpg 1024w, https:\/\/banneux-nd.be\/wp-content\/uploads\/2018\/08\/2016-11-11-Fin-Ann\u00e9e-Sainte-Photos-de-Banneux-182-300x201.jpg 300w, https:\/\/banneux-nd.be\/wp-content\/uploads\/2018\/08\/2016-11-11-Fin-Ann\u00e9e-Sainte-Photos-de-Banneux-182-768x514.jpg 768w, https:\/\/banneux-nd.be\/wp-content\/uploads\/2018\/08\/2016-11-11-Fin-Ann\u00e9e-Sainte-Photos-de-Banneux-182.jpg 1195w\" sizes=\"(max-width: 758px) 100vw, 758px\" \/><\/p>\n","protected":false},"excerpt":{"rendered":"<p>Ouverture de la Porte Sainte, le dimanche 20 d\u00e9cembre 2015 R\u00e9cit d&#8217;une p\u00e8lerine Ouverture de la Porte Sainte : r\u00e9cit d&#8217;un temps de gr\u00e2ce (1) Ouverture de la Porte Sainte : r\u00e9cit d&#8217;un temps de gr\u00e2ce (2) Ouverture de la Porte Sainte : r\u00e9cit d&#8217;un temps de gr\u00e2ce (3) Souvenir en vid\u00e9o &nbsp; Cl\u00f4ture de l&#8217;Ann\u00e9e Sainte et fermeture de la Porte Sainte, le 6 novembre 2016 Cl\u00f4ture de l&#8217;Ann\u00e9e Sainte (1) Cl\u00f4ture de l&#8217;Ann\u00e9e Sainte (2) Cl\u00f4ture de la Porte Sainte<\/p>\n","protected":false},"author":4,"featured_media":0,"parent":0,"menu_order":0,"comment_status":"closed","ping_status":"closed","template":"","meta":{"advgb_blocks_editor_width":"","advgb_blocks_columns_visual_guide":"","jetpack_post_was_ever_published":false,"footnotes":""},"class_list":["post-8996","page","type-page","status-publish","hentry"],"yoast_head":"<!-- This site is optimized with the Yoast SEO plugin v27.4 - https:\/\/yoast.com\/product\/yoast-seo-wordpress\/ -->\n<title>Ann\u00e9e de la Mis\u00e9ricorde (2015-2016) - Banneux Notre-Dame<\/title>\n<meta name=\"robots\" content=\"index, follow, max-snippet:-1, max-image-preview:large, max-video-preview:-1\" \/>\n<link rel=\"canonical\" href=\"https:\/\/banneux-nd.be\/en\/annee-de-la-misericorde\/\" \/>\n<meta property=\"og:locale\" content=\"en_US\" \/>\n<meta property=\"og:type\" content=\"article\" \/>\n<meta property=\"og:title\" content=\"Ann\u00e9e de la Mis\u00e9ricorde (2015-2016) - Banneux Notre-Dame\" \/>\n<meta property=\"og:description\" content=\"Ouverture de la Porte Sainte, le dimanche 20 d\u00e9cembre 2015 R\u00e9cit d&#8217;une p\u00e8lerine Ouverture de la Porte Sainte : r\u00e9cit d&#8217;un temps de gr\u00e2ce (1) Ouverture de la Porte Sainte : r\u00e9cit d&#8217;un temps de gr\u00e2ce (2) Ouverture de la Porte Sainte : r\u00e9cit d&#8217;un temps de gr\u00e2ce (3) Souvenir en vid\u00e9o &nbsp; Cl\u00f4ture de l&#8217;Ann\u00e9e Sainte et fermeture de la Porte Sainte, le 6 novembre 2016 Cl\u00f4ture de l&#8217;Ann\u00e9e Sainte (1) Cl\u00f4ture de l&#8217;Ann\u00e9e Sainte (2) Cl\u00f4ture de la Porte Sainte\" \/>\n<meta property=\"og:url\" content=\"https:\/\/banneux-nd.be\/en\/annee-de-la-misericorde\/\" \/>\n<meta property=\"og:site_name\" content=\"Banneux Notre-Dame\" \/>\n<meta property=\"article:publisher\" content=\"https:\/\/www.facebook.com\/NDBanneux\/\" \/>\n<meta property=\"article:modified_time\" content=\"2018-08-08T18:28:02+00:00\" \/>\n<meta property=\"og:image\" content=\"https:\/\/banneux-nd.be\/wp-content\/uploads\/2018\/08\/2016-11-11-Fin-Ann\u00e9e-Sainte-Photos-de-Banneux-182-1024x686.jpg\" \/>\n<meta name=\"twitter:card\" content=\"summary_large_image\" \/>\n<script type=\"application\/ld+json\" class=\"yoast-schema-graph\">{\"@context\":\"https:\\\/\\\/schema.org\",\"@graph\":[{\"@type\":\"WebPage\",\"@id\":\"https:\\\/\\\/banneux-nd.be\\\/en\\\/annee-de-la-misericorde\\\/\",\"url\":\"https:\\\/\\\/banneux-nd.be\\\/en\\\/annee-de-la-misericorde\\\/\",\"name\":\"Ann\u00e9e de la Mis\u00e9ricorde (2015-2016) - Banneux Notre-Dame\",\"isPartOf\":{\"@id\":\"https:\\\/\\\/banneux-nd.be\\\/en\\\/#website\"},\"datePublished\":\"2018-07-19T10:15:41+00:00\",\"dateModified\":\"2018-08-08T18:28:02+00:00\",\"breadcrumb\":{\"@id\":\"https:\\\/\\\/banneux-nd.be\\\/en\\\/annee-de-la-misericorde\\\/#breadcrumb\"},\"inLanguage\":\"en-US\",\"potentialAction\":[{\"@type\":\"ReadAction\",\"target\":[\"https:\\\/\\\/banneux-nd.be\\\/en\\\/annee-de-la-misericorde\\\/\"]}]},{\"@type\":\"BreadcrumbList\",\"@id\":\"https:\\\/\\\/banneux-nd.be\\\/en\\\/annee-de-la-misericorde\\\/#breadcrumb\",\"itemListElement\":[{\"@type\":\"ListItem\",\"position\":1,\"name\":\"Accueil\",\"item\":\"https:\\\/\\\/banneux-nd.be\\\/en\\\/welcome-in-banneux\\\/\"},{\"@type\":\"ListItem\",\"position\":2,\"name\":\"Ann\u00e9e de la Mis\u00e9ricorde (2015-2016)\"}]},{\"@type\":\"WebSite\",\"@id\":\"https:\\\/\\\/banneux-nd.be\\\/en\\\/#website\",\"url\":\"https:\\\/\\\/banneux-nd.be\\\/en\\\/\",\"name\":\"Banneux Notre-Dame\",\"description\":\"Sanctuaire de la Vierge des Pauvres (Belgique)\",\"potentialAction\":[{\"@type\":\"SearchAction\",\"target\":{\"@type\":\"EntryPoint\",\"urlTemplate\":\"https:\\\/\\\/banneux-nd.be\\\/en\\\/?s={search_term_string}\"},\"query-input\":{\"@type\":\"PropertyValueSpecification\",\"valueRequired\":true,\"valueName\":\"search_term_string\"}}],\"inLanguage\":\"en-US\"}]}<\/script>\n<!-- \/ Yoast SEO plugin. -->","yoast_head_json":{"title":"Ann\u00e9e de la Mis\u00e9ricorde (2015-2016) - Banneux Notre-Dame","robots":{"index":"index","follow":"follow","max-snippet":"max-snippet:-1","max-image-preview":"max-image-preview:large","max-video-preview":"max-video-preview:-1"},"canonical":"https:\/\/banneux-nd.be\/en\/annee-de-la-misericorde\/","og_locale":"en_US","og_type":"article","og_title":"Ann\u00e9e de la Mis\u00e9ricorde (2015-2016) - Banneux Notre-Dame","og_description":"Ouverture de la Porte Sainte, le dimanche 20 d\u00e9cembre 2015 R\u00e9cit d&#8217;une p\u00e8lerine Ouverture de la Porte Sainte : r\u00e9cit d&#8217;un temps de gr\u00e2ce (1) Ouverture de la Porte Sainte : r\u00e9cit d&#8217;un temps de gr\u00e2ce (2) Ouverture de la Porte Sainte : r\u00e9cit d&#8217;un temps de gr\u00e2ce (3) Souvenir en vid\u00e9o &nbsp; Cl\u00f4ture de l&#8217;Ann\u00e9e Sainte et fermeture de la Porte Sainte, le 6 novembre 2016 Cl\u00f4ture de l&#8217;Ann\u00e9e Sainte (1) Cl\u00f4ture de l&#8217;Ann\u00e9e Sainte (2) Cl\u00f4ture de la Porte Sainte","og_url":"https:\/\/banneux-nd.be\/en\/annee-de-la-misericorde\/","og_site_name":"Banneux Notre-Dame","article_publisher":"https:\/\/www.facebook.com\/NDBanneux\/","article_modified_time":"2018-08-08T18:28:02+00:00","og_image":[{"url":"https:\/\/banneux-nd.be\/wp-content\/uploads\/2018\/08\/2016-11-11-Fin-Ann\u00e9e-Sainte-Photos-de-Banneux-182-1024x686.jpg","type":"","width":"","height":""}],"twitter_card":"summary_large_image","schema":{"@context":"https:\/\/schema.org","@graph":[{"@type":"WebPage","@id":"https:\/\/banneux-nd.be\/en\/annee-de-la-misericorde\/","url":"https:\/\/banneux-nd.be\/en\/annee-de-la-misericorde\/","name":"Ann\u00e9e de la Mis\u00e9ricorde (2015-2016) - Banneux Notre-Dame","isPartOf":{"@id":"https:\/\/banneux-nd.be\/en\/#website"},"datePublished":"2018-07-19T10:15:41+00:00","dateModified":"2018-08-08T18:28:02+00:00","breadcrumb":{"@id":"https:\/\/banneux-nd.be\/en\/annee-de-la-misericorde\/#breadcrumb"},"inLanguage":"en-US","potentialAction":[{"@type":"ReadAction","target":["https:\/\/banneux-nd.be\/en\/annee-de-la-misericorde\/"]}]},{"@type":"BreadcrumbList","@id":"https:\/\/banneux-nd.be\/en\/annee-de-la-misericorde\/#breadcrumb","itemListElement":[{"@type":"ListItem","position":1,"name":"Accueil","item":"https:\/\/banneux-nd.be\/en\/welcome-in-banneux\/"},{"@type":"ListItem","position":2,"name":"Ann\u00e9e de la Mis\u00e9ricorde (2015-2016)"}]},{"@type":"WebSite","@id":"https:\/\/banneux-nd.be\/en\/#website","url":"https:\/\/banneux-nd.be\/en\/","name":"Banneux Notre-Dame","description":"Sanctuaire de la Vierge des Pauvres (Belgique)","potentialAction":[{"@type":"SearchAction","target":{"@type":"EntryPoint","urlTemplate":"https:\/\/banneux-nd.be\/en\/?s={search_term_string}"},"query-input":{"@type":"PropertyValueSpecification","valueRequired":true,"valueName":"search_term_string"}}],"inLanguage":"en-US"}]}},"coauthors":[],"author_meta":{"author_link":"https:\/\/banneux-nd.be\/en\/author\/dreusdeille\/","display_name":"Anne-Elisabeth N\u00e8ve"},"relative_dates":{"created":"Posted 8 years ago","modified":"Updated 8 years ago"},"absolute_dates":{"created":"Posted on 07\/19\/2018","modified":"Updated on 08\/08\/2018"},"absolute_dates_time":{"created":"Posted on 07\/19\/2018 12 h 15 min","modified":"Updated on 08\/08\/2018 20 h 28 min"},"featured_img_caption":"","featured_img":false,"series_order":"","jetpack_sharing_enabled":true,"_links":{"self":[{"href":"https:\/\/banneux-nd.be\/en\/wp-json\/wp\/v2\/pages\/8996","targetHints":{"allow":["GET"]}}],"collection":[{"href":"https:\/\/banneux-nd.be\/en\/wp-json\/wp\/v2\/pages"}],"about":[{"href":"https:\/\/banneux-nd.be\/en\/wp-json\/wp\/v2\/types\/page"}],"author":[{"embeddable":true,"href":"https:\/\/banneux-nd.be\/en\/wp-json\/wp\/v2\/users\/4"}],"replies":[{"embeddable":true,"href":"https:\/\/banneux-nd.be\/en\/wp-json\/wp\/v2\/comments?post=8996"}],"version-history":[{"count":11,"href":"https:\/\/banneux-nd.be\/en\/wp-json\/wp\/v2\/pages\/8996\/revisions"}],"predecessor-version":[{"id":10040,"href":"https:\/\/banneux-nd.be\/en\/wp-json\/wp\/v2\/pages\/8996\/revisions\/10040"}],"wp:attachment":[{"href":"https:\/\/banneux-nd.be\/en\/wp-json\/wp\/v2\/media?parent=8996"}],"curies":[{"name":"wp","href":"https:\/\/api.w.org\/{rel}","templated":true}]}}