{"id":105,"date":"2015-07-20T08:58:57","date_gmt":"2015-07-20T06:58:57","guid":{"rendered":"http:\/\/wwwwp.banneux-nd.be\/ars\/"},"modified":"2018-05-29T21:46:06","modified_gmt":"2018-05-29T19:46:06","slug":"ars","status":"publish","type":"page","link":"https:\/\/banneux-nd.be\/es\/ars\/","title":{"rendered":"ARS"},"content":{"rendered":"<p class=\"rtejustify\" style=\"text-align: justify;\">L&#8217;<strong><em>Association des Responsables de Sanctuaires<\/em><\/strong> (ARS) s&#8217;\u00e9tend \u00e0 la Belgique et \u00e0 la France. Le sanctuaire de Banneux a particip\u00e9 \u00e0 sa r\u00e9union annuelle \u00e0 Paris pendant de nombreuses ann\u00e9es.<\/p>\n<p class=\"rtejustify\" style=\"text-align: justify;\">L\u2019ARS Belgique r\u00e9unit les responsables de sanctuaires de Belgique francophone et ceux du Grand-Duch\u00e9 de Luxembourg. L&#8217;ARS se r\u00e9unit deux fois par an. En mars, avant l&#8217;ouverture de la saison des p\u00e8lerinages, un recteur de sanctuaire invite les autres \u00e0 faire la connaissance du lieu qu\u2019il repr\u00e9sente. Le groupe apprend ainsi \u00e0 appr\u00e9cier et \u00e0 conna\u00eetre la particularit\u00e9 des autres lieux de la Belgique francophone.<\/p>\n<p class=\"rtejustify\" style=\"text-align: justify;\"><img fetchpriority=\"high\" decoding=\"async\" class=\"aligncenter\" style=\"width: 100%;\" src=\"https:\/\/banneux-nd.be\/wp-content\/uploads\/2017\/08\/ARS - Beauraing 3.jpg\" alt=\"Notre-Dame au C\u0153ur d'or - Beauraing\" width=\"800\" height=\"239\" \/><\/p>\n<p class=\"rtejustify\" style=\"text-align: justify;\">En 1995 : fondation de l&#8217;ARS Belgique. Pr\u00e9c\u00e9demment, les sanctuaires belges francophones \u00e9taient affili\u00e9s \u00e0 l&#8217;ARS France.<\/p>\n<p class=\"rtejustify\" style=\"text-align: justify;\">Les objectifs sont accept\u00e9s par les \u00e9v\u00eaques en 1996 : fraternisation entre les divers membres repr\u00e9sentant les sanctuaires, d\u00e9couverte des diff\u00e9rents sanctuaires, partages sur les activit\u00e9s des divers lieux, formation des accueillants. L&#8217;ARS collabore avec la Commission \u00e9piscopale pour l&#8217;\u00c9vang\u00e9lisation, pr\u00e9sid\u00e9e par Mgr Vancottem, \u00e0 la recherche de nouvelles voies d&#8217;\u00e9vang\u00e9lisation.<\/p>\n<p class=\"rtejustify\" style=\"text-align: justify;\">En 1997, une <em>Charte des Sanctuaires<\/em> est promulgu\u00e9e.<\/p>\n<p class=\"rtejustify\" style=\"text-align: justify;\">L&#8217;ARS permet aux recteurs et animateurs des sanctuaires des dioc\u00e8ses francophones de Belgique de se retrouver et de se dire leurs projets, les r\u00e9ussites de leur pastorale, leurs difficult\u00e9s, mais aussi de r\u00e9fl\u00e9chir ensemble et avec l&#8217;aide de sp\u00e9cialistes, th\u00e9ologiens, biblistes\u2026, sur certaines th\u00e9matiques.<\/p>\n<p class=\"rtejustify\" style=\"text-align: justify;\">L&#8217;une des originalit\u00e9s de l&#8217;ARS est de ne pas faire de diff\u00e9rence entre les \u00ab grands \u00bb ou les \u00ab petits \u00bb sanctuaires.\u00a0L\u2019association consid\u00e8re en effet que les \u00ab petits \u00bb sanctuaires sont porteurs d&#8217;\u2019une pi\u00e9t\u00e9 populaire authentique et qu&#8217;ils expriment, tout autant que les \u00ab grands \u00bb, la voix du Peuple de Dieu.<\/p>\n<p class=\"rtejustify\" style=\"text-align: justify;\">Une vingtaine de sanctuaires font partie de l&#8217;ARS.<\/p>\n","protected":false},"excerpt":{"rendered":"<p>L&#8217;Association des Responsables de Sanctuaires (ARS) s&#8217;\u00e9tend \u00e0 la Belgique et \u00e0 la France. Le sanctuaire de Banneux a particip\u00e9 \u00e0 sa r\u00e9union annuelle \u00e0 Paris pendant de nombreuses ann\u00e9es. L\u2019ARS Belgique r\u00e9unit les responsables de sanctuaires de Belgique francophone et ceux du Grand-Duch\u00e9 de Luxembourg. L&#8217;ARS se r\u00e9unit deux fois par an. En mars, avant l&#8217;ouverture de la saison des p\u00e8lerinages, un recteur de sanctuaire invite les autres \u00e0 faire la connaissance du lieu qu\u2019il repr\u00e9sente. Le groupe apprend ainsi \u00e0 appr\u00e9cier et \u00e0 conna\u00eetre la particularit\u00e9 des autres lieux de la Belgique francophone. En 1995 : fondation de l&#8217;ARS Belgique. Pr\u00e9c\u00e9demment, les sanctuaires belges francophones \u00e9taient affili\u00e9s \u00e0 l&#8217;ARS France. Les objectifs sont accept\u00e9s par les \u00e9v\u00eaques en [&hellip;]<\/p>\n","protected":false},"author":2,"featured_media":0,"parent":0,"menu_order":0,"comment_status":"closed","ping_status":"closed","template":"","meta":{"advgb_blocks_editor_width":"","advgb_blocks_columns_visual_guide":"","jetpack_post_was_ever_published":false,"footnotes":""},"class_list":["post-105","page","type-page","status-publish","hentry"],"yoast_head":"<!-- This site is optimized with the Yoast SEO plugin v27.3 - https:\/\/yoast.com\/product\/yoast-seo-wordpress\/ -->\n<title>ARS - Banneux Notre-Dame<\/title>\n<meta name=\"robots\" content=\"index, follow, max-snippet:-1, max-image-preview:large, max-video-preview:-1\" \/>\n<link rel=\"canonical\" href=\"https:\/\/banneux-nd.be\/es\/ars\/\" \/>\n<meta property=\"og:locale\" content=\"es_ES\" \/>\n<meta property=\"og:type\" content=\"article\" \/>\n<meta property=\"og:title\" content=\"ARS - Banneux Notre-Dame\" \/>\n<meta property=\"og:description\" content=\"L&#8217;Association des Responsables de Sanctuaires (ARS) s&#8217;\u00e9tend \u00e0 la Belgique et \u00e0 la France. Le sanctuaire de Banneux a particip\u00e9 \u00e0 sa r\u00e9union annuelle \u00e0 Paris pendant de nombreuses ann\u00e9es. L\u2019ARS Belgique r\u00e9unit les responsables de sanctuaires de Belgique francophone et ceux du Grand-Duch\u00e9 de Luxembourg. L&#8217;ARS se r\u00e9unit deux fois par an. En mars, avant l&#8217;ouverture de la saison des p\u00e8lerinages, un recteur de sanctuaire invite les autres \u00e0 faire la connaissance du lieu qu\u2019il repr\u00e9sente. Le groupe apprend ainsi \u00e0 appr\u00e9cier et \u00e0 conna\u00eetre la particularit\u00e9 des autres lieux de la Belgique francophone. En 1995 : fondation de l&#8217;ARS Belgique. Pr\u00e9c\u00e9demment, les sanctuaires belges francophones \u00e9taient affili\u00e9s \u00e0 l&#8217;ARS France. Les objectifs sont accept\u00e9s par les \u00e9v\u00eaques en [&hellip;]\" \/>\n<meta property=\"og:url\" content=\"https:\/\/banneux-nd.be\/es\/ars\/\" \/>\n<meta property=\"og:site_name\" content=\"Banneux Notre-Dame\" \/>\n<meta property=\"article:publisher\" content=\"https:\/\/www.facebook.com\/NDBanneux\/\" \/>\n<meta property=\"article:modified_time\" content=\"2018-05-29T19:46:06+00:00\" \/>\n<meta property=\"og:image\" content=\"https:\/\/banneux-nd.be\/wp-content\/uploads\/2017\/08\/ARS%20-%20Beauraing%203.jpg\" \/>\n<meta name=\"twitter:card\" content=\"summary_large_image\" \/>\n<meta name=\"twitter:label1\" content=\"Tiempo de lectura\" \/>\n\t<meta name=\"twitter:data1\" content=\"1 minuto\" \/>\n<script type=\"application\/ld+json\" class=\"yoast-schema-graph\">{\"@context\":\"https:\\\/\\\/schema.org\",\"@graph\":[{\"@type\":\"WebPage\",\"@id\":\"https:\\\/\\\/banneux-nd.be\\\/es\\\/ars\\\/\",\"url\":\"https:\\\/\\\/banneux-nd.be\\\/es\\\/ars\\\/\",\"name\":\"ARS - Banneux Notre-Dame\",\"isPartOf\":{\"@id\":\"https:\\\/\\\/banneux-nd.be\\\/es\\\/#website\"},\"datePublished\":\"2015-07-20T06:58:57+00:00\",\"dateModified\":\"2018-05-29T19:46:06+00:00\",\"breadcrumb\":{\"@id\":\"https:\\\/\\\/banneux-nd.be\\\/es\\\/ars\\\/#breadcrumb\"},\"inLanguage\":\"es\",\"potentialAction\":[{\"@type\":\"ReadAction\",\"target\":[\"https:\\\/\\\/banneux-nd.be\\\/es\\\/ars\\\/\"]}]},{\"@type\":\"BreadcrumbList\",\"@id\":\"https:\\\/\\\/banneux-nd.be\\\/es\\\/ars\\\/#breadcrumb\",\"itemListElement\":[{\"@type\":\"ListItem\",\"position\":1,\"name\":\"Accueil\",\"item\":\"https:\\\/\\\/banneux-nd.be\\\/es\\\/\"},{\"@type\":\"ListItem\",\"position\":2,\"name\":\"ARS\"}]},{\"@type\":\"WebSite\",\"@id\":\"https:\\\/\\\/banneux-nd.be\\\/es\\\/#website\",\"url\":\"https:\\\/\\\/banneux-nd.be\\\/es\\\/\",\"name\":\"Banneux Notre-Dame\",\"description\":\"Sanctuaire de la Vierge des Pauvres (Belgique)\",\"potentialAction\":[{\"@type\":\"SearchAction\",\"target\":{\"@type\":\"EntryPoint\",\"urlTemplate\":\"https:\\\/\\\/banneux-nd.be\\\/es\\\/?s={search_term_string}\"},\"query-input\":{\"@type\":\"PropertyValueSpecification\",\"valueRequired\":true,\"valueName\":\"search_term_string\"}}],\"inLanguage\":\"es\"}]}<\/script>\n<!-- \/ Yoast SEO plugin. -->","yoast_head_json":{"title":"ARS - Banneux Notre-Dame","robots":{"index":"index","follow":"follow","max-snippet":"max-snippet:-1","max-image-preview":"max-image-preview:large","max-video-preview":"max-video-preview:-1"},"canonical":"https:\/\/banneux-nd.be\/es\/ars\/","og_locale":"es_ES","og_type":"article","og_title":"ARS - Banneux Notre-Dame","og_description":"L&#8217;Association des Responsables de Sanctuaires (ARS) s&#8217;\u00e9tend \u00e0 la Belgique et \u00e0 la France. Le sanctuaire de Banneux a particip\u00e9 \u00e0 sa r\u00e9union annuelle \u00e0 Paris pendant de nombreuses ann\u00e9es. L\u2019ARS Belgique r\u00e9unit les responsables de sanctuaires de Belgique francophone et ceux du Grand-Duch\u00e9 de Luxembourg. L&#8217;ARS se r\u00e9unit deux fois par an. En mars, avant l&#8217;ouverture de la saison des p\u00e8lerinages, un recteur de sanctuaire invite les autres \u00e0 faire la connaissance du lieu qu\u2019il repr\u00e9sente. Le groupe apprend ainsi \u00e0 appr\u00e9cier et \u00e0 conna\u00eetre la particularit\u00e9 des autres lieux de la Belgique francophone. En 1995 : fondation de l&#8217;ARS Belgique. Pr\u00e9c\u00e9demment, les sanctuaires belges francophones \u00e9taient affili\u00e9s \u00e0 l&#8217;ARS France. Les objectifs sont accept\u00e9s par les \u00e9v\u00eaques en [&hellip;]","og_url":"https:\/\/banneux-nd.be\/es\/ars\/","og_site_name":"Banneux Notre-Dame","article_publisher":"https:\/\/www.facebook.com\/NDBanneux\/","article_modified_time":"2018-05-29T19:46:06+00:00","og_image":[{"url":"https:\/\/banneux-nd.be\/wp-content\/uploads\/2017\/08\/ARS - Beauraing 3.jpg","type":"","width":"","height":""}],"twitter_card":"summary_large_image","twitter_misc":{"Tiempo de lectura":"1 minuto"},"schema":{"@context":"https:\/\/schema.org","@graph":[{"@type":"WebPage","@id":"https:\/\/banneux-nd.be\/es\/ars\/","url":"https:\/\/banneux-nd.be\/es\/ars\/","name":"ARS - Banneux Notre-Dame","isPartOf":{"@id":"https:\/\/banneux-nd.be\/es\/#website"},"datePublished":"2015-07-20T06:58:57+00:00","dateModified":"2018-05-29T19:46:06+00:00","breadcrumb":{"@id":"https:\/\/banneux-nd.be\/es\/ars\/#breadcrumb"},"inLanguage":"es","potentialAction":[{"@type":"ReadAction","target":["https:\/\/banneux-nd.be\/es\/ars\/"]}]},{"@type":"BreadcrumbList","@id":"https:\/\/banneux-nd.be\/es\/ars\/#breadcrumb","itemListElement":[{"@type":"ListItem","position":1,"name":"Accueil","item":"https:\/\/banneux-nd.be\/es\/"},{"@type":"ListItem","position":2,"name":"ARS"}]},{"@type":"WebSite","@id":"https:\/\/banneux-nd.be\/es\/#website","url":"https:\/\/banneux-nd.be\/es\/","name":"Banneux Notre-Dame","description":"Sanctuaire de la Vierge des Pauvres (Belgique)","potentialAction":[{"@type":"SearchAction","target":{"@type":"EntryPoint","urlTemplate":"https:\/\/banneux-nd.be\/es\/?s={search_term_string}"},"query-input":{"@type":"PropertyValueSpecification","valueRequired":true,"valueName":"search_term_string"}}],"inLanguage":"es"}]}},"coauthors":[],"author_meta":{"author_link":"https:\/\/banneux-nd.be\/es\/author\/adminfr\/","display_name":"adminFR"},"relative_dates":{"created":"Publicado 11 a\u00f1os hace","modified":"Actualizado 8 a\u00f1os hace"},"absolute_dates":{"created":"Publicado el 20 de julio de 2015","modified":"Actualizado el 29 de mayo de 2018"},"absolute_dates_time":{"created":"Publicado el 20 de julio de 2015 08:58","modified":"Actualizado el 29 de mayo de 2018 21:46"},"featured_img_caption":"","featured_img":false,"series_order":"","jetpack_sharing_enabled":true,"_links":{"self":[{"href":"https:\/\/banneux-nd.be\/es\/wp-json\/wp\/v2\/pages\/105","targetHints":{"allow":["GET"]}}],"collection":[{"href":"https:\/\/banneux-nd.be\/es\/wp-json\/wp\/v2\/pages"}],"about":[{"href":"https:\/\/banneux-nd.be\/es\/wp-json\/wp\/v2\/types\/page"}],"author":[{"embeddable":true,"href":"https:\/\/banneux-nd.be\/es\/wp-json\/wp\/v2\/users\/2"}],"replies":[{"embeddable":true,"href":"https:\/\/banneux-nd.be\/es\/wp-json\/wp\/v2\/comments?post=105"}],"version-history":[{"count":0,"href":"https:\/\/banneux-nd.be\/es\/wp-json\/wp\/v2\/pages\/105\/revisions"}],"wp:attachment":[{"href":"https:\/\/banneux-nd.be\/es\/wp-json\/wp\/v2\/media?parent=105"}],"curies":[{"name":"wp","href":"https:\/\/api.w.org\/{rel}","templated":true}]}}