{"id":107,"date":"2015-07-20T08:58:57","date_gmt":"2015-07-20T06:58:57","guid":{"rendered":"http:\/\/wwwwp.banneux-nd.be\/association-des-oeuvres-mariales\/"},"modified":"2018-10-22T14:55:57","modified_gmt":"2018-10-22T12:55:57","slug":"association-des-oeuvres-mariales","status":"publish","type":"page","link":"https:\/\/banneux-nd.be\/es\/association-des-oeuvres-mariales\/","title":{"rendered":"Association des \u0152uvres mariales"},"content":{"rendered":"<p class=\"rtejustify\" style=\"text-align: justify;\">L\u2019Association des \u0152uvres Mariales (AOM) a \u00e9t\u00e9 fond\u00e9e en 1961. Association de catholiques au service de l\u2019\u00c9glise de France dont elle re\u00e7oit sa mission, elle regroupe des responsables d\u2019\u0153uvres mariales et des personnes reconnues pour leur activit\u00e9 mariale.<\/p>\n<p class=\"rtejustify\" style=\"text-align: justify;\">Elle contribue \u00e0 assurer l&#8217;essor de l&#8217;apostolat marial, \u00e0 la lumi\u00e8re du chapitres 8 de <em>Lumen Gentium<\/em> (promotion de l&#8217;Apostolat marial).<\/p>\n<p class=\"rtejustify\" style=\"text-align: justify;\">L\u2019enracinement eccl\u00e9sial des uns et des autres est sans ambigu\u00eft\u00e9. L\u2019Association a une dimension europ\u00e9enne et se veut ouverte vers les autres continents. Tous les 3 ans, une journ\u00e9e est commune avec le Congr\u00e8s de l&#8217;Association des Recteurs de Sanctuaires (ARS). Par ailleurs l&#8217;AOM organise en partenariat des journ\u00e9es mariales ouvertes \u00e0 tous. Cette association fran\u00e7aise tient g\u00e9n\u00e9ralement son Congr\u00e8s annuel \u00e0 Paris. Le sanctuaire de Banneux y est souvent repr\u00e9sent\u00e9.<\/p>\n<p class=\"rtejustify\" style=\"text-align: justify;\">Pour ses membres, l\u2019Association est un lieu de ressourcement spirituel, de r\u00e9flexion th\u00e9ologique et d&#8217;\u00e9changes pastoraux. Par ailleurs, l\u2019AOM d\u00e9veloppe son action en vue de faciliter la r\u00e9flexion et les \u00e9changes entre associations, \u0153uvres et personnes poursuivant des objectifs similaires en France et hors de France.<\/p>\n<p class=\"rtejustify\" style=\"text-align: justify;\"><strong>Contact et informations :\u00a0\u00a0<\/strong><\/p>\n<p class=\"rtejustify\" style=\"text-align: justify;\">\u00a0<a href=\"mailto:secretariat.aom@gmail.com\">secretariat.aom@gmail.com<\/a><\/p>\n<p class=\"rtejustify\" style=\"text-align: justify;\"><a href=\"http:\/\/www.aomcef.fr\" target=\"_blank\" rel=\"noopener\">www.aomcef.fr<\/a><\/p>\n","protected":false},"excerpt":{"rendered":"<p>L\u2019Association des \u0152uvres Mariales (AOM) a \u00e9t\u00e9 fond\u00e9e en 1961. Association de catholiques au service de l\u2019\u00c9glise de France dont elle re\u00e7oit sa mission, elle regroupe des responsables d\u2019\u0153uvres mariales et des personnes reconnues pour leur activit\u00e9 mariale. Elle contribue \u00e0 assurer l&#8217;essor de l&#8217;apostolat marial, \u00e0 la lumi\u00e8re du chapitres 8 de Lumen Gentium (promotion de l&#8217;Apostolat marial). L\u2019enracinement eccl\u00e9sial des uns et des autres est sans ambigu\u00eft\u00e9. L\u2019Association a une dimension europ\u00e9enne et se veut ouverte vers les autres continents. Tous les 3 ans, une journ\u00e9e est commune avec le Congr\u00e8s de l&#8217;Association des Recteurs de Sanctuaires (ARS). Par ailleurs l&#8217;AOM organise en partenariat des journ\u00e9es mariales ouvertes \u00e0 tous. Cette association fran\u00e7aise tient g\u00e9n\u00e9ralement son Congr\u00e8s annuel [&hellip;]<\/p>\n","protected":false},"author":2,"featured_media":0,"parent":0,"menu_order":0,"comment_status":"closed","ping_status":"closed","template":"","meta":{"advgb_blocks_editor_width":"","advgb_blocks_columns_visual_guide":"","jetpack_post_was_ever_published":false,"footnotes":""},"class_list":["post-107","page","type-page","status-publish","hentry"],"yoast_head":"<!-- This site is optimized with the Yoast SEO plugin v27.4 - https:\/\/yoast.com\/product\/yoast-seo-wordpress\/ -->\n<title>Association des \u0152uvres mariales - Banneux Notre-Dame<\/title>\n<meta name=\"robots\" content=\"index, follow, max-snippet:-1, max-image-preview:large, max-video-preview:-1\" \/>\n<link rel=\"canonical\" href=\"https:\/\/banneux-nd.be\/es\/association-des-oeuvres-mariales\/\" \/>\n<meta property=\"og:locale\" content=\"es_ES\" \/>\n<meta property=\"og:type\" content=\"article\" \/>\n<meta property=\"og:title\" content=\"Association des \u0152uvres mariales - Banneux Notre-Dame\" \/>\n<meta property=\"og:description\" content=\"L\u2019Association des \u0152uvres Mariales (AOM) a \u00e9t\u00e9 fond\u00e9e en 1961. Association de catholiques au service de l\u2019\u00c9glise de France dont elle re\u00e7oit sa mission, elle regroupe des responsables d\u2019\u0153uvres mariales et des personnes reconnues pour leur activit\u00e9 mariale. Elle contribue \u00e0 assurer l&#8217;essor de l&#8217;apostolat marial, \u00e0 la lumi\u00e8re du chapitres 8 de Lumen Gentium (promotion de l&#8217;Apostolat marial). L\u2019enracinement eccl\u00e9sial des uns et des autres est sans ambigu\u00eft\u00e9. L\u2019Association a une dimension europ\u00e9enne et se veut ouverte vers les autres continents. Tous les 3 ans, une journ\u00e9e est commune avec le Congr\u00e8s de l&#8217;Association des Recteurs de Sanctuaires (ARS). Par ailleurs l&#8217;AOM organise en partenariat des journ\u00e9es mariales ouvertes \u00e0 tous. Cette association fran\u00e7aise tient g\u00e9n\u00e9ralement son Congr\u00e8s annuel [&hellip;]\" \/>\n<meta property=\"og:url\" content=\"https:\/\/banneux-nd.be\/es\/association-des-oeuvres-mariales\/\" \/>\n<meta property=\"og:site_name\" content=\"Banneux Notre-Dame\" \/>\n<meta property=\"article:publisher\" content=\"https:\/\/www.facebook.com\/NDBanneux\/\" \/>\n<meta property=\"article:modified_time\" content=\"2018-10-22T12:55:57+00:00\" \/>\n<meta name=\"twitter:card\" content=\"summary_large_image\" \/>\n<meta name=\"twitter:label1\" content=\"Tiempo de lectura\" \/>\n\t<meta name=\"twitter:data1\" content=\"1 minuto\" \/>\n<script type=\"application\/ld+json\" class=\"yoast-schema-graph\">{\"@context\":\"https:\\\/\\\/schema.org\",\"@graph\":[{\"@type\":\"WebPage\",\"@id\":\"https:\\\/\\\/banneux-nd.be\\\/es\\\/association-des-oeuvres-mariales\\\/\",\"url\":\"https:\\\/\\\/banneux-nd.be\\\/es\\\/association-des-oeuvres-mariales\\\/\",\"name\":\"Association des \u0152uvres mariales - Banneux Notre-Dame\",\"isPartOf\":{\"@id\":\"https:\\\/\\\/banneux-nd.be\\\/es\\\/#website\"},\"datePublished\":\"2015-07-20T06:58:57+00:00\",\"dateModified\":\"2018-10-22T12:55:57+00:00\",\"breadcrumb\":{\"@id\":\"https:\\\/\\\/banneux-nd.be\\\/es\\\/association-des-oeuvres-mariales\\\/#breadcrumb\"},\"inLanguage\":\"es\",\"potentialAction\":[{\"@type\":\"ReadAction\",\"target\":[\"https:\\\/\\\/banneux-nd.be\\\/es\\\/association-des-oeuvres-mariales\\\/\"]}]},{\"@type\":\"BreadcrumbList\",\"@id\":\"https:\\\/\\\/banneux-nd.be\\\/es\\\/association-des-oeuvres-mariales\\\/#breadcrumb\",\"itemListElement\":[{\"@type\":\"ListItem\",\"position\":1,\"name\":\"Accueil\",\"item\":\"https:\\\/\\\/banneux-nd.be\\\/es\\\/\"},{\"@type\":\"ListItem\",\"position\":2,\"name\":\"Association des \u0152uvres mariales\"}]},{\"@type\":\"WebSite\",\"@id\":\"https:\\\/\\\/banneux-nd.be\\\/es\\\/#website\",\"url\":\"https:\\\/\\\/banneux-nd.be\\\/es\\\/\",\"name\":\"Banneux Notre-Dame\",\"description\":\"Sanctuaire de la Vierge des Pauvres (Belgique)\",\"potentialAction\":[{\"@type\":\"SearchAction\",\"target\":{\"@type\":\"EntryPoint\",\"urlTemplate\":\"https:\\\/\\\/banneux-nd.be\\\/es\\\/?s={search_term_string}\"},\"query-input\":{\"@type\":\"PropertyValueSpecification\",\"valueRequired\":true,\"valueName\":\"search_term_string\"}}],\"inLanguage\":\"es\"}]}<\/script>\n<!-- \/ Yoast SEO plugin. -->","yoast_head_json":{"title":"Association des \u0152uvres mariales - Banneux Notre-Dame","robots":{"index":"index","follow":"follow","max-snippet":"max-snippet:-1","max-image-preview":"max-image-preview:large","max-video-preview":"max-video-preview:-1"},"canonical":"https:\/\/banneux-nd.be\/es\/association-des-oeuvres-mariales\/","og_locale":"es_ES","og_type":"article","og_title":"Association des \u0152uvres mariales - Banneux Notre-Dame","og_description":"L\u2019Association des \u0152uvres Mariales (AOM) a \u00e9t\u00e9 fond\u00e9e en 1961. Association de catholiques au service de l\u2019\u00c9glise de France dont elle re\u00e7oit sa mission, elle regroupe des responsables d\u2019\u0153uvres mariales et des personnes reconnues pour leur activit\u00e9 mariale. Elle contribue \u00e0 assurer l&#8217;essor de l&#8217;apostolat marial, \u00e0 la lumi\u00e8re du chapitres 8 de Lumen Gentium (promotion de l&#8217;Apostolat marial). L\u2019enracinement eccl\u00e9sial des uns et des autres est sans ambigu\u00eft\u00e9. L\u2019Association a une dimension europ\u00e9enne et se veut ouverte vers les autres continents. Tous les 3 ans, une journ\u00e9e est commune avec le Congr\u00e8s de l&#8217;Association des Recteurs de Sanctuaires (ARS). Par ailleurs l&#8217;AOM organise en partenariat des journ\u00e9es mariales ouvertes \u00e0 tous. Cette association fran\u00e7aise tient g\u00e9n\u00e9ralement son Congr\u00e8s annuel [&hellip;]","og_url":"https:\/\/banneux-nd.be\/es\/association-des-oeuvres-mariales\/","og_site_name":"Banneux Notre-Dame","article_publisher":"https:\/\/www.facebook.com\/NDBanneux\/","article_modified_time":"2018-10-22T12:55:57+00:00","twitter_card":"summary_large_image","twitter_misc":{"Tiempo de lectura":"1 minuto"},"schema":{"@context":"https:\/\/schema.org","@graph":[{"@type":"WebPage","@id":"https:\/\/banneux-nd.be\/es\/association-des-oeuvres-mariales\/","url":"https:\/\/banneux-nd.be\/es\/association-des-oeuvres-mariales\/","name":"Association des \u0152uvres mariales - Banneux Notre-Dame","isPartOf":{"@id":"https:\/\/banneux-nd.be\/es\/#website"},"datePublished":"2015-07-20T06:58:57+00:00","dateModified":"2018-10-22T12:55:57+00:00","breadcrumb":{"@id":"https:\/\/banneux-nd.be\/es\/association-des-oeuvres-mariales\/#breadcrumb"},"inLanguage":"es","potentialAction":[{"@type":"ReadAction","target":["https:\/\/banneux-nd.be\/es\/association-des-oeuvres-mariales\/"]}]},{"@type":"BreadcrumbList","@id":"https:\/\/banneux-nd.be\/es\/association-des-oeuvres-mariales\/#breadcrumb","itemListElement":[{"@type":"ListItem","position":1,"name":"Accueil","item":"https:\/\/banneux-nd.be\/es\/"},{"@type":"ListItem","position":2,"name":"Association des \u0152uvres mariales"}]},{"@type":"WebSite","@id":"https:\/\/banneux-nd.be\/es\/#website","url":"https:\/\/banneux-nd.be\/es\/","name":"Banneux Notre-Dame","description":"Sanctuaire de la Vierge des Pauvres (Belgique)","potentialAction":[{"@type":"SearchAction","target":{"@type":"EntryPoint","urlTemplate":"https:\/\/banneux-nd.be\/es\/?s={search_term_string}"},"query-input":{"@type":"PropertyValueSpecification","valueRequired":true,"valueName":"search_term_string"}}],"inLanguage":"es"}]}},"coauthors":[],"author_meta":{"author_link":"https:\/\/banneux-nd.be\/es\/author\/adminfr\/","display_name":"adminFR"},"relative_dates":{"created":"Publicado 11 a\u00f1os hace","modified":"Actualizado 7 a\u00f1os hace"},"absolute_dates":{"created":"Publicado el 20 de julio de 2015","modified":"Actualizado el 22 de octubre de 2018"},"absolute_dates_time":{"created":"Publicado el 20 de julio de 2015 08:58","modified":"Actualizado el 22 de octubre de 2018 14:55"},"featured_img_caption":"","featured_img":false,"series_order":"","jetpack_sharing_enabled":true,"_links":{"self":[{"href":"https:\/\/banneux-nd.be\/es\/wp-json\/wp\/v2\/pages\/107","targetHints":{"allow":["GET"]}}],"collection":[{"href":"https:\/\/banneux-nd.be\/es\/wp-json\/wp\/v2\/pages"}],"about":[{"href":"https:\/\/banneux-nd.be\/es\/wp-json\/wp\/v2\/types\/page"}],"author":[{"embeddable":true,"href":"https:\/\/banneux-nd.be\/es\/wp-json\/wp\/v2\/users\/2"}],"replies":[{"embeddable":true,"href":"https:\/\/banneux-nd.be\/es\/wp-json\/wp\/v2\/comments?post=107"}],"version-history":[{"count":2,"href":"https:\/\/banneux-nd.be\/es\/wp-json\/wp\/v2\/pages\/107\/revisions"}],"predecessor-version":[{"id":11265,"href":"https:\/\/banneux-nd.be\/es\/wp-json\/wp\/v2\/pages\/107\/revisions\/11265"}],"wp:attachment":[{"href":"https:\/\/banneux-nd.be\/es\/wp-json\/wp\/v2\/media?parent=107"}],"curies":[{"name":"wp","href":"https:\/\/api.w.org\/{rel}","templated":true}]}}