{"id":10828,"date":"2018-09-05T20:26:28","date_gmt":"2018-09-05T18:26:28","guid":{"rendered":"http:\/\/www.banneux-nd.be\/calendario-2018\/"},"modified":"2019-05-18T10:53:22","modified_gmt":"2019-05-18T08:53:22","slug":"calendario","status":"publish","type":"page","link":"https:\/\/banneux-nd.be\/es\/calendario\/","title":{"rendered":"Calendario 2019"},"content":{"rendered":"<h3><strong>Mayo<\/strong><\/h3>\n<p><strong>Martes 1<sup>o<\/sup>&nbsp;de mayo \u2013 Apertura de la Temporada de peregrinaciones<\/strong><\/p>\n<ul>\n<li>La v\u00edspera, lunes 30 de abril&nbsp;: de las 20h a las 24h&nbsp;: Velada de adoraci\u00f3n.<\/li>\n<li>8H30 Misa en franc\u00e9s<\/li>\n<li>9H30 Misa en alem\u00e1n<\/li>\n<li><strong>10H30 Misa internacional dirigida por Mons. Delville, obispo de Lieja<\/strong><\/li>\n<li>11H15 Misa en franc\u00e9s<\/li>\n<li><strong>15H00 Bendici\u00f3n de los enfermos (internacional)<\/strong><\/li>\n<li>16H00 Misa en franc\u00e9s con la participaci\u00f3n del coro de la Virgen de los Pobres.<\/li>\n<li><strong>20H00 Procesi\u00f3n marial con antorchas (internacional)<\/strong><\/li>\n<\/ul>\n<p><strong>Jueves 10 de mayo &#8211; D\u00eda de la Ascensi\u00f3n<\/strong><\/p>\n<ul>\n<li>8H30 Misa en franc\u00e9s<\/li>\n<li>9H30 Misa en alem\u00e1n<\/li>\n<li><strong>11H15 Misa internacional<\/strong><\/li>\n<li><strong>15H00 Bendici\u00f3n de los enfermos (internacional)<\/strong><\/li>\n<li>16H00 Misa en franc\u00e9s con la participaci\u00f3n del coro de la Virgen de los Pobres<\/li>\n<li>19H00 Rosario<\/li>\n<\/ul>\n<p><strong>Domingo 20 de mayo &#8211; D\u00eda de Pentecostes<\/strong><\/p>\n<ul>\n<li>8H30 Misa en franc\u00e9s<\/li>\n<li>9H30 Misa en alem\u00e1n<\/li>\n<li><strong>10H30 Misa internacional<\/strong><\/li>\n<li>11H15 Misa en franc\u00e9s<\/li>\n<li><strong>15H00&nbsp;<\/strong><strong>Bendici\u00f3n de los enfermos (internacional)<\/strong><\/li>\n<li>16H00 Misa en franc\u00e9s con la participaci\u00f3n del coro de la Virgen de los Pobres<\/li>\n<li>19H00 Rosario<\/li>\n<\/ul>\n<p><strong>Lunes 21 de mayo \u2013 Lunes de Pentecostes<\/strong><\/p>\n<ul>\n<li>8H00 Misa en franc\u00e9s<\/li>\n<li>10H30 Misa en alem\u00e1n<\/li>\n<li>11H00 Misa en neerland\u00e9s<\/li>\n<li>11H30 Misa en franc\u00e9s<\/li>\n<li><strong>15H00&nbsp;<\/strong><strong>Bendici\u00f3n de los enfermos (internacional)<\/strong><\/li>\n<li>16H00 Misa en franc\u00e9s<\/li>\n<li>19H00 Rosario<\/li>\n<\/ul>\n<h3><strong>Junio<\/strong><\/h3>\n<p><strong>Domingo 3 de junio \u2013 Corpus Christi<\/strong><\/p>\n<ul>\n<li>8H30 Misa en franc\u00e9s<\/li>\n<li>9H30 Misa en alem\u00e1n<\/li>\n<li><strong>10H30 Misa internacional dirigida por el Cardinal Versaldi, Prefecto de la Congregaci\u00f3n por la Educaci\u00f3n cat\u00f3lica<\/strong><\/li>\n<li>11H15 Misa en franc\u00e9s<\/li>\n<li><strong>14H00 Procesi\u00f3n del Sant\u00edsimo Sacramento en el Santuario, seguida de la Bendici\u00f3n de los enfermos (internacional)<\/strong><\/li>\n<li>16H00 Misa en franc\u00e9s con la participaci\u00f3n del coro de la Virgen de los Pobres<\/li>\n<li>19H00 Rosario<\/li>\n<\/ul>\n<h3><strong>Agosto<\/strong><\/h3>\n<p><strong>Mi\u00e9rcoles 15 de agosto \u2013 D\u00eda de la Asunci\u00f3n<\/strong><\/p>\n<ul>\n<li>La v\u00edspera, martes 14&nbsp; de agosto, de las 20h a las 24h&nbsp;: Velada de adoraci\u00f3n<\/li>\n<li>8H30 Misa en franc\u00e9s<\/li>\n<li><strong>10H30 Misa internacional dirigida por Mons. Delville, obispo de Lieja, con la participaci\u00f3n del coro Kristo Bolingo<\/strong><\/li>\n<li>11H15 Misa en franc\u00e9s<\/li>\n<li><strong>15H00 Bendici\u00f3n de los enfermos (internacional)<\/strong><\/li>\n<li>16H00 Misa en franc\u00e9s con la participaci\u00f3n del coro de la Virgen de los Pobres<\/li>\n<li><strong>20H00 Procesi\u00f3n marial con antorchas (internacional)<\/strong><\/li>\n<\/ul>\n<p><strong>Mi\u00e9rcoles 22 de agosto \u2013 25<sup>a<\/sup>&nbsp;Jornada misionaria<\/strong><\/p>\n<p>Acogida (Hospitalidad) &#8211;&nbsp;Camino de oraci\u00f3n &#8211; Misa (iglesia de la Virgen de los Pobres) &#8211; testimonio (1h) &#8211; (iglesia de la Virgen de los Pobres y sala San Mateo) &#8211;&nbsp;Cena (Hospitalidad &#8211; reserva obligatoria)<\/p>\n<p><strong>Domingo 30 de septiembre \u2013 D\u00eda de san Miguel<\/strong><\/p>\n<ul>\n<li><strong>10H30 Misa en alem\u00e1n dirigida por Mons. D. Schwaderlapp, obispo auxiliar de Colonia<\/strong><\/li>\n<li><strong>14H00 Andacht<\/strong><\/li>\n<li><strong>15H00 Bendici\u00f3n de los enfermos (internacional)<\/strong><\/li>\n<\/ul>\n<h3><strong>Octubre<\/strong><\/h3>\n<p><strong>Domingo 14 de octubre \u2013 Cierre de la temporada de los peregrinajes<\/strong><\/p>\n<ul>\n<li>8H30 Misa en franc\u00e9s<\/li>\n<li>9H30 Misa en alem\u00e1n<\/li>\n<li><strong>10H30 Misa internacional<\/strong><\/li>\n<li>11H15 Misa en franc\u00e9s<\/li>\n<li><strong>15H00 Bendici\u00f3n de los enfermos (internacional)<\/strong><\/li>\n<li>16H00 Misa en franc\u00e9s con la participaci\u00f3n del coro de la Virgen de los Pobres<\/li>\n<li>19H00 Rosario<\/li>\n<\/ul>\n<h3><strong>Noviembre<\/strong><\/h3>\n<p><strong>Jueves 1<sup>o<\/sup>&nbsp;de noviembre &#8211; D\u00eda de Todos los Santos<\/strong><\/p>\n<ul>\n<li>Misa en franc\u00e9s a las 8h30 &#8211; 11h15 &#8211; 16h<\/li>\n<\/ul>\n<p><strong>Viernes 2 de noviembre &#8211; D\u00eda de la oraci\u00f3n para los muertos<\/strong><\/p>\n<ul>\n<li>Misa en franc\u00e9s a las 8h &#8211; 11h30 &#8211; 16h<\/li>\n<\/ul>\n<p><strong>Domingo 25 de noviembre \u2013 Fiesta de Cristo-Rey<\/strong><\/p>\n<ul>\n<li>Misa en franc\u00e9s a las 8h30 &#8211; 11h15 &#8211; 16h<\/li>\n<\/ul>\n<h3><strong>Diciembre<\/strong><\/h3>\n<p><strong>S\u00e1bado 8 de diciembre \u2013 D\u00eda de la Inmaculada Concepci\u00f3n<\/strong><\/p>\n<ul>\n<li>8h00 &#8211; 11h30 Misa en franc\u00e9s<\/li>\n<li><strong>15H00 Velada marial y salvaci\u00f3n (en 3 idiomas)<\/strong><\/li>\n<li>16h00 Misa dominical<\/li>\n<\/ul>\n<p><strong>&nbsp;<\/strong><strong>Lunes 24 de diciembre \u2013 D\u00eda de la Natividad<\/strong><\/p>\n<ul>\n<li><strong>18h00 Eucarist\u00eda festiva : <em>cuidado, no hay misa a las 16h&nbsp;!<\/em><\/strong><\/li>\n<\/ul>\n<p><strong>&nbsp;<\/strong><strong>Martes 25 de diciembre &#8211; Navidad<\/strong><\/p>\n<ul>\n<li>8H30 Misa de Navidad (en franc\u00e9s)<\/li>\n<li>11H15 Misa de Navidad (en franc\u00e9s)<\/li>\n<li>16H00 Misa de Navidad (en franc\u00e9s), con la participaci\u00f3n del Coro de la Virgen de los Pobres<\/li>\n<li>19H00 Rosario<\/li>\n<\/ul>\n","protected":false},"excerpt":{"rendered":"<p>Mayo Martes 1o&nbsp;de mayo \u2013 Apertura de la Temporada de peregrinaciones La v\u00edspera, lunes 30 de abril&nbsp;: de las 20h a las 24h&nbsp;: Velada de adoraci\u00f3n. 8H30 Misa en franc\u00e9s 9H30 Misa en alem\u00e1n 10H30 Misa internacional dirigida por Mons. Delville, obispo de Lieja 11H15 Misa en franc\u00e9s 15H00 Bendici\u00f3n de los enfermos (internacional) 16H00 Misa en franc\u00e9s con la participaci\u00f3n del coro de la Virgen de los Pobres. 20H00 Procesi\u00f3n marial con antorchas (internacional) Jueves 10 de mayo &#8211; D\u00eda de la Ascensi\u00f3n 8H30 Misa en franc\u00e9s 9H30 Misa en alem\u00e1n 11H15 Misa internacional 15H00 Bendici\u00f3n de los enfermos (internacional) 16H00 Misa en franc\u00e9s con la participaci\u00f3n del coro de la Virgen de los Pobres 19H00 Rosario Domingo 20 [&hellip;]<\/p>\n","protected":false},"author":4,"featured_media":0,"parent":0,"menu_order":0,"comment_status":"closed","ping_status":"closed","template":"","meta":{"advgb_blocks_editor_width":"","advgb_blocks_columns_visual_guide":"","jetpack_post_was_ever_published":false,"footnotes":""},"class_list":["post-10828","page","type-page","status-publish","hentry"],"yoast_head":"<!-- This site is optimized with the Yoast SEO plugin v27.4 - https:\/\/yoast.com\/product\/yoast-seo-wordpress\/ -->\n<title>Calendario 2019 - Banneux Notre-Dame<\/title>\n<meta name=\"robots\" content=\"index, follow, max-snippet:-1, max-image-preview:large, max-video-preview:-1\" \/>\n<link rel=\"canonical\" href=\"https:\/\/banneux-nd.be\/es\/calendario\/\" \/>\n<meta property=\"og:locale\" content=\"es_ES\" \/>\n<meta property=\"og:type\" content=\"article\" \/>\n<meta property=\"og:title\" content=\"Calendario 2019 - Banneux Notre-Dame\" \/>\n<meta property=\"og:description\" content=\"Mayo Martes 1o&nbsp;de mayo \u2013 Apertura de la Temporada de peregrinaciones La v\u00edspera, lunes 30 de abril&nbsp;: de las 20h a las 24h&nbsp;: Velada de adoraci\u00f3n. 8H30 Misa en franc\u00e9s 9H30 Misa en alem\u00e1n 10H30 Misa internacional dirigida por Mons. Delville, obispo de Lieja 11H15 Misa en franc\u00e9s 15H00 Bendici\u00f3n de los enfermos (internacional) 16H00 Misa en franc\u00e9s con la participaci\u00f3n del coro de la Virgen de los Pobres. 20H00 Procesi\u00f3n marial con antorchas (internacional) Jueves 10 de mayo &#8211; D\u00eda de la Ascensi\u00f3n 8H30 Misa en franc\u00e9s 9H30 Misa en alem\u00e1n 11H15 Misa internacional 15H00 Bendici\u00f3n de los enfermos (internacional) 16H00 Misa en franc\u00e9s con la participaci\u00f3n del coro de la Virgen de los Pobres 19H00 Rosario Domingo 20 [&hellip;]\" \/>\n<meta property=\"og:url\" content=\"https:\/\/banneux-nd.be\/es\/calendario\/\" \/>\n<meta property=\"og:site_name\" content=\"Banneux Notre-Dame\" \/>\n<meta property=\"article:publisher\" content=\"https:\/\/www.facebook.com\/NDBanneux\/\" \/>\n<meta property=\"article:modified_time\" content=\"2019-05-18T08:53:22+00:00\" \/>\n<meta name=\"twitter:card\" content=\"summary_large_image\" \/>\n<meta name=\"twitter:label1\" content=\"Tiempo de lectura\" \/>\n\t<meta name=\"twitter:data1\" content=\"3 minutos\" \/>\n<script type=\"application\/ld+json\" class=\"yoast-schema-graph\">{\"@context\":\"https:\\\/\\\/schema.org\",\"@graph\":[{\"@type\":\"WebPage\",\"@id\":\"https:\\\/\\\/banneux-nd.be\\\/es\\\/calendario\\\/\",\"url\":\"https:\\\/\\\/banneux-nd.be\\\/es\\\/calendario\\\/\",\"name\":\"Calendario 2019 - Banneux Notre-Dame\",\"isPartOf\":{\"@id\":\"https:\\\/\\\/banneux-nd.be\\\/es\\\/#website\"},\"datePublished\":\"2018-09-05T18:26:28+00:00\",\"dateModified\":\"2019-05-18T08:53:22+00:00\",\"breadcrumb\":{\"@id\":\"https:\\\/\\\/banneux-nd.be\\\/es\\\/calendario\\\/#breadcrumb\"},\"inLanguage\":\"es\",\"potentialAction\":[{\"@type\":\"ReadAction\",\"target\":[\"https:\\\/\\\/banneux-nd.be\\\/es\\\/calendario\\\/\"]}]},{\"@type\":\"BreadcrumbList\",\"@id\":\"https:\\\/\\\/banneux-nd.be\\\/es\\\/calendario\\\/#breadcrumb\",\"itemListElement\":[{\"@type\":\"ListItem\",\"position\":1,\"name\":\"Accueil\",\"item\":\"https:\\\/\\\/banneux-nd.be\\\/es\\\/\"},{\"@type\":\"ListItem\",\"position\":2,\"name\":\"Calendario 2019\"}]},{\"@type\":\"WebSite\",\"@id\":\"https:\\\/\\\/banneux-nd.be\\\/es\\\/#website\",\"url\":\"https:\\\/\\\/banneux-nd.be\\\/es\\\/\",\"name\":\"Banneux Notre-Dame\",\"description\":\"Sanctuaire de la Vierge des Pauvres (Belgique)\",\"potentialAction\":[{\"@type\":\"SearchAction\",\"target\":{\"@type\":\"EntryPoint\",\"urlTemplate\":\"https:\\\/\\\/banneux-nd.be\\\/es\\\/?s={search_term_string}\"},\"query-input\":{\"@type\":\"PropertyValueSpecification\",\"valueRequired\":true,\"valueName\":\"search_term_string\"}}],\"inLanguage\":\"es\"}]}<\/script>\n<!-- \/ Yoast SEO plugin. -->","yoast_head_json":{"title":"Calendario 2019 - Banneux Notre-Dame","robots":{"index":"index","follow":"follow","max-snippet":"max-snippet:-1","max-image-preview":"max-image-preview:large","max-video-preview":"max-video-preview:-1"},"canonical":"https:\/\/banneux-nd.be\/es\/calendario\/","og_locale":"es_ES","og_type":"article","og_title":"Calendario 2019 - Banneux Notre-Dame","og_description":"Mayo Martes 1o&nbsp;de mayo \u2013 Apertura de la Temporada de peregrinaciones La v\u00edspera, lunes 30 de abril&nbsp;: de las 20h a las 24h&nbsp;: Velada de adoraci\u00f3n. 8H30 Misa en franc\u00e9s 9H30 Misa en alem\u00e1n 10H30 Misa internacional dirigida por Mons. Delville, obispo de Lieja 11H15 Misa en franc\u00e9s 15H00 Bendici\u00f3n de los enfermos (internacional) 16H00 Misa en franc\u00e9s con la participaci\u00f3n del coro de la Virgen de los Pobres. 20H00 Procesi\u00f3n marial con antorchas (internacional) Jueves 10 de mayo &#8211; D\u00eda de la Ascensi\u00f3n 8H30 Misa en franc\u00e9s 9H30 Misa en alem\u00e1n 11H15 Misa internacional 15H00 Bendici\u00f3n de los enfermos (internacional) 16H00 Misa en franc\u00e9s con la participaci\u00f3n del coro de la Virgen de los Pobres 19H00 Rosario Domingo 20 [&hellip;]","og_url":"https:\/\/banneux-nd.be\/es\/calendario\/","og_site_name":"Banneux Notre-Dame","article_publisher":"https:\/\/www.facebook.com\/NDBanneux\/","article_modified_time":"2019-05-18T08:53:22+00:00","twitter_card":"summary_large_image","twitter_misc":{"Tiempo de lectura":"3 minutos"},"schema":{"@context":"https:\/\/schema.org","@graph":[{"@type":"WebPage","@id":"https:\/\/banneux-nd.be\/es\/calendario\/","url":"https:\/\/banneux-nd.be\/es\/calendario\/","name":"Calendario 2019 - Banneux Notre-Dame","isPartOf":{"@id":"https:\/\/banneux-nd.be\/es\/#website"},"datePublished":"2018-09-05T18:26:28+00:00","dateModified":"2019-05-18T08:53:22+00:00","breadcrumb":{"@id":"https:\/\/banneux-nd.be\/es\/calendario\/#breadcrumb"},"inLanguage":"es","potentialAction":[{"@type":"ReadAction","target":["https:\/\/banneux-nd.be\/es\/calendario\/"]}]},{"@type":"BreadcrumbList","@id":"https:\/\/banneux-nd.be\/es\/calendario\/#breadcrumb","itemListElement":[{"@type":"ListItem","position":1,"name":"Accueil","item":"https:\/\/banneux-nd.be\/es\/"},{"@type":"ListItem","position":2,"name":"Calendario 2019"}]},{"@type":"WebSite","@id":"https:\/\/banneux-nd.be\/es\/#website","url":"https:\/\/banneux-nd.be\/es\/","name":"Banneux Notre-Dame","description":"Sanctuaire de la Vierge des Pauvres (Belgique)","potentialAction":[{"@type":"SearchAction","target":{"@type":"EntryPoint","urlTemplate":"https:\/\/banneux-nd.be\/es\/?s={search_term_string}"},"query-input":{"@type":"PropertyValueSpecification","valueRequired":true,"valueName":"search_term_string"}}],"inLanguage":"es"}]}},"coauthors":[],"author_meta":{"author_link":"https:\/\/banneux-nd.be\/es\/author\/dreusdeille\/","display_name":"Anne-Elisabeth N\u00e8ve"},"relative_dates":{"created":"Publicado 8 a\u00f1os hace","modified":"Actualizado 7 a\u00f1os hace"},"absolute_dates":{"created":"Publicado el 5 de septiembre de 2018","modified":"Actualizado el 18 de mayo de 2019"},"absolute_dates_time":{"created":"Publicado el 5 de septiembre de 2018 20:26","modified":"Actualizado el 18 de mayo de 2019 10:53"},"featured_img_caption":"","featured_img":false,"series_order":"","jetpack_sharing_enabled":true,"_links":{"self":[{"href":"https:\/\/banneux-nd.be\/es\/wp-json\/wp\/v2\/pages\/10828","targetHints":{"allow":["GET"]}}],"collection":[{"href":"https:\/\/banneux-nd.be\/es\/wp-json\/wp\/v2\/pages"}],"about":[{"href":"https:\/\/banneux-nd.be\/es\/wp-json\/wp\/v2\/types\/page"}],"author":[{"embeddable":true,"href":"https:\/\/banneux-nd.be\/es\/wp-json\/wp\/v2\/users\/4"}],"replies":[{"embeddable":true,"href":"https:\/\/banneux-nd.be\/es\/wp-json\/wp\/v2\/comments?post=10828"}],"version-history":[{"count":3,"href":"https:\/\/banneux-nd.be\/es\/wp-json\/wp\/v2\/pages\/10828\/revisions"}],"predecessor-version":[{"id":11756,"href":"https:\/\/banneux-nd.be\/es\/wp-json\/wp\/v2\/pages\/10828\/revisions\/11756"}],"wp:attachment":[{"href":"https:\/\/banneux-nd.be\/es\/wp-json\/wp\/v2\/media?parent=10828"}],"curies":[{"name":"wp","href":"https:\/\/api.w.org\/{rel}","templated":true}]}}