{"id":11616,"date":"2019-03-16T00:49:07","date_gmt":"2019-03-15T23:49:07","guid":{"rendered":"https:\/\/www.banneux-nd.be\/los-lugares\/"},"modified":"2019-03-16T00:49:07","modified_gmt":"2019-03-15T23:49:07","slug":"los-lugares","status":"publish","type":"page","link":"https:\/\/banneux-nd.be\/es\/los-lugares\/","title":{"rendered":"Los lugares"},"content":{"rendered":"<p style=\"text-align: center\">[plano-santuario]<\/p>\n<table style=\"width: 90%\" border=\"0\" width=\"90%\">\n<tbody>\n<tr>\n<td style=\"width: 17%\" width=\"17%\">\n<ol>\n<li><a href=\"https:\/\/banneux-nd.be\/es\/capilla-de-las-apariciones\/\" target=\"_blank\" rel=\"noopener noreferrer\">Capilla de las apariciones<\/a><\/li>\n<li>Casa Beco<\/li>\n<li>Sacrist\u00eda<\/li>\n<li>Confesionarios &#8211; locutorios<\/li>\n<li>Capilla del Santo Sacramento \u2013 Confessionnaux<\/li>\n<li>Capilla de la Cruz<\/li>\n<li>Sala de projecci\u00f3n<\/li>\n<li>Refugio del Cura de Ars &#8211; Secretar\u00eda General<\/li>\n<li>Oficine de informaciones y Oficina de Turismo<\/li>\n<li>Capilla de la Protecci\u00f3n de la Madre de Dios<\/li>\n<li>Memorial de Mons. Kerkhofs<\/li>\n<li>Santa Ana<\/li>\n<li>La Visitaci\u00f3n<\/li>\n<li>Capilla de los \u00ab 7 dolores de Mar\u00eda \u00bb<\/li>\n<li>Monumento de la Uni\u00f3n Internac. de Oraci\u00f3n<\/li>\n<li><a href=\"https:\/\/banneux-nd.be\/es\/source\/\" target=\"_blank\" rel=\"noopener noreferrer\">La Fuente<\/a><\/li>\n<li>Estatua de San Luis Mar\u00eda Grignion de Montfort<\/li>\n<li>Monumento de la estrella<\/li>\n<li>Estatua de la Virgen de los Pobres<\/li>\n<li><a href=\"https:\/\/banneux-nd.be\/es\/esplanade\/\" target=\"_blank\" rel=\"noopener noreferrer\">Esplanada<\/a><\/li>\n<li>Capilla San Francisco de As\u00eds<\/li>\n<li>Capilla del Mensaje<\/li>\n<li>Capilla Mar\u00eda Mediadora<\/li>\n<li>Confesionarios<\/li>\n<li>Sacrist\u00eda<\/li>\n<\/ol>\n<\/td>\n<td style=\"width: 16%\" width=\"16%\">\n<ol start=\"26\">\n<li><a href=\"https:\/\/banneux-nd.be\/es\/hospitalidad\/\" target=\"_blank\" rel=\"noopener noreferrer\">Hospitalidad<\/a><\/li>\n<li>Refugio Santa Bernardita<\/li>\n<li>Ba\u00f1os<\/li>\n<li>Refugio Santa Camille<\/li>\n<li>Estatua de San Padre P\u00edo<\/li>\n<li>Nuestra Se\u00f1ora de La Vang<\/li>\n<li>Capilla Nuestra Se\u00f1ora de Walsingham<\/li>\n<li>Monumento fraternidad Li\u00e8ge-China<\/li>\n<li>Pabell\u00f3n \u00abMissio \u00bb<\/li>\n<li>Estatua de san\u00a0 Pierre-Julien Eymard<\/li>\n<li>Capilla de la Anunciaci\u00f3n<\/li>\n<li>Estatua de San Alphonse de Liguori<\/li>\n<li>Capilla de San Ignacio<\/li>\n<li>Capilla de los Santos Servitas<\/li>\n<li>Capilla San Miguel et Sta Juana de Arco<\/li>\n<li>Campanile<\/li>\n<li>El Camino de la Cruz<\/li>\n<li>La \u00ab\u00a0Shabann\u00a0\u00bb<\/li>\n<li>Estatua de Santa Bernardita<\/li>\n<li>Estatua de Santa Teresa de Lisieux<\/li>\n<li>Estatua de la Virgen de los Pobres<\/li>\n<li>Iglesia de la Virgen de los Pobres<\/li>\n<li>Cruz Armenia<\/li>\n<li>Capilla San Dami\u00e1n<\/li>\n<li>Casa de acogida de Chaityfontaine<\/li>\n<li>Sala &#8220;el parr\u00f3n&#8221;<\/li>\n<\/ol>\n<\/td>\n<\/tr>\n<\/tbody>\n<\/table>\n","protected":false},"excerpt":{"rendered":"<p>[plano-santuario] Capilla de las apariciones Casa Beco Sacrist\u00eda Confesionarios &#8211; locutorios Capilla del Santo Sacramento \u2013 Confessionnaux Capilla de la Cruz Sala de projecci\u00f3n Refugio del Cura de Ars &#8211; Secretar\u00eda General Oficine de informaciones y Oficina de Turismo Capilla de la Protecci\u00f3n de la Madre de Dios Memorial de Mons. Kerkhofs Santa Ana La Visitaci\u00f3n Capilla de los \u00ab 7 dolores de Mar\u00eda \u00bb Monumento de la Uni\u00f3n Internac. de Oraci\u00f3n La Fuente Estatua de San Luis Mar\u00eda Grignion de Montfort Monumento de la estrella Estatua de la Virgen de los Pobres Esplanada Capilla San Francisco de As\u00eds Capilla del Mensaje Capilla Mar\u00eda Mediadora Confesionarios Sacrist\u00eda Hospitalidad Refugio Santa Bernardita Ba\u00f1os Refugio Santa Camille Estatua de San Padre P\u00edo [&hellip;]<\/p>\n","protected":false},"author":4,"featured_media":0,"parent":0,"menu_order":0,"comment_status":"closed","ping_status":"closed","template":"","meta":{"advgb_blocks_editor_width":"","advgb_blocks_columns_visual_guide":"","jetpack_post_was_ever_published":false,"footnotes":""},"class_list":["post-11616","page","type-page","status-publish","hentry"],"yoast_head":"<!-- This site is optimized with the Yoast SEO plugin v27.3 - https:\/\/yoast.com\/product\/yoast-seo-wordpress\/ -->\n<title>Los lugares - Banneux Notre-Dame<\/title>\n<meta name=\"robots\" content=\"index, follow, max-snippet:-1, max-image-preview:large, max-video-preview:-1\" \/>\n<link rel=\"canonical\" href=\"https:\/\/banneux-nd.be\/es\/los-lugares\/\" \/>\n<meta property=\"og:locale\" content=\"es_ES\" \/>\n<meta property=\"og:type\" content=\"article\" \/>\n<meta property=\"og:title\" content=\"Los lugares - Banneux Notre-Dame\" \/>\n<meta property=\"og:description\" content=\"[plano-santuario] Capilla de las apariciones Casa Beco Sacrist\u00eda Confesionarios &#8211; locutorios Capilla del Santo Sacramento \u2013 Confessionnaux Capilla de la Cruz Sala de projecci\u00f3n Refugio del Cura de Ars &#8211; Secretar\u00eda General Oficine de informaciones y Oficina de Turismo Capilla de la Protecci\u00f3n de la Madre de Dios Memorial de Mons. Kerkhofs Santa Ana La Visitaci\u00f3n Capilla de los \u00ab 7 dolores de Mar\u00eda \u00bb Monumento de la Uni\u00f3n Internac. de Oraci\u00f3n La Fuente Estatua de San Luis Mar\u00eda Grignion de Montfort Monumento de la estrella Estatua de la Virgen de los Pobres Esplanada Capilla San Francisco de As\u00eds Capilla del Mensaje Capilla Mar\u00eda Mediadora Confesionarios Sacrist\u00eda Hospitalidad Refugio Santa Bernardita Ba\u00f1os Refugio Santa Camille Estatua de San Padre P\u00edo [&hellip;]\" \/>\n<meta property=\"og:url\" content=\"https:\/\/banneux-nd.be\/es\/los-lugares\/\" \/>\n<meta property=\"og:site_name\" content=\"Banneux Notre-Dame\" \/>\n<meta property=\"article:publisher\" content=\"https:\/\/www.facebook.com\/NDBanneux\/\" \/>\n<meta name=\"twitter:card\" content=\"summary_large_image\" \/>\n<meta name=\"twitter:label1\" content=\"Tiempo de lectura\" \/>\n\t<meta name=\"twitter:data1\" content=\"1 minuto\" \/>\n<script type=\"application\/ld+json\" class=\"yoast-schema-graph\">{\"@context\":\"https:\\\/\\\/schema.org\",\"@graph\":[{\"@type\":\"WebPage\",\"@id\":\"https:\\\/\\\/banneux-nd.be\\\/es\\\/los-lugares\\\/\",\"url\":\"https:\\\/\\\/banneux-nd.be\\\/es\\\/los-lugares\\\/\",\"name\":\"Los lugares - Banneux Notre-Dame\",\"isPartOf\":{\"@id\":\"https:\\\/\\\/banneux-nd.be\\\/es\\\/#website\"},\"datePublished\":\"2019-03-15T23:49:07+00:00\",\"breadcrumb\":{\"@id\":\"https:\\\/\\\/banneux-nd.be\\\/es\\\/los-lugares\\\/#breadcrumb\"},\"inLanguage\":\"es\",\"potentialAction\":[{\"@type\":\"ReadAction\",\"target\":[\"https:\\\/\\\/banneux-nd.be\\\/es\\\/los-lugares\\\/\"]}]},{\"@type\":\"BreadcrumbList\",\"@id\":\"https:\\\/\\\/banneux-nd.be\\\/es\\\/los-lugares\\\/#breadcrumb\",\"itemListElement\":[{\"@type\":\"ListItem\",\"position\":1,\"name\":\"Accueil\",\"item\":\"https:\\\/\\\/banneux-nd.be\\\/es\\\/\"},{\"@type\":\"ListItem\",\"position\":2,\"name\":\"Los lugares\"}]},{\"@type\":\"WebSite\",\"@id\":\"https:\\\/\\\/banneux-nd.be\\\/es\\\/#website\",\"url\":\"https:\\\/\\\/banneux-nd.be\\\/es\\\/\",\"name\":\"Banneux Notre-Dame\",\"description\":\"Sanctuaire de la Vierge des Pauvres (Belgique)\",\"potentialAction\":[{\"@type\":\"SearchAction\",\"target\":{\"@type\":\"EntryPoint\",\"urlTemplate\":\"https:\\\/\\\/banneux-nd.be\\\/es\\\/?s={search_term_string}\"},\"query-input\":{\"@type\":\"PropertyValueSpecification\",\"valueRequired\":true,\"valueName\":\"search_term_string\"}}],\"inLanguage\":\"es\"}]}<\/script>\n<!-- \/ Yoast SEO plugin. -->","yoast_head_json":{"title":"Los lugares - Banneux Notre-Dame","robots":{"index":"index","follow":"follow","max-snippet":"max-snippet:-1","max-image-preview":"max-image-preview:large","max-video-preview":"max-video-preview:-1"},"canonical":"https:\/\/banneux-nd.be\/es\/los-lugares\/","og_locale":"es_ES","og_type":"article","og_title":"Los lugares - Banneux Notre-Dame","og_description":"[plano-santuario] Capilla de las apariciones Casa Beco Sacrist\u00eda Confesionarios &#8211; locutorios Capilla del Santo Sacramento \u2013 Confessionnaux Capilla de la Cruz Sala de projecci\u00f3n Refugio del Cura de Ars &#8211; Secretar\u00eda General Oficine de informaciones y Oficina de Turismo Capilla de la Protecci\u00f3n de la Madre de Dios Memorial de Mons. Kerkhofs Santa Ana La Visitaci\u00f3n Capilla de los \u00ab 7 dolores de Mar\u00eda \u00bb Monumento de la Uni\u00f3n Internac. de Oraci\u00f3n La Fuente Estatua de San Luis Mar\u00eda Grignion de Montfort Monumento de la estrella Estatua de la Virgen de los Pobres Esplanada Capilla San Francisco de As\u00eds Capilla del Mensaje Capilla Mar\u00eda Mediadora Confesionarios Sacrist\u00eda Hospitalidad Refugio Santa Bernardita Ba\u00f1os Refugio Santa Camille Estatua de San Padre P\u00edo [&hellip;]","og_url":"https:\/\/banneux-nd.be\/es\/los-lugares\/","og_site_name":"Banneux Notre-Dame","article_publisher":"https:\/\/www.facebook.com\/NDBanneux\/","twitter_card":"summary_large_image","twitter_misc":{"Tiempo de lectura":"1 minuto"},"schema":{"@context":"https:\/\/schema.org","@graph":[{"@type":"WebPage","@id":"https:\/\/banneux-nd.be\/es\/los-lugares\/","url":"https:\/\/banneux-nd.be\/es\/los-lugares\/","name":"Los lugares - Banneux Notre-Dame","isPartOf":{"@id":"https:\/\/banneux-nd.be\/es\/#website"},"datePublished":"2019-03-15T23:49:07+00:00","breadcrumb":{"@id":"https:\/\/banneux-nd.be\/es\/los-lugares\/#breadcrumb"},"inLanguage":"es","potentialAction":[{"@type":"ReadAction","target":["https:\/\/banneux-nd.be\/es\/los-lugares\/"]}]},{"@type":"BreadcrumbList","@id":"https:\/\/banneux-nd.be\/es\/los-lugares\/#breadcrumb","itemListElement":[{"@type":"ListItem","position":1,"name":"Accueil","item":"https:\/\/banneux-nd.be\/es\/"},{"@type":"ListItem","position":2,"name":"Los lugares"}]},{"@type":"WebSite","@id":"https:\/\/banneux-nd.be\/es\/#website","url":"https:\/\/banneux-nd.be\/es\/","name":"Banneux Notre-Dame","description":"Sanctuaire de la Vierge des Pauvres (Belgique)","potentialAction":[{"@type":"SearchAction","target":{"@type":"EntryPoint","urlTemplate":"https:\/\/banneux-nd.be\/es\/?s={search_term_string}"},"query-input":{"@type":"PropertyValueSpecification","valueRequired":true,"valueName":"search_term_string"}}],"inLanguage":"es"}]}},"coauthors":[],"author_meta":{"author_link":"https:\/\/banneux-nd.be\/es\/author\/dreusdeille\/","display_name":"Anne-Elisabeth N\u00e8ve"},"relative_dates":{"created":"Publicado 7 a\u00f1os hace","modified":"Actualizado 7 a\u00f1os hace"},"absolute_dates":{"created":"Publicado el 16 de marzo de 2019","modified":"Actualizado el 16 de marzo de 2019"},"absolute_dates_time":{"created":"Publicado el 16 de marzo de 2019 00:49","modified":"Actualizado el 16 de marzo de 2019 00:49"},"featured_img_caption":"","featured_img":false,"series_order":"","jetpack_sharing_enabled":true,"_links":{"self":[{"href":"https:\/\/banneux-nd.be\/es\/wp-json\/wp\/v2\/pages\/11616","targetHints":{"allow":["GET"]}}],"collection":[{"href":"https:\/\/banneux-nd.be\/es\/wp-json\/wp\/v2\/pages"}],"about":[{"href":"https:\/\/banneux-nd.be\/es\/wp-json\/wp\/v2\/types\/page"}],"author":[{"embeddable":true,"href":"https:\/\/banneux-nd.be\/es\/wp-json\/wp\/v2\/users\/4"}],"replies":[{"embeddable":true,"href":"https:\/\/banneux-nd.be\/es\/wp-json\/wp\/v2\/comments?post=11616"}],"version-history":[{"count":0,"href":"https:\/\/banneux-nd.be\/es\/wp-json\/wp\/v2\/pages\/11616\/revisions"}],"wp:attachment":[{"href":"https:\/\/banneux-nd.be\/es\/wp-json\/wp\/v2\/media?parent=11616"}],"curies":[{"name":"wp","href":"https:\/\/api.w.org\/{rel}","templated":true}]}}