{"id":11620,"date":"2019-03-16T01:15:04","date_gmt":"2019-03-16T00:15:04","guid":{"rendered":"https:\/\/www.banneux-nd.be\/informacion-practica\/"},"modified":"2019-03-16T01:15:12","modified_gmt":"2019-03-16T00:15:12","slug":"informacion-practica","status":"publish","type":"page","link":"https:\/\/banneux-nd.be\/es\/informacion-practica\/","title":{"rendered":"Informaci\u00f3n pr\u00e1ctica"},"content":{"rendered":"<h3 style=\"text-align: center\">En esta secci\u00f3n, encontrar\u00e1 informaciones sobre :<\/h3>\n<h3 style=\"text-align: left\">* <a href=\"https:\/\/banneux-nd.be\/es\/horario-de-las-celebraciones\/\" target=\"_blank\" rel=\"noopener noreferrer\">El horario de las celebraciones en el Santuari<\/a><\/h3>\n<h3 style=\"text-align: left\">* <a href=\"https:\/\/banneux-nd.be\/es\/calendario\/\" target=\"_blank\" rel=\"noopener noreferrer\">El calendario<\/a>: las fiestas en el Santuario durante todo el a\u00f1o<\/h3>\n<h3 style=\"text-align: left\">* C\u00f3mo <a href=\"https:\/\/banneux-nd.be\/es\/demander-priere-old\/\" target=\"_blank\" rel=\"noopener noreferrer\">hacer una petici\u00f3n<\/a><\/h3>\n<h3 style=\"text-align: left\">* C\u00f3mo <a href=\"https:\/\/banneux-nd.be\/es\/pele-un-jour\/\" target=\"_blank\" rel=\"noopener noreferrer\">organizar una peregrinaci\u00f3n de un d\u00eda<\/a><\/h3>\n<h3 style=\"text-align: left\">* Fechas de los <a href=\"https:\/\/banneux-nd.be\/es\/triduos-en-2018\/\" target=\"_blank\" rel=\"noopener noreferrer\">Tridiums de la estaci\u00f3n<\/a><\/h3>\n<h3 style=\"text-align: left\">* C\u00f3mo <a href=\"https:\/\/banneux-nd.be\/es\/celebre-una-misa\/\" target=\"_blank\" rel=\"noopener noreferrer\">pedir una misa<\/a><\/h3>\n<h3 style=\"text-align: left\">* C\u00f3mo<a href=\"https:\/\/banneux-nd.be\/fr\/faire-placer-un-ex-voto\/\" target=\"_blank\" rel=\"noopener noreferrer\"> hacer una ofrenda<\/a><\/h3>\n<h3 style=\"text-align: left\">* C\u00f3mo ayudar al Santuario, <a href=\"https:\/\/banneux-nd.be\/es\/ayuda-al-santuario\/\" target=\"_blank\" rel=\"noopener noreferrer\">financieramente<\/a> o por <a href=\"https:\/\/banneux-nd.be\/es\/benevolat\/\" target=\"_blank\" rel=\"noopener noreferrer\">voluntariado<\/a><\/h3>\n<h3 style=\"text-align: left\">* <a href=\"https:\/\/banneux-nd.be\/es\/acogida-y-centros-espirituales\/\" target=\"_blank\" rel=\"noopener noreferrer\">Centros de acogida y centros espirituales<\/a><\/h3>\n<h3 style=\"text-align: left\"><\/h3>\n<h3 style=\"text-align: center\">\u00a1Buena exploraci\u00f3n!<\/h3>\n","protected":false},"excerpt":{"rendered":"<p>En esta secci\u00f3n, encontrar\u00e1 informaciones sobre : * El horario de las celebraciones en el Santuari * El calendario: las fiestas en el Santuario durante todo el a\u00f1o * C\u00f3mo hacer una petici\u00f3n * C\u00f3mo organizar una peregrinaci\u00f3n de un d\u00eda * Fechas de los Tridiums de la estaci\u00f3n * C\u00f3mo pedir una misa * C\u00f3mo hacer una ofrenda * C\u00f3mo ayudar al Santuario, financieramente o por voluntariado * Centros de acogida y centros espirituales \u00a1Buena exploraci\u00f3n!<\/p>\n","protected":false},"author":4,"featured_media":0,"parent":0,"menu_order":0,"comment_status":"closed","ping_status":"closed","template":"","meta":{"advgb_blocks_editor_width":"","advgb_blocks_columns_visual_guide":"","footnotes":""},"class_list":["post-11620","page","type-page","status-publish","hentry"],"yoast_head":"<!-- This site is optimized with the Yoast SEO plugin v27.5 - https:\/\/yoast.com\/product\/yoast-seo-wordpress\/ -->\n<title>Informaci\u00f3n pr\u00e1ctica - Banneux Notre-Dame<\/title>\n<meta name=\"robots\" content=\"index, follow, max-snippet:-1, max-image-preview:large, max-video-preview:-1\" \/>\n<link rel=\"canonical\" href=\"https:\/\/banneux-nd.be\/es\/informacion-practica\/\" \/>\n<meta property=\"og:locale\" content=\"es_ES\" \/>\n<meta property=\"og:type\" content=\"article\" \/>\n<meta property=\"og:title\" content=\"Informaci\u00f3n pr\u00e1ctica - Banneux Notre-Dame\" \/>\n<meta property=\"og:description\" content=\"En esta secci\u00f3n, encontrar\u00e1 informaciones sobre : * El horario de las celebraciones en el Santuari * El calendario: las fiestas en el Santuario durante todo el a\u00f1o * C\u00f3mo hacer una petici\u00f3n * C\u00f3mo organizar una peregrinaci\u00f3n de un d\u00eda * Fechas de los Tridiums de la estaci\u00f3n * C\u00f3mo pedir una misa * C\u00f3mo hacer una ofrenda * C\u00f3mo ayudar al Santuario, financieramente o por voluntariado * Centros de acogida y centros espirituales \u00a1Buena exploraci\u00f3n!\" \/>\n<meta property=\"og:url\" content=\"https:\/\/banneux-nd.be\/es\/informacion-practica\/\" \/>\n<meta property=\"og:site_name\" content=\"Banneux Notre-Dame\" \/>\n<meta property=\"article:publisher\" content=\"https:\/\/www.facebook.com\/NDBanneux\/\" \/>\n<meta property=\"article:modified_time\" content=\"2019-03-16T00:15:12+00:00\" \/>\n<meta name=\"twitter:card\" content=\"summary_large_image\" \/>\n<script type=\"application\/ld+json\" class=\"yoast-schema-graph\">{\"@context\":\"https:\\\/\\\/schema.org\",\"@graph\":[{\"@type\":\"WebPage\",\"@id\":\"https:\\\/\\\/banneux-nd.be\\\/es\\\/informacion-practica\\\/\",\"url\":\"https:\\\/\\\/banneux-nd.be\\\/es\\\/informacion-practica\\\/\",\"name\":\"Informaci\u00f3n pr\u00e1ctica - Banneux Notre-Dame\",\"isPartOf\":{\"@id\":\"https:\\\/\\\/banneux-nd.be\\\/es\\\/#website\"},\"datePublished\":\"2019-03-16T00:15:04+00:00\",\"dateModified\":\"2019-03-16T00:15:12+00:00\",\"breadcrumb\":{\"@id\":\"https:\\\/\\\/banneux-nd.be\\\/es\\\/informacion-practica\\\/#breadcrumb\"},\"inLanguage\":\"es\",\"potentialAction\":[{\"@type\":\"ReadAction\",\"target\":[\"https:\\\/\\\/banneux-nd.be\\\/es\\\/informacion-practica\\\/\"]}]},{\"@type\":\"BreadcrumbList\",\"@id\":\"https:\\\/\\\/banneux-nd.be\\\/es\\\/informacion-practica\\\/#breadcrumb\",\"itemListElement\":[{\"@type\":\"ListItem\",\"position\":1,\"name\":\"Accueil\",\"item\":\"https:\\\/\\\/banneux-nd.be\\\/es\\\/\"},{\"@type\":\"ListItem\",\"position\":2,\"name\":\"Informaci\u00f3n pr\u00e1ctica\"}]},{\"@type\":\"WebSite\",\"@id\":\"https:\\\/\\\/banneux-nd.be\\\/es\\\/#website\",\"url\":\"https:\\\/\\\/banneux-nd.be\\\/es\\\/\",\"name\":\"Banneux Notre-Dame\",\"description\":\"Sanctuaire de la Vierge des Pauvres (Belgique)\",\"potentialAction\":[{\"@type\":\"SearchAction\",\"target\":{\"@type\":\"EntryPoint\",\"urlTemplate\":\"https:\\\/\\\/banneux-nd.be\\\/es\\\/?s={search_term_string}\"},\"query-input\":{\"@type\":\"PropertyValueSpecification\",\"valueRequired\":true,\"valueName\":\"search_term_string\"}}],\"inLanguage\":\"es\"}]}<\/script>\n<!-- \/ Yoast SEO plugin. -->","yoast_head_json":{"title":"Informaci\u00f3n pr\u00e1ctica - Banneux Notre-Dame","robots":{"index":"index","follow":"follow","max-snippet":"max-snippet:-1","max-image-preview":"max-image-preview:large","max-video-preview":"max-video-preview:-1"},"canonical":"https:\/\/banneux-nd.be\/es\/informacion-practica\/","og_locale":"es_ES","og_type":"article","og_title":"Informaci\u00f3n pr\u00e1ctica - Banneux Notre-Dame","og_description":"En esta secci\u00f3n, encontrar\u00e1 informaciones sobre : * El horario de las celebraciones en el Santuari * El calendario: las fiestas en el Santuario durante todo el a\u00f1o * C\u00f3mo hacer una petici\u00f3n * C\u00f3mo organizar una peregrinaci\u00f3n de un d\u00eda * Fechas de los Tridiums de la estaci\u00f3n * C\u00f3mo pedir una misa * C\u00f3mo hacer una ofrenda * C\u00f3mo ayudar al Santuario, financieramente o por voluntariado * Centros de acogida y centros espirituales \u00a1Buena exploraci\u00f3n!","og_url":"https:\/\/banneux-nd.be\/es\/informacion-practica\/","og_site_name":"Banneux Notre-Dame","article_publisher":"https:\/\/www.facebook.com\/NDBanneux\/","article_modified_time":"2019-03-16T00:15:12+00:00","twitter_card":"summary_large_image","schema":{"@context":"https:\/\/schema.org","@graph":[{"@type":"WebPage","@id":"https:\/\/banneux-nd.be\/es\/informacion-practica\/","url":"https:\/\/banneux-nd.be\/es\/informacion-practica\/","name":"Informaci\u00f3n pr\u00e1ctica - Banneux Notre-Dame","isPartOf":{"@id":"https:\/\/banneux-nd.be\/es\/#website"},"datePublished":"2019-03-16T00:15:04+00:00","dateModified":"2019-03-16T00:15:12+00:00","breadcrumb":{"@id":"https:\/\/banneux-nd.be\/es\/informacion-practica\/#breadcrumb"},"inLanguage":"es","potentialAction":[{"@type":"ReadAction","target":["https:\/\/banneux-nd.be\/es\/informacion-practica\/"]}]},{"@type":"BreadcrumbList","@id":"https:\/\/banneux-nd.be\/es\/informacion-practica\/#breadcrumb","itemListElement":[{"@type":"ListItem","position":1,"name":"Accueil","item":"https:\/\/banneux-nd.be\/es\/"},{"@type":"ListItem","position":2,"name":"Informaci\u00f3n pr\u00e1ctica"}]},{"@type":"WebSite","@id":"https:\/\/banneux-nd.be\/es\/#website","url":"https:\/\/banneux-nd.be\/es\/","name":"Banneux Notre-Dame","description":"Sanctuaire de la Vierge des Pauvres (Belgique)","potentialAction":[{"@type":"SearchAction","target":{"@type":"EntryPoint","urlTemplate":"https:\/\/banneux-nd.be\/es\/?s={search_term_string}"},"query-input":{"@type":"PropertyValueSpecification","valueRequired":true,"valueName":"search_term_string"}}],"inLanguage":"es"}]}},"coauthors":[],"author_meta":{"author_link":"https:\/\/banneux-nd.be\/es\/author\/dreusdeille\/","display_name":"Anne-Elisabeth N\u00e8ve"},"relative_dates":{"created":"Publicado 7 a\u00f1os hace","modified":"Actualizado 7 a\u00f1os hace"},"absolute_dates":{"created":"Publicado el 16 de marzo de 2019","modified":"Actualizado el 16 de marzo de 2019"},"absolute_dates_time":{"created":"Publicado el 16 de marzo de 2019 01:15","modified":"Actualizado el 16 de marzo de 2019 01:15"},"featured_img_caption":"","featured_img":false,"series_order":"","jetpack_sharing_enabled":true,"_links":{"self":[{"href":"https:\/\/banneux-nd.be\/es\/wp-json\/wp\/v2\/pages\/11620","targetHints":{"allow":["GET"]}}],"collection":[{"href":"https:\/\/banneux-nd.be\/es\/wp-json\/wp\/v2\/pages"}],"about":[{"href":"https:\/\/banneux-nd.be\/es\/wp-json\/wp\/v2\/types\/page"}],"author":[{"embeddable":true,"href":"https:\/\/banneux-nd.be\/es\/wp-json\/wp\/v2\/users\/4"}],"replies":[{"embeddable":true,"href":"https:\/\/banneux-nd.be\/es\/wp-json\/wp\/v2\/comments?post=11620"}],"version-history":[{"count":1,"href":"https:\/\/banneux-nd.be\/es\/wp-json\/wp\/v2\/pages\/11620\/revisions"}],"predecessor-version":[{"id":11621,"href":"https:\/\/banneux-nd.be\/es\/wp-json\/wp\/v2\/pages\/11620\/revisions\/11621"}],"wp:attachment":[{"href":"https:\/\/banneux-nd.be\/es\/wp-json\/wp\/v2\/media?parent=11620"}],"curies":[{"name":"wp","href":"https:\/\/api.w.org\/{rel}","templated":true}]}}