{"id":11627,"date":"2019-03-18T01:19:52","date_gmt":"2019-03-18T00:19:52","guid":{"rendered":"https:\/\/www.banneux-nd.be\/descubrir\/"},"modified":"2019-03-18T01:20:01","modified_gmt":"2019-03-18T00:20:01","slug":"descubrir","status":"publish","type":"page","link":"https:\/\/banneux-nd.be\/es\/descubrir\/","title":{"rendered":"Descubrir"},"content":{"rendered":"<p style=\"text-align: justify\">En esta secci\u00f3n del sitio, lo invitamos a descubrir el <a href=\"https:\/\/banneux-nd.be\/es\/theme-annee\/\" target=\"_blank\" rel=\"noopener noreferrer\"><strong>tema del a\u00f1o<\/strong><\/a><strong>,<\/strong>\u00a0<strong><a href=\"https:\/\/banneux-nd.be\/es\/los-lugares\/\" target=\"_blank\" rel=\"noopener noreferrer\">los lugares<\/a><\/strong> que componen el santuario de banneux.<\/p>\n<p style=\"text-align: justify\">Y tambi\u00e9n las <strong>oraciones <\/strong>y las <strong><a href=\"https:\/\/banneux-nd.be\/es\/chants-de-banneux\/\" target=\"_blank\" rel=\"noopener noreferrer\">canciones<\/a> <\/strong>escritas y compuestas especialmente para el santuario, en honor a Mar\u00eda.<\/p>\n<p style=\"text-align: justify\">para conocer mejor el mensaje y el santuario, usted puede suscribirse a la <strong>revista <\/strong>y comprar algunas <strong><a href=\"https:\/\/banneux-nd.be\/es\/revue\/\" target=\"_blank\" rel=\"noopener noreferrer\">publicaciones<\/a><\/strong>.<\/p>\n<p style=\"text-align: justify\">En f\u00edn, Banneux forma parte de varias redes de santuarios: <strong><a href=\"https:\/\/banneux-nd.be\/es\/banneux-et-ses-reseaux\/\" target=\"_blank\" rel=\"noopener noreferrer\">pesentaci\u00f3n<\/a>\u00a0<\/strong><\/p>\n<p style=\"text-align: justify\"><img fetchpriority=\"high\" decoding=\"async\" class=\"aligncenter size-full wp-image-8569\" src=\"https:\/\/banneux-nd.be\/wp-content\/uploads\/2018\/05\/2014-03-25-Banneux-Annonciation-17.jpg\" alt=\"\" width=\"1296\" height=\"864\" srcset=\"https:\/\/banneux-nd.be\/wp-content\/uploads\/2018\/05\/2014-03-25-Banneux-Annonciation-17.jpg 1296w, https:\/\/banneux-nd.be\/wp-content\/uploads\/2018\/05\/2014-03-25-Banneux-Annonciation-17-300x200.jpg 300w, https:\/\/banneux-nd.be\/wp-content\/uploads\/2018\/05\/2014-03-25-Banneux-Annonciation-17-768x512.jpg 768w, https:\/\/banneux-nd.be\/wp-content\/uploads\/2018\/05\/2014-03-25-Banneux-Annonciation-17-1024x683.jpg 1024w\" sizes=\"(max-width: 1296px) 100vw, 1296px\" \/><\/p>\n","protected":false},"excerpt":{"rendered":"<p>En esta secci\u00f3n del sitio, lo invitamos a descubrir el tema del a\u00f1o,\u00a0los lugares que componen el santuario de banneux. Y tambi\u00e9n las oraciones y las canciones escritas y compuestas especialmente para el santuario, en honor a Mar\u00eda. para conocer mejor el mensaje y el santuario, usted puede suscribirse a la revista y comprar algunas publicaciones. En f\u00edn, Banneux forma parte de varias redes de santuarios: pesentaci\u00f3n\u00a0<\/p>\n","protected":false},"author":4,"featured_media":0,"parent":0,"menu_order":0,"comment_status":"closed","ping_status":"closed","template":"","meta":{"advgb_blocks_editor_width":"","advgb_blocks_columns_visual_guide":"","jetpack_post_was_ever_published":false,"footnotes":""},"class_list":["post-11627","page","type-page","status-publish","hentry"],"yoast_head":"<!-- This site is optimized with the Yoast SEO plugin v27.4 - https:\/\/yoast.com\/product\/yoast-seo-wordpress\/ -->\n<title>Descubrir - Banneux Notre-Dame<\/title>\n<meta name=\"robots\" content=\"index, follow, max-snippet:-1, max-image-preview:large, max-video-preview:-1\" \/>\n<link rel=\"canonical\" href=\"https:\/\/banneux-nd.be\/es\/descubrir\/\" \/>\n<meta property=\"og:locale\" content=\"es_ES\" \/>\n<meta property=\"og:type\" content=\"article\" \/>\n<meta property=\"og:title\" content=\"Descubrir - Banneux Notre-Dame\" \/>\n<meta property=\"og:description\" content=\"En esta secci\u00f3n del sitio, lo invitamos a descubrir el tema del a\u00f1o,\u00a0los lugares que componen el santuario de banneux. Y tambi\u00e9n las oraciones y las canciones escritas y compuestas especialmente para el santuario, en honor a Mar\u00eda. para conocer mejor el mensaje y el santuario, usted puede suscribirse a la revista y comprar algunas publicaciones. En f\u00edn, Banneux forma parte de varias redes de santuarios: pesentaci\u00f3n\u00a0\" \/>\n<meta property=\"og:url\" content=\"https:\/\/banneux-nd.be\/es\/descubrir\/\" \/>\n<meta property=\"og:site_name\" content=\"Banneux Notre-Dame\" \/>\n<meta property=\"article:publisher\" content=\"https:\/\/www.facebook.com\/NDBanneux\/\" \/>\n<meta property=\"article:modified_time\" content=\"2019-03-18T00:20:01+00:00\" \/>\n<meta property=\"og:image\" content=\"https:\/\/banneux-nd.be\/wp-content\/uploads\/2018\/05\/2014-03-25-Banneux-Annonciation-17.jpg\" \/>\n<meta name=\"twitter:card\" content=\"summary_large_image\" \/>\n<script type=\"application\/ld+json\" class=\"yoast-schema-graph\">{\"@context\":\"https:\\\/\\\/schema.org\",\"@graph\":[{\"@type\":\"WebPage\",\"@id\":\"https:\\\/\\\/banneux-nd.be\\\/es\\\/descubrir\\\/\",\"url\":\"https:\\\/\\\/banneux-nd.be\\\/es\\\/descubrir\\\/\",\"name\":\"Descubrir - Banneux Notre-Dame\",\"isPartOf\":{\"@id\":\"https:\\\/\\\/banneux-nd.be\\\/es\\\/#website\"},\"primaryImageOfPage\":{\"@id\":\"https:\\\/\\\/banneux-nd.be\\\/es\\\/descubrir\\\/#primaryimage\"},\"image\":{\"@id\":\"https:\\\/\\\/banneux-nd.be\\\/es\\\/descubrir\\\/#primaryimage\"},\"thumbnailUrl\":\"https:\\\/\\\/banneux-nd.be\\\/wp-content\\\/uploads\\\/2018\\\/05\\\/2014-03-25-Banneux-Annonciation-17.jpg\",\"datePublished\":\"2019-03-18T00:19:52+00:00\",\"dateModified\":\"2019-03-18T00:20:01+00:00\",\"breadcrumb\":{\"@id\":\"https:\\\/\\\/banneux-nd.be\\\/es\\\/descubrir\\\/#breadcrumb\"},\"inLanguage\":\"es\",\"potentialAction\":[{\"@type\":\"ReadAction\",\"target\":[\"https:\\\/\\\/banneux-nd.be\\\/es\\\/descubrir\\\/\"]}]},{\"@type\":\"ImageObject\",\"inLanguage\":\"es\",\"@id\":\"https:\\\/\\\/banneux-nd.be\\\/es\\\/descubrir\\\/#primaryimage\",\"url\":\"https:\\\/\\\/banneux-nd.be\\\/wp-content\\\/uploads\\\/2018\\\/05\\\/2014-03-25-Banneux-Annonciation-17.jpg\",\"contentUrl\":\"https:\\\/\\\/banneux-nd.be\\\/wp-content\\\/uploads\\\/2018\\\/05\\\/2014-03-25-Banneux-Annonciation-17.jpg\"},{\"@type\":\"BreadcrumbList\",\"@id\":\"https:\\\/\\\/banneux-nd.be\\\/es\\\/descubrir\\\/#breadcrumb\",\"itemListElement\":[{\"@type\":\"ListItem\",\"position\":1,\"name\":\"Accueil\",\"item\":\"https:\\\/\\\/banneux-nd.be\\\/es\\\/\"},{\"@type\":\"ListItem\",\"position\":2,\"name\":\"Descubrir\"}]},{\"@type\":\"WebSite\",\"@id\":\"https:\\\/\\\/banneux-nd.be\\\/es\\\/#website\",\"url\":\"https:\\\/\\\/banneux-nd.be\\\/es\\\/\",\"name\":\"Banneux Notre-Dame\",\"description\":\"Sanctuaire de la Vierge des Pauvres (Belgique)\",\"potentialAction\":[{\"@type\":\"SearchAction\",\"target\":{\"@type\":\"EntryPoint\",\"urlTemplate\":\"https:\\\/\\\/banneux-nd.be\\\/es\\\/?s={search_term_string}\"},\"query-input\":{\"@type\":\"PropertyValueSpecification\",\"valueRequired\":true,\"valueName\":\"search_term_string\"}}],\"inLanguage\":\"es\"}]}<\/script>\n<!-- \/ Yoast SEO plugin. -->","yoast_head_json":{"title":"Descubrir - Banneux Notre-Dame","robots":{"index":"index","follow":"follow","max-snippet":"max-snippet:-1","max-image-preview":"max-image-preview:large","max-video-preview":"max-video-preview:-1"},"canonical":"https:\/\/banneux-nd.be\/es\/descubrir\/","og_locale":"es_ES","og_type":"article","og_title":"Descubrir - Banneux Notre-Dame","og_description":"En esta secci\u00f3n del sitio, lo invitamos a descubrir el tema del a\u00f1o,\u00a0los lugares que componen el santuario de banneux. Y tambi\u00e9n las oraciones y las canciones escritas y compuestas especialmente para el santuario, en honor a Mar\u00eda. para conocer mejor el mensaje y el santuario, usted puede suscribirse a la revista y comprar algunas publicaciones. En f\u00edn, Banneux forma parte de varias redes de santuarios: pesentaci\u00f3n\u00a0","og_url":"https:\/\/banneux-nd.be\/es\/descubrir\/","og_site_name":"Banneux Notre-Dame","article_publisher":"https:\/\/www.facebook.com\/NDBanneux\/","article_modified_time":"2019-03-18T00:20:01+00:00","og_image":[{"url":"https:\/\/banneux-nd.be\/wp-content\/uploads\/2018\/05\/2014-03-25-Banneux-Annonciation-17.jpg","type":"","width":"","height":""}],"twitter_card":"summary_large_image","schema":{"@context":"https:\/\/schema.org","@graph":[{"@type":"WebPage","@id":"https:\/\/banneux-nd.be\/es\/descubrir\/","url":"https:\/\/banneux-nd.be\/es\/descubrir\/","name":"Descubrir - Banneux Notre-Dame","isPartOf":{"@id":"https:\/\/banneux-nd.be\/es\/#website"},"primaryImageOfPage":{"@id":"https:\/\/banneux-nd.be\/es\/descubrir\/#primaryimage"},"image":{"@id":"https:\/\/banneux-nd.be\/es\/descubrir\/#primaryimage"},"thumbnailUrl":"https:\/\/banneux-nd.be\/wp-content\/uploads\/2018\/05\/2014-03-25-Banneux-Annonciation-17.jpg","datePublished":"2019-03-18T00:19:52+00:00","dateModified":"2019-03-18T00:20:01+00:00","breadcrumb":{"@id":"https:\/\/banneux-nd.be\/es\/descubrir\/#breadcrumb"},"inLanguage":"es","potentialAction":[{"@type":"ReadAction","target":["https:\/\/banneux-nd.be\/es\/descubrir\/"]}]},{"@type":"ImageObject","inLanguage":"es","@id":"https:\/\/banneux-nd.be\/es\/descubrir\/#primaryimage","url":"https:\/\/banneux-nd.be\/wp-content\/uploads\/2018\/05\/2014-03-25-Banneux-Annonciation-17.jpg","contentUrl":"https:\/\/banneux-nd.be\/wp-content\/uploads\/2018\/05\/2014-03-25-Banneux-Annonciation-17.jpg"},{"@type":"BreadcrumbList","@id":"https:\/\/banneux-nd.be\/es\/descubrir\/#breadcrumb","itemListElement":[{"@type":"ListItem","position":1,"name":"Accueil","item":"https:\/\/banneux-nd.be\/es\/"},{"@type":"ListItem","position":2,"name":"Descubrir"}]},{"@type":"WebSite","@id":"https:\/\/banneux-nd.be\/es\/#website","url":"https:\/\/banneux-nd.be\/es\/","name":"Banneux Notre-Dame","description":"Sanctuaire de la Vierge des Pauvres (Belgique)","potentialAction":[{"@type":"SearchAction","target":{"@type":"EntryPoint","urlTemplate":"https:\/\/banneux-nd.be\/es\/?s={search_term_string}"},"query-input":{"@type":"PropertyValueSpecification","valueRequired":true,"valueName":"search_term_string"}}],"inLanguage":"es"}]}},"coauthors":[],"author_meta":{"author_link":"https:\/\/banneux-nd.be\/es\/author\/dreusdeille\/","display_name":"Anne-Elisabeth N\u00e8ve"},"relative_dates":{"created":"Publicado 7 a\u00f1os hace","modified":"Actualizado 7 a\u00f1os hace"},"absolute_dates":{"created":"Publicado el 18 de marzo de 2019","modified":"Actualizado el 18 de marzo de 2019"},"absolute_dates_time":{"created":"Publicado el 18 de marzo de 2019 01:19","modified":"Actualizado el 18 de marzo de 2019 01:20"},"featured_img_caption":"","featured_img":false,"series_order":"","jetpack_sharing_enabled":true,"_links":{"self":[{"href":"https:\/\/banneux-nd.be\/es\/wp-json\/wp\/v2\/pages\/11627","targetHints":{"allow":["GET"]}}],"collection":[{"href":"https:\/\/banneux-nd.be\/es\/wp-json\/wp\/v2\/pages"}],"about":[{"href":"https:\/\/banneux-nd.be\/es\/wp-json\/wp\/v2\/types\/page"}],"author":[{"embeddable":true,"href":"https:\/\/banneux-nd.be\/es\/wp-json\/wp\/v2\/users\/4"}],"replies":[{"embeddable":true,"href":"https:\/\/banneux-nd.be\/es\/wp-json\/wp\/v2\/comments?post=11627"}],"version-history":[{"count":1,"href":"https:\/\/banneux-nd.be\/es\/wp-json\/wp\/v2\/pages\/11627\/revisions"}],"predecessor-version":[{"id":11629,"href":"https:\/\/banneux-nd.be\/es\/wp-json\/wp\/v2\/pages\/11627\/revisions\/11629"}],"wp:attachment":[{"href":"https:\/\/banneux-nd.be\/es\/wp-json\/wp\/v2\/media?parent=11627"}],"curies":[{"name":"wp","href":"https:\/\/api.w.org\/{rel}","templated":true}]}}