{"id":11630,"date":"2019-03-18T01:28:24","date_gmt":"2019-03-18T00:28:24","guid":{"rendered":"https:\/\/www.banneux-nd.be\/actividades\/"},"modified":"2019-03-18T01:28:30","modified_gmt":"2019-03-18T00:28:30","slug":"actividades","status":"publish","type":"page","link":"https:\/\/banneux-nd.be\/es\/actividades\/","title":{"rendered":"Actividades"},"content":{"rendered":"<p><strong>A continuaci\u00f3n, algunas propuestas si usted est\u00e1 en Banneux por un d\u00eda o por varios:<br \/>\n<\/strong><\/p>\n<p><a href=\"https:\/\/banneux-nd.be\/es\/adoracion-del-santisimo-sacramento\/\" target=\"_blank\" rel=\"noopener noreferrer\">Tomarse un tiempo para la adoraci\u00f3n del Santo Sacramento<\/a><\/p>\n<p><a href=\"https:\/\/banneux-nd.be\/es\/benediction-des-malades\/\" target=\"_blank\" rel=\"noopener noreferrer\">Participar en la bendici\u00f3n de enfermos<\/a><\/p>\n<p><a href=\"https:\/\/banneux-nd.be\/es\/se-confesser\/\" target=\"_blank\" rel=\"noopener noreferrer\">Recibir el sacramento de reconciliaci\u00f3n<\/a><\/p>\n<p><a href=\"https:\/\/banneux-nd.be\/es\/rosaire-du-soir\/\" target=\"_blank\" rel=\"noopener noreferrer\">Rezar el Rosario<\/a><\/p>\n<p><a href=\"https:\/\/banneux-nd.be\/es\/chemin-de-priere\/\" target=\"_blank\" rel=\"noopener noreferrer\">Hacer el Camino de oraci\u00f3n<\/a><\/p>\n<p><a href=\"https:\/\/banneux-nd.be\/es\/chemin-de-croix\/\" target=\"_blank\" rel=\"noopener noreferrer\">Hacer el Camino de la cruz<\/a><\/p>\n<p><strong><a href=\"https:\/\/banneux-nd.be\/es\/avec-les-jeunes\/\" target=\"_blank\" rel=\"noopener noreferrer\">Propuestas para los j\u00f3venes<\/a><\/strong><\/p>\n<h3 style=\"text-align: center\">Para conocer los horarios de todas las celebraciones organizadas por el Santuario,<br \/>\nvaya a la p\u00e1gina de <a href=\"https:\/\/banneux-nd.be\/en-pratique\/horaire-celebrations-hiver\/\" target=\"_blank\" rel=\"noopener noreferrer\">horarios<\/a><\/h3>\n<p style=\"text-align: center\">\u2660\u2660\u2660\u2660\u2660<\/p>\n<p style=\"text-align: justify\">Si dispone de varios d\u00edas, pude participar en un <a href=\"https:\/\/banneux-nd.be\/es\/triduos-en-2018\/\" target=\"_blank\" rel=\"noopener noreferrer\">Triduum<\/a>, peregrinaci\u00f3n organizada que acoje a enfermos, que se lleva a cabo de viernes a martes, durante la temporada (mayo-octubre).<\/p>\n","protected":false},"excerpt":{"rendered":"<p>A continuaci\u00f3n, algunas propuestas si usted est\u00e1 en Banneux por un d\u00eda o por varios: Tomarse un tiempo para la adoraci\u00f3n del Santo Sacramento Participar en la bendici\u00f3n de enfermos Recibir el sacramento de reconciliaci\u00f3n Rezar el Rosario Hacer el Camino de oraci\u00f3n Hacer el Camino de la cruz Propuestas para los j\u00f3venes Para conocer los horarios de todas las celebraciones organizadas por el Santuario, vaya a la p\u00e1gina de horarios \u2660\u2660\u2660\u2660\u2660 Si dispone de varios d\u00edas, pude participar en un Triduum, peregrinaci\u00f3n organizada que acoje a enfermos, que se lleva a cabo de viernes a martes, durante la temporada (mayo-octubre).<\/p>\n","protected":false},"author":4,"featured_media":0,"parent":0,"menu_order":0,"comment_status":"closed","ping_status":"closed","template":"","meta":{"advgb_blocks_editor_width":"","advgb_blocks_columns_visual_guide":"","jetpack_post_was_ever_published":false,"footnotes":""},"class_list":["post-11630","page","type-page","status-publish","hentry"],"yoast_head":"<!-- This site is optimized with the Yoast SEO plugin v27.4 - https:\/\/yoast.com\/product\/yoast-seo-wordpress\/ -->\n<title>Actividades - Banneux Notre-Dame<\/title>\n<meta name=\"robots\" content=\"index, follow, max-snippet:-1, max-image-preview:large, max-video-preview:-1\" \/>\n<link rel=\"canonical\" href=\"https:\/\/banneux-nd.be\/es\/actividades\/\" \/>\n<meta property=\"og:locale\" content=\"es_ES\" \/>\n<meta property=\"og:type\" content=\"article\" \/>\n<meta property=\"og:title\" content=\"Actividades - Banneux Notre-Dame\" \/>\n<meta property=\"og:description\" content=\"A continuaci\u00f3n, algunas propuestas si usted est\u00e1 en Banneux por un d\u00eda o por varios: Tomarse un tiempo para la adoraci\u00f3n del Santo Sacramento Participar en la bendici\u00f3n de enfermos Recibir el sacramento de reconciliaci\u00f3n Rezar el Rosario Hacer el Camino de oraci\u00f3n Hacer el Camino de la cruz Propuestas para los j\u00f3venes Para conocer los horarios de todas las celebraciones organizadas por el Santuario, vaya a la p\u00e1gina de horarios \u2660\u2660\u2660\u2660\u2660 Si dispone de varios d\u00edas, pude participar en un Triduum, peregrinaci\u00f3n organizada que acoje a enfermos, que se lleva a cabo de viernes a martes, durante la temporada (mayo-octubre).\" \/>\n<meta property=\"og:url\" content=\"https:\/\/banneux-nd.be\/es\/actividades\/\" \/>\n<meta property=\"og:site_name\" content=\"Banneux Notre-Dame\" \/>\n<meta property=\"article:publisher\" content=\"https:\/\/www.facebook.com\/NDBanneux\/\" \/>\n<meta property=\"article:modified_time\" content=\"2019-03-18T00:28:30+00:00\" \/>\n<meta name=\"twitter:card\" content=\"summary_large_image\" \/>\n<meta name=\"twitter:label1\" content=\"Tiempo de lectura\" \/>\n\t<meta name=\"twitter:data1\" content=\"1 minuto\" \/>\n<script type=\"application\/ld+json\" class=\"yoast-schema-graph\">{\"@context\":\"https:\\\/\\\/schema.org\",\"@graph\":[{\"@type\":\"WebPage\",\"@id\":\"https:\\\/\\\/banneux-nd.be\\\/es\\\/actividades\\\/\",\"url\":\"https:\\\/\\\/banneux-nd.be\\\/es\\\/actividades\\\/\",\"name\":\"Actividades - Banneux Notre-Dame\",\"isPartOf\":{\"@id\":\"https:\\\/\\\/banneux-nd.be\\\/es\\\/#website\"},\"datePublished\":\"2019-03-18T00:28:24+00:00\",\"dateModified\":\"2019-03-18T00:28:30+00:00\",\"breadcrumb\":{\"@id\":\"https:\\\/\\\/banneux-nd.be\\\/es\\\/actividades\\\/#breadcrumb\"},\"inLanguage\":\"es\",\"potentialAction\":[{\"@type\":\"ReadAction\",\"target\":[\"https:\\\/\\\/banneux-nd.be\\\/es\\\/actividades\\\/\"]}]},{\"@type\":\"BreadcrumbList\",\"@id\":\"https:\\\/\\\/banneux-nd.be\\\/es\\\/actividades\\\/#breadcrumb\",\"itemListElement\":[{\"@type\":\"ListItem\",\"position\":1,\"name\":\"Accueil\",\"item\":\"https:\\\/\\\/banneux-nd.be\\\/es\\\/\"},{\"@type\":\"ListItem\",\"position\":2,\"name\":\"Actividades\"}]},{\"@type\":\"WebSite\",\"@id\":\"https:\\\/\\\/banneux-nd.be\\\/es\\\/#website\",\"url\":\"https:\\\/\\\/banneux-nd.be\\\/es\\\/\",\"name\":\"Banneux Notre-Dame\",\"description\":\"Sanctuaire de la Vierge des Pauvres (Belgique)\",\"potentialAction\":[{\"@type\":\"SearchAction\",\"target\":{\"@type\":\"EntryPoint\",\"urlTemplate\":\"https:\\\/\\\/banneux-nd.be\\\/es\\\/?s={search_term_string}\"},\"query-input\":{\"@type\":\"PropertyValueSpecification\",\"valueRequired\":true,\"valueName\":\"search_term_string\"}}],\"inLanguage\":\"es\"}]}<\/script>\n<!-- \/ Yoast SEO plugin. -->","yoast_head_json":{"title":"Actividades - Banneux Notre-Dame","robots":{"index":"index","follow":"follow","max-snippet":"max-snippet:-1","max-image-preview":"max-image-preview:large","max-video-preview":"max-video-preview:-1"},"canonical":"https:\/\/banneux-nd.be\/es\/actividades\/","og_locale":"es_ES","og_type":"article","og_title":"Actividades - Banneux Notre-Dame","og_description":"A continuaci\u00f3n, algunas propuestas si usted est\u00e1 en Banneux por un d\u00eda o por varios: Tomarse un tiempo para la adoraci\u00f3n del Santo Sacramento Participar en la bendici\u00f3n de enfermos Recibir el sacramento de reconciliaci\u00f3n Rezar el Rosario Hacer el Camino de oraci\u00f3n Hacer el Camino de la cruz Propuestas para los j\u00f3venes Para conocer los horarios de todas las celebraciones organizadas por el Santuario, vaya a la p\u00e1gina de horarios \u2660\u2660\u2660\u2660\u2660 Si dispone de varios d\u00edas, pude participar en un Triduum, peregrinaci\u00f3n organizada que acoje a enfermos, que se lleva a cabo de viernes a martes, durante la temporada (mayo-octubre).","og_url":"https:\/\/banneux-nd.be\/es\/actividades\/","og_site_name":"Banneux Notre-Dame","article_publisher":"https:\/\/www.facebook.com\/NDBanneux\/","article_modified_time":"2019-03-18T00:28:30+00:00","twitter_card":"summary_large_image","twitter_misc":{"Tiempo de lectura":"1 minuto"},"schema":{"@context":"https:\/\/schema.org","@graph":[{"@type":"WebPage","@id":"https:\/\/banneux-nd.be\/es\/actividades\/","url":"https:\/\/banneux-nd.be\/es\/actividades\/","name":"Actividades - Banneux Notre-Dame","isPartOf":{"@id":"https:\/\/banneux-nd.be\/es\/#website"},"datePublished":"2019-03-18T00:28:24+00:00","dateModified":"2019-03-18T00:28:30+00:00","breadcrumb":{"@id":"https:\/\/banneux-nd.be\/es\/actividades\/#breadcrumb"},"inLanguage":"es","potentialAction":[{"@type":"ReadAction","target":["https:\/\/banneux-nd.be\/es\/actividades\/"]}]},{"@type":"BreadcrumbList","@id":"https:\/\/banneux-nd.be\/es\/actividades\/#breadcrumb","itemListElement":[{"@type":"ListItem","position":1,"name":"Accueil","item":"https:\/\/banneux-nd.be\/es\/"},{"@type":"ListItem","position":2,"name":"Actividades"}]},{"@type":"WebSite","@id":"https:\/\/banneux-nd.be\/es\/#website","url":"https:\/\/banneux-nd.be\/es\/","name":"Banneux Notre-Dame","description":"Sanctuaire de la Vierge des Pauvres (Belgique)","potentialAction":[{"@type":"SearchAction","target":{"@type":"EntryPoint","urlTemplate":"https:\/\/banneux-nd.be\/es\/?s={search_term_string}"},"query-input":{"@type":"PropertyValueSpecification","valueRequired":true,"valueName":"search_term_string"}}],"inLanguage":"es"}]}},"coauthors":[],"author_meta":{"author_link":"https:\/\/banneux-nd.be\/es\/author\/dreusdeille\/","display_name":"Anne-Elisabeth N\u00e8ve"},"relative_dates":{"created":"Publicado 7 a\u00f1os hace","modified":"Actualizado 7 a\u00f1os hace"},"absolute_dates":{"created":"Publicado el 18 de marzo de 2019","modified":"Actualizado el 18 de marzo de 2019"},"absolute_dates_time":{"created":"Publicado el 18 de marzo de 2019 01:28","modified":"Actualizado el 18 de marzo de 2019 01:28"},"featured_img_caption":"","featured_img":false,"series_order":"","jetpack_sharing_enabled":true,"_links":{"self":[{"href":"https:\/\/banneux-nd.be\/es\/wp-json\/wp\/v2\/pages\/11630","targetHints":{"allow":["GET"]}}],"collection":[{"href":"https:\/\/banneux-nd.be\/es\/wp-json\/wp\/v2\/pages"}],"about":[{"href":"https:\/\/banneux-nd.be\/es\/wp-json\/wp\/v2\/types\/page"}],"author":[{"embeddable":true,"href":"https:\/\/banneux-nd.be\/es\/wp-json\/wp\/v2\/users\/4"}],"replies":[{"embeddable":true,"href":"https:\/\/banneux-nd.be\/es\/wp-json\/wp\/v2\/comments?post=11630"}],"version-history":[{"count":1,"href":"https:\/\/banneux-nd.be\/es\/wp-json\/wp\/v2\/pages\/11630\/revisions"}],"predecessor-version":[{"id":11631,"href":"https:\/\/banneux-nd.be\/es\/wp-json\/wp\/v2\/pages\/11630\/revisions\/11631"}],"wp:attachment":[{"href":"https:\/\/banneux-nd.be\/es\/wp-json\/wp\/v2\/media?parent=11630"}],"curies":[{"name":"wp","href":"https:\/\/api.w.org\/{rel}","templated":true}]}}