{"id":1391,"date":"2015-07-20T08:56:23","date_gmt":"2015-07-20T06:56:23","guid":{"rendered":"http:\/\/wwwwp.banneux-nd.be\/message\/"},"modified":"2018-05-17T10:27:47","modified_gmt":"2018-05-17T08:27:47","slug":"message","status":"publish","type":"page","link":"https:\/\/banneux-nd.be\/es\/message\/","title":{"rendered":"Message"},"content":{"rendered":"<p class=\"rtejustify\" style=\"text-align: justify;\"><strong>Dimanche 15 janvier 1933<\/strong><br \/>\nMariette, guette le retour de son petit fr\u00e8re et aper\u00e7oit une Belle Dame lumineuse dans le jardin devant la maison. Sa maman la voit aussi. La Vierge invite l\u2019enfant par un signe de la main, mais Mme Beco prend peur et ferme la porte \u00e0 clef.<\/p>\n<p class=\"rtejustify\" style=\"text-align: justify;\"><img fetchpriority=\"high\" decoding=\"async\" style=\"padding: 5px; margin-right: 5px;\" src=\"https:\/\/banneux-nd.be\/wp-content\/uploads\/2017\/08\/Source Vue Z\u00e9nith.jpg\" alt=\"\" width=\"338\" height=\"315\" align=\"left\" \/><strong>Mercredi 18 janvier 1933<\/strong><br \/>\nPri\u00e8re silencieuse commune pendant vingt minutes. Puis la Vierge devance Mariette \u00e0 reculons et la conduit jusqu\u2019\u00e0 la source, sans la quitter des yeux. Par trois fois, Mariette tombe \u00e0 genoux pour prier avec Marie. Pr\u00e8s de la source, celle-ci dit : <em>Poussez vos mains dans l\u2019eau. Cette source est r\u00e9serv\u00e9e pour moi. Bonsoir. Au revoir<\/em>.<\/p>\n<p class=\"rtejustify\" style=\"text-align: justify;\"><strong>Jeudi 19 janvier 1933<\/strong><br \/>\nLa Belle Dame r\u00e9v\u00e8le un &#8220;nom nouveau&#8221; : <em>Je suis la Vierge des Pauvres<\/em>. L\u2019enfant croit que la source est r\u00e9serv\u00e9e pour elle et demande \u00e0 comprendre. Pleine de bont\u00e9, Marie accentue son sourire et r\u00e9pond : <em>Cette source est r\u00e9serv\u00e9e pour toutes les Nations&#8230; pour les malades. Je prierai pour toi. Au revoir<\/em>.<\/p>\n<p class=\"rtejustify\" style=\"text-align: justify;\"><strong>Vendredi 20 janvier 1933<\/strong><img decoding=\"async\" style=\"padding: 5px; margin-left: 5px;\" src=\"https:\/\/banneux-nd.be\/wp-content\/uploads\/2017\/08\/Eau de la source.jpg\" alt=\"\" width=\"242\" height=\"309\" align=\"right\" \/><br \/>\n<em>Que d\u00e9sirez-vous, Belle Dame ? <\/em>demande l\u2019enfant. Marie r\u00e9pond : <em>Je d\u00e9sirerais une petite chapelle<\/em>. Elle b\u00e9nit l\u2019enfant qui perd connaissance. Son p\u00e8re, affol\u00e9, la porte dans la maison. L\u00e0, elle revient \u00e0 elle avant de s\u2019endormir paisiblement.<\/p>\n<p class=\"rtejustify\" style=\"text-align: justify;\">Trois longues semaines s\u2019\u00e9coulent ; l\u2019enfant sort tous les soirs pour prier, mais la Vierge n\u2019appara\u00eet pas. Mariette, qui auparavant n\u2019avait ni culture religieuse, ni vie de pri\u00e8re, ira jusqu\u2019\u00e0 prier sept chapelets certains soirs&#8230;<\/p>\n<p class=\"rtejustify\" style=\"text-align: justify;\"><strong>Samedi 11 f\u00e9vrier 1933<\/strong><br \/>\nQuelle joie ! La Vierge des Pauvres confie \u00e0 Mariette le c\u0153ur de son message : <em>Je viens soulager la souffrance<\/em>. Ce 11 f\u00e9vrier \u00e9tait le jour du 75e anniversaire de la premi\u00e8re apparition \u00e0 Lourdes. Jean-Paul II a fait de ce jour, la journ\u00e9e mondiale de pri\u00e8res pour les malades.<\/p>\n<p class=\"rtejustify\" style=\"text-align: justify;\"><img decoding=\"async\" class=\"\" style=\"padding: 5px; margin-right: 5px;\" src=\"https:\/\/banneux-nd.be\/wp-content\/uploads\/2017\/08\/Source Foule.jpg\" alt=\"\" width=\"298\" height=\"202\" align=\"left\" \/><strong>Mercredi 15 f\u00e9vrier 1933<\/strong><br \/>\nOb\u00e9issant au chapelain Louis Jamin, Mariette a demand\u00e9 un signe. Marie r\u00e9pond : <em>Croyez en moi&#8230; Je croirai en vous&#8230; Priez beaucoup. Au revoir<\/em>.<\/p>\n<p class=\"rtejustify\" style=\"text-align: justify;\">\nL\u2019abb\u00e9 Jamin, se sentant rejoint dans ses tourments spirituels, se convertit et deviendra le plus fervent d\u00e9fenseur de Mariette et du Message de la Vierge des Pauvres.<\/p>\n<p class=\"rtejustify\" style=\"text-align: justify;\"><strong>Lundi 20 f\u00e9vrier 1933<\/strong><br \/>\nLors d\u2019une br\u00e8ve apparition, Marie supplie : <em>Ma ch\u00e8re enfant, priez beaucoup. Au revoir<\/em>.<\/p>\n<p class=\"rtejustify\" style=\"text-align: justify;\"><strong>Jeudi 2 mars 1933<\/strong><br \/>\nLa Belle Dame se montre une derni\u00e8re fois : <em>Je suis la M\u00e8re du Sauveur, M\u00e8re de Dieu&#8230; Priez beaucoup<\/em>. <em>Adieu<\/em>, dit-elle. Elle impose les mains en signe de b\u00e9n\u00e9diction.<\/p>\n","protected":false},"excerpt":{"rendered":"<p>Dimanche 15 janvier 1933 Mariette, guette le retour de son petit fr\u00e8re et aper\u00e7oit une Belle Dame lumineuse dans le jardin devant la maison. Sa maman la voit aussi. La Vierge invite l\u2019enfant par un signe de la main, mais Mme Beco prend peur et ferme la porte \u00e0 clef. Mercredi 18 janvier 1933 Pri\u00e8re silencieuse commune pendant vingt minutes. Puis la Vierge devance Mariette \u00e0 reculons et la conduit jusqu\u2019\u00e0 la source, sans la quitter des yeux. Par trois fois, Mariette tombe \u00e0 genoux pour prier avec Marie. Pr\u00e8s de la source, celle-ci dit : Poussez vos mains dans l\u2019eau. Cette source est r\u00e9serv\u00e9e pour moi. Bonsoir. Au revoir. Jeudi 19 janvier 1933 La Belle Dame r\u00e9v\u00e8le un &#8220;nom [&hellip;]<\/p>\n","protected":false},"author":2,"featured_media":0,"parent":0,"menu_order":0,"comment_status":"closed","ping_status":"closed","template":"","meta":{"advgb_blocks_editor_width":"","advgb_blocks_columns_visual_guide":"","jetpack_post_was_ever_published":false,"footnotes":""},"class_list":["post-1391","page","type-page","status-publish","hentry"],"yoast_head":"<!-- This site is optimized with the Yoast SEO plugin v27.4 - https:\/\/yoast.com\/product\/yoast-seo-wordpress\/ -->\n<title>Message - Banneux Notre-Dame<\/title>\n<meta name=\"robots\" content=\"index, follow, max-snippet:-1, max-image-preview:large, max-video-preview:-1\" \/>\n<link rel=\"canonical\" href=\"https:\/\/banneux-nd.be\/es\/message\/\" \/>\n<meta property=\"og:locale\" content=\"es_ES\" \/>\n<meta property=\"og:type\" content=\"article\" \/>\n<meta property=\"og:title\" content=\"Message - Banneux Notre-Dame\" \/>\n<meta property=\"og:description\" content=\"Dimanche 15 janvier 1933 Mariette, guette le retour de son petit fr\u00e8re et aper\u00e7oit une Belle Dame lumineuse dans le jardin devant la maison. Sa maman la voit aussi. La Vierge invite l\u2019enfant par un signe de la main, mais Mme Beco prend peur et ferme la porte \u00e0 clef. Mercredi 18 janvier 1933 Pri\u00e8re silencieuse commune pendant vingt minutes. Puis la Vierge devance Mariette \u00e0 reculons et la conduit jusqu\u2019\u00e0 la source, sans la quitter des yeux. Par trois fois, Mariette tombe \u00e0 genoux pour prier avec Marie. Pr\u00e8s de la source, celle-ci dit : Poussez vos mains dans l\u2019eau. Cette source est r\u00e9serv\u00e9e pour moi. Bonsoir. Au revoir. Jeudi 19 janvier 1933 La Belle Dame r\u00e9v\u00e8le un &#8220;nom [&hellip;]\" \/>\n<meta property=\"og:url\" content=\"https:\/\/banneux-nd.be\/es\/message\/\" \/>\n<meta property=\"og:site_name\" content=\"Banneux Notre-Dame\" \/>\n<meta property=\"article:publisher\" content=\"https:\/\/www.facebook.com\/NDBanneux\/\" \/>\n<meta property=\"article:modified_time\" content=\"2018-05-17T08:27:47+00:00\" \/>\n<meta property=\"og:image\" content=\"https:\/\/banneux-nd.be\/wp-content\/uploads\/2017\/08\/Source%20Vue%20Z\u00e9nith.jpg\" \/>\n<meta name=\"twitter:card\" content=\"summary_large_image\" \/>\n<meta name=\"twitter:label1\" content=\"Tiempo de lectura\" \/>\n\t<meta name=\"twitter:data1\" content=\"2 minutos\" \/>\n<script type=\"application\/ld+json\" class=\"yoast-schema-graph\">{\"@context\":\"https:\\\/\\\/schema.org\",\"@graph\":[{\"@type\":\"WebPage\",\"@id\":\"https:\\\/\\\/banneux-nd.be\\\/es\\\/message\\\/\",\"url\":\"https:\\\/\\\/banneux-nd.be\\\/es\\\/message\\\/\",\"name\":\"Message - Banneux Notre-Dame\",\"isPartOf\":{\"@id\":\"https:\\\/\\\/banneux-nd.be\\\/es\\\/#website\"},\"datePublished\":\"2015-07-20T06:56:23+00:00\",\"dateModified\":\"2018-05-17T08:27:47+00:00\",\"breadcrumb\":{\"@id\":\"https:\\\/\\\/banneux-nd.be\\\/es\\\/message\\\/#breadcrumb\"},\"inLanguage\":\"es\",\"potentialAction\":[{\"@type\":\"ReadAction\",\"target\":[\"https:\\\/\\\/banneux-nd.be\\\/es\\\/message\\\/\"]}]},{\"@type\":\"BreadcrumbList\",\"@id\":\"https:\\\/\\\/banneux-nd.be\\\/es\\\/message\\\/#breadcrumb\",\"itemListElement\":[{\"@type\":\"ListItem\",\"position\":1,\"name\":\"Accueil\",\"item\":\"https:\\\/\\\/banneux-nd.be\\\/es\\\/\"},{\"@type\":\"ListItem\",\"position\":2,\"name\":\"Message\"}]},{\"@type\":\"WebSite\",\"@id\":\"https:\\\/\\\/banneux-nd.be\\\/es\\\/#website\",\"url\":\"https:\\\/\\\/banneux-nd.be\\\/es\\\/\",\"name\":\"Banneux Notre-Dame\",\"description\":\"Sanctuaire de la Vierge des Pauvres (Belgique)\",\"potentialAction\":[{\"@type\":\"SearchAction\",\"target\":{\"@type\":\"EntryPoint\",\"urlTemplate\":\"https:\\\/\\\/banneux-nd.be\\\/es\\\/?s={search_term_string}\"},\"query-input\":{\"@type\":\"PropertyValueSpecification\",\"valueRequired\":true,\"valueName\":\"search_term_string\"}}],\"inLanguage\":\"es\"}]}<\/script>\n<!-- \/ Yoast SEO plugin. -->","yoast_head_json":{"title":"Message - Banneux Notre-Dame","robots":{"index":"index","follow":"follow","max-snippet":"max-snippet:-1","max-image-preview":"max-image-preview:large","max-video-preview":"max-video-preview:-1"},"canonical":"https:\/\/banneux-nd.be\/es\/message\/","og_locale":"es_ES","og_type":"article","og_title":"Message - Banneux Notre-Dame","og_description":"Dimanche 15 janvier 1933 Mariette, guette le retour de son petit fr\u00e8re et aper\u00e7oit une Belle Dame lumineuse dans le jardin devant la maison. Sa maman la voit aussi. La Vierge invite l\u2019enfant par un signe de la main, mais Mme Beco prend peur et ferme la porte \u00e0 clef. Mercredi 18 janvier 1933 Pri\u00e8re silencieuse commune pendant vingt minutes. Puis la Vierge devance Mariette \u00e0 reculons et la conduit jusqu\u2019\u00e0 la source, sans la quitter des yeux. Par trois fois, Mariette tombe \u00e0 genoux pour prier avec Marie. Pr\u00e8s de la source, celle-ci dit : Poussez vos mains dans l\u2019eau. Cette source est r\u00e9serv\u00e9e pour moi. Bonsoir. Au revoir. Jeudi 19 janvier 1933 La Belle Dame r\u00e9v\u00e8le un &#8220;nom [&hellip;]","og_url":"https:\/\/banneux-nd.be\/es\/message\/","og_site_name":"Banneux Notre-Dame","article_publisher":"https:\/\/www.facebook.com\/NDBanneux\/","article_modified_time":"2018-05-17T08:27:47+00:00","og_image":[{"url":"https:\/\/banneux-nd.be\/wp-content\/uploads\/2017\/08\/Source Vue Z\u00e9nith.jpg","type":"","width":"","height":""}],"twitter_card":"summary_large_image","twitter_misc":{"Tiempo de lectura":"2 minutos"},"schema":{"@context":"https:\/\/schema.org","@graph":[{"@type":"WebPage","@id":"https:\/\/banneux-nd.be\/es\/message\/","url":"https:\/\/banneux-nd.be\/es\/message\/","name":"Message - Banneux Notre-Dame","isPartOf":{"@id":"https:\/\/banneux-nd.be\/es\/#website"},"datePublished":"2015-07-20T06:56:23+00:00","dateModified":"2018-05-17T08:27:47+00:00","breadcrumb":{"@id":"https:\/\/banneux-nd.be\/es\/message\/#breadcrumb"},"inLanguage":"es","potentialAction":[{"@type":"ReadAction","target":["https:\/\/banneux-nd.be\/es\/message\/"]}]},{"@type":"BreadcrumbList","@id":"https:\/\/banneux-nd.be\/es\/message\/#breadcrumb","itemListElement":[{"@type":"ListItem","position":1,"name":"Accueil","item":"https:\/\/banneux-nd.be\/es\/"},{"@type":"ListItem","position":2,"name":"Message"}]},{"@type":"WebSite","@id":"https:\/\/banneux-nd.be\/es\/#website","url":"https:\/\/banneux-nd.be\/es\/","name":"Banneux Notre-Dame","description":"Sanctuaire de la Vierge des Pauvres (Belgique)","potentialAction":[{"@type":"SearchAction","target":{"@type":"EntryPoint","urlTemplate":"https:\/\/banneux-nd.be\/es\/?s={search_term_string}"},"query-input":{"@type":"PropertyValueSpecification","valueRequired":true,"valueName":"search_term_string"}}],"inLanguage":"es"}]}},"coauthors":[],"author_meta":{"author_link":"https:\/\/banneux-nd.be\/es\/author\/adminfr\/","display_name":"adminFR"},"relative_dates":{"created":"Publicado 11 a\u00f1os hace","modified":"Actualizado 8 a\u00f1os hace"},"absolute_dates":{"created":"Publicado el 20 de julio de 2015","modified":"Actualizado el 17 de mayo de 2018"},"absolute_dates_time":{"created":"Publicado el 20 de julio de 2015 08:56","modified":"Actualizado el 17 de mayo de 2018 10:27"},"featured_img_caption":"","featured_img":false,"series_order":"","jetpack_sharing_enabled":true,"_links":{"self":[{"href":"https:\/\/banneux-nd.be\/es\/wp-json\/wp\/v2\/pages\/1391","targetHints":{"allow":["GET"]}}],"collection":[{"href":"https:\/\/banneux-nd.be\/es\/wp-json\/wp\/v2\/pages"}],"about":[{"href":"https:\/\/banneux-nd.be\/es\/wp-json\/wp\/v2\/types\/page"}],"author":[{"embeddable":true,"href":"https:\/\/banneux-nd.be\/es\/wp-json\/wp\/v2\/users\/2"}],"replies":[{"embeddable":true,"href":"https:\/\/banneux-nd.be\/es\/wp-json\/wp\/v2\/comments?post=1391"}],"version-history":[{"count":0,"href":"https:\/\/banneux-nd.be\/es\/wp-json\/wp\/v2\/pages\/1391\/revisions"}],"wp:attachment":[{"href":"https:\/\/banneux-nd.be\/es\/wp-json\/wp\/v2\/media?parent=1391"}],"curies":[{"name":"wp","href":"https:\/\/api.w.org\/{rel}","templated":true}]}}