{"id":1427,"date":"2015-07-20T08:58:06","date_gmt":"2015-07-20T06:58:06","guid":{"rendered":"http:\/\/wwwwp.banneux-nd.be\/au-service\/"},"modified":"2018-04-12T22:33:36","modified_gmt":"2018-04-12T20:33:36","slug":"benevolat","status":"publish","type":"page","link":"https:\/\/banneux-nd.be\/es\/benevolat\/","title":{"rendered":"B\u00e9n\u00e9volat"},"content":{"rendered":"<p class=\"rtejustify\" style=\"text-align: center;\"><strong>Le Sanctuaire de Banneux propose un engagement b\u00e9n\u00e9vole <\/strong><br \/>\n<strong>au service de la Vierge des Pauvres<\/strong><\/p>\n<p class=\"rtejustify\"><strong>Charte du b\u00e9n\u00e9volat<\/strong><\/p>\n<p class=\"rtejustify\">1. Servir quelqu\u2019un au nom de Quelqu\u2019un<br \/>\n2. Chercher \u00e0 servir et non \u00e0 se servir<br \/>\n3. Etre comp\u00e9tent dans le service \u00e0 rendre<br \/>\n4. Etre accueillant mais discret<br \/>\n5. Etre pr\u00e9sent et fid\u00e8le<br \/>\n6. Avoir l\u2019esprit d\u2019\u00e9quipe<br \/>\n7. Servir avec joie<br \/>\n8. Gratuit\u00e9 (&#8220;<em>Vous avez re\u00e7u gratuitement, donnez gratuitement&#8221;<\/em>)<br \/>\n9. Servir la Vie<br \/>\n10. Vivre en m\u00eame temps une aventure int\u00e9rieure.<\/p>\n<p><img fetchpriority=\"high\" decoding=\"async\" class=\"alignnone\" style=\"padding: 5px; margin-left: 5px;\" src=\"https:\/\/banneux-nd.be\/wp-content\/uploads\/2017\/08\/B\u00e9n\u00e9volat 2.jpg\" alt=\"\" width=\"379\" height=\"259\" align=\"right\" \/><\/p>\n<p>&nbsp;<\/p>\n<p>&nbsp;<\/p>\n<p>&nbsp;<\/p>\n<p>&nbsp;<\/p>\n<p>&nbsp;<\/p>\n<p>&nbsp;<\/p>\n<p>&nbsp;<\/p>\n<p>&nbsp;<\/p>\n<h3 style=\"text-align: center;\">Pour conna\u00eetre les lieux o\u00f9 des services sont utiles,<br \/>\nt\u00e9l\u00e9chargez le d\u00e9pliant : <a href=\"https:\/\/banneux-nd.be\/wp-content\/uploads\/PDF\/Banneux-et-le-b\u00e9n\u00e9volat.pdf\">Banneux et le b\u00e9n\u00e9volat<\/a><\/h3>\n<h3 style=\"text-align: center;\">Pour proposer vos services,<br \/>\nremplissez le formulaire d&#8217;<a href=\"https:\/\/banneux-nd.be\/wp-content\/uploads\/PDF\/inscription-b\u00e9n\u00e9vole.doc\">inscription b\u00e9n\u00e9vole<\/a><br \/>\net renvoyez-le nous, merci d\u00e9j\u00e0 !<\/h3>\n","protected":false},"excerpt":{"rendered":"<p>Le Sanctuaire de Banneux propose un engagement b\u00e9n\u00e9vole au service de la Vierge des Pauvres Charte du b\u00e9n\u00e9volat 1. Servir quelqu\u2019un au nom de Quelqu\u2019un 2. Chercher \u00e0 servir et non \u00e0 se servir 3. Etre comp\u00e9tent dans le service \u00e0 rendre 4. Etre accueillant mais discret 5. Etre pr\u00e9sent et fid\u00e8le 6. Avoir l\u2019esprit d\u2019\u00e9quipe 7. Servir avec joie 8. Gratuit\u00e9 (&#8220;Vous avez re\u00e7u gratuitement, donnez gratuitement&#8221;) 9. Servir la Vie 10. Vivre en m\u00eame temps une aventure int\u00e9rieure. &nbsp; &nbsp; &nbsp; &nbsp; &nbsp; &nbsp; &nbsp; &nbsp; Pour conna\u00eetre les lieux o\u00f9 des services sont utiles, t\u00e9l\u00e9chargez le d\u00e9pliant : Banneux et le b\u00e9n\u00e9volat Pour proposer vos services, remplissez le formulaire d&#8217;inscription b\u00e9n\u00e9vole et renvoyez-le nous, merci d\u00e9j\u00e0 !<\/p>\n","protected":false},"author":2,"featured_media":0,"parent":0,"menu_order":0,"comment_status":"closed","ping_status":"closed","template":"","meta":{"advgb_blocks_editor_width":"","advgb_blocks_columns_visual_guide":"","jetpack_post_was_ever_published":false,"footnotes":""},"class_list":["post-1427","page","type-page","status-publish","hentry"],"yoast_head":"<!-- This site is optimized with the Yoast SEO plugin v27.4 - https:\/\/yoast.com\/product\/yoast-seo-wordpress\/ -->\n<title>B\u00e9n\u00e9volat - Banneux Notre-Dame<\/title>\n<meta name=\"robots\" content=\"index, follow, max-snippet:-1, max-image-preview:large, max-video-preview:-1\" \/>\n<link rel=\"canonical\" href=\"https:\/\/banneux-nd.be\/es\/benevolat\/\" \/>\n<meta property=\"og:locale\" content=\"es_ES\" \/>\n<meta property=\"og:type\" content=\"article\" \/>\n<meta property=\"og:title\" content=\"B\u00e9n\u00e9volat - Banneux Notre-Dame\" \/>\n<meta property=\"og:description\" content=\"Le Sanctuaire de Banneux propose un engagement b\u00e9n\u00e9vole au service de la Vierge des Pauvres Charte du b\u00e9n\u00e9volat 1. Servir quelqu\u2019un au nom de Quelqu\u2019un 2. Chercher \u00e0 servir et non \u00e0 se servir 3. Etre comp\u00e9tent dans le service \u00e0 rendre 4. Etre accueillant mais discret 5. Etre pr\u00e9sent et fid\u00e8le 6. Avoir l\u2019esprit d\u2019\u00e9quipe 7. Servir avec joie 8. Gratuit\u00e9 (&#8220;Vous avez re\u00e7u gratuitement, donnez gratuitement&#8221;) 9. Servir la Vie 10. Vivre en m\u00eame temps une aventure int\u00e9rieure. &nbsp; &nbsp; &nbsp; &nbsp; &nbsp; &nbsp; &nbsp; &nbsp; Pour conna\u00eetre les lieux o\u00f9 des services sont utiles, t\u00e9l\u00e9chargez le d\u00e9pliant : Banneux et le b\u00e9n\u00e9volat Pour proposer vos services, remplissez le formulaire d&#8217;inscription b\u00e9n\u00e9vole et renvoyez-le nous, merci d\u00e9j\u00e0 !\" \/>\n<meta property=\"og:url\" content=\"https:\/\/banneux-nd.be\/es\/benevolat\/\" \/>\n<meta property=\"og:site_name\" content=\"Banneux Notre-Dame\" \/>\n<meta property=\"article:publisher\" content=\"https:\/\/www.facebook.com\/NDBanneux\/\" \/>\n<meta property=\"article:modified_time\" content=\"2018-04-12T20:33:36+00:00\" \/>\n<meta property=\"og:image\" content=\"https:\/\/banneux-nd.be\/wp-content\/uploads\/2017\/08\/B\u00e9n\u00e9volat%202.jpg\" \/>\n<meta name=\"twitter:card\" content=\"summary_large_image\" \/>\n<meta name=\"twitter:label1\" content=\"Tiempo de lectura\" \/>\n\t<meta name=\"twitter:data1\" content=\"1 minuto\" \/>\n<script type=\"application\/ld+json\" class=\"yoast-schema-graph\">{\"@context\":\"https:\\\/\\\/schema.org\",\"@graph\":[{\"@type\":\"WebPage\",\"@id\":\"https:\\\/\\\/banneux-nd.be\\\/es\\\/benevolat\\\/\",\"url\":\"https:\\\/\\\/banneux-nd.be\\\/es\\\/benevolat\\\/\",\"name\":\"B\u00e9n\u00e9volat - Banneux Notre-Dame\",\"isPartOf\":{\"@id\":\"https:\\\/\\\/banneux-nd.be\\\/es\\\/#website\"},\"datePublished\":\"2015-07-20T06:58:06+00:00\",\"dateModified\":\"2018-04-12T20:33:36+00:00\",\"breadcrumb\":{\"@id\":\"https:\\\/\\\/banneux-nd.be\\\/es\\\/benevolat\\\/#breadcrumb\"},\"inLanguage\":\"es\",\"potentialAction\":[{\"@type\":\"ReadAction\",\"target\":[\"https:\\\/\\\/banneux-nd.be\\\/es\\\/benevolat\\\/\"]}]},{\"@type\":\"BreadcrumbList\",\"@id\":\"https:\\\/\\\/banneux-nd.be\\\/es\\\/benevolat\\\/#breadcrumb\",\"itemListElement\":[{\"@type\":\"ListItem\",\"position\":1,\"name\":\"Accueil\",\"item\":\"https:\\\/\\\/banneux-nd.be\\\/es\\\/\"},{\"@type\":\"ListItem\",\"position\":2,\"name\":\"B\u00e9n\u00e9volat\"}]},{\"@type\":\"WebSite\",\"@id\":\"https:\\\/\\\/banneux-nd.be\\\/es\\\/#website\",\"url\":\"https:\\\/\\\/banneux-nd.be\\\/es\\\/\",\"name\":\"Banneux Notre-Dame\",\"description\":\"Sanctuaire de la Vierge des Pauvres (Belgique)\",\"potentialAction\":[{\"@type\":\"SearchAction\",\"target\":{\"@type\":\"EntryPoint\",\"urlTemplate\":\"https:\\\/\\\/banneux-nd.be\\\/es\\\/?s={search_term_string}\"},\"query-input\":{\"@type\":\"PropertyValueSpecification\",\"valueRequired\":true,\"valueName\":\"search_term_string\"}}],\"inLanguage\":\"es\"}]}<\/script>\n<!-- \/ Yoast SEO plugin. -->","yoast_head_json":{"title":"B\u00e9n\u00e9volat - Banneux Notre-Dame","robots":{"index":"index","follow":"follow","max-snippet":"max-snippet:-1","max-image-preview":"max-image-preview:large","max-video-preview":"max-video-preview:-1"},"canonical":"https:\/\/banneux-nd.be\/es\/benevolat\/","og_locale":"es_ES","og_type":"article","og_title":"B\u00e9n\u00e9volat - Banneux Notre-Dame","og_description":"Le Sanctuaire de Banneux propose un engagement b\u00e9n\u00e9vole au service de la Vierge des Pauvres Charte du b\u00e9n\u00e9volat 1. Servir quelqu\u2019un au nom de Quelqu\u2019un 2. Chercher \u00e0 servir et non \u00e0 se servir 3. Etre comp\u00e9tent dans le service \u00e0 rendre 4. Etre accueillant mais discret 5. Etre pr\u00e9sent et fid\u00e8le 6. Avoir l\u2019esprit d\u2019\u00e9quipe 7. Servir avec joie 8. Gratuit\u00e9 (&#8220;Vous avez re\u00e7u gratuitement, donnez gratuitement&#8221;) 9. Servir la Vie 10. Vivre en m\u00eame temps une aventure int\u00e9rieure. &nbsp; &nbsp; &nbsp; &nbsp; &nbsp; &nbsp; &nbsp; &nbsp; Pour conna\u00eetre les lieux o\u00f9 des services sont utiles, t\u00e9l\u00e9chargez le d\u00e9pliant : Banneux et le b\u00e9n\u00e9volat Pour proposer vos services, remplissez le formulaire d&#8217;inscription b\u00e9n\u00e9vole et renvoyez-le nous, merci d\u00e9j\u00e0 !","og_url":"https:\/\/banneux-nd.be\/es\/benevolat\/","og_site_name":"Banneux Notre-Dame","article_publisher":"https:\/\/www.facebook.com\/NDBanneux\/","article_modified_time":"2018-04-12T20:33:36+00:00","og_image":[{"url":"https:\/\/banneux-nd.be\/wp-content\/uploads\/2017\/08\/B\u00e9n\u00e9volat 2.jpg","type":"","width":"","height":""}],"twitter_card":"summary_large_image","twitter_misc":{"Tiempo de lectura":"1 minuto"},"schema":{"@context":"https:\/\/schema.org","@graph":[{"@type":"WebPage","@id":"https:\/\/banneux-nd.be\/es\/benevolat\/","url":"https:\/\/banneux-nd.be\/es\/benevolat\/","name":"B\u00e9n\u00e9volat - Banneux Notre-Dame","isPartOf":{"@id":"https:\/\/banneux-nd.be\/es\/#website"},"datePublished":"2015-07-20T06:58:06+00:00","dateModified":"2018-04-12T20:33:36+00:00","breadcrumb":{"@id":"https:\/\/banneux-nd.be\/es\/benevolat\/#breadcrumb"},"inLanguage":"es","potentialAction":[{"@type":"ReadAction","target":["https:\/\/banneux-nd.be\/es\/benevolat\/"]}]},{"@type":"BreadcrumbList","@id":"https:\/\/banneux-nd.be\/es\/benevolat\/#breadcrumb","itemListElement":[{"@type":"ListItem","position":1,"name":"Accueil","item":"https:\/\/banneux-nd.be\/es\/"},{"@type":"ListItem","position":2,"name":"B\u00e9n\u00e9volat"}]},{"@type":"WebSite","@id":"https:\/\/banneux-nd.be\/es\/#website","url":"https:\/\/banneux-nd.be\/es\/","name":"Banneux Notre-Dame","description":"Sanctuaire de la Vierge des Pauvres (Belgique)","potentialAction":[{"@type":"SearchAction","target":{"@type":"EntryPoint","urlTemplate":"https:\/\/banneux-nd.be\/es\/?s={search_term_string}"},"query-input":{"@type":"PropertyValueSpecification","valueRequired":true,"valueName":"search_term_string"}}],"inLanguage":"es"}]}},"coauthors":[],"author_meta":{"author_link":"https:\/\/banneux-nd.be\/es\/author\/adminfr\/","display_name":"adminFR"},"relative_dates":{"created":"Publicado 11 a\u00f1os hace","modified":"Actualizado 8 a\u00f1os hace"},"absolute_dates":{"created":"Publicado el 20 de julio de 2015","modified":"Actualizado el 12 de abril de 2018"},"absolute_dates_time":{"created":"Publicado el 20 de julio de 2015 08:58","modified":"Actualizado el 12 de abril de 2018 22:33"},"featured_img_caption":"","featured_img":false,"series_order":"","jetpack_sharing_enabled":true,"_links":{"self":[{"href":"https:\/\/banneux-nd.be\/es\/wp-json\/wp\/v2\/pages\/1427","targetHints":{"allow":["GET"]}}],"collection":[{"href":"https:\/\/banneux-nd.be\/es\/wp-json\/wp\/v2\/pages"}],"about":[{"href":"https:\/\/banneux-nd.be\/es\/wp-json\/wp\/v2\/types\/page"}],"author":[{"embeddable":true,"href":"https:\/\/banneux-nd.be\/es\/wp-json\/wp\/v2\/users\/2"}],"replies":[{"embeddable":true,"href":"https:\/\/banneux-nd.be\/es\/wp-json\/wp\/v2\/comments?post=1427"}],"version-history":[{"count":0,"href":"https:\/\/banneux-nd.be\/es\/wp-json\/wp\/v2\/pages\/1427\/revisions"}],"wp:attachment":[{"href":"https:\/\/banneux-nd.be\/es\/wp-json\/wp\/v2\/media?parent=1427"}],"curies":[{"name":"wp","href":"https:\/\/api.w.org\/{rel}","templated":true}]}}