{"id":1439,"date":"2015-07-20T08:58:06","date_gmt":"2015-07-20T06:58:06","guid":{"rendered":"http:\/\/wwwwp.banneux-nd.be\/apparitions\/"},"modified":"2018-04-12T21:18:47","modified_gmt":"2018-04-12T19:18:47","slug":"contexte-des-apparitions","status":"publish","type":"page","link":"https:\/\/banneux-nd.be\/es\/contexte-des-apparitions\/","title":{"rendered":"Contexte des apparitions"},"content":{"rendered":"<p class=\"rtejustify\" style=\"text-align: justify;\"><strong>Sur ses huit apparitions \u00e0 la petite Mariette Beco (entre le 15 janvier et le 2 mars 1933), Marie n\u2019a dit en tout qu\u2019environ quatre-vingt mots. Le reste de son Message s\u2019est traduit par des attitudes d\u2019accueil : l\u2019invitation par un signe de la main, le sourire, la douceur et l\u2019humilit\u00e9, la pri\u00e8re silencieuse, le contact direct du regard, la conduite vers la source \u00e0 reculons, la confidence d\u2019un secret, la b\u00e9n\u00e9diction&#8230;<\/strong><\/p>\n<p class=\"rtejustify\" style=\"text-align: justify;\"><img fetchpriority=\"high\" decoding=\"async\" style=\"padding: 5px; margin-right: 5px;\" src=\"https:\/\/banneux-nd.be\/wp-content\/uploads\/2017\/08\/Mariette \u00e0 la brouette.jpg\" alt=\"\" width=\"295\" height=\"431\" align=\"left\" \/><span style=\"color: #0000ff;\"><strong>Cr\u00e9puscule politique<\/strong><\/span><\/p>\n<p class=\"rtejustify\" style=\"text-align: justify;\">Les apparitions et le message de la Vierge des Pauvres (dont le Sanctuaire rappelle chaque ann\u00e9e un aspect par le chemin de pri\u00e8re) sont advenus \u00e0 un moment particuli\u00e8rement sombre de l\u2019Histoire de l\u2019Europe.<br \/>\nEn effet, la rage destructrice du nazisme grondait d\u00e9j\u00e0 incognito dans les coulisses politiques de l\u2019Allemagne voisine. Marie vient pour la premi\u00e8re fois \u00e0 Banneux le 15 janvier 1933, et quinze jours plus tard, le 30 janvier, Adolf Hitler est nomm\u00e9 chancelier. L\u2019Europe plongeait lentement mais s\u00fbrement dans la nuit&#8230;<\/p>\n<p class=\"rtejustify\" style=\"text-align: justify;\"><span style=\"color: #0000ff;\"><strong>Ins\u00e9curit\u00e9 \u00e9conomique<\/strong><\/span><\/p>\n<p class=\"rtejustify\" style=\"text-align: justify;\">La crise \u00e9conomique et financi\u00e8re qui avait \u00e9clat\u00e9 en 1929 laissait ressentir douloureusement ses effets, surtout aux populations modestes et au monde ouvrier. Comme aujourd\u2019hui, l\u2019inqui\u00e9tude devant l\u2019avenir pesait lourdement sur les familles et les personnes isol\u00e9es&#8230;<\/p>\n<p class=\"rtejustify\" style=\"text-align: justify;\"><span style=\"color: #0000ff;\"><strong>Affaiblissement spirituel<\/strong><\/span><\/p>\n<p class=\"rtejustify\" style=\"text-align: justify;\">Dans l\u2019\u00c9glise, Louis Jamin, jeune pr\u00eatre du dioc\u00e8se de Li\u00e8ge, en d\u00e9pression et en plein doute sur sa foi et sur sa vocation, avait \u00e9t\u00e9 mut\u00e9 dans la chapellenie de Banneux, petit village insignifiant de l&#8217;Ardenne bleue&#8221;, pour se refaire une sant\u00e9. Lui aussi, \u00e9tait dans la nuit&#8230; comme beaucoup de pr\u00eatres et de fid\u00e8les aujourd\u2019hui.<\/p>\n<p class=\"rtejustify\" style=\"text-align: justify;\">Sur fond de crise \u00e9conomique, d\u2019inqui\u00e9tude, de pauvret\u00e9 et m\u00eame de mis\u00e8re, une id\u00e9ologie mortif\u00e8re place facilement ses pions sur l\u2019\u00e9chiquier du destin de l\u2019humanit\u00e9.<\/p>\n<p class=\"rtejustify\" style=\"text-align: justify;\"><span style=\"color: #0000ff;\"><strong>Une Lumi\u00e8re dans la nuit !<\/strong><\/span><\/p>\n<p class=\"rtejustify\" style=\"text-align: justify;\"><img decoding=\"async\" style=\"padding: 5px; margin-left: 5px;\" src=\"https:\/\/banneux-nd.be\/wp-content\/uploads\/2017\/08\/Vierge en automne2 - JMD.jpg\" alt=\"\" width=\"218\" height=\"217\" align=\"right\" \/>C\u2019est dans un tel contexte que le Ciel s\u2019entrouvre \u00e0 Banneux, aujourd\u2019hui comme en 1933, pour donner \u00e0 toutes les nations une esp\u00e9rance nouvelle et pour \u00e9veiller les consciences \u00e0 la pr\u00e9sence de l\u2019unique source r\u00e9serv\u00e9e \u00e0 tous : comme une proph\u00e9tesse, la \u00ab Vierge des Pauvres \u00bb conduit les malades, les pauvres et toutes les nations \u00e0 la \u00ab Source \u00bb qu\u2019est le Christ !<\/p>\n<p class=\"rtejustify\" style=\"text-align: justify;\">Par la plus humble et la plus silencieuse des femmes, Dieu veut parler \u00e0 son peuple, en tout temps, pour lui rendre l\u2019esp\u00e9rance et lui rappeler <em>qu\u2019Il est avec nous tous les jours jusqu\u2019\u00e0 la fin du monde<\/em>\u00a0(Mt 28, 20).<\/p>\n<p class=\"rtejustify\" style=\"text-align: justify;\">Car Marie nous appara\u00eet toujours comme <em>une lumi\u00e8re dans la nuit<\/em>.<\/p>\n","protected":false},"excerpt":{"rendered":"<p>Sur ses huit apparitions \u00e0 la petite Mariette Beco (entre le 15 janvier et le 2 mars 1933), Marie n\u2019a dit en tout qu\u2019environ quatre-vingt mots. Le reste de son Message s\u2019est traduit par des attitudes d\u2019accueil : l\u2019invitation par un signe de la main, le sourire, la douceur et l\u2019humilit\u00e9, la pri\u00e8re silencieuse, le contact direct du regard, la conduite vers la source \u00e0 reculons, la confidence d\u2019un secret, la b\u00e9n\u00e9diction&#8230; Cr\u00e9puscule politique Les apparitions et le message de la Vierge des Pauvres (dont le Sanctuaire rappelle chaque ann\u00e9e un aspect par le chemin de pri\u00e8re) sont advenus \u00e0 un moment particuli\u00e8rement sombre de l\u2019Histoire de l\u2019Europe. En effet, la rage destructrice du nazisme grondait d\u00e9j\u00e0 incognito dans les [&hellip;]<\/p>\n","protected":false},"author":2,"featured_media":0,"parent":0,"menu_order":0,"comment_status":"closed","ping_status":"closed","template":"","meta":{"advgb_blocks_editor_width":"","advgb_blocks_columns_visual_guide":"","jetpack_post_was_ever_published":false,"footnotes":""},"class_list":["post-1439","page","type-page","status-publish","hentry"],"yoast_head":"<!-- This site is optimized with the Yoast SEO plugin v27.4 - https:\/\/yoast.com\/product\/yoast-seo-wordpress\/ -->\n<title>Contexte des apparitions - Banneux Notre-Dame<\/title>\n<meta name=\"robots\" content=\"index, follow, max-snippet:-1, max-image-preview:large, max-video-preview:-1\" \/>\n<link rel=\"canonical\" href=\"https:\/\/banneux-nd.be\/es\/contexte-des-apparitions\/\" \/>\n<meta property=\"og:locale\" content=\"es_ES\" \/>\n<meta property=\"og:type\" content=\"article\" \/>\n<meta property=\"og:title\" content=\"Contexte des apparitions - Banneux Notre-Dame\" \/>\n<meta property=\"og:description\" content=\"Sur ses huit apparitions \u00e0 la petite Mariette Beco (entre le 15 janvier et le 2 mars 1933), Marie n\u2019a dit en tout qu\u2019environ quatre-vingt mots. Le reste de son Message s\u2019est traduit par des attitudes d\u2019accueil : l\u2019invitation par un signe de la main, le sourire, la douceur et l\u2019humilit\u00e9, la pri\u00e8re silencieuse, le contact direct du regard, la conduite vers la source \u00e0 reculons, la confidence d\u2019un secret, la b\u00e9n\u00e9diction&#8230; Cr\u00e9puscule politique Les apparitions et le message de la Vierge des Pauvres (dont le Sanctuaire rappelle chaque ann\u00e9e un aspect par le chemin de pri\u00e8re) sont advenus \u00e0 un moment particuli\u00e8rement sombre de l\u2019Histoire de l\u2019Europe. En effet, la rage destructrice du nazisme grondait d\u00e9j\u00e0 incognito dans les [&hellip;]\" \/>\n<meta property=\"og:url\" content=\"https:\/\/banneux-nd.be\/es\/contexte-des-apparitions\/\" \/>\n<meta property=\"og:site_name\" content=\"Banneux Notre-Dame\" \/>\n<meta property=\"article:publisher\" content=\"https:\/\/www.facebook.com\/NDBanneux\/\" \/>\n<meta property=\"article:modified_time\" content=\"2018-04-12T19:18:47+00:00\" \/>\n<meta property=\"og:image\" content=\"https:\/\/banneux-nd.be\/wp-content\/uploads\/2017\/08\/Mariette%20\u00e0%20la%20brouette.jpg\" \/>\n<meta name=\"twitter:card\" content=\"summary_large_image\" \/>\n<meta name=\"twitter:label1\" content=\"Tiempo de lectura\" \/>\n\t<meta name=\"twitter:data1\" content=\"2 minutos\" \/>\n<script type=\"application\/ld+json\" class=\"yoast-schema-graph\">{\"@context\":\"https:\\\/\\\/schema.org\",\"@graph\":[{\"@type\":\"WebPage\",\"@id\":\"https:\\\/\\\/banneux-nd.be\\\/es\\\/contexte-des-apparitions\\\/\",\"url\":\"https:\\\/\\\/banneux-nd.be\\\/es\\\/contexte-des-apparitions\\\/\",\"name\":\"Contexte des apparitions - Banneux Notre-Dame\",\"isPartOf\":{\"@id\":\"https:\\\/\\\/banneux-nd.be\\\/es\\\/#website\"},\"datePublished\":\"2015-07-20T06:58:06+00:00\",\"dateModified\":\"2018-04-12T19:18:47+00:00\",\"breadcrumb\":{\"@id\":\"https:\\\/\\\/banneux-nd.be\\\/es\\\/contexte-des-apparitions\\\/#breadcrumb\"},\"inLanguage\":\"es\",\"potentialAction\":[{\"@type\":\"ReadAction\",\"target\":[\"https:\\\/\\\/banneux-nd.be\\\/es\\\/contexte-des-apparitions\\\/\"]}]},{\"@type\":\"BreadcrumbList\",\"@id\":\"https:\\\/\\\/banneux-nd.be\\\/es\\\/contexte-des-apparitions\\\/#breadcrumb\",\"itemListElement\":[{\"@type\":\"ListItem\",\"position\":1,\"name\":\"Accueil\",\"item\":\"https:\\\/\\\/banneux-nd.be\\\/es\\\/\"},{\"@type\":\"ListItem\",\"position\":2,\"name\":\"Contexte des apparitions\"}]},{\"@type\":\"WebSite\",\"@id\":\"https:\\\/\\\/banneux-nd.be\\\/es\\\/#website\",\"url\":\"https:\\\/\\\/banneux-nd.be\\\/es\\\/\",\"name\":\"Banneux Notre-Dame\",\"description\":\"Sanctuaire de la Vierge des Pauvres (Belgique)\",\"potentialAction\":[{\"@type\":\"SearchAction\",\"target\":{\"@type\":\"EntryPoint\",\"urlTemplate\":\"https:\\\/\\\/banneux-nd.be\\\/es\\\/?s={search_term_string}\"},\"query-input\":{\"@type\":\"PropertyValueSpecification\",\"valueRequired\":true,\"valueName\":\"search_term_string\"}}],\"inLanguage\":\"es\"}]}<\/script>\n<!-- \/ Yoast SEO plugin. -->","yoast_head_json":{"title":"Contexte des apparitions - Banneux Notre-Dame","robots":{"index":"index","follow":"follow","max-snippet":"max-snippet:-1","max-image-preview":"max-image-preview:large","max-video-preview":"max-video-preview:-1"},"canonical":"https:\/\/banneux-nd.be\/es\/contexte-des-apparitions\/","og_locale":"es_ES","og_type":"article","og_title":"Contexte des apparitions - Banneux Notre-Dame","og_description":"Sur ses huit apparitions \u00e0 la petite Mariette Beco (entre le 15 janvier et le 2 mars 1933), Marie n\u2019a dit en tout qu\u2019environ quatre-vingt mots. Le reste de son Message s\u2019est traduit par des attitudes d\u2019accueil : l\u2019invitation par un signe de la main, le sourire, la douceur et l\u2019humilit\u00e9, la pri\u00e8re silencieuse, le contact direct du regard, la conduite vers la source \u00e0 reculons, la confidence d\u2019un secret, la b\u00e9n\u00e9diction&#8230; Cr\u00e9puscule politique Les apparitions et le message de la Vierge des Pauvres (dont le Sanctuaire rappelle chaque ann\u00e9e un aspect par le chemin de pri\u00e8re) sont advenus \u00e0 un moment particuli\u00e8rement sombre de l\u2019Histoire de l\u2019Europe. En effet, la rage destructrice du nazisme grondait d\u00e9j\u00e0 incognito dans les [&hellip;]","og_url":"https:\/\/banneux-nd.be\/es\/contexte-des-apparitions\/","og_site_name":"Banneux Notre-Dame","article_publisher":"https:\/\/www.facebook.com\/NDBanneux\/","article_modified_time":"2018-04-12T19:18:47+00:00","og_image":[{"url":"https:\/\/banneux-nd.be\/wp-content\/uploads\/2017\/08\/Mariette \u00e0 la brouette.jpg","type":"","width":"","height":""}],"twitter_card":"summary_large_image","twitter_misc":{"Tiempo de lectura":"2 minutos"},"schema":{"@context":"https:\/\/schema.org","@graph":[{"@type":"WebPage","@id":"https:\/\/banneux-nd.be\/es\/contexte-des-apparitions\/","url":"https:\/\/banneux-nd.be\/es\/contexte-des-apparitions\/","name":"Contexte des apparitions - Banneux Notre-Dame","isPartOf":{"@id":"https:\/\/banneux-nd.be\/es\/#website"},"datePublished":"2015-07-20T06:58:06+00:00","dateModified":"2018-04-12T19:18:47+00:00","breadcrumb":{"@id":"https:\/\/banneux-nd.be\/es\/contexte-des-apparitions\/#breadcrumb"},"inLanguage":"es","potentialAction":[{"@type":"ReadAction","target":["https:\/\/banneux-nd.be\/es\/contexte-des-apparitions\/"]}]},{"@type":"BreadcrumbList","@id":"https:\/\/banneux-nd.be\/es\/contexte-des-apparitions\/#breadcrumb","itemListElement":[{"@type":"ListItem","position":1,"name":"Accueil","item":"https:\/\/banneux-nd.be\/es\/"},{"@type":"ListItem","position":2,"name":"Contexte des apparitions"}]},{"@type":"WebSite","@id":"https:\/\/banneux-nd.be\/es\/#website","url":"https:\/\/banneux-nd.be\/es\/","name":"Banneux Notre-Dame","description":"Sanctuaire de la Vierge des Pauvres (Belgique)","potentialAction":[{"@type":"SearchAction","target":{"@type":"EntryPoint","urlTemplate":"https:\/\/banneux-nd.be\/es\/?s={search_term_string}"},"query-input":{"@type":"PropertyValueSpecification","valueRequired":true,"valueName":"search_term_string"}}],"inLanguage":"es"}]}},"coauthors":[],"author_meta":{"author_link":"https:\/\/banneux-nd.be\/es\/author\/adminfr\/","display_name":"adminFR"},"relative_dates":{"created":"Publicado 11 a\u00f1os hace","modified":"Actualizado 8 a\u00f1os hace"},"absolute_dates":{"created":"Publicado el 20 de julio de 2015","modified":"Actualizado el 12 de abril de 2018"},"absolute_dates_time":{"created":"Publicado el 20 de julio de 2015 08:58","modified":"Actualizado el 12 de abril de 2018 21:18"},"featured_img_caption":"","featured_img":false,"series_order":"","jetpack_sharing_enabled":true,"_links":{"self":[{"href":"https:\/\/banneux-nd.be\/es\/wp-json\/wp\/v2\/pages\/1439","targetHints":{"allow":["GET"]}}],"collection":[{"href":"https:\/\/banneux-nd.be\/es\/wp-json\/wp\/v2\/pages"}],"about":[{"href":"https:\/\/banneux-nd.be\/es\/wp-json\/wp\/v2\/types\/page"}],"author":[{"embeddable":true,"href":"https:\/\/banneux-nd.be\/es\/wp-json\/wp\/v2\/users\/2"}],"replies":[{"embeddable":true,"href":"https:\/\/banneux-nd.be\/es\/wp-json\/wp\/v2\/comments?post=1439"}],"version-history":[{"count":0,"href":"https:\/\/banneux-nd.be\/es\/wp-json\/wp\/v2\/pages\/1439\/revisions"}],"wp:attachment":[{"href":"https:\/\/banneux-nd.be\/es\/wp-json\/wp\/v2\/media?parent=1439"}],"curies":[{"name":"wp","href":"https:\/\/api.w.org\/{rel}","templated":true}]}}