{"id":1443,"date":"2015-07-20T08:58:06","date_gmt":"2015-07-20T06:58:06","guid":{"rendered":"http:\/\/wwwwp.banneux-nd.be\/prieres-de-banneux\/"},"modified":"2023-08-01T18:34:03","modified_gmt":"2023-08-01T16:34:03","slug":"prieres-de-banneux","status":"publish","type":"page","link":"https:\/\/banneux-nd.be\/es\/prieres-de-banneux\/","title":{"rendered":"Pri\u00e8res de Banneux"},"content":{"rendered":"<p style=\"text-align: center;\"><span style=\"color: #000000;\"><strong>Invocations de Banneux <a id=\"Invocations\"><\/a><\/strong><\/span><\/p>\n<p style=\"text-align: center;\">Vierge des Pauvres, conduis-nous \u00e0 J\u00e9sus, Source de la gr\u00e2ce<br \/>\nVierge des Pauvres, sauve les Nations<br \/>\nVierge des Pauvres, soulage les malades<br \/>\nVierge des Pauvres, soulage la souffrance<br \/>\nVierge des Pauvres, prie pour chacun de nous<br \/>\nVierge des Pauvres, nous croyons en toi<br \/>\nVierge des Pauvres, crois en nous<br \/>\nVierge des Pauvres, nous prierons beaucoup<br \/>\nVierge des Pauvres, b\u00e9nis-nous +<br \/>\nVierge des Pauvres, M\u00e8re du Sauveur, M\u00e8re de Dieu, merci !<\/p>\n<hr \/>\n<p style=\"text-align: center;\"><span style=\"color: #000000;\"><strong><a id=\"PriereUIP\"><\/a> Pri\u00e8re de l&#8217;<em>Union internationale de Pri\u00e8re<\/em><\/strong><\/span><\/p>\n<p style=\"text-align: center;\">Marie, Vierge des Pauvres,\u00a0tu nous conduis \u00e0 J\u00e9sus, source de la gr\u00e2ce,<br \/>\net tu viens soulager notre souffrance.<br \/>\nNous t&#8217;implorons avec confiance :<br \/>\nAide-nous \u00e0 suivre ton Fils avec g\u00e9n\u00e9rosit\u00e9,<br \/>\net \u00e0 lui appartenir sans r\u00e9serve.<br \/>\nAide-nous \u00e0 accueillir l&#8217;Esprit Saint qui nous guide et nous sanctifie.<br \/>\nObtiens-nous la gr\u00e2ce de ressembler chaque jour davantage \u00e0 J\u00e9sus,<br \/>\nsi bien que notre vie rende gloire au P\u00e8re et contribue au salut de nos fr\u00e8res.<\/p>\n<hr \/>\n<p style=\"text-align: center;\"><strong>Pri\u00e8re d\u2019introduction au Rosaire<\/strong><\/p>\n<p style=\"text-align: center;\">Notre Dame de Banneux, M\u00e8re du Sauveur, M\u00e8re de Dieu, Vierge des Pauvres,<br \/>\ntu nous as promis de croire en nous si nous croyons en toi,<br \/>\nnous mettons en toi toute notre confiance.<\/p>\n<p style=\"text-align: center;\">Diagne \u00e9couter les pri\u00e8res que tu nous as demand\u00e9 d\u2019\u00e9lever vers toi\u00a0;<br \/>\naie piti\u00e9 de toutes les mis\u00e8res spirituelles et temporelles.<\/p>\n<p style=\"text-align: center;\">Veuille rendre aux p\u00e9cheurs les tr\u00e9sors de la Foi<br \/>\net donner aux pauvres le pain de chaque jour.<\/p>\n<p style=\"text-align: center;\">Veuille soulager les malades, apaiser la souffrance, prier pour nous,<br \/>\net qu\u2019ainsi, par ta m\u00e9diation,<br \/>\nle r\u00e8gne du Christ s\u2019\u00e9tende sur toutes les nations.<\/p>\n<p style=\"text-align: center;\">Amen.<\/p>\n<hr \/>\n<p style=\"text-align: center;\"><span style=\"color: #000000;\"><strong>Pri\u00e8re de Monseigneur Louis-Joseph Kerkhofs,<br \/>\n\u00e9v\u00eaque de Li\u00e8ge au moment des apparitions<\/strong><\/span><\/p>\n<p style=\"text-align: center;\">Vierge des Pauvres, sois b\u00e9nie !<br \/>\nEt b\u00e9ni Celui qui daigna t&#8217;envoyer vers nous !<br \/>\nCe que tu n&#8217;as cess\u00e9 d&#8217;\u00eatre pour nous,<br \/>\ntu l&#8217;as \u00e9t\u00e9 et tu le sera pour tous ceux qui, comme nous et mieux que nous,<br \/>\nt&#8217;ont donn\u00e9 ou te donneront leur foi et leur pri\u00e8re.<br \/>\nTu sera pour nous tous ce que tu t&#8217;es r\u00e9v\u00e9l\u00e9e \u00e0 Banneux :<br \/>\nla M\u00e9diatrice de toutes les gr\u00e2ces,<br \/>\nl&#8217;Associ\u00e9e du Dieu-Sauveur,<br \/>\nla M\u00e8re compatissante et puissante<br \/>\nqui aime les pauvres et tous les hommes,<br \/>\nqui r\u00e9conforte les malades, qui soulage la souffrance,<br \/>\nqui sauve les individus et les soci\u00e9t\u00e9s;<br \/>\nla Reine et la M\u00e8re de toutes les Nations venue pour conduire<br \/>\nceux qui se laissent guider vers J\u00e9sus,<br \/>\nvraie et unique source de vie \u00e9ternelle.<br \/>\nVierge des Pauvres, nous croyons en toi ; crois en nous.<\/p>\n<p style=\"text-align: center;\">Amen.<\/p>\n<hr \/>\n<p style=\"text-align: center;\"><strong>Pri\u00e8re \u00e0 la Vierge des Pauvres<\/strong><\/p>\n<p style=\"text-align: center;\">Vierge des Pauvres,<br \/>\ntu es venue il y a bien longtemps,<br \/>\nen ce coin sauvage et solitaire,<br \/>\net depuis lors tu n&#8217;as cess\u00e9 de venir,<br \/>\ntu fais signe \u00e0 chacun de nous,<br \/>\ntu nous appelles sur le chemin.<br \/>\nTu nous souris, tu ne dis rien,<br \/>\ntu marches devant nous.<br \/>\nTu nous conduis dans les bois,<br \/>\no\u00f9 siffle le vent,<br \/>\no\u00f9 souffle l&#8217;Esprit,<br \/>\no\u00f9 l&#8217;eau jaillit des lacs cach\u00e9s.<br \/>\nVierge des Pauvres, nous te disons merci<br \/>\nd&#8217;\u00eatre venue et de venir encore<br \/>\npour soulager notre solitude<br \/>\net nous remettre sur le chemin,<br \/>\npour dissiper nos doutes et nos angoisses,<br \/>\net nous ouvrir aux B\u00e9atitudes.<br \/>\nVierge des Pauvres,<br \/>\napprends-nous \u00e0 prier davantage,<br \/>\n\u00e0 croire sans r\u00e9serve,<br \/>\n\u00e0 crier du fond de notre fange,<br \/>\npauvres et p\u00eacheurs que nous sommes,<br \/>\nprisonniers de notre confort,<br \/>\npour que nous ouvrions notre porte,<br \/>\nque nous ouvrions nos fronti\u00e8res,<br \/>\nque nous ouvrions notre c\u0153ur<br \/>\naux appels de notre P\u00e8re<br \/>\net aux d\u00e9tresses de nos fr\u00e8res.<\/p>\n<p style=\"text-align: right;\"><strong>L\u00e9on Wuillaume s.j.<\/strong><\/p>\n","protected":false},"excerpt":{"rendered":"<p>Invocations de Banneux Vierge des Pauvres, conduis-nous \u00e0 J\u00e9sus, Source de la gr\u00e2ce Vierge des Pauvres, sauve les Nations Vierge des Pauvres, soulage les malades Vierge des Pauvres, soulage la souffrance Vierge des Pauvres, prie pour chacun de nous Vierge des Pauvres, nous croyons en toi Vierge des Pauvres, crois en nous Vierge des Pauvres, nous prierons beaucoup Vierge des Pauvres, b\u00e9nis-nous + Vierge des Pauvres, M\u00e8re du Sauveur, M\u00e8re de Dieu, merci ! Pri\u00e8re de l&#8217;Union internationale de Pri\u00e8re Marie, Vierge des Pauvres,\u00a0tu nous conduis \u00e0 J\u00e9sus, source de la gr\u00e2ce, et tu viens soulager notre souffrance. Nous t&#8217;implorons avec confiance : Aide-nous \u00e0 suivre ton Fils avec g\u00e9n\u00e9rosit\u00e9, et \u00e0 lui appartenir sans r\u00e9serve. Aide-nous \u00e0 accueillir l&#8217;Esprit [&hellip;]<\/p>\n","protected":false},"author":2,"featured_media":0,"parent":0,"menu_order":0,"comment_status":"closed","ping_status":"closed","template":"","meta":{"advgb_blocks_editor_width":"","advgb_blocks_columns_visual_guide":"","jetpack_post_was_ever_published":false,"footnotes":""},"class_list":["post-1443","page","type-page","status-publish","hentry"],"yoast_head":"<!-- This site is optimized with the Yoast SEO plugin v27.4 - https:\/\/yoast.com\/product\/yoast-seo-wordpress\/ -->\n<title>Pri\u00e8res de Banneux - Banneux Notre-Dame<\/title>\n<meta name=\"robots\" content=\"index, follow, max-snippet:-1, max-image-preview:large, max-video-preview:-1\" \/>\n<link rel=\"canonical\" href=\"https:\/\/banneux-nd.be\/es\/prieres-de-banneux\/\" \/>\n<meta property=\"og:locale\" content=\"es_ES\" \/>\n<meta property=\"og:type\" content=\"article\" \/>\n<meta property=\"og:title\" content=\"Pri\u00e8res de Banneux - Banneux Notre-Dame\" \/>\n<meta property=\"og:description\" content=\"Invocations de Banneux Vierge des Pauvres, conduis-nous \u00e0 J\u00e9sus, Source de la gr\u00e2ce Vierge des Pauvres, sauve les Nations Vierge des Pauvres, soulage les malades Vierge des Pauvres, soulage la souffrance Vierge des Pauvres, prie pour chacun de nous Vierge des Pauvres, nous croyons en toi Vierge des Pauvres, crois en nous Vierge des Pauvres, nous prierons beaucoup Vierge des Pauvres, b\u00e9nis-nous + Vierge des Pauvres, M\u00e8re du Sauveur, M\u00e8re de Dieu, merci ! Pri\u00e8re de l&#8217;Union internationale de Pri\u00e8re Marie, Vierge des Pauvres,\u00a0tu nous conduis \u00e0 J\u00e9sus, source de la gr\u00e2ce, et tu viens soulager notre souffrance. Nous t&#8217;implorons avec confiance : Aide-nous \u00e0 suivre ton Fils avec g\u00e9n\u00e9rosit\u00e9, et \u00e0 lui appartenir sans r\u00e9serve. Aide-nous \u00e0 accueillir l&#8217;Esprit [&hellip;]\" \/>\n<meta property=\"og:url\" content=\"https:\/\/banneux-nd.be\/es\/prieres-de-banneux\/\" \/>\n<meta property=\"og:site_name\" content=\"Banneux Notre-Dame\" \/>\n<meta property=\"article:publisher\" content=\"https:\/\/www.facebook.com\/NDBanneux\/\" \/>\n<meta property=\"article:modified_time\" content=\"2023-08-01T16:34:03+00:00\" \/>\n<meta name=\"twitter:card\" content=\"summary_large_image\" \/>\n<meta name=\"twitter:label1\" content=\"Tiempo de lectura\" \/>\n\t<meta name=\"twitter:data1\" content=\"3 minutos\" \/>\n<script type=\"application\/ld+json\" class=\"yoast-schema-graph\">{\"@context\":\"https:\\\/\\\/schema.org\",\"@graph\":[{\"@type\":\"WebPage\",\"@id\":\"https:\\\/\\\/banneux-nd.be\\\/es\\\/prieres-de-banneux\\\/\",\"url\":\"https:\\\/\\\/banneux-nd.be\\\/es\\\/prieres-de-banneux\\\/\",\"name\":\"Pri\u00e8res de Banneux - Banneux Notre-Dame\",\"isPartOf\":{\"@id\":\"https:\\\/\\\/banneux-nd.be\\\/es\\\/#website\"},\"datePublished\":\"2015-07-20T06:58:06+00:00\",\"dateModified\":\"2023-08-01T16:34:03+00:00\",\"breadcrumb\":{\"@id\":\"https:\\\/\\\/banneux-nd.be\\\/es\\\/prieres-de-banneux\\\/#breadcrumb\"},\"inLanguage\":\"es\",\"potentialAction\":[{\"@type\":\"ReadAction\",\"target\":[\"https:\\\/\\\/banneux-nd.be\\\/es\\\/prieres-de-banneux\\\/\"]}]},{\"@type\":\"BreadcrumbList\",\"@id\":\"https:\\\/\\\/banneux-nd.be\\\/es\\\/prieres-de-banneux\\\/#breadcrumb\",\"itemListElement\":[{\"@type\":\"ListItem\",\"position\":1,\"name\":\"Accueil\",\"item\":\"https:\\\/\\\/banneux-nd.be\\\/es\\\/\"},{\"@type\":\"ListItem\",\"position\":2,\"name\":\"Pri\u00e8res de Banneux\"}]},{\"@type\":\"WebSite\",\"@id\":\"https:\\\/\\\/banneux-nd.be\\\/es\\\/#website\",\"url\":\"https:\\\/\\\/banneux-nd.be\\\/es\\\/\",\"name\":\"Banneux Notre-Dame\",\"description\":\"Sanctuaire de la Vierge des Pauvres (Belgique)\",\"potentialAction\":[{\"@type\":\"SearchAction\",\"target\":{\"@type\":\"EntryPoint\",\"urlTemplate\":\"https:\\\/\\\/banneux-nd.be\\\/es\\\/?s={search_term_string}\"},\"query-input\":{\"@type\":\"PropertyValueSpecification\",\"valueRequired\":true,\"valueName\":\"search_term_string\"}}],\"inLanguage\":\"es\"}]}<\/script>\n<!-- \/ Yoast SEO plugin. -->","yoast_head_json":{"title":"Pri\u00e8res de Banneux - Banneux Notre-Dame","robots":{"index":"index","follow":"follow","max-snippet":"max-snippet:-1","max-image-preview":"max-image-preview:large","max-video-preview":"max-video-preview:-1"},"canonical":"https:\/\/banneux-nd.be\/es\/prieres-de-banneux\/","og_locale":"es_ES","og_type":"article","og_title":"Pri\u00e8res de Banneux - Banneux Notre-Dame","og_description":"Invocations de Banneux Vierge des Pauvres, conduis-nous \u00e0 J\u00e9sus, Source de la gr\u00e2ce Vierge des Pauvres, sauve les Nations Vierge des Pauvres, soulage les malades Vierge des Pauvres, soulage la souffrance Vierge des Pauvres, prie pour chacun de nous Vierge des Pauvres, nous croyons en toi Vierge des Pauvres, crois en nous Vierge des Pauvres, nous prierons beaucoup Vierge des Pauvres, b\u00e9nis-nous + Vierge des Pauvres, M\u00e8re du Sauveur, M\u00e8re de Dieu, merci ! Pri\u00e8re de l&#8217;Union internationale de Pri\u00e8re Marie, Vierge des Pauvres,\u00a0tu nous conduis \u00e0 J\u00e9sus, source de la gr\u00e2ce, et tu viens soulager notre souffrance. Nous t&#8217;implorons avec confiance : Aide-nous \u00e0 suivre ton Fils avec g\u00e9n\u00e9rosit\u00e9, et \u00e0 lui appartenir sans r\u00e9serve. Aide-nous \u00e0 accueillir l&#8217;Esprit [&hellip;]","og_url":"https:\/\/banneux-nd.be\/es\/prieres-de-banneux\/","og_site_name":"Banneux Notre-Dame","article_publisher":"https:\/\/www.facebook.com\/NDBanneux\/","article_modified_time":"2023-08-01T16:34:03+00:00","twitter_card":"summary_large_image","twitter_misc":{"Tiempo de lectura":"3 minutos"},"schema":{"@context":"https:\/\/schema.org","@graph":[{"@type":"WebPage","@id":"https:\/\/banneux-nd.be\/es\/prieres-de-banneux\/","url":"https:\/\/banneux-nd.be\/es\/prieres-de-banneux\/","name":"Pri\u00e8res de Banneux - Banneux Notre-Dame","isPartOf":{"@id":"https:\/\/banneux-nd.be\/es\/#website"},"datePublished":"2015-07-20T06:58:06+00:00","dateModified":"2023-08-01T16:34:03+00:00","breadcrumb":{"@id":"https:\/\/banneux-nd.be\/es\/prieres-de-banneux\/#breadcrumb"},"inLanguage":"es","potentialAction":[{"@type":"ReadAction","target":["https:\/\/banneux-nd.be\/es\/prieres-de-banneux\/"]}]},{"@type":"BreadcrumbList","@id":"https:\/\/banneux-nd.be\/es\/prieres-de-banneux\/#breadcrumb","itemListElement":[{"@type":"ListItem","position":1,"name":"Accueil","item":"https:\/\/banneux-nd.be\/es\/"},{"@type":"ListItem","position":2,"name":"Pri\u00e8res de Banneux"}]},{"@type":"WebSite","@id":"https:\/\/banneux-nd.be\/es\/#website","url":"https:\/\/banneux-nd.be\/es\/","name":"Banneux Notre-Dame","description":"Sanctuaire de la Vierge des Pauvres (Belgique)","potentialAction":[{"@type":"SearchAction","target":{"@type":"EntryPoint","urlTemplate":"https:\/\/banneux-nd.be\/es\/?s={search_term_string}"},"query-input":{"@type":"PropertyValueSpecification","valueRequired":true,"valueName":"search_term_string"}}],"inLanguage":"es"}]}},"coauthors":[],"author_meta":{"author_link":"https:\/\/banneux-nd.be\/es\/author\/adminfr\/","display_name":"adminFR"},"relative_dates":{"created":"Publicado 11 a\u00f1os hace","modified":"Actualizado 3 a\u00f1os hace"},"absolute_dates":{"created":"Publicado el 20 de julio de 2015","modified":"Actualizado el 1 de agosto de 2023"},"absolute_dates_time":{"created":"Publicado el 20 de julio de 2015 08:58","modified":"Actualizado el 1 de agosto de 2023 18:34"},"featured_img_caption":"","featured_img":false,"series_order":"","jetpack_sharing_enabled":true,"_links":{"self":[{"href":"https:\/\/banneux-nd.be\/es\/wp-json\/wp\/v2\/pages\/1443","targetHints":{"allow":["GET"]}}],"collection":[{"href":"https:\/\/banneux-nd.be\/es\/wp-json\/wp\/v2\/pages"}],"about":[{"href":"https:\/\/banneux-nd.be\/es\/wp-json\/wp\/v2\/types\/page"}],"author":[{"embeddable":true,"href":"https:\/\/banneux-nd.be\/es\/wp-json\/wp\/v2\/users\/2"}],"replies":[{"embeddable":true,"href":"https:\/\/banneux-nd.be\/es\/wp-json\/wp\/v2\/comments?post=1443"}],"version-history":[{"count":2,"href":"https:\/\/banneux-nd.be\/es\/wp-json\/wp\/v2\/pages\/1443\/revisions"}],"predecessor-version":[{"id":17829,"href":"https:\/\/banneux-nd.be\/es\/wp-json\/wp\/v2\/pages\/1443\/revisions\/17829"}],"wp:attachment":[{"href":"https:\/\/banneux-nd.be\/es\/wp-json\/wp\/v2\/media?parent=1443"}],"curies":[{"name":"wp","href":"https:\/\/api.w.org\/{rel}","templated":true}]}}