{"id":15658,"date":"2021-07-20T23:42:38","date_gmt":"2021-07-20T21:42:38","guid":{"rendered":"https:\/\/banneux-nd.be\/adoracion-del-santisimo-sacramento\/"},"modified":"2021-07-20T23:42:38","modified_gmt":"2021-07-20T21:42:38","slug":"adoracion-del-santisimo-sacramento","status":"publish","type":"page","link":"https:\/\/banneux-nd.be\/es\/adoracion-del-santisimo-sacramento\/","title":{"rendered":"Adoraci\u00f3n del Santisimo Sacramento"},"content":{"rendered":"<p><img fetchpriority=\"high\" decoding=\"async\" class=\"aligncenter wp-image-6582 size-full\" src=\"https:\/\/banneux-nd.be\/wp-content\/uploads\/2018\/04\/2015-10-10-Banneux-Paix-86-Copie-e1523264044343.jpg\" alt=\"\" width=\"1197\" height=\"810\" srcset=\"https:\/\/banneux-nd.be\/wp-content\/uploads\/2018\/04\/2015-10-10-Banneux-Paix-86-Copie-e1523264044343.jpg 1197w, https:\/\/banneux-nd.be\/wp-content\/uploads\/2018\/04\/2015-10-10-Banneux-Paix-86-Copie-e1523264044343-300x203.jpg 300w, https:\/\/banneux-nd.be\/wp-content\/uploads\/2018\/04\/2015-10-10-Banneux-Paix-86-Copie-e1523264044343-768x520.jpg 768w, https:\/\/banneux-nd.be\/wp-content\/uploads\/2018\/04\/2015-10-10-Banneux-Paix-86-Copie-e1523264044343-1024x693.jpg 1024w\" sizes=\"(max-width: 1197px) 100vw, 1197px\" \/><\/p>\n<p style=\"text-align: justify\"><em>Esta fuente es para todas las naciones<\/em> le dijo Mar\u00eda a Mariette el 19 de enero de 1933. La alusi\u00f3n al bautismo cristiano es muy clara. &#8220;Todas las naciones&#8221; est\u00e1n llamadas a entrar en el \u00fanico pueblo de Dios\u00a0 gracias a la proclamaci\u00f3n del Evangelio y al bautismo.<\/p>\n<p style=\"text-align: justify\">El 30 de enero del mismo a\u00f1o, Adolf Hitler y su partido nacionalista llegan al poder: una ideolog\u00eda mort\u00edfera va a gangrenar ciertas naciones y conducir\u00e1 a la cat\u00e1strofe de la segunda guerra mundial. Se niega la igualdad entre las naciones.<\/p>\n<p style=\"text-align: justify\">Luego de la guerra, el capell\u00e1n Georges Jacob reconoce y promueve el car\u00e1cter internacional de Banneux. El mensaje de la Virgen de los Pobres invita a orar con perseverancia por la paz entre los pueblos y la unificaci\u00f3n de Europa. \u00c9l encuentra en el canciller alem\u00e1n, Konrad Adenauer, un importante aliado.<\/p>\n<p style=\"text-align: justify\">La <strong>chapelle Saint-Michel et Sainte-Jeanne-d\u2019Arc<\/strong> es, desde 1960, un lugar de oraci\u00f3n por la justicia y la paz en el mundo.<\/p>\n<p style=\"text-align: justify\">Durante toda la temporada de peregrinaciones, \u00e9sta es el lugar de adoraci\u00f3n silenciosa. Con la mirada puesta en Jes\u00fas, Pr\u00edncipe de la Paz, aquellos que lo deseen tienen la oportunidad de rezar largamente por los pa\u00edses en guerra, por los pueblos que sufren la miseria y la injusticia flagrante, por la comprensi\u00f3n y la fraternidad entre los hombres.<\/p>\n<p style=\"text-align: justify\"><strong>Adoraci\u00f3n silenciosa todos los d\u00edas entre las 9h y las 17h 30:<br \/>\n<\/strong><\/p>\n<ul style=\"text-align: justify\">\n<li>En temporada: en la capilla Saint-Michel.<\/li>\n<li>Fuera de temporada: en la capilla de la Cruz.<\/li>\n<\/ul>\n<p style=\"text-align: justify\"><strong><em>\u00a1Virgen de los Pobres, salva a las naciones!<br \/>\n<\/em><\/strong><\/p>\n<p style=\"text-align: justify\"><em>Vi una enorme multitud que nadie pod\u00eda contar, de todas las naciones, tribus tribus, pueblos y lenguas. Se presentaron ante el trono y el cordero&#8230; y adoraron a Dios<\/em> (Apocal\u00edpsis 7, 9\u202611)<\/p>\n<p style=\"text-align: justify\">\n","protected":false},"excerpt":{"rendered":"<p>Esta fuente es para todas las naciones le dijo Mar\u00eda a Mariette el 19 de enero de 1933. La alusi\u00f3n al bautismo cristiano es muy clara. &#8220;Todas las naciones&#8221; est\u00e1n llamadas a entrar en el \u00fanico pueblo de Dios\u00a0 gracias a la proclamaci\u00f3n del Evangelio y al bautismo. El 30 de enero del mismo a\u00f1o, Adolf Hitler y su partido nacionalista llegan al poder: una ideolog\u00eda mort\u00edfera va a gangrenar ciertas naciones y conducir\u00e1 a la cat\u00e1strofe de la segunda guerra mundial. Se niega la igualdad entre las naciones. Luego de la guerra, el capell\u00e1n Georges Jacob reconoce y promueve el car\u00e1cter internacional de Banneux. El mensaje de la Virgen de los Pobres invita a orar con perseverancia por la [&hellip;]<\/p>\n","protected":false},"author":2,"featured_media":0,"parent":0,"menu_order":0,"comment_status":"closed","ping_status":"closed","template":"","meta":{"advgb_blocks_editor_width":"","advgb_blocks_columns_visual_guide":"","jetpack_post_was_ever_published":false,"footnotes":""},"class_list":["post-15658","page","type-page","status-publish","hentry"],"yoast_head":"<!-- This site is optimized with the Yoast SEO plugin v27.4 - https:\/\/yoast.com\/product\/yoast-seo-wordpress\/ -->\n<title>Adoraci\u00f3n del Santisimo Sacramento - Banneux Notre-Dame<\/title>\n<meta name=\"robots\" content=\"index, follow, max-snippet:-1, max-image-preview:large, max-video-preview:-1\" \/>\n<link rel=\"canonical\" href=\"https:\/\/banneux-nd.be\/es\/adoracion-del-santisimo-sacramento\/\" \/>\n<meta property=\"og:locale\" content=\"es_ES\" \/>\n<meta property=\"og:type\" content=\"article\" \/>\n<meta property=\"og:title\" content=\"Adoraci\u00f3n del Santisimo Sacramento - Banneux Notre-Dame\" \/>\n<meta property=\"og:description\" content=\"Esta fuente es para todas las naciones le dijo Mar\u00eda a Mariette el 19 de enero de 1933. La alusi\u00f3n al bautismo cristiano es muy clara. &#8220;Todas las naciones&#8221; est\u00e1n llamadas a entrar en el \u00fanico pueblo de Dios\u00a0 gracias a la proclamaci\u00f3n del Evangelio y al bautismo. El 30 de enero del mismo a\u00f1o, Adolf Hitler y su partido nacionalista llegan al poder: una ideolog\u00eda mort\u00edfera va a gangrenar ciertas naciones y conducir\u00e1 a la cat\u00e1strofe de la segunda guerra mundial. Se niega la igualdad entre las naciones. Luego de la guerra, el capell\u00e1n Georges Jacob reconoce y promueve el car\u00e1cter internacional de Banneux. El mensaje de la Virgen de los Pobres invita a orar con perseverancia por la [&hellip;]\" \/>\n<meta property=\"og:url\" content=\"https:\/\/banneux-nd.be\/es\/adoracion-del-santisimo-sacramento\/\" \/>\n<meta property=\"og:site_name\" content=\"Banneux Notre-Dame\" \/>\n<meta property=\"article:publisher\" content=\"https:\/\/www.facebook.com\/NDBanneux\/\" \/>\n<meta property=\"og:image\" content=\"https:\/\/banneux-nd.be\/wp-content\/uploads\/2018\/04\/2015-10-10-Banneux-Paix-86-Copie-e1523264044343.jpg\" \/>\n<meta name=\"twitter:card\" content=\"summary_large_image\" \/>\n<meta name=\"twitter:label1\" content=\"Tiempo de lectura\" \/>\n\t<meta name=\"twitter:data1\" content=\"2 minutos\" \/>\n<script type=\"application\/ld+json\" class=\"yoast-schema-graph\">{\"@context\":\"https:\\\/\\\/schema.org\",\"@graph\":[{\"@type\":\"WebPage\",\"@id\":\"https:\\\/\\\/banneux-nd.be\\\/es\\\/adoracion-del-santisimo-sacramento\\\/\",\"url\":\"https:\\\/\\\/banneux-nd.be\\\/es\\\/adoracion-del-santisimo-sacramento\\\/\",\"name\":\"Adoraci\u00f3n del Santisimo Sacramento - Banneux Notre-Dame\",\"isPartOf\":{\"@id\":\"https:\\\/\\\/banneux-nd.be\\\/es\\\/#website\"},\"primaryImageOfPage\":{\"@id\":\"https:\\\/\\\/banneux-nd.be\\\/es\\\/adoracion-del-santisimo-sacramento\\\/#primaryimage\"},\"image\":{\"@id\":\"https:\\\/\\\/banneux-nd.be\\\/es\\\/adoracion-del-santisimo-sacramento\\\/#primaryimage\"},\"thumbnailUrl\":\"https:\\\/\\\/banneux-nd.be\\\/wp-content\\\/uploads\\\/2018\\\/04\\\/2015-10-10-Banneux-Paix-86-Copie-e1523264044343.jpg\",\"datePublished\":\"2021-07-20T21:42:38+00:00\",\"breadcrumb\":{\"@id\":\"https:\\\/\\\/banneux-nd.be\\\/es\\\/adoracion-del-santisimo-sacramento\\\/#breadcrumb\"},\"inLanguage\":\"es\",\"potentialAction\":[{\"@type\":\"ReadAction\",\"target\":[\"https:\\\/\\\/banneux-nd.be\\\/es\\\/adoracion-del-santisimo-sacramento\\\/\"]}]},{\"@type\":\"ImageObject\",\"inLanguage\":\"es\",\"@id\":\"https:\\\/\\\/banneux-nd.be\\\/es\\\/adoracion-del-santisimo-sacramento\\\/#primaryimage\",\"url\":\"https:\\\/\\\/banneux-nd.be\\\/wp-content\\\/uploads\\\/2018\\\/04\\\/2015-10-10-Banneux-Paix-86-Copie-e1523264044343.jpg\",\"contentUrl\":\"https:\\\/\\\/banneux-nd.be\\\/wp-content\\\/uploads\\\/2018\\\/04\\\/2015-10-10-Banneux-Paix-86-Copie-e1523264044343.jpg\"},{\"@type\":\"BreadcrumbList\",\"@id\":\"https:\\\/\\\/banneux-nd.be\\\/es\\\/adoracion-del-santisimo-sacramento\\\/#breadcrumb\",\"itemListElement\":[{\"@type\":\"ListItem\",\"position\":1,\"name\":\"Accueil\",\"item\":\"https:\\\/\\\/banneux-nd.be\\\/es\\\/\"},{\"@type\":\"ListItem\",\"position\":2,\"name\":\"Adoraci\u00f3n del Santisimo Sacramento\"}]},{\"@type\":\"WebSite\",\"@id\":\"https:\\\/\\\/banneux-nd.be\\\/es\\\/#website\",\"url\":\"https:\\\/\\\/banneux-nd.be\\\/es\\\/\",\"name\":\"Banneux Notre-Dame\",\"description\":\"Sanctuaire de la Vierge des Pauvres (Belgique)\",\"potentialAction\":[{\"@type\":\"SearchAction\",\"target\":{\"@type\":\"EntryPoint\",\"urlTemplate\":\"https:\\\/\\\/banneux-nd.be\\\/es\\\/?s={search_term_string}\"},\"query-input\":{\"@type\":\"PropertyValueSpecification\",\"valueRequired\":true,\"valueName\":\"search_term_string\"}}],\"inLanguage\":\"es\"}]}<\/script>\n<!-- \/ Yoast SEO plugin. -->","yoast_head_json":{"title":"Adoraci\u00f3n del Santisimo Sacramento - Banneux Notre-Dame","robots":{"index":"index","follow":"follow","max-snippet":"max-snippet:-1","max-image-preview":"max-image-preview:large","max-video-preview":"max-video-preview:-1"},"canonical":"https:\/\/banneux-nd.be\/es\/adoracion-del-santisimo-sacramento\/","og_locale":"es_ES","og_type":"article","og_title":"Adoraci\u00f3n del Santisimo Sacramento - Banneux Notre-Dame","og_description":"Esta fuente es para todas las naciones le dijo Mar\u00eda a Mariette el 19 de enero de 1933. La alusi\u00f3n al bautismo cristiano es muy clara. &#8220;Todas las naciones&#8221; est\u00e1n llamadas a entrar en el \u00fanico pueblo de Dios\u00a0 gracias a la proclamaci\u00f3n del Evangelio y al bautismo. El 30 de enero del mismo a\u00f1o, Adolf Hitler y su partido nacionalista llegan al poder: una ideolog\u00eda mort\u00edfera va a gangrenar ciertas naciones y conducir\u00e1 a la cat\u00e1strofe de la segunda guerra mundial. Se niega la igualdad entre las naciones. Luego de la guerra, el capell\u00e1n Georges Jacob reconoce y promueve el car\u00e1cter internacional de Banneux. El mensaje de la Virgen de los Pobres invita a orar con perseverancia por la [&hellip;]","og_url":"https:\/\/banneux-nd.be\/es\/adoracion-del-santisimo-sacramento\/","og_site_name":"Banneux Notre-Dame","article_publisher":"https:\/\/www.facebook.com\/NDBanneux\/","og_image":[{"url":"https:\/\/banneux-nd.be\/wp-content\/uploads\/2018\/04\/2015-10-10-Banneux-Paix-86-Copie-e1523264044343.jpg","type":"","width":"","height":""}],"twitter_card":"summary_large_image","twitter_misc":{"Tiempo de lectura":"2 minutos"},"schema":{"@context":"https:\/\/schema.org","@graph":[{"@type":"WebPage","@id":"https:\/\/banneux-nd.be\/es\/adoracion-del-santisimo-sacramento\/","url":"https:\/\/banneux-nd.be\/es\/adoracion-del-santisimo-sacramento\/","name":"Adoraci\u00f3n del Santisimo Sacramento - Banneux Notre-Dame","isPartOf":{"@id":"https:\/\/banneux-nd.be\/es\/#website"},"primaryImageOfPage":{"@id":"https:\/\/banneux-nd.be\/es\/adoracion-del-santisimo-sacramento\/#primaryimage"},"image":{"@id":"https:\/\/banneux-nd.be\/es\/adoracion-del-santisimo-sacramento\/#primaryimage"},"thumbnailUrl":"https:\/\/banneux-nd.be\/wp-content\/uploads\/2018\/04\/2015-10-10-Banneux-Paix-86-Copie-e1523264044343.jpg","datePublished":"2021-07-20T21:42:38+00:00","breadcrumb":{"@id":"https:\/\/banneux-nd.be\/es\/adoracion-del-santisimo-sacramento\/#breadcrumb"},"inLanguage":"es","potentialAction":[{"@type":"ReadAction","target":["https:\/\/banneux-nd.be\/es\/adoracion-del-santisimo-sacramento\/"]}]},{"@type":"ImageObject","inLanguage":"es","@id":"https:\/\/banneux-nd.be\/es\/adoracion-del-santisimo-sacramento\/#primaryimage","url":"https:\/\/banneux-nd.be\/wp-content\/uploads\/2018\/04\/2015-10-10-Banneux-Paix-86-Copie-e1523264044343.jpg","contentUrl":"https:\/\/banneux-nd.be\/wp-content\/uploads\/2018\/04\/2015-10-10-Banneux-Paix-86-Copie-e1523264044343.jpg"},{"@type":"BreadcrumbList","@id":"https:\/\/banneux-nd.be\/es\/adoracion-del-santisimo-sacramento\/#breadcrumb","itemListElement":[{"@type":"ListItem","position":1,"name":"Accueil","item":"https:\/\/banneux-nd.be\/es\/"},{"@type":"ListItem","position":2,"name":"Adoraci\u00f3n del Santisimo Sacramento"}]},{"@type":"WebSite","@id":"https:\/\/banneux-nd.be\/es\/#website","url":"https:\/\/banneux-nd.be\/es\/","name":"Banneux Notre-Dame","description":"Sanctuaire de la Vierge des Pauvres (Belgique)","potentialAction":[{"@type":"SearchAction","target":{"@type":"EntryPoint","urlTemplate":"https:\/\/banneux-nd.be\/es\/?s={search_term_string}"},"query-input":{"@type":"PropertyValueSpecification","valueRequired":true,"valueName":"search_term_string"}}],"inLanguage":"es"}]}},"coauthors":[],"author_meta":{"author_link":"https:\/\/banneux-nd.be\/es\/author\/adminfr\/","display_name":"adminFR"},"relative_dates":{"created":"Publicado 5 a\u00f1os hace","modified":"Actualizado 5 a\u00f1os hace"},"absolute_dates":{"created":"Publicado el 20 de julio de 2021","modified":"Actualizado el 20 de julio de 2021"},"absolute_dates_time":{"created":"Publicado el 20 de julio de 2021 23:42","modified":"Actualizado el 20 de julio de 2021 23:42"},"featured_img_caption":"","featured_img":false,"series_order":"","jetpack_sharing_enabled":true,"_links":{"self":[{"href":"https:\/\/banneux-nd.be\/es\/wp-json\/wp\/v2\/pages\/15658","targetHints":{"allow":["GET"]}}],"collection":[{"href":"https:\/\/banneux-nd.be\/es\/wp-json\/wp\/v2\/pages"}],"about":[{"href":"https:\/\/banneux-nd.be\/es\/wp-json\/wp\/v2\/types\/page"}],"author":[{"embeddable":true,"href":"https:\/\/banneux-nd.be\/es\/wp-json\/wp\/v2\/users\/2"}],"replies":[{"embeddable":true,"href":"https:\/\/banneux-nd.be\/es\/wp-json\/wp\/v2\/comments?post=15658"}],"version-history":[{"count":0,"href":"https:\/\/banneux-nd.be\/es\/wp-json\/wp\/v2\/pages\/15658\/revisions"}],"wp:attachment":[{"href":"https:\/\/banneux-nd.be\/es\/wp-json\/wp\/v2\/media?parent=15658"}],"curies":[{"name":"wp","href":"https:\/\/api.w.org\/{rel}","templated":true}]}}