{"id":15827,"date":"2021-09-07T17:22:08","date_gmt":"2021-09-07T15:22:08","guid":{"rendered":"https:\/\/banneux-nd.be\/celebre-una-misa\/"},"modified":"2021-09-07T17:25:03","modified_gmt":"2021-09-07T15:25:03","slug":"celebre-una-misa","status":"publish","type":"page","link":"https:\/\/banneux-nd.be\/es\/celebre-una-misa\/","title":{"rendered":"Celebre una misa"},"content":{"rendered":"<div id=\"node-38\" class=\"node node-page\" role=\"article\">\n<div class=\"node-inner clear-block\">\n<div class=\"node-content\">\n<p class=\"rtejustify\" style=\"text-align: justify;\">Encargar una intenci\u00f3n de misa es un acercamiento que une a la comunidad de peregrinos en la oraci\u00f3n, bajo la mirada amorosa de Mar\u00eda, la Virgen de los Pobres.<\/p>\n<p class=\"rtejustify\" style=\"text-align: justify;\">Varios sacerdotes del santuario celebran diariamente la misa por las intenciones encomendadas a la intercesi\u00f3n de la Virgen de los Pobres.<\/p>\n<p class=\"rtejustify\"><img decoding=\"async\" style=\"width: 100%;\" data-src=\"https:\/\/banneux-nd.be\/wp-content\/uploads\/2017\/08\/Faire%20dire%20une%20messe.jpg\" alt=\"\" src=\"data:image\/svg+xml;base64,PHN2ZyB3aWR0aD0iMSIgaGVpZ2h0PSIxIiB4bWxucz0iaHR0cDovL3d3dy53My5vcmcvMjAwMC9zdmciPjwvc3ZnPg==\" class=\"lazyload\"><\/p>\n<p><span style=\"color: #000000;\"><strong>Como hacer ?<\/strong><\/span><\/p>\n<ul>\n<li style=\"text-align: justify;\"><strong>Haciendo clic en el bot\u00f3n de abajo<\/strong> (pago mediante Bancontact, transferencia bancaria o tarjeta Visa)<\/li>\n<li class=\"rtejustify\" style=\"text-align: justify;\"><strong>Por transferencia a la cuenta<\/strong> de la asociaci\u00f3n Banneux, la Virgen de los Pobres<br \/>IBAN: BE15 0000 0462 0230 &#8211;&nbsp; BIC: BPOTBEB1<br \/>Comunicaci\u00f3n: Intenci\u00f3n masiva para &#8230; (Nombre)<\/li>\n<li class=\"rtejustify\" style=\"text-align: justify;\"><strong>Dep\u00f3sito de intenci\u00f3n y pago<\/strong> en el mostrador de informaci\u00f3n de la recepci\u00f3n (en temporada) o en el Abri du Cur\u00e9 d&#8217;Ars (fuera de temporada).<\/li>\n<li class=\"rtejustify\" style=\"text-align: justify;\"><strong>O enviar por correo o correo electr\u00f3nico<\/strong> su intenci\u00f3n masiva (para Francia, posibilidad de enviar un cheque por correo, con la intenci\u00f3n)<\/li>\n<\/ul>\n<p style=\"text-align: justify;\"><span style=\"color: #000000;\"><strong>Precios sugeridos<\/strong><\/span><\/p>\n<ul>\n<li>Misa: 7 \u20ac<\/li>\n<li>Misa con indicaci\u00f3n de la fecha deseada: 10 \u20ac<\/li>\n<li>Novena de misas (misa diaria nueve d\u00edas seguidos): 75 \u20ac<\/li>\n<li>Treinta misas (misa diaria treinta d\u00edas seguidos): 250 \u20ac<\/li>\n<\/ul>\n<\/div>\n<\/div>\n<\/div>\n\n<p><a href=\"https:\/\/banneux-nd.be\/es\/dons-en-ligne\/\" target=\"_blank\" rel=\"noopener noreferrer\"><img fetchpriority=\"high\" decoding=\"async\" class=\"aligncenter wp-image-13770 size-full\" src=\"https:\/\/banneux-nd.be\/wp-content\/uploads\/2020\/08\/Je-paie-en-ligne.gif\" alt=\"\" width=\"454\" height=\"170\"><\/a><\/p>\n","protected":false},"excerpt":{"rendered":"<p>Encargar una intenci\u00f3n de misa es un acercamiento que une a la comunidad de peregrinos en la oraci\u00f3n, bajo la mirada amorosa de Mar\u00eda, la Virgen de los Pobres. Varios sacerdotes del santuario celebran diariamente la misa por las intenciones encomendadas a la intercesi\u00f3n de la Virgen de los Pobres. Como hacer ? Haciendo clic en el bot\u00f3n de abajo (pago mediante Bancontact, transferencia bancaria o tarjeta Visa) Por transferencia a la cuenta de la asociaci\u00f3n Banneux, la Virgen de los PobresIBAN: BE15 0000 0462 0230 &#8211;&nbsp; BIC: BPOTBEB1Comunicaci\u00f3n: Intenci\u00f3n masiva para &#8230; (Nombre) Dep\u00f3sito de intenci\u00f3n y pago en el mostrador de informaci\u00f3n de la recepci\u00f3n (en temporada) o en el Abri du Cur\u00e9 d&#8217;Ars (fuera de temporada). O [&hellip;]<\/p>\n","protected":false},"author":2,"featured_media":0,"parent":0,"menu_order":0,"comment_status":"closed","ping_status":"closed","template":"","meta":{"advgb_blocks_editor_width":"","advgb_blocks_columns_visual_guide":"","jetpack_post_was_ever_published":false,"footnotes":""},"class_list":["post-15827","page","type-page","status-publish","hentry"],"yoast_head":"<!-- This site is optimized with the Yoast SEO plugin v27.3 - https:\/\/yoast.com\/product\/yoast-seo-wordpress\/ -->\n<title>Celebre una misa - Banneux Notre-Dame<\/title>\n<meta name=\"description\" content=\"C\u00f3mo pedir una misa en Banneux para una intenci\u00f3n que t\u00fa determines\" \/>\n<meta name=\"robots\" content=\"index, follow, max-snippet:-1, max-image-preview:large, max-video-preview:-1\" \/>\n<link rel=\"canonical\" href=\"https:\/\/banneux-nd.be\/es\/celebre-una-misa\/\" \/>\n<meta property=\"og:locale\" content=\"es_ES\" \/>\n<meta property=\"og:type\" content=\"article\" \/>\n<meta property=\"og:title\" content=\"Celebre una misa - Banneux Notre-Dame\" \/>\n<meta property=\"og:description\" content=\"C\u00f3mo pedir una misa en Banneux para una intenci\u00f3n que t\u00fa determines\" \/>\n<meta property=\"og:url\" content=\"https:\/\/banneux-nd.be\/es\/celebre-una-misa\/\" \/>\n<meta property=\"og:site_name\" content=\"Banneux Notre-Dame\" \/>\n<meta property=\"article:publisher\" content=\"https:\/\/www.facebook.com\/NDBanneux\/\" \/>\n<meta property=\"article:modified_time\" content=\"2021-09-07T15:25:03+00:00\" \/>\n<meta property=\"og:image\" content=\"https:\/\/banneux-nd.be\/wp-content\/uploads\/2017\/08\/Faire%20dire%20une%20messe.jpg\" \/>\n<meta name=\"twitter:card\" content=\"summary_large_image\" \/>\n<meta name=\"twitter:label1\" content=\"Tiempo de lectura\" \/>\n\t<meta name=\"twitter:data1\" content=\"1 minuto\" \/>\n<script type=\"application\/ld+json\" class=\"yoast-schema-graph\">{\"@context\":\"https:\\\/\\\/schema.org\",\"@graph\":[{\"@type\":\"WebPage\",\"@id\":\"https:\\\/\\\/banneux-nd.be\\\/es\\\/celebre-una-misa\\\/\",\"url\":\"https:\\\/\\\/banneux-nd.be\\\/es\\\/celebre-una-misa\\\/\",\"name\":\"Celebre una misa - Banneux Notre-Dame\",\"isPartOf\":{\"@id\":\"https:\\\/\\\/banneux-nd.be\\\/es\\\/#website\"},\"primaryImageOfPage\":{\"@id\":\"https:\\\/\\\/banneux-nd.be\\\/es\\\/celebre-una-misa\\\/#primaryimage\"},\"image\":{\"@id\":\"https:\\\/\\\/banneux-nd.be\\\/es\\\/celebre-una-misa\\\/#primaryimage\"},\"thumbnailUrl\":\"https:\\\/\\\/banneux-nd.be\\\/wp-content\\\/uploads\\\/2017\\\/08\\\/Faire%20dire%20une%20messe.jpg\",\"datePublished\":\"2021-09-07T15:22:08+00:00\",\"dateModified\":\"2021-09-07T15:25:03+00:00\",\"description\":\"C\u00f3mo pedir una misa en Banneux para una intenci\u00f3n que t\u00fa determines\",\"breadcrumb\":{\"@id\":\"https:\\\/\\\/banneux-nd.be\\\/es\\\/celebre-una-misa\\\/#breadcrumb\"},\"inLanguage\":\"es\",\"potentialAction\":[{\"@type\":\"ReadAction\",\"target\":[\"https:\\\/\\\/banneux-nd.be\\\/es\\\/celebre-una-misa\\\/\"]}]},{\"@type\":\"ImageObject\",\"inLanguage\":\"es\",\"@id\":\"https:\\\/\\\/banneux-nd.be\\\/es\\\/celebre-una-misa\\\/#primaryimage\",\"url\":\"https:\\\/\\\/banneux-nd.be\\\/wp-content\\\/uploads\\\/2017\\\/08\\\/Faire%20dire%20une%20messe.jpg\",\"contentUrl\":\"https:\\\/\\\/banneux-nd.be\\\/wp-content\\\/uploads\\\/2017\\\/08\\\/Faire%20dire%20une%20messe.jpg\"},{\"@type\":\"BreadcrumbList\",\"@id\":\"https:\\\/\\\/banneux-nd.be\\\/es\\\/celebre-una-misa\\\/#breadcrumb\",\"itemListElement\":[{\"@type\":\"ListItem\",\"position\":1,\"name\":\"Accueil\",\"item\":\"https:\\\/\\\/banneux-nd.be\\\/es\\\/\"},{\"@type\":\"ListItem\",\"position\":2,\"name\":\"Celebre una misa\"}]},{\"@type\":\"WebSite\",\"@id\":\"https:\\\/\\\/banneux-nd.be\\\/es\\\/#website\",\"url\":\"https:\\\/\\\/banneux-nd.be\\\/es\\\/\",\"name\":\"Banneux Notre-Dame\",\"description\":\"Sanctuaire de la Vierge des Pauvres (Belgique)\",\"potentialAction\":[{\"@type\":\"SearchAction\",\"target\":{\"@type\":\"EntryPoint\",\"urlTemplate\":\"https:\\\/\\\/banneux-nd.be\\\/es\\\/?s={search_term_string}\"},\"query-input\":{\"@type\":\"PropertyValueSpecification\",\"valueRequired\":true,\"valueName\":\"search_term_string\"}}],\"inLanguage\":\"es\"}]}<\/script>\n<!-- \/ Yoast SEO plugin. -->","yoast_head_json":{"title":"Celebre una misa - Banneux Notre-Dame","description":"C\u00f3mo pedir una misa en Banneux para una intenci\u00f3n que t\u00fa determines","robots":{"index":"index","follow":"follow","max-snippet":"max-snippet:-1","max-image-preview":"max-image-preview:large","max-video-preview":"max-video-preview:-1"},"canonical":"https:\/\/banneux-nd.be\/es\/celebre-una-misa\/","og_locale":"es_ES","og_type":"article","og_title":"Celebre una misa - Banneux Notre-Dame","og_description":"C\u00f3mo pedir una misa en Banneux para una intenci\u00f3n que t\u00fa determines","og_url":"https:\/\/banneux-nd.be\/es\/celebre-una-misa\/","og_site_name":"Banneux Notre-Dame","article_publisher":"https:\/\/www.facebook.com\/NDBanneux\/","article_modified_time":"2021-09-07T15:25:03+00:00","og_image":[{"url":"https:\/\/banneux-nd.be\/wp-content\/uploads\/2017\/08\/Faire%20dire%20une%20messe.jpg","type":"","width":"","height":""}],"twitter_card":"summary_large_image","twitter_misc":{"Tiempo de lectura":"1 minuto"},"schema":{"@context":"https:\/\/schema.org","@graph":[{"@type":"WebPage","@id":"https:\/\/banneux-nd.be\/es\/celebre-una-misa\/","url":"https:\/\/banneux-nd.be\/es\/celebre-una-misa\/","name":"Celebre una misa - Banneux Notre-Dame","isPartOf":{"@id":"https:\/\/banneux-nd.be\/es\/#website"},"primaryImageOfPage":{"@id":"https:\/\/banneux-nd.be\/es\/celebre-una-misa\/#primaryimage"},"image":{"@id":"https:\/\/banneux-nd.be\/es\/celebre-una-misa\/#primaryimage"},"thumbnailUrl":"https:\/\/banneux-nd.be\/wp-content\/uploads\/2017\/08\/Faire%20dire%20une%20messe.jpg","datePublished":"2021-09-07T15:22:08+00:00","dateModified":"2021-09-07T15:25:03+00:00","description":"C\u00f3mo pedir una misa en Banneux para una intenci\u00f3n que t\u00fa determines","breadcrumb":{"@id":"https:\/\/banneux-nd.be\/es\/celebre-una-misa\/#breadcrumb"},"inLanguage":"es","potentialAction":[{"@type":"ReadAction","target":["https:\/\/banneux-nd.be\/es\/celebre-una-misa\/"]}]},{"@type":"ImageObject","inLanguage":"es","@id":"https:\/\/banneux-nd.be\/es\/celebre-una-misa\/#primaryimage","url":"https:\/\/banneux-nd.be\/wp-content\/uploads\/2017\/08\/Faire%20dire%20une%20messe.jpg","contentUrl":"https:\/\/banneux-nd.be\/wp-content\/uploads\/2017\/08\/Faire%20dire%20une%20messe.jpg"},{"@type":"BreadcrumbList","@id":"https:\/\/banneux-nd.be\/es\/celebre-una-misa\/#breadcrumb","itemListElement":[{"@type":"ListItem","position":1,"name":"Accueil","item":"https:\/\/banneux-nd.be\/es\/"},{"@type":"ListItem","position":2,"name":"Celebre una misa"}]},{"@type":"WebSite","@id":"https:\/\/banneux-nd.be\/es\/#website","url":"https:\/\/banneux-nd.be\/es\/","name":"Banneux Notre-Dame","description":"Sanctuaire de la Vierge des Pauvres (Belgique)","potentialAction":[{"@type":"SearchAction","target":{"@type":"EntryPoint","urlTemplate":"https:\/\/banneux-nd.be\/es\/?s={search_term_string}"},"query-input":{"@type":"PropertyValueSpecification","valueRequired":true,"valueName":"search_term_string"}}],"inLanguage":"es"}]}},"coauthors":[],"author_meta":{"author_link":"https:\/\/banneux-nd.be\/es\/author\/adminfr\/","display_name":"adminFR"},"relative_dates":{"created":"Publicado 5 a\u00f1os hace","modified":"Actualizado 5 a\u00f1os hace"},"absolute_dates":{"created":"Publicado el 7 de septiembre de 2021","modified":"Actualizado el 7 de septiembre de 2021"},"absolute_dates_time":{"created":"Publicado el 7 de septiembre de 2021 17:22","modified":"Actualizado el 7 de septiembre de 2021 17:25"},"featured_img_caption":"","featured_img":false,"series_order":"","jetpack_sharing_enabled":true,"_links":{"self":[{"href":"https:\/\/banneux-nd.be\/es\/wp-json\/wp\/v2\/pages\/15827","targetHints":{"allow":["GET"]}}],"collection":[{"href":"https:\/\/banneux-nd.be\/es\/wp-json\/wp\/v2\/pages"}],"about":[{"href":"https:\/\/banneux-nd.be\/es\/wp-json\/wp\/v2\/types\/page"}],"author":[{"embeddable":true,"href":"https:\/\/banneux-nd.be\/es\/wp-json\/wp\/v2\/users\/2"}],"replies":[{"embeddable":true,"href":"https:\/\/banneux-nd.be\/es\/wp-json\/wp\/v2\/comments?post=15827"}],"version-history":[{"count":1,"href":"https:\/\/banneux-nd.be\/es\/wp-json\/wp\/v2\/pages\/15827\/revisions"}],"predecessor-version":[{"id":15829,"href":"https:\/\/banneux-nd.be\/es\/wp-json\/wp\/v2\/pages\/15827\/revisions\/15829"}],"wp:attachment":[{"href":"https:\/\/banneux-nd.be\/es\/wp-json\/wp\/v2\/media?parent=15827"}],"curies":[{"name":"wp","href":"https:\/\/api.w.org\/{rel}","templated":true}]}}