{"id":16117,"date":"2022-01-04T22:36:24","date_gmt":"2022-01-04T21:36:24","guid":{"rendered":"https:\/\/banneux-nd.be\/capilla-de-las-apariciones\/"},"modified":"2022-01-04T22:36:24","modified_gmt":"2022-01-04T21:36:24","slug":"capilla-de-las-apariciones","status":"publish","type":"page","link":"https:\/\/banneux-nd.be\/es\/capilla-de-las-apariciones\/","title":{"rendered":"Capilla de las apariciones"},"content":{"rendered":"\n<div class=\"wp-block-image\"><figure class=\"alignleft\"><img fetchpriority=\"high\" decoding=\"async\" width=\"216\" height=\"300\" src=\"https:\/\/banneux-nd.be\/wp-content\/uploads\/2018\/04\/Chapelle-des-Apparitions-1-PF-216x300.jpg\" alt=\"\" class=\"wp-image-6771\" srcset=\"https:\/\/banneux-nd.be\/wp-content\/uploads\/2018\/04\/Chapelle-des-Apparitions-1-PF-216x300.jpg 216w, https:\/\/banneux-nd.be\/wp-content\/uploads\/2018\/04\/Chapelle-des-Apparitions-1-PF-768x1067.jpg 768w, https:\/\/banneux-nd.be\/wp-content\/uploads\/2018\/04\/Chapelle-des-Apparitions-1-PF-737x1024.jpg 737w, https:\/\/banneux-nd.be\/wp-content\/uploads\/2018\/04\/Chapelle-des-Apparitions-1-PF.jpg 864w\" sizes=\"(max-width: 216px) 100vw, 216px\" \/><\/figure><\/div>\n\n<p class=\"rtejustify\">El 20 de enero de 1933, Mariette pregunta: <em>\u00bfQu\u00e9 necesitas mi Bella Madre?<\/em> La Virgen le contesta: <em>Deseo una peque\u00f1a capilla.<\/em><em>&#013;\n<\/em><\/p>\n\n<p class=\"rtejustify\">El 11 de abril de 1933, se est\u00e1n realizando gestiones con el municipio de Louveign\u00e9 para construir en un terreno que est\u00e1 en proceso de adquisici\u00f3n.<\/p>\n\n<p class=\"rtejustify\">Con la opini\u00f3n favorable del comisario inspector de obras, la autorizaci\u00f3n se concedi\u00f3 el 18 del mismo mes.<\/p>\n\n<p class=\"rtejustify\">El 16 de mayo de 1933, comienzan los trabajos. El d\u00eda de la Asunci\u00f3n, el 25 de mayo, se coloc\u00f3 la primera piedra de la &#8220;Peque\u00f1a Capilla&#8221;.<\/p>\n\n<p class=\"rtejustify\">Mariette Beco introduce el documento conmemorativo en el tubo de plomo. A continuaci\u00f3n, todo el conjunto se sella con la ayuda del sr. y la sra. Beco. En esta primera piedra aparece el texto siguiente: <em>La primera piedra de esta capilla se coloc\u00f3 el 25 de mayo de 1933, el d\u00eda de la Asunci\u00f3n de N.S.J.C.&#013;\n<\/em><\/p>\n\n<p class=\"rtejustify\">El 29 de mayo de 1933, la asociaci\u00f3n sin fines de lucro <em>Los Peregrinos Caritas, <\/em>compra a los se\u00f1ores Beco el terreno para la capilla. Los arquitectos Marcel Caron, A. Lecomte y Robert Toussaint elaboraron los planos de la capilla.<\/p>\n\n<div class=\"wp-block-image\"><figure class=\"alignright\"><img decoding=\"async\" width=\"246\" height=\"300\" data-src=\"https:\/\/banneux-nd.be\/wp-content\/uploads\/2018\/04\/Chapelle-des-Apparitions-2-PF-246x300.jpg\" alt=\"\" class=\"wp-image-6776 lazyload\" data-srcset=\"https:\/\/banneux-nd.be\/wp-content\/uploads\/2018\/04\/Chapelle-des-Apparitions-2-PF-246x300.jpg 246w, https:\/\/banneux-nd.be\/wp-content\/uploads\/2018\/04\/Chapelle-des-Apparitions-2-PF-768x938.jpg 768w, https:\/\/banneux-nd.be\/wp-content\/uploads\/2018\/04\/Chapelle-des-Apparitions-2-PF-839x1024.jpg 839w, https:\/\/banneux-nd.be\/wp-content\/uploads\/2018\/04\/Chapelle-des-Apparitions-2-PF.jpg 983w\" data-sizes=\"(max-width: 246px) 100vw, 246px\" src=\"data:image\/svg+xml;base64,PHN2ZyB3aWR0aD0iMSIgaGVpZ2h0PSIxIiB4bWxucz0iaHR0cDovL3d3dy53My5vcmcvMjAwMC9zdmciPjwvc3ZnPg==\" style=\"--smush-placeholder-width: 246px; --smush-placeholder-aspect-ratio: 246\/300;\" \/><\/figure><\/div>\n\n<p class=\"rtejustify\">El d\u00eda de la Asunci\u00f3n, el 15 de agosto de 1933, el de\u00e1n de Sprimont, el se\u00f1or Abad Borgerhof, bendice la capilla y la campana. Durante el invierno de 1960-1961 la capilla fue modificada y ampliada en su fachada trasera. El pasillo creado permite a los padres un acceso m\u00e1s f\u00e1cil a las sacrist\u00edas, tambi\u00e9n agrandadas considerablemente.<\/p>\n\n<p class=\"rtejustify\">En 1993, con motivo del aniversario n\u00famero 60 de las apariciones, se ampli\u00f3 la plazoleta frente a la capilla y, por el lado de la calle, se hicieron plantaciones para favorecer la contemplaci\u00f3n. A principios del a\u00f1o 1995, se agrand\u00f3 el quemador delante de la capilla.<\/p>\n","protected":false},"excerpt":{"rendered":"<p>El 20 de enero de 1933, Mariette pregunta: \u00bfQu\u00e9 necesitas mi Bella Madre? La Virgen le contesta: Deseo una peque\u00f1a capilla.&#013; El 11 de abril de 1933, se est\u00e1n realizando gestiones con el municipio de Louveign\u00e9 para construir en un terreno que est\u00e1 en proceso de adquisici\u00f3n. Con la opini\u00f3n favorable del comisario inspector de obras, la autorizaci\u00f3n se concedi\u00f3 el 18 del mismo mes. El 16 de mayo de 1933, comienzan los trabajos. El d\u00eda de la Asunci\u00f3n, el 25 de mayo, se coloc\u00f3 la primera piedra de la &#8220;Peque\u00f1a Capilla&#8221;. Mariette Beco introduce el documento conmemorativo en el tubo de plomo. A continuaci\u00f3n, todo el conjunto se sella con la ayuda del sr. y la sra. Beco. En [&hellip;]<\/p>\n","protected":false},"author":2,"featured_media":0,"parent":0,"menu_order":0,"comment_status":"closed","ping_status":"closed","template":"","meta":{"advgb_blocks_editor_width":"","advgb_blocks_columns_visual_guide":"","jetpack_post_was_ever_published":false,"footnotes":""},"class_list":["post-16117","page","type-page","status-publish","hentry"],"yoast_head":"<!-- This site is optimized with the Yoast SEO plugin v27.4 - https:\/\/yoast.com\/product\/yoast-seo-wordpress\/ -->\n<title>Capilla de las apariciones - Banneux Notre-Dame<\/title>\n<meta name=\"robots\" content=\"index, follow, max-snippet:-1, max-image-preview:large, max-video-preview:-1\" \/>\n<link rel=\"canonical\" href=\"https:\/\/banneux-nd.be\/es\/capilla-de-las-apariciones\/\" \/>\n<meta property=\"og:locale\" content=\"es_ES\" \/>\n<meta property=\"og:type\" content=\"article\" \/>\n<meta property=\"og:title\" content=\"Capilla de las apariciones - Banneux Notre-Dame\" \/>\n<meta property=\"og:description\" content=\"El 20 de enero de 1933, Mariette pregunta: \u00bfQu\u00e9 necesitas mi Bella Madre? La Virgen le contesta: Deseo una peque\u00f1a capilla.&#013; El 11 de abril de 1933, se est\u00e1n realizando gestiones con el municipio de Louveign\u00e9 para construir en un terreno que est\u00e1 en proceso de adquisici\u00f3n. Con la opini\u00f3n favorable del comisario inspector de obras, la autorizaci\u00f3n se concedi\u00f3 el 18 del mismo mes. El 16 de mayo de 1933, comienzan los trabajos. El d\u00eda de la Asunci\u00f3n, el 25 de mayo, se coloc\u00f3 la primera piedra de la &#8220;Peque\u00f1a Capilla&#8221;. Mariette Beco introduce el documento conmemorativo en el tubo de plomo. A continuaci\u00f3n, todo el conjunto se sella con la ayuda del sr. y la sra. Beco. En [&hellip;]\" \/>\n<meta property=\"og:url\" content=\"https:\/\/banneux-nd.be\/es\/capilla-de-las-apariciones\/\" \/>\n<meta property=\"og:site_name\" content=\"Banneux Notre-Dame\" \/>\n<meta property=\"article:publisher\" content=\"https:\/\/www.facebook.com\/NDBanneux\/\" \/>\n<meta property=\"og:image\" content=\"https:\/\/banneux-nd.be\/wp-content\/uploads\/2018\/04\/Chapelle-des-Apparitions-1-PF-216x300.jpg\" \/>\n<meta name=\"twitter:card\" content=\"summary_large_image\" \/>\n<meta name=\"twitter:label1\" content=\"Tiempo de lectura\" \/>\n\t<meta name=\"twitter:data1\" content=\"2 minutos\" \/>\n<script type=\"application\/ld+json\" class=\"yoast-schema-graph\">{\"@context\":\"https:\\\/\\\/schema.org\",\"@graph\":[{\"@type\":\"WebPage\",\"@id\":\"https:\\\/\\\/banneux-nd.be\\\/es\\\/capilla-de-las-apariciones\\\/\",\"url\":\"https:\\\/\\\/banneux-nd.be\\\/es\\\/capilla-de-las-apariciones\\\/\",\"name\":\"Capilla de las apariciones - Banneux Notre-Dame\",\"isPartOf\":{\"@id\":\"https:\\\/\\\/banneux-nd.be\\\/es\\\/#website\"},\"primaryImageOfPage\":{\"@id\":\"https:\\\/\\\/banneux-nd.be\\\/es\\\/capilla-de-las-apariciones\\\/#primaryimage\"},\"image\":{\"@id\":\"https:\\\/\\\/banneux-nd.be\\\/es\\\/capilla-de-las-apariciones\\\/#primaryimage\"},\"thumbnailUrl\":\"https:\\\/\\\/banneux-nd.be\\\/wp-content\\\/uploads\\\/2018\\\/04\\\/Chapelle-des-Apparitions-1-PF-216x300.jpg\",\"datePublished\":\"2022-01-04T21:36:24+00:00\",\"breadcrumb\":{\"@id\":\"https:\\\/\\\/banneux-nd.be\\\/es\\\/capilla-de-las-apariciones\\\/#breadcrumb\"},\"inLanguage\":\"es\",\"potentialAction\":[{\"@type\":\"ReadAction\",\"target\":[\"https:\\\/\\\/banneux-nd.be\\\/es\\\/capilla-de-las-apariciones\\\/\"]}]},{\"@type\":\"ImageObject\",\"inLanguage\":\"es\",\"@id\":\"https:\\\/\\\/banneux-nd.be\\\/es\\\/capilla-de-las-apariciones\\\/#primaryimage\",\"url\":\"https:\\\/\\\/banneux-nd.be\\\/wp-content\\\/uploads\\\/2018\\\/04\\\/Chapelle-des-Apparitions-1-PF-216x300.jpg\",\"contentUrl\":\"https:\\\/\\\/banneux-nd.be\\\/wp-content\\\/uploads\\\/2018\\\/04\\\/Chapelle-des-Apparitions-1-PF-216x300.jpg\"},{\"@type\":\"BreadcrumbList\",\"@id\":\"https:\\\/\\\/banneux-nd.be\\\/es\\\/capilla-de-las-apariciones\\\/#breadcrumb\",\"itemListElement\":[{\"@type\":\"ListItem\",\"position\":1,\"name\":\"Accueil\",\"item\":\"https:\\\/\\\/banneux-nd.be\\\/es\\\/\"},{\"@type\":\"ListItem\",\"position\":2,\"name\":\"Capilla de las apariciones\"}]},{\"@type\":\"WebSite\",\"@id\":\"https:\\\/\\\/banneux-nd.be\\\/es\\\/#website\",\"url\":\"https:\\\/\\\/banneux-nd.be\\\/es\\\/\",\"name\":\"Banneux Notre-Dame\",\"description\":\"Sanctuaire de la Vierge des Pauvres (Belgique)\",\"potentialAction\":[{\"@type\":\"SearchAction\",\"target\":{\"@type\":\"EntryPoint\",\"urlTemplate\":\"https:\\\/\\\/banneux-nd.be\\\/es\\\/?s={search_term_string}\"},\"query-input\":{\"@type\":\"PropertyValueSpecification\",\"valueRequired\":true,\"valueName\":\"search_term_string\"}}],\"inLanguage\":\"es\"}]}<\/script>\n<!-- \/ Yoast SEO plugin. -->","yoast_head_json":{"title":"Capilla de las apariciones - Banneux Notre-Dame","robots":{"index":"index","follow":"follow","max-snippet":"max-snippet:-1","max-image-preview":"max-image-preview:large","max-video-preview":"max-video-preview:-1"},"canonical":"https:\/\/banneux-nd.be\/es\/capilla-de-las-apariciones\/","og_locale":"es_ES","og_type":"article","og_title":"Capilla de las apariciones - Banneux Notre-Dame","og_description":"El 20 de enero de 1933, Mariette pregunta: \u00bfQu\u00e9 necesitas mi Bella Madre? La Virgen le contesta: Deseo una peque\u00f1a capilla.&#013; El 11 de abril de 1933, se est\u00e1n realizando gestiones con el municipio de Louveign\u00e9 para construir en un terreno que est\u00e1 en proceso de adquisici\u00f3n. Con la opini\u00f3n favorable del comisario inspector de obras, la autorizaci\u00f3n se concedi\u00f3 el 18 del mismo mes. El 16 de mayo de 1933, comienzan los trabajos. El d\u00eda de la Asunci\u00f3n, el 25 de mayo, se coloc\u00f3 la primera piedra de la &#8220;Peque\u00f1a Capilla&#8221;. Mariette Beco introduce el documento conmemorativo en el tubo de plomo. A continuaci\u00f3n, todo el conjunto se sella con la ayuda del sr. y la sra. Beco. En [&hellip;]","og_url":"https:\/\/banneux-nd.be\/es\/capilla-de-las-apariciones\/","og_site_name":"Banneux Notre-Dame","article_publisher":"https:\/\/www.facebook.com\/NDBanneux\/","og_image":[{"url":"https:\/\/banneux-nd.be\/wp-content\/uploads\/2018\/04\/Chapelle-des-Apparitions-1-PF-216x300.jpg","type":"","width":"","height":""}],"twitter_card":"summary_large_image","twitter_misc":{"Tiempo de lectura":"2 minutos"},"schema":{"@context":"https:\/\/schema.org","@graph":[{"@type":"WebPage","@id":"https:\/\/banneux-nd.be\/es\/capilla-de-las-apariciones\/","url":"https:\/\/banneux-nd.be\/es\/capilla-de-las-apariciones\/","name":"Capilla de las apariciones - Banneux Notre-Dame","isPartOf":{"@id":"https:\/\/banneux-nd.be\/es\/#website"},"primaryImageOfPage":{"@id":"https:\/\/banneux-nd.be\/es\/capilla-de-las-apariciones\/#primaryimage"},"image":{"@id":"https:\/\/banneux-nd.be\/es\/capilla-de-las-apariciones\/#primaryimage"},"thumbnailUrl":"https:\/\/banneux-nd.be\/wp-content\/uploads\/2018\/04\/Chapelle-des-Apparitions-1-PF-216x300.jpg","datePublished":"2022-01-04T21:36:24+00:00","breadcrumb":{"@id":"https:\/\/banneux-nd.be\/es\/capilla-de-las-apariciones\/#breadcrumb"},"inLanguage":"es","potentialAction":[{"@type":"ReadAction","target":["https:\/\/banneux-nd.be\/es\/capilla-de-las-apariciones\/"]}]},{"@type":"ImageObject","inLanguage":"es","@id":"https:\/\/banneux-nd.be\/es\/capilla-de-las-apariciones\/#primaryimage","url":"https:\/\/banneux-nd.be\/wp-content\/uploads\/2018\/04\/Chapelle-des-Apparitions-1-PF-216x300.jpg","contentUrl":"https:\/\/banneux-nd.be\/wp-content\/uploads\/2018\/04\/Chapelle-des-Apparitions-1-PF-216x300.jpg"},{"@type":"BreadcrumbList","@id":"https:\/\/banneux-nd.be\/es\/capilla-de-las-apariciones\/#breadcrumb","itemListElement":[{"@type":"ListItem","position":1,"name":"Accueil","item":"https:\/\/banneux-nd.be\/es\/"},{"@type":"ListItem","position":2,"name":"Capilla de las apariciones"}]},{"@type":"WebSite","@id":"https:\/\/banneux-nd.be\/es\/#website","url":"https:\/\/banneux-nd.be\/es\/","name":"Banneux Notre-Dame","description":"Sanctuaire de la Vierge des Pauvres (Belgique)","potentialAction":[{"@type":"SearchAction","target":{"@type":"EntryPoint","urlTemplate":"https:\/\/banneux-nd.be\/es\/?s={search_term_string}"},"query-input":{"@type":"PropertyValueSpecification","valueRequired":true,"valueName":"search_term_string"}}],"inLanguage":"es"}]}},"coauthors":[],"author_meta":{"author_link":"https:\/\/banneux-nd.be\/es\/author\/adminfr\/","display_name":"adminFR"},"relative_dates":{"created":"Publicado 4 a\u00f1os hace","modified":"Actualizado 4 a\u00f1os hace"},"absolute_dates":{"created":"Publicado el 4 de enero de 2022","modified":"Actualizado el 4 de enero de 2022"},"absolute_dates_time":{"created":"Publicado el 4 de enero de 2022 22:36","modified":"Actualizado el 4 de enero de 2022 22:36"},"featured_img_caption":"","featured_img":false,"series_order":"","jetpack_sharing_enabled":true,"_links":{"self":[{"href":"https:\/\/banneux-nd.be\/es\/wp-json\/wp\/v2\/pages\/16117","targetHints":{"allow":["GET"]}}],"collection":[{"href":"https:\/\/banneux-nd.be\/es\/wp-json\/wp\/v2\/pages"}],"about":[{"href":"https:\/\/banneux-nd.be\/es\/wp-json\/wp\/v2\/types\/page"}],"author":[{"embeddable":true,"href":"https:\/\/banneux-nd.be\/es\/wp-json\/wp\/v2\/users\/2"}],"replies":[{"embeddable":true,"href":"https:\/\/banneux-nd.be\/es\/wp-json\/wp\/v2\/comments?post=16117"}],"version-history":[{"count":1,"href":"https:\/\/banneux-nd.be\/es\/wp-json\/wp\/v2\/pages\/16117\/revisions"}],"predecessor-version":[{"id":16121,"href":"https:\/\/banneux-nd.be\/es\/wp-json\/wp\/v2\/pages\/16117\/revisions\/16121"}],"wp:attachment":[{"href":"https:\/\/banneux-nd.be\/es\/wp-json\/wp\/v2\/media?parent=16117"}],"curies":[{"name":"wp","href":"https:\/\/api.w.org\/{rel}","templated":true}]}}