{"id":13509,"date":"2020-06-13T00:03:38","date_gmt":"2020-06-12T22:03:38","guid":{"rendered":"https:\/\/www.banneux-nd.be\/?page_id=13509"},"modified":"2021-06-17T00:34:57","modified_gmt":"2021-06-16T22:34:57","slug":"dons-en-ligne","status":"publish","type":"page","link":"https:\/\/banneux-nd.be\/fr\/dons-en-ligne\/","title":{"rendered":"Dons et offrandes en ligne"},"content":{"rendered":"\n<div class=\"wpcf7 no-js\" id=\"wpcf7-f13508-o1\" lang=\"fr-FR\" dir=\"ltr\" data-wpcf7-id=\"13508\">\n<div class=\"screen-reader-response\"><p role=\"status\" aria-live=\"polite\" aria-atomic=\"true\"><\/p> <ul><\/ul><\/div>\n<form action=\"\/fr\/wp-json\/wp\/v2\/pages\/13509#wpcf7-f13508-o1\" method=\"post\" class=\"wpcf7-form init\" aria-label=\"Formulaire de contact\" novalidate=\"novalidate\" data-status=\"init\">\n<div style=\"display: none;\">\n<input type=\"hidden\" name=\"_wpcf7\" value=\"13508\" \/>\n<input type=\"hidden\" name=\"_wpcf7_version\" value=\"6.0.6\" \/>\n<input type=\"hidden\" name=\"_wpcf7_locale\" value=\"fr_FR\" \/>\n<input type=\"hidden\" name=\"_wpcf7_unit_tag\" value=\"wpcf7-f13508-o1\" \/>\n<input type=\"hidden\" name=\"_wpcf7_container_post\" value=\"0\" \/>\n<input type=\"hidden\" name=\"_wpcf7_posted_data_hash\" value=\"\" \/>\n<\/div>\n<p>Vos coordonn\u00e9es (Obligatoire pour les choix 1-2-3 et 5)\n<\/p>\n<p><label> Votre nom <span style=\"color:red;\">(obligatoire)<\/span><br \/>\n<span class=\"wpcf7-form-control-wrap\" data-name=\"nom-donateur\"><input size=\"40\" maxlength=\"400\" class=\"wpcf7-form-control wpcf7-text wpcf7-validates-as-required\" id=\"m_nom\" aria-required=\"true\" aria-invalid=\"false\" value=\"\" type=\"text\" name=\"nom-donateur\" \/><\/span> <\/label>\n<\/p>\n<p><label> Votre pr\u00e9nom <span style=\"color:red;\">(obligatoire)<br \/>\n<span class=\"wpcf7-form-control-wrap\" data-name=\"prenom-donateur\"><input size=\"40\" maxlength=\"400\" class=\"wpcf7-form-control wpcf7-text wpcf7-validates-as-required\" aria-required=\"true\" aria-invalid=\"false\" value=\"\" type=\"text\" name=\"prenom-donateur\" \/><\/span> <\/span><\/label>\n<\/p>\n<p><label> Votre adresse<br \/>\n<span class=\"wpcf7-form-control-wrap\" data-name=\"adresse-donateur\"><input size=\"40\" maxlength=\"400\" class=\"wpcf7-form-control wpcf7-text\" aria-invalid=\"false\" value=\"\" type=\"text\" name=\"adresse-donateur\" \/><\/span> <\/label>\n<\/p>\n<p><label> Votre adresse de messagerie <span style=\"color:red;\">(obligatoire)<br \/>\n<span class=\"wpcf7-form-control-wrap\" data-name=\"email-donateur\"><input size=\"40\" maxlength=\"400\" class=\"wpcf7-form-control wpcf7-email wpcf7-validates-as-required wpcf7-text wpcf7-validates-as-email\" aria-required=\"true\" aria-invalid=\"false\" value=\"\" type=\"email\" name=\"email-donateur\" \/><\/span> <\/span><\/label>\n<\/p>\n<p><label> Votre t\u00e9l\u00e9phone<br \/>\n<span class=\"wpcf7-form-control-wrap\" data-name=\"telephone-donateur\"><input size=\"40\" maxlength=\"400\" class=\"wpcf7-form-control wpcf7-text\" aria-invalid=\"false\" value=\"\" type=\"text\" name=\"telephone-donateur\" \/><\/span> <\/label>\n<\/p>\n<p><label> Num\u00e9ro national ou de soci\u00e9t\u00e9 <span style=\"color:orange;\">(obligatoire pour l\u2019exon\u00e9ration fiscale) :<\/span><br \/>\n<span class=\"wpcf7-form-control-wrap\" data-name=\"NN-donateur\"><input size=\"40\" maxlength=\"400\" class=\"wpcf7-form-control wpcf7-text\" aria-invalid=\"false\" value=\"\" type=\"text\" name=\"NN-donateur\" \/><\/span> <\/label>\n<\/p>\n<p><u>Pour<\/u>\n<\/p>\n<table>\n\t<tr>\n\t\t<th>\n\t\t\t<p><label>Type de don<\/label>\n\t\t\t<\/p>\n\t\t<\/th>\n\t\t<th>\n\t\t\t<p><label>Intention \/ D\u00e9tail ex-voto, ...<\/label>\n\t\t\t<\/p>\n\t\t<\/th>\n\t\t<th>\n\t\t\t<p><label>Montant<\/label>\n\t\t\t<\/p>\n\t\t<\/th>\n\t<\/tr>\n\t<tr>\n\t\t<td>\n\t\t\t<p>&#x25CF; 01. Don \u00e0 l'hospitalit\u00e9<br \/>\n(d\u00e9duction fiscale en Belgique \u00e0 partir de 40\u20ac)<br \/>\n<!--<label><span style=\"margin-left:25px\"><\/span><\/label>-->\n\t\t\t<\/p>\n\t\t<\/td>\n\t\t<td>\n\t\t<\/td>\n\t\t<td>\n\t\t\t<p><label><span class=\"wpcf7-form-control-wrap mt-hospit\"><input class=\"wpcf7-form-control wpcf7-numberstepfloat wpcf7-validates-as-number-decimal\" id=\"m_mt_hospit\" min=\"0\" max=\"100000\" aria-invalid=\"false\" value=\"\" type=\"text\" name=\"mt-hospit\" \/><\/span><\/label>\n\t\t\t<\/p>\n\t\t<\/td>\n\t<\/tr>\n\t<tr>\n\t\t<td>\n\t\t\t<p>&#x25CF; 02. Don au Sanctuaire\n\t\t\t<\/p>\n\t\t<\/td>\n\t\t<td>\n\t\t<\/td>\n\t\t<td>\n\t\t\t<p><label><span class=\"wpcf7-form-control-wrap mt-sanctuaire\"><input class=\"wpcf7-form-control wpcf7-numberstepfloat wpcf7-validates-as-number-decimal\" id=\"m_mt_sanctuaire\" min=\"0\" max=\"100000\" aria-invalid=\"false\" value=\"\" type=\"text\" name=\"mt-sanctuaire\" \/><\/span><\/label>\n\t\t\t<\/p>\n\t\t<\/td>\n\t<\/tr>\n\t<tr>\n\t\t<td>\n\t\t\t<p>&#x25CF; 03. Don pour une statue<br \/>\n(permettant d'envoyer des statues \u00e0 des communaut\u00e9s chr\u00e9tiennes qui le demandent, \u00e0 travers le monde)\n\t\t\t<\/p>\n\t\t<\/td>\n\t\t<td>\n\t\t<\/td>\n\t\t<td>\n\t\t\t<p><label><span class=\"wpcf7-form-control-wrap mt-statue\"><input class=\"wpcf7-form-control wpcf7-numberstepfloat wpcf7-validates-as-number-decimal\" id=\"m_mt_statue\" min=\"0\" max=\"100000\" aria-invalid=\"false\" value=\"\" type=\"text\" name=\"mt-statue\" \/><\/span><\/label>\n\t\t\t<\/p>\n\t\t<\/td>\n\t<\/tr>\n\t<tr>\n\t\t<td>\n\t\t\t<p>&#x25CF; 04. Allumer une bougie \u00e0 1\u20ac\/pi\u00e8ce\n\t\t\t<\/p>\n\t\t<\/td>\n\t\t<td>\n\t\t<\/td>\n\t\t<td>\n\t\t\t<p><label><span class=\"wpcf7-form-control-wrap mt-bougie\"><input class=\"wpcf7-form-control wpcf7-numberstepfloat wpcf7-validates-as-number-decimal\" id=\"m_mt_bougie\" min=\"0\" max=\"100000\" aria-invalid=\"false\" value=\"\" type=\"text\" name=\"mt-bougie\" \/><\/span><\/label>\n\t\t\t<\/p>\n\t\t<\/td>\n\t<\/tr>\n\t<tr>\n\t\t<td>\n\t\t\t<p>&#x25CF; 05. Calendrier + frais d\u2019envoi (7,50\u20ac)\n\t\t\t<\/p>\n\t\t<\/td>\n\t\t<td>\n\t\t<\/td>\n\t\t<td>\n\t\t\t<p><label><span class=\"wpcf7-form-control-wrap mt-calendrier\"><input class=\"wpcf7-form-control wpcf7-numberstepfloat wpcf7-validates-as-number-decimal\" id=\"m_mt_calendrier\" min=\"0\" max=\"100000\" aria-invalid=\"false\" value=\"\" type=\"text\" name=\"mt-calendrier\" \/><\/span><\/label>\n\t\t\t<\/p>\n\t\t<\/td>\n\t<\/tr>\n\t<tr>\n\t\t<td>\n\t\t\t<p>&#x25CF; 06. Messe sans date (7\u20ac)\n\t\t\t<\/p>\n\t\t<\/td>\n\t\t<td>\n\t\t\t<p><label>intention<\/label><label><span class=\"wpcf7-form-control-wrap\" data-name=\"intention-messe-sans-date\"><input size=\"40\" maxlength=\"400\" class=\"wpcf7-form-control wpcf7-text\" aria-invalid=\"false\" value=\"\" type=\"text\" name=\"intention-messe-sans-date\" \/><\/span><\/label>\n\t\t\t<\/p>\n\t\t<\/td>\n\t\t<td>\n\t\t\t<p><label>&nbsp; <\/label><label><span class=\"wpcf7-form-control-wrap mt-messe-sans-date\"><input class=\"wpcf7-form-control wpcf7-numberstepfloat wpcf7-validates-as-number-decimal\" id=\"m_mt_messe_sans_date\" min=\"0\" max=\"100000\" aria-invalid=\"false\" value=\"\" type=\"text\" name=\"mt-messe-sans-date\" \/><\/span><\/label>\n\t\t\t<\/p>\n\t\t<\/td>\n\t<\/tr>\n\t<tr>\n\t\t<td>\n\t\t\t<p>&#x25CF; 07. Messe avec date (10\u20ac)\n\t\t\t<\/p>\n\t\t<\/td>\n\t\t<td>\n\t\t\t<p><label>intention<\/label><label><span class=\"wpcf7-form-control-wrap\" data-name=\"intention-messe-avec-date\"><input size=\"40\" maxlength=\"400\" class=\"wpcf7-form-control wpcf7-text\" aria-invalid=\"false\" value=\"\" type=\"text\" name=\"intention-messe-avec-date\" \/><\/span><\/label>\n\t\t\t<\/p>\n\t\t<\/td>\n\t\t<td>\n\t\t\t<p><label>&nbsp; <\/label><label><span class=\"wpcf7-form-control-wrap mt-messe-avec-date\"><input class=\"wpcf7-form-control wpcf7-numberstepfloat wpcf7-validates-as-number-decimal\" id=\"m_mt_messe_avec_date\" min=\"0\" max=\"100000\" aria-invalid=\"false\" value=\"\" type=\"text\" name=\"mt-messe-avec-date\" \/><\/span><\/label>\n\t\t\t<\/p>\n\t\t<\/td>\n\t<\/tr>\n\t<tr>\n\t\t<td>\n\t\t\t<p>&#x25CF; 08. Neuvaine de messes (75\u20ac)\n\t\t\t<\/p>\n\t\t<\/td>\n\t\t<td>\n\t\t\t<p><label>intention<\/label><label><span class=\"wpcf7-form-control-wrap\" data-name=\"intention-neuvaine\"><input size=\"40\" maxlength=\"400\" class=\"wpcf7-form-control wpcf7-text\" aria-invalid=\"false\" value=\"\" type=\"text\" name=\"intention-neuvaine\" \/><\/span><\/label>\n\t\t\t<\/p>\n\t\t<\/td>\n\t\t<td>\n\t\t\t<p><label>&nbsp; <\/label><label><span class=\"wpcf7-form-control-wrap mt-neuvaine\"><input class=\"wpcf7-form-control wpcf7-numberstepfloat wpcf7-validates-as-number-decimal\" id=\"m_mt_neuvaine\" min=\"0\" max=\"100000\" aria-invalid=\"false\" value=\"\" type=\"text\" name=\"mt-neuvaine\" \/><\/span><\/label>\n\t\t\t<\/p>\n\t\t<\/td>\n\t<\/tr>\n\t<tr>\n\t\t<td>\n\t\t\t<p>&#x25CF; 09. Trentain de messes (250\u20ac)\n\t\t\t<\/p>\n\t\t<\/td>\n\t\t<td>\n\t\t\t<p><label>intention<\/label><label><span class=\"wpcf7-form-control-wrap\" data-name=\"intention-trentain\"><input size=\"40\" maxlength=\"400\" class=\"wpcf7-form-control wpcf7-text\" aria-invalid=\"false\" value=\"\" type=\"text\" name=\"intention-trentain\" \/><\/span><\/label>\n\t\t\t<\/p>\n\t\t<\/td>\n\t\t<td>\n\t\t\t<p><label>&nbsp; <\/label><label><span class=\"wpcf7-form-control-wrap mt-trentain\"><input class=\"wpcf7-form-control wpcf7-numberstepfloat wpcf7-validates-as-number-decimal\" id=\"m_mt_trentain\" min=\"0\" max=\"100000\" aria-invalid=\"false\" value=\"\" type=\"text\" name=\"mt-trentain\" \/><\/span><\/label>\n\t\t\t<\/p>\n\t\t<\/td>\n\t<\/tr>\n\t<tr>\n\t\t<td>\n\t\t\t<p><label>&#x25CF; 10. Abonnement \u00e0 la revue<\/label>\n\t\t\t<\/p>\n\t\t<\/td>\n\t\t<td>\n\t\t<\/td>\n\t\t<td>\n\t\t<\/td>\n\t<\/tr>\n\t<tr>\n\t\t<td>\n\t\t\t<p><span style=\"margin-left:35px\">FR Belgique: 20\u20ac, hors Belgique: 22\u20ac, abon. soutien: 25\u20ac<\/span>\n\t\t\t<\/p>\n\t\t<\/td>\n\t\t<td>\n\t\t<\/td>\n\t\t<td>\n\t\t\t<p><label><span class=\"wpcf7-form-control-wrap mt-revue-fr\"><input class=\"wpcf7-form-control wpcf7-numberstepfloat wpcf7-validates-as-number-decimal\" id=\"m_mt_revue_fr\" min=\"0\" max=\"100000\" aria-invalid=\"false\" value=\"\" type=\"text\" name=\"mt-revue-fr\" \/><\/span><\/label>\n\t\t\t<\/p>\n\t\t<\/td>\n\t<\/tr>\n\t<tr>\n\t<\/tr>\n\t<tr>\n\t\t<td>\n\t\t\t<p><span style=\"margin-left:35px\">DE 20\u20ac, abon. soutien: 25\u20ac<\/span>\n\t\t\t<\/p>\n\t\t<\/td>\n\t\t<td>\n\t\t<\/td>\n\t\t<td>\n\t\t\t<p><label><span class=\"wpcf7-form-control-wrap mt-revue-de\"><input class=\"wpcf7-form-control wpcf7-numberstepfloat wpcf7-validates-as-number-decimal\" id=\"m_mt_revue_de\" min=\"0\" max=\"100000\" aria-invalid=\"false\" value=\"\" type=\"text\" name=\"mt-revue-de\" \/><\/span><\/label>\n\t\t\t<\/p>\n\t\t<\/td>\n\t<\/tr>\n\t<tr>\n\t\t<td>\n\t\t\t<p>&#x25CF; 11. Ex-voto (40\u20ac)<br \/>\ntexte (max 5 mots + date ou ann\u00e9e + nom ou initiale)\n\t\t\t<\/p>\n\t\t<\/td>\n\t\t<td>\n\t\t\t<p><label><span class=\"wpcf7-form-control-wrap\" data-name=\"infos-exvoto\"><input size=\"40\" maxlength=\"400\" class=\"wpcf7-form-control wpcf7-text\" aria-invalid=\"false\" value=\"\" type=\"text\" name=\"infos-exvoto\" \/><\/span><\/label>\n\t\t\t<\/p>\n\t\t<\/td>\n\t\t<td>\n\t\t\t<p><label><span class=\"wpcf7-form-control-wrap mt-exvoto\"><input class=\"wpcf7-form-control wpcf7-numberstepfloat wpcf7-validates-as-number-decimal\" id=\"m_mt_exvoto\" min=\"0\" max=\"100000\" aria-invalid=\"false\" value=\"\" type=\"text\" name=\"mt-exvoto\" \/><\/span><\/label>\n\t\t\t<\/p>\n\t\t<\/td>\n\t<\/tr>\n\t<tr>\n\t\t<td>\n\t\t\t<p>&#x25CF; 12. Autre\n\t\t\t<\/p>\n\t\t<\/td>\n\t\t<td>\n\t\t\t<p><label><span class=\"wpcf7-form-control-wrap\" data-name=\"info-don-autres\"><input size=\"40\" maxlength=\"400\" class=\"wpcf7-form-control wpcf7-text\" aria-invalid=\"false\" value=\"\" type=\"text\" name=\"info-don-autres\" \/><\/span><\/label>\n\t\t\t<\/p>\n\t\t<\/td>\n\t\t<td>\n\t\t\t<p><label><span class=\"wpcf7-form-control-wrap mt-don-autre\"><input class=\"wpcf7-form-control wpcf7-numberstepfloat wpcf7-validates-as-number-decimal\" id=\"m_mt_don_autre\" min=\"0\" max=\"100000\" aria-invalid=\"false\" value=\"\" type=\"text\" name=\"mt-don-autre\" \/><\/span><\/label>\n\t\t\t<\/p>\n\t\t<\/td>\n\t<\/tr>\n<\/table>\n<tr>\n<label> <span style=\"width:100%\" style=\"height:50px\"><u>Remarque<\/u><br \/>\n<span class=\"wpcf7-form-control-wrap\" data-name=\"remarque-donateur\"><textarea cols=\"40\" rows=\"10\" maxlength=\"2000\" class=\"wpcf7-form-control wpcf7-textarea\" aria-invalid=\"false\" name=\"remarque-donateur\"><\/textarea><\/span> <\/span><\/label>\n<\/tr>\n<p><label> Votre r\u00e9f\u00e9rence<br \/>\n<span class=\"wpcf7-form-control-wrap\" data-name=\"ORDERID\"><input size=\"40\" maxlength=\"400\" class=\"wpcf7-form-control wpcf7-text\" id=\"m_orderid\" aria-invalid=\"false\" value=\"\" type=\"text\" name=\"ORDERID\" \/><\/span> <\/label>\n<\/p>\n<p><label> Montant<br \/>\n<span class=\"wpcf7-form-control-wrap montant\"><input class=\"wpcf7-form-control wpcf7-numberstepfloat wpcf7-validates-as-number-decimal\" id=\"m_montant_tot\" min=\"0\" max=\"100000\" readonly=\"readonly\" aria-invalid=\"false\" value=\"\" type=\"text\" name=\"montant\" \/><\/span> <\/label>\n<\/p>\n<p><span class=\"wpcf7-form-control-wrap\" data-name=\"verifok\"><span class=\"wpcf7-form-control wpcf7-acceptance\"><span class=\"wpcf7-list-item\"><label><input type=\"checkbox\" name=\"verifok\" value=\"1\" aria-invalid=\"false\" \/><span class=\"wpcf7-list-item-label\">J'ai bien v\u00e9rifi\u00e9 que les informations obligatoires sont remplies correctement<\/span><\/label><\/span><\/span><\/span>\n<\/p>\n<input class=\"wpcf7-form-control wpcf7-hidden\" value=\"SanctuaireBNDR\" type=\"hidden\" name=\"PSPID\" \/>\n<input class=\"wpcf7-form-control wpcf7-hidden\" value=\"\" type=\"hidden\" name=\"AMOUNT\" \/>\n<input class=\"wpcf7-form-control wpcf7-hidden\" value=\"EUR\" type=\"hidden\" name=\"CURRENCY\" \/>\n<input class=\"wpcf7-form-control wpcf7-hidden\" value=\"fr\" type=\"hidden\" name=\"LANGUAGE\" \/>\n<input class=\"wpcf7-form-control wpcf7-hidden\" value=\"\" type=\"hidden\" name=\"SHASIGN\" \/>\n<p><input class=\"wpcf7-form-control wpcf7-submit has-spinner\" type=\"submit\" value=\"Envoyer\" \/>\n<\/p>\n<p>Envoyer = transmission infos vers page paiement<br \/>\nEn cas de probl\u00e8me, contacter economat@banneux-nd.be ou t\u00e9l +32 (0)4 360 02 22\n<\/p><p style=\"display: none !important;\" class=\"akismet-fields-container\" data-prefix=\"_wpcf7_ak_\"><label>&#916;<textarea name=\"_wpcf7_ak_hp_textarea\" cols=\"45\" rows=\"8\" maxlength=\"100\"><\/textarea><\/label><input type=\"hidden\" id=\"ak_js_1\" name=\"_wpcf7_ak_js\" value=\"114\"\/><script>document.getElementById( \"ak_js_1\" ).setAttribute( \"value\", ( new Date() ).getTime() );<\/script><\/p><div class=\"wpcf7-response-output\" aria-hidden=\"true\"><\/div>\n<\/form>\n<\/div>\n\n\n\n\n<script>\ndocument.addEventListener( 'wpcf7mailsent', function( event ) {\n    location = 'https:\/\/banneux-nd.be\/paypage.html';\n}, false );\nvar d = new Date();\n\/\/d = Date().now;\n  var order = (d.getFullYear()).toString().concat((\"0\"+(d.getMonth()).toString()).slice(-2),(\"0\"+(d.getDate()).toString()).slice(-2),(d.getHours()).toString(),(\"0\"+(d.getMinutes()).toString()).slice(-2),(d.getMilliseconds().toString()));\njQuery(document).ready(function(){\n\/* !!!!! attention !!!!!!!\nIl ne faut surtout pas initialiser les variables de mani\u00e8re num\u00e9rique pour des variables destin\u00e9es \u00e0 \u00eatre remplies par un formulaire \u00e0 l'\u00e9cran sinon la variable est du type number apr\u00e8s initialisation mais devient string apr\u00e8s avoir tap\u00e9 quelque chose dans la zone \u00e0 l'\u00e9cran et il est difficile de totaliser des variables de types diff\u00e9rents.\nEn les gardant toutes en string, il suffit de totaliser les valeurs de Number(nom-variables)\n---> SURTOUT PAS : var m_mt_hospit = 0.0 ...  ;  var m_montant_tot = 0.0; *\/\nvar m_mt_hospit = \"0.0\"; var m_mt_sanctuaire = \"0.0\"; var m_mt_statue = \"0.0\";\nvar m_mt_bougie = \"0.0\"; var m_mt_calendrier = \"0.0\"; m_mt_messe_sans_date = \"0.0\";\nvar m_mt_messe_avec_date = \"0.0\"; var m_mt_neuvaine = \"0.0\"; var m_mt_trentain = \"0.0\";\nvar m_mt_revue_fr = \"0.0\"; var m_mt_revue_nl = \"0.0\"; var m_mt_revue_de = \"0.0\";\nvar m_mt_exvoto = \"0.0\"; var m_mt_don_autre = \"0.0\";\nvar m_montant_tot = \"0.0\";\nfunction myTotal() {\n  return (Number(m_mt_hospit.replace(',', '.')) + Number(m_mt_sanctuaire.replace(',', '.')) + Number(m_mt_statue.replace(',', '.')) + Number(m_mt_bougie.replace(',', '.')) + Number(m_mt_calendrier.replace(',', '.')) + Number(m_mt_messe_sans_date.replace(',', '.')) + Number(m_mt_messe_avec_date.replace(',', '.')) + Number(m_mt_neuvaine.replace(',', '.')) + Number(m_mt_trentain.replace(',', '.')) + Number(m_mt_revue_fr.replace(',', '.')) + Number(m_mt_revue_nl.replace(',', '.')) + Number(m_mt_revue_de.replace(',', '.')) + Number(m_mt_exvoto.replace(',', '.')) + Number(m_mt_don_autre.replace(',', '.')))\n}\n\njQuery(\"#m_nom\").focus(function() {\n  jQuery(\"#m_orderid\").val(order);\n});\n\njQuery(\"#m_mt_hospit\").on(\"change\", function() {\n m_mt_hospit= this.value ;\n\/\/ alert(\"mt_hospit \".concat(m_mt_hospit));\nm_montant_tot= myTotal();\njQuery(\"#m_montant_tot\").val(m_montant_tot.toFixed(2));\n}); \njQuery(\"#m_mt_sanctuaire\").on(\"change\", function() {\n m_mt_sanctuaire= this.value ;\n m_montant_tot= myTotal();\njQuery(\"#m_montant_tot\").val(m_montant_tot.toFixed(2));\n}); \njQuery(\"#m_mt_statue\").on(\"change\", function() {\n m_mt_statue= this.value ;\n m_montant_tot= myTotal();\njQuery(\"#m_montant_tot\").val(m_montant_tot.toFixed(2));\n}); \njQuery(\"#m_mt_bougie\").on(\"change\", function() {\n m_mt_bougie= this.value ;\n m_montant_tot= myTotal();\njQuery(\"#m_montant_tot\").val(m_montant_tot.toFixed(2));\n}); \njQuery(\"#m_mt_calendrier\").on(\"change\", function() {\n m_mt_calendrier= this.value ;\n m_montant_tot= myTotal();\njQuery(\"#m_montant_tot\").val(m_montant_tot.toFixed(2));\n}); \njQuery(\"#m_mt_messe_sans_date\").on(\"change\", function() {\n m_mt_messe_sans_date= this.value ;\n m_montant_tot= myTotal();\njQuery(\"#m_montant_tot\").val(m_montant_tot.toFixed(2));\n}); \njQuery(\"#m_mt_messe_avec_date\").on(\"change\", function() {\n m_mt_messe_avec_date= this.value ;\n m_montant_tot= myTotal();\njQuery(\"#m_montant_tot\").val(m_montant_tot.toFixed(2));\n});  \njQuery(\"#m_mt_neuvaine\").on(\"change\", function() {\n m_mt_neuvaine= this.value ;\n m_montant_tot= myTotal();\njQuery(\"#m_montant_tot\").val(m_montant_tot.toFixed(2));\n});  \njQuery(\"#m_mt_trentain\").on(\"change\", function() {\n m_mt_trentain= this.value ;\n m_montant_tot= myTotal();\njQuery(\"#m_montant_tot\").val(m_montant_tot.toFixed(2));\n});  \njQuery(\"#m_mt_revue_fr\").on(\"change\", function() {\n m_mt_revue_fr= this.value ;\n m_montant_tot= myTotal();\njQuery(\"#m_montant_tot\").val(m_montant_tot.toFixed(2));\n});  \njQuery(\"#m_mt_revue_nl\").on(\"change\", function() {\n m_mt_revue_nl = this.value ;\n m_montant_tot= myTotal();\njQuery(\"#m_montant_tot\").val(m_montant_tot.toFixed(2));\n});  \njQuery(\"#m_mt_revue_de\").on(\"change\", function() {\n m_mt_revue_de= this.value ;\n m_montant_tot= myTotal();\njQuery(\"#m_montant_tot\").val(m_montant_tot.toFixed(2));\n});  \njQuery(\"#m_mt_exvoto\").on(\"change\", function() {\n m_mt_exvoto= this.value ;\n m_montant_tot= myTotal();\njQuery(\"#m_montant_tot\").val(m_montant_tot.toFixed(2));\n});  \njQuery(\"#m_mt_don_autre\").on(\"change\", function() {\n m_mt_don_autre= this.value ;\n m_montant_tot= myTotal();\njQuery(\"#m_montant_tot\").val(m_montant_tot.toFixed(2));\n});  \n});\n<\/script>\n","protected":false},"excerpt":{"rendered":"","protected":false},"author":2,"featured_media":0,"parent":0,"menu_order":0,"comment_status":"closed","ping_status":"closed","template":"page_10.php","meta":{"advgb_blocks_editor_width":"","advgb_blocks_columns_visual_guide":"","jetpack_post_was_ever_published":false,"footnotes":""},"class_list":["post-13509","page","type-page","status-publish","hentry"],"yoast_head":"<!-- This site is optimized with the Yoast SEO plugin v27.4 - https:\/\/yoast.com\/product\/yoast-seo-wordpress\/ -->\n<title>Dons et offrandes en ligne - Banneux Notre-Dame<\/title>\n<meta name=\"robots\" content=\"noindex, nofollow\" \/>\n<meta property=\"og:locale\" content=\"fr_FR\" \/>\n<meta property=\"og:type\" content=\"article\" \/>\n<meta property=\"og:title\" content=\"Dons et offrandes en ligne - Banneux Notre-Dame\" \/>\n<meta property=\"og:url\" content=\"https:\/\/banneux-nd.be\/fr\/dons-en-ligne\/\" \/>\n<meta property=\"og:site_name\" content=\"Banneux Notre-Dame\" \/>\n<meta property=\"article:publisher\" content=\"https:\/\/www.facebook.com\/NDBanneux\/\" \/>\n<meta property=\"article:modified_time\" content=\"2021-06-16T22:34:57+00:00\" \/>\n<meta name=\"twitter:card\" content=\"summary_large_image\" \/>\n<meta name=\"twitter:label1\" content=\"Dur\u00e9e de lecture estim\u00e9e\" \/>\n\t<meta name=\"twitter:data1\" content=\"1 minute\" \/>\n<script type=\"application\/ld+json\" class=\"yoast-schema-graph\">{\"@context\":\"https:\\\/\\\/schema.org\",\"@graph\":[{\"@type\":\"WebPage\",\"@id\":\"https:\\\/\\\/banneux-nd.be\\\/fr\\\/dons-en-ligne\\\/\",\"url\":\"https:\\\/\\\/banneux-nd.be\\\/fr\\\/dons-en-ligne\\\/\",\"name\":\"Dons et offrandes en ligne - Banneux Notre-Dame\",\"isPartOf\":{\"@id\":\"https:\\\/\\\/banneux-nd.be\\\/fr\\\/#website\"},\"datePublished\":\"2020-06-12T22:03:38+00:00\",\"dateModified\":\"2021-06-16T22:34:57+00:00\",\"breadcrumb\":{\"@id\":\"https:\\\/\\\/banneux-nd.be\\\/fr\\\/dons-en-ligne\\\/#breadcrumb\"},\"inLanguage\":\"fr-FR\",\"potentialAction\":[{\"@type\":\"ReadAction\",\"target\":[\"https:\\\/\\\/banneux-nd.be\\\/fr\\\/dons-en-ligne\\\/\"]}]},{\"@type\":\"BreadcrumbList\",\"@id\":\"https:\\\/\\\/banneux-nd.be\\\/fr\\\/dons-en-ligne\\\/#breadcrumb\",\"itemListElement\":[{\"@type\":\"ListItem\",\"position\":1,\"name\":\"Accueil\",\"item\":\"https:\\\/\\\/banneux-nd.be\\\/fr\\\/\"},{\"@type\":\"ListItem\",\"position\":2,\"name\":\"Dons et offrandes en ligne\"}]},{\"@type\":\"WebSite\",\"@id\":\"https:\\\/\\\/banneux-nd.be\\\/fr\\\/#website\",\"url\":\"https:\\\/\\\/banneux-nd.be\\\/fr\\\/\",\"name\":\"Banneux Notre-Dame\",\"description\":\"Sanctuaire de la Vierge des Pauvres (Belgique)\",\"potentialAction\":[{\"@type\":\"SearchAction\",\"target\":{\"@type\":\"EntryPoint\",\"urlTemplate\":\"https:\\\/\\\/banneux-nd.be\\\/fr\\\/?s={search_term_string}\"},\"query-input\":{\"@type\":\"PropertyValueSpecification\",\"valueRequired\":true,\"valueName\":\"search_term_string\"}}],\"inLanguage\":\"fr-FR\"}]}<\/script>\n<!-- \/ Yoast SEO plugin. -->","yoast_head_json":{"title":"Dons et offrandes en ligne - Banneux Notre-Dame","robots":{"index":"noindex","follow":"nofollow"},"og_locale":"fr_FR","og_type":"article","og_title":"Dons et offrandes en ligne - Banneux Notre-Dame","og_url":"https:\/\/banneux-nd.be\/fr\/dons-en-ligne\/","og_site_name":"Banneux Notre-Dame","article_publisher":"https:\/\/www.facebook.com\/NDBanneux\/","article_modified_time":"2021-06-16T22:34:57+00:00","twitter_card":"summary_large_image","twitter_misc":{"Dur\u00e9e de lecture estim\u00e9e":"1 minute"},"schema":{"@context":"https:\/\/schema.org","@graph":[{"@type":"WebPage","@id":"https:\/\/banneux-nd.be\/fr\/dons-en-ligne\/","url":"https:\/\/banneux-nd.be\/fr\/dons-en-ligne\/","name":"Dons et offrandes en ligne - Banneux Notre-Dame","isPartOf":{"@id":"https:\/\/banneux-nd.be\/fr\/#website"},"datePublished":"2020-06-12T22:03:38+00:00","dateModified":"2021-06-16T22:34:57+00:00","breadcrumb":{"@id":"https:\/\/banneux-nd.be\/fr\/dons-en-ligne\/#breadcrumb"},"inLanguage":"fr-FR","potentialAction":[{"@type":"ReadAction","target":["https:\/\/banneux-nd.be\/fr\/dons-en-ligne\/"]}]},{"@type":"BreadcrumbList","@id":"https:\/\/banneux-nd.be\/fr\/dons-en-ligne\/#breadcrumb","itemListElement":[{"@type":"ListItem","position":1,"name":"Accueil","item":"https:\/\/banneux-nd.be\/fr\/"},{"@type":"ListItem","position":2,"name":"Dons et offrandes en ligne"}]},{"@type":"WebSite","@id":"https:\/\/banneux-nd.be\/fr\/#website","url":"https:\/\/banneux-nd.be\/fr\/","name":"Banneux Notre-Dame","description":"Sanctuaire de la Vierge des Pauvres (Belgique)","potentialAction":[{"@type":"SearchAction","target":{"@type":"EntryPoint","urlTemplate":"https:\/\/banneux-nd.be\/fr\/?s={search_term_string}"},"query-input":{"@type":"PropertyValueSpecification","valueRequired":true,"valueName":"search_term_string"}}],"inLanguage":"fr-FR"}]}},"coauthors":[],"author_meta":{"author_link":"https:\/\/banneux-nd.be\/fr\/author\/adminfr\/","display_name":"adminFR"},"relative_dates":{"created":"Publi\u00e9 6 ans il y a","modified":"Mis \u00e0 jour 5 ans il y a"},"absolute_dates":{"created":"Publi\u00e9 le 06\/13\/2020","modified":"Mise \u00e0 jour le 06\/17\/2021"},"absolute_dates_time":{"created":"Publi\u00e9 le 06\/13\/2020 0 h 03 min","modified":"Mise \u00e0 jour le 06\/17\/2021 0 h 34 min"},"featured_img_caption":"","featured_img":false,"series_order":"","jetpack_sharing_enabled":true,"_links":{"self":[{"href":"https:\/\/banneux-nd.be\/fr\/wp-json\/wp\/v2\/pages\/13509","targetHints":{"allow":["GET"]}}],"collection":[{"href":"https:\/\/banneux-nd.be\/fr\/wp-json\/wp\/v2\/pages"}],"about":[{"href":"https:\/\/banneux-nd.be\/fr\/wp-json\/wp\/v2\/types\/page"}],"author":[{"embeddable":true,"href":"https:\/\/banneux-nd.be\/fr\/wp-json\/wp\/v2\/users\/2"}],"replies":[{"embeddable":true,"href":"https:\/\/banneux-nd.be\/fr\/wp-json\/wp\/v2\/comments?post=13509"}],"version-history":[{"count":100,"href":"https:\/\/banneux-nd.be\/fr\/wp-json\/wp\/v2\/pages\/13509\/revisions"}],"predecessor-version":[{"id":20458,"href":"https:\/\/banneux-nd.be\/fr\/wp-json\/wp\/v2\/pages\/13509\/revisions\/20458"}],"wp:attachment":[{"href":"https:\/\/banneux-nd.be\/fr\/wp-json\/wp\/v2\/media?parent=13509"}],"curies":[{"name":"wp","href":"https:\/\/api.w.org\/{rel}","templated":true}]}}