{"id":1378,"date":"2015-07-20T08:56:23","date_gmt":"2015-07-20T06:56:23","guid":{"rendered":"http:\/\/wwwwp.banneux-nd.be\/prendre-un-temps-dadoration\/"},"modified":"2018-04-12T21:11:30","modified_gmt":"2018-04-12T19:11:30","slug":"adoration","status":"publish","type":"page","link":"https:\/\/banneux-nd.be\/fr\/adoration\/","title":{"rendered":"Adoration du Saint-Sacrement"},"content":{"rendered":"<p><img fetchpriority=\"high\" decoding=\"async\" class=\"aligncenter wp-image-6582 size-full\" src=\"https:\/\/banneux-nd.be\/wp-content\/uploads\/2018\/04\/2015-10-10-Banneux-Paix-86-Copie-e1523264044343.jpg\" alt=\"\" width=\"1197\" height=\"810\" srcset=\"https:\/\/banneux-nd.be\/wp-content\/uploads\/2018\/04\/2015-10-10-Banneux-Paix-86-Copie-e1523264044343.jpg 1197w, https:\/\/banneux-nd.be\/wp-content\/uploads\/2018\/04\/2015-10-10-Banneux-Paix-86-Copie-e1523264044343-300x203.jpg 300w, https:\/\/banneux-nd.be\/wp-content\/uploads\/2018\/04\/2015-10-10-Banneux-Paix-86-Copie-e1523264044343-768x520.jpg 768w, https:\/\/banneux-nd.be\/wp-content\/uploads\/2018\/04\/2015-10-10-Banneux-Paix-86-Copie-e1523264044343-1024x693.jpg 1024w\" sizes=\"(max-width: 1197px) 100vw, 1197px\" \/><\/p>\n<p style=\"text-align: justify;\"><em>Cette source est pour toutes les nations<\/em> dit Marie \u00e0 Mariette le 19 janvier 1933. L\u2019allusion au bapt\u00eame chr\u00e9tien est tr\u00e8s claire. \u00ab\u00a0Toutes les nations\u00a0\u00bb sont appel\u00e9es \u00e0 entrer dans l\u2019unique peuple de Dieu gr\u00e2ce \u00e0 la proclamation de l\u2019\u00c9vangile et au bapt\u00eame.<\/p>\n<p style=\"text-align: justify;\">Le 30 janvier de la m\u00eame ann\u00e9e, Adolf Hitler et son parti nationaliste arrivent au pouvoir\u00a0: une id\u00e9ologie mortif\u00e8re va gangrener certaines nations et conduire \u00e0 la catastrophe de la deuxi\u00e8me guerre mondiale. L\u2019\u00e9gale dignit\u00e9 des nations est ni\u00e9e.<\/p>\n<p style=\"text-align: justify;\">Apr\u00e8s la guerre, le chapelain Georges Jacob reconna\u00eet et promeut le caract\u00e8re international de Banneux. Le message de la Vierge des Pauvres invite \u00e0 prier avec pers\u00e9v\u00e9rance pour la paix entre les nations et l\u2019unification de l\u2019Europe. Il trouve dans le chancelier allemand, Konrad Adenauer, un alli\u00e9 de choix.<\/p>\n<p style=\"text-align: justify;\">La <strong>chapelle Saint-Michel et Sainte-Jeanne-d\u2019Arc<\/strong> est, depuis 1960, un lieu de pri\u00e8re pour la justice et la paix dans le monde.<\/p>\n<p style=\"text-align: justify;\">Durant toute la saison des p\u00e8lerinages, elle est le lieu de l\u2019adoration silencieuse. Les yeux fix\u00e9s sur J\u00e9sus, Prince de la Paix, ceux qui le d\u00e9sirent ont l\u2019occasion de prier longuement pour les pays en guerre, les peuples \u00e9prouv\u00e9s par la mis\u00e8re et l\u2019injustice criante, pour l\u2019entente et la fraternit\u00e9 entre les hommes.<\/p>\n<p style=\"text-align: justify;\"><strong>Adoration silencieuse tous les jours entre 9h et 17h30\u00a0:<\/strong><\/p>\n<ul style=\"text-align: justify;\">\n<li>En saison\u00a0: \u00e0 la chapelle Saint-Michel<\/li>\n<li>Hors saison\u00a0: \u00e0 la chapelle de la Croix.<\/li>\n<\/ul>\n<p style=\"text-align: justify;\"><strong><em>Vierge des Pauvres, sauve les nations\u00a0!<\/em><\/strong><\/p>\n<p style=\"text-align: justify;\"><em>Je vis une foule immense que nul ne pouvait d\u00e9nombrer, de toutes nations, tribus, peuples et langues. Ils se tenaient debout devant le tr\u00f4ne et l\u2019agneau\u2026 et ador\u00e8rent Dieu<\/em> (Apocalypse 7, 9\u202611)<\/p>\n<p style=\"text-align: justify;\">\n","protected":false},"excerpt":{"rendered":"<p>Cette source est pour toutes les nations dit Marie \u00e0 Mariette le 19 janvier 1933. L\u2019allusion au bapt\u00eame chr\u00e9tien est tr\u00e8s claire. \u00ab\u00a0Toutes les nations\u00a0\u00bb sont appel\u00e9es \u00e0 entrer dans l\u2019unique peuple de Dieu gr\u00e2ce \u00e0 la proclamation de l\u2019\u00c9vangile et au bapt\u00eame. Le 30 janvier de la m\u00eame ann\u00e9e, Adolf Hitler et son parti nationaliste arrivent au pouvoir\u00a0: une id\u00e9ologie mortif\u00e8re va gangrener certaines nations et conduire \u00e0 la catastrophe de la deuxi\u00e8me guerre mondiale. L\u2019\u00e9gale dignit\u00e9 des nations est ni\u00e9e. Apr\u00e8s la guerre, le chapelain Georges Jacob reconna\u00eet et promeut le caract\u00e8re international de Banneux. Le message de la Vierge des Pauvres invite \u00e0 prier avec pers\u00e9v\u00e9rance pour la paix entre les nations et l\u2019unification de l\u2019Europe. Il [&hellip;]<\/p>\n","protected":false},"author":2,"featured_media":0,"parent":0,"menu_order":0,"comment_status":"closed","ping_status":"closed","template":"","meta":{"advgb_blocks_editor_width":"","advgb_blocks_columns_visual_guide":"","jetpack_post_was_ever_published":false,"footnotes":""},"class_list":["post-1378","page","type-page","status-publish","hentry"],"yoast_head":"<!-- This site is optimized with the Yoast SEO plugin v27.3 - https:\/\/yoast.com\/product\/yoast-seo-wordpress\/ -->\n<title>Adoration du Saint-Sacrement - Banneux Notre-Dame<\/title>\n<meta name=\"robots\" content=\"index, follow, max-snippet:-1, max-image-preview:large, max-video-preview:-1\" \/>\n<link rel=\"canonical\" href=\"https:\/\/banneux-nd.be\/fr\/adoration\/\" \/>\n<meta property=\"og:locale\" content=\"fr_FR\" \/>\n<meta property=\"og:type\" content=\"article\" \/>\n<meta property=\"og:title\" content=\"Adoration du Saint-Sacrement - Banneux Notre-Dame\" \/>\n<meta property=\"og:description\" content=\"Cette source est pour toutes les nations dit Marie \u00e0 Mariette le 19 janvier 1933. L\u2019allusion au bapt\u00eame chr\u00e9tien est tr\u00e8s claire. \u00ab\u00a0Toutes les nations\u00a0\u00bb sont appel\u00e9es \u00e0 entrer dans l\u2019unique peuple de Dieu gr\u00e2ce \u00e0 la proclamation de l\u2019\u00c9vangile et au bapt\u00eame. Le 30 janvier de la m\u00eame ann\u00e9e, Adolf Hitler et son parti nationaliste arrivent au pouvoir\u00a0: une id\u00e9ologie mortif\u00e8re va gangrener certaines nations et conduire \u00e0 la catastrophe de la deuxi\u00e8me guerre mondiale. L\u2019\u00e9gale dignit\u00e9 des nations est ni\u00e9e. Apr\u00e8s la guerre, le chapelain Georges Jacob reconna\u00eet et promeut le caract\u00e8re international de Banneux. Le message de la Vierge des Pauvres invite \u00e0 prier avec pers\u00e9v\u00e9rance pour la paix entre les nations et l\u2019unification de l\u2019Europe. Il [&hellip;]\" \/>\n<meta property=\"og:url\" content=\"https:\/\/banneux-nd.be\/fr\/adoration\/\" \/>\n<meta property=\"og:site_name\" content=\"Banneux Notre-Dame\" \/>\n<meta property=\"article:publisher\" content=\"https:\/\/www.facebook.com\/NDBanneux\/\" \/>\n<meta property=\"article:modified_time\" content=\"2018-04-12T19:11:30+00:00\" \/>\n<meta property=\"og:image\" content=\"https:\/\/banneux-nd.be\/wp-content\/uploads\/2018\/04\/2015-10-10-Banneux-Paix-86-Copie-e1523264044343.jpg\" \/>\n<meta name=\"twitter:card\" content=\"summary_large_image\" \/>\n<meta name=\"twitter:label1\" content=\"Dur\u00e9e de lecture estim\u00e9e\" \/>\n\t<meta name=\"twitter:data1\" content=\"1 minute\" \/>\n<script type=\"application\/ld+json\" class=\"yoast-schema-graph\">{\"@context\":\"https:\\\/\\\/schema.org\",\"@graph\":[{\"@type\":\"WebPage\",\"@id\":\"https:\\\/\\\/banneux-nd.be\\\/fr\\\/adoration\\\/\",\"url\":\"https:\\\/\\\/banneux-nd.be\\\/fr\\\/adoration\\\/\",\"name\":\"Adoration du Saint-Sacrement - Banneux Notre-Dame\",\"isPartOf\":{\"@id\":\"https:\\\/\\\/banneux-nd.be\\\/fr\\\/#website\"},\"primaryImageOfPage\":{\"@id\":\"https:\\\/\\\/banneux-nd.be\\\/fr\\\/adoration\\\/#primaryimage\"},\"image\":{\"@id\":\"https:\\\/\\\/banneux-nd.be\\\/fr\\\/adoration\\\/#primaryimage\"},\"thumbnailUrl\":\"https:\\\/\\\/banneux-nd.be\\\/wp-content\\\/uploads\\\/2018\\\/04\\\/2015-10-10-Banneux-Paix-86-Copie-e1523264044343.jpg\",\"datePublished\":\"2015-07-20T06:56:23+00:00\",\"dateModified\":\"2018-04-12T19:11:30+00:00\",\"breadcrumb\":{\"@id\":\"https:\\\/\\\/banneux-nd.be\\\/fr\\\/adoration\\\/#breadcrumb\"},\"inLanguage\":\"fr-FR\",\"potentialAction\":[{\"@type\":\"ReadAction\",\"target\":[\"https:\\\/\\\/banneux-nd.be\\\/fr\\\/adoration\\\/\"]}]},{\"@type\":\"ImageObject\",\"inLanguage\":\"fr-FR\",\"@id\":\"https:\\\/\\\/banneux-nd.be\\\/fr\\\/adoration\\\/#primaryimage\",\"url\":\"https:\\\/\\\/banneux-nd.be\\\/wp-content\\\/uploads\\\/2018\\\/04\\\/2015-10-10-Banneux-Paix-86-Copie-e1523264044343.jpg\",\"contentUrl\":\"https:\\\/\\\/banneux-nd.be\\\/wp-content\\\/uploads\\\/2018\\\/04\\\/2015-10-10-Banneux-Paix-86-Copie-e1523264044343.jpg\"},{\"@type\":\"BreadcrumbList\",\"@id\":\"https:\\\/\\\/banneux-nd.be\\\/fr\\\/adoration\\\/#breadcrumb\",\"itemListElement\":[{\"@type\":\"ListItem\",\"position\":1,\"name\":\"Accueil\",\"item\":\"https:\\\/\\\/banneux-nd.be\\\/fr\\\/\"},{\"@type\":\"ListItem\",\"position\":2,\"name\":\"Adoration du Saint-Sacrement\"}]},{\"@type\":\"WebSite\",\"@id\":\"https:\\\/\\\/banneux-nd.be\\\/fr\\\/#website\",\"url\":\"https:\\\/\\\/banneux-nd.be\\\/fr\\\/\",\"name\":\"Banneux Notre-Dame\",\"description\":\"Sanctuaire de la Vierge des Pauvres (Belgique)\",\"potentialAction\":[{\"@type\":\"SearchAction\",\"target\":{\"@type\":\"EntryPoint\",\"urlTemplate\":\"https:\\\/\\\/banneux-nd.be\\\/fr\\\/?s={search_term_string}\"},\"query-input\":{\"@type\":\"PropertyValueSpecification\",\"valueRequired\":true,\"valueName\":\"search_term_string\"}}],\"inLanguage\":\"fr-FR\"}]}<\/script>\n<!-- \/ Yoast SEO plugin. -->","yoast_head_json":{"title":"Adoration du Saint-Sacrement - Banneux Notre-Dame","robots":{"index":"index","follow":"follow","max-snippet":"max-snippet:-1","max-image-preview":"max-image-preview:large","max-video-preview":"max-video-preview:-1"},"canonical":"https:\/\/banneux-nd.be\/fr\/adoration\/","og_locale":"fr_FR","og_type":"article","og_title":"Adoration du Saint-Sacrement - Banneux Notre-Dame","og_description":"Cette source est pour toutes les nations dit Marie \u00e0 Mariette le 19 janvier 1933. L\u2019allusion au bapt\u00eame chr\u00e9tien est tr\u00e8s claire. \u00ab\u00a0Toutes les nations\u00a0\u00bb sont appel\u00e9es \u00e0 entrer dans l\u2019unique peuple de Dieu gr\u00e2ce \u00e0 la proclamation de l\u2019\u00c9vangile et au bapt\u00eame. Le 30 janvier de la m\u00eame ann\u00e9e, Adolf Hitler et son parti nationaliste arrivent au pouvoir\u00a0: une id\u00e9ologie mortif\u00e8re va gangrener certaines nations et conduire \u00e0 la catastrophe de la deuxi\u00e8me guerre mondiale. L\u2019\u00e9gale dignit\u00e9 des nations est ni\u00e9e. Apr\u00e8s la guerre, le chapelain Georges Jacob reconna\u00eet et promeut le caract\u00e8re international de Banneux. Le message de la Vierge des Pauvres invite \u00e0 prier avec pers\u00e9v\u00e9rance pour la paix entre les nations et l\u2019unification de l\u2019Europe. Il [&hellip;]","og_url":"https:\/\/banneux-nd.be\/fr\/adoration\/","og_site_name":"Banneux Notre-Dame","article_publisher":"https:\/\/www.facebook.com\/NDBanneux\/","article_modified_time":"2018-04-12T19:11:30+00:00","og_image":[{"url":"https:\/\/banneux-nd.be\/wp-content\/uploads\/2018\/04\/2015-10-10-Banneux-Paix-86-Copie-e1523264044343.jpg","type":"","width":"","height":""}],"twitter_card":"summary_large_image","twitter_misc":{"Dur\u00e9e de lecture estim\u00e9e":"1 minute"},"schema":{"@context":"https:\/\/schema.org","@graph":[{"@type":"WebPage","@id":"https:\/\/banneux-nd.be\/fr\/adoration\/","url":"https:\/\/banneux-nd.be\/fr\/adoration\/","name":"Adoration du Saint-Sacrement - Banneux Notre-Dame","isPartOf":{"@id":"https:\/\/banneux-nd.be\/fr\/#website"},"primaryImageOfPage":{"@id":"https:\/\/banneux-nd.be\/fr\/adoration\/#primaryimage"},"image":{"@id":"https:\/\/banneux-nd.be\/fr\/adoration\/#primaryimage"},"thumbnailUrl":"https:\/\/banneux-nd.be\/wp-content\/uploads\/2018\/04\/2015-10-10-Banneux-Paix-86-Copie-e1523264044343.jpg","datePublished":"2015-07-20T06:56:23+00:00","dateModified":"2018-04-12T19:11:30+00:00","breadcrumb":{"@id":"https:\/\/banneux-nd.be\/fr\/adoration\/#breadcrumb"},"inLanguage":"fr-FR","potentialAction":[{"@type":"ReadAction","target":["https:\/\/banneux-nd.be\/fr\/adoration\/"]}]},{"@type":"ImageObject","inLanguage":"fr-FR","@id":"https:\/\/banneux-nd.be\/fr\/adoration\/#primaryimage","url":"https:\/\/banneux-nd.be\/wp-content\/uploads\/2018\/04\/2015-10-10-Banneux-Paix-86-Copie-e1523264044343.jpg","contentUrl":"https:\/\/banneux-nd.be\/wp-content\/uploads\/2018\/04\/2015-10-10-Banneux-Paix-86-Copie-e1523264044343.jpg"},{"@type":"BreadcrumbList","@id":"https:\/\/banneux-nd.be\/fr\/adoration\/#breadcrumb","itemListElement":[{"@type":"ListItem","position":1,"name":"Accueil","item":"https:\/\/banneux-nd.be\/fr\/"},{"@type":"ListItem","position":2,"name":"Adoration du Saint-Sacrement"}]},{"@type":"WebSite","@id":"https:\/\/banneux-nd.be\/fr\/#website","url":"https:\/\/banneux-nd.be\/fr\/","name":"Banneux Notre-Dame","description":"Sanctuaire de la Vierge des Pauvres (Belgique)","potentialAction":[{"@type":"SearchAction","target":{"@type":"EntryPoint","urlTemplate":"https:\/\/banneux-nd.be\/fr\/?s={search_term_string}"},"query-input":{"@type":"PropertyValueSpecification","valueRequired":true,"valueName":"search_term_string"}}],"inLanguage":"fr-FR"}]}},"coauthors":[],"author_meta":{"author_link":"https:\/\/banneux-nd.be\/fr\/author\/adminfr\/","display_name":"adminFR"},"relative_dates":{"created":"Publi\u00e9 11 ans il y a","modified":"Mis \u00e0 jour 8 ans il y a"},"absolute_dates":{"created":"Publi\u00e9 le 07\/20\/2015","modified":"Mise \u00e0 jour le 04\/12\/2018"},"absolute_dates_time":{"created":"Publi\u00e9 le 07\/20\/2015 8 h 56 min","modified":"Mise \u00e0 jour le 04\/12\/2018 21 h 11 min"},"featured_img_caption":"","featured_img":false,"series_order":"","jetpack_sharing_enabled":true,"_links":{"self":[{"href":"https:\/\/banneux-nd.be\/fr\/wp-json\/wp\/v2\/pages\/1378","targetHints":{"allow":["GET"]}}],"collection":[{"href":"https:\/\/banneux-nd.be\/fr\/wp-json\/wp\/v2\/pages"}],"about":[{"href":"https:\/\/banneux-nd.be\/fr\/wp-json\/wp\/v2\/types\/page"}],"author":[{"embeddable":true,"href":"https:\/\/banneux-nd.be\/fr\/wp-json\/wp\/v2\/users\/2"}],"replies":[{"embeddable":true,"href":"https:\/\/banneux-nd.be\/fr\/wp-json\/wp\/v2\/comments?post=1378"}],"version-history":[{"count":0,"href":"https:\/\/banneux-nd.be\/fr\/wp-json\/wp\/v2\/pages\/1378\/revisions"}],"wp:attachment":[{"href":"https:\/\/banneux-nd.be\/fr\/wp-json\/wp\/v2\/media?parent=1378"}],"curies":[{"name":"wp","href":"https:\/\/api.w.org\/{rel}","templated":true}]}}