{"id":1392,"date":"2015-07-20T08:56:23","date_gmt":"2015-07-20T06:56:23","guid":{"rendered":"http:\/\/wwwwp.banneux-nd.be\/faire-un-don\/"},"modified":"2022-12-09T12:15:23","modified_gmt":"2022-12-09T11:15:23","slug":"aider-le-sanctuaire","status":"publish","type":"page","link":"https:\/\/banneux-nd.be\/fr\/aider-le-sanctuaire\/","title":{"rendered":"Aider le Sanctuaire"},"content":{"rendered":"<h4>Deux possibilit\u00e9s vous sont offertes :<\/h4>\n<ul>\n<li><strong>Aider financi\u00e8rement le Sanctuaire<\/strong><\/li>\n<li><strong><a href=\"https:\/\/banneux-nd.be\/fr\/benevolat\/\" target=\"_blank\" rel=\"noopener noreferrer\">Aider le Sanctuaire par votre b\u00e9n\u00e9volat<\/a><\/strong><\/li>\n<\/ul>\n<hr \/>\n<p><strong>\u00a0<\/strong><strong>Comment aider financi\u00e8rement le Sanctuaire et\/ou l&#8217;Hospitalit\u00e9 ?<\/strong><\/p>\n<ul>\n<li style=\"text-align: justify;\"><strong>Le sanctuaire de Banneux Notre-Dame ne vit que de dons.<\/strong> Les frais de personnel, d\u2019entretien, de logistique et de chauffage sont \u00e9lev\u00e9s. Aidez-nous \u00e0 faire vivre le Sanctuaire et \u00e0 le garder accueillant pour tous en nous adressant votre don, avec mention claire de la destination de votre virement.<\/li>\n<\/ul>\n<p style=\"text-align: center;\"><span style=\"color: #003366;\"><strong>Ces dons ne donnent pas droit \u00e0 l\u2019exon\u00e9ration fiscale.<\/strong><\/span><\/p>\n<p style=\"text-align: center;\"><strong>Banneux &#8211; La Vierge des Pauvres asbl<\/strong><br \/>\n<strong> IBAN : BE15 0000 0462 0230 \u2013 BIC : BPOTBEB1<\/strong><\/p>\n<p style=\"text-align: center;\">***<\/p>\n<ul>\n<li style=\"text-align: justify;\"><strong>L\u2019Hospitalit\u00e9 de Banneux Notre-Dame\u00a0<\/strong>accueille chaque ann\u00e9e un grand nombre de personnes que la vie a marqu\u00e9es douloureusement dans leur chair, dans leur esprit, dans leurs relations familiales ou sociales. Les quelques journ\u00e9es qu\u2019elles passent \u00e0 Banneux leur permettent de retrouver un sens \u00e0 la vie ou, tout au moins, de b\u00e9n\u00e9ficier de moments de d\u00e9tente, gr\u00e2ce \u00e0 l\u2019intervention de la Vierge des Pauvres et \u00e0 l\u2019aide attentionn\u00e9e de tous ceux qui \u0153uvrent \u00e0 Banneux. Nous avons tous ensemble la responsabilit\u00e9 de pr\u00e9server et d\u2019am\u00e9liorer l\u2019Hospitalit\u00e9 au profit des plus d\u00e9munis. Pour cela, vos dons sont les bienvenus :<\/li>\n<\/ul>\n<p style=\"text-align: center;\"><strong>Hospitalit\u00e9 de Banneux Notre-Dame<br \/>\n<\/strong><strong>IBAN : BE35 3480 6303 7637 \u2013 BIC : BBRUBEBB<\/strong><\/p>\n<p style=\"font-weight: 400; text-align: center;\"><strong><span style=\"color: #003366;\">Les donateurs peuvent b\u00e9n\u00e9ficier d\u2019une exon\u00e9ration fiscale<br \/>\npour tout don \u00e0 partir de 40\u20ac \/ an.<\/span><\/strong><\/p>\n<p><a href=\"https:\/\/banneux-nd.be\/fr\/dons-en-ligne\/\" target=\"_blank\" rel=\"noopener noreferrer\"><img fetchpriority=\"high\" decoding=\"async\" class=\"aligncenter wp-image-13770 size-full\" src=\"https:\/\/banneux-nd.be\/wp-content\/uploads\/2020\/08\/Je-paie-en-ligne.gif\" alt=\"\" width=\"454\" height=\"170\" \/><\/a><\/p>\n<p style=\"text-align: justify;\">\n<ul>\n<li><strong>Legs en duo<\/strong> :\u00a0Gr\u00e2ce \u00e0 la technique du <a href=\"https:\/\/banneux-nd.be\/fr\/legs-en-duo\/\" target=\"_blank\" rel=\"noopener noreferrer\"><strong>legs en duo<\/strong><\/a>, vous laissez autant (sinon plus) \u00e0 vos proches et vous participez \u00e0 l&#8217;accueil des malades.<\/li>\n<\/ul>\n<h4 style=\"text-align: center;\"><b>Merci beaucoup pour votre aide !<\/b><\/h4>\n","protected":false},"excerpt":{"rendered":"<p>Deux possibilit\u00e9s vous sont offertes : Aider financi\u00e8rement le Sanctuaire Aider le Sanctuaire par votre b\u00e9n\u00e9volat \u00a0Comment aider financi\u00e8rement le Sanctuaire et\/ou l&#8217;Hospitalit\u00e9 ? Le sanctuaire de Banneux Notre-Dame ne vit que de dons. Les frais de personnel, d\u2019entretien, de logistique et de chauffage sont \u00e9lev\u00e9s. Aidez-nous \u00e0 faire vivre le Sanctuaire et \u00e0 le garder accueillant pour tous en nous adressant votre don, avec mention claire de la destination de votre virement. Ces dons ne donnent pas droit \u00e0 l\u2019exon\u00e9ration fiscale. Banneux &#8211; La Vierge des Pauvres asbl IBAN : BE15 0000 0462 0230 \u2013 BIC : BPOTBEB1 *** L\u2019Hospitalit\u00e9 de Banneux Notre-Dame\u00a0accueille chaque ann\u00e9e un grand nombre de personnes que la vie a marqu\u00e9es douloureusement dans leur chair, [&hellip;]<\/p>\n","protected":false},"author":2,"featured_media":0,"parent":0,"menu_order":0,"comment_status":"closed","ping_status":"closed","template":"","meta":{"advgb_blocks_editor_width":"","advgb_blocks_columns_visual_guide":"","jetpack_post_was_ever_published":false,"footnotes":""},"class_list":["post-1392","page","type-page","status-publish","hentry"],"yoast_head":"<!-- This site is optimized with the Yoast SEO plugin v27.3 - https:\/\/yoast.com\/product\/yoast-seo-wordpress\/ -->\n<title>Aider le Sanctuaire - Banneux Notre-Dame<\/title>\n<meta name=\"robots\" content=\"index, follow, max-snippet:-1, max-image-preview:large, max-video-preview:-1\" \/>\n<link rel=\"canonical\" href=\"https:\/\/banneux-nd.be\/fr\/aider-le-sanctuaire\/\" \/>\n<meta property=\"og:locale\" content=\"fr_FR\" \/>\n<meta property=\"og:type\" content=\"article\" \/>\n<meta property=\"og:title\" content=\"Aider le Sanctuaire - Banneux Notre-Dame\" \/>\n<meta property=\"og:description\" content=\"Deux possibilit\u00e9s vous sont offertes : Aider financi\u00e8rement le Sanctuaire Aider le Sanctuaire par votre b\u00e9n\u00e9volat \u00a0Comment aider financi\u00e8rement le Sanctuaire et\/ou l&#8217;Hospitalit\u00e9 ? Le sanctuaire de Banneux Notre-Dame ne vit que de dons. Les frais de personnel, d\u2019entretien, de logistique et de chauffage sont \u00e9lev\u00e9s. Aidez-nous \u00e0 faire vivre le Sanctuaire et \u00e0 le garder accueillant pour tous en nous adressant votre don, avec mention claire de la destination de votre virement. Ces dons ne donnent pas droit \u00e0 l\u2019exon\u00e9ration fiscale. Banneux &#8211; La Vierge des Pauvres asbl IBAN : BE15 0000 0462 0230 \u2013 BIC : BPOTBEB1 *** L\u2019Hospitalit\u00e9 de Banneux Notre-Dame\u00a0accueille chaque ann\u00e9e un grand nombre de personnes que la vie a marqu\u00e9es douloureusement dans leur chair, [&hellip;]\" \/>\n<meta property=\"og:url\" content=\"https:\/\/banneux-nd.be\/fr\/aider-le-sanctuaire\/\" \/>\n<meta property=\"og:site_name\" content=\"Banneux Notre-Dame\" \/>\n<meta property=\"article:publisher\" content=\"https:\/\/www.facebook.com\/NDBanneux\/\" \/>\n<meta property=\"article:modified_time\" content=\"2022-12-09T11:15:23+00:00\" \/>\n<meta property=\"og:image\" content=\"https:\/\/banneux-nd.be\/wp-content\/uploads\/2020\/08\/Je-paie-en-ligne.gif\" \/>\n<meta name=\"twitter:card\" content=\"summary_large_image\" \/>\n<meta name=\"twitter:label1\" content=\"Dur\u00e9e de lecture estim\u00e9e\" \/>\n\t<meta name=\"twitter:data1\" content=\"2 minutes\" \/>\n<script type=\"application\/ld+json\" class=\"yoast-schema-graph\">{\"@context\":\"https:\\\/\\\/schema.org\",\"@graph\":[{\"@type\":\"WebPage\",\"@id\":\"https:\\\/\\\/banneux-nd.be\\\/fr\\\/aider-le-sanctuaire\\\/\",\"url\":\"https:\\\/\\\/banneux-nd.be\\\/fr\\\/aider-le-sanctuaire\\\/\",\"name\":\"Aider le Sanctuaire - Banneux Notre-Dame\",\"isPartOf\":{\"@id\":\"https:\\\/\\\/banneux-nd.be\\\/fr\\\/#website\"},\"primaryImageOfPage\":{\"@id\":\"https:\\\/\\\/banneux-nd.be\\\/fr\\\/aider-le-sanctuaire\\\/#primaryimage\"},\"image\":{\"@id\":\"https:\\\/\\\/banneux-nd.be\\\/fr\\\/aider-le-sanctuaire\\\/#primaryimage\"},\"thumbnailUrl\":\"https:\\\/\\\/banneux-nd.be\\\/wp-content\\\/uploads\\\/2020\\\/08\\\/Je-paie-en-ligne.gif\",\"datePublished\":\"2015-07-20T06:56:23+00:00\",\"dateModified\":\"2022-12-09T11:15:23+00:00\",\"breadcrumb\":{\"@id\":\"https:\\\/\\\/banneux-nd.be\\\/fr\\\/aider-le-sanctuaire\\\/#breadcrumb\"},\"inLanguage\":\"fr-FR\",\"potentialAction\":[{\"@type\":\"ReadAction\",\"target\":[\"https:\\\/\\\/banneux-nd.be\\\/fr\\\/aider-le-sanctuaire\\\/\"]}]},{\"@type\":\"ImageObject\",\"inLanguage\":\"fr-FR\",\"@id\":\"https:\\\/\\\/banneux-nd.be\\\/fr\\\/aider-le-sanctuaire\\\/#primaryimage\",\"url\":\"https:\\\/\\\/banneux-nd.be\\\/wp-content\\\/uploads\\\/2020\\\/08\\\/Je-paie-en-ligne.gif\",\"contentUrl\":\"https:\\\/\\\/banneux-nd.be\\\/wp-content\\\/uploads\\\/2020\\\/08\\\/Je-paie-en-ligne.gif\"},{\"@type\":\"BreadcrumbList\",\"@id\":\"https:\\\/\\\/banneux-nd.be\\\/fr\\\/aider-le-sanctuaire\\\/#breadcrumb\",\"itemListElement\":[{\"@type\":\"ListItem\",\"position\":1,\"name\":\"Accueil\",\"item\":\"https:\\\/\\\/banneux-nd.be\\\/fr\\\/\"},{\"@type\":\"ListItem\",\"position\":2,\"name\":\"Aider le Sanctuaire\"}]},{\"@type\":\"WebSite\",\"@id\":\"https:\\\/\\\/banneux-nd.be\\\/fr\\\/#website\",\"url\":\"https:\\\/\\\/banneux-nd.be\\\/fr\\\/\",\"name\":\"Banneux Notre-Dame\",\"description\":\"Sanctuaire de la Vierge des Pauvres (Belgique)\",\"potentialAction\":[{\"@type\":\"SearchAction\",\"target\":{\"@type\":\"EntryPoint\",\"urlTemplate\":\"https:\\\/\\\/banneux-nd.be\\\/fr\\\/?s={search_term_string}\"},\"query-input\":{\"@type\":\"PropertyValueSpecification\",\"valueRequired\":true,\"valueName\":\"search_term_string\"}}],\"inLanguage\":\"fr-FR\"}]}<\/script>\n<!-- \/ Yoast SEO plugin. -->","yoast_head_json":{"title":"Aider le Sanctuaire - Banneux Notre-Dame","robots":{"index":"index","follow":"follow","max-snippet":"max-snippet:-1","max-image-preview":"max-image-preview:large","max-video-preview":"max-video-preview:-1"},"canonical":"https:\/\/banneux-nd.be\/fr\/aider-le-sanctuaire\/","og_locale":"fr_FR","og_type":"article","og_title":"Aider le Sanctuaire - Banneux Notre-Dame","og_description":"Deux possibilit\u00e9s vous sont offertes : Aider financi\u00e8rement le Sanctuaire Aider le Sanctuaire par votre b\u00e9n\u00e9volat \u00a0Comment aider financi\u00e8rement le Sanctuaire et\/ou l&#8217;Hospitalit\u00e9 ? Le sanctuaire de Banneux Notre-Dame ne vit que de dons. Les frais de personnel, d\u2019entretien, de logistique et de chauffage sont \u00e9lev\u00e9s. Aidez-nous \u00e0 faire vivre le Sanctuaire et \u00e0 le garder accueillant pour tous en nous adressant votre don, avec mention claire de la destination de votre virement. Ces dons ne donnent pas droit \u00e0 l\u2019exon\u00e9ration fiscale. Banneux &#8211; La Vierge des Pauvres asbl IBAN : BE15 0000 0462 0230 \u2013 BIC : BPOTBEB1 *** L\u2019Hospitalit\u00e9 de Banneux Notre-Dame\u00a0accueille chaque ann\u00e9e un grand nombre de personnes que la vie a marqu\u00e9es douloureusement dans leur chair, [&hellip;]","og_url":"https:\/\/banneux-nd.be\/fr\/aider-le-sanctuaire\/","og_site_name":"Banneux Notre-Dame","article_publisher":"https:\/\/www.facebook.com\/NDBanneux\/","article_modified_time":"2022-12-09T11:15:23+00:00","og_image":[{"url":"https:\/\/banneux-nd.be\/wp-content\/uploads\/2020\/08\/Je-paie-en-ligne.gif","type":"","width":"","height":""}],"twitter_card":"summary_large_image","twitter_misc":{"Dur\u00e9e de lecture estim\u00e9e":"2 minutes"},"schema":{"@context":"https:\/\/schema.org","@graph":[{"@type":"WebPage","@id":"https:\/\/banneux-nd.be\/fr\/aider-le-sanctuaire\/","url":"https:\/\/banneux-nd.be\/fr\/aider-le-sanctuaire\/","name":"Aider le Sanctuaire - Banneux Notre-Dame","isPartOf":{"@id":"https:\/\/banneux-nd.be\/fr\/#website"},"primaryImageOfPage":{"@id":"https:\/\/banneux-nd.be\/fr\/aider-le-sanctuaire\/#primaryimage"},"image":{"@id":"https:\/\/banneux-nd.be\/fr\/aider-le-sanctuaire\/#primaryimage"},"thumbnailUrl":"https:\/\/banneux-nd.be\/wp-content\/uploads\/2020\/08\/Je-paie-en-ligne.gif","datePublished":"2015-07-20T06:56:23+00:00","dateModified":"2022-12-09T11:15:23+00:00","breadcrumb":{"@id":"https:\/\/banneux-nd.be\/fr\/aider-le-sanctuaire\/#breadcrumb"},"inLanguage":"fr-FR","potentialAction":[{"@type":"ReadAction","target":["https:\/\/banneux-nd.be\/fr\/aider-le-sanctuaire\/"]}]},{"@type":"ImageObject","inLanguage":"fr-FR","@id":"https:\/\/banneux-nd.be\/fr\/aider-le-sanctuaire\/#primaryimage","url":"https:\/\/banneux-nd.be\/wp-content\/uploads\/2020\/08\/Je-paie-en-ligne.gif","contentUrl":"https:\/\/banneux-nd.be\/wp-content\/uploads\/2020\/08\/Je-paie-en-ligne.gif"},{"@type":"BreadcrumbList","@id":"https:\/\/banneux-nd.be\/fr\/aider-le-sanctuaire\/#breadcrumb","itemListElement":[{"@type":"ListItem","position":1,"name":"Accueil","item":"https:\/\/banneux-nd.be\/fr\/"},{"@type":"ListItem","position":2,"name":"Aider le Sanctuaire"}]},{"@type":"WebSite","@id":"https:\/\/banneux-nd.be\/fr\/#website","url":"https:\/\/banneux-nd.be\/fr\/","name":"Banneux Notre-Dame","description":"Sanctuaire de la Vierge des Pauvres (Belgique)","potentialAction":[{"@type":"SearchAction","target":{"@type":"EntryPoint","urlTemplate":"https:\/\/banneux-nd.be\/fr\/?s={search_term_string}"},"query-input":{"@type":"PropertyValueSpecification","valueRequired":true,"valueName":"search_term_string"}}],"inLanguage":"fr-FR"}]}},"coauthors":[],"author_meta":{"author_link":"https:\/\/banneux-nd.be\/fr\/author\/adminfr\/","display_name":"adminFR"},"relative_dates":{"created":"Publi\u00e9 11 ans il y a","modified":"Mis \u00e0 jour 3 ans il y a"},"absolute_dates":{"created":"Publi\u00e9 le 07\/20\/2015","modified":"Mise \u00e0 jour le 12\/09\/2022"},"absolute_dates_time":{"created":"Publi\u00e9 le 07\/20\/2015 8 h 56 min","modified":"Mise \u00e0 jour le 12\/09\/2022 12 h 15 min"},"featured_img_caption":"","featured_img":false,"series_order":"","jetpack_sharing_enabled":true,"_links":{"self":[{"href":"https:\/\/banneux-nd.be\/fr\/wp-json\/wp\/v2\/pages\/1392","targetHints":{"allow":["GET"]}}],"collection":[{"href":"https:\/\/banneux-nd.be\/fr\/wp-json\/wp\/v2\/pages"}],"about":[{"href":"https:\/\/banneux-nd.be\/fr\/wp-json\/wp\/v2\/types\/page"}],"author":[{"embeddable":true,"href":"https:\/\/banneux-nd.be\/fr\/wp-json\/wp\/v2\/users\/2"}],"replies":[{"embeddable":true,"href":"https:\/\/banneux-nd.be\/fr\/wp-json\/wp\/v2\/comments?post=1392"}],"version-history":[{"count":31,"href":"https:\/\/banneux-nd.be\/fr\/wp-json\/wp\/v2\/pages\/1392\/revisions"}],"predecessor-version":[{"id":16941,"href":"https:\/\/banneux-nd.be\/fr\/wp-json\/wp\/v2\/pages\/1392\/revisions\/16941"}],"wp:attachment":[{"href":"https:\/\/banneux-nd.be\/fr\/wp-json\/wp\/v2\/media?parent=1392"}],"curies":[{"name":"wp","href":"https:\/\/api.w.org\/{rel}","templated":true}]}}