{"id":144,"date":"2015-07-20T08:58:57","date_gmt":"2015-07-20T06:58:57","guid":{"rendered":"http:\/\/wwwwp.banneux-nd.be\/recuperer-2-ex-apparition\/"},"modified":"2018-05-17T10:24:00","modified_gmt":"2018-05-17T08:24:00","slug":"les-apparitions","status":"publish","type":"page","link":"https:\/\/banneux-nd.be\/fr\/les-apparitions\/","title":{"rendered":"Les apparitions (1933)"},"content":{"rendered":"<p><img decoding=\"async\" class=\"alignright lazyload\" data-src=\"https:\/\/banneux-nd.be\/wp-content\/uploads\/2017\/08\/apparitions_triptyque.gif\" alt=\"\" border=\"0\" src=\"data:image\/svg+xml;base64,PHN2ZyB3aWR0aD0iMSIgaGVpZ2h0PSIxIiB4bWxucz0iaHR0cDovL3d3dy53My5vcmcvMjAwMC9zdmciPjwvc3ZnPg==\" style=\"--smush-placeholder-width: 305px; --smush-placeholder-aspect-ratio: 305\/179;\" \/><\/p>\n<p style=\"text-align: justify;\"><strong>Du 15 janvier au 2 mars 1933, Notre-Dame, qui se pr\u00e9sente comme la Vierge des Pauvres, appara\u00eet \u00e0 huit reprises \u00e0 Mariette Beco.<\/strong><\/p>\n<p style=\"text-align: justify;\">Mariette Beco est n\u00e9e le 25 mars 1921. Elle est l&#8217;a\u00een\u00e9e d&#8217;une famille de sept enfants. La famille conna\u00eet des conditions de vie difficiles et habite une modeste maison ouvri\u00e8re isol\u00e9e, situ\u00e9e en retrait de la route, \u00e0 l&#8217;\u00e9cart du village de Banneux, en face d&#8217;un grand bois de sapins.<\/p>\n<p><img fetchpriority=\"high\" decoding=\"async\" class=\"alignleft wp-image-2710 size-medium\" src=\"https:\/\/banneux-nd.be\/wp-content\/uploads\/2017\/08\/Source 1933 - Carte postale-300x185.jpg\" alt=\"\" width=\"300\" height=\"185\" srcset=\"https:\/\/banneux-nd.be\/wp-content\/uploads\/2017\/08\/Source%201933%20-%20Carte%20postale-300x185.jpg 300w, https:\/\/banneux-nd.be\/wp-content\/uploads\/2017\/08\/Source%201933%20-%20Carte%20postale-685x423.jpg 685w, https:\/\/banneux-nd.be\/wp-content\/uploads\/2017\/08\/Source%201933%20-%20Carte%20postale.jpg 757w\" sizes=\"(max-width: 300px) 100vw, 300px\" \/><\/p>\n<p style=\"text-align: justify;\"><strong>Le soir du dimanche 15 janvier 1933<\/strong>, Notre-Dame appara\u00eet pour la premi\u00e8re fois dans le jardin de la petite maison. Elle appelle Mariette par une signe de la main, mais la maman de Mariette lui d\u00e9fend de sortir.<\/p>\n<p style=\"text-align: justify;\"><strong>Le mercredi 18 janvier \u00e0 19h<\/strong>, Mariette est dans le jardin et prie \u00e0 genoux. Tout \u00e0 coup, Mariette quitte le jardin et s&#8217;engage sur la route o\u00f9 l&#8217;appelle la Dame.<\/p>\n<p style=\"text-align: justify;\">\u00c0 deux reprises sur le chemin, elle tombe \u00e0 genoux. Une troisi\u00e8me fois, elle se met \u00e0 genoux pr\u00e8s du foss\u00e9, devant une flaque d&#8217;eau provenant d&#8217;une source. La Dame lui parle\u00a0: <em>Poussez vos mains dans l&#8217;eau.<\/em> Mariette le fait et r\u00e9p\u00e8te ce que la Dame lui dit\u00a0: <em>Cette source est r\u00e9serv\u00e9e pour moi. Bonsoir, au revoir.<\/em><\/p>\n<p style=\"text-align: justify;\"><strong>Jeudi 19 janvier<\/strong>, le temps est tr\u00e8s mauvais. Mariette est \u00e0 genoux dans le sentier. La Dame appara\u00eet. Mariette lui demande\u00a0: <em>Qui \u00eates-vous, belle Dame\u00a0?<\/em> &#8211; <em>Je suis la Vierge des Pauvres<\/em>. La Vierge conduit l&#8217;enfant par le chemin jusqu&#8217;\u00e0 la source. Mariette interroge encore\u00a0: <em>Belle Dame, vous m&#8217;avez dit hier\u00a0: cette source est r\u00e9serv\u00e9e pour moi. Pourquoi pour moi\u00a0?<\/em> Mariette se d\u00e9signe, croyant que la source est pour elle. Avec un sourire, la Vierge r\u00e9pond\u00a0: <em>Cette source est r\u00e9serv\u00e9e pour toutes les Nations&#8230; pour soulager les malades. &#8211; Merci, merci, <\/em>dit Mariette<em>.<\/em> La Vierge ajoute\u00a0:<em> Je prierai pour toi. Au revoir.<\/em><\/p>\n<p style=\"text-align: justify;\"><strong>Le vendredi 20 janvier<\/strong>, Mariette reste au lit toute la journ\u00e9e\u00a0: elle a mal dormi. \u00c0 18h45, elle se r\u00e9veille, s&#8217;habille et sort. Quand la Vierge appara\u00eet, Mariette s&#8217;\u00e9crie\u00a0: <em>Oh, la voici<\/em>. Puis elle demande\u00a0: <em>Que d\u00e9sirez-vous, ma belle Dame\u00a0?<\/em> Souriante, la Vierge r\u00e9pond\u00a0: <em>Je d\u00e9sirerais une petite chapelle.<\/em> La Vierge \u00e9tend ses mains et de la main droite b\u00e9nit l&#8217;enfant.<\/p>\n<p style=\"text-align: justify;\"><img decoding=\"async\" style=\"--smush-placeholder-width: 361px; --smush-placeholder-aspect-ratio: 361\/249;padding: 5px; margin-left: 5px;\" data-src=\"https:\/\/banneux-nd.be\/wp-content\/uploads\/2017\/08\/Banneux3.tif_.jpg\" alt=\"\" width=\"361\" height=\"249\" align=\"right\" src=\"data:image\/svg+xml;base64,PHN2ZyB3aWR0aD0iMSIgaGVpZ2h0PSIxIiB4bWxucz0iaHR0cDovL3d3dy53My5vcmcvMjAwMC9zdmciPjwvc3ZnPg==\" class=\"lazyload\" \/>Suivent trois semaines de grand calme. La Vierge interrompt ses visites. Mariette, cependant, reste fid\u00e8le\u00a0: chaque jour \u00e0 19h, elle prie dans le jardin.<\/p>\n<p style=\"text-align: justify;\"><strong>Samedi 11 f\u00e9vrier<\/strong>, de nouveau, Mariette est entra\u00een\u00e9e sur la route. L&#8217;enfant s&#8217;agenouille deux fois, trempe ses mains dans l&#8217;eau \u00e0 la source et fait un signe de croix. Elle se l\u00e8ve brusquement, court vers la maison et pleure. Elle ne comprend pas ce que la Vierge lui a dit\u00a0: <em>Je viens soulager la souffrance. <\/em>Elle ne comprend pas le mot \u00ab\u00a0soulager\u00a0\u00bb. Mais elle sait que c&#8217;est quelque chose de bon, puisque la Vierge a souri.<\/p>\n<p style=\"text-align: justify;\">Trois jours se passent. Le soir du <strong>mercredi 15 f\u00e9vrier<\/strong>, la Vierge appara\u00eet pour la sixi\u00e8me fois. Mariette transmet la demande de l&#8217;abb\u00e9 Jamin\u00a0: <em>Sainte Vierge, Monsieur le Chapelain m&#8217;a dit de vous demander un signe. <\/em>La Vierge r\u00e9pond\u00a0: <em>Croyez en moi, je croirai en vous.<\/em> Elle ajoute pour Mariette\u00a0: <em>Priez beaucoup. Au revoir.<\/em> La Vierge confie un secret \u00e0 l&#8217;enfant.<\/p>\n<p style=\"text-align: justify;\"><strong><img decoding=\"async\" style=\"padding: 5px; margin-right: 5px;\" src=\"https:\/\/banneux-nd.be\/wp-content\/uploads\/2017\/08\/P\u00e8lerins \u00e0 Banneux - Carte postale2.jpg\" alt=\"\" width=\"428\" height=\"269\" align=\"left\" \/>Le 20 f\u00e9vrier<\/strong>, Mariette est \u00e0 nouveau \u00e0 genoux dans la neige, bravant le froid. Soudain, elle prie plus haut et plus vite. Elle quitte le jardin, s&#8217;agenouille deux fois sur la route puis \u00e0 la source o\u00f9 elle prie et pleure <em>parce que Marie s&#8217;en va trop vite.<\/em> La Vierge, souriante comme \u00e0 l&#8217;ordinaire, lui dit\u00a0: <em>Ma ch\u00e8re enfant, priez beaucoup.<\/em> Apr\u00e8s quoi, elle cesse de sourire et ajoute, avant de partir et d&#8217;une voix plus grave\u00a0: <em>Au revoir.<\/em><\/p>\n<p style=\"text-align: justify;\">Mariette attend dix jours avant de revoir la Vierge une derni\u00e8re fois. Elle appara\u00eet le <strong>jeudi 2 mars<\/strong>. Il pleut \u00e0 torrent depuis 15h. Elle sort \u00e0 19h. Elle en est au troisi\u00e8me chapelet quand il cesse subitement de pleuvoir. Elle se tait, \u00e9tend les bras, se l\u00e8ve, fait un pas, s&#8217;agenouille. Dans la maison, apr\u00e8s bien des pleurs, Mariette livre le message confi\u00e9 par Marie\u00a0: <em>Je suis la M\u00e8re du Sauveur, M\u00e8re de Dieu. Priez beaucoup.<\/em> Avant de la quitter, la Vierge lui a impos\u00e9 les mains en disant\u00a0: <em>Adieu.<\/em><\/p>\n<p style=\"text-align: justify;\"><strong>L&#8217;actuelle <a href=\"https:\/\/banneux-nd.be\/fr\/chapelle-des-apparitions\/\" target=\"_blank\" rel=\"noopener\">chapelle des Apparitions<\/a> a \u00e9t\u00e9 construite et inaugur\u00e9e d\u00e8s l&#8217;\u00e9t\u00e9 1933.\u00a0La r\u00e9alit\u00e9 des apparitions et du message a \u00e9t\u00e9 <a href=\"https:\/\/banneux-nd.be\/fr\/reconnaissance-des-apparitions\/\" target=\"_blank\" rel=\"noopener\">reconnue<\/a> par Mgr Kerkhofs, \u00e9v\u00eaque de Li\u00e8ge, le 22 ao\u00fbt 1949.<\/strong><\/p>\n","protected":false},"excerpt":{"rendered":"<p>Du 15 janvier au 2 mars 1933, Notre-Dame, qui se pr\u00e9sente comme la Vierge des Pauvres, appara\u00eet \u00e0 huit reprises \u00e0 Mariette Beco. Mariette Beco est n\u00e9e le 25 mars 1921. Elle est l&#8217;a\u00een\u00e9e d&#8217;une famille de sept enfants. La famille conna\u00eet des conditions de vie difficiles et habite une modeste maison ouvri\u00e8re isol\u00e9e, situ\u00e9e en retrait de la route, \u00e0 l&#8217;\u00e9cart du village de Banneux, en face d&#8217;un grand bois de sapins. Le soir du dimanche 15 janvier 1933, Notre-Dame appara\u00eet pour la premi\u00e8re fois dans le jardin de la petite maison. Elle appelle Mariette par une signe de la main, mais la maman de Mariette lui d\u00e9fend de sortir. Le mercredi 18 janvier \u00e0 19h, Mariette est dans [&hellip;]<\/p>\n","protected":false},"author":2,"featured_media":0,"parent":0,"menu_order":0,"comment_status":"closed","ping_status":"closed","template":"","meta":{"advgb_blocks_editor_width":"","advgb_blocks_columns_visual_guide":"","jetpack_post_was_ever_published":false,"footnotes":""},"class_list":["post-144","page","type-page","status-publish","hentry"],"yoast_head":"<!-- This site is optimized with the Yoast SEO plugin v27.4 - https:\/\/yoast.com\/product\/yoast-seo-wordpress\/ -->\n<title>Les apparitions (1933) - Banneux Notre-Dame<\/title>\n<meta name=\"robots\" content=\"index, follow, max-snippet:-1, max-image-preview:large, max-video-preview:-1\" \/>\n<link rel=\"canonical\" href=\"https:\/\/banneux-nd.be\/fr\/les-apparitions\/\" \/>\n<meta property=\"og:locale\" content=\"fr_FR\" \/>\n<meta property=\"og:type\" content=\"article\" \/>\n<meta property=\"og:title\" content=\"Les apparitions (1933) - Banneux Notre-Dame\" \/>\n<meta property=\"og:description\" content=\"Du 15 janvier au 2 mars 1933, Notre-Dame, qui se pr\u00e9sente comme la Vierge des Pauvres, appara\u00eet \u00e0 huit reprises \u00e0 Mariette Beco. Mariette Beco est n\u00e9e le 25 mars 1921. Elle est l&#8217;a\u00een\u00e9e d&#8217;une famille de sept enfants. La famille conna\u00eet des conditions de vie difficiles et habite une modeste maison ouvri\u00e8re isol\u00e9e, situ\u00e9e en retrait de la route, \u00e0 l&#8217;\u00e9cart du village de Banneux, en face d&#8217;un grand bois de sapins. Le soir du dimanche 15 janvier 1933, Notre-Dame appara\u00eet pour la premi\u00e8re fois dans le jardin de la petite maison. Elle appelle Mariette par une signe de la main, mais la maman de Mariette lui d\u00e9fend de sortir. Le mercredi 18 janvier \u00e0 19h, Mariette est dans [&hellip;]\" \/>\n<meta property=\"og:url\" content=\"https:\/\/banneux-nd.be\/fr\/les-apparitions\/\" \/>\n<meta property=\"og:site_name\" content=\"Banneux Notre-Dame\" \/>\n<meta property=\"article:publisher\" content=\"https:\/\/www.facebook.com\/NDBanneux\/\" \/>\n<meta property=\"article:modified_time\" content=\"2018-05-17T08:24:00+00:00\" \/>\n<meta property=\"og:image\" content=\"https:\/\/banneux-nd.be\/wp-content\/uploads\/2017\/08\/apparitions_triptyque.gif\" \/>\n<meta name=\"twitter:card\" content=\"summary_large_image\" \/>\n<meta name=\"twitter:label1\" content=\"Dur\u00e9e de lecture estim\u00e9e\" \/>\n\t<meta name=\"twitter:data1\" content=\"4 minutes\" \/>\n<script type=\"application\/ld+json\" class=\"yoast-schema-graph\">{\"@context\":\"https:\\\/\\\/schema.org\",\"@graph\":[{\"@type\":\"WebPage\",\"@id\":\"https:\\\/\\\/banneux-nd.be\\\/fr\\\/les-apparitions\\\/\",\"url\":\"https:\\\/\\\/banneux-nd.be\\\/fr\\\/les-apparitions\\\/\",\"name\":\"Les apparitions (1933) - Banneux Notre-Dame\",\"isPartOf\":{\"@id\":\"https:\\\/\\\/banneux-nd.be\\\/fr\\\/#website\"},\"primaryImageOfPage\":{\"@id\":\"https:\\\/\\\/banneux-nd.be\\\/fr\\\/les-apparitions\\\/#primaryimage\"},\"image\":{\"@id\":\"https:\\\/\\\/banneux-nd.be\\\/fr\\\/les-apparitions\\\/#primaryimage\"},\"thumbnailUrl\":\"https:\\\/\\\/banneux-nd.be\\\/wp-content\\\/uploads\\\/2017\\\/08\\\/apparitions_triptyque.gif\",\"datePublished\":\"2015-07-20T06:58:57+00:00\",\"dateModified\":\"2018-05-17T08:24:00+00:00\",\"breadcrumb\":{\"@id\":\"https:\\\/\\\/banneux-nd.be\\\/fr\\\/les-apparitions\\\/#breadcrumb\"},\"inLanguage\":\"fr-FR\",\"potentialAction\":[{\"@type\":\"ReadAction\",\"target\":[\"https:\\\/\\\/banneux-nd.be\\\/fr\\\/les-apparitions\\\/\"]}]},{\"@type\":\"ImageObject\",\"inLanguage\":\"fr-FR\",\"@id\":\"https:\\\/\\\/banneux-nd.be\\\/fr\\\/les-apparitions\\\/#primaryimage\",\"url\":\"https:\\\/\\\/banneux-nd.be\\\/wp-content\\\/uploads\\\/2017\\\/08\\\/apparitions_triptyque.gif\",\"contentUrl\":\"https:\\\/\\\/banneux-nd.be\\\/wp-content\\\/uploads\\\/2017\\\/08\\\/apparitions_triptyque.gif\"},{\"@type\":\"BreadcrumbList\",\"@id\":\"https:\\\/\\\/banneux-nd.be\\\/fr\\\/les-apparitions\\\/#breadcrumb\",\"itemListElement\":[{\"@type\":\"ListItem\",\"position\":1,\"name\":\"Accueil\",\"item\":\"https:\\\/\\\/banneux-nd.be\\\/fr\\\/\"},{\"@type\":\"ListItem\",\"position\":2,\"name\":\"Les apparitions (1933)\"}]},{\"@type\":\"WebSite\",\"@id\":\"https:\\\/\\\/banneux-nd.be\\\/fr\\\/#website\",\"url\":\"https:\\\/\\\/banneux-nd.be\\\/fr\\\/\",\"name\":\"Banneux Notre-Dame\",\"description\":\"Sanctuaire de la Vierge des Pauvres (Belgique)\",\"potentialAction\":[{\"@type\":\"SearchAction\",\"target\":{\"@type\":\"EntryPoint\",\"urlTemplate\":\"https:\\\/\\\/banneux-nd.be\\\/fr\\\/?s={search_term_string}\"},\"query-input\":{\"@type\":\"PropertyValueSpecification\",\"valueRequired\":true,\"valueName\":\"search_term_string\"}}],\"inLanguage\":\"fr-FR\"}]}<\/script>\n<!-- \/ Yoast SEO plugin. -->","yoast_head_json":{"title":"Les apparitions (1933) - Banneux Notre-Dame","robots":{"index":"index","follow":"follow","max-snippet":"max-snippet:-1","max-image-preview":"max-image-preview:large","max-video-preview":"max-video-preview:-1"},"canonical":"https:\/\/banneux-nd.be\/fr\/les-apparitions\/","og_locale":"fr_FR","og_type":"article","og_title":"Les apparitions (1933) - Banneux Notre-Dame","og_description":"Du 15 janvier au 2 mars 1933, Notre-Dame, qui se pr\u00e9sente comme la Vierge des Pauvres, appara\u00eet \u00e0 huit reprises \u00e0 Mariette Beco. Mariette Beco est n\u00e9e le 25 mars 1921. Elle est l&#8217;a\u00een\u00e9e d&#8217;une famille de sept enfants. La famille conna\u00eet des conditions de vie difficiles et habite une modeste maison ouvri\u00e8re isol\u00e9e, situ\u00e9e en retrait de la route, \u00e0 l&#8217;\u00e9cart du village de Banneux, en face d&#8217;un grand bois de sapins. Le soir du dimanche 15 janvier 1933, Notre-Dame appara\u00eet pour la premi\u00e8re fois dans le jardin de la petite maison. Elle appelle Mariette par une signe de la main, mais la maman de Mariette lui d\u00e9fend de sortir. Le mercredi 18 janvier \u00e0 19h, Mariette est dans [&hellip;]","og_url":"https:\/\/banneux-nd.be\/fr\/les-apparitions\/","og_site_name":"Banneux Notre-Dame","article_publisher":"https:\/\/www.facebook.com\/NDBanneux\/","article_modified_time":"2018-05-17T08:24:00+00:00","og_image":[{"url":"https:\/\/banneux-nd.be\/wp-content\/uploads\/2017\/08\/apparitions_triptyque.gif","type":"","width":"","height":""}],"twitter_card":"summary_large_image","twitter_misc":{"Dur\u00e9e de lecture estim\u00e9e":"4 minutes"},"schema":{"@context":"https:\/\/schema.org","@graph":[{"@type":"WebPage","@id":"https:\/\/banneux-nd.be\/fr\/les-apparitions\/","url":"https:\/\/banneux-nd.be\/fr\/les-apparitions\/","name":"Les apparitions (1933) - Banneux Notre-Dame","isPartOf":{"@id":"https:\/\/banneux-nd.be\/fr\/#website"},"primaryImageOfPage":{"@id":"https:\/\/banneux-nd.be\/fr\/les-apparitions\/#primaryimage"},"image":{"@id":"https:\/\/banneux-nd.be\/fr\/les-apparitions\/#primaryimage"},"thumbnailUrl":"https:\/\/banneux-nd.be\/wp-content\/uploads\/2017\/08\/apparitions_triptyque.gif","datePublished":"2015-07-20T06:58:57+00:00","dateModified":"2018-05-17T08:24:00+00:00","breadcrumb":{"@id":"https:\/\/banneux-nd.be\/fr\/les-apparitions\/#breadcrumb"},"inLanguage":"fr-FR","potentialAction":[{"@type":"ReadAction","target":["https:\/\/banneux-nd.be\/fr\/les-apparitions\/"]}]},{"@type":"ImageObject","inLanguage":"fr-FR","@id":"https:\/\/banneux-nd.be\/fr\/les-apparitions\/#primaryimage","url":"https:\/\/banneux-nd.be\/wp-content\/uploads\/2017\/08\/apparitions_triptyque.gif","contentUrl":"https:\/\/banneux-nd.be\/wp-content\/uploads\/2017\/08\/apparitions_triptyque.gif"},{"@type":"BreadcrumbList","@id":"https:\/\/banneux-nd.be\/fr\/les-apparitions\/#breadcrumb","itemListElement":[{"@type":"ListItem","position":1,"name":"Accueil","item":"https:\/\/banneux-nd.be\/fr\/"},{"@type":"ListItem","position":2,"name":"Les apparitions (1933)"}]},{"@type":"WebSite","@id":"https:\/\/banneux-nd.be\/fr\/#website","url":"https:\/\/banneux-nd.be\/fr\/","name":"Banneux Notre-Dame","description":"Sanctuaire de la Vierge des Pauvres (Belgique)","potentialAction":[{"@type":"SearchAction","target":{"@type":"EntryPoint","urlTemplate":"https:\/\/banneux-nd.be\/fr\/?s={search_term_string}"},"query-input":{"@type":"PropertyValueSpecification","valueRequired":true,"valueName":"search_term_string"}}],"inLanguage":"fr-FR"}]}},"coauthors":[],"author_meta":{"author_link":"https:\/\/banneux-nd.be\/fr\/author\/adminfr\/","display_name":"adminFR"},"relative_dates":{"created":"Publi\u00e9 11 ans il y a","modified":"Mis \u00e0 jour 8 ans il y a"},"absolute_dates":{"created":"Publi\u00e9 le 07\/20\/2015","modified":"Mise \u00e0 jour le 05\/17\/2018"},"absolute_dates_time":{"created":"Publi\u00e9 le 07\/20\/2015 8 h 58 min","modified":"Mise \u00e0 jour le 05\/17\/2018 10 h 24 min"},"featured_img_caption":"","featured_img":false,"series_order":"","jetpack_sharing_enabled":true,"_links":{"self":[{"href":"https:\/\/banneux-nd.be\/fr\/wp-json\/wp\/v2\/pages\/144","targetHints":{"allow":["GET"]}}],"collection":[{"href":"https:\/\/banneux-nd.be\/fr\/wp-json\/wp\/v2\/pages"}],"about":[{"href":"https:\/\/banneux-nd.be\/fr\/wp-json\/wp\/v2\/types\/page"}],"author":[{"embeddable":true,"href":"https:\/\/banneux-nd.be\/fr\/wp-json\/wp\/v2\/users\/2"}],"replies":[{"embeddable":true,"href":"https:\/\/banneux-nd.be\/fr\/wp-json\/wp\/v2\/comments?post=144"}],"version-history":[{"count":0,"href":"https:\/\/banneux-nd.be\/fr\/wp-json\/wp\/v2\/pages\/144\/revisions"}],"wp:attachment":[{"href":"https:\/\/banneux-nd.be\/fr\/wp-json\/wp\/v2\/media?parent=144"}],"curies":[{"name":"wp","href":"https:\/\/api.w.org\/{rel}","templated":true}]}}