{"id":1445,"date":"2015-07-20T08:58:06","date_gmt":"2015-07-20T06:58:06","guid":{"rendered":"http:\/\/wwwwp.banneux-nd.be\/faire-placer-un-ex-voto\/"},"modified":"2021-06-03T10:48:38","modified_gmt":"2021-06-03T08:48:38","slug":"faire-placer-un-ex-voto","status":"publish","type":"page","link":"https:\/\/banneux-nd.be\/fr\/faire-placer-un-ex-voto\/","title":{"rendered":"Faire placer un ex-voto"},"content":{"rendered":"<p class=\"rtejustify\" style=\"text-align: justify;\"><img fetchpriority=\"high\" decoding=\"async\" style=\"padding: 5px; margin-right: 5px;\" src=\"https:\/\/banneux-nd.be\/wp-content\/uploads\/2017\/08\/Ex Voto2.jpg\" alt=\"\" width=\"300\" height=\"219\" align=\"left\" \/>L&#8217;<strong>ex-voto<\/strong> est une mani\u00e8re tr\u00e8s personnelle de remercier la Vierge des Pauvres pour une gr\u00e2ce obtenue.\u00a0Ce petit pav\u00e9 de c\u00e9ramique est grav\u00e9 \u00e0 jamais en lettres de gratitude, en t\u00e9moignage de foi et d&#8217;esp\u00e9rance.<\/p>\n<p class=\"rtejustify\" style=\"text-align: justify;\">Les ex-voto sont plac\u00e9s \u00e0 divers endroits du sanctuaire, sur des panneaux pr\u00e9vus \u00e0 cet effet : pr\u00e8s de la Source, \u00e0 l&#8217;ext\u00e9rieur ou \u00e0 l&#8217;int\u00e9rieur de certains monuments, comme, par exemple, la chapelle des apparitions ou la maison de Mariette Beco.<\/p>\n<p class=\"rtejustify\" style=\"text-align: justify;\"><span style=\"color: #000000;\"><strong>Pour faire placer un ex-voto<\/strong><\/span><\/p>\n<p class=\"rtejustify\" style=\"text-align: justify;\"><img decoding=\"async\" style=\"padding: 5px; margin-left: 5px;\" src=\"https:\/\/banneux-nd.be\/wp-content\/uploads\/2017\/08\/Source Personnes diverses.jpg\" alt=\"\" width=\"381\" height=\"267\" align=\"right\" \/>1. Envoyez par courrier ou <a href=\"mailto:sanctuaire@banneux-nd.be\">courriel<\/a> votre texte\u00a0(limit\u00e9 \u00e0 5 mots\u00a0+ date ou ann\u00e9e + nom et pr\u00e9nom ou initiales)<\/p>\n<p style=\"text-align: justify;\"><strong>2.<\/strong> <strong>Utilisez le bouton ci-dessous<\/strong> pour payer (Bancontact, virement ou carte Visa) OU effectuez un virement de <strong>40\u20ac \/ ex-voto<\/strong> sur le compte :<\/p>\n<p class=\"rtejustify\" style=\"text-align: justify;\">IBAN :\u00a0 BE15 0000 0462 0230<br \/>\nBIC :\u00a0 BPOTBEB1<br \/>\nAsbl Banneux-La Vierge des Pauvres \u00bb<\/p>\n<p class=\"rtejustify\" style=\"text-align: justify;\">avec, en communication, la mention &#8220;Ex-voto&#8221;<\/p>\n<p><a href=\"https:\/\/banneux-nd.be\/fr\/dons-en-ligne\/\" target=\"_blank\" rel=\"noopener noreferrer\"><img decoding=\"async\" class=\"aligncenter wp-image-13770 size-full lazyload\" data-src=\"https:\/\/banneux-nd.be\/wp-content\/uploads\/2020\/08\/Je-paie-en-ligne.gif\" alt=\"\" width=\"454\" height=\"170\" src=\"data:image\/svg+xml;base64,PHN2ZyB3aWR0aD0iMSIgaGVpZ2h0PSIxIiB4bWxucz0iaHR0cDovL3d3dy53My5vcmcvMjAwMC9zdmciPjwvc3ZnPg==\" style=\"--smush-placeholder-width: 454px; --smush-placeholder-aspect-ratio: 454\/170;\" \/><\/a><\/p>\n","protected":false},"excerpt":{"rendered":"<p>L&#8217;ex-voto est une mani\u00e8re tr\u00e8s personnelle de remercier la Vierge des Pauvres pour une gr\u00e2ce obtenue.\u00a0Ce petit pav\u00e9 de c\u00e9ramique est grav\u00e9 \u00e0 jamais en lettres de gratitude, en t\u00e9moignage de foi et d&#8217;esp\u00e9rance. Les ex-voto sont plac\u00e9s \u00e0 divers endroits du sanctuaire, sur des panneaux pr\u00e9vus \u00e0 cet effet : pr\u00e8s de la Source, \u00e0 l&#8217;ext\u00e9rieur ou \u00e0 l&#8217;int\u00e9rieur de certains monuments, comme, par exemple, la chapelle des apparitions ou la maison de Mariette Beco. Pour faire placer un ex-voto 1. Envoyez par courrier ou courriel votre texte\u00a0(limit\u00e9 \u00e0 5 mots\u00a0+ date ou ann\u00e9e + nom et pr\u00e9nom ou initiales) 2. Utilisez le bouton ci-dessous pour payer (Bancontact, virement ou carte Visa) OU effectuez un virement de 40\u20ac \/ [&hellip;]<\/p>\n","protected":false},"author":2,"featured_media":0,"parent":0,"menu_order":0,"comment_status":"closed","ping_status":"closed","template":"","meta":{"advgb_blocks_editor_width":"","advgb_blocks_columns_visual_guide":"","jetpack_post_was_ever_published":false,"footnotes":""},"class_list":["post-1445","page","type-page","status-publish","hentry"],"yoast_head":"<!-- This site is optimized with the Yoast SEO plugin v27.4 - https:\/\/yoast.com\/product\/yoast-seo-wordpress\/ -->\n<title>Faire placer un ex-voto - Banneux Notre-Dame<\/title>\n<meta name=\"robots\" content=\"index, follow, max-snippet:-1, max-image-preview:large, max-video-preview:-1\" \/>\n<link rel=\"canonical\" href=\"https:\/\/banneux-nd.be\/fr\/faire-placer-un-ex-voto\/\" \/>\n<meta property=\"og:locale\" content=\"fr_FR\" \/>\n<meta property=\"og:type\" content=\"article\" \/>\n<meta property=\"og:title\" content=\"Faire placer un ex-voto - Banneux Notre-Dame\" \/>\n<meta property=\"og:description\" content=\"L&#8217;ex-voto est une mani\u00e8re tr\u00e8s personnelle de remercier la Vierge des Pauvres pour une gr\u00e2ce obtenue.\u00a0Ce petit pav\u00e9 de c\u00e9ramique est grav\u00e9 \u00e0 jamais en lettres de gratitude, en t\u00e9moignage de foi et d&#8217;esp\u00e9rance. Les ex-voto sont plac\u00e9s \u00e0 divers endroits du sanctuaire, sur des panneaux pr\u00e9vus \u00e0 cet effet : pr\u00e8s de la Source, \u00e0 l&#8217;ext\u00e9rieur ou \u00e0 l&#8217;int\u00e9rieur de certains monuments, comme, par exemple, la chapelle des apparitions ou la maison de Mariette Beco. Pour faire placer un ex-voto 1. Envoyez par courrier ou courriel votre texte\u00a0(limit\u00e9 \u00e0 5 mots\u00a0+ date ou ann\u00e9e + nom et pr\u00e9nom ou initiales) 2. Utilisez le bouton ci-dessous pour payer (Bancontact, virement ou carte Visa) OU effectuez un virement de 40\u20ac \/ [&hellip;]\" \/>\n<meta property=\"og:url\" content=\"https:\/\/banneux-nd.be\/fr\/faire-placer-un-ex-voto\/\" \/>\n<meta property=\"og:site_name\" content=\"Banneux Notre-Dame\" \/>\n<meta property=\"article:publisher\" content=\"https:\/\/www.facebook.com\/NDBanneux\/\" \/>\n<meta property=\"article:modified_time\" content=\"2021-06-03T08:48:38+00:00\" \/>\n<meta property=\"og:image\" content=\"https:\/\/banneux-nd.be\/wp-content\/uploads\/2017\/08\/Ex%20Voto2.jpg\" \/>\n<meta name=\"twitter:card\" content=\"summary_large_image\" \/>\n<meta name=\"twitter:label1\" content=\"Dur\u00e9e de lecture estim\u00e9e\" \/>\n\t<meta name=\"twitter:data1\" content=\"1 minute\" \/>\n<script type=\"application\/ld+json\" class=\"yoast-schema-graph\">{\"@context\":\"https:\\\/\\\/schema.org\",\"@graph\":[{\"@type\":\"WebPage\",\"@id\":\"https:\\\/\\\/banneux-nd.be\\\/fr\\\/faire-placer-un-ex-voto\\\/\",\"url\":\"https:\\\/\\\/banneux-nd.be\\\/fr\\\/faire-placer-un-ex-voto\\\/\",\"name\":\"Faire placer un ex-voto - Banneux Notre-Dame\",\"isPartOf\":{\"@id\":\"https:\\\/\\\/banneux-nd.be\\\/fr\\\/#website\"},\"primaryImageOfPage\":{\"@id\":\"https:\\\/\\\/banneux-nd.be\\\/fr\\\/faire-placer-un-ex-voto\\\/#primaryimage\"},\"image\":{\"@id\":\"https:\\\/\\\/banneux-nd.be\\\/fr\\\/faire-placer-un-ex-voto\\\/#primaryimage\"},\"thumbnailUrl\":\"https:\\\/\\\/banneux-nd.be\\\/wp-content\\\/uploads\\\/2020\\\/08\\\/Je-paie-en-ligne.gif\",\"datePublished\":\"2015-07-20T06:58:06+00:00\",\"dateModified\":\"2021-06-03T08:48:38+00:00\",\"breadcrumb\":{\"@id\":\"https:\\\/\\\/banneux-nd.be\\\/fr\\\/faire-placer-un-ex-voto\\\/#breadcrumb\"},\"inLanguage\":\"fr-FR\",\"potentialAction\":[{\"@type\":\"ReadAction\",\"target\":[\"https:\\\/\\\/banneux-nd.be\\\/fr\\\/faire-placer-un-ex-voto\\\/\"]}]},{\"@type\":\"ImageObject\",\"inLanguage\":\"fr-FR\",\"@id\":\"https:\\\/\\\/banneux-nd.be\\\/fr\\\/faire-placer-un-ex-voto\\\/#primaryimage\",\"url\":\"https:\\\/\\\/banneux-nd.be\\\/wp-content\\\/uploads\\\/2020\\\/08\\\/Je-paie-en-ligne.gif\",\"contentUrl\":\"https:\\\/\\\/banneux-nd.be\\\/wp-content\\\/uploads\\\/2020\\\/08\\\/Je-paie-en-ligne.gif\"},{\"@type\":\"BreadcrumbList\",\"@id\":\"https:\\\/\\\/banneux-nd.be\\\/fr\\\/faire-placer-un-ex-voto\\\/#breadcrumb\",\"itemListElement\":[{\"@type\":\"ListItem\",\"position\":1,\"name\":\"Accueil\",\"item\":\"https:\\\/\\\/banneux-nd.be\\\/fr\\\/\"},{\"@type\":\"ListItem\",\"position\":2,\"name\":\"Faire placer un ex-voto\"}]},{\"@type\":\"WebSite\",\"@id\":\"https:\\\/\\\/banneux-nd.be\\\/fr\\\/#website\",\"url\":\"https:\\\/\\\/banneux-nd.be\\\/fr\\\/\",\"name\":\"Banneux Notre-Dame\",\"description\":\"Sanctuaire de la Vierge des Pauvres (Belgique)\",\"potentialAction\":[{\"@type\":\"SearchAction\",\"target\":{\"@type\":\"EntryPoint\",\"urlTemplate\":\"https:\\\/\\\/banneux-nd.be\\\/fr\\\/?s={search_term_string}\"},\"query-input\":{\"@type\":\"PropertyValueSpecification\",\"valueRequired\":true,\"valueName\":\"search_term_string\"}}],\"inLanguage\":\"fr-FR\"}]}<\/script>\n<!-- \/ Yoast SEO plugin. -->","yoast_head_json":{"title":"Faire placer un ex-voto - Banneux Notre-Dame","robots":{"index":"index","follow":"follow","max-snippet":"max-snippet:-1","max-image-preview":"max-image-preview:large","max-video-preview":"max-video-preview:-1"},"canonical":"https:\/\/banneux-nd.be\/fr\/faire-placer-un-ex-voto\/","og_locale":"fr_FR","og_type":"article","og_title":"Faire placer un ex-voto - Banneux Notre-Dame","og_description":"L&#8217;ex-voto est une mani\u00e8re tr\u00e8s personnelle de remercier la Vierge des Pauvres pour une gr\u00e2ce obtenue.\u00a0Ce petit pav\u00e9 de c\u00e9ramique est grav\u00e9 \u00e0 jamais en lettres de gratitude, en t\u00e9moignage de foi et d&#8217;esp\u00e9rance. Les ex-voto sont plac\u00e9s \u00e0 divers endroits du sanctuaire, sur des panneaux pr\u00e9vus \u00e0 cet effet : pr\u00e8s de la Source, \u00e0 l&#8217;ext\u00e9rieur ou \u00e0 l&#8217;int\u00e9rieur de certains monuments, comme, par exemple, la chapelle des apparitions ou la maison de Mariette Beco. Pour faire placer un ex-voto 1. Envoyez par courrier ou courriel votre texte\u00a0(limit\u00e9 \u00e0 5 mots\u00a0+ date ou ann\u00e9e + nom et pr\u00e9nom ou initiales) 2. Utilisez le bouton ci-dessous pour payer (Bancontact, virement ou carte Visa) OU effectuez un virement de 40\u20ac \/ [&hellip;]","og_url":"https:\/\/banneux-nd.be\/fr\/faire-placer-un-ex-voto\/","og_site_name":"Banneux Notre-Dame","article_publisher":"https:\/\/www.facebook.com\/NDBanneux\/","article_modified_time":"2021-06-03T08:48:38+00:00","og_image":[{"url":"https:\/\/banneux-nd.be\/wp-content\/uploads\/2017\/08\/Ex Voto2.jpg","type":"","width":"","height":""}],"twitter_card":"summary_large_image","twitter_misc":{"Dur\u00e9e de lecture estim\u00e9e":"1 minute"},"schema":{"@context":"https:\/\/schema.org","@graph":[{"@type":"WebPage","@id":"https:\/\/banneux-nd.be\/fr\/faire-placer-un-ex-voto\/","url":"https:\/\/banneux-nd.be\/fr\/faire-placer-un-ex-voto\/","name":"Faire placer un ex-voto - Banneux Notre-Dame","isPartOf":{"@id":"https:\/\/banneux-nd.be\/fr\/#website"},"primaryImageOfPage":{"@id":"https:\/\/banneux-nd.be\/fr\/faire-placer-un-ex-voto\/#primaryimage"},"image":{"@id":"https:\/\/banneux-nd.be\/fr\/faire-placer-un-ex-voto\/#primaryimage"},"thumbnailUrl":"https:\/\/banneux-nd.be\/wp-content\/uploads\/2020\/08\/Je-paie-en-ligne.gif","datePublished":"2015-07-20T06:58:06+00:00","dateModified":"2021-06-03T08:48:38+00:00","breadcrumb":{"@id":"https:\/\/banneux-nd.be\/fr\/faire-placer-un-ex-voto\/#breadcrumb"},"inLanguage":"fr-FR","potentialAction":[{"@type":"ReadAction","target":["https:\/\/banneux-nd.be\/fr\/faire-placer-un-ex-voto\/"]}]},{"@type":"ImageObject","inLanguage":"fr-FR","@id":"https:\/\/banneux-nd.be\/fr\/faire-placer-un-ex-voto\/#primaryimage","url":"https:\/\/banneux-nd.be\/wp-content\/uploads\/2020\/08\/Je-paie-en-ligne.gif","contentUrl":"https:\/\/banneux-nd.be\/wp-content\/uploads\/2020\/08\/Je-paie-en-ligne.gif"},{"@type":"BreadcrumbList","@id":"https:\/\/banneux-nd.be\/fr\/faire-placer-un-ex-voto\/#breadcrumb","itemListElement":[{"@type":"ListItem","position":1,"name":"Accueil","item":"https:\/\/banneux-nd.be\/fr\/"},{"@type":"ListItem","position":2,"name":"Faire placer un ex-voto"}]},{"@type":"WebSite","@id":"https:\/\/banneux-nd.be\/fr\/#website","url":"https:\/\/banneux-nd.be\/fr\/","name":"Banneux Notre-Dame","description":"Sanctuaire de la Vierge des Pauvres (Belgique)","potentialAction":[{"@type":"SearchAction","target":{"@type":"EntryPoint","urlTemplate":"https:\/\/banneux-nd.be\/fr\/?s={search_term_string}"},"query-input":{"@type":"PropertyValueSpecification","valueRequired":true,"valueName":"search_term_string"}}],"inLanguage":"fr-FR"}]}},"coauthors":[],"author_meta":{"author_link":"https:\/\/banneux-nd.be\/fr\/author\/adminfr\/","display_name":"adminFR"},"relative_dates":{"created":"Publi\u00e9 11 ans il y a","modified":"Mis \u00e0 jour 5 ans il y a"},"absolute_dates":{"created":"Publi\u00e9 le 07\/20\/2015","modified":"Mise \u00e0 jour le 06\/03\/2021"},"absolute_dates_time":{"created":"Publi\u00e9 le 07\/20\/2015 8 h 58 min","modified":"Mise \u00e0 jour le 06\/03\/2021 10 h 48 min"},"featured_img_caption":"","featured_img":false,"series_order":"","jetpack_sharing_enabled":true,"_links":{"self":[{"href":"https:\/\/banneux-nd.be\/fr\/wp-json\/wp\/v2\/pages\/1445","targetHints":{"allow":["GET"]}}],"collection":[{"href":"https:\/\/banneux-nd.be\/fr\/wp-json\/wp\/v2\/pages"}],"about":[{"href":"https:\/\/banneux-nd.be\/fr\/wp-json\/wp\/v2\/types\/page"}],"author":[{"embeddable":true,"href":"https:\/\/banneux-nd.be\/fr\/wp-json\/wp\/v2\/users\/2"}],"replies":[{"embeddable":true,"href":"https:\/\/banneux-nd.be\/fr\/wp-json\/wp\/v2\/comments?post=1445"}],"version-history":[{"count":5,"href":"https:\/\/banneux-nd.be\/fr\/wp-json\/wp\/v2\/pages\/1445\/revisions"}],"predecessor-version":[{"id":15464,"href":"https:\/\/banneux-nd.be\/fr\/wp-json\/wp\/v2\/pages\/1445\/revisions\/15464"}],"wp:attachment":[{"href":"https:\/\/banneux-nd.be\/fr\/wp-json\/wp\/v2\/media?parent=1445"}],"curies":[{"name":"wp","href":"https:\/\/api.w.org\/{rel}","templated":true}]}}