{"id":1449,"date":"2015-07-20T08:58:06","date_gmt":"2015-07-20T06:58:06","guid":{"rendered":"http:\/\/wwwwp.banneux-nd.be\/faire-dire-une-messe\/"},"modified":"2021-09-07T17:18:27","modified_gmt":"2021-09-07T15:18:27","slug":"faire-celebrer-une-messe","status":"publish","type":"page","link":"https:\/\/banneux-nd.be\/fr\/faire-celebrer-une-messe\/","title":{"rendered":"Faire c\u00e9l\u00e9brer une messe"},"content":{"rendered":"<div id=\"node-38\" class=\"node node-page\" role=\"article\">\n<div class=\"node-inner clear-block\">\n<div class=\"node-content\">\n<p class=\"rtejustify\" style=\"text-align: justify;\">Confier une intention de messe est une d\u00e9marche qui rejoint la communaut\u00e9 des p\u00e8lerins en pri\u00e8re, sous le regard aimant de Marie, la Vierge des Pauvres.<\/p>\n<p class=\"rtejustify\" style=\"text-align: justify;\">Plusieurs pr\u00eatres du sanctuaire c\u00e9l\u00e8brent la messe quotidiennement aux intentions qui sont confi\u00e9es \u00e0 l\u2019intercession de la Vierge des Pauvres.<\/p>\n<p class=\"rtejustify\"><img decoding=\"async\" style=\"width: 100%;\" src=\"https:\/\/banneux-nd.be\/wp-content\/uploads\/2017\/08\/Faire dire une messe.jpg\" alt=\"\"><\/p>\n<p><span style=\"color: #000000;\"><strong>Comment faire ?<\/strong><\/span><\/p>\n<ul>\n<li style=\"text-align: justify;\"><strong>En cliquant sur le bouton ci-dessous<\/strong> (paiement via Bancontact, virement bancaire, ou carte Visa)<\/li>\n<li class=\"rtejustify\" style=\"text-align: justify;\"><strong>Par virement au compte<\/strong> de l&#8217;asbl Banneux, la Vierge des Pauvres<br>IBAN : BE15 0000 0462 0230 &#8211;&nbsp;BIC : BPOTBEB1<br>Communication : Intention de messe pour &#8230; (Nom)<\/li>\n<li class=\"rtejustify\" style=\"text-align: justify;\"><strong>D\u00e9p\u00f4t de l\u2019intention et du paiement<\/strong> au Bureau d\u2019accueil-info (en saison) ou \u00e0 l\u2019Abri du Cur\u00e9 d\u2019Ars (hors saison).<\/li>\n<li class=\"rtejustify\" style=\"text-align: justify;\"><strong>Ou envoyer par courrier ou courriel<\/strong> votre intention de messe (pour la France, possibilit\u00e9 d\u2019envoyer un ch\u00e8que par la poste, avec l\u2019intention)<\/li>\n<\/ul>\n<p style=\"text-align: justify;\"><span style=\"color: #000000;\"><strong>Prix sugg\u00e9r\u00e9s<\/strong><\/span><\/p>\n<ul>\n<li>Messe : 7\u20ac<\/li>\n<li>Messe avec indication de la date souhait\u00e9e : 10\u20ac<\/li>\n<li>Une neuvaine de messes (messe quotidienne neuf jours d\u2019affil\u00e9e) : 75\u20ac<\/li>\n<li>Un trentain de messes (messe quotidienne trente jours d\u2019affil\u00e9e) : 250\u20ac<\/li>\n<\/ul>\n<\/div>\n<\/div>\n<\/div>\n\n\n<p><a href=\"https:\/\/banneux-nd.be\/fr\/dons-en-ligne\/\" target=\"_blank\" rel=\"noopener noreferrer\"><img fetchpriority=\"high\" decoding=\"async\" class=\"aligncenter wp-image-13770 size-full\" src=\"https:\/\/banneux-nd.be\/wp-content\/uploads\/2020\/08\/Je-paie-en-ligne.gif\" alt=\"\" width=\"454\" height=\"170\" \/><\/a><\/p>\n","protected":false},"excerpt":{"rendered":"<p>Confier une intention de messe est une d\u00e9marche qui rejoint la communaut\u00e9 des p\u00e8lerins en pri\u00e8re, sous le regard aimant de Marie, la Vierge des Pauvres. Plusieurs pr\u00eatres du sanctuaire c\u00e9l\u00e8brent la messe quotidiennement aux intentions qui sont confi\u00e9es \u00e0 l\u2019intercession de la Vierge des Pauvres. Comment faire ? En cliquant sur le bouton ci-dessous (paiement via Bancontact, virement bancaire, ou carte Visa) Par virement au compte de l&#8217;asbl Banneux, la Vierge des PauvresIBAN : BE15 0000 0462 0230 &#8211;&nbsp;BIC : BPOTBEB1Communication : Intention de messe pour &#8230; (Nom) D\u00e9p\u00f4t de l\u2019intention et du paiement au Bureau d\u2019accueil-info (en saison) ou \u00e0 l\u2019Abri du Cur\u00e9 d\u2019Ars (hors saison). Ou envoyer par courrier ou courriel votre intention de messe (pour la [&hellip;]<\/p>\n","protected":false},"author":2,"featured_media":0,"parent":0,"menu_order":0,"comment_status":"closed","ping_status":"closed","template":"","meta":{"advgb_blocks_editor_width":"","advgb_blocks_columns_visual_guide":"","jetpack_post_was_ever_published":false,"footnotes":""},"class_list":["post-1449","page","type-page","status-publish","hentry"],"yoast_head":"<!-- This site is optimized with the Yoast SEO plugin v27.4 - https:\/\/yoast.com\/product\/yoast-seo-wordpress\/ -->\n<title>Faire c\u00e9l\u00e9brer une messe - Banneux Notre-Dame<\/title>\n<meta name=\"description\" content=\"Comment commander une messe \u00e0 Banneux pour une intention que vous d\u00e9terminez\" \/>\n<meta name=\"robots\" content=\"index, follow, max-snippet:-1, max-image-preview:large, max-video-preview:-1\" \/>\n<link rel=\"canonical\" href=\"https:\/\/banneux-nd.be\/fr\/faire-celebrer-une-messe\/\" \/>\n<meta property=\"og:locale\" content=\"fr_FR\" \/>\n<meta property=\"og:type\" content=\"article\" \/>\n<meta property=\"og:title\" content=\"Faire c\u00e9l\u00e9brer une messe - Banneux Notre-Dame\" \/>\n<meta property=\"og:description\" content=\"Comment commander une messe \u00e0 Banneux pour une intention que vous d\u00e9terminez\" \/>\n<meta property=\"og:url\" content=\"https:\/\/banneux-nd.be\/fr\/faire-celebrer-une-messe\/\" \/>\n<meta property=\"og:site_name\" content=\"Banneux Notre-Dame\" \/>\n<meta property=\"article:publisher\" content=\"https:\/\/www.facebook.com\/NDBanneux\/\" \/>\n<meta property=\"article:modified_time\" content=\"2021-09-07T15:18:27+00:00\" \/>\n<meta property=\"og:image\" content=\"https:\/\/banneux-nd.be\/wp-content\/uploads\/2017\/08\/Faire%20dire%20une%20messe.jpg\" \/>\n<meta name=\"twitter:card\" content=\"summary_large_image\" \/>\n<meta name=\"twitter:label1\" content=\"Dur\u00e9e de lecture estim\u00e9e\" \/>\n\t<meta name=\"twitter:data1\" content=\"2 minutes\" \/>\n<script type=\"application\/ld+json\" class=\"yoast-schema-graph\">{\"@context\":\"https:\\\/\\\/schema.org\",\"@graph\":[{\"@type\":\"WebPage\",\"@id\":\"https:\\\/\\\/banneux-nd.be\\\/fr\\\/faire-celebrer-une-messe\\\/\",\"url\":\"https:\\\/\\\/banneux-nd.be\\\/fr\\\/faire-celebrer-une-messe\\\/\",\"name\":\"Faire c\u00e9l\u00e9brer une messe - Banneux Notre-Dame\",\"isPartOf\":{\"@id\":\"https:\\\/\\\/banneux-nd.be\\\/fr\\\/#website\"},\"primaryImageOfPage\":{\"@id\":\"https:\\\/\\\/banneux-nd.be\\\/fr\\\/faire-celebrer-une-messe\\\/#primaryimage\"},\"image\":{\"@id\":\"https:\\\/\\\/banneux-nd.be\\\/fr\\\/faire-celebrer-une-messe\\\/#primaryimage\"},\"thumbnailUrl\":\"https:\\\/\\\/banneux-nd.be\\\/wp-content\\\/uploads\\\/2020\\\/08\\\/Je-paie-en-ligne.gif\",\"datePublished\":\"2015-07-20T06:58:06+00:00\",\"dateModified\":\"2021-09-07T15:18:27+00:00\",\"description\":\"Comment commander une messe \u00e0 Banneux pour une intention que vous d\u00e9terminez\",\"breadcrumb\":{\"@id\":\"https:\\\/\\\/banneux-nd.be\\\/fr\\\/faire-celebrer-une-messe\\\/#breadcrumb\"},\"inLanguage\":\"fr-FR\",\"potentialAction\":[{\"@type\":\"ReadAction\",\"target\":[\"https:\\\/\\\/banneux-nd.be\\\/fr\\\/faire-celebrer-une-messe\\\/\"]}]},{\"@type\":\"ImageObject\",\"inLanguage\":\"fr-FR\",\"@id\":\"https:\\\/\\\/banneux-nd.be\\\/fr\\\/faire-celebrer-une-messe\\\/#primaryimage\",\"url\":\"https:\\\/\\\/banneux-nd.be\\\/wp-content\\\/uploads\\\/2020\\\/08\\\/Je-paie-en-ligne.gif\",\"contentUrl\":\"https:\\\/\\\/banneux-nd.be\\\/wp-content\\\/uploads\\\/2020\\\/08\\\/Je-paie-en-ligne.gif\"},{\"@type\":\"BreadcrumbList\",\"@id\":\"https:\\\/\\\/banneux-nd.be\\\/fr\\\/faire-celebrer-une-messe\\\/#breadcrumb\",\"itemListElement\":[{\"@type\":\"ListItem\",\"position\":1,\"name\":\"Accueil\",\"item\":\"https:\\\/\\\/banneux-nd.be\\\/fr\\\/\"},{\"@type\":\"ListItem\",\"position\":2,\"name\":\"Faire c\u00e9l\u00e9brer une messe\"}]},{\"@type\":\"WebSite\",\"@id\":\"https:\\\/\\\/banneux-nd.be\\\/fr\\\/#website\",\"url\":\"https:\\\/\\\/banneux-nd.be\\\/fr\\\/\",\"name\":\"Banneux Notre-Dame\",\"description\":\"Sanctuaire de la Vierge des Pauvres (Belgique)\",\"potentialAction\":[{\"@type\":\"SearchAction\",\"target\":{\"@type\":\"EntryPoint\",\"urlTemplate\":\"https:\\\/\\\/banneux-nd.be\\\/fr\\\/?s={search_term_string}\"},\"query-input\":{\"@type\":\"PropertyValueSpecification\",\"valueRequired\":true,\"valueName\":\"search_term_string\"}}],\"inLanguage\":\"fr-FR\"}]}<\/script>\n<!-- \/ Yoast SEO plugin. -->","yoast_head_json":{"title":"Faire c\u00e9l\u00e9brer une messe - Banneux Notre-Dame","description":"Comment commander une messe \u00e0 Banneux pour une intention que vous d\u00e9terminez","robots":{"index":"index","follow":"follow","max-snippet":"max-snippet:-1","max-image-preview":"max-image-preview:large","max-video-preview":"max-video-preview:-1"},"canonical":"https:\/\/banneux-nd.be\/fr\/faire-celebrer-une-messe\/","og_locale":"fr_FR","og_type":"article","og_title":"Faire c\u00e9l\u00e9brer une messe - Banneux Notre-Dame","og_description":"Comment commander une messe \u00e0 Banneux pour une intention que vous d\u00e9terminez","og_url":"https:\/\/banneux-nd.be\/fr\/faire-celebrer-une-messe\/","og_site_name":"Banneux Notre-Dame","article_publisher":"https:\/\/www.facebook.com\/NDBanneux\/","article_modified_time":"2021-09-07T15:18:27+00:00","og_image":[{"url":"https:\/\/banneux-nd.be\/wp-content\/uploads\/2017\/08\/Faire dire une messe.jpg","type":"","width":"","height":""}],"twitter_card":"summary_large_image","twitter_misc":{"Dur\u00e9e de lecture estim\u00e9e":"2 minutes"},"schema":{"@context":"https:\/\/schema.org","@graph":[{"@type":"WebPage","@id":"https:\/\/banneux-nd.be\/fr\/faire-celebrer-une-messe\/","url":"https:\/\/banneux-nd.be\/fr\/faire-celebrer-une-messe\/","name":"Faire c\u00e9l\u00e9brer une messe - Banneux Notre-Dame","isPartOf":{"@id":"https:\/\/banneux-nd.be\/fr\/#website"},"primaryImageOfPage":{"@id":"https:\/\/banneux-nd.be\/fr\/faire-celebrer-une-messe\/#primaryimage"},"image":{"@id":"https:\/\/banneux-nd.be\/fr\/faire-celebrer-une-messe\/#primaryimage"},"thumbnailUrl":"https:\/\/banneux-nd.be\/wp-content\/uploads\/2020\/08\/Je-paie-en-ligne.gif","datePublished":"2015-07-20T06:58:06+00:00","dateModified":"2021-09-07T15:18:27+00:00","description":"Comment commander une messe \u00e0 Banneux pour une intention que vous d\u00e9terminez","breadcrumb":{"@id":"https:\/\/banneux-nd.be\/fr\/faire-celebrer-une-messe\/#breadcrumb"},"inLanguage":"fr-FR","potentialAction":[{"@type":"ReadAction","target":["https:\/\/banneux-nd.be\/fr\/faire-celebrer-une-messe\/"]}]},{"@type":"ImageObject","inLanguage":"fr-FR","@id":"https:\/\/banneux-nd.be\/fr\/faire-celebrer-une-messe\/#primaryimage","url":"https:\/\/banneux-nd.be\/wp-content\/uploads\/2020\/08\/Je-paie-en-ligne.gif","contentUrl":"https:\/\/banneux-nd.be\/wp-content\/uploads\/2020\/08\/Je-paie-en-ligne.gif"},{"@type":"BreadcrumbList","@id":"https:\/\/banneux-nd.be\/fr\/faire-celebrer-une-messe\/#breadcrumb","itemListElement":[{"@type":"ListItem","position":1,"name":"Accueil","item":"https:\/\/banneux-nd.be\/fr\/"},{"@type":"ListItem","position":2,"name":"Faire c\u00e9l\u00e9brer une messe"}]},{"@type":"WebSite","@id":"https:\/\/banneux-nd.be\/fr\/#website","url":"https:\/\/banneux-nd.be\/fr\/","name":"Banneux Notre-Dame","description":"Sanctuaire de la Vierge des Pauvres (Belgique)","potentialAction":[{"@type":"SearchAction","target":{"@type":"EntryPoint","urlTemplate":"https:\/\/banneux-nd.be\/fr\/?s={search_term_string}"},"query-input":{"@type":"PropertyValueSpecification","valueRequired":true,"valueName":"search_term_string"}}],"inLanguage":"fr-FR"}]}},"coauthors":[],"author_meta":{"author_link":"https:\/\/banneux-nd.be\/fr\/author\/adminfr\/","display_name":"adminFR"},"relative_dates":{"created":"Publi\u00e9 11 ans il y a","modified":"Mis \u00e0 jour 5 ans il y a"},"absolute_dates":{"created":"Publi\u00e9 le 07\/20\/2015","modified":"Mise \u00e0 jour le 09\/07\/2021"},"absolute_dates_time":{"created":"Publi\u00e9 le 07\/20\/2015 8 h 58 min","modified":"Mise \u00e0 jour le 09\/07\/2021 17 h 18 min"},"featured_img_caption":"","featured_img":false,"series_order":"","jetpack_sharing_enabled":true,"_links":{"self":[{"href":"https:\/\/banneux-nd.be\/fr\/wp-json\/wp\/v2\/pages\/1449","targetHints":{"allow":["GET"]}}],"collection":[{"href":"https:\/\/banneux-nd.be\/fr\/wp-json\/wp\/v2\/pages"}],"about":[{"href":"https:\/\/banneux-nd.be\/fr\/wp-json\/wp\/v2\/types\/page"}],"author":[{"embeddable":true,"href":"https:\/\/banneux-nd.be\/fr\/wp-json\/wp\/v2\/users\/2"}],"replies":[{"embeddable":true,"href":"https:\/\/banneux-nd.be\/fr\/wp-json\/wp\/v2\/comments?post=1449"}],"version-history":[{"count":23,"href":"https:\/\/banneux-nd.be\/fr\/wp-json\/wp\/v2\/pages\/1449\/revisions"}],"predecessor-version":[{"id":15826,"href":"https:\/\/banneux-nd.be\/fr\/wp-json\/wp\/v2\/pages\/1449\/revisions\/15826"}],"wp:attachment":[{"href":"https:\/\/banneux-nd.be\/fr\/wp-json\/wp\/v2\/media?parent=1449"}],"curies":[{"name":"wp","href":"https:\/\/api.w.org\/{rel}","templated":true}]}}