{"id":1721,"date":"2018-01-11T15:43:53","date_gmt":"2018-01-11T14:43:53","guid":{"rendered":"http:\/\/wwwwp2.banneux-nd.be\/wp\/?page_id=1721"},"modified":"2020-08-26T15:30:12","modified_gmt":"2020-08-26T13:30:12","slug":"bienvenue-a-banneux","status":"publish","type":"page","link":"https:\/\/banneux-nd.be\/fr\/","title":{"rendered":"Bienvenue \u00e0 Banneux !"},"content":{"rendered":"<p style=\"text-align: justify;\">Du 15 janvier au 2 mars 1933, la Vierge Marie est apparue huit fois \u00e0 une fillette de 11 ans, Mariette Beco.<\/p>\n<p style=\"text-align: justify;\">Le message qu\u2019elle lui a laiss\u00e9 est toujours d\u2019actualit\u00e9.<\/p>\n<p style=\"text-align: justify;\">Chaque ann\u00e9e, des centaines de milliers de p\u00e8lerins, viennent,\u00a0seuls ou en groupe,\u00a0notamment lors de Triduums de malades,\u00a0confier \u00e0 Notre-Dame leurs pauvret\u00e9s, leurs souffrances, leurs peines, leurs recherches. Ils viennent se confier \u00e0 la M\u00e8re du Sauveur, et dire leur confiance et leur esp\u00e9rance en Celui qui est la Source de toute gr\u00e2ce, J\u00e9sus-Christ.<\/p>\n<p style=\"text-align: justify;\">Aujourd\u2019hui encore, comme elle l\u2019a fait pour Mariette, la Vierge des Pauvres conduit chaque p\u00e8lerin de Banneux sur la route de l\u2019existence. Elle l\u2019invite \u00e0 <em>pousser les mains dans l\u2019eau<\/em>\u00a0de la Source, pour puiser en J\u00e9sus la vraie Vie.<\/p>\n<p>Bienvenue \u00e0 Banneux !<\/p>\n<p><img fetchpriority=\"high\" decoding=\"async\" class=\"aligncenter wp-image-7757 size-full\" src=\"https:\/\/banneux-nd.be\/wp-content\/uploads\/2018\/05\/2018-05-01-Recteur-Leo-Palm.jpg\" alt=\"\" width=\"1200\" height=\"815\" srcset=\"https:\/\/banneux-nd.be\/wp-content\/uploads\/2018\/05\/2018-05-01-Recteur-Leo-Palm.jpg 1200w, https:\/\/banneux-nd.be\/wp-content\/uploads\/2018\/05\/2018-05-01-Recteur-Leo-Palm-300x204.jpg 300w, https:\/\/banneux-nd.be\/wp-content\/uploads\/2018\/05\/2018-05-01-Recteur-Leo-Palm-768x522.jpg 768w, https:\/\/banneux-nd.be\/wp-content\/uploads\/2018\/05\/2018-05-01-Recteur-Leo-Palm-1024x695.jpg 1024w\" sizes=\"(max-width: 1200px) 100vw, 1200px\" \/><\/p>\n<p style=\"text-align: right;\"><strong>Abb\u00e9 Leo Palm,<br \/>\nRecteur<\/strong><\/p>\n<hr \/>\n<h3 style=\"text-align: center;\">Banneux se trouve \u00e0 25 km au sud de Li\u00e8ge<\/h3>\n<p><a title=\"Sanctuaire de Banneux Notre-Dame\" href=\"https:\/\/goo.gl\/maps\/E84ttdD4Fm72\" target=\"_blank\" rel=\"noopener noreferrer\"><img decoding=\"async\" class=\"size-full wp-image-8859 aligncenter lazyload\" data-src=\"https:\/\/banneux-nd.be\/wp-content\/uploads\/Page_Accueil\/google-map-page-accueil.png\" alt=\"\" width=\"780\" height=\"502\" data-srcset=\"https:\/\/banneux-nd.be\/wp-content\/uploads\/Page_Accueil\/google-map-page-accueil.png 780w, https:\/\/banneux-nd.be\/wp-content\/uploads\/Page_Accueil\/google-map-page-accueil-300x193.png 300w, https:\/\/banneux-nd.be\/wp-content\/uploads\/Page_Accueil\/google-map-page-accueil-768x494.png 768w\" data-sizes=\"(max-width: 780px) 100vw, 780px\" src=\"data:image\/svg+xml;base64,PHN2ZyB3aWR0aD0iMSIgaGVpZ2h0PSIxIiB4bWxucz0iaHR0cDovL3d3dy53My5vcmcvMjAwMC9zdmciPjwvc3ZnPg==\" style=\"--smush-placeholder-width: 780px; --smush-placeholder-aspect-ratio: 780\/502;\" \/><\/a><\/p>\n","protected":false},"excerpt":{"rendered":"<p>Du 15 janvier au 2 mars 1933, la Vierge Marie est apparue huit fois \u00e0 une fillette de 11 ans, Mariette Beco. Le message qu\u2019elle lui a laiss\u00e9 est toujours d\u2019actualit\u00e9. Chaque ann\u00e9e, des centaines de milliers de p\u00e8lerins, viennent,\u00a0seuls ou en groupe,\u00a0notamment lors de Triduums de malades,\u00a0confier \u00e0 Notre-Dame leurs pauvret\u00e9s, leurs souffrances, leurs peines, leurs recherches. Ils viennent se confier \u00e0 la M\u00e8re du Sauveur, et dire leur confiance et leur esp\u00e9rance en Celui qui est la Source de toute gr\u00e2ce, J\u00e9sus-Christ. Aujourd\u2019hui encore, comme elle l\u2019a fait pour Mariette, la Vierge des Pauvres conduit chaque p\u00e8lerin de Banneux sur la route de l\u2019existence. Elle l\u2019invite \u00e0 pousser les mains dans l\u2019eau\u00a0de la Source, pour puiser en J\u00e9sus [&hellip;]<\/p>\n","protected":false},"author":4,"featured_media":0,"parent":0,"menu_order":0,"comment_status":"closed","ping_status":"closed","template":"","meta":{"advgb_blocks_editor_width":"","advgb_blocks_columns_visual_guide":"","jetpack_post_was_ever_published":false,"footnotes":""},"class_list":["post-1721","page","type-page","status-publish","hentry"],"yoast_head":"<!-- This site is optimized with the Yoast SEO plugin v27.3 - https:\/\/yoast.com\/product\/yoast-seo-wordpress\/ -->\n<title>Bienvenue \u00e0 Banneux ! - Banneux Notre-Dame<\/title>\n<meta name=\"description\" content=\"Du 15 janvier au 2 mars 1933, la Vierge Marie est apparue huit fois \u00e0 une fillette de 11 ans, Mariette B\u00e9co.Le message qu\u2019elle lui a laiss\u00e9 est toujours d\u2019actualit\u00e9.\" \/>\n<meta name=\"robots\" content=\"index, follow, max-snippet:-1, max-image-preview:large, max-video-preview:-1\" \/>\n<link rel=\"canonical\" href=\"https:\/\/banneux-nd.be\/fr\/\" \/>\n<meta property=\"og:locale\" content=\"fr_FR\" \/>\n<meta property=\"og:type\" content=\"article\" \/>\n<meta property=\"og:title\" content=\"Bienvenue \u00e0 Banneux ! - Banneux Notre-Dame\" \/>\n<meta property=\"og:description\" content=\"Du 15 janvier au 2 mars 1933, la Vierge Marie est apparue huit fois \u00e0 une fillette de 11 ans, Mariette B\u00e9co.Le message qu\u2019elle lui a laiss\u00e9 est toujours d\u2019actualit\u00e9.\" \/>\n<meta property=\"og:url\" content=\"https:\/\/banneux-nd.be\/fr\/\" \/>\n<meta property=\"og:site_name\" content=\"Banneux Notre-Dame\" \/>\n<meta property=\"article:publisher\" content=\"https:\/\/www.facebook.com\/NDBanneux\/\" \/>\n<meta property=\"article:modified_time\" content=\"2020-08-26T13:30:12+00:00\" \/>\n<meta property=\"og:image\" content=\"https:\/\/banneux-nd.be\/wp-content\/uploads\/2018\/05\/2018-05-01-Recteur-Leo-Palm.jpg\" \/>\n<meta name=\"twitter:card\" content=\"summary_large_image\" \/>\n<meta name=\"twitter:label1\" content=\"Dur\u00e9e de lecture estim\u00e9e\" \/>\n\t<meta name=\"twitter:data1\" content=\"1 minute\" \/>\n<script type=\"application\/ld+json\" class=\"yoast-schema-graph\">{\"@context\":\"https:\\\/\\\/schema.org\",\"@graph\":[{\"@type\":\"WebPage\",\"@id\":\"https:\\\/\\\/banneux-nd.be\\\/fr\\\/\",\"url\":\"https:\\\/\\\/banneux-nd.be\\\/fr\\\/\",\"name\":\"Bienvenue \u00e0 Banneux ! - Banneux Notre-Dame\",\"isPartOf\":{\"@id\":\"https:\\\/\\\/banneux-nd.be\\\/fr\\\/#website\"},\"primaryImageOfPage\":{\"@id\":\"https:\\\/\\\/banneux-nd.be\\\/fr\\\/#primaryimage\"},\"image\":{\"@id\":\"https:\\\/\\\/banneux-nd.be\\\/fr\\\/#primaryimage\"},\"thumbnailUrl\":\"https:\\\/\\\/banneux-nd.be\\\/wp-content\\\/uploads\\\/2018\\\/05\\\/2018-05-01-Recteur-Leo-Palm.jpg\",\"datePublished\":\"2018-01-11T14:43:53+00:00\",\"dateModified\":\"2020-08-26T13:30:12+00:00\",\"description\":\"Du 15 janvier au 2 mars 1933, la Vierge Marie est apparue huit fois \u00e0 une fillette de 11 ans, Mariette B\u00e9co.Le message qu\u2019elle lui a laiss\u00e9 est toujours d\u2019actualit\u00e9.\",\"breadcrumb\":{\"@id\":\"https:\\\/\\\/banneux-nd.be\\\/fr\\\/#breadcrumb\"},\"inLanguage\":\"fr-FR\",\"potentialAction\":[{\"@type\":\"ReadAction\",\"target\":[\"https:\\\/\\\/banneux-nd.be\\\/fr\\\/\"]}]},{\"@type\":\"ImageObject\",\"inLanguage\":\"fr-FR\",\"@id\":\"https:\\\/\\\/banneux-nd.be\\\/fr\\\/#primaryimage\",\"url\":\"https:\\\/\\\/banneux-nd.be\\\/wp-content\\\/uploads\\\/2018\\\/05\\\/2018-05-01-Recteur-Leo-Palm.jpg\",\"contentUrl\":\"https:\\\/\\\/banneux-nd.be\\\/wp-content\\\/uploads\\\/2018\\\/05\\\/2018-05-01-Recteur-Leo-Palm.jpg\"},{\"@type\":\"BreadcrumbList\",\"@id\":\"https:\\\/\\\/banneux-nd.be\\\/fr\\\/#breadcrumb\",\"itemListElement\":[{\"@type\":\"ListItem\",\"position\":1,\"name\":\"Accueil\",\"item\":\"https:\\\/\\\/banneux-nd.be\\\/fr\\\/\"},{\"@type\":\"ListItem\",\"position\":2,\"name\":\"Bienvenue \u00e0 Banneux !\"}]},{\"@type\":\"WebSite\",\"@id\":\"https:\\\/\\\/banneux-nd.be\\\/fr\\\/#website\",\"url\":\"https:\\\/\\\/banneux-nd.be\\\/fr\\\/\",\"name\":\"Banneux Notre-Dame\",\"description\":\"Sanctuaire de la Vierge des Pauvres (Belgique)\",\"potentialAction\":[{\"@type\":\"SearchAction\",\"target\":{\"@type\":\"EntryPoint\",\"urlTemplate\":\"https:\\\/\\\/banneux-nd.be\\\/fr\\\/?s={search_term_string}\"},\"query-input\":{\"@type\":\"PropertyValueSpecification\",\"valueRequired\":true,\"valueName\":\"search_term_string\"}}],\"inLanguage\":\"fr-FR\"}]}<\/script>\n<!-- \/ Yoast SEO plugin. -->","yoast_head_json":{"title":"Bienvenue \u00e0 Banneux ! - Banneux Notre-Dame","description":"Du 15 janvier au 2 mars 1933, la Vierge Marie est apparue huit fois \u00e0 une fillette de 11 ans, Mariette B\u00e9co.Le message qu\u2019elle lui a laiss\u00e9 est toujours d\u2019actualit\u00e9.","robots":{"index":"index","follow":"follow","max-snippet":"max-snippet:-1","max-image-preview":"max-image-preview:large","max-video-preview":"max-video-preview:-1"},"canonical":"https:\/\/banneux-nd.be\/fr\/","og_locale":"fr_FR","og_type":"article","og_title":"Bienvenue \u00e0 Banneux ! - Banneux Notre-Dame","og_description":"Du 15 janvier au 2 mars 1933, la Vierge Marie est apparue huit fois \u00e0 une fillette de 11 ans, Mariette B\u00e9co.Le message qu\u2019elle lui a laiss\u00e9 est toujours d\u2019actualit\u00e9.","og_url":"https:\/\/banneux-nd.be\/fr\/","og_site_name":"Banneux Notre-Dame","article_publisher":"https:\/\/www.facebook.com\/NDBanneux\/","article_modified_time":"2020-08-26T13:30:12+00:00","og_image":[{"url":"https:\/\/banneux-nd.be\/wp-content\/uploads\/2018\/05\/2018-05-01-Recteur-Leo-Palm.jpg","type":"","width":"","height":""}],"twitter_card":"summary_large_image","twitter_misc":{"Dur\u00e9e de lecture estim\u00e9e":"1 minute"},"schema":{"@context":"https:\/\/schema.org","@graph":[{"@type":"WebPage","@id":"https:\/\/banneux-nd.be\/fr\/","url":"https:\/\/banneux-nd.be\/fr\/","name":"Bienvenue \u00e0 Banneux ! - Banneux Notre-Dame","isPartOf":{"@id":"https:\/\/banneux-nd.be\/fr\/#website"},"primaryImageOfPage":{"@id":"https:\/\/banneux-nd.be\/fr\/#primaryimage"},"image":{"@id":"https:\/\/banneux-nd.be\/fr\/#primaryimage"},"thumbnailUrl":"https:\/\/banneux-nd.be\/wp-content\/uploads\/2018\/05\/2018-05-01-Recteur-Leo-Palm.jpg","datePublished":"2018-01-11T14:43:53+00:00","dateModified":"2020-08-26T13:30:12+00:00","description":"Du 15 janvier au 2 mars 1933, la Vierge Marie est apparue huit fois \u00e0 une fillette de 11 ans, Mariette B\u00e9co.Le message qu\u2019elle lui a laiss\u00e9 est toujours d\u2019actualit\u00e9.","breadcrumb":{"@id":"https:\/\/banneux-nd.be\/fr\/#breadcrumb"},"inLanguage":"fr-FR","potentialAction":[{"@type":"ReadAction","target":["https:\/\/banneux-nd.be\/fr\/"]}]},{"@type":"ImageObject","inLanguage":"fr-FR","@id":"https:\/\/banneux-nd.be\/fr\/#primaryimage","url":"https:\/\/banneux-nd.be\/wp-content\/uploads\/2018\/05\/2018-05-01-Recteur-Leo-Palm.jpg","contentUrl":"https:\/\/banneux-nd.be\/wp-content\/uploads\/2018\/05\/2018-05-01-Recteur-Leo-Palm.jpg"},{"@type":"BreadcrumbList","@id":"https:\/\/banneux-nd.be\/fr\/#breadcrumb","itemListElement":[{"@type":"ListItem","position":1,"name":"Accueil","item":"https:\/\/banneux-nd.be\/fr\/"},{"@type":"ListItem","position":2,"name":"Bienvenue \u00e0 Banneux !"}]},{"@type":"WebSite","@id":"https:\/\/banneux-nd.be\/fr\/#website","url":"https:\/\/banneux-nd.be\/fr\/","name":"Banneux Notre-Dame","description":"Sanctuaire de la Vierge des Pauvres (Belgique)","potentialAction":[{"@type":"SearchAction","target":{"@type":"EntryPoint","urlTemplate":"https:\/\/banneux-nd.be\/fr\/?s={search_term_string}"},"query-input":{"@type":"PropertyValueSpecification","valueRequired":true,"valueName":"search_term_string"}}],"inLanguage":"fr-FR"}]}},"coauthors":[],"author_meta":{"author_link":"https:\/\/banneux-nd.be\/fr\/author\/dreusdeille\/","display_name":"Anne-Elisabeth N\u00e8ve"},"relative_dates":{"created":"Publi\u00e9 8 ans il y a","modified":"Mis \u00e0 jour 6 ans il y a"},"absolute_dates":{"created":"Publi\u00e9 le 01\/11\/2018","modified":"Mise \u00e0 jour le 08\/26\/2020"},"absolute_dates_time":{"created":"Publi\u00e9 le 01\/11\/2018 15 h 43 min","modified":"Mise \u00e0 jour le 08\/26\/2020 15 h 30 min"},"featured_img_caption":"","featured_img":false,"series_order":"","jetpack_sharing_enabled":true,"_links":{"self":[{"href":"https:\/\/banneux-nd.be\/fr\/wp-json\/wp\/v2\/pages\/1721","targetHints":{"allow":["GET"]}}],"collection":[{"href":"https:\/\/banneux-nd.be\/fr\/wp-json\/wp\/v2\/pages"}],"about":[{"href":"https:\/\/banneux-nd.be\/fr\/wp-json\/wp\/v2\/types\/page"}],"author":[{"embeddable":true,"href":"https:\/\/banneux-nd.be\/fr\/wp-json\/wp\/v2\/users\/4"}],"replies":[{"embeddable":true,"href":"https:\/\/banneux-nd.be\/fr\/wp-json\/wp\/v2\/comments?post=1721"}],"version-history":[{"count":5,"href":"https:\/\/banneux-nd.be\/fr\/wp-json\/wp\/v2\/pages\/1721\/revisions"}],"predecessor-version":[{"id":17972,"href":"https:\/\/banneux-nd.be\/fr\/wp-json\/wp\/v2\/pages\/1721\/revisions\/17972"}],"wp:attachment":[{"href":"https:\/\/banneux-nd.be\/fr\/wp-json\/wp\/v2\/media?parent=1721"}],"curies":[{"name":"wp","href":"https:\/\/api.w.org\/{rel}","templated":true}]}}