{"id":1786,"date":"2018-01-13T21:57:39","date_gmt":"2018-01-13T20:57:39","guid":{"rendered":"http:\/\/wwwwp2.banneux-nd.be\/wp\/?page_id=1786"},"modified":"2018-04-24T02:46:07","modified_gmt":"2018-04-24T00:46:07","slug":"activites","status":"publish","type":"page","link":"https:\/\/banneux-nd.be\/fr\/activites\/","title":{"rendered":"Activit\u00e9s"},"content":{"rendered":"<p><strong>Voici quelques propositions si vous \u00eates \u00e0 Banneux pour une journ\u00e9e ou pour quelques jours :<\/strong><\/p>\n<p><a href=\"https:\/\/banneux-nd.be\/fr\/adoration\/\" target=\"_blank\" rel=\"noopener\">Prendre un temps d&#8217;adoration du Saint-Sacrement<\/a><\/p>\n<p><a href=\"https:\/\/banneux-nd.be\/fr\/benediction-des-malades\/\" target=\"_blank\" rel=\"noopener\">Participer \u00e0 la b\u00e9n\u00e9diction des malades<\/a><\/p>\n<p><a href=\"https:\/\/banneux-nd.be\/fr\/se-confesser\/\" target=\"_blank\" rel=\"noopener\">Recevoir le sacrement de r\u00e9conciliation<\/a><\/p>\n<p><a href=\"https:\/\/banneux-nd.be\/fr\/rosaire-du-soir\/\" target=\"_blank\" rel=\"noopener\">Prier le Rosaire<\/a><\/p>\n<p><a href=\"https:\/\/banneux-nd.be\/fr\/chemin-de-priere\/\" target=\"_blank\" rel=\"noopener\">Suivre le Chemin de pri\u00e8re<\/a><\/p>\n<p><a href=\"https:\/\/banneux-nd.be\/fr\/chemin-de-croix\/\" target=\"_blank\" rel=\"noopener\">Suivre le Chemin de croix<\/a><\/p>\n<p><strong><a href=\"https:\/\/banneux-nd.be\/fr\/avec-les-jeunes\/\" target=\"_blank\" rel=\"noopener\">Propositions pour les jeunes<\/a><\/strong><\/p>\n<h3 style=\"text-align: center;\">Pour conna\u00eetre les horaires de<br \/>\ntoutes les c\u00e9l\u00e9brations organis\u00e9es par le Sanctuaire,<br \/>\nreportez-vous \u00e0 la page des <a href=\"https:\/\/banneux-nd.be\/en-pratique\/horaire-celebrations-hiver\/\" target=\"_blank\" rel=\"noopener\">horaires<\/a><\/h3>\n<p style=\"text-align: center;\">\u2660\u2660\u2660\u2660\u2660<\/p>\n<p style=\"text-align: justify;\">Si vous disposez de plusieurs jours, vous pouvez participer \u00e0 un <a href=\"https:\/\/banneux-nd.be\/fr\/triduums\/\" target=\"_blank\" rel=\"noopener\">Triduum<\/a>, p\u00e8lerinage organis\u00e9 accueillant des personnes malades, qui se d\u00e9roule du vendredi au mardi, durant la saison (mai-octobre).<\/p>\n","protected":false},"excerpt":{"rendered":"<p>Voici quelques propositions si vous \u00eates \u00e0 Banneux pour une journ\u00e9e ou pour quelques jours : Prendre un temps d&#8217;adoration du Saint-Sacrement Participer \u00e0 la b\u00e9n\u00e9diction des malades Recevoir le sacrement de r\u00e9conciliation Prier le Rosaire Suivre le Chemin de pri\u00e8re Suivre le Chemin de croix Propositions pour les jeunes Pour conna\u00eetre les horaires de toutes les c\u00e9l\u00e9brations organis\u00e9es par le Sanctuaire, reportez-vous \u00e0 la page des horaires \u2660\u2660\u2660\u2660\u2660 Si vous disposez de plusieurs jours, vous pouvez participer \u00e0 un Triduum, p\u00e8lerinage organis\u00e9 accueillant des personnes malades, qui se d\u00e9roule du vendredi au mardi, durant la saison (mai-octobre).<\/p>\n","protected":false},"author":4,"featured_media":0,"parent":0,"menu_order":0,"comment_status":"closed","ping_status":"closed","template":"","meta":{"advgb_blocks_editor_width":"","advgb_blocks_columns_visual_guide":"","jetpack_post_was_ever_published":false,"footnotes":""},"class_list":["post-1786","page","type-page","status-publish","hentry"],"yoast_head":"<!-- This site is optimized with the Yoast SEO plugin v27.4 - https:\/\/yoast.com\/product\/yoast-seo-wordpress\/ -->\n<title>Activit\u00e9s - Banneux Notre-Dame<\/title>\n<meta name=\"robots\" content=\"index, follow, max-snippet:-1, max-image-preview:large, max-video-preview:-1\" \/>\n<link rel=\"canonical\" href=\"https:\/\/banneux-nd.be\/fr\/activites\/\" \/>\n<meta property=\"og:locale\" content=\"fr_FR\" \/>\n<meta property=\"og:type\" content=\"article\" \/>\n<meta property=\"og:title\" content=\"Activit\u00e9s - Banneux Notre-Dame\" \/>\n<meta property=\"og:description\" content=\"Voici quelques propositions si vous \u00eates \u00e0 Banneux pour une journ\u00e9e ou pour quelques jours : Prendre un temps d&#8217;adoration du Saint-Sacrement Participer \u00e0 la b\u00e9n\u00e9diction des malades Recevoir le sacrement de r\u00e9conciliation Prier le Rosaire Suivre le Chemin de pri\u00e8re Suivre le Chemin de croix Propositions pour les jeunes Pour conna\u00eetre les horaires de toutes les c\u00e9l\u00e9brations organis\u00e9es par le Sanctuaire, reportez-vous \u00e0 la page des horaires \u2660\u2660\u2660\u2660\u2660 Si vous disposez de plusieurs jours, vous pouvez participer \u00e0 un Triduum, p\u00e8lerinage organis\u00e9 accueillant des personnes malades, qui se d\u00e9roule du vendredi au mardi, durant la saison (mai-octobre).\" \/>\n<meta property=\"og:url\" content=\"https:\/\/banneux-nd.be\/fr\/activites\/\" \/>\n<meta property=\"og:site_name\" content=\"Banneux Notre-Dame\" \/>\n<meta property=\"article:publisher\" content=\"https:\/\/www.facebook.com\/NDBanneux\/\" \/>\n<meta property=\"article:modified_time\" content=\"2018-04-24T00:46:07+00:00\" \/>\n<meta name=\"twitter:card\" content=\"summary_large_image\" \/>\n<meta name=\"twitter:label1\" content=\"Dur\u00e9e de lecture estim\u00e9e\" \/>\n\t<meta name=\"twitter:data1\" content=\"1 minute\" \/>\n<script type=\"application\/ld+json\" class=\"yoast-schema-graph\">{\"@context\":\"https:\\\/\\\/schema.org\",\"@graph\":[{\"@type\":\"WebPage\",\"@id\":\"https:\\\/\\\/banneux-nd.be\\\/fr\\\/activites\\\/\",\"url\":\"https:\\\/\\\/banneux-nd.be\\\/fr\\\/activites\\\/\",\"name\":\"Activit\u00e9s - Banneux Notre-Dame\",\"isPartOf\":{\"@id\":\"https:\\\/\\\/banneux-nd.be\\\/fr\\\/#website\"},\"datePublished\":\"2018-01-13T20:57:39+00:00\",\"dateModified\":\"2018-04-24T00:46:07+00:00\",\"breadcrumb\":{\"@id\":\"https:\\\/\\\/banneux-nd.be\\\/fr\\\/activites\\\/#breadcrumb\"},\"inLanguage\":\"fr-FR\",\"potentialAction\":[{\"@type\":\"ReadAction\",\"target\":[\"https:\\\/\\\/banneux-nd.be\\\/fr\\\/activites\\\/\"]}]},{\"@type\":\"BreadcrumbList\",\"@id\":\"https:\\\/\\\/banneux-nd.be\\\/fr\\\/activites\\\/#breadcrumb\",\"itemListElement\":[{\"@type\":\"ListItem\",\"position\":1,\"name\":\"Accueil\",\"item\":\"https:\\\/\\\/banneux-nd.be\\\/fr\\\/\"},{\"@type\":\"ListItem\",\"position\":2,\"name\":\"Activit\u00e9s\"}]},{\"@type\":\"WebSite\",\"@id\":\"https:\\\/\\\/banneux-nd.be\\\/fr\\\/#website\",\"url\":\"https:\\\/\\\/banneux-nd.be\\\/fr\\\/\",\"name\":\"Banneux Notre-Dame\",\"description\":\"Sanctuaire de la Vierge des Pauvres (Belgique)\",\"potentialAction\":[{\"@type\":\"SearchAction\",\"target\":{\"@type\":\"EntryPoint\",\"urlTemplate\":\"https:\\\/\\\/banneux-nd.be\\\/fr\\\/?s={search_term_string}\"},\"query-input\":{\"@type\":\"PropertyValueSpecification\",\"valueRequired\":true,\"valueName\":\"search_term_string\"}}],\"inLanguage\":\"fr-FR\"}]}<\/script>\n<!-- \/ Yoast SEO plugin. -->","yoast_head_json":{"title":"Activit\u00e9s - Banneux Notre-Dame","robots":{"index":"index","follow":"follow","max-snippet":"max-snippet:-1","max-image-preview":"max-image-preview:large","max-video-preview":"max-video-preview:-1"},"canonical":"https:\/\/banneux-nd.be\/fr\/activites\/","og_locale":"fr_FR","og_type":"article","og_title":"Activit\u00e9s - Banneux Notre-Dame","og_description":"Voici quelques propositions si vous \u00eates \u00e0 Banneux pour une journ\u00e9e ou pour quelques jours : Prendre un temps d&#8217;adoration du Saint-Sacrement Participer \u00e0 la b\u00e9n\u00e9diction des malades Recevoir le sacrement de r\u00e9conciliation Prier le Rosaire Suivre le Chemin de pri\u00e8re Suivre le Chemin de croix Propositions pour les jeunes Pour conna\u00eetre les horaires de toutes les c\u00e9l\u00e9brations organis\u00e9es par le Sanctuaire, reportez-vous \u00e0 la page des horaires \u2660\u2660\u2660\u2660\u2660 Si vous disposez de plusieurs jours, vous pouvez participer \u00e0 un Triduum, p\u00e8lerinage organis\u00e9 accueillant des personnes malades, qui se d\u00e9roule du vendredi au mardi, durant la saison (mai-octobre).","og_url":"https:\/\/banneux-nd.be\/fr\/activites\/","og_site_name":"Banneux Notre-Dame","article_publisher":"https:\/\/www.facebook.com\/NDBanneux\/","article_modified_time":"2018-04-24T00:46:07+00:00","twitter_card":"summary_large_image","twitter_misc":{"Dur\u00e9e de lecture estim\u00e9e":"1 minute"},"schema":{"@context":"https:\/\/schema.org","@graph":[{"@type":"WebPage","@id":"https:\/\/banneux-nd.be\/fr\/activites\/","url":"https:\/\/banneux-nd.be\/fr\/activites\/","name":"Activit\u00e9s - Banneux Notre-Dame","isPartOf":{"@id":"https:\/\/banneux-nd.be\/fr\/#website"},"datePublished":"2018-01-13T20:57:39+00:00","dateModified":"2018-04-24T00:46:07+00:00","breadcrumb":{"@id":"https:\/\/banneux-nd.be\/fr\/activites\/#breadcrumb"},"inLanguage":"fr-FR","potentialAction":[{"@type":"ReadAction","target":["https:\/\/banneux-nd.be\/fr\/activites\/"]}]},{"@type":"BreadcrumbList","@id":"https:\/\/banneux-nd.be\/fr\/activites\/#breadcrumb","itemListElement":[{"@type":"ListItem","position":1,"name":"Accueil","item":"https:\/\/banneux-nd.be\/fr\/"},{"@type":"ListItem","position":2,"name":"Activit\u00e9s"}]},{"@type":"WebSite","@id":"https:\/\/banneux-nd.be\/fr\/#website","url":"https:\/\/banneux-nd.be\/fr\/","name":"Banneux Notre-Dame","description":"Sanctuaire de la Vierge des Pauvres (Belgique)","potentialAction":[{"@type":"SearchAction","target":{"@type":"EntryPoint","urlTemplate":"https:\/\/banneux-nd.be\/fr\/?s={search_term_string}"},"query-input":{"@type":"PropertyValueSpecification","valueRequired":true,"valueName":"search_term_string"}}],"inLanguage":"fr-FR"}]}},"coauthors":[],"author_meta":{"author_link":"https:\/\/banneux-nd.be\/fr\/author\/dreusdeille\/","display_name":"Anne-Elisabeth N\u00e8ve"},"relative_dates":{"created":"Publi\u00e9 8 ans il y a","modified":"Mis \u00e0 jour 8 ans il y a"},"absolute_dates":{"created":"Publi\u00e9 le 01\/13\/2018","modified":"Mise \u00e0 jour le 04\/24\/2018"},"absolute_dates_time":{"created":"Publi\u00e9 le 01\/13\/2018 21 h 57 min","modified":"Mise \u00e0 jour le 04\/24\/2018 2 h 46 min"},"featured_img_caption":"","featured_img":false,"series_order":"","jetpack_sharing_enabled":true,"_links":{"self":[{"href":"https:\/\/banneux-nd.be\/fr\/wp-json\/wp\/v2\/pages\/1786","targetHints":{"allow":["GET"]}}],"collection":[{"href":"https:\/\/banneux-nd.be\/fr\/wp-json\/wp\/v2\/pages"}],"about":[{"href":"https:\/\/banneux-nd.be\/fr\/wp-json\/wp\/v2\/types\/page"}],"author":[{"embeddable":true,"href":"https:\/\/banneux-nd.be\/fr\/wp-json\/wp\/v2\/users\/4"}],"replies":[{"embeddable":true,"href":"https:\/\/banneux-nd.be\/fr\/wp-json\/wp\/v2\/comments?post=1786"}],"version-history":[{"count":0,"href":"https:\/\/banneux-nd.be\/fr\/wp-json\/wp\/v2\/pages\/1786\/revisions"}],"wp:attachment":[{"href":"https:\/\/banneux-nd.be\/fr\/wp-json\/wp\/v2\/media?parent=1786"}],"curies":[{"name":"wp","href":"https:\/\/api.w.org\/{rel}","templated":true}]}}