{"id":1798,"date":"2018-01-13T22:03:25","date_gmt":"2018-01-13T21:03:25","guid":{"rendered":"http:\/\/wwwwp2.banneux-nd.be\/wp\/?page_id=1798"},"modified":"2018-05-17T23:49:58","modified_gmt":"2018-05-17T21:49:58","slug":"en-pratique","status":"publish","type":"page","link":"https:\/\/banneux-nd.be\/fr\/en-pratique\/","title":{"rendered":"En pratique"},"content":{"rendered":"<h3 style=\"text-align: center;\">Dans cette rubrique, vous trouverez des informations sur :<\/h3>\n<h3 style=\"text-align: left;\">* <a href=\"https:\/\/banneux-nd.be\/fr\/horaire-celebrations\/\" target=\"_blank\" rel=\"noopener\">L&#8217;horaire des c\u00e9l\u00e9brations au Sanctuaire<\/a><\/h3>\n<h3 style=\"text-align: left;\">* <a href=\"https:\/\/banneux-nd.be\/fr\/calendrier\/\" target=\"_blank\" rel=\"noopener\">Le calendrier<\/a>\u00a0:\u00a0les f\u00eates au Sanctuaire, durant toute l&#8217;ann\u00e9e<\/h3>\n<h3 style=\"text-align: left;\">* Comment <a href=\"https:\/\/banneux-nd.be\/fr\/demander-priere-old\/\" target=\"_blank\" rel=\"noopener\">confier une intention de pri\u00e8re<\/a><\/h3>\n<h3 style=\"text-align: left;\">* Comment <a href=\"https:\/\/banneux-nd.be\/fr\/pele-un-jour\/\" target=\"_blank\" rel=\"noopener\">organiser un p\u00e8lerinage d&#8217;un jour<\/a><\/h3>\n<h3 style=\"text-align: left;\">* Les dates des <a href=\"https:\/\/banneux-nd.be\/fr\/triduums\/\" target=\"_blank\" rel=\"noopener\">Triduums de la saison<\/a><\/h3>\n<h3 style=\"text-align: left;\">* Comment <a href=\"https:\/\/banneux-nd.be\/fr\/faire-celebrer-une-messe\/\" target=\"_blank\" rel=\"noopener\">faire c\u00e9l\u00e9brer une messe<\/a><\/h3>\n<h3 style=\"text-align: left;\">* Comment<a href=\"https:\/\/banneux-nd.be\/fr\/faire-placer-un-ex-voto\/\" target=\"_blank\" rel=\"noopener\"> faire placer un ex-voto<\/a><\/h3>\n<h3 style=\"text-align: left;\">* Comment aider le Sanctuaire, <a href=\"https:\/\/banneux-nd.be\/fr\/aider-le-sanctuaire\/\" target=\"_blank\" rel=\"noopener\">financi\u00e8rement<\/a> ou par du <a href=\"https:\/\/banneux-nd.be\/fr\/benevolat\/\" target=\"_blank\" rel=\"noopener\">b\u00e9n\u00e9volat<\/a><\/h3>\n<h3 style=\"text-align: left;\">* Les <a href=\"https:\/\/banneux-nd.be\/fr\/accueil-et-centres-spirituels\/\" target=\"_blank\" rel=\"noopener\">centres d&#8217;accueil et centres spirituels<\/a><\/h3>\n<h3 style=\"text-align: left;\"><\/h3>\n<h3 style=\"text-align: center;\">Bonne d\u00e9couverte !<\/h3>\n","protected":false},"excerpt":{"rendered":"<p>Dans cette rubrique, vous trouverez des informations sur : * L&#8217;horaire des c\u00e9l\u00e9brations au Sanctuaire * Le calendrier\u00a0:\u00a0les f\u00eates au Sanctuaire, durant toute l&#8217;ann\u00e9e * Comment confier une intention de pri\u00e8re * Comment organiser un p\u00e8lerinage d&#8217;un jour * Les dates des Triduums de la saison * Comment faire c\u00e9l\u00e9brer une messe * Comment faire placer un ex-voto * Comment aider le Sanctuaire, financi\u00e8rement ou par du b\u00e9n\u00e9volat * Les centres d&#8217;accueil et centres spirituels Bonne d\u00e9couverte !<\/p>\n","protected":false},"author":4,"featured_media":0,"parent":0,"menu_order":0,"comment_status":"closed","ping_status":"closed","template":"","meta":{"advgb_blocks_editor_width":"","advgb_blocks_columns_visual_guide":"","jetpack_post_was_ever_published":false,"footnotes":""},"class_list":["post-1798","page","type-page","status-publish","hentry"],"yoast_head":"<!-- This site is optimized with the Yoast SEO plugin v27.4 - https:\/\/yoast.com\/product\/yoast-seo-wordpress\/ -->\n<title>En pratique - Banneux Notre-Dame<\/title>\n<meta name=\"robots\" content=\"index, follow, max-snippet:-1, max-image-preview:large, max-video-preview:-1\" \/>\n<link rel=\"canonical\" href=\"https:\/\/banneux-nd.be\/fr\/en-pratique\/\" \/>\n<meta property=\"og:locale\" content=\"fr_FR\" \/>\n<meta property=\"og:type\" content=\"article\" \/>\n<meta property=\"og:title\" content=\"En pratique - Banneux Notre-Dame\" \/>\n<meta property=\"og:description\" content=\"Dans cette rubrique, vous trouverez des informations sur : * L&#8217;horaire des c\u00e9l\u00e9brations au Sanctuaire * Le calendrier\u00a0:\u00a0les f\u00eates au Sanctuaire, durant toute l&#8217;ann\u00e9e * Comment confier une intention de pri\u00e8re * Comment organiser un p\u00e8lerinage d&#8217;un jour * Les dates des Triduums de la saison * Comment faire c\u00e9l\u00e9brer une messe * Comment faire placer un ex-voto * Comment aider le Sanctuaire, financi\u00e8rement ou par du b\u00e9n\u00e9volat * Les centres d&#8217;accueil et centres spirituels Bonne d\u00e9couverte !\" \/>\n<meta property=\"og:url\" content=\"https:\/\/banneux-nd.be\/fr\/en-pratique\/\" \/>\n<meta property=\"og:site_name\" content=\"Banneux Notre-Dame\" \/>\n<meta property=\"article:publisher\" content=\"https:\/\/www.facebook.com\/NDBanneux\/\" \/>\n<meta property=\"article:modified_time\" content=\"2018-05-17T21:49:58+00:00\" \/>\n<meta name=\"twitter:card\" content=\"summary_large_image\" \/>\n<script type=\"application\/ld+json\" class=\"yoast-schema-graph\">{\"@context\":\"https:\\\/\\\/schema.org\",\"@graph\":[{\"@type\":\"WebPage\",\"@id\":\"https:\\\/\\\/banneux-nd.be\\\/fr\\\/en-pratique\\\/\",\"url\":\"https:\\\/\\\/banneux-nd.be\\\/fr\\\/en-pratique\\\/\",\"name\":\"En pratique - Banneux Notre-Dame\",\"isPartOf\":{\"@id\":\"https:\\\/\\\/banneux-nd.be\\\/fr\\\/#website\"},\"datePublished\":\"2018-01-13T21:03:25+00:00\",\"dateModified\":\"2018-05-17T21:49:58+00:00\",\"breadcrumb\":{\"@id\":\"https:\\\/\\\/banneux-nd.be\\\/fr\\\/en-pratique\\\/#breadcrumb\"},\"inLanguage\":\"fr-FR\",\"potentialAction\":[{\"@type\":\"ReadAction\",\"target\":[\"https:\\\/\\\/banneux-nd.be\\\/fr\\\/en-pratique\\\/\"]}]},{\"@type\":\"BreadcrumbList\",\"@id\":\"https:\\\/\\\/banneux-nd.be\\\/fr\\\/en-pratique\\\/#breadcrumb\",\"itemListElement\":[{\"@type\":\"ListItem\",\"position\":1,\"name\":\"Accueil\",\"item\":\"https:\\\/\\\/banneux-nd.be\\\/fr\\\/\"},{\"@type\":\"ListItem\",\"position\":2,\"name\":\"En pratique\"}]},{\"@type\":\"WebSite\",\"@id\":\"https:\\\/\\\/banneux-nd.be\\\/fr\\\/#website\",\"url\":\"https:\\\/\\\/banneux-nd.be\\\/fr\\\/\",\"name\":\"Banneux Notre-Dame\",\"description\":\"Sanctuaire de la Vierge des Pauvres (Belgique)\",\"potentialAction\":[{\"@type\":\"SearchAction\",\"target\":{\"@type\":\"EntryPoint\",\"urlTemplate\":\"https:\\\/\\\/banneux-nd.be\\\/fr\\\/?s={search_term_string}\"},\"query-input\":{\"@type\":\"PropertyValueSpecification\",\"valueRequired\":true,\"valueName\":\"search_term_string\"}}],\"inLanguage\":\"fr-FR\"}]}<\/script>\n<!-- \/ Yoast SEO plugin. -->","yoast_head_json":{"title":"En pratique - Banneux Notre-Dame","robots":{"index":"index","follow":"follow","max-snippet":"max-snippet:-1","max-image-preview":"max-image-preview:large","max-video-preview":"max-video-preview:-1"},"canonical":"https:\/\/banneux-nd.be\/fr\/en-pratique\/","og_locale":"fr_FR","og_type":"article","og_title":"En pratique - Banneux Notre-Dame","og_description":"Dans cette rubrique, vous trouverez des informations sur : * L&#8217;horaire des c\u00e9l\u00e9brations au Sanctuaire * Le calendrier\u00a0:\u00a0les f\u00eates au Sanctuaire, durant toute l&#8217;ann\u00e9e * Comment confier une intention de pri\u00e8re * Comment organiser un p\u00e8lerinage d&#8217;un jour * Les dates des Triduums de la saison * Comment faire c\u00e9l\u00e9brer une messe * Comment faire placer un ex-voto * Comment aider le Sanctuaire, financi\u00e8rement ou par du b\u00e9n\u00e9volat * Les centres d&#8217;accueil et centres spirituels Bonne d\u00e9couverte !","og_url":"https:\/\/banneux-nd.be\/fr\/en-pratique\/","og_site_name":"Banneux Notre-Dame","article_publisher":"https:\/\/www.facebook.com\/NDBanneux\/","article_modified_time":"2018-05-17T21:49:58+00:00","twitter_card":"summary_large_image","schema":{"@context":"https:\/\/schema.org","@graph":[{"@type":"WebPage","@id":"https:\/\/banneux-nd.be\/fr\/en-pratique\/","url":"https:\/\/banneux-nd.be\/fr\/en-pratique\/","name":"En pratique - Banneux Notre-Dame","isPartOf":{"@id":"https:\/\/banneux-nd.be\/fr\/#website"},"datePublished":"2018-01-13T21:03:25+00:00","dateModified":"2018-05-17T21:49:58+00:00","breadcrumb":{"@id":"https:\/\/banneux-nd.be\/fr\/en-pratique\/#breadcrumb"},"inLanguage":"fr-FR","potentialAction":[{"@type":"ReadAction","target":["https:\/\/banneux-nd.be\/fr\/en-pratique\/"]}]},{"@type":"BreadcrumbList","@id":"https:\/\/banneux-nd.be\/fr\/en-pratique\/#breadcrumb","itemListElement":[{"@type":"ListItem","position":1,"name":"Accueil","item":"https:\/\/banneux-nd.be\/fr\/"},{"@type":"ListItem","position":2,"name":"En pratique"}]},{"@type":"WebSite","@id":"https:\/\/banneux-nd.be\/fr\/#website","url":"https:\/\/banneux-nd.be\/fr\/","name":"Banneux Notre-Dame","description":"Sanctuaire de la Vierge des Pauvres (Belgique)","potentialAction":[{"@type":"SearchAction","target":{"@type":"EntryPoint","urlTemplate":"https:\/\/banneux-nd.be\/fr\/?s={search_term_string}"},"query-input":{"@type":"PropertyValueSpecification","valueRequired":true,"valueName":"search_term_string"}}],"inLanguage":"fr-FR"}]}},"coauthors":[],"author_meta":{"author_link":"https:\/\/banneux-nd.be\/fr\/author\/dreusdeille\/","display_name":"Anne-Elisabeth N\u00e8ve"},"relative_dates":{"created":"Publi\u00e9 8 ans il y a","modified":"Mis \u00e0 jour 8 ans il y a"},"absolute_dates":{"created":"Publi\u00e9 le 01\/13\/2018","modified":"Mise \u00e0 jour le 05\/17\/2018"},"absolute_dates_time":{"created":"Publi\u00e9 le 01\/13\/2018 22 h 03 min","modified":"Mise \u00e0 jour le 05\/17\/2018 23 h 49 min"},"featured_img_caption":"","featured_img":false,"series_order":"","jetpack_sharing_enabled":true,"_links":{"self":[{"href":"https:\/\/banneux-nd.be\/fr\/wp-json\/wp\/v2\/pages\/1798","targetHints":{"allow":["GET"]}}],"collection":[{"href":"https:\/\/banneux-nd.be\/fr\/wp-json\/wp\/v2\/pages"}],"about":[{"href":"https:\/\/banneux-nd.be\/fr\/wp-json\/wp\/v2\/types\/page"}],"author":[{"embeddable":true,"href":"https:\/\/banneux-nd.be\/fr\/wp-json\/wp\/v2\/users\/4"}],"replies":[{"embeddable":true,"href":"https:\/\/banneux-nd.be\/fr\/wp-json\/wp\/v2\/comments?post=1798"}],"version-history":[{"count":0,"href":"https:\/\/banneux-nd.be\/fr\/wp-json\/wp\/v2\/pages\/1798\/revisions"}],"wp:attachment":[{"href":"https:\/\/banneux-nd.be\/fr\/wp-json\/wp\/v2\/media?parent=1798"}],"curies":[{"name":"wp","href":"https:\/\/api.w.org\/{rel}","templated":true}]}}